{"id":782,"date":"2023-08-23T03:36:50","date_gmt":"2023-08-23T03:36:50","guid":{"rendered":"https:\/\/hydraulic-cylinders.net\/?post_type=product&#038;p=782"},"modified":"2025-04-16T02:23:02","modified_gmt":"2025-04-16T02:23:02","slug":"machine-tool-low-pressure-hydraulic-cylinder","status":"publish","type":"product","link":"https:\/\/www.hydraulic-cylinders.net\/sv\/produkt\/machine-tool-low-pressure-hydraulic-cylinder\/","title":{"rendered":"Hydraulcylinder med l\u00e5gt tryck f\u00f6r verktygsmaskiner"},"content":{"rendered":"<h1 style=\"text-align: center;\"><strong>Hydraulcylinder med l\u00e5gt tryck f\u00f6r verktygsmaskiner<\/strong><\/h1>\n<p><img loading=\"lazy\" decoding=\"async\" class=\"aligncenter wp-image-785 size-full\" src=\"https:\/\/hydraulic-cylinders.net\/wp-content\/uploads\/2023\/08\/low-pressure-hydraulic-cylinder-2.webp\" alt=\"\" width=\"300\" height=\"300\" srcset=\"https:\/\/www.hydraulic-cylinders.net\/wp-content\/uploads\/2023\/08\/low-pressure-hydraulic-cylinder-2.webp 300w, https:\/\/www.hydraulic-cylinders.net\/wp-content\/uploads\/2023\/08\/low-pressure-hydraulic-cylinder-2-100x100.webp 100w, https:\/\/www.hydraulic-cylinders.net\/wp-content\/uploads\/2023\/08\/low-pressure-hydraulic-cylinder-2-150x150.webp 150w\" sizes=\"(max-width: 300px) 100vw, 300px\" \/><\/p>\n<p>L\u00e5gtryckshydraulcylindern \u00e4r f\u00f6retagets f\u00f6rdel inom produkter, tillverkningserfarenhet, mogen teknik, kostnadseffektivitet och kan ers\u00e4tta hydraulcylindern.<\/p>\n<p>Kombinerat med marknadens efterfr\u00e5gan, sortera ut parametrarna f\u00f6r l\u00e5gtryckshydraulcylindrar f\u00f6r verktygsmaskinindustrin, s\u00e5som hydraulcylinder f\u00f6r bands\u00e5gmaskiner.<\/p>\n<p>Kunder kan best\u00e4lla enligt f\u00f6ljande parametrar, bekv\u00e4mlighet och snabb leveranstid.<\/p>\n<p>L\u00e5g kostnad: Hydraulcylindrar med l\u00e5gt tryck \u00e4r vanligtvis billigare \u00e4n andra cylindrar.<br \/>\nEnkel design: Design och tillverkning av l\u00e5gtryckshydraulcylindrar \u00e4r relativt enkel.<br \/>\nEnkelt underh\u00e5ll: Hydraulcylindrar med l\u00e5gt tryck \u00e4r relativt enkla att underh\u00e5lla.<\/p>\n<h2><strong>Parameter f\u00f6r l\u00e5gtryckshydraulcylinder:<\/strong><\/h2>\n<h3>(1) Hydraulcylinder med l\u00e5gt tryck, fr\u00e4mre fl\u00e4ns:<\/h3>\n<h3><img loading=\"lazy\" decoding=\"async\" class=\"alignnone wp-image-786 size-full\" src=\"https:\/\/hydraulic-cylinders.net\/wp-content\/uploads\/2023\/08\/low-pressure-pull-rod-hydraulic-cylinder-front-flange-2-2.webp\" alt=\"\" width=\"690\" height=\"397\" srcset=\"https:\/\/hydraulic-cylinders.net\/wp-content\/uploads\/2023\/08\/low-pressure-pull-rod-hydraulic-cylinder-front-flange-2-2.webp 690w, https:\/\/hydraulic-cylinders.net\/wp-content\/uploads\/2023\/08\/low-pressure-pull-rod-hydraulic-cylinder-front-flange-2-2-480x276.webp 480w\" sizes=\"(min-width: 0px) and (max-width: 480px) 480px, (min-width: 481px) 690px, 100vw\" \/><\/h3>\n<h3>(2) Bakfl\u00e4ns f\u00f6r l\u00e5gtryckshydraulcylinder:<\/h3>\n<h3><img loading=\"lazy\" decoding=\"async\" class=\"alignnone wp-image-787\" src=\"https:\/\/hydraulic-cylinders.net\/wp-content\/uploads\/2023\/08\/low-pressure-pull-rod-hydraulic-cylinder-back-flange-2-2-1024x556.webp\" alt=\"\" width=\"800\" height=\"434\" \/><\/h3>\n<h3>(3) Hydraulcylinderns fr\u00e4mre stift f\u00f6r l\u00e5gtryck:<\/h3>\n<p><img loading=\"lazy\" decoding=\"async\" class=\"alignnone wp-image-788 size-full\" src=\"https:\/\/hydraulic-cylinders.net\/wp-content\/uploads\/2023\/08\/low-pressure-pull-rod-hydraulic-cylinder-front-hinge-pin-2-1.webp\" alt=\"\" width=\"660\" height=\"289\" srcset=\"https:\/\/hydraulic-cylinders.net\/wp-content\/uploads\/2023\/08\/low-pressure-pull-rod-hydraulic-cylinder-front-hinge-pin-2-1.webp 660w, https:\/\/hydraulic-cylinders.net\/wp-content\/uploads\/2023\/08\/low-pressure-pull-rod-hydraulic-cylinder-front-hinge-pin-2-1-480x210.webp 480w\" sizes=\"(min-width: 0px) and (max-width: 480px) 480px, (min-width: 481px) 660px, 100vw\" \/><\/p>\n<h3>(4) Mellanstift f\u00f6r l\u00e5gtryckshydraulcylinder:<\/h3>\n<p><img loading=\"lazy\" decoding=\"async\" class=\"alignnone wp-image-789 size-full\" src=\"https:\/\/hydraulic-cylinders.net\/wp-content\/uploads\/2023\/08\/low-pressure-pull-rod-hydraulic-cylinder-intermediate-pin-2-1.webp\" alt=\"\" width=\"690\" height=\"315\" srcset=\"https:\/\/hydraulic-cylinders.net\/wp-content\/uploads\/2023\/08\/low-pressure-pull-rod-hydraulic-cylinder-intermediate-pin-2-1.webp 690w, https:\/\/hydraulic-cylinders.net\/wp-content\/uploads\/2023\/08\/low-pressure-pull-rod-hydraulic-cylinder-intermediate-pin-2-1-480x219.webp 480w\" sizes=\"(min-width: 0px) and (max-width: 480px) 480px, (min-width: 481px) 690px, 100vw\" \/><\/p>\n<h3>(5) Bakre stift f\u00f6r l\u00e5gtryckshydraulcylinder:<\/h3>\n<p><img loading=\"lazy\" decoding=\"async\" class=\"alignnone wp-image-790 size-full\" src=\"https:\/\/hydraulic-cylinders.net\/wp-content\/uploads\/2023\/08\/low-pressure-pull-rod-hydraulic-cylinder-rear-pin-hole-2-1.webp\" alt=\"\" width=\"690\" height=\"333\" srcset=\"https:\/\/hydraulic-cylinders.net\/wp-content\/uploads\/2023\/08\/low-pressure-pull-rod-hydraulic-cylinder-rear-pin-hole-2-1.webp 690w, https:\/\/hydraulic-cylinders.net\/wp-content\/uploads\/2023\/08\/low-pressure-pull-rod-hydraulic-cylinder-rear-pin-hole-2-1-480x232.webp 480w\" sizes=\"(min-width: 0px) and (max-width: 480px) 480px, (min-width: 481px) 690px, 100vw\" \/><\/p>\n<h3>(6) Parameter f\u00f6r fotst\u00f6d f\u00f6r l\u00e5gtryckscylinder:<\/h3>\n<p><img loading=\"lazy\" decoding=\"async\" class=\"alignnone wp-image-791 size-full\" src=\"https:\/\/hydraulic-cylinders.net\/wp-content\/uploads\/2023\/08\/low-pressure-pull-rod-hydraulic-cylinder-footstand-2-1.webp\" alt=\"\" width=\"703\" height=\"314\" srcset=\"https:\/\/hydraulic-cylinders.net\/wp-content\/uploads\/2023\/08\/low-pressure-pull-rod-hydraulic-cylinder-footstand-2-1.webp 703w, https:\/\/hydraulic-cylinders.net\/wp-content\/uploads\/2023\/08\/low-pressure-pull-rod-hydraulic-cylinder-footstand-2-1-480x214.webp 480w\" sizes=\"(min-width: 0px) and (max-width: 480px) 480px, (min-width: 481px) 703px, 100vw\" \/><\/p>\n<h2><strong>Teknisk parameter f\u00f6r <\/strong><strong>L\u00e5gtryckshydraulcylinder:<\/strong><\/h2>\n<p>Installationsl\u00e4get kan v\u00e4ljas bland f\u00f6ljande alternativ<br \/>\n1) Kolvst\u00e5ngs\u00e4ndens g\u00e4ngstorlek: inv\u00e4ndig g\u00e4nga eller utv\u00e4ndig g\u00e4nga, g\u00e4ngstorlek och l\u00e4ngd<br \/>\n2) oljeportens position;<br \/>\n3) Den \"totala l\u00e4ngden\" i parametertabellen, det vill s\u00e4ga cylinderns l\u00e4ngd n\u00e4r slagl\u00e4ngden \u00e4r 0, till exempel om slagl\u00e4ngden \u00e4r 100 mm, cylinderns totala l\u00e4ngd = v\u00e4rdet f\u00f6r \"total l\u00e4ngd\" + 100<\/p>\n<h2><strong>Till\u00e4mpningsomr\u00e5de f\u00f6r <\/strong><strong>Hydraulcylinder med l\u00e5gt tryck:<\/strong><\/h2>\n<p>1) Anv\u00e4ndningen av tryckomr\u00e5det \u00e4r under 5MPA;<br \/>\n2) Frontk\u00e5pan, bakk\u00e5pan och kolven \u00e4r gjutna, cylindern \u00e4r av st\u00e5l nr 20 och kolvst\u00e5ngen \u00e4r av f\u00f6rkromat st\u00e5l nr 45;<br \/>\n3) Standardcylindern p\u00e5verkas huvudsakligen av dragkraften; om det huvudsakligen beror p\u00e5 sp\u00e4nning m\u00e5ste kunden g\u00f6ra s\u00e4rskilda instruktioner;<br \/>\n4) Innerdiameterintervallet f\u00f6r denna produktserie \u00e4r 63~125 mm, den maximala dragkraften \u00e4r 4,8 ton;<br \/>\n5) Ingen buffert som standard; Om buffring kr\u00e4vs beh\u00f6ver kunden s\u00e4rskilda instruktioner.<\/p>\n<p><img loading=\"lazy\" decoding=\"async\" class=\"size-full wp-image-316728 aligncenter\" src=\"https:\/\/hzpt.com\/wp-content\/uploads\/2023\/08\/low-pressure-hydraulic-cylinder-1.webp\" alt=\"\" width=\"540\" height=\"1015\" \/><\/p>\n<h2><strong>Hur m\u00e4ter man en hydraulcylinder?<\/strong><\/h2>\n<p>F\u00f6r att m\u00e4ta en hydraulcylinder beh\u00f6ver du n\u00e5gra grundl\u00e4ggande verktyg som ett m\u00e5ttband eller en linjal, ett skjutm\u00e5tt och eventuellt ett djupm\u00e4tare. H\u00e4r \u00e4r en steg-f\u00f6r-steg-guide om hur man m\u00e4ter en hydraulcylinder:<\/p>\n<ol>\n<li><strong>F\u00f6rl\u00e4ngd l\u00e4ngd<\/strong>:\n<ul>\n<li>Se till att hydraulcylindern \u00e4r helt utf\u00e4lld.<\/li>\n<li>M\u00e4t avst\u00e5ndet fr\u00e5n mitten av monteringsh\u00e5let i ena \u00e4nden av cylindern till mitten av monteringsh\u00e5let i den andra \u00e4nden. Detta m\u00e5tt representerar cylinderns utstr\u00e4ckta l\u00e4ngd eller totala l\u00e4ngd.<\/li>\n<\/ul>\n<\/li>\n<li><strong>Indragen l\u00e4ngd<\/strong>:\n<ul>\n<li>Dra in hydraulcylindern helt.<\/li>\n<li>M\u00e4t avst\u00e5ndet fr\u00e5n mitten av monteringsh\u00e5let i ena \u00e4nden av cylindern till mitten av monteringsh\u00e5let i den andra \u00e4nden. Detta m\u00e5tt representerar cylinderns indragna l\u00e4ngd.<\/li>\n<\/ul>\n<\/li>\n<li><strong>Borrdiameter<\/strong>:\n<ul>\n<li>M\u00e4t cylinderr\u00f6rets innerdiameter, vilket kallas borrdiameter. Detta g\u00f6rs vanligtvis med hj\u00e4lp av ett skjutm\u00e5tt.<\/li>\n<li>Placera bromsokets k\u00e4ftar inuti cylinderr\u00f6ret och m\u00e4t avst\u00e5ndet mellan cylinderr\u00f6rets v\u00e4ggars innerytor.<\/li>\n<\/ul>\n<\/li>\n<li><strong>St\u00e5ngdiameter<\/strong>:\n<ul>\n<li>M\u00e4t kolvst\u00e5ngens diameter. Detta g\u00f6rs vanligtvis med hj\u00e4lp av ett skjutm\u00e5tt.<\/li>\n<li>Placera bromsokets k\u00e4ftar runt kolvst\u00e5ngen och m\u00e4t avst\u00e5ndet mellan kolvst\u00e5ngens ytterytor.<\/li>\n<\/ul>\n<\/li>\n<li><strong>Slagl\u00e4ngd<\/strong>:\n<ul>\n<li>Slagl\u00e4ngden avser den str\u00e4cka kolvst\u00e5ngen kan f\u00e4rdas mellan helt utf\u00e4llt och helt inf\u00e4llt l\u00e4ge.<\/li>\n<li>Subtrahera det indragna l\u00e4ngdm\u00e5ttet fr\u00e5n det utstr\u00e4ckta l\u00e4ngdm\u00e5ttet f\u00f6r att f\u00e5 slagl\u00e4ngden.<\/li>\n<\/ul>\n<\/li>\n<li><strong>T\u00e4tnings- och lagerdimensioner<\/strong>:\n<ul>\n<li>M\u00e4t vid behov m\u00e5tten p\u00e5 eventuella t\u00e4tningar eller lager som ing\u00e5r i hydraulcylindern. Detta kan inkludera ytterdiameter, innerdiameter och tjockleksm\u00e5tt.<\/li>\n<\/ul>\n<\/li>\n<\/ol>\n<h2><strong>Fabrikens kapacitet och kapacitet:<\/strong><\/h2>\n<h3>(1) Montering<\/h3>\n<p>Vi har en f\u00f6rstklassig oberoende forsknings- och utvecklingsplattform f\u00f6r montering. Verkstaden f\u00f6r tillverkning av gaffeltruckcylindrar har fyra halvautomatiska monteringslinjer f\u00f6r lyftcylindrar och en automatisk monteringslinje f\u00f6r tiltcylindrar, med en konstruerad \u00e5rlig produktionskapacitet p\u00e5 1 miljon enheter. Den speciella cylinderverkstaden \u00e4r utrustad med olika specifikationer f\u00f6r halvautomatiskt reng\u00f6ringsmonteringssystem, med en konstruerad \u00e5rlig produktionskapacitet p\u00e5 200 000 enheter. Utrustad med k\u00e4nd CNC-bearbetningsutrustning, fleroperationscenter, specialutrustning f\u00f6r h\u00f6gprecisionscylindrar, robotsvetsmaskin, automatisk reng\u00f6ringsmaskin, automatisk cylindermonteringsmaskin och automatisk lackeringslinje. Befintlig nyckelutrustning p\u00e5 mer \u00e4n 300 set (set). Optimal f\u00f6rdelning och effektiv anv\u00e4ndning av utrustningsresurser s\u00e4kerst\u00e4ller produkternas noggrannhetskrav och uppfyller produkternas h\u00f6ga kvalitetskrav.<\/p>\n<p><img loading=\"lazy\" decoding=\"async\" class=\"alignnone wp-image-626\" src=\"https:\/\/hydraulic-cylinders.net\/wp-content\/uploads\/2023\/08\/hydraulic-cylinder-product-1-300x158.webp\" alt=\"\" width=\"495\" height=\"260\" srcset=\"https:\/\/hydraulic-cylinders.net\/wp-content\/uploads\/2023\/08\/hydraulic-cylinder-product-1-300x158.webp 495w, https:\/\/hydraulic-cylinders.net\/wp-content\/uploads\/2023\/08\/hydraulic-cylinder-product-1-480x252.webp 480w\" sizes=\"(min-width: 0px) and (max-width: 480px) 480px, (min-width: 481px) 495px, 100vw\" \/> <img loading=\"lazy\" decoding=\"async\" class=\"alignnone wp-image-627\" src=\"https:\/\/hydraulic-cylinders.net\/wp-content\/uploads\/2023\/08\/hydraulic-cylinder-product-2-300x189.webp\" alt=\"\" width=\"413\" height=\"260\" \/><\/p>\n<h3>(2) Maskinbearbetning<\/h3>\n<p>Bearbetningsverkstaden \u00e4r utrustad med en specialanpassad svarvcentral f\u00f6r lutande sp\u00e4nnen, bearbetningscentral, h\u00f6ghastighetsh\u00f6nsmaskin, svetsrobot och annan relaterad utrustning, som kan hantera bearbetning av cylinderr\u00f6r med en maximal innerdiameter p\u00e5 400 mm och en maximal l\u00e4ngd p\u00e5 6 meter.<\/p>\n<p><img loading=\"lazy\" decoding=\"async\" class=\"alignnone wp-image-628 size-large\" src=\"https:\/\/hydraulic-cylinders.net\/wp-content\/uploads\/2023\/08\/hydraulic-cylinder-product-3-1024x391.webp\" alt=\"\" width=\"1024\" height=\"391\" srcset=\"https:\/\/hydraulic-cylinders.net\/wp-content\/uploads\/2023\/08\/hydraulic-cylinder-product-3-980x374.webp 980w, https:\/\/hydraulic-cylinders.net\/wp-content\/uploads\/2023\/08\/hydraulic-cylinder-product-3-480x183.webp 480w\" sizes=\"(min-width: 0px) and (max-width: 480px) 480px, (min-width: 481px) and (max-width: 980px) 980px, (min-width: 981px) 1024px, 100vw\" \/><\/p>\n<h3>(3) Svetsning<\/h3>\n<p><img loading=\"lazy\" decoding=\"async\" class=\"alignnone wp-image-629 size-large\" src=\"https:\/\/hydraulic-cylinders.net\/wp-content\/uploads\/2023\/08\/hydraulic-cylinder-product-4-1024x510.webp\" alt=\"\" width=\"1024\" height=\"510\" srcset=\"https:\/\/hydraulic-cylinders.net\/wp-content\/uploads\/2023\/08\/hydraulic-cylinder-product-4-980x488.webp 980w, https:\/\/hydraulic-cylinders.net\/wp-content\/uploads\/2023\/08\/hydraulic-cylinder-product-4-480x239.webp 480w\" sizes=\"(min-width: 0px) and (max-width: 480px) 480px, (min-width: 481px) and (max-width: 980px) 980px, (min-width: 981px) 1024px, 100vw\" \/><\/p>\n<h3>(4) M\u00e5lning och ytbehandling<\/h3>\n<p>Med sm\u00e5 och medelstora cylindriska automatiska vattenbaserade f\u00e4rgbel\u00e4ggningslinjer, f\u00f6r att uppn\u00e5 automatisk robotlastning och lossning samt automatisk sprutning, \u00e4r den designade kapaciteten 4000 stycken per skift;<br \/>\nVi har \u00e4ven en halvautomatisk f\u00e4rgproduktionslinje f\u00f6r stora cylindrar som drivs av en sl\u00e4pkedja, med en konstruktionskapacitet p\u00e5 60 l\u00e5dor per skift.<\/p>\n<p><img loading=\"lazy\" decoding=\"async\" class=\"alignnone wp-image-630\" src=\"https:\/\/hydraulic-cylinders.net\/wp-content\/uploads\/2023\/08\/hydraulic-cylinder-product-5-300x213.webp\" alt=\"\" width=\"408\" height=\"290\" \/> <img loading=\"lazy\" decoding=\"async\" class=\"alignnone wp-image-631\" src=\"https:\/\/hydraulic-cylinders.net\/wp-content\/uploads\/2023\/08\/hydraulic-cylinder-product-6-300x225.webp\" alt=\"\" width=\"387\" height=\"290\" \/><\/p>\n<h3>(5) Testning<\/h3>\n<p>Vi har f\u00f6rstklassiga inspektionsanl\u00e4ggningar och testb\u00e4ddar f\u00f6r att s\u00e4kerst\u00e4lla att cylinderns prestanda uppfyller kraven.<\/p>\n<p><img loading=\"lazy\" decoding=\"async\" class=\"alignnone wp-image-632\" src=\"https:\/\/hydraulic-cylinders.net\/wp-content\/uploads\/2023\/08\/hydraulic-cylinder-product-8-300x200.webp\" alt=\"\" width=\"389\" height=\"260\" \/><\/p>\n<p>&nbsp;<\/p>\n<p>&nbsp;<\/p>\n<p>Vi \u00e4r en av de b\u00e4sta tillverkarna av hydraulcylindrar med l\u00e5gt tryck. Vi kan erbjuda ett brett lager av hydraulcylindrar med l\u00e5gt tryck. Vi tillhandah\u00e5ller \u00e4ven motsvarande <a href=\"https:\/\/hzpt.com\/agricultural-pto-gearbox\/\" target=\"_blank\" rel=\"noopener\">jordbruksv\u00e4xell\u00e5dor<\/a>Vi har exporterat v\u00e5ra produkter till kunder \u00f6ver hela v\u00e4rlden och f\u00e5tt ett gott rykte tack vare v\u00e5r \u00f6verl\u00e4gsna produktkvalitet och kundservice. Vi v\u00e4lkomnar varmt kunder b\u00e5de hemma och utomlands att kontakta oss f\u00f6r att f\u00f6rhandla aff\u00e4rer, utbyta information och\u00a0<a href=\"https:\/\/www.hydraulic-cylinders.net\/sv\/contact-us\/\">samarbeta med oss<\/a>!<\/p>\n<p>&nbsp;<\/p>\n<h2><\/h2>","protected":false},"excerpt":{"rendered":"<p>Machine Tool Low-Pressure Hydraulic Cylinder Low-pressure hydraulic cylinder is the company&#8217;s advantage in products, manufacturing experience, mature technology, cost-effectiveness, and can replace the hydraulic cylinder. Combined with the market demand, sort out the machine tool industry low-pressure hydraulic cylinder parameters, such as band saw machine hydraulic cylinder. Customers can order according to the following parameters, [&hellip;]<\/p>","protected":false},"featured_media":792,"comment_status":"open","ping_status":"closed","template":"","meta":{"_et_pb_use_builder":"","_et_pb_old_content":"","_et_gb_content_width":""},"product_brand":[],"product_cat":[1550,1525,1509,1376,1388],"product_tag":[],"class_list":{"0":"post-782","1":"product","2":"type-product","3":"status-publish","4":"has-post-thumbnail","6":"product_cat-double-acting-hydraulic-cylinder","7":"product_cat-machine-tool-hydraulic-cylinders","8":"product_cat-tie-rod-hydraulic-cylinder","9":"product_cat-hydraulic-cylinder","10":"product_cat-low-pressure-hydraulic-cylinder","12":"first","13":"instock","14":"shipping-taxable","15":"product-type-simple"},"amp_enabled":true,"_links":{"self":[{"href":"https:\/\/www.hydraulic-cylinders.net\/sv\/wp-json\/wp\/v2\/product\/782","targetHints":{"allow":["GET"]}}],"collection":[{"href":"https:\/\/www.hydraulic-cylinders.net\/sv\/wp-json\/wp\/v2\/product"}],"about":[{"href":"https:\/\/www.hydraulic-cylinders.net\/sv\/wp-json\/wp\/v2\/types\/product"}],"replies":[{"embeddable":true,"href":"https:\/\/www.hydraulic-cylinders.net\/sv\/wp-json\/wp\/v2\/comments?post=782"}],"wp:featuredmedia":[{"embeddable":true,"href":"https:\/\/www.hydraulic-cylinders.net\/sv\/wp-json\/wp\/v2\/media\/792"}],"wp:attachment":[{"href":"https:\/\/www.hydraulic-cylinders.net\/sv\/wp-json\/wp\/v2\/media?parent=782"}],"wp:term":[{"taxonomy":"product_brand","embeddable":true,"href":"https:\/\/www.hydraulic-cylinders.net\/sv\/wp-json\/wp\/v2\/product_brand?post=782"},{"taxonomy":"product_cat","embeddable":true,"href":"https:\/\/www.hydraulic-cylinders.net\/sv\/wp-json\/wp\/v2\/product_cat?post=782"},{"taxonomy":"product_tag","embeddable":true,"href":"https:\/\/www.hydraulic-cylinders.net\/sv\/wp-json\/wp\/v2\/product_tag?post=782"}],"curies":[{"name":"wp","href":"https:\/\/api.w.org\/{rel}","templated":true}]}}