{"id":794,"date":"2023-08-23T08:00:52","date_gmt":"2023-08-23T08:00:52","guid":{"rendered":"https:\/\/hydraulic-cylinders.net\/?post_type=product&#038;p=794"},"modified":"2025-04-16T02:22:59","modified_gmt":"2025-04-16T02:22:59","slug":"standard-mob-light-rod-hydraulic-cylinder","status":"publish","type":"product","link":"https:\/\/www.hydraulic-cylinders.net\/sv\/produkt\/standard-mob-light-rod-hydraulic-cylinder\/","title":{"rendered":"Standard MOB hydraulcylinder f\u00f6r l\u00e4tt st\u00e5ng"},"content":{"rendered":"<h1 style=\"text-align: center;\"><strong>Standard MOB hydraulcylinder f\u00f6r l\u00e4tt st\u00e5ng<\/strong><\/h1>\n<p>MOB l\u00e4ttst\u00e5ngscylinder best\u00e5r av ett fr\u00e4mre cylinderhuvud, bakre cylinderhuvud, kolv, cylinder, kolvst\u00e5ng, fyra skruvst\u00e4nger, \u00e5tta l\u00e5smuttrar och packningar, en kolvl\u00e5smutter, med packningen, en l\u00e5smutter som matchar kolvst\u00e5ngen, en upps\u00e4ttning t\u00e4tningar, st\u00e5ng\u00e4ndens skyddshylsa och oljeplugg. Eftersom cylindern i denna serie bara \u00e4r 7 MPa \u00e4r de fr\u00e4mre och bakre locken gjutna i HT200, kolvst\u00e5ngen \u00e4r av nr 45 f\u00f6rkromad med 2-3 tr\u00e5dars tjocklek, cylinderr\u00f6ret \u00e4r av nr 20 rullr\u00f6r och st\u00e5ngmaterialet \u00e4r A3.<\/p>\n<p>\"Hydraulcylinder f\u00f6r lampst\u00e5ng\" syftar vanligtvis p\u00e5 en speciell typ av hydraulcylinder som \u00e4r konstruerad f\u00f6r att vara l\u00e4tt och kompakt. Dessa cylindrar anv\u00e4nds ofta i applikationer d\u00e4r utrymmet \u00e4r begr\u00e4nsat eller vikten \u00e4r begr\u00e4nsad.<\/p>\n<p><img loading=\"lazy\" decoding=\"async\" class=\"wp-image-795 size-full aligncenter\" src=\"https:\/\/hydraulic-cylinders.net\/wp-content\/uploads\/2023\/08\/standard-mob-light-pull-rod-hydraulic-cylinder-1.webp\" alt=\"\" width=\"790\" height=\"200\" srcset=\"https:\/\/hydraulic-cylinders.net\/wp-content\/uploads\/2023\/08\/standard-mob-light-pull-rod-hydraulic-cylinder-1.webp 790w, https:\/\/hydraulic-cylinders.net\/wp-content\/uploads\/2023\/08\/standard-mob-light-pull-rod-hydraulic-cylinder-1-480x122.webp 480w\" sizes=\"(min-width: 0px) and (max-width: 480px) 480px, (min-width: 481px) 790px, 100vw\" \/><\/p>\n<h2><strong>Standard MOB l\u00e4ttst\u00e5ngs hydraulcylinderparameter:<\/strong><\/h2>\n<p><img loading=\"lazy\" decoding=\"async\" class=\"alignnone wp-image-796 size-full\" src=\"https:\/\/hydraulic-cylinders.net\/wp-content\/uploads\/2023\/08\/standard-mob-light-pull-rod-hydraulic-cylinder-2.webp\" alt=\"\" width=\"790\" height=\"369\" srcset=\"https:\/\/hydraulic-cylinders.net\/wp-content\/uploads\/2023\/08\/standard-mob-light-pull-rod-hydraulic-cylinder-2.webp 790w, https:\/\/hydraulic-cylinders.net\/wp-content\/uploads\/2023\/08\/standard-mob-light-pull-rod-hydraulic-cylinder-2-480x224.webp 480w\" sizes=\"(min-width: 0px) and (max-width: 480px) 480px, (min-width: 481px) 790px, 100vw\" \/><\/p>\n<h2><strong>Hydraulcylinder med l\u00e4tt st\u00e5ng <\/strong><strong>Egenskaper<\/strong><strong>:<\/strong><\/h2>\n<p>De viktigaste egenskaperna och egenskaperna hos en hydraulcylinder f\u00f6r lyktstolpe kan innefatta f\u00f6ljande:<\/p>\n<p><strong>Kompakt design<\/strong>Den l\u00e4tta hydraulcylindern har ett litet fotavtryck och en smal form, vilket g\u00f6r den l\u00e4mplig f\u00f6r tr\u00e5nga utrymmen eller till\u00e4mpningar med begr\u00e4nsat utrymme.<\/p>\n<p><strong>L\u00e4ttviktskonstruktion<\/strong>Dessa cylindrar \u00e4r tillverkade av l\u00e4ttviktsmaterial som aluminium eller kompositmaterial f\u00f6r att minska den totala vikten. Detta g\u00f6r dem l\u00e4mpliga f\u00f6r till\u00e4mpningar d\u00e4r vikt \u00e4r en nyckelfaktor, s\u00e5som mobila enheter eller flyg- och rymdtill\u00e4mpningar.<\/p>\n<p><strong>H\u00f6gt styrka-till-vikt-f\u00f6rh\u00e5llande<\/strong>Trots l\u00e4ttviktskonstruktionen \u00e4r l\u00e4ttst\u00e5ngshydraulcylindrar konstruerade f\u00f6r h\u00f6g h\u00e5llfasthet och h\u00e5llbarhet. De \u00e4r konstruerade f\u00f6r att motst\u00e5 de krafter och tryck som \u00e4r f\u00f6rknippade med hydraulisk drift samtidigt som de bibeh\u00e5ller sin strukturella integritet.<\/p>\n<p><strong>Smidig drift<\/strong>Dessa cylindrar anv\u00e4nder vanligtvis avancerad t\u00e4tningsteknik och precisionsbearbetning f\u00f6r att s\u00e4kerst\u00e4lla smidig och tillf\u00f6rlitlig drift. Detta bidrar till att minska friktion och \u00f6ka effektiviteten.<\/p>\n<p><strong>Anpassade alternativ<\/strong>L\u00e4ttst\u00e5ngshydraulcylindrar kan ofta anpassas f\u00f6r att m\u00f6ta specifika applikationskrav. Detta inkluderar alternativ f\u00f6r slagl\u00e4ngd, monteringskonfiguration och hydrauliska anslutningar.<\/p>\n<h2><strong>Hur tar man is\u00e4r en hydraulcylinder?<\/strong><\/h2>\n<p>Att ta is\u00e4r en hydraulcylinder kr\u00e4ver f\u00f6rsiktighet och att man f\u00f6ljer l\u00e4mpliga s\u00e4kerhetsrutiner. H\u00e4r \u00e4r en allm\u00e4n steg-f\u00f6r-steg-guide f\u00f6r hur man tar is\u00e4r en hydraulcylinder:<\/p>\n<ol>\n<li><strong>S\u00e4kerhets\u00e5tg\u00e4rder<\/strong>:\n<ul>\n<li>Se till att hydraulsystemet \u00e4r tryckl\u00f6st och att cylindern inte \u00e4r belastad.<\/li>\n<li>Ta p\u00e5 personlig skyddsutrustning s\u00e5som handskar och skyddsglas\u00f6gon.<\/li>\n<li>Ha en ren arbetsyta och n\u00f6dv\u00e4ndiga verktyg l\u00e4ttillg\u00e4ngliga.<\/li>\n<\/ul>\n<\/li>\n<li><strong>Borttagning fr\u00e5n systemet<\/strong>:\n<ul>\n<li>Koppla bort hydraulslangarna eller kopplingarna fr\u00e5n cylindern och se till att systemet \u00e4r tryckl\u00f6st och att det inte finns n\u00e5got kvarvarande tryck.<\/li>\n<li>Ta bort alla monteringsf\u00e4sten eller h\u00e5rdvara som f\u00e4ster cylindern vid utrustningen eller maskinen.<\/li>\n<\/ul>\n<\/li>\n<li><strong>S\u00e4kra cylindern<\/strong>:\n<ul>\n<li>Placera hydraulcylindern p\u00e5 ett s\u00e4kert st\u00e4lle, till exempel med ett skruvst\u00e4d eller en cylinderh\u00e5llare, f\u00f6r att f\u00f6rhindra att den rullar eller r\u00f6r sig under demontering.<\/li>\n<\/ul>\n<\/li>\n<li><strong>Ta bort st\u00e5ng\u00e4ndslocket<\/strong>:\n<ul>\n<li>Lokalisera kolvst\u00e5ngens \u00e4ndlock, som vanligtvis sitter p\u00e5 motsatt \u00e4nde av kolvst\u00e5ngen.<\/li>\n<li>Om det finns bultar eller f\u00e4stelement, ta f\u00f6rsiktigt bort dem med l\u00e4mpliga verktyg.<\/li>\n<li>Knacka f\u00f6rsiktigt p\u00e5 \u00e4ndk\u00e5pan med en mjuk klubba eller anv\u00e4nd en gummiklubba f\u00f6r att lossa den. Undvik att anv\u00e4nda f\u00f6r mycket kraft f\u00f6r att f\u00f6rhindra skador.<\/li>\n<\/ul>\n<\/li>\n<li><strong>Utdragning av kolvaggregatet<\/strong>:\n<ul>\n<li>N\u00e4r st\u00e5ngens \u00e4ndlock har tagits bort b\u00f6r kolvaggregatet vara \u00e5tkomligt.<\/li>\n<li>Skjut eller knacka f\u00f6rsiktigt ut kolvaggregatet ur cylinderr\u00f6ret med en tr\u00e4pinne eller en mjuk klubba. Var f\u00f6rsiktig s\u00e5 att du inte skadar kolven eller cylinderns ytor.<\/li>\n<\/ul>\n<\/li>\n<li><strong>Borttagning av kolvst\u00e5ngen<\/strong>:\n<ul>\n<li>N\u00e4r kolvaggregatet \u00e4r utdraget kommer kolvst\u00e5ngen att vara exponerad.<\/li>\n<li>Kontrollera kolvst\u00e5ngen f\u00f6r eventuella f\u00e4stkl\u00e4mmor, sn\u00e4ppringar eller andra fasth\u00e5llningsmekanismer som kan h\u00e5lla den p\u00e5 plats.<\/li>\n<li>Om det finns n\u00e5gra, ta f\u00f6rsiktigt bort f\u00e4stbeslagen med l\u00e4mpliga verktyg.<\/li>\n<li>Skjut eller knacka f\u00f6rsiktigt ut kolvst\u00e5ngen ur cylinderr\u00f6ret. Var f\u00f6rsiktig s\u00e5 att du inte b\u00f6jer eller skadar st\u00e5ngen under borttagningen.<\/li>\n<\/ul>\n<\/li>\n<li><strong>Demontering av ytterligare komponenter<\/strong>:\n<ul>\n<li>Beroende p\u00e5 den specifika designen av den hydrauliska cylindern kan det finnas ytterligare komponenter s\u00e5som t\u00e4tningar, lager eller slitringar.<\/li>\n<li>Ta bort dessa komponenter vid behov f\u00f6r inspektion, utbyte eller underh\u00e5ll. Se tillverkarens dokumentation eller specifikationer f\u00f6r v\u00e4gledning om demontering av specifika delar.<\/li>\n<\/ul>\n<\/li>\n<\/ol>\n<h2><strong>Fabrikens kapacitet och kapacitet:<\/strong><\/h2>\n<h3>(1) Montering<\/h3>\n<p>Vi har en f\u00f6rstklassig oberoende forsknings- och utvecklingsplattform f\u00f6r montering. Verkstaden f\u00f6r tillverkning av gaffeltruckcylindrar har fyra halvautomatiska monteringslinjer f\u00f6r lyftcylindrar och en automatisk monteringslinje f\u00f6r tiltcylindrar, med en konstruerad \u00e5rlig produktionskapacitet p\u00e5 1 miljon enheter. Den speciella cylinderverkstaden \u00e4r utrustad med olika specifikationer f\u00f6r halvautomatiskt reng\u00f6ringsmonteringssystem, med en konstruerad \u00e5rlig produktionskapacitet p\u00e5 200 000 enheter. Utrustad med k\u00e4nd CNC-bearbetningsutrustning, fleroperationscenter, specialutrustning f\u00f6r h\u00f6gprecisionscylindrar, robotsvetsmaskin, automatisk reng\u00f6ringsmaskin, automatisk cylindermonteringsmaskin och automatisk lackeringslinje. Befintlig nyckelutrustning p\u00e5 mer \u00e4n 300 set (set). Optimal f\u00f6rdelning och effektiv anv\u00e4ndning av utrustningsresurser s\u00e4kerst\u00e4ller produkternas noggrannhetskrav och uppfyller produkternas h\u00f6ga kvalitetskrav.<\/p>\n<p><img loading=\"lazy\" decoding=\"async\" class=\"alignnone wp-image-626\" src=\"https:\/\/hydraulic-cylinders.net\/wp-content\/uploads\/2023\/08\/hydraulic-cylinder-product-1-300x158.webp\" alt=\"\" width=\"495\" height=\"260\" srcset=\"https:\/\/hydraulic-cylinders.net\/wp-content\/uploads\/2023\/08\/hydraulic-cylinder-product-1-300x158.webp 495w, https:\/\/hydraulic-cylinders.net\/wp-content\/uploads\/2023\/08\/hydraulic-cylinder-product-1-480x252.webp 480w\" sizes=\"(min-width: 0px) and (max-width: 480px) 480px, (min-width: 481px) 495px, 100vw\" \/> <img loading=\"lazy\" decoding=\"async\" class=\"alignnone wp-image-627\" src=\"https:\/\/hydraulic-cylinders.net\/wp-content\/uploads\/2023\/08\/hydraulic-cylinder-product-2-300x189.webp\" alt=\"\" width=\"413\" height=\"260\" \/><\/p>\n<h3>(2) Maskinbearbetning<\/h3>\n<p>Bearbetningsverkstaden \u00e4r utrustad med en specialanpassad svarvcentral f\u00f6r lutande sp\u00e4nnen, bearbetningscentral, h\u00f6ghastighetsh\u00f6nsmaskin, svetsrobot och annan relaterad utrustning, som kan hantera bearbetning av cylinderr\u00f6r med en maximal innerdiameter p\u00e5 400 mm och en maximal l\u00e4ngd p\u00e5 6 meter.<\/p>\n<p><img loading=\"lazy\" decoding=\"async\" class=\"alignnone wp-image-628 size-large\" src=\"https:\/\/hydraulic-cylinders.net\/wp-content\/uploads\/2023\/08\/hydraulic-cylinder-product-3-1024x391.webp\" alt=\"\" width=\"1024\" height=\"391\" srcset=\"https:\/\/hydraulic-cylinders.net\/wp-content\/uploads\/2023\/08\/hydraulic-cylinder-product-3-980x374.webp 980w, https:\/\/hydraulic-cylinders.net\/wp-content\/uploads\/2023\/08\/hydraulic-cylinder-product-3-480x183.webp 480w\" sizes=\"(min-width: 0px) and (max-width: 480px) 480px, (min-width: 481px) and (max-width: 980px) 980px, (min-width: 981px) 1024px, 100vw\" \/><\/p>\n<h3>(3) Svetsning<\/h3>\n<p><img loading=\"lazy\" decoding=\"async\" class=\"alignnone wp-image-629 size-large\" src=\"https:\/\/hydraulic-cylinders.net\/wp-content\/uploads\/2023\/08\/hydraulic-cylinder-product-4-1024x510.webp\" alt=\"\" width=\"1024\" height=\"510\" srcset=\"https:\/\/hydraulic-cylinders.net\/wp-content\/uploads\/2023\/08\/hydraulic-cylinder-product-4-980x488.webp 980w, https:\/\/hydraulic-cylinders.net\/wp-content\/uploads\/2023\/08\/hydraulic-cylinder-product-4-480x239.webp 480w\" sizes=\"(min-width: 0px) and (max-width: 480px) 480px, (min-width: 481px) and (max-width: 980px) 980px, (min-width: 981px) 1024px, 100vw\" \/><\/p>\n<h3>(4) M\u00e5lning och ytbehandling<\/h3>\n<p>Med sm\u00e5 och medelstora cylindriska automatiska vattenbaserade f\u00e4rgbel\u00e4ggningslinjer, f\u00f6r att uppn\u00e5 automatisk robotlastning och lossning samt automatisk sprutning, \u00e4r den designade kapaciteten 4000 stycken per skift;<br \/>\nVi har \u00e4ven en halvautomatisk f\u00e4rgproduktionslinje f\u00f6r stora cylindrar, driven av en sl\u00e4pkedja, med en konstruktionskapacitet p\u00e5 60 l\u00e5dor per skift.<\/p>\n<p><img loading=\"lazy\" decoding=\"async\" class=\"alignnone wp-image-630\" src=\"https:\/\/hydraulic-cylinders.net\/wp-content\/uploads\/2023\/08\/hydraulic-cylinder-product-5-300x213.webp\" alt=\"\" width=\"366\" height=\"260\" \/> <img loading=\"lazy\" decoding=\"async\" class=\"alignnone wp-image-631\" src=\"https:\/\/hydraulic-cylinders.net\/wp-content\/uploads\/2023\/08\/hydraulic-cylinder-product-6-300x225.webp\" alt=\"\" width=\"347\" height=\"260\" \/><\/p>\n<h3>(5) Testning<\/h3>\n<p>Vi har f\u00f6rstklassiga inspektionsanl\u00e4ggningar och testb\u00e4ddar f\u00f6r att s\u00e4kerst\u00e4lla att cylinderns prestanda uppfyller kraven.<\/p>\n<p><img loading=\"lazy\" decoding=\"async\" class=\"alignnone wp-image-632\" src=\"https:\/\/hydraulic-cylinders.net\/wp-content\/uploads\/2023\/08\/hydraulic-cylinder-product-8-300x200.webp\" alt=\"\" width=\"389\" height=\"260\" \/><\/p>\n<p>&nbsp;<\/p>\n<p>&nbsp;<\/p>\n<p>Vi \u00e4r en av de b\u00e4sta tillverkarna av hydraulcylindrar med l\u00e5gt tryck. Vi kan erbjuda ett brett lager av hydraulcylindrar med l\u00e5gt tryck. Vi tillhandah\u00e5ller \u00e4ven motsvarande <a href=\"https:\/\/hzpt.com\/agricultural-pto-gearbox\/\" target=\"_blank\" rel=\"noopener\">jordbruksv\u00e4xell\u00e5dor<\/a>Vi har exporterat v\u00e5ra produkter till kunder \u00f6ver hela v\u00e4rlden och f\u00e5tt ett gott rykte tack vare v\u00e5r \u00f6verl\u00e4gsna produktkvalitet och kundservice. Vi v\u00e4lkomnar varmt kunder b\u00e5de hemma och utomlands att kontakta oss f\u00f6r att f\u00f6rhandla aff\u00e4rer, utbyta information och\u00a0<a href=\"https:\/\/www.hydraulic-cylinders.net\/sv\/contact-us\/\">samarbeta med oss<\/a>!<\/p>\n<p>&nbsp;<\/p>","protected":false},"excerpt":{"rendered":"<p>Standard MOB Light Rod Hydraulic Cylinder MOB light rod hydraulic cylinder is composed of a front cylinder head, rear cylinder head, piston, cylinder, piston rod, four screw rods, eight locking nuts and gaskets, a piston locking nut, with the gasket, a piston rod end matching locking nut, a set of seals, rod end protective sleeve, [&hellip;]<\/p>","protected":false},"featured_media":888,"comment_status":"open","ping_status":"closed","template":"","meta":{"_et_pb_use_builder":"","_et_pb_old_content":"","_et_gb_content_width":""},"product_brand":[],"product_cat":[1550,1525,1509,1376,1387],"product_tag":[1380],"class_list":{"0":"post-794","1":"product","2":"type-product","3":"status-publish","4":"has-post-thumbnail","6":"product_cat-double-acting-hydraulic-cylinder","7":"product_cat-machine-tool-hydraulic-cylinders","8":"product_cat-tie-rod-hydraulic-cylinder","9":"product_cat-hydraulic-cylinder","10":"product_cat-light-rod-hydraulic-cylinder","11":"product_tag-hydraulic-cylinder","13":"first","14":"instock","15":"shipping-taxable","16":"product-type-simple"},"amp_enabled":true,"_links":{"self":[{"href":"https:\/\/www.hydraulic-cylinders.net\/sv\/wp-json\/wp\/v2\/product\/794","targetHints":{"allow":["GET"]}}],"collection":[{"href":"https:\/\/www.hydraulic-cylinders.net\/sv\/wp-json\/wp\/v2\/product"}],"about":[{"href":"https:\/\/www.hydraulic-cylinders.net\/sv\/wp-json\/wp\/v2\/types\/product"}],"replies":[{"embeddable":true,"href":"https:\/\/www.hydraulic-cylinders.net\/sv\/wp-json\/wp\/v2\/comments?post=794"}],"wp:featuredmedia":[{"embeddable":true,"href":"https:\/\/www.hydraulic-cylinders.net\/sv\/wp-json\/wp\/v2\/media\/888"}],"wp:attachment":[{"href":"https:\/\/www.hydraulic-cylinders.net\/sv\/wp-json\/wp\/v2\/media?parent=794"}],"wp:term":[{"taxonomy":"product_brand","embeddable":true,"href":"https:\/\/www.hydraulic-cylinders.net\/sv\/wp-json\/wp\/v2\/product_brand?post=794"},{"taxonomy":"product_cat","embeddable":true,"href":"https:\/\/www.hydraulic-cylinders.net\/sv\/wp-json\/wp\/v2\/product_cat?post=794"},{"taxonomy":"product_tag","embeddable":true,"href":"https:\/\/www.hydraulic-cylinders.net\/sv\/wp-json\/wp\/v2\/product_tag?post=794"}],"curies":[{"name":"wp","href":"https:\/\/api.w.org\/{rel}","templated":true}]}}