{"id":1003,"date":"2023-09-06T08:58:05","date_gmt":"2023-09-06T08:58:05","guid":{"rendered":"https:\/\/hydraulic-cylinders.net\/?post_type=product&#038;p=1003"},"modified":"2023-09-19T01:36:55","modified_gmt":"2023-09-19T01:36:55","slug":"rear-earring-with-spherical-bearing-four-rod-hydraulic-cylinder","status":"publish","type":"product","link":"https:\/\/www.hydraulic-cylinders.net\/tr\/urun\/rear-earring-with-spherical-bearing-four-rod-hydraulic-cylinder\/","title":{"rendered":"K\u00fcresel Rulmanl\u0131 Arka K\u00fcpe D\u00f6rt \u00c7ubuk Hidrolik Silindir"},"content":{"rendered":"<h1 style=\"text-align: center;\"><strong>K\u00fcresel Rulmanl\u0131 Arka K\u00fcpe D\u00f6rt \u00c7ubuk Hidrolik Silindir<\/strong><\/h1>\n<p><img loading=\"lazy\" decoding=\"async\" class=\"size-full wp-image-1007 aligncenter\" src=\"https:\/\/hydraulic-cylinders.net\/wp-content\/uploads\/2023\/09\/rear-earring-with-spherical-bearing-four-pull-rod-hydraulic-cylinder-1.webp\" alt=\"\" width=\"236\" height=\"236\" srcset=\"https:\/\/www.hydraulic-cylinders.net\/wp-content\/uploads\/2023\/09\/rear-earring-with-spherical-bearing-four-pull-rod-hydraulic-cylinder-1.webp 236w, https:\/\/www.hydraulic-cylinders.net\/wp-content\/uploads\/2023\/09\/rear-earring-with-spherical-bearing-four-pull-rod-hydraulic-cylinder-1-100x100.webp 100w, https:\/\/www.hydraulic-cylinders.net\/wp-content\/uploads\/2023\/09\/rear-earring-with-spherical-bearing-four-pull-rod-hydraulic-cylinder-1-150x150.webp 150w, https:\/\/www.hydraulic-cylinders.net\/wp-content\/uploads\/2023\/09\/rear-earring-with-spherical-bearing-four-pull-rod-hydraulic-cylinder-1-12x12.webp 12w\" sizes=\"(max-width: 236px) 100vw, 236px\" \/><\/p>\n<p>K\u00fcresel yatakl\u0131 d\u00f6rt kollu hidrolik silindirli arka ba\u011flant\u0131 par\u00e7as\u0131, \u00e7e\u015fitli end\u00fcstriyel uygulamalarda \u00fcst\u00fcn performans ve \u00e7ok y\u00f6nl\u00fcl\u00fck sa\u011flamak \u00fczere tasarlanm\u0131\u015f yenilik\u00e7i bir hidrolik elemand\u0131r. Benzersiz arka ba\u011flant\u0131 par\u00e7as\u0131 tasar\u0131m\u0131, k\u00fcresel yataklar\u0131 ve d\u00f6rt kollu yap\u0131s\u0131yla bu d\u00f6rt kollu hidrolik silindir, geli\u015fmi\u015f denge, hassas kontrol ve art\u0131r\u0131lm\u0131\u015f y\u00fck ta\u015f\u0131ma kapasitesi sunar.<\/p>\n<p>D\u00f6rt \u00c7ubuklu Hidrolik Silindirin Temel \u00d6zellikleri:<\/p>\n<p><strong>Arka K\u00fcpe Tasar\u0131m\u0131:<\/strong><\/p>\n<ol>\n<li style=\"list-style-type: none;\">\n<ul>\n<li>Arka saplama tasar\u0131m\u0131, a\u011f\u0131r y\u00fckler ve a\u015f\u0131r\u0131 ko\u015fullar alt\u0131nda bile g\u00fcvenilir \u00e7al\u0131\u015fma sa\u011flayan g\u00fcvenli ve istikrarl\u0131 bir montaj \u00e7\u00f6z\u00fcm\u00fc sunar.<\/li>\n<li>Kurulumu basitle\u015ftirir ve \u00e7e\u015fitli hidrolik sistemlere veya ekipmanlara kolay entegrasyon sa\u011flar.<\/li>\n<\/ul>\n<\/li>\n<\/ol>\n<p><strong>K\u00fcresel Yatak:<\/strong><\/p>\n<ol>\n<li style=\"list-style-type: none;\">\n<ul>\n<li>K\u00fcresel yataklar\u0131n kullan\u0131m\u0131, d\u00f6rt kollu hidrolik silindirin esnekli\u011fini art\u0131r\u0131r ve hizalama hatalar\u0131n\u0131 telafi ederek silindir bile\u015fenlerindeki gerilimi ve a\u015f\u0131nmay\u0131 azalt\u0131r.<\/li>\n<li>K\u00fcresel yatak, a\u00e7\u0131l\u0131 veya merkezden uzak y\u00fcklerle ba\u015fa \u00e7\u0131karken bile d\u00fczg\u00fcn ve hassas hareket sa\u011flar.<\/li>\n<\/ul>\n<\/li>\n<\/ol>\n<p><strong>D\u00f6rt \u00c7ubuk Konfig\u00fcrasyonu:<\/strong><\/p>\n<ol>\n<li style=\"list-style-type: none;\">\n<ul>\n<li>D\u00f6rt kollu konfig\u00fcrasyon, silindirin y\u00fck ta\u015f\u0131ma kapasitesini ve stabilitesini art\u0131r\u0131r, sapmay\u0131 \u00f6nler ve do\u011fru do\u011frusal hareket kontrol\u00fcn\u00fc sa\u011flar.<\/li>\n<li>Bu, y\u00fck\u00fc \u00e7ubuk y\u00fczeyine e\u015fit \u015fekilde da\u011f\u0131tarak erken a\u015f\u0131nma veya ar\u0131za riskini azalt\u0131r.<\/li>\n<\/ul>\n<\/li>\n<\/ol>\n<p><strong>Y\u00fcksek Performans ve Verimlilik:<\/strong><\/p>\n<ul>\n<li style=\"list-style-type: none;\">\n<ul>\n<li>Bu d\u00f6rt kollu hidrolik silindir, y\u00fcksek kuvvet \u00e7\u0131k\u0131\u015f\u0131 ve hassas kontrol sa\u011flayarak verimli ve etkili \u00e7al\u0131\u015fma imkan\u0131 sunar.<\/li>\n<li>\u00c7e\u015fitli end\u00fcstriyel uygulamalarda do\u011fru konumland\u0131rma, h\u0131zl\u0131 \u00e7evrim s\u00fcreleri ve optimize edilmi\u015f verimlilik sa\u011flar.<\/li>\n<\/ul>\n<\/li>\n<\/ul>\n<h2><strong>K\u00fcresel Yatakl\u0131 Arka K\u00fcpe D\u00f6rt \u00c7ubuklu Hidrolik Silindir Parametreleri:<\/strong><\/h2>\n<p><img loading=\"lazy\" decoding=\"async\" class=\"alignnone wp-image-1005 size-full\" src=\"https:\/\/hydraulic-cylinders.net\/wp-content\/uploads\/2023\/09\/rear-earring-with-spherical-bearing-four-pull-rod-hydraulic-cylinder.webp\" alt=\"\" width=\"650\" height=\"196\" srcset=\"https:\/\/hydraulic-cylinders.net\/wp-content\/uploads\/2023\/09\/rear-earring-with-spherical-bearing-four-pull-rod-hydraulic-cylinder.webp 650w, https:\/\/hydraulic-cylinders.net\/wp-content\/uploads\/2023\/09\/rear-earring-with-spherical-bearing-four-pull-rod-hydraulic-cylinder-480x145.webp 480w\" sizes=\"(min-width: 0px) and (max-width: 480px) 480px, (min-width: 481px) 650px, 100vw\" \/><\/p>\n<p><img loading=\"lazy\" decoding=\"async\" class=\"alignnone wp-image-1031 size-full\" src=\"https:\/\/hydraulic-cylinders.net\/wp-content\/uploads\/2023\/09\/b-bb-sbd-four-rod-hydraulic-cylinder.webp\" alt=\"\" width=\"650\" height=\"237\" srcset=\"https:\/\/hydraulic-cylinders.net\/wp-content\/uploads\/2023\/09\/b-bb-sbd-four-rod-hydraulic-cylinder.webp 650w, https:\/\/hydraulic-cylinders.net\/wp-content\/uploads\/2023\/09\/b-bb-sbd-four-rod-hydraulic-cylinder-480x175.webp 480w\" sizes=\"(min-width: 0px) and (max-width: 480px) 480px, (min-width: 481px) 650px, 100vw\" \/><\/p>\n<h2><strong>K\u00fcresel Rulmanl\u0131 Arka K\u00fcpe D\u00f6rt \u00c7ubuk Hidrolik Silindir <\/strong><strong>Kullan\u0131m Y\u00f6ntemi<\/strong><strong>:<\/strong><\/h2>\n<p><strong>Montaj ve Kurulum:<\/strong><\/p>\n<ol>\n<li style=\"list-style-type: none;\">\n<ul>\n<li>D\u00f6rt kollu hidrolik silindirin sistem veya ekipman i\u00e7indeki uygun montaj yerini belirlemek i\u00e7in y\u00fck gereksinimleri ve alan k\u0131s\u0131tlamalar\u0131 gibi fakt\u00f6rleri g\u00f6z \u00f6n\u00fcnde bulundurun.<\/li>\n<li>Montaj y\u00fczeyinin temiz, d\u00fcz ve silindirin a\u011f\u0131rl\u0131\u011f\u0131n\u0131 ta\u015f\u0131yabilecek kapasitede oldu\u011fundan emin olun.<\/li>\n<li>Arka k\u00fcpeyi montaj y\u00fczeyiyle hizalay\u0131n ve \u00f6nerilen c\u0131vata veya ba\u011flant\u0131 elemanlar\u0131n\u0131 kullanarak s\u0131k\u0131ca sabitleyin.<\/li>\n<\/ul>\n<\/li>\n<\/ol>\n<p><strong>Hidrolik Ba\u011flant\u0131lar:<\/strong><\/p>\n<ol>\n<li style=\"list-style-type: none;\">\n<ul>\n<li>S\u0131z\u0131nt\u0131lar\u0131 \u00f6nlemek i\u00e7in uygun \u015fekilde s\u0131zd\u0131rmazl\u0131k sa\u011flayarak hidrolik besleme hatlar\u0131n\u0131 silindir giri\u015flerine ba\u011flay\u0131n.<\/li>\n<li>Hidrolik ya\u011f t\u00fcr\u00fc i\u00e7in \u00fcreticinin \u00f6nerilerini izleyin ve sistemi \u00f6nerilen seviyeye kadar doldurun.<\/li>\n<\/ul>\n<\/li>\n<\/ol>\n<p><strong>\u0130\u015flem:<\/strong><\/p>\n<ul>\n<li style=\"list-style-type: none;\">\n<ul>\n<li>Hidrolik sistemi devreye al\u0131n ve hidrolik kontrol valfi veya uygun ba\u015fka bir kontrol mekanizmas\u0131 kullanarak silindirin hareketini kontrol edin.<\/li>\n<li>\u0130stenilen h\u0131z ve kuvvet \u00e7\u0131k\u0131\u015f\u0131n\u0131 elde etmek i\u00e7in ak\u0131\u015f ve bas\u0131n\u00e7 ayarlar\u0131n\u0131 yap\u0131n.<\/li>\n<li>D\u00f6rt pistonlu hidrolik silindirin \u00e7al\u0131\u015fmas\u0131n\u0131, s\u0131z\u0131nt\u0131, a\u015f\u0131r\u0131 \u0131s\u0131nma veya ola\u011fand\u0131\u015f\u0131 ses gibi anormal davran\u0131\u015f belirtileri a\u00e7\u0131s\u0131ndan d\u00fczenli olarak izleyin.<\/li>\n<\/ul>\n<\/li>\n<\/ul>\n<h2><strong>K\u00fcresel Rulmanl\u0131 Arka K\u00fcpe D\u00f6rt \u00c7ubuk Hidrolik Silindir <\/strong><strong>Bak\u0131m<\/strong><strong>:<\/strong><\/h2>\n<p><strong>D\u00fczenli Muayene:<\/strong><\/p>\n<ol>\n<li style=\"list-style-type: none;\">\n<ul>\n<li>A\u015f\u0131nma, s\u0131z\u0131nt\u0131 veya hasar belirtilerini kontrol etmek i\u00e7in rutin g\u00f6rsel incelemeler yap\u0131n.<\/li>\n<li>\u00c7ubuk y\u00fczeylerini, contalar\u0131 ve montaj ba\u011flant\u0131lar\u0131n\u0131 anormallikler a\u00e7\u0131s\u0131ndan inceleyin ve herhangi bir sorunu derhal giderin.<\/li>\n<\/ul>\n<\/li>\n<\/ol>\n<p><strong>Ya\u011flama:<\/strong><\/p>\n<ol>\n<li style=\"list-style-type: none;\">\n<ul>\n<li>\u00dcreticinin ya\u011flama aral\u0131\u011f\u0131 talimatlar\u0131n\u0131 izleyin ve sorunsuz \u00e7al\u0131\u015fmay\u0131 sa\u011flamak i\u00e7in \u00f6nerilen ya\u011f\u0131 kullan\u0131n.<\/li>\n<li>S\u00fcrt\u00fcnmeyi en aza indirmek ve d\u00f6rt kollu hidrolik silindirin \u00f6mr\u00fcn\u00fc uzatmak i\u00e7in kollar\u0131, contalar\u0131 ve di\u011fer hareketli par\u00e7alar\u0131 ya\u011flay\u0131n.<\/li>\n<\/ul>\n<\/li>\n<\/ol>\n<p><strong>Conta De\u011fi\u015fimi:<\/strong><\/p>\n<ul>\n<li style=\"list-style-type: none;\">\n<ul>\n<li>Zamanla contalar a\u015f\u0131nabilir ve de\u011fi\u015ftirilmeleri gerekebilir. Bir s\u0131z\u0131nt\u0131 tespit ederseniz, eski contay\u0131 dikkatlice \u00e7\u0131kar\u0131n ve \u00fcreticinin talimatlar\u0131na g\u00f6re yeni contay\u0131 tak\u0131n.<\/li>\n<\/ul>\n<\/li>\n<\/ul>\n<h2><strong>Hidrolik Silindir Pimleri Nas\u0131l S\u00f6k\u00fcl\u00fcr?<\/strong><\/h2>\n<p>Hidrolik silindir pimlerinin \u00e7\u0131kar\u0131lmas\u0131, g\u00fcvenli\u011fi sa\u011flamak ve silindire veya \u00e7evredeki bile\u015fenlere zarar vermemek i\u00e7in dikkatli bir i\u015flem gerektirir. \u0130\u015fte hidrolik silindir pimlerinin nas\u0131l \u00e7\u0131kar\u0131laca\u011f\u0131na dair genel ad\u0131m ad\u0131m bir k\u0131lavuz:<\/p>\n<ol>\n<li><strong>\u00c7al\u0131\u015fma Alan\u0131n\u0131 Haz\u0131rlay\u0131n:<\/strong>\n<ul>\n<li>\u00c7al\u0131\u015fma alan\u0131n\u0131z\u0131n temiz ve iyi ayd\u0131nlat\u0131lm\u0131\u015f oldu\u011fundan emin olun.<\/li>\n<li>Koruyucu g\u00f6zl\u00fck ve eldiven gibi uygun ki\u015fisel koruyucu ekipman kullan\u0131n.<\/li>\n<\/ul>\n<\/li>\n<li><strong>Hidrolik Bas\u0131nc\u0131 Serbest B\u0131rak\u0131n:<\/strong>\n<ul>\n<li>Silindir aktif bir hidrolik sistemin par\u00e7as\u0131ysa, sistemi geri \u00e7ekerek veya devre d\u0131\u015f\u0131 b\u0131rakarak bas\u0131nc\u0131 azalt\u0131n. Ayr\u0131nt\u0131l\u0131 talimatlar i\u00e7in ekipman\u0131n kullan\u0131m k\u0131lavuzuna bak\u0131n.<\/li>\n<\/ul>\n<\/li>\n<li><strong>Silindiri Sabitleyin:<\/strong>\n<ul>\n<li>Silindiri yerinde sabitlemek ve pim \u00e7\u0131karma i\u015flemi s\u0131ras\u0131nda hareket etmemesini sa\u011flamak i\u00e7in uygun bir kald\u0131rma cihaz\u0131 veya destek kullan\u0131n.<\/li>\n<\/ul>\n<\/li>\n<li><strong>Pinleri bulun:<\/strong>\n<ul>\n<li>\u00c7\u0131kar\u0131lmas\u0131 gereken pimleri belirleyin. Hidrolik silindirlerin genellikle her iki ucunda, montaj braketlerine veya di\u011fer bile\u015fenlere ba\u011flayan pimler bulunur.<\/li>\n<\/ul>\n<\/li>\n<li><strong>Sabitleme klipslerini \u00e7\u0131kar\u0131n:<\/strong>\n<ul>\n<li>Baz\u0131 pimler tutucu klipslerle sabitlenmi\u015f olabilir. Tutucu klipsleri \u00e7\u0131karmak i\u00e7in pense veya uygun bir alet kullan\u0131n, bunlara zarar vermemeye dikkat edin.<\/li>\n<\/ul>\n<\/li>\n<li><strong>Bir Vuru\u015f veya Kayma Pozisyonu Belirleyin:<\/strong>\n<ul>\n<li>Pim ucuna bir z\u0131mba veya pim b\u00fckme aleti yerle\u015ftirin. Z\u0131mba veya pim b\u00fckme aletinin pim \u00e7ap\u0131na uygun boyutta oldu\u011fundan emin olun.<\/li>\n<\/ul>\n<\/li>\n<li><strong>Yumruk At ya da S\u00fcr\u00fcklen:<\/strong>\n<ul>\n<li>\u00c7eki\u00e7 kullanarak, pim \u00fczerine kuvvet uygulamak i\u00e7in z\u0131mba veya itme aletine dikkatlice vurun. Hafif vuru\u015flarla ba\u015flay\u0131n ve pim hareket etmeye ba\u015flayana kadar kuvveti kademeli olarak art\u0131r\u0131n.<\/li>\n<\/ul>\n<\/li>\n<li><strong>Pimi \u00e7\u0131kar\u0131n:<\/strong>\n<ul>\n<li>Pim tamamen \u00e7\u0131kana kadar z\u0131mba veya itme aletiyle vurmaya devam edin. Pimin b\u00fck\u00fclmesini veya hasar g\u00f6rmesini \u00f6nlemek i\u00e7in kuvveti e\u015fit \u015fekilde uygulay\u0131n.<\/li>\n<\/ul>\n<\/li>\n<li><strong>\u0130\u015flemi tekrarlay\u0131n:<\/strong>\n<ul>\n<li>\u00c7\u0131kar\u0131lacak birden fazla pim varsa, t\u00fcm pimler ba\u015far\u0131yla \u00e7\u0131kar\u0131lana kadar 4 ila 8 aras\u0131ndaki ad\u0131mlar\u0131 her pim i\u00e7in tekrarlay\u0131n.<\/li>\n<\/ul>\n<\/li>\n<li><strong>Pinleri inceleyin:<\/strong><\/li>\n<\/ol>\n<ul>\n<li>Pimler \u00e7\u0131kar\u0131ld\u0131ktan sonra, a\u015f\u0131nma, hasar veya deformasyon belirtileri olup olmad\u0131\u011f\u0131n\u0131 kontrol edin. Gerekirse, yeniden takmadan \u00f6nce pimleri temizleyin veya de\u011fi\u015ftirin.<\/li>\n<\/ul>\n<h2><strong>Fabrikan\u0131n Kapasitesi ve Kapasitesi:<\/strong><\/h2>\n<h3>(1) Meclis<\/h3>\n<p>Birinci s\u0131n\u0131f ba\u011f\u0131ms\u0131z bir ara\u015ft\u0131rma ve geli\u015ftirme montaj platformumuz bulunmaktad\u0131r. Hidrolik silindir \u00fcretim at\u00f6lyemizde, y\u0131ll\u0131k 1 milyon adet \u00fcretim kapasitesine sahip d\u00f6rt adet yar\u0131 otomatik kald\u0131rma silindiri montaj hatt\u0131 ve bir adet otomatik devirme silindiri montaj hatt\u0131 bulunmaktad\u0131r. \u00d6zel silindir at\u00f6lyemiz, y\u0131ll\u0131k 200.000 adet \u00fcretim kapasitesine sahip \u00e7e\u015fitli \u00f6zelliklerde yar\u0131 otomatik temizleme montaj sistemiyle donat\u0131lm\u0131\u015ft\u0131r. Ayr\u0131ca, \u00fcnl\u00fc CNC i\u015fleme ekipmanlar\u0131, bir i\u015fleme merkezi, y\u00fcksek hassasiyetli silindir i\u015fleme \u00f6zel ekipmanlar\u0131, bir robot kaynak makinesi, bir otomatik temizleme makinesi, otomatik silindir montaj makinesi ve otomatik boyama \u00fcretim hatt\u0131 ile donat\u0131lm\u0131\u015ft\u0131r. 300'den fazla setten olu\u015fan kritik ekipmanlar mevcuttur. Ekipman kaynaklar\u0131n\u0131n optimum da\u011f\u0131l\u0131m\u0131 ve verimli kullan\u0131m\u0131, \u00fcr\u00fcnlerin hassasiyet gereksinimlerini kar\u015f\u0131lar ve \u00fcr\u00fcnlerin y\u00fcksek kalite ihtiya\u00e7lar\u0131n\u0131 kar\u015f\u0131lar.<\/p>\n<p><img loading=\"lazy\" decoding=\"async\" class=\"alignnone wp-image-626\" src=\"https:\/\/hydraulic-cylinders.net\/wp-content\/uploads\/2023\/08\/hydraulic-cylinder-product-1-300x158.webp\" alt=\"\" width=\"495\" height=\"260\" srcset=\"https:\/\/hydraulic-cylinders.net\/wp-content\/uploads\/2023\/08\/hydraulic-cylinder-product-1-300x158.webp 495w, https:\/\/hydraulic-cylinders.net\/wp-content\/uploads\/2023\/08\/hydraulic-cylinder-product-1-480x252.webp 480w\" sizes=\"(min-width: 0px) and (max-width: 480px) 480px, (min-width: 481px) 495px, 100vw\" \/> <img loading=\"lazy\" decoding=\"async\" class=\"alignnone wp-image-627\" src=\"https:\/\/hydraulic-cylinders.net\/wp-content\/uploads\/2023\/08\/hydraulic-cylinder-product-2-300x189.webp\" alt=\"\" width=\"413\" height=\"260\" \/><\/p>\n<h3>(2) \u0130\u015fleme<\/h3>\n<p>\u0130\u015fleme at\u00f6lyesi, maksimum 400 mm i\u00e7 \u00e7apa ve maksimum 6 metre uzunlu\u011fa sahip silindir borular\u0131n\u0131n i\u015flenmesini ger\u00e7ekle\u015ftirebilen \u00f6zel e\u011fimli ray torna merkezi, i\u015fleme merkezi, y\u00fcksek h\u0131zl\u0131 honlama makinesi, kaynak robotu ve di\u011fer ilgili ekipmanlarla donat\u0131lm\u0131\u015ft\u0131r.<\/p>\n<p><img loading=\"lazy\" decoding=\"async\" class=\"alignnone wp-image-628 size-large\" src=\"https:\/\/hydraulic-cylinders.net\/wp-content\/uploads\/2023\/08\/hydraulic-cylinder-product-3-1024x391.webp\" alt=\"\" width=\"1024\" height=\"391\" srcset=\"https:\/\/hydraulic-cylinders.net\/wp-content\/uploads\/2023\/08\/hydraulic-cylinder-product-3-980x374.webp 980w, https:\/\/hydraulic-cylinders.net\/wp-content\/uploads\/2023\/08\/hydraulic-cylinder-product-3-480x183.webp 480w\" sizes=\"(min-width: 0px) and (max-width: 480px) 480px, (min-width: 481px) and (max-width: 980px) 980px, (min-width: 981px) 1024px, 100vw\" \/><\/p>\n<h3>(3) Kaynak<\/h3>\n<p><img loading=\"lazy\" decoding=\"async\" class=\"alignnone wp-image-629 size-large\" src=\"https:\/\/hydraulic-cylinders.net\/wp-content\/uploads\/2023\/08\/hydraulic-cylinder-product-4-1024x510.webp\" alt=\"\" width=\"1024\" height=\"510\" srcset=\"https:\/\/hydraulic-cylinders.net\/wp-content\/uploads\/2023\/08\/hydraulic-cylinder-product-4-980x488.webp 980w, https:\/\/hydraulic-cylinders.net\/wp-content\/uploads\/2023\/08\/hydraulic-cylinder-product-4-480x239.webp 480w\" sizes=\"(min-width: 0px) and (max-width: 480px) 480px, (min-width: 481px) and (max-width: 980px) 980px, (min-width: 981px) 1024px, 100vw\" \/><\/p>\n<h3>(4) Boyama ve kaplama<\/h3>\n<p>K\u00fc\u00e7\u00fck ve orta \u00f6l\u00e7ekli silindirli otomatik su bazl\u0131 boya kaplama hatlar\u0131nda, otomatik robot y\u00fckleme-bo\u015faltma ve otomatik p\u00fcsk\u00fcrtmeyi ger\u00e7ekle\u015ftirmek i\u00e7in, vardiya ba\u015f\u0131na 4000 adet tasar\u0131m kapasitesi;<br \/>\nAyr\u0131ca, vardiya ba\u015f\u0131na 60 kasa kapasiteli, g\u00fc\u00e7 zinciriyle \u00e7al\u0131\u015fan b\u00fcy\u00fck silindirler i\u00e7in yar\u0131 otomatik boya \u00fcretim hatt\u0131m\u0131z da bulunmaktad\u0131r.<\/p>\n<p><img loading=\"lazy\" decoding=\"async\" class=\"alignnone wp-image-630\" src=\"https:\/\/hydraulic-cylinders.net\/wp-content\/uploads\/2023\/08\/hydraulic-cylinder-product-5-300x213.webp\" alt=\"\" width=\"366\" height=\"260\" \/> <img loading=\"lazy\" decoding=\"async\" class=\"alignnone wp-image-631\" src=\"https:\/\/hydraulic-cylinders.net\/wp-content\/uploads\/2023\/08\/hydraulic-cylinder-product-6-300x225.webp\" alt=\"\" width=\"347\" height=\"260\" \/><\/p>\n<h3>(5) Test etme<\/h3>\n<p>Silindirin performans\u0131n\u0131n gereklilikleri kar\u015f\u0131lad\u0131\u011f\u0131ndan emin olmak i\u00e7in birinci s\u0131n\u0131f muayene tesislerimiz ve test yataklar\u0131m\u0131z bulunmaktad\u0131r.<\/p>\n<p><img loading=\"lazy\" decoding=\"async\" class=\"alignnone wp-image-632\" src=\"https:\/\/hydraulic-cylinders.net\/wp-content\/uploads\/2023\/08\/hydraulic-cylinder-product-8-300x200.webp\" alt=\"\" width=\"389\" height=\"260\" \/><\/p>\n<p>&nbsp;<\/p>\n<p>&nbsp;<\/p>\n<p>En iyi hafif d\u00f6rt kollu hidrolik silindir \u00fcreticilerinden biriyiz. Kapsaml\u0131 hafif d\u00f6rt kollu hidrolik silindir sto\u011fu sunabiliyoruz. Ayr\u0131ca, ilgili \u00fcr\u00fcnleri de sa\u011fl\u0131yoruz. <a href=\"https:\/\/hzpt.com\/agricultural-pto-gearbox\/\" target=\"_blank\" rel=\"noopener\">tar\u0131msal di\u015fli kutular\u0131<\/a>\u00dcr\u00fcnlerimizi d\u00fcnyan\u0131n d\u00f6rt bir yan\u0131ndaki m\u00fc\u015fterilerimize ihra\u00e7 ettik ve \u00fcst\u00fcn \u00fcr\u00fcn kalitemiz ve sat\u0131\u015f sonras\u0131 hizmetlerimiz sayesinde iyi bir itibar kazand\u0131k. Yurt i\u00e7i ve yurt d\u0131\u015f\u0131ndaki m\u00fc\u015fterilerimizi i\u015f g\u00f6r\u00fc\u015fmeleri yapmak, bilgi al\u0131\u015fveri\u015finde bulunmak ve daha fazlas\u0131 i\u00e7in bizimle ileti\u015fime ge\u00e7meye davet ediyoruz.\u00a0<a href=\"https:\/\/www.hydraulic-cylinders.net\/tr\/contact-us\/\">bizimle i\u015fbirli\u011fi yap\u0131n<\/a>!<\/p>\n<h2><\/h2>\n<h2><\/h2>","protected":false},"excerpt":{"rendered":"<p>Rear Earring With Spherical Bearing Four Rod Hydraulic Cylinder The rear earring with a spherical bearing four rod hydraulic cylinder is an innovative hydraulic element designed to provide superior performance and versatility in various industrial applications. With its unique rear earring design, spherical bearings, and four rod configuration, this four rod hydraulic cylinder offers enhanced [&hellip;]<\/p>","protected":false},"featured_media":1006,"comment_status":"open","ping_status":"closed","template":"","meta":{"_et_pb_use_builder":"","_et_pb_old_content":"","_et_gb_content_width":""},"product_brand":[],"product_cat":[1376,1386],"product_tag":[1380],"class_list":{"0":"post-1003","1":"product","2":"type-product","3":"status-publish","4":"has-post-thumbnail","6":"product_cat-hydraulic-cylinder","7":"product_cat-four-rod-hydraulic-cylinder","8":"product_tag-hydraulic-cylinder","10":"first","11":"instock","12":"shipping-taxable","13":"product-type-simple"},"amp_enabled":true,"_links":{"self":[{"href":"https:\/\/www.hydraulic-cylinders.net\/tr\/wp-json\/wp\/v2\/product\/1003","targetHints":{"allow":["GET"]}}],"collection":[{"href":"https:\/\/www.hydraulic-cylinders.net\/tr\/wp-json\/wp\/v2\/product"}],"about":[{"href":"https:\/\/www.hydraulic-cylinders.net\/tr\/wp-json\/wp\/v2\/types\/product"}],"replies":[{"embeddable":true,"href":"https:\/\/www.hydraulic-cylinders.net\/tr\/wp-json\/wp\/v2\/comments?post=1003"}],"wp:featuredmedia":[{"embeddable":true,"href":"https:\/\/www.hydraulic-cylinders.net\/tr\/wp-json\/wp\/v2\/media\/1006"}],"wp:attachment":[{"href":"https:\/\/www.hydraulic-cylinders.net\/tr\/wp-json\/wp\/v2\/media?parent=1003"}],"wp:term":[{"taxonomy":"product_brand","embeddable":true,"href":"https:\/\/www.hydraulic-cylinders.net\/tr\/wp-json\/wp\/v2\/product_brand?post=1003"},{"taxonomy":"product_cat","embeddable":true,"href":"https:\/\/www.hydraulic-cylinders.net\/tr\/wp-json\/wp\/v2\/product_cat?post=1003"},{"taxonomy":"product_tag","embeddable":true,"href":"https:\/\/www.hydraulic-cylinders.net\/tr\/wp-json\/wp\/v2\/product_tag?post=1003"}],"curies":[{"name":"wp","href":"https:\/\/api.w.org\/{rel}","templated":true}]}}