{"id":1019,"date":"2023-09-07T03:16:54","date_gmt":"2023-09-07T03:16:54","guid":{"rendered":"https:\/\/hydraulic-cylinders.net\/?post_type=product&#038;p=1019"},"modified":"2023-09-19T01:36:32","modified_gmt":"2023-09-19T01:36:32","slug":"double-pistion-rod-hydraulic-cylinder","status":"publish","type":"product","link":"https:\/\/www.hydraulic-cylinders.net\/tr\/urun\/double-pistion-rod-hydraulic-cylinder\/","title":{"rendered":"\u00c7ift Piston Kollu Hidrolik Silindir"},"content":{"rendered":"<h1 style=\"text-align: center;\"><strong>\u00c7ift Piston Kollu Hidrolik Silindir<\/strong><\/h1>\n<p><img loading=\"lazy\" decoding=\"async\" class=\"size-full wp-image-1022 aligncenter\" src=\"https:\/\/hydraulic-cylinders.net\/wp-content\/uploads\/2023\/09\/double-piston-rod-hydraulic-cylinder-1-1.webp\" alt=\"\" width=\"281\" height=\"281\" srcset=\"https:\/\/www.hydraulic-cylinders.net\/wp-content\/uploads\/2023\/09\/double-piston-rod-hydraulic-cylinder-1-1.webp 281w, https:\/\/www.hydraulic-cylinders.net\/wp-content\/uploads\/2023\/09\/double-piston-rod-hydraulic-cylinder-1-1-100x100.webp 100w, https:\/\/www.hydraulic-cylinders.net\/wp-content\/uploads\/2023\/09\/double-piston-rod-hydraulic-cylinder-1-1-150x150.webp 150w, https:\/\/www.hydraulic-cylinders.net\/wp-content\/uploads\/2023\/09\/double-piston-rod-hydraulic-cylinder-1-1-12x12.webp 12w\" sizes=\"(max-width: 281px) 100vw, 281px\" \/><\/p>\n<p>\u00c7ift piston kollu hidrolik silindir, \u00e7ok \u00e7e\u015fitli end\u00fcstriyel uygulamalar i\u00e7in \u00fcst\u00fcn g\u00fc\u00e7, denge ve \u00e7ok y\u00f6nl\u00fcl\u00fck sa\u011flamak \u00fczere tasarlanm\u0131\u015f, son teknoloji \u00fcr\u00fcn\u00fc bir hidrolik elemand\u0131r. Benzersiz \u00e7ift piston kollu konfig\u00fcrasyonu sayesinde bu hidrolik silindir, geli\u015fmi\u015f y\u00fck ta\u015f\u0131ma kapasitesi, hassas kontrol ve g\u00fcvenilir performans sunarak zorlu hidrolik sistemlerde vazge\u00e7ilmez bir varl\u0131k haline gelir.<\/p>\n<p>D\u00f6rt \u00c7ubuklu Hidrolik Silindirin Temel \u00d6zellikleri:<\/p>\n<p><strong>\u00c7ift Piston Kolu Konfig\u00fcrasyonu:<\/strong><\/p>\n<ol>\n<li style=\"list-style-type: none;\">\n<ul>\n<li>\u00c7ift piston kolu konfig\u00fcrasyonu, hidrolik silindiri geleneksel tasar\u0131mdan farkl\u0131 k\u0131larak daha y\u00fcksek stabilite, y\u00fck kapasitesi ve yanal y\u00fck direnci sa\u011fl\u0131yor.<\/li>\n<li>\u00c7al\u0131\u015fma esnas\u0131nda kuvvetlerin simetrik da\u011f\u0131l\u0131m\u0131n\u0131 sa\u011flayarak dengeli ve hassas hareket imkan\u0131 sa\u011flar.<\/li>\n<\/ul>\n<\/li>\n<\/ol>\n<p><strong>Y\u00fcksek G\u00fc\u00e7 \u00c7\u0131k\u0131\u015f\u0131:<\/strong><\/p>\n<ol>\n<li style=\"list-style-type: none;\">\n<ul>\n<li>Bu hidrolik silindir etkileyici bir g\u00fc\u00e7 \u00e7\u0131k\u0131\u015f\u0131na sahiptir ve bu da onu \u00e7ok fazla g\u00fc\u00e7 ve kald\u0131rma kapasitesi gerektiren uygulamalar i\u00e7in uygun hale getirir.<\/li>\n<li>A\u011f\u0131r y\u00fckleri rahatl\u0131kla ta\u015f\u0131yabilmesini sa\u011flayan \u00f6zel bir itme g\u00fcc\u00fc sa\u011flar.<\/li>\n<\/ul>\n<\/li>\n<\/ol>\n<p><strong>Hassas Kontrol ve Konumland\u0131rma:<\/strong><\/p>\n<ol>\n<li style=\"list-style-type: none;\">\n<ul>\n<li>\u00c7ift piston kollu hidrolik silindirler, do\u011frusal hareket \u00fczerinde hassas kontrol sa\u011flayarak do\u011fru konumland\u0131rma ve d\u00fczg\u00fcn \u00e7al\u0131\u015fma sa\u011flar.<\/li>\n<li>M\u00fckemmel strok kontrol\u00fc sa\u011flayarak operat\u00f6rlerin belirli g\u00f6revler i\u00e7in gereken h\u0131z ve hassasiyeti elde etmelerini sa\u011flar.<\/li>\n<\/ul>\n<\/li>\n<\/ol>\n<p><strong>\u00c7ok Y\u00f6nl\u00fc Uygulama:<\/strong><\/p>\n<ul>\n<li style=\"list-style-type: none;\">\n<ul>\n<li>Sa\u011flam yap\u0131s\u0131 ve \u00e7ok y\u00f6nl\u00fc tasar\u0131m\u0131 bu hidrolik silindiri \u00e7e\u015fitli end\u00fcstriler ve uygulamalar i\u00e7in uygun hale getirir.<\/li>\n<li>A\u011f\u0131r i\u015f makinalar\u0131, in\u015faat ekipmanlar\u0131, malzeme ta\u015f\u0131ma sistemleri, tar\u0131m makinalar\u0131 vb. alanlarda kullan\u0131labilir.<\/li>\n<\/ul>\n<\/li>\n<\/ul>\n<h2><strong>\u00c7ift Piston Kollu Hidrolik Silindir Parametresi:<\/strong><\/h2>\n<p><img loading=\"lazy\" decoding=\"async\" class=\"alignnone wp-image-1023 size-full\" src=\"https:\/\/hydraulic-cylinders.net\/wp-content\/uploads\/2023\/09\/double-piston-rod-hydraulic-cylinder-2.webp\" alt=\"\" width=\"654\" height=\"388\" srcset=\"https:\/\/hydraulic-cylinders.net\/wp-content\/uploads\/2023\/09\/double-piston-rod-hydraulic-cylinder-2.webp 654w, https:\/\/hydraulic-cylinders.net\/wp-content\/uploads\/2023\/09\/double-piston-rod-hydraulic-cylinder-2-480x285.webp 480w\" sizes=\"(min-width: 0px) and (max-width: 480px) 480px, (min-width: 481px) 654px, 100vw\" \/><\/p>\n<h2><strong>\u00c7ift Piston Kollu Hidrolik Silindir <\/strong><strong>Kullan\u0131m Y\u00f6ntemi<\/strong><strong>:<\/strong><\/h2>\n<p><strong>Montaj ve Kurulum:<\/strong><\/p>\n<ol>\n<li style=\"list-style-type: none;\">\n<ul>\n<li>Hidrolik silindirin sistem veya ekipman i\u00e7indeki uygun montaj yerini belirlemek i\u00e7in y\u00fck gereksinimlerini ve alan k\u0131s\u0131tlamalar\u0131n\u0131 g\u00f6z \u00f6n\u00fcnde bulundurun.<\/li>\n<li>Montaj y\u00fczeyinin temiz, d\u00fcz ve silindirin a\u011f\u0131rl\u0131\u011f\u0131n\u0131 ta\u015f\u0131yabilecek kapasitede oldu\u011fundan emin olun.<\/li>\n<li>Silindirleri \u00fcreticinin talimatlar\u0131na uygun olarak \u00f6nerilen c\u0131vata veya ba\u011flant\u0131 elemanlar\u0131 kullanarak sabitleyin.<\/li>\n<\/ul>\n<\/li>\n<\/ol>\n<p><strong>Hidrolik Ba\u011flant\u0131lar:<\/strong><\/p>\n<ol>\n<li style=\"list-style-type: none;\">\n<ul>\n<li>Hidrolik besleme hatt\u0131n\u0131 silindir portuna ba\u011flay\u0131n ve s\u0131z\u0131nt\u0131y\u0131 \u00f6nlemek i\u00e7in uygun contay\u0131 sa\u011flay\u0131n.<\/li>\n<li>Hidrolik ya\u011f t\u00fcr\u00fc i\u00e7in \u00fcreticinin \u00f6nerilerini izleyin ve sistemi \u00f6nerilen seviyeye kadar doldurun.<\/li>\n<\/ul>\n<\/li>\n<\/ol>\n<p><strong>\u0130\u015flem:<\/strong><\/p>\n<ul>\n<li style=\"list-style-type: none;\">\n<ul>\n<li>Hidrolik sistemi \u00e7al\u0131\u015ft\u0131r\u0131n ve hidrolik kontrol valfi veya di\u011fer uygun kontrol mekanizmas\u0131n\u0131 kullanarak silindirin hareketini kontrol edin.<\/li>\n<li>\u0130stenilen h\u0131z ve kuvvet \u00e7\u0131k\u0131\u015f\u0131n\u0131 elde etmek i\u00e7in ak\u0131\u015f ve bas\u0131n\u00e7 ayarlar\u0131n\u0131 yap\u0131n.<\/li>\n<li>Silindirin \u00e7al\u0131\u015fmas\u0131n\u0131, s\u0131z\u0131nt\u0131, a\u015f\u0131r\u0131 \u0131s\u0131nma veya al\u0131\u015f\u0131lmad\u0131k g\u00fcr\u00fclt\u00fc gibi anormal davran\u0131\u015flar a\u00e7\u0131s\u0131ndan d\u00fczenli olarak izleyin.<\/li>\n<\/ul>\n<\/li>\n<\/ul>\n<h2><strong>\u00c7ift Piston Kollu Hidrolik Silindir <\/strong><strong>Bak\u0131m<\/strong><strong>:<\/strong><\/h2>\n<p><strong>D\u00fczenli Muayene:<\/strong><\/p>\n<ol>\n<li style=\"list-style-type: none;\">\n<ul>\n<li>A\u015f\u0131nma, s\u0131z\u0131nt\u0131 veya hasar belirtilerini kontrol etmek i\u00e7in rutin g\u00f6rsel incelemeler yap\u0131n.<\/li>\n<li>Piston kolu, contalar ve montaj ba\u011flant\u0131lar\u0131nda anormallik olup olmad\u0131\u011f\u0131n\u0131 kontrol edin ve herhangi bir sorun varsa derhal giderin.<\/li>\n<\/ul>\n<\/li>\n<\/ol>\n<p><strong>Ya\u011flama:<\/strong><\/p>\n<ol>\n<li style=\"list-style-type: none;\">\n<ul>\n<li>\u00dcreticinin ya\u011flama aral\u0131\u011f\u0131 talimatlar\u0131n\u0131 izleyin ve sorunsuz \u00e7al\u0131\u015fmay\u0131 sa\u011flamak i\u00e7in \u00f6nerilen ya\u011f\u0131 kullan\u0131n.<\/li>\n<li>S\u00fcrt\u00fcnmeyi en aza indirmek ve silindir \u00f6mr\u00fcn\u00fc uzatmak i\u00e7in piston \u00e7ubuklar\u0131n\u0131, contalar\u0131 ve di\u011fer hareketli par\u00e7alar\u0131 ya\u011flay\u0131n.<\/li>\n<\/ul>\n<\/li>\n<\/ol>\n<p><strong>Conta De\u011fi\u015fimi:<\/strong><\/p>\n<ul>\n<li style=\"list-style-type: none;\">\n<ul>\n<li>Zamanla contalar a\u015f\u0131nabilir ve de\u011fi\u015ftirilmeleri gerekebilir. Bir s\u0131z\u0131nt\u0131 tespit ederseniz, eski contay\u0131 dikkatlice \u00e7\u0131kar\u0131n ve \u00fcreticinin talimatlar\u0131na g\u00f6re yeni contay\u0131 tak\u0131n.<\/li>\n<\/ul>\n<\/li>\n<\/ul>\n<h2><strong>TB Tipi D\u00f6rt \u00c7ubuk Hidrolik Silindir <\/strong><strong>Bak\u0131m<\/strong><strong>:<\/strong><\/h2>\n<ol>\n<li><strong>D\u00fczenli Muayene:<\/strong><\/li>\n<\/ol>\n<ul>\n<li>Silindiri periyodik olarak s\u0131z\u0131nt\u0131, hasar veya a\u015f\u0131r\u0131 a\u015f\u0131nma a\u00e7\u0131s\u0131ndan inceleyin.<\/li>\n<li>Contalar\u0131n, \u00e7ubuklar\u0131n ve montaj par\u00e7alar\u0131n\u0131n durumunu kontrol edin ve a\u015f\u0131nm\u0131\u015f veya hasarl\u0131 par\u00e7alar\u0131 de\u011fi\u015ftirin.<\/li>\n<\/ul>\n<ol start=\"2\">\n<li><strong>Ya\u011flama:<\/strong><\/li>\n<\/ol>\n<ul>\n<li>Ya\u011flama aral\u0131klar\u0131 i\u00e7in \u00fcreticinin \u00f6nerilerini izleyin ve silindirin \u00f6zelliklerine uygun, y\u00fcksek kaliteli hidrolik ya\u011f veya gres kullan\u0131n.<\/li>\n<li>S\u00fcrt\u00fcnmeyi en aza indirmek ve d\u00fczg\u00fcn \u00e7al\u0131\u015fmay\u0131 sa\u011flamak i\u00e7in \u00e7ubu\u011fa, contalara ve di\u011fer hareketli par\u00e7alara ya\u011flama uygulay\u0131n.<\/li>\n<\/ul>\n<ol start=\"3\">\n<li><strong>Temizlik:<\/strong><\/li>\n<\/ol>\n<ul>\n<li>Silindiri ve \u00e7evresini temiz tutun ve performans\u0131n\u0131 etkileyen kirleticilerden, tozdan veya kal\u0131nt\u0131lardan ar\u0131nd\u0131r\u0131n.<\/li>\n<li>Silindirin d\u0131\u015f y\u00fczeylerini silmek i\u00e7in yumu\u015fak bir temizlik maddesi ve yumu\u015fak bir bez kullan\u0131n.<\/li>\n<\/ul>\n<h2><strong>Fabrikan\u0131n Kapasitesi ve Kapasitesi:<\/strong><\/h2>\n<h3>(1) Meclis<\/h3>\n<p>Birinci s\u0131n\u0131f ba\u011f\u0131ms\u0131z bir ara\u015ft\u0131rma ve geli\u015ftirme montaj platformumuz bulunmaktad\u0131r. Hidrolik silindir \u00fcretim at\u00f6lyemizde, y\u0131ll\u0131k 1 milyon adet \u00fcretim kapasitesine sahip d\u00f6rt adet yar\u0131 otomatik kald\u0131rma silindiri montaj hatt\u0131 ve bir adet otomatik devirme silindiri montaj hatt\u0131 bulunmaktad\u0131r. \u00d6zel silindir at\u00f6lyemiz, y\u0131ll\u0131k 200.000 adet \u00fcretim kapasitesine sahip \u00e7e\u015fitli \u00f6zelliklerde yar\u0131 otomatik temizleme montaj sistemiyle donat\u0131lm\u0131\u015ft\u0131r. Ayr\u0131ca, \u00fcnl\u00fc CNC i\u015fleme ekipmanlar\u0131, bir i\u015fleme merkezi, y\u00fcksek hassasiyetli silindir i\u015fleme \u00f6zel ekipmanlar\u0131, bir robot kaynak makinesi, bir otomatik temizleme makinesi, otomatik silindir montaj makinesi ve otomatik boyama \u00fcretim hatt\u0131 ile donat\u0131lm\u0131\u015ft\u0131r. 300'den fazla setten olu\u015fan kritik ekipmanlar mevcuttur. Ekipman kaynaklar\u0131n\u0131n optimum da\u011f\u0131l\u0131m\u0131 ve verimli kullan\u0131m\u0131, \u00fcr\u00fcnlerin hassasiyet gereksinimlerini kar\u015f\u0131lar ve \u00fcr\u00fcnlerin y\u00fcksek kalite ihtiya\u00e7lar\u0131n\u0131 kar\u015f\u0131lar.<\/p>\n<p><img loading=\"lazy\" decoding=\"async\" class=\"alignnone wp-image-626\" src=\"https:\/\/hydraulic-cylinders.net\/wp-content\/uploads\/2023\/08\/hydraulic-cylinder-product-1-300x158.webp\" alt=\"\" width=\"495\" height=\"260\" srcset=\"https:\/\/hydraulic-cylinders.net\/wp-content\/uploads\/2023\/08\/hydraulic-cylinder-product-1-300x158.webp 495w, https:\/\/hydraulic-cylinders.net\/wp-content\/uploads\/2023\/08\/hydraulic-cylinder-product-1-480x252.webp 480w\" sizes=\"(min-width: 0px) and (max-width: 480px) 480px, (min-width: 481px) 495px, 100vw\" \/> <img loading=\"lazy\" decoding=\"async\" class=\"alignnone wp-image-627\" src=\"https:\/\/hydraulic-cylinders.net\/wp-content\/uploads\/2023\/08\/hydraulic-cylinder-product-2-300x189.webp\" alt=\"\" width=\"413\" height=\"260\" \/><\/p>\n<h3>(2) \u0130\u015fleme<\/h3>\n<p>\u0130\u015fleme at\u00f6lyesi, maksimum 400 mm i\u00e7 \u00e7apa ve maksimum 6 metre uzunlu\u011fa sahip silindir borular\u0131n\u0131n i\u015flenmesini ger\u00e7ekle\u015ftirebilen \u00f6zel e\u011fimli ray torna merkezi, i\u015fleme merkezi, y\u00fcksek h\u0131zl\u0131 honlama makinesi, kaynak robotu ve di\u011fer ilgili ekipmanlarla donat\u0131lm\u0131\u015ft\u0131r.<\/p>\n<p><img loading=\"lazy\" decoding=\"async\" class=\"alignnone wp-image-628 size-large\" src=\"https:\/\/hydraulic-cylinders.net\/wp-content\/uploads\/2023\/08\/hydraulic-cylinder-product-3-1024x391.webp\" alt=\"\" width=\"1024\" height=\"391\" srcset=\"https:\/\/hydraulic-cylinders.net\/wp-content\/uploads\/2023\/08\/hydraulic-cylinder-product-3-980x374.webp 980w, https:\/\/hydraulic-cylinders.net\/wp-content\/uploads\/2023\/08\/hydraulic-cylinder-product-3-480x183.webp 480w\" sizes=\"(min-width: 0px) and (max-width: 480px) 480px, (min-width: 481px) and (max-width: 980px) 980px, (min-width: 981px) 1024px, 100vw\" \/><\/p>\n<h3>(3) Kaynak<\/h3>\n<p><img loading=\"lazy\" decoding=\"async\" class=\"alignnone wp-image-629 size-large\" src=\"https:\/\/hydraulic-cylinders.net\/wp-content\/uploads\/2023\/08\/hydraulic-cylinder-product-4-1024x510.webp\" alt=\"\" width=\"1024\" height=\"510\" srcset=\"https:\/\/hydraulic-cylinders.net\/wp-content\/uploads\/2023\/08\/hydraulic-cylinder-product-4-980x488.webp 980w, https:\/\/hydraulic-cylinders.net\/wp-content\/uploads\/2023\/08\/hydraulic-cylinder-product-4-480x239.webp 480w\" sizes=\"(min-width: 0px) and (max-width: 480px) 480px, (min-width: 481px) and (max-width: 980px) 980px, (min-width: 981px) 1024px, 100vw\" \/><\/p>\n<h3>(4) Boyama ve kaplama<\/h3>\n<p>K\u00fc\u00e7\u00fck ve orta \u00f6l\u00e7ekli silindirli otomatik su bazl\u0131 boya kaplama hatlar\u0131nda, otomatik robot y\u00fckleme-bo\u015faltma ve otomatik p\u00fcsk\u00fcrtmeyi ger\u00e7ekle\u015ftirmek i\u00e7in, vardiya ba\u015f\u0131na 4000 adet tasar\u0131m kapasitesi;<br \/>\nAyr\u0131ca, vardiya ba\u015f\u0131na 60 kasa kapasiteli, g\u00fc\u00e7 zinciriyle \u00e7al\u0131\u015fan b\u00fcy\u00fck silindirler i\u00e7in yar\u0131 otomatik boya \u00fcretim hatt\u0131m\u0131z da bulunmaktad\u0131r.<\/p>\n<p><img loading=\"lazy\" decoding=\"async\" class=\"alignnone wp-image-630\" src=\"https:\/\/hydraulic-cylinders.net\/wp-content\/uploads\/2023\/08\/hydraulic-cylinder-product-5-300x213.webp\" alt=\"\" width=\"366\" height=\"260\" \/> <img loading=\"lazy\" decoding=\"async\" class=\"alignnone wp-image-631\" src=\"https:\/\/hydraulic-cylinders.net\/wp-content\/uploads\/2023\/08\/hydraulic-cylinder-product-6-300x225.webp\" alt=\"\" width=\"347\" height=\"260\" \/><\/p>\n<h3>(5) Test etme<\/h3>\n<p>Silindirin performans\u0131n\u0131n gereklilikleri kar\u015f\u0131lad\u0131\u011f\u0131ndan emin olmak i\u00e7in birinci s\u0131n\u0131f muayene tesislerimiz ve test yataklar\u0131m\u0131z bulunmaktad\u0131r.<\/p>\n<p><img loading=\"lazy\" decoding=\"async\" class=\"alignnone wp-image-632\" src=\"https:\/\/hydraulic-cylinders.net\/wp-content\/uploads\/2023\/08\/hydraulic-cylinder-product-8-300x200.webp\" alt=\"\" width=\"389\" height=\"260\" \/><\/p>\n<p>&nbsp;<\/p>\n<p>&nbsp;<\/p>\n<p>En iyi hafif d\u00f6rt kollu hidrolik silindir \u00fcreticilerinden biriyiz. Kapsaml\u0131 hafif d\u00f6rt kollu hidrolik silindir sto\u011fu sunabiliyoruz. Ayr\u0131ca, ilgili \u00fcr\u00fcnleri de sa\u011fl\u0131yoruz. <a href=\"https:\/\/hzpt.com\/agricultural-pto-gearbox\/\" target=\"_blank\" rel=\"noopener\">tar\u0131msal di\u015fli kutular\u0131<\/a>\u00dcr\u00fcnlerimizi d\u00fcnyan\u0131n d\u00f6rt bir yan\u0131ndaki m\u00fc\u015fterilerimize ihra\u00e7 ettik ve \u00fcst\u00fcn \u00fcr\u00fcn kalitemiz ve sat\u0131\u015f sonras\u0131 hizmetlerimiz sayesinde iyi bir itibar kazand\u0131k. Yurt i\u00e7i ve yurt d\u0131\u015f\u0131ndaki m\u00fc\u015fterilerimizi i\u015f g\u00f6r\u00fc\u015fmeleri yapmak, bilgi al\u0131\u015fveri\u015finde bulunmak ve daha fazlas\u0131 i\u00e7in bizimle ileti\u015fime ge\u00e7meye davet ediyoruz.\u00a0<a href=\"https:\/\/www.hydraulic-cylinders.net\/tr\/contact-us\/\">bizimle i\u015fbirli\u011fi yap\u0131n<\/a>!<\/p>\n<h2><\/h2>\n<h2><\/h2>","protected":false},"excerpt":{"rendered":"<p>Double Piston Rod Hydraulic Cylinder The double piston rod hydraulic cylinder is a cutting-edge hydraulic element designed to provide superior power, stability, and versatility for a wide range of industrial applications. With its unique dual piston rod configuration, this hydraulic cylinder offers enhanced load-carrying capacity, precise control, and reliable performance, making it an indispensable asset [&hellip;]<\/p>","protected":false},"featured_media":1024,"comment_status":"open","ping_status":"closed","template":"","meta":{"_et_pb_use_builder":"","_et_pb_old_content":"","_et_gb_content_width":""},"product_brand":[],"product_cat":[1376,1386],"product_tag":[1380],"class_list":{"0":"post-1019","1":"product","2":"type-product","3":"status-publish","4":"has-post-thumbnail","6":"product_cat-hydraulic-cylinder","7":"product_cat-four-rod-hydraulic-cylinder","8":"product_tag-hydraulic-cylinder","10":"first","11":"instock","12":"shipping-taxable","13":"product-type-simple"},"amp_enabled":true,"_links":{"self":[{"href":"https:\/\/www.hydraulic-cylinders.net\/tr\/wp-json\/wp\/v2\/product\/1019","targetHints":{"allow":["GET"]}}],"collection":[{"href":"https:\/\/www.hydraulic-cylinders.net\/tr\/wp-json\/wp\/v2\/product"}],"about":[{"href":"https:\/\/www.hydraulic-cylinders.net\/tr\/wp-json\/wp\/v2\/types\/product"}],"replies":[{"embeddable":true,"href":"https:\/\/www.hydraulic-cylinders.net\/tr\/wp-json\/wp\/v2\/comments?post=1019"}],"wp:featuredmedia":[{"embeddable":true,"href":"https:\/\/www.hydraulic-cylinders.net\/tr\/wp-json\/wp\/v2\/media\/1024"}],"wp:attachment":[{"href":"https:\/\/www.hydraulic-cylinders.net\/tr\/wp-json\/wp\/v2\/media?parent=1019"}],"wp:term":[{"taxonomy":"product_brand","embeddable":true,"href":"https:\/\/www.hydraulic-cylinders.net\/tr\/wp-json\/wp\/v2\/product_brand?post=1019"},{"taxonomy":"product_cat","embeddable":true,"href":"https:\/\/www.hydraulic-cylinders.net\/tr\/wp-json\/wp\/v2\/product_cat?post=1019"},{"taxonomy":"product_tag","embeddable":true,"href":"https:\/\/www.hydraulic-cylinders.net\/tr\/wp-json\/wp\/v2\/product_tag?post=1019"}],"curies":[{"name":"wp","href":"https:\/\/api.w.org\/{rel}","templated":true}]}}