{"id":1105,"date":"2023-09-11T07:55:14","date_gmt":"2023-09-11T07:55:14","guid":{"rendered":"https:\/\/hydraulic-cylinders.net\/?post_type=product&#038;p=1105"},"modified":"2023-09-19T02:17:30","modified_gmt":"2023-09-19T02:17:30","slug":"piston-rod-end-with-external-thread-connection-engineering-hydraulic-cylinder","status":"publish","type":"product","link":"https:\/\/www.hydraulic-cylinders.net\/tr\/urun\/piston-rod-end-with-external-thread-connection-engineering-hydraulic-cylinder\/","title":{"rendered":"D\u0131\u015f Di\u015f Ba\u011flant\u0131l\u0131 M\u00fchendislik Hidrolik Silindirli Piston Kolu Ucu"},"content":{"rendered":"<h1 style=\"text-align: center;\"><strong>D\u0131\u015f Di\u015f Ba\u011flant\u0131l\u0131 M\u00fchendislik Hidrolik Silindirli Piston Kolu Ucu<\/strong><\/h1>\n<p>D\u0131\u015ftan di\u015fli ba\u011flant\u0131ya sahip piston kolu ucu, m\u00fchendislik hidrolik silindir piston kolunun ucunda bulunur. Genellikle, montaj braketleri, \u00e7atlaklar veya di\u011fer y\u00fck ta\u015f\u0131y\u0131c\u0131 yap\u0131lar gibi \u00e7e\u015fitli bile\u015fenlerin g\u00fcvenli bir \u015fekilde sabitlenmesini sa\u011flayan di\u015fli b\u00f6l\u00fcmlere sahiptir.<\/p>\n<p>HSG serisi m\u00fchendislik hidrolik silindiri, \u00e7ift etkili piston kollu bir hidrolik silindirdir. Montaj \u015fekli k\u00fcpe tipidir. Silindir kapa\u011f\u0131 ile silindir blo\u011fu aras\u0131ndaki ba\u011flant\u0131ya g\u00f6re \u00fc\u00e7 \u00e7e\u015fit d\u0131\u015f di\u015fli ba\u011flant\u0131s\u0131, i\u00e7 kart kritik ba\u011flant\u0131s\u0131 ve flan\u015f ba\u011flant\u0131s\u0131 vard\u0131r. M\u00fchendislik hidrolik silindiri \u00e7o\u011funlukla in\u015faat, kald\u0131rma, madencilik ve di\u011fer hidrolik sistemlerde kullan\u0131l\u0131r.<\/p>\n<p><img loading=\"lazy\" decoding=\"async\" class=\"aligncenter wp-image-1106\" src=\"https:\/\/hydraulic-cylinders.net\/wp-content\/uploads\/2023\/09\/hsg-hydraulic-cylinder-3-1-300x300.webp\" alt=\"\" width=\"400\" height=\"400\" \/><\/p>\n<h2><strong>HSG M\u00fchendislik Hidrolik Silindir Parametresi<\/strong><strong>:<\/strong><\/h2>\n<p><img loading=\"lazy\" decoding=\"async\" class=\"alignnone wp-image-1107 size-full\" src=\"https:\/\/hydraulic-cylinders.net\/wp-content\/uploads\/2023\/09\/hsg-engineering-hydraulic-cylinder-parameter-1-scaled.webp\" alt=\"\" width=\"2560\" height=\"1848\" srcset=\"https:\/\/hydraulic-cylinders.net\/wp-content\/uploads\/2023\/09\/hsg-engineering-hydraulic-cylinder-parameter-1-scaled.webp 2560w, https:\/\/hydraulic-cylinders.net\/wp-content\/uploads\/2023\/09\/hsg-engineering-hydraulic-cylinder-parameter-1-1280x924.webp 1280w, https:\/\/hydraulic-cylinders.net\/wp-content\/uploads\/2023\/09\/hsg-engineering-hydraulic-cylinder-parameter-1-980x707.webp 980w, https:\/\/hydraulic-cylinders.net\/wp-content\/uploads\/2023\/09\/hsg-engineering-hydraulic-cylinder-parameter-1-480x347.webp 480w\" sizes=\"(min-width: 0px) and (max-width: 480px) 480px, (min-width: 481px) and (max-width: 980px) 980px, (min-width: 981px) and (max-width: 1280px) 1280px, (min-width: 1281px) 2560px, 100vw\" \/> <img loading=\"lazy\" decoding=\"async\" class=\"alignnone wp-image-1108 size-full\" src=\"https:\/\/hydraulic-cylinders.net\/wp-content\/uploads\/2023\/09\/hsg-engineering-hydraulic-cylinder-parameter-2-scaled.webp\" alt=\"\" width=\"2269\" height=\"2560\" srcset=\"https:\/\/hydraulic-cylinders.net\/wp-content\/uploads\/2023\/09\/hsg-engineering-hydraulic-cylinder-parameter-2-scaled.webp 2269w, https:\/\/hydraulic-cylinders.net\/wp-content\/uploads\/2023\/09\/hsg-engineering-hydraulic-cylinder-parameter-2-1280x1444.webp 1280w, https:\/\/hydraulic-cylinders.net\/wp-content\/uploads\/2023\/09\/hsg-engineering-hydraulic-cylinder-parameter-2-980x1106.webp 980w, https:\/\/hydraulic-cylinders.net\/wp-content\/uploads\/2023\/09\/hsg-engineering-hydraulic-cylinder-parameter-2-480x542.webp 480w\" sizes=\"(min-width: 0px) and (max-width: 480px) 480px, (min-width: 481px) and (max-width: 980px) 980px, (min-width: 981px) and (max-width: 1280px) 1280px, (min-width: 1281px) 2269px, 100vw\" \/> <img loading=\"lazy\" decoding=\"async\" class=\"alignnone wp-image-1109 size-full\" src=\"https:\/\/hydraulic-cylinders.net\/wp-content\/uploads\/2023\/09\/hsg-engineering-hydraulic-cylinder-parameter-3-scaled.webp\" alt=\"\" width=\"2112\" height=\"2560\" srcset=\"https:\/\/hydraulic-cylinders.net\/wp-content\/uploads\/2023\/09\/hsg-engineering-hydraulic-cylinder-parameter-3-scaled.webp 2112w, https:\/\/hydraulic-cylinders.net\/wp-content\/uploads\/2023\/09\/hsg-engineering-hydraulic-cylinder-parameter-3-1280x1552.webp 1280w, https:\/\/hydraulic-cylinders.net\/wp-content\/uploads\/2023\/09\/hsg-engineering-hydraulic-cylinder-parameter-3-980x1188.webp 980w, https:\/\/hydraulic-cylinders.net\/wp-content\/uploads\/2023\/09\/hsg-engineering-hydraulic-cylinder-parameter-3-480x582.webp 480w\" sizes=\"(min-width: 0px) and (max-width: 480px) 480px, (min-width: 481px) and (max-width: 980px) 980px, (min-width: 981px) and (max-width: 1280px) 1280px, (min-width: 1281px) 2112px, 100vw\" \/><\/p>\n<h2><strong>HSG M\u00fchendislik Hidrolik Silindir <\/strong><strong>Avantajlar\u0131<\/strong><strong>:<\/strong><\/h2>\n<p>D\u0131\u015ftan di\u015fli ba\u011flant\u0131l\u0131 piston kolu ucu, m\u00fchendislik hidrolik silindirlerinde \u00e7e\u015fitli avantajlar sunar:<\/p>\n<ol>\n<li>\u00c7ok y\u00f6nl\u00fcl\u00fck:\n<ul>\n<li>Di\u015fli ba\u011flant\u0131lar, \u00e7e\u015fitli bile\u015fenleri veya y\u00fck ta\u015f\u0131y\u0131c\u0131 yap\u0131lar\u0131 ba\u011flama esnekli\u011fi sa\u011flayarak, farkl\u0131 uygulama gereksinimlerine g\u00f6re \u00f6zelle\u015ftirme ve uyarlama olana\u011f\u0131 sunar.<\/li>\n<\/ul>\n<\/li>\n<li>G\u00fcvenli Ba\u011flant\u0131:\n<ul>\n<li>D\u0131\u015ftan di\u015fli ba\u011flant\u0131, g\u00fcvenli ve sa\u011flam bir ba\u011flant\u0131 sa\u011flayarak \u00e7al\u0131\u015fma s\u0131ras\u0131nda gev\u015feme veya ayr\u0131lma riskini en aza indirir.<\/li>\n<li>Bu, \u00f6zellikle zorlu veya y\u00fcksek mukavemet gerektiren uygulamalarda hidrolik silindir tertibatlar\u0131n\u0131n g\u00fcvenli\u011fini ve stabilitesini art\u0131r\u0131r.<\/li>\n<\/ul>\n<\/li>\n<li>Bak\u0131m ve De\u011fi\u015ftirme Kolayl\u0131\u011f\u0131:\n<ul>\n<li>D\u0131\u015ftan di\u015fli ba\u011flant\u0131lar, bak\u0131m ve par\u00e7a de\u011fi\u015fimini kolayla\u015ft\u0131rarak h\u0131zl\u0131 s\u00f6kme ve takma imkan\u0131 sa\u011flar.<\/li>\n<li>Bu, hasarl\u0131 veya a\u015f\u0131nm\u0131\u015f par\u00e7alar\u0131n incelenmesine, onar\u0131lmas\u0131na veya de\u011fi\u015ftirilmesine yard\u0131mc\u0131 olarak ar\u0131za s\u00fcrelerini azalt\u0131r ve genel sistem verimlili\u011fini art\u0131r\u0131r.<\/li>\n<\/ul>\n<\/li>\n<\/ol>\n<h2><strong>HSG M\u00fchendislik Hidrolik Silindir<\/strong><strong> Uygulamalar:<\/strong><\/h2>\n<p>Piston kolu ucundaki d\u0131\u015ftan di\u015fli ba\u011flant\u0131, a\u015fa\u011f\u0131dakiler de dahil olmak \u00fczere \u00e7e\u015fitli m\u00fchendislik uygulamalar\u0131nda \u00e7ok y\u00f6nl\u00fcl\u00fck ve kolayl\u0131k sa\u011flar:<\/p>\n<ol>\n<li><strong>Montaj Braketleri ve Destekleri:<\/strong>\n<ul>\n<li>Di\u015fli ba\u011flant\u0131, montaj braketlerinin veya desteklerin hidrolik silindire tak\u0131lmas\u0131n\u0131 sa\u011flar.<\/li>\n<li>Bu braketler veya destekler, silindir tertibat\u0131na ek stabilite ve yap\u0131sal destek sa\u011flayarak do\u011fru hizalama ve y\u00fck da\u011f\u0131l\u0131m\u0131n\u0131 garanti eder.<\/li>\n<\/ul>\n<\/li>\n<li><strong>Ba\u011flant\u0131 Mekanizmalar\u0131:<\/strong>\n<ul>\n<li>D\u0131\u015f di\u015fler, ba\u011flant\u0131 \u00e7ubu\u011fu mekanizmalar\u0131n\u0131n (\u00f6rne\u011fin oluklar veya bilyal\u0131 mafsallar) \u00e7ubuk ucuna tak\u0131lmas\u0131na olanak tan\u0131r.<\/li>\n<li>Bu ba\u011flant\u0131lar, hidrolik silindirler ve di\u011fer mekanik bile\u015fenler aras\u0131nda kuvvet ve hareket aktar\u0131m\u0131n\u0131 kolayla\u015ft\u0131rarak kontroll\u00fc hareket ve hassas konumland\u0131rmaya olanak tan\u0131r.<\/li>\n<\/ul>\n<\/li>\n<li><strong>Y\u00fck Ta\u015f\u0131y\u0131c\u0131 Yap\u0131lar:<\/strong>\n<ul>\n<li>Di\u015fli ba\u011flant\u0131 eleman\u0131, y\u00fck ta\u015f\u0131y\u0131c\u0131 yap\u0131y\u0131 veya ekipman\u0131 do\u011frudan piston kolu ucuna ba\u011flar.<\/li>\n<li>Bu \u00f6zellik, hidrolik silindirin d\u0131\u015f nesnelerin veya makinelerin a\u011f\u0131rl\u0131\u011f\u0131n\u0131 destekleyerek kuvvet uygulamas\u0131n\u0131 sa\u011flar ve a\u011f\u0131r nesneleri kald\u0131rmak, itmek veya \u00e7ekmek i\u00e7in uygun hale getirir.<\/li>\n<\/ul>\n<\/li>\n<\/ol>\n<h2><strong>Hidrolik Silindir Nas\u0131l Yeniden Paketlenir?<\/strong><\/h2>\n<p>Hidrolik silindirin yeniden paketlenmesi, zamanla a\u015f\u0131nm\u0131\u015f veya hasar g\u00f6rm\u00fc\u015f olabilecek contalar\u0131n ve di\u011fer bile\u015fenlerin de\u011fi\u015ftirilmesini i\u00e7erir. \u0130\u015fte hidrolik silindirin yeniden paketlenmesi i\u00e7in genel ad\u0131m ad\u0131m bir k\u0131lavuz:<\/p>\n<ol>\n<li><strong>Haz\u0131rl\u0131k:<\/strong>\n<ul>\n<li>Hidrolik sistemin bas\u0131nc\u0131n\u0131n bo\u015falt\u0131ld\u0131\u011f\u0131ndan ve silindirin tamamen geri \u00e7ekildi\u011finden emin olun.<\/li>\n<li>Silindir modelinize uygun gerekli aletleri ve yedek contalar\u0131 veya conta setlerini toplay\u0131n.<\/li>\n<li>\u00d6zel talimatlar veya \u00f6nlemler i\u00e7in \u00fcreticinin dok\u00fcman\u0131na veya servis k\u0131lavuzuna ba\u015fvurun.<\/li>\n<\/ul>\n<\/li>\n<li><strong>Silindiri \u00e7\u0131kar\u0131n:<\/strong>\n<ul>\n<li>Silindire ba\u011fl\u0131 t\u00fcm hidrolik hatlar\u0131 veya ba\u011flant\u0131 par\u00e7alar\u0131n\u0131 ay\u0131r\u0131n.<\/li>\n<li>Silindire tak\u0131l\u0131 olabilecek t\u00fcm montaj braketlerini veya bile\u015fenlerini \u00e7\u0131kar\u0131n.<\/li>\n<li>Silindiri tak\u0131l\u0131 oldu\u011fu ekipman veya makineden dikkatlice ay\u0131r\u0131n.<\/li>\n<\/ul>\n<\/li>\n<li><strong>Silindiri S\u00f6k\u00fcn:<\/strong>\n<ul>\n<li>Silindiri s\u0131k\u0131ca tutun ve uygun aletler kullanarak piston kolu u\u00e7 kapa\u011f\u0131n\u0131 veya ba\u015fl\u0131\u011f\u0131n\u0131 \u00e7\u0131kar\u0131n.<\/li>\n<li>Pistonu, piston kolunu ve ilgili par\u00e7alar\u0131 silindir g\u00f6vdesinden \u00e7\u0131kar\u0131n.<\/li>\n<li>Par\u00e7alar\u0131 a\u015f\u0131nma, hasar veya korozyon belirtileri a\u00e7\u0131s\u0131ndan inceleyin.<\/li>\n<\/ul>\n<\/li>\n<li><strong>Eski contalar\u0131 \u00e7\u0131kar\u0131n:<\/strong>\n<ul>\n<li>Piston contalar\u0131, mil contalar\u0131 ve silindirdeki di\u011fer t\u00fcm contalar dahil olmak \u00fczere eski contalar\u0131 bulun ve \u00e7\u0131kar\u0131n.<\/li>\n<li>Silindir g\u00f6vdesinin ve piston kolunun i\u00e7 y\u00fczeylerini ve conta oluklar\u0131n\u0131 dikkatlice temizleyin.<\/li>\n<\/ul>\n<\/li>\n<li><strong>Yeni Contalar\u0131 Tak\u0131n:<\/strong>\n<ul>\n<li>Yeni contalar\u0131, \u00fcreticinin \u00f6nerdi\u011fi \u015fekilde, uyumlu bir hidrolik s\u0131v\u0131 veya s\u0131zd\u0131rmazl\u0131k macunu ile ya\u011flay\u0131n.<\/li>\n<li>Yeni contalar\u0131 yuvalar\u0131na yerle\u015ftirin ve do\u011fru y\u00f6nlendirme ve hizalaman\u0131n sa\u011fland\u0131\u011f\u0131ndan emin olun.<\/li>\n<li>Montaj s\u0131ras\u0131nda contan\u0131n zarar g\u00f6rmesini \u00f6nlemek i\u00e7in conta montaj aletleri veya uygun do\u011fa\u00e7lama y\u00f6ntemler kullan\u0131n.<\/li>\n<\/ul>\n<\/li>\n<li><strong>Silindiri yeniden monte edin:<\/strong>\n<ul>\n<li>Pistonu, piston kolunu ve ilgili par\u00e7alar\u0131 silindir g\u00f6vdesine yeniden tak\u0131n.<\/li>\n<li>Silindir g\u00f6vdesinin ve piston kolunun i\u00e7 y\u00fczeylerine ince bir tabaka hidrolik s\u0131v\u0131 veya ya\u011flay\u0131c\u0131 uygulay\u0131n.<\/li>\n<li>Piston kolu u\u00e7 kapa\u011f\u0131n\u0131 veya ba\u015fl\u0131\u011f\u0131n\u0131 dikkatlice yeniden tak\u0131n, do\u011fru hizalama ve \u00fcreticinin talimatlar\u0131na uygun s\u0131kma i\u015flemlerini ger\u00e7ekle\u015ftirin.<\/li>\n<\/ul>\n<\/li>\n<li><strong>Silindiri test edin ve yeniden tak\u0131n:<\/strong>\n<ul>\n<li>Silindire giden t\u00fcm hidrolik hatlar\u0131 veya ba\u011flant\u0131 par\u00e7alar\u0131n\u0131 yeniden ba\u011flay\u0131n.<\/li>\n<li>Silindiri, do\u011fru hizalama ve montajdan emin olarak, ekipman veya makineye dikkatlice yeniden tak\u0131n.<\/li>\n<li>Hidrolik sisteme yava\u015f\u00e7a bas\u0131n\u00e7 uygulay\u0131n ve herhangi bir s\u0131z\u0131nt\u0131 veya anormal \u00e7al\u0131\u015fma olup olmad\u0131\u011f\u0131n\u0131 kontrol edin.<\/li>\n<li>Silindirin d\u00fczg\u00fcn \u00e7al\u0131\u015fmas\u0131 i\u00e7in tamamen uzat\u0131l\u0131p geri \u00e7ekilmesi gerekmektedir.<\/li>\n<\/ul>\n<\/li>\n<li><strong>Bak\u0131m ve Test:<\/strong>\n<ul>\n<li>Hidrolik silindirin optimum performans g\u00f6stermesini sa\u011flamak ve conta ar\u0131zas\u0131n\u0131 \u00f6nlemek i\u00e7in d\u00fczenli olarak kontrol edin ve bak\u0131m\u0131n\u0131 yap\u0131n.<\/li>\n<li>S\u0131z\u0131nt\u0131, a\u015f\u0131r\u0131 y\u0131pranma veya di\u011fer sorun belirtilerini izleyin ve bunlar\u0131 derhal giderin.<\/li>\n<li>\u00dcreticinin tavsiyelerine veya belirli uygulama gereksinimlerine g\u00f6re periyodik testler ve ayarlamalar yap\u0131n.<\/li>\n<\/ul>\n<\/li>\n<\/ol>\n<h2><strong>Fabrikan\u0131n Kapasitesi ve Kapasitesi:<\/strong><\/h2>\n<h3>(1) Meclis<\/h3>\n<p>Birinci s\u0131n\u0131f ba\u011f\u0131ms\u0131z bir ara\u015ft\u0131rma ve geli\u015ftirme montaj platformumuz bulunmaktad\u0131r. Hidrolik silindir \u00fcretim at\u00f6lyemizde, y\u0131ll\u0131k 1 milyon adet \u00fcretim kapasitesine sahip d\u00f6rt adet yar\u0131 otomatik kald\u0131rma silindiri montaj hatt\u0131 ve bir adet otomatik devirme silindiri montaj hatt\u0131 bulunmaktad\u0131r. \u00d6zel silindir at\u00f6lyemiz, y\u0131ll\u0131k 200.000 adet \u00fcretim kapasitesine sahip \u00e7e\u015fitli \u00f6zelliklerde yar\u0131 otomatik temizleme montaj sistemiyle donat\u0131lm\u0131\u015ft\u0131r. Ayr\u0131ca, \u00fcnl\u00fc CNC i\u015fleme ekipmanlar\u0131, bir i\u015fleme merkezi, y\u00fcksek hassasiyetli silindir i\u015fleme \u00f6zel ekipmanlar\u0131, bir robot kaynak makinesi, bir otomatik temizleme makinesi, otomatik silindir montaj makinesi ve otomatik boyama \u00fcretim hatt\u0131 ile donat\u0131lm\u0131\u015ft\u0131r. 300'den fazla setten olu\u015fan kritik ekipmanlar mevcuttur. Ekipman kaynaklar\u0131n\u0131n optimum da\u011f\u0131l\u0131m\u0131 ve verimli kullan\u0131m\u0131, \u00fcr\u00fcnlerin hassasiyet gereksinimlerini kar\u015f\u0131lar ve \u00fcr\u00fcnlerin y\u00fcksek kalite ihtiya\u00e7lar\u0131n\u0131 kar\u015f\u0131lar.<\/p>\n<p><img loading=\"lazy\" decoding=\"async\" class=\"alignnone wp-image-626\" src=\"https:\/\/hydraulic-cylinders.net\/wp-content\/uploads\/2023\/08\/hydraulic-cylinder-product-1-300x158.webp\" alt=\"\" width=\"495\" height=\"260\" srcset=\"https:\/\/hydraulic-cylinders.net\/wp-content\/uploads\/2023\/08\/hydraulic-cylinder-product-1-300x158.webp 495w, https:\/\/hydraulic-cylinders.net\/wp-content\/uploads\/2023\/08\/hydraulic-cylinder-product-1-480x252.webp 480w\" sizes=\"(min-width: 0px) and (max-width: 480px) 480px, (min-width: 481px) 495px, 100vw\" \/> <img loading=\"lazy\" decoding=\"async\" class=\"alignnone wp-image-627\" src=\"https:\/\/hydraulic-cylinders.net\/wp-content\/uploads\/2023\/08\/hydraulic-cylinder-product-2-300x189.webp\" alt=\"\" width=\"413\" height=\"260\" \/><\/p>\n<h3>(2) \u0130\u015fleme<\/h3>\n<p>\u0130\u015fleme at\u00f6lyesi, maksimum 400 mm i\u00e7 \u00e7apa ve maksimum 6 metre uzunlu\u011fa sahip silindir borular\u0131n\u0131n i\u015flenmesini ger\u00e7ekle\u015ftirebilen \u00f6zel e\u011fimli ray torna merkezi, i\u015fleme merkezi, y\u00fcksek h\u0131zl\u0131 honlama makinesi, kaynak robotu ve di\u011fer ilgili ekipmanlarla donat\u0131lm\u0131\u015ft\u0131r.<\/p>\n<p><img loading=\"lazy\" decoding=\"async\" class=\"alignnone wp-image-628 size-large\" src=\"https:\/\/hydraulic-cylinders.net\/wp-content\/uploads\/2023\/08\/hydraulic-cylinder-product-3-1024x391.webp\" alt=\"\" width=\"1024\" height=\"391\" srcset=\"https:\/\/hydraulic-cylinders.net\/wp-content\/uploads\/2023\/08\/hydraulic-cylinder-product-3-980x374.webp 980w, https:\/\/hydraulic-cylinders.net\/wp-content\/uploads\/2023\/08\/hydraulic-cylinder-product-3-480x183.webp 480w\" sizes=\"(min-width: 0px) and (max-width: 480px) 480px, (min-width: 481px) and (max-width: 980px) 980px, (min-width: 981px) 1024px, 100vw\" \/><\/p>\n<h3>(3) Kaynak<\/h3>\n<p><img loading=\"lazy\" decoding=\"async\" class=\"alignnone wp-image-629 size-large\" src=\"https:\/\/hydraulic-cylinders.net\/wp-content\/uploads\/2023\/08\/hydraulic-cylinder-product-4-1024x510.webp\" alt=\"\" width=\"1024\" height=\"510\" srcset=\"https:\/\/hydraulic-cylinders.net\/wp-content\/uploads\/2023\/08\/hydraulic-cylinder-product-4-980x488.webp 980w, https:\/\/hydraulic-cylinders.net\/wp-content\/uploads\/2023\/08\/hydraulic-cylinder-product-4-480x239.webp 480w\" sizes=\"(min-width: 0px) and (max-width: 480px) 480px, (min-width: 481px) and (max-width: 980px) 980px, (min-width: 981px) 1024px, 100vw\" \/><\/p>\n<h3>(4) Boyama ve kaplama<\/h3>\n<p>K\u00fc\u00e7\u00fck ve orta \u00f6l\u00e7ekli silindirli otomatik su bazl\u0131 boya kaplama hatlar\u0131nda, otomatik robot y\u00fckleme-bo\u015faltma ve otomatik p\u00fcsk\u00fcrtmeyi ger\u00e7ekle\u015ftirmek i\u00e7in, vardiya ba\u015f\u0131na 4000 adet tasar\u0131m kapasitesi;<br \/>\nAyr\u0131ca, vardiya ba\u015f\u0131na 60 kasa kapasiteli, g\u00fc\u00e7 zinciriyle \u00e7al\u0131\u015fan b\u00fcy\u00fck silindirler i\u00e7in yar\u0131 otomatik boya \u00fcretim hatt\u0131m\u0131z da bulunmaktad\u0131r.<\/p>\n<p><img loading=\"lazy\" decoding=\"async\" class=\"alignnone wp-image-630\" src=\"https:\/\/hydraulic-cylinders.net\/wp-content\/uploads\/2023\/08\/hydraulic-cylinder-product-5-300x213.webp\" alt=\"\" width=\"366\" height=\"260\" \/> <img loading=\"lazy\" decoding=\"async\" class=\"alignnone wp-image-631\" src=\"https:\/\/hydraulic-cylinders.net\/wp-content\/uploads\/2023\/08\/hydraulic-cylinder-product-6-300x225.webp\" alt=\"\" width=\"347\" height=\"260\" \/><\/p>\n<h3>(5) Test etme<\/h3>\n<p>Silindirin performans\u0131n\u0131n gereklilikleri kar\u015f\u0131lad\u0131\u011f\u0131ndan emin olmak i\u00e7in birinci s\u0131n\u0131f muayene tesislerimiz ve test yataklar\u0131m\u0131z bulunmaktad\u0131r.<\/p>\n<p><img loading=\"lazy\" decoding=\"async\" class=\"alignnone wp-image-632\" src=\"https:\/\/hydraulic-cylinders.net\/wp-content\/uploads\/2023\/08\/hydraulic-cylinder-product-8-300x200.webp\" alt=\"\" width=\"389\" height=\"260\" \/><\/p>\n<p>&nbsp;<\/p>\n<p>&nbsp;<\/p>\n<p>En iyi m\u00fchendislik hidrolik silindir \u00fcreticilerinden biriyiz. Kapsaml\u0131 m\u00fchendislik hidrolik silindir sto\u011fu sunabiliyoruz. Ayr\u0131ca, ilgili \u00fcr\u00fcnleri de sa\u011fl\u0131yoruz. <a href=\"https:\/\/hzpt.com\/agricultural-pto-gearbox\/\" target=\"_blank\" rel=\"noopener\">tar\u0131msal di\u015fli kutular\u0131<\/a>\u00dcr\u00fcnlerimizi d\u00fcnyan\u0131n d\u00f6rt bir yan\u0131ndaki m\u00fc\u015fterilerimize ihra\u00e7 ettik ve \u00fcst\u00fcn \u00fcr\u00fcn kalitemiz ve sat\u0131\u015f sonras\u0131 hizmetlerimiz sayesinde iyi bir itibar kazand\u0131k. Yurt i\u00e7i ve yurt d\u0131\u015f\u0131ndaki m\u00fc\u015fterilerimizi i\u015f g\u00f6r\u00fc\u015fmeleri yapmak, bilgi al\u0131\u015fveri\u015finde bulunmak ve daha fazlas\u0131 i\u00e7in bizimle ileti\u015fime ge\u00e7meye davet ediyoruz.\u00a0<a href=\"https:\/\/www.hydraulic-cylinders.net\/tr\/contact-us\/\">bizimle i\u015fbirli\u011fi yap\u0131n<\/a>!<\/p>\n<h2><\/h2>\n<h2><\/h2>","protected":false},"excerpt":{"rendered":"<p>Piston Rod End With External Thread Connection Engineering Hydraulic Cylinder The piston rod end with an external thread connection is located at the end of the engineering hydraulic cylinder piston rod. It usually has threaded sections that allow for the safe fastening of various components, such as mounting brackets, cracks, or other load-bearing structures. HSG [&hellip;]<\/p>","protected":false},"featured_media":1110,"comment_status":"open","ping_status":"closed","template":"","meta":{"_et_pb_use_builder":"","_et_pb_old_content":"","_et_gb_content_width":""},"product_brand":[],"product_cat":[1376],"product_tag":[1380],"class_list":{"0":"post-1105","1":"product","2":"type-product","3":"status-publish","4":"has-post-thumbnail","6":"product_cat-hydraulic-cylinder","7":"product_tag-hydraulic-cylinder","9":"first","10":"instock","11":"shipping-taxable","12":"product-type-simple"},"amp_enabled":true,"_links":{"self":[{"href":"https:\/\/www.hydraulic-cylinders.net\/tr\/wp-json\/wp\/v2\/product\/1105","targetHints":{"allow":["GET"]}}],"collection":[{"href":"https:\/\/www.hydraulic-cylinders.net\/tr\/wp-json\/wp\/v2\/product"}],"about":[{"href":"https:\/\/www.hydraulic-cylinders.net\/tr\/wp-json\/wp\/v2\/types\/product"}],"replies":[{"embeddable":true,"href":"https:\/\/www.hydraulic-cylinders.net\/tr\/wp-json\/wp\/v2\/comments?post=1105"}],"wp:featuredmedia":[{"embeddable":true,"href":"https:\/\/www.hydraulic-cylinders.net\/tr\/wp-json\/wp\/v2\/media\/1110"}],"wp:attachment":[{"href":"https:\/\/www.hydraulic-cylinders.net\/tr\/wp-json\/wp\/v2\/media?parent=1105"}],"wp:term":[{"taxonomy":"product_brand","embeddable":true,"href":"https:\/\/www.hydraulic-cylinders.net\/tr\/wp-json\/wp\/v2\/product_brand?post=1105"},{"taxonomy":"product_cat","embeddable":true,"href":"https:\/\/www.hydraulic-cylinders.net\/tr\/wp-json\/wp\/v2\/product_cat?post=1105"},{"taxonomy":"product_tag","embeddable":true,"href":"https:\/\/www.hydraulic-cylinders.net\/tr\/wp-json\/wp\/v2\/product_tag?post=1105"}],"curies":[{"name":"wp","href":"https:\/\/api.w.org\/{rel}","templated":true}]}}