{"id":1111,"date":"2023-09-11T08:12:31","date_gmt":"2023-09-11T08:12:31","guid":{"rendered":"https:\/\/hydraulic-cylinders.net\/?post_type=product&#038;p=1111"},"modified":"2023-09-19T02:17:35","modified_gmt":"2023-09-19T02:17:35","slug":"pistion-rod-end-is-external-threaded-rod-head-earring-connection-engineering-hydraulic-cylinder","status":"publish","type":"product","link":"https:\/\/www.hydraulic-cylinders.net\/tr\/urun\/pistion-rod-end-is-external-threaded-rod-head-earring-connection-engineering-hydraulic-cylinder\/","title":{"rendered":"Pistion \u00c7ubuk Ucu D\u0131\u015f Di\u015fli \u00c7ubuk Kafas\u0131 K\u00fcpe Ba\u011flant\u0131 M\u00fchendisli\u011fi Hidrolik Silindir"},"content":{"rendered":"<h1 style=\"text-align: center;\"><strong>Pistion \u00c7ubuk Ucu D\u0131\u015f Di\u015fli \u00c7ubuk Kafas\u0131 K\u00fcpe Ba\u011flant\u0131 M\u00fchendisli\u011fi Hidrolik Silindir<\/strong><\/h1>\n<p>Piston \u00e7ubu\u011fu ucu, genellikle piston \u00e7ubu\u011funun ucunda di\u015fli bir \u00e7ubuk ba\u015fl\u0131\u011f\u0131 bulunan, d\u0131\u015ftan di\u015fli bir \u00e7ubuk ba\u015fl\u0131\u011f\u0131 k\u00fcpe ba\u011flant\u0131s\u0131na sahiptir. \u00c7ubuk ba\u015fl\u0131\u011f\u0131 d\u0131\u015f di\u015flere sahiptir ve harici bile\u015fenlere veya y\u00fck ta\u015f\u0131yan yap\u0131lara ba\u011flanabilir.<\/p>\n<p>HSG serisi m\u00fchendislik hidrolik silindiri, \u00e7ift etkili piston kollu hidrolik silindirdir. Montaj \u015fekli k\u00fcpe tipidir. Silindir kapa\u011f\u0131 ile silindir blo\u011fu aras\u0131ndaki ba\u011flant\u0131ya g\u00f6re \u00fc\u00e7 \u00e7e\u015fit d\u0131\u015f di\u015fli ba\u011flant\u0131s\u0131, i\u00e7 di\u015fli kritik ba\u011flant\u0131s\u0131 ve flan\u015f ba\u011flant\u0131s\u0131 vard\u0131r. M\u00fchendislik hidrolik silindiri \u00e7o\u011funlukla in\u015faat, kald\u0131rma, madencilik ve di\u011fer hidrolik sistemlerde kullan\u0131l\u0131r.<\/p>\n<p><img loading=\"lazy\" decoding=\"async\" class=\"aligncenter wp-image-1112\" src=\"https:\/\/hydraulic-cylinders.net\/wp-content\/uploads\/2023\/09\/hsg-hydraulic-cylinder-4-1-300x300.webp\" alt=\"\" width=\"400\" height=\"400\" \/><\/p>\n<h2><strong>HSG M\u00fchendislik Hidrolik Silindir Parametresi<\/strong><strong>:<\/strong><\/h2>\n<p><img loading=\"lazy\" decoding=\"async\" class=\"alignnone wp-image-1113 size-full\" src=\"https:\/\/hydraulic-cylinders.net\/wp-content\/uploads\/2023\/09\/hsg-engineering-hydraulic-cylinder-parameter-1-1-scaled.webp\" alt=\"\" width=\"2560\" height=\"1848\" srcset=\"https:\/\/hydraulic-cylinders.net\/wp-content\/uploads\/2023\/09\/hsg-engineering-hydraulic-cylinder-parameter-1-1-scaled.webp 2560w, https:\/\/hydraulic-cylinders.net\/wp-content\/uploads\/2023\/09\/hsg-engineering-hydraulic-cylinder-parameter-1-1-1280x924.webp 1280w, https:\/\/hydraulic-cylinders.net\/wp-content\/uploads\/2023\/09\/hsg-engineering-hydraulic-cylinder-parameter-1-1-980x707.webp 980w, https:\/\/hydraulic-cylinders.net\/wp-content\/uploads\/2023\/09\/hsg-engineering-hydraulic-cylinder-parameter-1-1-480x347.webp 480w\" sizes=\"(min-width: 0px) and (max-width: 480px) 480px, (min-width: 481px) and (max-width: 980px) 980px, (min-width: 981px) and (max-width: 1280px) 1280px, (min-width: 1281px) 2560px, 100vw\" \/> <img loading=\"lazy\" decoding=\"async\" class=\"alignnone wp-image-1114 size-full\" src=\"https:\/\/hydraulic-cylinders.net\/wp-content\/uploads\/2023\/09\/hsg-engineering-hydraulic-cylinder-parameter-4-scaled.webp\" alt=\"\" width=\"1767\" height=\"2560\" srcset=\"https:\/\/hydraulic-cylinders.net\/wp-content\/uploads\/2023\/09\/hsg-engineering-hydraulic-cylinder-parameter-4-scaled.webp 1767w, https:\/\/hydraulic-cylinders.net\/wp-content\/uploads\/2023\/09\/hsg-engineering-hydraulic-cylinder-parameter-4-1280x1854.webp 1280w, https:\/\/hydraulic-cylinders.net\/wp-content\/uploads\/2023\/09\/hsg-engineering-hydraulic-cylinder-parameter-4-980x1420.webp 980w, https:\/\/hydraulic-cylinders.net\/wp-content\/uploads\/2023\/09\/hsg-engineering-hydraulic-cylinder-parameter-4-480x695.webp 480w\" sizes=\"(min-width: 0px) and (max-width: 480px) 480px, (min-width: 481px) and (max-width: 980px) 980px, (min-width: 981px) and (max-width: 1280px) 1280px, (min-width: 1281px) 1767px, 100vw\" \/> <img loading=\"lazy\" decoding=\"async\" class=\"alignnone wp-image-1115 size-full\" src=\"https:\/\/hydraulic-cylinders.net\/wp-content\/uploads\/2023\/09\/hsg-engineering-hydraulic-cylinder-parameter-5-scaled.webp\" alt=\"\" width=\"2002\" height=\"2560\" srcset=\"https:\/\/hydraulic-cylinders.net\/wp-content\/uploads\/2023\/09\/hsg-engineering-hydraulic-cylinder-parameter-5-scaled.webp 2002w, https:\/\/hydraulic-cylinders.net\/wp-content\/uploads\/2023\/09\/hsg-engineering-hydraulic-cylinder-parameter-5-1280x1637.webp 1280w, https:\/\/hydraulic-cylinders.net\/wp-content\/uploads\/2023\/09\/hsg-engineering-hydraulic-cylinder-parameter-5-980x1253.webp 980w, https:\/\/hydraulic-cylinders.net\/wp-content\/uploads\/2023\/09\/hsg-engineering-hydraulic-cylinder-parameter-5-480x614.webp 480w\" sizes=\"(min-width: 0px) and (max-width: 480px) 480px, (min-width: 481px) and (max-width: 980px) 980px, (min-width: 981px) and (max-width: 1280px) 1280px, (min-width: 1281px) 2002px, 100vw\" \/><\/p>\n<h2><strong>HSG M\u00fchendislik Hidrolik Silindir <\/strong><strong>Avantajlar\u0131<\/strong><strong>:<\/strong><\/h2>\n<p>D\u0131\u015ftan di\u015fli \u00e7ubuk ba\u015f\u0131 ba\u011flant\u0131s\u0131na sahip piston \u00e7ubu\u011fu ucu, hidrolik silindir m\u00fchendisli\u011finde \u00e7e\u015fitli avantajlar sunar:<\/p>\n<ol>\n<li><strong>G\u00fcvenli Ba\u011flant\u0131:<\/strong>\n<ul>\n<li>Di\u015fli \u00e7ubuk ba\u015fl\u0131\u011f\u0131 ba\u011flant\u0131s\u0131, \u00e7al\u0131\u015fma s\u0131ras\u0131nda gev\u015feme veya ayr\u0131lma riskini en aza indiren g\u00fcvenli ve g\u00fcvenilir bir ba\u011flant\u0131 sa\u011flar.<\/li>\n<li>Bu, \u00f6zellikle y\u00fcksek y\u00fck veya titre\u015fimlerin oldu\u011fu uygulamalarda hidrolik silindir tertibatlar\u0131n\u0131n g\u00fcvenli\u011fini ve stabilitesini art\u0131r\u0131r.<\/li>\n<\/ul>\n<\/li>\n<li><strong>Kurulum ve De\u011fi\u015fim Kolayl\u0131\u011f\u0131:<\/strong>\n<ul>\n<li>D\u0131\u015ftan di\u015fli ba\u011flant\u0131lar, bile\u015fenlerin veya y\u00fck ta\u015f\u0131yan yap\u0131lar\u0131n montaj\u0131n\u0131 ve de\u011fi\u015ftirilmesini kolayla\u015ft\u0131r\u0131r.<\/li>\n<li>Kolay bak\u0131m, onar\u0131m veya de\u011fi\u015ftirme g\u00f6revleri i\u00e7in di\u015fli ba\u011flant\u0131 elemanlar\u0131 kullan\u0131larak h\u0131zl\u0131 s\u00f6kme ve yeniden montaj olana\u011f\u0131 sa\u011flar.<\/li>\n<\/ul>\n<\/li>\n<li><strong>Uyum yetene\u011fi:<\/strong>\n<ul>\n<li>Di\u015fli \u00e7ubuk ba\u015f\u0131 ba\u011flant\u0131lar\u0131 farkl\u0131 uygulama gereksinimlerine uyarlanabilir.<\/li>\n<li>Uyumlu di\u015fli ba\u011flant\u0131 elemanlar\u0131 kullan\u0131larak \u00e7e\u015fitli bile\u015fenlerin veya y\u00fck ta\u015f\u0131yan yap\u0131lar\u0131n ba\u011flanmas\u0131na olanak tan\u0131r, \u00e7ok y\u00f6nl\u00fcl\u00fck ve \u00f6zelle\u015ftirme se\u00e7enekleri sunar.<\/li>\n<\/ul>\n<\/li>\n<\/ol>\n<h2><strong>HSG M\u00fchendislik Hidrolik Silindir<\/strong><strong> Uygulamalar:<\/strong><\/h2>\n<ol>\n<li><strong>Di\u015fli Ba\u011flant\u0131:<\/strong>\n<ul>\n<li>D\u0131\u015ftan di\u015fli \u00e7ubuk ba\u015fl\u0131klar\u0131, somun, c\u0131vata veya di\u011fer di\u015fli ba\u011flant\u0131 elemanlar\u0131 kullan\u0131larak bile\u015fenleri veya y\u00fck ta\u015f\u0131yan yap\u0131lar\u0131 do\u011frudan s\u0131kabilir.<\/li>\n<li>Bu di\u015fli ba\u011flant\u0131, hidrolik silindir tertibat\u0131n\u0131n stabilitesini ve b\u00fct\u00fcnl\u00fc\u011f\u00fcn\u00fc garanti eden g\u00fcvenli ve g\u00fcvenilir bir ba\u011flant\u0131ya olanak tan\u0131r.<\/li>\n<\/ul>\n<\/li>\n<li><strong>\u00d6zelle\u015ftirme ve Ayarlama:<\/strong>\n<ul>\n<li>Di\u015fli \u00e7ubuk ba\u015f\u0131 ba\u011flant\u0131s\u0131, farkl\u0131 bile\u015fenlerin veya y\u00fck ta\u015f\u0131yan yap\u0131lar\u0131n ba\u011flanmas\u0131nda esneklik sa\u011flar.<\/li>\n<li>Belirli uygulama gereksinimlerine uyacak \u015fekilde uygun di\u015fli ba\u011flant\u0131 elemanlar\u0131n\u0131n se\u00e7ilmesiyle \u00f6zelle\u015ftirme ve ayarlama olana\u011f\u0131 sa\u011flar.<\/li>\n<\/ul>\n<\/li>\n<li><strong>Y\u00fck Ta\u015f\u0131y\u0131c\u0131 Yap\u0131lar:<\/strong>\n<ul>\n<li>Di\u015fli \u00e7ubuk ba\u015fl\u0131\u011f\u0131 ba\u011flant\u0131lar\u0131, braketler, plakalar veya di\u011fer destek elemanlar\u0131 gibi y\u00fck ta\u015f\u0131yan yap\u0131lara do\u011frudan ba\u011flanabilir.<\/li>\n<li>Bu konfig\u00fcrasyon, hidrolik silindirin kuvvet uygulamas\u0131n\u0131 ve harici nesnelerin veya makinelerin a\u011f\u0131rl\u0131\u011f\u0131n\u0131 desteklemesini sa\u011flar ve bu da onu y\u00fck ta\u015f\u0131ma kapasitesi gerektiren uygulamalar i\u00e7in uygun hale getirir.<\/li>\n<\/ul>\n<\/li>\n<\/ol>\n<h2><strong>\u00c7ift Etkili Hidrolik Silindir Nas\u0131l Havaland\u0131r\u0131l\u0131r?<\/strong><\/h2>\n<p>\u00c7ift etkili hidrolik silindirin havas\u0131n\u0131 almak, sistemin d\u00fczg\u00fcn \u00e7al\u0131\u015fmas\u0131n\u0131 sa\u011flamak ve s\u00fcngerimsi veya tutars\u0131z hareketi \u00f6nlemek i\u00e7in sistemden havay\u0131 veya s\u0131k\u0131\u015fm\u0131\u015f gazlar\u0131 \u00e7\u0131karmay\u0131 i\u00e7erir. \u0130\u015fte \u00e7ift etkili hidrolik silindirin havas\u0131n\u0131 alma konusunda ad\u0131m ad\u0131m bir k\u0131lavuz:<\/p>\n<ol>\n<li><strong>Haz\u0131rl\u0131k:<\/strong>\n<ul>\n<li>Hidrolik sistemin bas\u0131nc\u0131n\u0131n bo\u015falt\u0131ld\u0131\u011f\u0131ndan ve silindirin geri \u00e7ekildi\u011finden emin olun.<\/li>\n<li>Silindirdeki tahliye vanalar\u0131n\u0131 veya ba\u011flant\u0131 par\u00e7alar\u0131n\u0131 belirleyin. Bunlar genellikle u\u00e7 kapa\u011f\u0131nda veya silindir portlar\u0131n\u0131n yak\u0131n\u0131nda bulunur.<\/li>\n<\/ul>\n<\/li>\n<li><strong>Silindiri Konumland\u0131r\u0131n:<\/strong>\n<ul>\n<li>M\u00fcmk\u00fcnse, silindiri \u00e7ubuk ucu yukar\u0131 bakacak \u015fekilde dikey olarak yerle\u015ftirin. Bu, hava kabarc\u0131klar\u0131n\u0131n yukar\u0131 \u00e7\u0131kmas\u0131na ve kanaman\u0131n daha kolay ger\u00e7ekle\u015fmesine yard\u0131mc\u0131 olur.<\/li>\n<\/ul>\n<\/li>\n<li><strong>Kanama Vanalar\u0131n\u0131 A\u00e7\u0131n:<\/strong>\n<ul>\n<li>Silindir \u00fczerindeki tahliye vanalar\u0131n\u0131 veya ba\u011flant\u0131 par\u00e7alar\u0131n\u0131 bulun.<\/li>\n<li>Uygun bir anahtar veya alet kullanarak tahliye vanalar\u0131n\u0131 veya ba\u011flant\u0131 par\u00e7alar\u0131n\u0131 yava\u015f\u00e7a a\u00e7\u0131n. Silindirin \u00e7ubuk ucuna en yak\u0131n olan\u0131ndan ba\u015flay\u0131n.<\/li>\n<\/ul>\n<\/li>\n<li><strong>Bas\u0131n\u00e7 Uygulay\u0131n:<\/strong>\n<ul>\n<li>Pompay\u0131 veya akt\u00fcat\u00f6r\u00fc \u00e7al\u0131\u015ft\u0131rarak hidrolik sistemi etkinle\u015ftirin.<\/li>\n<li>Bas\u0131nc\u0131 kademeli olarak orta seviyeye y\u00fckseltin. Bu, s\u0131k\u0131\u015fan havan\u0131n a\u00e7\u0131k tahliye valflerinden silindirden d\u0131\u015far\u0131 at\u0131lmas\u0131na yard\u0131mc\u0131 olur.<\/li>\n<\/ul>\n<\/li>\n<li><strong>Havay\u0131 Kana:<\/strong>\n<ul>\n<li>Hidrolik sistem bas\u0131n\u00e7land\u0131r\u0131ld\u0131k\u00e7a, a\u00e7\u0131k tahliye vanalar\u0131ndan hava kabarc\u0131klar\u0131n\u0131n ka\u00e7t\u0131\u011f\u0131n\u0131 fark edebilirsiniz.<\/li>\n<li>Hidrolik s\u0131v\u0131 ak\u0131\u015f\u0131nda hava kabarc\u0131\u011f\u0131 kalmayana kadar sistemdeki havan\u0131n bo\u015falt\u0131lmas\u0131na izin verin. Bu, silindirin havas\u0131n\u0131n d\u00fczg\u00fcn bir \u015fekilde al\u0131nd\u0131\u011f\u0131 anlam\u0131na gelir.<\/li>\n<\/ul>\n<\/li>\n<li><strong>Kanama Vanalar\u0131n\u0131 Kapat\u0131n:<\/strong>\n<ul>\n<li>T\u00fcm hava d\u0131\u015far\u0131 at\u0131ld\u0131ktan sonra silindirdeki hava alma vanalar\u0131n\u0131 veya ba\u011flant\u0131 par\u00e7alar\u0131n\u0131 kapat\u0131n.<\/li>\n<li>G\u00fcvenli bir \u015fekilde s\u0131k\u0131ld\u0131\u011f\u0131ndan emin olun, ancak a\u015f\u0131r\u0131 s\u0131kmaktan ka\u00e7\u0131n\u0131n.<\/li>\n<\/ul>\n<\/li>\n<li><strong>Silindiri Geri \u00c7ekin ve Uzat\u0131n:<\/strong>\n<ul>\n<li>Hidrolik sistemi \u00e7al\u0131\u015ft\u0131rarak silindiri birka\u00e7 kez tamamen i\u00e7eri ve d\u0131\u015far\u0131 \u00e7ekin.<\/li>\n<li>Bu, kalan hava ceplerinin daha fazla temizlenmesine ve silindirin d\u00fczg\u00fcn ve tutarl\u0131 bir \u015fekilde hareket etmesinin sa\u011flanmas\u0131na yard\u0131mc\u0131 olur.<\/li>\n<\/ul>\n<\/li>\n<li><strong>S\u0131z\u0131nt\u0131lar\u0131 Kontrol Edin:<\/strong>\n<ul>\n<li>Kanama ve silindir \u00e7al\u0131\u015ft\u0131rma i\u015fleminden sonra, t\u00fcm hidrolik sisteminde herhangi bir s\u0131z\u0131nt\u0131 veya anormal davran\u0131\u015f olup olmad\u0131\u011f\u0131n\u0131 kontrol edin.<\/li>\n<li>Daha fazla sorun \u00e7\u0131kmas\u0131n\u0131 \u00f6nlemek i\u00e7in s\u0131z\u0131nt\u0131lar\u0131 veya sorunlar\u0131 derhal giderin.<\/li>\n<\/ul>\n<\/li>\n<\/ol>\n<h2><strong>Fabrikan\u0131n Kapasitesi ve Kapasitesi:<\/strong><\/h2>\n<h3>(1) Meclis<\/h3>\n<p>Birinci s\u0131n\u0131f ba\u011f\u0131ms\u0131z bir ara\u015ft\u0131rma ve geli\u015ftirme montaj platformumuz bulunmaktad\u0131r. Hidrolik silindir \u00fcretim at\u00f6lyemizde, y\u0131ll\u0131k 1 milyon adet \u00fcretim kapasitesine sahip d\u00f6rt adet yar\u0131 otomatik kald\u0131rma silindiri montaj hatt\u0131 ve bir adet otomatik devirme silindiri montaj hatt\u0131 bulunmaktad\u0131r. \u00d6zel silindir at\u00f6lyemiz, y\u0131ll\u0131k 200.000 adet \u00fcretim kapasitesine sahip \u00e7e\u015fitli \u00f6zelliklerde yar\u0131 otomatik temizleme montaj sistemiyle donat\u0131lm\u0131\u015ft\u0131r. Ayr\u0131ca, \u00fcnl\u00fc CNC i\u015fleme ekipmanlar\u0131, bir i\u015fleme merkezi, y\u00fcksek hassasiyetli silindir i\u015fleme \u00f6zel ekipmanlar\u0131, bir robot kaynak makinesi, bir otomatik temizleme makinesi, otomatik silindir montaj makinesi ve otomatik boyama \u00fcretim hatt\u0131 ile donat\u0131lm\u0131\u015ft\u0131r. 300'den fazla setten olu\u015fan kritik ekipmanlar mevcuttur. Ekipman kaynaklar\u0131n\u0131n optimum da\u011f\u0131l\u0131m\u0131 ve verimli kullan\u0131m\u0131, \u00fcr\u00fcnlerin hassasiyet gereksinimlerini kar\u015f\u0131lar ve \u00fcr\u00fcnlerin y\u00fcksek kalite ihtiya\u00e7lar\u0131n\u0131 kar\u015f\u0131lar.<\/p>\n<p><img loading=\"lazy\" decoding=\"async\" class=\"alignnone wp-image-626\" src=\"https:\/\/hydraulic-cylinders.net\/wp-content\/uploads\/2023\/08\/hydraulic-cylinder-product-1-300x158.webp\" alt=\"\" width=\"495\" height=\"260\" srcset=\"https:\/\/hydraulic-cylinders.net\/wp-content\/uploads\/2023\/08\/hydraulic-cylinder-product-1-300x158.webp 495w, https:\/\/hydraulic-cylinders.net\/wp-content\/uploads\/2023\/08\/hydraulic-cylinder-product-1-480x252.webp 480w\" sizes=\"(min-width: 0px) and (max-width: 480px) 480px, (min-width: 481px) 495px, 100vw\" \/> <img loading=\"lazy\" decoding=\"async\" class=\"alignnone wp-image-627\" src=\"https:\/\/hydraulic-cylinders.net\/wp-content\/uploads\/2023\/08\/hydraulic-cylinder-product-2-300x189.webp\" alt=\"\" width=\"413\" height=\"260\" \/><\/p>\n<h3>(2) \u0130\u015fleme<\/h3>\n<p>\u0130\u015fleme at\u00f6lyesi, maksimum 400 mm i\u00e7 \u00e7apa ve maksimum 6 metre uzunlu\u011fa sahip silindir borular\u0131n\u0131n i\u015flenmesini ger\u00e7ekle\u015ftirebilen \u00f6zel e\u011fimli ray torna merkezi, i\u015fleme merkezi, y\u00fcksek h\u0131zl\u0131 honlama makinesi, kaynak robotu ve di\u011fer ilgili ekipmanlarla donat\u0131lm\u0131\u015ft\u0131r.<\/p>\n<p><img loading=\"lazy\" decoding=\"async\" class=\"alignnone wp-image-628 size-large\" src=\"https:\/\/hydraulic-cylinders.net\/wp-content\/uploads\/2023\/08\/hydraulic-cylinder-product-3-1024x391.webp\" alt=\"\" width=\"1024\" height=\"391\" srcset=\"https:\/\/hydraulic-cylinders.net\/wp-content\/uploads\/2023\/08\/hydraulic-cylinder-product-3-980x374.webp 980w, https:\/\/hydraulic-cylinders.net\/wp-content\/uploads\/2023\/08\/hydraulic-cylinder-product-3-480x183.webp 480w\" sizes=\"(min-width: 0px) and (max-width: 480px) 480px, (min-width: 481px) and (max-width: 980px) 980px, (min-width: 981px) 1024px, 100vw\" \/><\/p>\n<h3>(3) Kaynak<\/h3>\n<p><img loading=\"lazy\" decoding=\"async\" class=\"alignnone wp-image-629 size-large\" src=\"https:\/\/hydraulic-cylinders.net\/wp-content\/uploads\/2023\/08\/hydraulic-cylinder-product-4-1024x510.webp\" alt=\"\" width=\"1024\" height=\"510\" srcset=\"https:\/\/hydraulic-cylinders.net\/wp-content\/uploads\/2023\/08\/hydraulic-cylinder-product-4-980x488.webp 980w, https:\/\/hydraulic-cylinders.net\/wp-content\/uploads\/2023\/08\/hydraulic-cylinder-product-4-480x239.webp 480w\" sizes=\"(min-width: 0px) and (max-width: 480px) 480px, (min-width: 481px) and (max-width: 980px) 980px, (min-width: 981px) 1024px, 100vw\" \/><\/p>\n<h3>(4) Boyama ve kaplama<\/h3>\n<p>K\u00fc\u00e7\u00fck ve orta \u00f6l\u00e7ekli silindirli otomatik su bazl\u0131 boya kaplama hatlar\u0131nda, otomatik robot y\u00fckleme-bo\u015faltma ve otomatik p\u00fcsk\u00fcrtmeyi ger\u00e7ekle\u015ftirmek i\u00e7in, vardiya ba\u015f\u0131na 4000 adet tasar\u0131m kapasitesi;<br \/>\nAyr\u0131ca, vardiya ba\u015f\u0131na 60 kasa kapasiteli, g\u00fc\u00e7 zinciriyle \u00e7al\u0131\u015fan b\u00fcy\u00fck silindirler i\u00e7in yar\u0131 otomatik boya \u00fcretim hatt\u0131m\u0131z da bulunmaktad\u0131r.<\/p>\n<p><img loading=\"lazy\" decoding=\"async\" class=\"alignnone wp-image-630\" src=\"https:\/\/hydraulic-cylinders.net\/wp-content\/uploads\/2023\/08\/hydraulic-cylinder-product-5-300x213.webp\" alt=\"\" width=\"366\" height=\"260\" \/> <img loading=\"lazy\" decoding=\"async\" class=\"alignnone wp-image-631\" src=\"https:\/\/hydraulic-cylinders.net\/wp-content\/uploads\/2023\/08\/hydraulic-cylinder-product-6-300x225.webp\" alt=\"\" width=\"347\" height=\"260\" \/><\/p>\n<h3>(5) Test etme<\/h3>\n<p>Silindirin performans\u0131n\u0131n gereklilikleri kar\u015f\u0131lad\u0131\u011f\u0131ndan emin olmak i\u00e7in birinci s\u0131n\u0131f muayene tesislerimiz ve test yataklar\u0131m\u0131z bulunmaktad\u0131r.<\/p>\n<p><img loading=\"lazy\" decoding=\"async\" class=\"alignnone wp-image-632\" src=\"https:\/\/hydraulic-cylinders.net\/wp-content\/uploads\/2023\/08\/hydraulic-cylinder-product-8-300x200.webp\" alt=\"\" width=\"389\" height=\"260\" \/><\/p>\n<p>&nbsp;<\/p>\n<p>&nbsp;<\/p>\n<p>En iyi m\u00fchendislik hidrolik silindir \u00fcreticilerinden biriyiz. Kapsaml\u0131 m\u00fchendislik hidrolik silindir sto\u011fu sunabiliyoruz. Ayr\u0131ca, ilgili \u00fcr\u00fcnleri de sa\u011fl\u0131yoruz. <a href=\"https:\/\/hzpt.com\/agricultural-pto-gearbox\/\" target=\"_blank\" rel=\"noopener\">tar\u0131msal di\u015fli kutular\u0131<\/a>\u00dcr\u00fcnlerimizi d\u00fcnyan\u0131n d\u00f6rt bir yan\u0131ndaki m\u00fc\u015fterilerimize ihra\u00e7 ettik ve \u00fcst\u00fcn \u00fcr\u00fcn kalitemiz ve sat\u0131\u015f sonras\u0131 hizmetlerimiz sayesinde iyi bir itibar kazand\u0131k. Yurt i\u00e7i ve yurt d\u0131\u015f\u0131ndaki m\u00fc\u015fterilerimizi i\u015f g\u00f6r\u00fc\u015fmeleri yapmak, bilgi al\u0131\u015fveri\u015finde bulunmak ve daha fazlas\u0131 i\u00e7in bizimle ileti\u015fime ge\u00e7meye davet ediyoruz.\u00a0<a href=\"https:\/\/www.hydraulic-cylinders.net\/tr\/contact-us\/\">bizimle i\u015fbirli\u011fi yap\u0131n<\/a>!<\/p>\n<h2><\/h2>\n<h2><\/h2>\n<h2><\/h2>","protected":false},"excerpt":{"rendered":"<p>Pistion Rod End Is External Threaded Rod Head Earring Connection Engineering Hydraulic Cylinder The piston rod end has an externally threaded rod head earring connection, usually consisting of a threaded rod head at the end of the piston rod. The rod head has external threads and can be connected to external components or load-bearing structures. [&hellip;]<\/p>","protected":false},"featured_media":1116,"comment_status":"open","ping_status":"closed","template":"","meta":{"_et_pb_use_builder":"","_et_pb_old_content":"","_et_gb_content_width":""},"product_brand":[],"product_cat":[1376],"product_tag":[1380],"class_list":{"0":"post-1111","1":"product","2":"type-product","3":"status-publish","4":"has-post-thumbnail","6":"product_cat-hydraulic-cylinder","7":"product_tag-hydraulic-cylinder","9":"first","10":"instock","11":"shipping-taxable","12":"product-type-simple"},"amp_enabled":true,"_links":{"self":[{"href":"https:\/\/www.hydraulic-cylinders.net\/tr\/wp-json\/wp\/v2\/product\/1111","targetHints":{"allow":["GET"]}}],"collection":[{"href":"https:\/\/www.hydraulic-cylinders.net\/tr\/wp-json\/wp\/v2\/product"}],"about":[{"href":"https:\/\/www.hydraulic-cylinders.net\/tr\/wp-json\/wp\/v2\/types\/product"}],"replies":[{"embeddable":true,"href":"https:\/\/www.hydraulic-cylinders.net\/tr\/wp-json\/wp\/v2\/comments?post=1111"}],"wp:featuredmedia":[{"embeddable":true,"href":"https:\/\/www.hydraulic-cylinders.net\/tr\/wp-json\/wp\/v2\/media\/1116"}],"wp:attachment":[{"href":"https:\/\/www.hydraulic-cylinders.net\/tr\/wp-json\/wp\/v2\/media?parent=1111"}],"wp:term":[{"taxonomy":"product_brand","embeddable":true,"href":"https:\/\/www.hydraulic-cylinders.net\/tr\/wp-json\/wp\/v2\/product_brand?post=1111"},{"taxonomy":"product_cat","embeddable":true,"href":"https:\/\/www.hydraulic-cylinders.net\/tr\/wp-json\/wp\/v2\/product_cat?post=1111"},{"taxonomy":"product_tag","embeddable":true,"href":"https:\/\/www.hydraulic-cylinders.net\/tr\/wp-json\/wp\/v2\/product_tag?post=1111"}],"curies":[{"name":"wp","href":"https:\/\/api.w.org\/{rel}","templated":true}]}}