{"id":1117,"date":"2023-09-11T08:28:18","date_gmt":"2023-09-11T08:28:18","guid":{"rendered":"https:\/\/hydraulic-cylinders.net\/?post_type=product&#038;p=1117"},"modified":"2023-09-19T02:17:40","modified_gmt":"2023-09-19T02:17:40","slug":"pistion-rod-end-is-internal-threaded-rod-head-earring-connection-engineering-hydraulic-cylinder","status":"publish","type":"product","link":"https:\/\/www.hydraulic-cylinders.net\/tr\/urun\/pistion-rod-end-is-internal-threaded-rod-head-earring-connection-engineering-hydraulic-cylinder\/","title":{"rendered":"Pistion \u00c7ubuk Ucu \u0130\u00e7 Di\u015fli \u00c7ubuk Kafas\u0131 K\u00fcpe Ba\u011flant\u0131 M\u00fchendisli\u011fi Hidrolik Silindir"},"content":{"rendered":"<h1 style=\"text-align: center;\"><strong>Pistion \u00c7ubuk Ucu \u0130\u00e7 Di\u015fli \u00c7ubuk Kafas\u0131 K\u00fcpe Ba\u011flant\u0131 M\u00fchendisli\u011fi Hidrolik Silindir<\/strong><\/h1>\n<p>Piston kolu ucu - Di\u015fli kol ba\u015f\u0131 k\u00fcpe ba\u011flant\u0131s\u0131 M\u00fchendislik hidrolik silindiri, \u00e7e\u015fitli m\u00fchendislik uygulamalar\u0131nda g\u00fcvenilir ve verimli \u00e7al\u0131\u015fma sa\u011flayan y\u00fcksek performansl\u0131 bir hidrolik bile\u015fendir. Bu \u00fcr\u00fcn, piston kolu ucu ile harici y\u00fck ta\u015f\u0131y\u0131c\u0131 yap\u0131 aras\u0131nda g\u00fcvenli ve g\u00fcvenilir bir ba\u011flant\u0131 sa\u011flayarak hidrolik silindirin optimum performans ve sorunsuz \u00e7al\u0131\u015fmas\u0131n\u0131 sa\u011flar.<\/p>\n<p>HSG serisi m\u00fchendislik hidrolik silindiri, \u00e7ift etkili piston kollu bir hidrolik silindirdir. Montaj \u015fekli k\u00fcpe tipidir. Silindir kapa\u011f\u0131 ile silindir blo\u011fu aras\u0131ndaki ba\u011flant\u0131ya g\u00f6re \u00fc\u00e7 \u00e7e\u015fit d\u0131\u015f di\u015fli ba\u011flant\u0131s\u0131, i\u00e7 kart kritik ba\u011flant\u0131s\u0131 ve flan\u015f ba\u011flant\u0131s\u0131 vard\u0131r. M\u00fchendislik hidrolik silindiri \u00e7o\u011funlukla in\u015faat, kald\u0131rma, madencilik ve di\u011fer hidrolik sistemlerde kullan\u0131l\u0131r.<\/p>\n<p><img loading=\"lazy\" decoding=\"async\" class=\"aligncenter wp-image-1133\" src=\"https:\/\/hydraulic-cylinders.net\/wp-content\/uploads\/2023\/09\/hsg-hydraulic-cylinder-5-1-300x300.webp\" alt=\"\" width=\"400\" height=\"400\" \/><\/p>\n<h2><strong>HSG M\u00fchendislik Hidrolik Silindir Parametresi<\/strong><strong>:<img loading=\"lazy\" decoding=\"async\" class=\"alignnone wp-image-1120 size-large\" src=\"https:\/\/hydraulic-cylinders.net\/wp-content\/uploads\/2023\/09\/hsg-engineering-hydraulic-cylinder-parameter-1-2-1024x739.webp\" alt=\"\" width=\"1024\" height=\"739\" srcset=\"https:\/\/hydraulic-cylinders.net\/wp-content\/uploads\/2023\/09\/hsg-engineering-hydraulic-cylinder-parameter-1-2-980x707.webp 980w, https:\/\/hydraulic-cylinders.net\/wp-content\/uploads\/2023\/09\/hsg-engineering-hydraulic-cylinder-parameter-1-2-480x347.webp 480w\" sizes=\"(min-width: 0px) and (max-width: 480px) 480px, (min-width: 481px) and (max-width: 980px) 980px, (min-width: 981px) 1024px, 100vw\" \/> <img loading=\"lazy\" decoding=\"async\" class=\"alignnone wp-image-1121 size-large\" src=\"https:\/\/hydraulic-cylinders.net\/wp-content\/uploads\/2023\/09\/hsg-engineering-hydraulic-cylinder-parameter-6-628x1024.webp\" alt=\"\" width=\"628\" height=\"1024\" \/> <img loading=\"lazy\" decoding=\"async\" class=\"alignnone wp-image-1122 size-large\" src=\"https:\/\/hydraulic-cylinders.net\/wp-content\/uploads\/2023\/09\/hsg-engineering-hydraulic-cylinder-parameter-7-844x1024.webp\" alt=\"\" width=\"844\" height=\"1024\" \/><\/strong><\/h2>\n<h2><strong>HSG M\u00fchendislik Hidrolik Silindir <\/strong><strong>Kullan\u0131m Y\u00f6ntemi<\/strong><strong>:<\/strong><\/h2>\n<ol>\n<li><strong>\u0130\u00e7 Di\u015fi Belirleyin:<\/strong>\n<ul>\n<li>\u00dcretici taraf\u0131ndan sa\u011flanan i\u00e7 di\u015fin boyutlar\u0131n\u0131, di\u015f aral\u0131\u011f\u0131n\u0131 ve tipini i\u00e7eren \u00f6zelliklerini belirleyin.<\/li>\n<li>\u0130\u00e7 di\u015f \u00f6l\u00e7\u00fclerini do\u011fru bir \u015fekilde \u00f6l\u00e7mek i\u00e7in di\u015f \u00f6l\u00e7er veya kumpas kullan\u0131n.<\/li>\n<\/ul>\n<\/li>\n<li><strong>Uyumlu Bile\u015fenleri Se\u00e7in:<\/strong>\n<ul>\n<li>Piston kolu ucunun i\u00e7 di\u015f spesifikasyonuna uygun d\u0131\u015f di\u015flere sahip bir y\u00fck ta\u015f\u0131y\u0131c\u0131 yap\u0131 veya bile\u015fen se\u00e7in.<\/li>\n<li>Se\u00e7ilen bile\u015fenlerin temiz, tahribats\u0131z ve hidrolik sistem gereksinimlerine uygun oldu\u011fundan emin olun.<\/li>\n<\/ul>\n<\/li>\n<li><strong>\u0130\u015f Par\u00e7ac\u0131\u011f\u0131 Ba\u011flant\u0131s\u0131:<\/strong>\n<ul>\n<li>Grubun d\u0131\u015f di\u015fli k\u0131sm\u0131n\u0131 piston \u00e7ubu\u011funun ucundaki i\u00e7 di\u015fli delik\/yuva ile hizalay\u0131n.<\/li>\n<li>Di\u015fleri birbirine ge\u00e7irmek i\u00e7in bile\u015feni saat y\u00f6n\u00fcnde d\u00f6nd\u00fcr\u00fcn.<\/li>\n<li>Ba\u011flant\u0131y\u0131 s\u0131k\u0131ca oturana kadar elle s\u0131k\u0131n.<\/li>\n<\/ul>\n<\/li>\n<li><strong>Ba\u011flant\u0131y\u0131 G\u00fcvence Alt\u0131na Al\u0131n:<\/strong>\n<ul>\n<li>Ba\u011flant\u0131y\u0131 daha da s\u0131kmak ve g\u00fcvenli bir \u015fekilde sabitlendi\u011finden emin olmak i\u00e7in anahtar veya somun anahtar\u0131 gibi uygun bir alet kullan\u0131n.<\/li>\n<li>A\u015f\u0131r\u0131 s\u0131kmay\u0131n, di\u015flere veya bile\u015fenlere zarar verebilirsiniz.<\/li>\n<\/ul>\n<\/li>\n<\/ol>\n<h2><strong>HSG M\u00fchendislik Hidrolik Silindir <\/strong><strong>\u00d6zellikler<\/strong><strong>:<\/strong><\/h2>\n<ul>\n<li style=\"list-style-type: none;\">\n<ul>\n<li><strong>Sa\u011flam Yap\u0131:<\/strong> Hidrolik silindir sa\u011flam ve dayan\u0131kl\u0131d\u0131r, bu sayede zorlu m\u00fchendislik uygulamalar\u0131na dayanabilir.<\/li>\n<li>G\u00fcvenli Ba\u011flant\u0131: \u0130\u00e7ten di\u015fli \u00e7ubuk ba\u015fl\u0131 k\u00fcpe ba\u011flant\u0131s\u0131, g\u00fcvenilir ve sa\u011flam bir ba\u011flant\u0131 sa\u011flayarak stabilite sa\u011flar ve istenmeyen ba\u011flant\u0131 kopmalar\u0131n\u0131 \u00f6nler.<\/li>\n<li><strong>Uyumluluk:<\/strong> \u00dcr\u00fcn, \u00e7e\u015fitli y\u00fck ta\u015f\u0131yan yap\u0131lar ve bile\u015fenlerle uyumlu olacak \u015fekilde tasarlanm\u0131\u015ft\u0131r ve m\u00fchendislik projelerinde \u00e7ok y\u00f6nl\u00fcl\u00fck sa\u011flar.<\/li>\n<li><strong>Sorunsuz \u00c7al\u0131\u015fma:<\/strong> Piston kolu ucu ve i\u00e7 di\u015fin hassas m\u00fchendisli\u011fi, hidrolik silindirin d\u00fczg\u00fcn ve verimli hareketini sa\u011flayarak s\u00fcrt\u00fcnmeyi azalt\u0131r ve genel performans\u0131 art\u0131r\u0131r.<\/li>\n<li><strong>Kolay Bak\u0131m:<\/strong> Di\u015fli ba\u011flant\u0131, bile\u015fenlerin kolayca incelenmesini, ya\u011flanmas\u0131n\u0131 ve de\u011fi\u015ftirilmesini kolayla\u015ft\u0131rarak bak\u0131m g\u00f6revlerini basitle\u015ftirir.<\/li>\n<\/ul>\n<\/li>\n<\/ul>\n<h2><strong>John Deere Hidrolik Silindiri Nas\u0131l S\u00f6k\u00fcl\u00fcr?<\/strong><\/h2>\n<p>John Deere hidrolik silindirini s\u00f6kmek i\u00e7in \u015fu genel ad\u0131mlar\u0131 izleyin:<\/p>\n<ol>\n<li><strong>Haz\u0131rl\u0131k:<\/strong>\n<ul>\n<li>Hidrolik sistemin bas\u0131nc\u0131n\u0131n bo\u015falt\u0131ld\u0131\u011f\u0131ndan ve silindirin geri \u00e7ekildi\u011finden emin olun.<\/li>\n<li>S\u00f6kme i\u015flemi i\u00e7in gerekli olan anahtar, pense ve lastik tokmak gibi aletleri toplay\u0131n.<\/li>\n<li>Silindir bile\u015fenlerini d\u00fczenlemek ve kullanmak i\u00e7in yeterli alana sahip temiz bir \u00e7al\u0131\u015fma alan\u0131 veya tezgah yerle\u015ftirin.<\/li>\n<\/ul>\n<\/li>\n<li>Harici Ba\u011flant\u0131lar\u0131 Kald\u0131r:\n<ul>\n<li>Silindire ba\u011fl\u0131 hidrolik hortumlar\u0131, ba\u011flant\u0131 par\u00e7alar\u0131n\u0131 veya di\u011fer d\u0131\u015f ba\u011flant\u0131lar\u0131 belirleyin.<\/li>\n<li>Bu ba\u011flant\u0131lar\u0131 gev\u015fetmek ve ay\u0131rmak i\u00e7in uygun aletleri kullan\u0131n, b\u00f6ylece hidrolik s\u0131v\u0131 s\u0131z\u0131nt\u0131s\u0131 \u00f6nlenir.<\/li>\n<li>Kirlenmeyi \u00f6nlemek i\u00e7in hidrolik hatlar\u0131n a\u00e7\u0131k u\u00e7lar\u0131n\u0131 kapat\u0131n veya t\u0131kay\u0131n.<\/li>\n<\/ul>\n<\/li>\n<li><strong>Silindiri Sabitleyin:<\/strong>\n<ul>\n<li>Silindiri, silindir g\u00f6vdesine veya \u00e7ubu\u011funa zarar vermeyecek \u015fekilde bir mengeneye veya benzer bir tutma aparat\u0131na g\u00fcvenli bir \u015fekilde yerle\u015ftirin.<\/li>\n<\/ul>\n<\/li>\n<li><strong>\u00c7ubuk Ucu Kapa\u011f\u0131n\u0131 \u00c7\u0131kar\u0131n:<\/strong>\n<ul>\n<li>\u00c7ubuk u\u00e7 kapa\u011f\u0131n\u0131, genellikle pistonun kar\u015f\u0131s\u0131ndaki silindirin ucunda bulun.<\/li>\n<li>\u00c7ubuk u\u00e7 kapa\u011f\u0131n\u0131 sabitleyen c\u0131vatalar\u0131 gev\u015fetmek ve \u00e7\u0131karmak i\u00e7in uygun anahtar\u0131 veya soketi kullan\u0131n.<\/li>\n<li>Herhangi bir contay\u0131 veya yap\u0131\u015fkan ba\u011f\u0131 koparmak i\u00e7in u\u00e7 kapa\u011fa lastik tokmakla hafif\u00e7e vurun.<\/li>\n<\/ul>\n<\/li>\n<li><strong>\u00c7ubuk ve Piston Grubunu Ay\u0131r\u0131n:<\/strong>\n<ul>\n<li>\u00c7ubuk ucu kapa\u011f\u0131 \u00e7\u0131kar\u0131ld\u0131ktan sonra, \u00e7ubuk ve piston tertibat\u0131n\u0131 silindir g\u00f6vdesinden dikkatlice kayd\u0131r\u0131n.<\/li>\n<li>Montaj\u0131n a\u011f\u0131rl\u0131\u011f\u0131n\u0131 destekleyerek d\u00fc\u015fmesini veya hasar g\u00f6rmesini \u00f6nleyin.<\/li>\n<\/ul>\n<\/li>\n<li><strong>\u00c7ubuk ve Piston Grubunu S\u00f6k\u00fcn:<\/strong>\n<ul>\n<li>\u00c7ubuk ve piston tertibat\u0131nda tutma halkalar\u0131, segmanlar veya di\u011fer kontrol cihazlar\u0131 olup olmad\u0131\u011f\u0131n\u0131 inceleyin.<\/li>\n<li>Bu tutma cihazlar\u0131n\u0131 \u00e7\u0131karmak i\u00e7in pense veya halka pense gibi uygun aletler kullan\u0131n, b\u00f6ylece tertibat\u0131n bile\u015fenlerine ayr\u0131lmas\u0131na olanak sa\u011flay\u0131n.<\/li>\n<li>Yeniden montaj i\u00e7in her bir bile\u015fenin s\u0131ras\u0131n\u0131 ve y\u00f6n\u00fcn\u00fc not edin.<\/li>\n<\/ul>\n<\/li>\n<li><strong>Denetleyin ve Temizleyin:<\/strong>\n<ul>\n<li>S\u00f6k\u00fclen t\u00fcm par\u00e7alar\u0131 a\u015f\u0131nma, hasar veya s\u0131z\u0131nt\u0131 belirtileri a\u00e7\u0131s\u0131ndan inceleyin.<\/li>\n<li>Kir, kal\u0131nt\u0131 ve hidrolik s\u0131v\u0131 kal\u0131nt\u0131lar\u0131n\u0131 gidermek i\u00e7in her bir bile\u015feni uygun bir \u00e7\u00f6z\u00fcc\u00fc veya temizlik maddesi kullanarak iyice temizleyin.<\/li>\n<li>Tekrar birle\u015ftirmeden \u00f6nce par\u00e7alar\u0131 tamamen kurutun.<\/li>\n<\/ul>\n<\/li>\n<li><strong>Yeniden montaj:<\/strong>\n<ul>\n<li>Par\u00e7alar\u0131n do\u011fru s\u0131ras\u0131n\u0131 ve y\u00f6n\u00fcn\u00fc izleyerek s\u00f6kme ad\u0131mlar\u0131n\u0131 tersine uygulay\u0131n.<\/li>\n<li>Yeniden montaj s\u0131ras\u0131nda contalara ve hareketli par\u00e7alara ince bir tabaka temiz hidrolik s\u0131v\u0131s\u0131 veya \u00f6nerilen ya\u011flay\u0131c\u0131 uygulay\u0131n.<\/li>\n<li>T\u00fcm bile\u015fenlerin do\u011fru \u015fekilde birbirine oturdu\u011fundan ve \u00fcreticinin belirtti\u011fi s\u0131kma de\u011ferlerine uygun oldu\u011fundan emin olun.<\/li>\n<\/ul>\n<\/li>\n<\/ol>\n<h2><strong>Fabrikan\u0131n Kapasitesi ve Kapasitesi:<\/strong><\/h2>\n<h3>(1) Meclis<\/h3>\n<p>Birinci s\u0131n\u0131f ba\u011f\u0131ms\u0131z bir ara\u015ft\u0131rma ve geli\u015ftirme montaj platformumuz bulunmaktad\u0131r. Hidrolik silindir \u00fcretim at\u00f6lyemizde, y\u0131ll\u0131k 1 milyon adet \u00fcretim kapasitesine sahip d\u00f6rt adet yar\u0131 otomatik kald\u0131rma silindiri montaj hatt\u0131 ve bir adet otomatik devirme silindiri montaj hatt\u0131 bulunmaktad\u0131r. \u00d6zel silindir at\u00f6lyemiz, y\u0131ll\u0131k 200.000 adet \u00fcretim kapasitesine sahip \u00e7e\u015fitli \u00f6zelliklerde yar\u0131 otomatik temizleme montaj sistemiyle donat\u0131lm\u0131\u015ft\u0131r. Ayr\u0131ca, \u00fcnl\u00fc CNC i\u015fleme ekipmanlar\u0131, bir i\u015fleme merkezi, y\u00fcksek hassasiyetli silindir i\u015fleme \u00f6zel ekipmanlar\u0131, bir robot kaynak makinesi, bir otomatik temizleme makinesi, otomatik silindir montaj makinesi ve otomatik boyama \u00fcretim hatt\u0131 ile donat\u0131lm\u0131\u015ft\u0131r. 300'den fazla setten olu\u015fan kritik ekipmanlar mevcuttur. Ekipman kaynaklar\u0131n\u0131n optimum da\u011f\u0131l\u0131m\u0131 ve verimli kullan\u0131m\u0131, \u00fcr\u00fcnlerin hassasiyet gereksinimlerini kar\u015f\u0131lar ve \u00fcr\u00fcnlerin y\u00fcksek kalite ihtiya\u00e7lar\u0131n\u0131 kar\u015f\u0131lar.<\/p>\n<p><img loading=\"lazy\" decoding=\"async\" class=\"alignnone wp-image-626\" src=\"https:\/\/hydraulic-cylinders.net\/wp-content\/uploads\/2023\/08\/hydraulic-cylinder-product-1-300x158.webp\" alt=\"\" width=\"495\" height=\"260\" srcset=\"https:\/\/hydraulic-cylinders.net\/wp-content\/uploads\/2023\/08\/hydraulic-cylinder-product-1-300x158.webp 495w, https:\/\/hydraulic-cylinders.net\/wp-content\/uploads\/2023\/08\/hydraulic-cylinder-product-1-480x252.webp 480w\" sizes=\"(min-width: 0px) and (max-width: 480px) 480px, (min-width: 481px) 495px, 100vw\" \/> <img loading=\"lazy\" decoding=\"async\" class=\"alignnone wp-image-627\" src=\"https:\/\/hydraulic-cylinders.net\/wp-content\/uploads\/2023\/08\/hydraulic-cylinder-product-2-300x189.webp\" alt=\"\" width=\"413\" height=\"260\" \/><\/p>\n<h3>(2) \u0130\u015fleme<\/h3>\n<p>\u0130\u015fleme at\u00f6lyesi, maksimum 400 mm i\u00e7 \u00e7apa ve maksimum 6 metre uzunlu\u011fa sahip silindir borular\u0131n\u0131n i\u015flenmesini ger\u00e7ekle\u015ftirebilen \u00f6zel e\u011fimli ray torna merkezi, i\u015fleme merkezi, y\u00fcksek h\u0131zl\u0131 honlama makinesi, kaynak robotu ve di\u011fer ilgili ekipmanlarla donat\u0131lm\u0131\u015ft\u0131r.<\/p>\n<p><img loading=\"lazy\" decoding=\"async\" class=\"alignnone wp-image-628 size-large\" src=\"https:\/\/hydraulic-cylinders.net\/wp-content\/uploads\/2023\/08\/hydraulic-cylinder-product-3-1024x391.webp\" alt=\"\" width=\"1024\" height=\"391\" srcset=\"https:\/\/hydraulic-cylinders.net\/wp-content\/uploads\/2023\/08\/hydraulic-cylinder-product-3-980x374.webp 980w, https:\/\/hydraulic-cylinders.net\/wp-content\/uploads\/2023\/08\/hydraulic-cylinder-product-3-480x183.webp 480w\" sizes=\"(min-width: 0px) and (max-width: 480px) 480px, (min-width: 481px) and (max-width: 980px) 980px, (min-width: 981px) 1024px, 100vw\" \/><\/p>\n<h3>(3) Kaynak<\/h3>\n<p><img loading=\"lazy\" decoding=\"async\" class=\"alignnone wp-image-629 size-large\" src=\"https:\/\/hydraulic-cylinders.net\/wp-content\/uploads\/2023\/08\/hydraulic-cylinder-product-4-1024x510.webp\" alt=\"\" width=\"1024\" height=\"510\" srcset=\"https:\/\/hydraulic-cylinders.net\/wp-content\/uploads\/2023\/08\/hydraulic-cylinder-product-4-980x488.webp 980w, https:\/\/hydraulic-cylinders.net\/wp-content\/uploads\/2023\/08\/hydraulic-cylinder-product-4-480x239.webp 480w\" sizes=\"(min-width: 0px) and (max-width: 480px) 480px, (min-width: 481px) and (max-width: 980px) 980px, (min-width: 981px) 1024px, 100vw\" \/><\/p>\n<h3>(4) Boyama ve kaplama<\/h3>\n<p>K\u00fc\u00e7\u00fck ve orta \u00f6l\u00e7ekli silindirli otomatik su bazl\u0131 boya kaplama hatlar\u0131nda, otomatik robot y\u00fckleme-bo\u015faltma ve otomatik p\u00fcsk\u00fcrtmeyi ger\u00e7ekle\u015ftirmek i\u00e7in, vardiya ba\u015f\u0131na 4000 adet tasar\u0131m kapasitesi;<br \/>\nAyr\u0131ca, vardiya ba\u015f\u0131na 60 kasa kapasiteli, g\u00fc\u00e7 zinciriyle \u00e7al\u0131\u015fan b\u00fcy\u00fck silindirler i\u00e7in yar\u0131 otomatik boya \u00fcretim hatt\u0131m\u0131z da bulunmaktad\u0131r.<\/p>\n<p><img loading=\"lazy\" decoding=\"async\" class=\"alignnone wp-image-630\" src=\"https:\/\/hydraulic-cylinders.net\/wp-content\/uploads\/2023\/08\/hydraulic-cylinder-product-5-300x213.webp\" alt=\"\" width=\"366\" height=\"260\" \/> <img loading=\"lazy\" decoding=\"async\" class=\"alignnone wp-image-631\" src=\"https:\/\/hydraulic-cylinders.net\/wp-content\/uploads\/2023\/08\/hydraulic-cylinder-product-6-300x225.webp\" alt=\"\" width=\"347\" height=\"260\" \/><\/p>\n<h3>(5) Test etme<\/h3>\n<p>Silindirin performans\u0131n\u0131n gereklilikleri kar\u015f\u0131lad\u0131\u011f\u0131ndan emin olmak i\u00e7in birinci s\u0131n\u0131f muayene tesislerimiz ve test yataklar\u0131m\u0131z bulunmaktad\u0131r.<\/p>\n<p><img loading=\"lazy\" decoding=\"async\" class=\"alignnone wp-image-632\" src=\"https:\/\/hydraulic-cylinders.net\/wp-content\/uploads\/2023\/08\/hydraulic-cylinder-product-8-300x200.webp\" alt=\"\" width=\"389\" height=\"260\" \/><\/p>\n<p>&nbsp;<\/p>\n<p>&nbsp;<\/p>\n<p>En iyi m\u00fchendislik hidrolik silindir \u00fcreticilerinden biriyiz. Kapsaml\u0131 m\u00fchendislik hidrolik silindir sto\u011fu sunabiliyoruz. Ayr\u0131ca, ilgili \u00fcr\u00fcnleri de sa\u011fl\u0131yoruz. <a href=\"https:\/\/hzpt.com\/agricultural-pto-gearbox\/\" target=\"_blank\" rel=\"noopener\">tar\u0131msal di\u015fli kutular\u0131<\/a>\u00dcr\u00fcnlerimizi d\u00fcnyan\u0131n d\u00f6rt bir yan\u0131ndaki m\u00fc\u015fterilerimize ihra\u00e7 ettik ve \u00fcst\u00fcn \u00fcr\u00fcn kalitemiz ve sat\u0131\u015f sonras\u0131 hizmetlerimiz sayesinde iyi bir itibar kazand\u0131k. Yurt i\u00e7i ve yurt d\u0131\u015f\u0131ndaki m\u00fc\u015fterilerimizi i\u015f g\u00f6r\u00fc\u015fmeleri yapmak, bilgi al\u0131\u015fveri\u015finde bulunmak ve daha fazlas\u0131 i\u00e7in bizimle ileti\u015fime ge\u00e7meye davet ediyoruz.\u00a0<a href=\"https:\/\/www.hydraulic-cylinders.net\/tr\/contact-us\/\">bizimle i\u015fbirli\u011fi yap\u0131n<\/a>!<\/p>\n<h2><\/h2>\n<h2><\/h2>","protected":false},"excerpt":{"rendered":"<p>Pistion Rod End Is Internal Threaded Rod Head Earring Connection Engineering Hydraulic Cylinder Piston rod end &#8211; Threaded rod head earring connection Engineering hydraulic cylinder is a high-performance hydraulic component for reliable and efficient operation in various engineering applications. This product provides a safe and reliable connection between the piston rod end and the external [&hellip;]<\/p>","protected":false},"featured_media":1134,"comment_status":"open","ping_status":"closed","template":"","meta":{"_et_pb_use_builder":"","_et_pb_old_content":"","_et_gb_content_width":""},"product_brand":[],"product_cat":[1376],"product_tag":[1380],"class_list":{"0":"post-1117","1":"product","2":"type-product","3":"status-publish","4":"has-post-thumbnail","6":"product_cat-hydraulic-cylinder","7":"product_tag-hydraulic-cylinder","9":"first","10":"instock","11":"shipping-taxable","12":"product-type-simple"},"amp_enabled":true,"_links":{"self":[{"href":"https:\/\/www.hydraulic-cylinders.net\/tr\/wp-json\/wp\/v2\/product\/1117","targetHints":{"allow":["GET"]}}],"collection":[{"href":"https:\/\/www.hydraulic-cylinders.net\/tr\/wp-json\/wp\/v2\/product"}],"about":[{"href":"https:\/\/www.hydraulic-cylinders.net\/tr\/wp-json\/wp\/v2\/types\/product"}],"replies":[{"embeddable":true,"href":"https:\/\/www.hydraulic-cylinders.net\/tr\/wp-json\/wp\/v2\/comments?post=1117"}],"wp:featuredmedia":[{"embeddable":true,"href":"https:\/\/www.hydraulic-cylinders.net\/tr\/wp-json\/wp\/v2\/media\/1134"}],"wp:attachment":[{"href":"https:\/\/www.hydraulic-cylinders.net\/tr\/wp-json\/wp\/v2\/media?parent=1117"}],"wp:term":[{"taxonomy":"product_brand","embeddable":true,"href":"https:\/\/www.hydraulic-cylinders.net\/tr\/wp-json\/wp\/v2\/product_brand?post=1117"},{"taxonomy":"product_cat","embeddable":true,"href":"https:\/\/www.hydraulic-cylinders.net\/tr\/wp-json\/wp\/v2\/product_cat?post=1117"},{"taxonomy":"product_tag","embeddable":true,"href":"https:\/\/www.hydraulic-cylinders.net\/tr\/wp-json\/wp\/v2\/product_tag?post=1117"}],"curies":[{"name":"wp","href":"https:\/\/api.w.org\/{rel}","templated":true}]}}