{"id":1141,"date":"2023-09-12T02:01:38","date_gmt":"2023-09-12T02:01:38","guid":{"rendered":"https:\/\/hydraulic-cylinders.net\/?post_type=product&#038;p=1141"},"modified":"2023-09-19T02:17:50","modified_gmt":"2023-09-19T02:17:50","slug":"hsg-engineering-hydraulic-cylinder","status":"publish","type":"product","link":"https:\/\/www.hydraulic-cylinders.net\/tr\/urun\/hsg-engineering-hydraulic-cylinder\/","title":{"rendered":"HSG M\u00fchendislik Hidrolik Silindir"},"content":{"rendered":"<h1 style=\"text-align: center;\"><strong>HSG M\u00fchendislik Hidrolik Silindir<\/strong><\/h1>\n<p>HSG serisi m\u00fchendislik hidrolik silindiri, \u00e7ift etkili piston kollu bir hidrolik silindirdir. Montaj \u015fekli k\u00fcpe tipidir. Silindir kapa\u011f\u0131 ile silindir blo\u011fu aras\u0131ndaki ba\u011flant\u0131ya g\u00f6re \u00fc\u00e7 \u00e7e\u015fit d\u0131\u015f di\u015fli ba\u011flant\u0131s\u0131, i\u00e7 kart kritik ba\u011flant\u0131s\u0131 ve flan\u015f ba\u011flant\u0131s\u0131 vard\u0131r. M\u00fchendislik hidrolik silindiri \u00e7o\u011funlukla in\u015faat, kald\u0131rma, madencilik ve di\u011fer hidrolik sistemlerde kullan\u0131l\u0131r.<\/p>\n<p>\u00d6n ve Arka K\u00fcpe Montaj \u00d6zellikleri:<\/p>\n<p>Kuyruk tekli kald\u0131rma halkas\u0131n\u0131n montaj\u0131, piston \u00e7ubu\u011funun \u00e7al\u0131\u015fma s\u00fcreci boyunca u\u00e7 par\u00e7an\u0131n ayn\u0131 hareket d\u00fczlemi e\u011frisi boyunca hareket etmesi i\u00e7in uygundur. Piston \u00e7ubu\u011funun her iki taraf\u0131 3\u00b0'yi ge\u00e7mez ve tekli k\u00fcpe montaj ko\u015fullar\u0131n\u0131n d\u00fczlem yolu ko\u015fullar\u0131n\u0131 veya yap\u0131sal tasar\u0131m gereksinimlerini kar\u015f\u0131lar. Bu a\u015famada, kuyruk ve \u00e7ubuk ucu k\u00fcresel yataklar\u0131 tak\u0131labilir, ancak k\u00fcresel yataklar\u0131n montaj\u0131n\u0131n izin verdi\u011fi bas\u0131n\u00e7 y\u00fck\u00fcne dikkat edilmelidir.<\/p>\n<p><img loading=\"lazy\" decoding=\"async\" class=\"aligncenter wp-image-1142\" src=\"https:\/\/hydraulic-cylinders.net\/wp-content\/uploads\/2023\/09\/hsg-hydraulic-cylinder-1-1-300x300.webp\" alt=\"\" width=\"400\" height=\"400\" srcset=\"https:\/\/www.hydraulic-cylinders.net\/wp-content\/uploads\/2023\/09\/hsg-hydraulic-cylinder-1-1-300x300.webp 300w, https:\/\/www.hydraulic-cylinders.net\/wp-content\/uploads\/2023\/09\/hsg-hydraulic-cylinder-1-1-100x100.webp 100w, https:\/\/www.hydraulic-cylinders.net\/wp-content\/uploads\/2023\/09\/hsg-hydraulic-cylinder-1-1-150x150.webp 150w, https:\/\/www.hydraulic-cylinders.net\/wp-content\/uploads\/2023\/09\/hsg-hydraulic-cylinder-1-1-12x12.webp 12w, https:\/\/www.hydraulic-cylinders.net\/wp-content\/uploads\/2023\/09\/hsg-hydraulic-cylinder-1-1.webp 369w\" sizes=\"(max-width: 400px) 100vw, 400px\" \/><\/p>\n<h2><strong>HSG M\u00fchendislik Hidrolik Silindir <\/strong><strong>Uygulama Kapsam\u0131<\/strong><strong>:<\/strong><\/h2>\n<p>\u00d6ncelikle in\u015faat, a\u011f\u0131r kald\u0131rma, madencilik ve di\u011fer hidrolik sistemlerde kullan\u0131lan m\u00fchendislik hidrolik silindirleri, ancak bunlarla s\u0131n\u0131rl\u0131 olmamak \u00fczere, yukar\u0131daki hususlarda kullan\u0131l\u0131r - bas\u0131n\u00e7 s\u0131n\u0131f\u0131 16Mpa.<br \/>\nSilindirin kuvveti nispeten b\u00fcy\u00fck (\u00f6rne\u011fin 20 ton) ve stroku olduk\u00e7a uzun (\u00f6rne\u011fin 2 metre) oldu\u011funda, vidan\u0131n kuvvet s\u0131n\u0131rlamas\u0131 nedeniyle \u00e7ekme \u00e7ubu\u011fu silindiri kullan\u0131lmaya uygun de\u011fildir ve bunun yerine m\u00fchendislik silindiri kullan\u0131labilir.<br \/>\nM\u00fchendislik hidrolik silindirinin muazzam bas\u0131n\u00e7 ve \u00fcretim s\u00fcreci nedeniyle malzeme maliyeti ve i\u015fleme maliyetleri rot kolu silindirine g\u00f6re daha y\u00fcksektir.<\/p>\n<h2><strong>HSG M\u00fchendislik Hidrolik Silindir Parametresi<\/strong><strong>:<img loading=\"lazy\" decoding=\"async\" class=\"alignnone wp-image-1144 size-large\" src=\"https:\/\/hydraulic-cylinders.net\/wp-content\/uploads\/2023\/09\/hsg-engineering-hydraulic-cylinder-parameter-1-4-1024x739.webp\" alt=\"\" width=\"1024\" height=\"739\" srcset=\"https:\/\/hydraulic-cylinders.net\/wp-content\/uploads\/2023\/09\/hsg-engineering-hydraulic-cylinder-parameter-1-4-980x707.webp 980w, https:\/\/hydraulic-cylinders.net\/wp-content\/uploads\/2023\/09\/hsg-engineering-hydraulic-cylinder-parameter-1-4-480x347.webp 480w\" sizes=\"(min-width: 0px) and (max-width: 480px) 480px, (min-width: 481px) and (max-width: 980px) 980px, (min-width: 981px) 1024px, 100vw\" \/> <img loading=\"lazy\" decoding=\"async\" class=\"alignnone wp-image-1145 size-large\" src=\"https:\/\/hydraulic-cylinders.net\/wp-content\/uploads\/2023\/09\/hsg-engineering-hydraulic-cylinder-parameter-2-1-908x1024.webp\" alt=\"\" width=\"908\" height=\"1024\" \/> <img loading=\"lazy\" decoding=\"async\" class=\"alignnone wp-image-1146 size-large\" src=\"https:\/\/hydraulic-cylinders.net\/wp-content\/uploads\/2023\/09\/hsg-engineering-hydraulic-cylinder-parameter-3-1-845x1024.webp\" alt=\"\" width=\"845\" height=\"1024\" \/> <img loading=\"lazy\" decoding=\"async\" class=\"alignnone wp-image-1147 size-large\" src=\"https:\/\/hydraulic-cylinders.net\/wp-content\/uploads\/2023\/09\/hsg-engineering-hydraulic-cylinder-parameter-4-1-707x1024.webp\" alt=\"\" width=\"707\" height=\"1024\" \/> <img loading=\"lazy\" decoding=\"async\" class=\"alignnone wp-image-1148 size-large\" src=\"https:\/\/hydraulic-cylinders.net\/wp-content\/uploads\/2023\/09\/hsg-engineering-hydraulic-cylinder-parameter-5-1-801x1024.webp\" alt=\"\" width=\"801\" height=\"1024\" \/> <img loading=\"lazy\" decoding=\"async\" class=\"alignnone wp-image-1149 size-large\" src=\"https:\/\/hydraulic-cylinders.net\/wp-content\/uploads\/2023\/09\/hsg-engineering-hydraulic-cylinder-parameter-6-1-628x1024.webp\" alt=\"\" width=\"628\" height=\"1024\" \/> <img loading=\"lazy\" decoding=\"async\" class=\"alignnone wp-image-1150 size-large\" src=\"https:\/\/hydraulic-cylinders.net\/wp-content\/uploads\/2023\/09\/hsg-engineering-hydraulic-cylinder-parameter-7-1-844x1024.webp\" alt=\"\" width=\"844\" height=\"1024\" \/> <img loading=\"lazy\" decoding=\"async\" class=\"alignnone size-medium wp-image-1151\" src=\"https:\/\/hydraulic-cylinders.net\/wp-content\/uploads\/2023\/09\/hsg-engineering-hydraulic-cylinder-parameter-8-1-181x300.webp\" alt=\"\" width=\"181\" height=\"300\" \/> <img loading=\"lazy\" decoding=\"async\" class=\"alignnone size-medium wp-image-1152\" src=\"https:\/\/hydraulic-cylinders.net\/wp-content\/uploads\/2023\/09\/hsg-engineering-hydraulic-cylinder-parameter-9-1-249x300.webp\" alt=\"\" width=\"249\" height=\"300\" \/><\/strong><\/h2>\n<h2><strong>Model Se\u00e7imi <\/strong><strong>HSG M\u00fchendislik Hidrolik Silindir<\/strong><strong>:<\/strong><\/h2>\n<p>HG-L-01-D\/DX100-E2501<br \/>\nHG-\u00c7ift etkili hidrolik silindir<br \/>\nL-silindir kapa\u011f\u0131 ba\u011flant\u0131 modu: L= di\u015f tipi (silindir \u00e7ap\u0131 080)<br \/>\n01- Tasar\u0131m No.<br \/>\nD\/d silindir \u00e7ap\u0131 mm\/ piston kolu mm<br \/>\n100- hidrolik silindir stroku<br \/>\nE-bas\u0131n\u00e7 derecesi: E=16MPa G=21MPa<br \/>\n2- Silindir kapa\u011f\u0131, silindir ba\u011flant\u0131s\u0131 :<br \/>\n1= bur\u00e7lu silindir kapa\u011f\u0131 k\u00fcpesi; 2= mafsall\u0131 yatakl\u0131 silindir kapa\u011f\u0131 k\u00fcpesi; 3= mente\u015fe mili (silindir \u00e7ap\u0131 &gt;\u03a680 kart kama ba\u011flant\u0131s\u0131 i\u00e7in); 4= u\u00e7 flan\u015f (silindir \u00e7ap\u0131 &gt;\u03a680 kart kama ba\u011flant\u0131s\u0131 i\u00e7in) 5= orta flan\u015f (silindir \u00e7ap\u0131 &gt;\u03a680 kart kama ba\u011flant\u0131s\u0131 i\u00e7in)<br \/>\n5- Piston kolu u\u00e7 ba\u011flant\u0131s\u0131:<br \/>\n1= \u00e7ubuk ucu d\u0131\u015f di\u015fli; 2= \u00e7ubuk ucu i\u00e7 di\u015fli (silindir \u00e7ap\u0131 &gt;\u03a663); 3= bur\u00e7lu \u00e7ubuk ucu d\u0131\u015f di\u015fli \u00e7ubuk ba\u015f\u0131 k\u00fcpesi; 4= bur\u00e7lu \u00e7ubuk ucu i\u00e7 di\u015fli \u00e7ubuk ba\u015f\u0131 k\u00fcpesi (silindir \u00e7ap\u0131 &gt;\u03a663); 5= mafsal yata\u011f\u0131 olan \u00e7ubuk ucu d\u0131\u015f di\u015fli \u00e7ubuk ba\u015f\u0131 k\u00fcpesi; 6= mafsal yata\u011f\u0131 olan \u00e7ubuk ucu i\u00e7 di\u015fli \u00e7ubuk ba\u015f\u0131 k\u00fcpesi (silindir \u00e7ap\u0131 &gt;\u03a663); 7= bur\u00e7lu entegre piston kolu k\u00fcpesi (sadece silindir \u00e7ap\u0131 =\u03a640, \u00e7ap 50 i\u00e7in); 8= mafsal yata\u011f\u0131 olan entegre piston kolu k\u00fcpesi (sadece silindir \u00e7ap\u0131 = 40, 50 ile)<br \/>\n0- tampon k\u0131sm\u0131:<br \/>\n0= tampon yok; 1= her iki u\u00e7ta tampon; 2= tamponlu silindir kapa\u011f\u0131 ucu; 3= tamponlu rot kapa\u011f\u0131 ucu 1- ya\u011f portu ba\u011flant\u0131 modu: 1= metrik i\u00e7 di\u015f; 2= \u0130ngiliz i\u00e7 di\u015f<br \/>\nL1- piston \u00e7ubu\u011fu ucu ba\u011flant\u0131 modu: L1= \u00e7ubuk ucu d\u0131\u015f di\u015fli; L2= \u00e7ubuk ucu i\u00e7 di\u015fli<br \/>\n0- \u00e7al\u0131\u015fma ortam\u0131: 0= ya\u011f, hidrolik ya\u011f; W= Y\u00fcksek su bazl\u0131 (em\u00fclsiyon). Not: Model a\u00e7\u0131klamas\u0131nda A ile i\u015faretlenenler standart d\u0131\u015f\u0131 olarak de\u011ferlendirilir.<\/p>\n<h2><strong>HSG M\u00fchendislik Hidrolik Silindir <\/strong><strong>Teknik Parametre:<\/strong><\/h2>\n<p>\u0130stedi\u011finiz \u00fcr\u00fcn\u00fc se\u00e7mek i\u00e7in a\u015fa\u011f\u0131daki model g\u00f6sterimini kullanabilirsiniz. Model \u00f6rne\u011fi: HG-L-50\/40 *100-2501<\/p>\n<p><img loading=\"lazy\" decoding=\"async\" class=\"alignnone size-large wp-image-320903\" src=\"https:\/\/hzpt.com\/wp-content\/uploads\/2023\/09\/hsg-hydraulic-cylinder-2-467x1024.webp\" alt=\"\" width=\"467\" height=\"1024\" \/><\/p>\n<p>HSG serisi m\u00fchendislik hidrolik silindirlerinin temel parametreleri, silindir \u00e7ap\u0131, \u00e7ubuk \u00e7ap\u0131 ve maksimum stro\u011fu i\u00e7erir.<\/p>\n<p>1, H\u0131z oran\u0131, piston bo\u015flu\u011funun etkin alan\u0131n\u0131n, piston kolu bo\u015flu\u011funun yeterli boyutuna oran\u0131d\u0131r.<br \/>\n2, maksimum vuru\u015f prensip olarak: h\u0131z oran\u0131 = 1.33 oldu\u011funda, S = 8D; oran = 1.45 oldu\u011funda, S = 10D; denge 2'ye e\u015fit oldu\u011funda, S 12D'ye benzer<\/p>\n<h2><strong>Hidrolik Silindir \u0130\u00e7in Conta Tak\u0131m\u0131 Nas\u0131l Bulunur?<\/strong><\/h2>\n<p>Hidrolik silindir i\u00e7in do\u011fru conta kitini bulmak, uygun uyumu, i\u015flevselli\u011fi ve performans\u0131 sa\u011flamak i\u00e7in \u00e7ok \u00f6nemlidir. Uygun conta kitini bulman\u0131za yard\u0131mc\u0131 olacak baz\u0131 ad\u0131mlar \u015funlard\u0131r:<\/p>\n<ol>\n<li><strong>Silindir \u00dcreticisini ve Modelini Belirleyin:<\/strong>\n<ul>\n<li>Hidrolik silindirin \u00fcreticisini belirleyin. Bu bilgi genellikle silindir g\u00f6vdesine damgalan\u0131r veya kaz\u0131n\u0131r.<\/li>\n<li>M\u00fcmk\u00fcnse silindir \u00fczerindeki model numaras\u0131n\u0131 veya di\u011fer tan\u0131mlay\u0131c\u0131 i\u015faretleri not edin.<\/li>\n<\/ul>\n<\/li>\n<li><strong>Toplama Silindiri \u00d6zellikleri:<\/strong>\n<ul>\n<li>Silindirin delik \u00e7ap\u0131, \u00e7ubuk \u00e7ap\u0131 ve strok uzunlu\u011fu dahil olmak \u00fczere boyutlar\u0131n\u0131 \u00f6l\u00e7\u00fcn.<\/li>\n<li>Silindire \u00f6zg\u00fc flan\u015flar, portlar veya montaj stilleri gibi belirli \u00f6zellikleri veya yap\u0131land\u0131rmalar\u0131 not edin.<\/li>\n<\/ul>\n<\/li>\n<li><strong>\u00dcreticinin Kaynaklar\u0131n\u0131 Ara\u015ft\u0131r\u0131n:<\/strong>\n<ul>\n<li>Belirli silindir modeliniz i\u00e7in mevcut conta kitleri hakk\u0131nda bilgi almak i\u00e7in \u00fcreticinin web sitesini ziyaret edin veya m\u00fc\u015fteri deste\u011fiyle ileti\u015fime ge\u00e7in.<\/li>\n<li>\u00dcreticiye silindir \u00f6zelliklerini ve toplad\u0131\u011f\u0131n\u0131z tan\u0131mlay\u0131c\u0131 bilgileri verin.<\/li>\n<\/ul>\n<\/li>\n<li><strong>\u00c7evrimi\u00e7i Hidrolik Conta Tedarik\u00e7ilerini Ke\u015ffedin:<\/strong>\n<ul>\n<li>G\u00fcvenilir \u00e7evrimi\u00e7i hidrolik conta tedarik\u00e7ilerini veya distrib\u00fct\u00f6rlerini aray\u0131n.<\/li>\n<li>Se\u00e7imi silindir \u00f6zelliklerine veya \u00fcreticiye g\u00f6re daraltmak i\u00e7in web sitelerindeki arama filtrelerini veya gezinme men\u00fclerini kullan\u0131n.<\/li>\n<\/ul>\n<\/li>\n<li><strong>M\u00fch\u00fcr Kiti \u00c7apraz Referans Ara\u00e7lar\u0131n\u0131 Kullan\u0131n:<\/strong>\n<ul>\n<li>Baz\u0131 conta tak\u0131m\u0131 tedarik\u00e7ileri, silindir modellerini uyumlu conta tak\u0131mlar\u0131yla e\u015fle\u015ftirmeye yard\u0131mc\u0131 olan \u00e7apraz referans ara\u00e7lar\u0131 veya veritabanlar\u0131 sunar.<\/li>\n<li>Uygun conta tak\u0131mlar\u0131n\u0131 bulmak i\u00e7in silindir \u00fcreticisini, modelini veya di\u011fer \u00f6zellikleri \u00e7apraz referans arac\u0131na girin.<\/li>\n<\/ul>\n<\/li>\n<li><strong>Hidrolik Sistem Bak\u0131m K\u0131lavuzlar\u0131na bak\u0131n:<\/strong>\n<ul>\n<li>Hidrolik silindiri kullanan ekipman veya makinenin bak\u0131m k\u0131lavuzunun olup olmad\u0131\u011f\u0131n\u0131 kontrol edin.<\/li>\n<li>K\u0131lavuzda \u00f6nerilen conta kitleri veya par\u00e7a numaralar\u0131 hakk\u0131nda bilgi bulunabilir.<\/li>\n<\/ul>\n<\/li>\n<li><strong>Hidrolik Uzmanlar\u0131ndan Yard\u0131m Al\u0131n:<\/strong>\n<ul>\n<li>Hidrolik sistem uzmanlar\u0131na, bak\u0131m profesyonellerine veya hidrolik sistemler konusunda uzman m\u00fchendislere ula\u015f\u0131n.<\/li>\n<li>Hidrolik silindiriniz i\u00e7in do\u011fru conta kitini bulman\u0131zda size rehberlik edebilir ve tavsiyede bulunabilirler.<\/li>\n<\/ul>\n<\/li>\n<li><strong>\u00d6zel M\u00fch\u00fcr Kitlerini D\u00fc\u015f\u00fcn\u00fcn:<\/strong>\n<ul>\n<li>Silindir modeliniz i\u00e7in \u00f6zel olarak tasarlanm\u0131\u015f bir conta tak\u0131m\u0131 bulamazsan\u0131z, \u00f6zel conta tak\u0131mlar\u0131 sunan bir \u00fcretici veya tedarik\u00e7iyle ileti\u015fime ge\u00e7meyi d\u00fc\u015f\u00fcn\u00fcn.<\/li>\n<li>\u0130htiya\u00e7lar\u0131n\u0131za uygun bir conta kiti i\u00e7in do\u011fru \u00f6l\u00e7\u00fcmler ve silindir \u00f6zellikleri sa\u011flay\u0131n.<\/li>\n<\/ul>\n<\/li>\n<li><strong>Conta Kitini Sat\u0131n Al\u0131n ve Tak\u0131n:<\/strong>\n<ul>\n<li>Uygun conta kitini belirledikten sonra tedarik\u00e7iye veya \u00fcreticiye sipari\u015f verin.<\/li>\n<li>Uygun montaj\u0131 ve optimum performans\u0131 sa\u011flamak i\u00e7in conta kitinin montaj talimatlar\u0131n\u0131 dikkatlice izleyin.<\/li>\n<\/ul>\n<\/li>\n<\/ol>\n<h2><strong>Fabrikan\u0131n Kapasitesi ve Kapasitesi:<\/strong><\/h2>\n<h3>(1) Meclis<\/h3>\n<p>Birinci s\u0131n\u0131f ba\u011f\u0131ms\u0131z bir ara\u015ft\u0131rma ve geli\u015ftirme montaj platformumuz bulunmaktad\u0131r. Hidrolik silindir \u00fcretim at\u00f6lyemizde, y\u0131ll\u0131k 1 milyon adet \u00fcretim kapasitesine sahip d\u00f6rt adet yar\u0131 otomatik kald\u0131rma silindiri montaj hatt\u0131 ve bir adet otomatik devirme silindiri montaj hatt\u0131 bulunmaktad\u0131r. \u00d6zel silindir at\u00f6lyemiz, y\u0131ll\u0131k 200.000 adet \u00fcretim kapasitesine sahip \u00e7e\u015fitli \u00f6zelliklerde yar\u0131 otomatik temizleme montaj sistemiyle donat\u0131lm\u0131\u015ft\u0131r. Ayr\u0131ca, \u00fcnl\u00fc CNC i\u015fleme ekipmanlar\u0131, bir i\u015fleme merkezi, y\u00fcksek hassasiyetli silindir i\u015fleme \u00f6zel ekipmanlar\u0131, bir robot kaynak makinesi, bir otomatik temizleme makinesi, otomatik silindir montaj makinesi ve otomatik boyama \u00fcretim hatt\u0131 ile donat\u0131lm\u0131\u015ft\u0131r. 300'den fazla setten olu\u015fan kritik ekipmanlar mevcuttur. Ekipman kaynaklar\u0131n\u0131n optimum da\u011f\u0131l\u0131m\u0131 ve verimli kullan\u0131m\u0131, \u00fcr\u00fcnlerin hassasiyet gereksinimlerini kar\u015f\u0131lar ve \u00fcr\u00fcnlerin y\u00fcksek kalite ihtiya\u00e7lar\u0131n\u0131 kar\u015f\u0131lar.<\/p>\n<p><img loading=\"lazy\" decoding=\"async\" class=\"alignnone wp-image-626\" src=\"https:\/\/hydraulic-cylinders.net\/wp-content\/uploads\/2023\/08\/hydraulic-cylinder-product-1-300x158.webp\" alt=\"\" width=\"495\" height=\"260\" srcset=\"https:\/\/hydraulic-cylinders.net\/wp-content\/uploads\/2023\/08\/hydraulic-cylinder-product-1-300x158.webp 495w, https:\/\/hydraulic-cylinders.net\/wp-content\/uploads\/2023\/08\/hydraulic-cylinder-product-1-480x252.webp 480w\" sizes=\"(min-width: 0px) and (max-width: 480px) 480px, (min-width: 481px) 495px, 100vw\" \/> <img loading=\"lazy\" decoding=\"async\" class=\"alignnone wp-image-627\" src=\"https:\/\/hydraulic-cylinders.net\/wp-content\/uploads\/2023\/08\/hydraulic-cylinder-product-2-300x189.webp\" alt=\"\" width=\"413\" height=\"260\" \/><\/p>\n<h3>(2) \u0130\u015fleme<\/h3>\n<p>\u0130\u015fleme at\u00f6lyesi, maksimum 400 mm i\u00e7 \u00e7apa ve maksimum 6 metre uzunlu\u011fa sahip silindir borular\u0131n\u0131n i\u015flenmesini ger\u00e7ekle\u015ftirebilen \u00f6zel e\u011fimli ray torna merkezi, i\u015fleme merkezi, y\u00fcksek h\u0131zl\u0131 honlama makinesi, kaynak robotu ve di\u011fer ilgili ekipmanlarla donat\u0131lm\u0131\u015ft\u0131r.<\/p>\n<p><img loading=\"lazy\" decoding=\"async\" class=\"alignnone wp-image-628 size-large\" src=\"https:\/\/hydraulic-cylinders.net\/wp-content\/uploads\/2023\/08\/hydraulic-cylinder-product-3-1024x391.webp\" alt=\"\" width=\"1024\" height=\"391\" srcset=\"https:\/\/hydraulic-cylinders.net\/wp-content\/uploads\/2023\/08\/hydraulic-cylinder-product-3-980x374.webp 980w, https:\/\/hydraulic-cylinders.net\/wp-content\/uploads\/2023\/08\/hydraulic-cylinder-product-3-480x183.webp 480w\" sizes=\"(min-width: 0px) and (max-width: 480px) 480px, (min-width: 481px) and (max-width: 980px) 980px, (min-width: 981px) 1024px, 100vw\" \/><\/p>\n<h3>(3) Kaynak<\/h3>\n<p><img loading=\"lazy\" decoding=\"async\" class=\"alignnone wp-image-629 size-large\" src=\"https:\/\/hydraulic-cylinders.net\/wp-content\/uploads\/2023\/08\/hydraulic-cylinder-product-4-1024x510.webp\" alt=\"\" width=\"1024\" height=\"510\" srcset=\"https:\/\/hydraulic-cylinders.net\/wp-content\/uploads\/2023\/08\/hydraulic-cylinder-product-4-980x488.webp 980w, https:\/\/hydraulic-cylinders.net\/wp-content\/uploads\/2023\/08\/hydraulic-cylinder-product-4-480x239.webp 480w\" sizes=\"(min-width: 0px) and (max-width: 480px) 480px, (min-width: 481px) and (max-width: 980px) 980px, (min-width: 981px) 1024px, 100vw\" \/><\/p>\n<h3>(4) Boyama ve kaplama<\/h3>\n<p>K\u00fc\u00e7\u00fck ve orta \u00f6l\u00e7ekli silindirli otomatik su bazl\u0131 boya kaplama hatlar\u0131nda, otomatik robot y\u00fckleme-bo\u015faltma ve otomatik p\u00fcsk\u00fcrtmeyi ger\u00e7ekle\u015ftirmek i\u00e7in, vardiya ba\u015f\u0131na 4000 adet tasar\u0131m kapasitesi;<br \/>\nAyr\u0131ca, vardiya ba\u015f\u0131na 60 kasa kapasiteli, g\u00fc\u00e7 zinciriyle \u00e7al\u0131\u015fan b\u00fcy\u00fck silindirler i\u00e7in yar\u0131 otomatik boya \u00fcretim hatt\u0131m\u0131z da bulunmaktad\u0131r.<\/p>\n<p><img loading=\"lazy\" decoding=\"async\" class=\"alignnone wp-image-630\" src=\"https:\/\/hydraulic-cylinders.net\/wp-content\/uploads\/2023\/08\/hydraulic-cylinder-product-5-300x213.webp\" alt=\"\" width=\"366\" height=\"260\" \/> <img loading=\"lazy\" decoding=\"async\" class=\"alignnone wp-image-631\" src=\"https:\/\/hydraulic-cylinders.net\/wp-content\/uploads\/2023\/08\/hydraulic-cylinder-product-6-300x225.webp\" alt=\"\" width=\"347\" height=\"260\" \/><\/p>\n<h3>(5) Test etme<\/h3>\n<p>Silindirin performans\u0131n\u0131n gereklilikleri kar\u015f\u0131lad\u0131\u011f\u0131ndan emin olmak i\u00e7in birinci s\u0131n\u0131f muayene tesislerimiz ve test yataklar\u0131m\u0131z bulunmaktad\u0131r.<\/p>\n<p><img loading=\"lazy\" decoding=\"async\" class=\"alignnone wp-image-632\" src=\"https:\/\/hydraulic-cylinders.net\/wp-content\/uploads\/2023\/08\/hydraulic-cylinder-product-8-300x200.webp\" alt=\"\" width=\"389\" height=\"260\" \/><\/p>\n<p>&nbsp;<\/p>\n<p>&nbsp;<\/p>\n<p>En iyi m\u00fchendislik hidrolik silindir \u00fcreticilerinden biriyiz. Kapsaml\u0131 m\u00fchendislik hidrolik silindir sto\u011fu sunabiliyoruz. Ayr\u0131ca, ilgili \u00fcr\u00fcnleri de sa\u011fl\u0131yoruz. <a href=\"https:\/\/hzpt.com\/agricultural-pto-gearbox\/\" target=\"_blank\" rel=\"noopener\">tar\u0131msal di\u015fli kutular\u0131<\/a>\u00dcr\u00fcnlerimizi d\u00fcnya \u00e7ap\u0131ndaki m\u00fc\u015fterilerimize ihra\u00e7 ettik ve \u00fcst\u00fcn \u00fcr\u00fcn kalitemiz ve sat\u0131\u015f sonras\u0131 hizmetlerimiz sayesinde iyi bir itibar kazand\u0131k. Yurt i\u00e7i ve yurt d\u0131\u015f\u0131ndaki m\u00fc\u015fterilerimizi i\u015f g\u00f6r\u00fc\u015fmeleri yapmak, bilgi al\u0131\u015fveri\u015finde bulunmak ve <a href=\"https:\/\/www.hydraulic-cylinders.net\/tr\/contact-us\/\">bizimle i\u015fbirli\u011fi yap\u0131n<\/a>!<\/p>\n<h2><\/h2>\n<h2><\/h2>","protected":false},"excerpt":{"rendered":"<p>HSG Engineering Hydraulic Cylinder HSG series engineering hydraulic cylinder is a double-acting piston rod hydraulic cylinder. Installation mode adopts earring type. According to the connection between the cylinder head and the cylinder block, there are three kinds of external thread connection, internal card critical connection, and flange connection. Engineering hydraulic cylinder is mainly used in [&hellip;]<\/p>","protected":false},"featured_media":1143,"comment_status":"open","ping_status":"closed","template":"","meta":{"_et_pb_use_builder":"","_et_pb_old_content":"","_et_gb_content_width":""},"product_brand":[],"product_cat":[1376],"product_tag":[1380],"class_list":{"0":"post-1141","1":"product","2":"type-product","3":"status-publish","4":"has-post-thumbnail","6":"product_cat-hydraulic-cylinder","7":"product_tag-hydraulic-cylinder","9":"first","10":"instock","11":"shipping-taxable","12":"product-type-simple"},"amp_enabled":true,"_links":{"self":[{"href":"https:\/\/www.hydraulic-cylinders.net\/tr\/wp-json\/wp\/v2\/product\/1141","targetHints":{"allow":["GET"]}}],"collection":[{"href":"https:\/\/www.hydraulic-cylinders.net\/tr\/wp-json\/wp\/v2\/product"}],"about":[{"href":"https:\/\/www.hydraulic-cylinders.net\/tr\/wp-json\/wp\/v2\/types\/product"}],"replies":[{"embeddable":true,"href":"https:\/\/www.hydraulic-cylinders.net\/tr\/wp-json\/wp\/v2\/comments?post=1141"}],"wp:featuredmedia":[{"embeddable":true,"href":"https:\/\/www.hydraulic-cylinders.net\/tr\/wp-json\/wp\/v2\/media\/1143"}],"wp:attachment":[{"href":"https:\/\/www.hydraulic-cylinders.net\/tr\/wp-json\/wp\/v2\/media?parent=1141"}],"wp:term":[{"taxonomy":"product_brand","embeddable":true,"href":"https:\/\/www.hydraulic-cylinders.net\/tr\/wp-json\/wp\/v2\/product_brand?post=1141"},{"taxonomy":"product_cat","embeddable":true,"href":"https:\/\/www.hydraulic-cylinders.net\/tr\/wp-json\/wp\/v2\/product_cat?post=1141"},{"taxonomy":"product_tag","embeddable":true,"href":"https:\/\/www.hydraulic-cylinders.net\/tr\/wp-json\/wp\/v2\/product_tag?post=1141"}],"curies":[{"name":"wp","href":"https:\/\/api.w.org\/{rel}","templated":true}]}}