{"id":1153,"date":"2023-09-12T02:21:39","date_gmt":"2023-09-12T02:21:39","guid":{"rendered":"https:\/\/hydraulic-cylinders.net\/?post_type=product&#038;p=1153"},"modified":"2023-09-19T02:24:44","modified_gmt":"2023-09-19T02:24:44","slug":"axial-tripod-type-metallurgical-hydraulic-cylinder","status":"publish","type":"product","link":"https:\/\/www.hydraulic-cylinders.net\/tr\/urun\/axial-tripod-type-metallurgical-hydraulic-cylinder\/","title":{"rendered":"Eksenel Tripod Tipi Metalurjik Hidrolik Silindir"},"content":{"rendered":"<h1 style=\"text-align: center;\"><strong>Eksenel Tripod Tipi Metalurjik Hidrolik Silindir<\/strong><\/h1>\n<p>Eksenel \u00fc\u00e7 ayakl\u0131 metalurjik hidrolik silindir, metalurji uygulamalar\u0131 i\u00e7in \u00f6zel olarak tasarlanm\u0131\u015f, son derece verimli ve dayan\u0131kl\u0131 bir bile\u015fendir. Bu \u00fcr\u00fcn, zorlu end\u00fcstriyel ortamlarda \u00fcst\u00fcn performans, hassas kontrol ve g\u00fcvenilir \u00e7al\u0131\u015fma sunar. Benzersiz eksenel \u00fc\u00e7 ayakl\u0131 tasar\u0131m\u0131, stabilite, do\u011fruluk ve art\u0131r\u0131lm\u0131\u015f g\u00fcvenlik sa\u011flar.<\/p>\n<p>Y-HG1 serisi metalurji ekipmanlar\u0131 i\u00e7in hidrolik silindir, \u00e7ift etkili pistonlu silindir olup, silindir \u00e7ap\u0131 genellikle 40~320 mm aral\u0131\u011f\u0131ndad\u0131r, \u00e7al\u0131\u015fma bas\u0131nc\u0131 &lt;=16 MPA&#039;d\u0131r, hidrolik ya\u011f mekanik sistemi, s\u0131v\u0131 em\u00fclsiyonu ve di\u011fer \u00e7al\u0131\u015fma ortamlar\u0131yla kullan\u0131labilir, flan\u015f, k\u00fcpe, pim, tetikleyici (taban) ve farkl\u0131 tiplerde montaj yap\u0131labilir.<\/p>\n<p>Y\u00fcksek hassasiyetli CNC honlama makinesi, otomatik kaynak makinesi, dikey, yatay i\u015fleme merkezi, portal i\u015fleme merkezi, CNC torna ve di\u011fer i\u015fleme ekipmanlar\u0131, \u00fcr\u00fcn kalitesi istikrarl\u0131 ve garantilidir.<\/p>\n<p><img loading=\"lazy\" decoding=\"async\" class=\"aligncenter wp-image-1154\" src=\"https:\/\/hydraulic-cylinders.net\/wp-content\/uploads\/2023\/09\/axial-tripod-type-metallurgical-hydraulic-cylinder-2-300x300.webp\" alt=\"\" width=\"400\" height=\"399\" \/><\/p>\n<h2><strong>Eksenel Tripod Tipi Metalurjik Hidrolik Silindir Parametreleri:<\/strong><\/h2>\n<p><img loading=\"lazy\" decoding=\"async\" class=\"alignnone wp-image-1155 size-large\" src=\"https:\/\/hydraulic-cylinders.net\/wp-content\/uploads\/2023\/09\/axial-tripod-type-metallurgical-hydraulic-cylinder-1-1024x715.webp\" alt=\"\" width=\"1024\" height=\"715\" srcset=\"https:\/\/hydraulic-cylinders.net\/wp-content\/uploads\/2023\/09\/axial-tripod-type-metallurgical-hydraulic-cylinder-1-1024x715.webp 1024w, https:\/\/hydraulic-cylinders.net\/wp-content\/uploads\/2023\/09\/axial-tripod-type-metallurgical-hydraulic-cylinder-1-980x684.webp 980w, https:\/\/hydraulic-cylinders.net\/wp-content\/uploads\/2023\/09\/axial-tripod-type-metallurgical-hydraulic-cylinder-1-480x335.webp 480w\" sizes=\"(min-width: 0px) and (max-width: 480px) 480px, (min-width: 481px) and (max-width: 980px) 980px, (min-width: 981px) 1024px, 100vw\" \/><\/p>\n<h2><strong>Eksenel Tripod Tipi Metalurjik Hidrolik Silindir <\/strong><strong>Kullan\u0131m Y\u00f6ntemi<\/strong><strong>:<\/strong><\/h2>\n<ol>\n<li><strong>Montaj ve Kurulum:<\/strong>\n<ul>\n<li>\u00d6zel metalurjik uygulama ve ekipman gereksinimlerine g\u00f6re hidrolik silindirin uygun montaj pozisyonunu belirleyin.<\/li>\n<li>Montaj y\u00fczeyinin temiz, d\u00fcz ve silindirin y\u00fck\u00fcn\u00fc ta\u015f\u0131yabilecek kapasitede oldu\u011fundan emin olun.<\/li>\n<\/ul>\n<\/li>\n<li><strong>Hidrolik Sisteme Ba\u011flant\u0131:<\/strong>\n<ul>\n<li>Hidrolik silindiri, uyumlu hidrolik hortumlar\u0131 veya borular\u0131 kullanarak hidrolik sisteme ba\u011flay\u0131n.<\/li>\n<li>S\u0131z\u0131nt\u0131lar\u0131 \u00f6nlemek i\u00e7in do\u011fru hizalama ve g\u00fcvenli ba\u011flant\u0131 sa\u011flay\u0131n.<\/li>\n<\/ul>\n<\/li>\n<li><strong>Sistem Entegrasyonu ve Kalibrasyonu:<\/strong>\n<ul>\n<li>\u00dcreticinin y\u00f6nergelerine g\u00f6re, metalurjik hidrolik silindirleri metalurjik ekipman veya sistemlere entegre edin.<\/li>\n<li>\u0130stenilen performans ve \u00e7al\u0131\u015fma parametrelerini elde etmek i\u00e7in sistemi kalibre edin.<\/li>\n<\/ul>\n<\/li>\n<li><strong>Silindirin \u00c7al\u0131\u015ft\u0131r\u0131lmas\u0131:<\/strong>\n<ul>\n<li>Hidrolik sisteme bas\u0131n\u00e7 uygulamak ve hidrolik silindirin hareketini ba\u015flatmak i\u00e7in hidrolik sistemi etkinle\u015ftirin.<\/li>\n<li>Hidrolik kontrol sistemi, silindirin uzat\u0131lmas\u0131n\u0131, geri \u00e7ekilmesini ve konumland\u0131r\u0131lmas\u0131n\u0131 kontrol eder.<\/li>\n<\/ul>\n<\/li>\n<\/ol>\n<h2><strong>Eksenel Tripod Tipi Metalurjik Hidrolik Silindir <\/strong><strong>Bak\u0131m<\/strong><strong>:<\/strong><\/h2>\n<ol>\n<li><strong>D\u00fczenli Muayene:<\/strong>\n<ul>\n<li>Hidrolik silindirde s\u0131z\u0131nt\u0131, a\u015f\u0131nma veya hasar belirtileri olup olmad\u0131\u011f\u0131n\u0131 kontrol etmek i\u00e7in rutin bir inceleme yap\u0131n.<\/li>\n<li>Montaj braketlerini, ba\u011flant\u0131 elemanlar\u0131n\u0131 ve ba\u011flant\u0131lar\u0131 kontrol ederek g\u00fcvenli ve do\u011fru \u015fekilde \u00e7al\u0131\u015ft\u0131klar\u0131ndan emin olun.<\/li>\n<\/ul>\n<\/li>\n<li><strong>Ya\u011flama:<\/strong>\n<ul>\n<li>Ya\u011flama aral\u0131klar\u0131 ve kullan\u0131lan ya\u011flay\u0131c\u0131 t\u00fcr\u00fc konusunda \u00fcreticinin tavsiyelerine uyun.<\/li>\n<li>S\u00fcrt\u00fcnmeyi azaltmak ve sorunsuz \u00e7al\u0131\u015fmay\u0131 sa\u011flamak i\u00e7in piston kollar\u0131, contalar ve rulmanlar gibi gerekli par\u00e7alara ya\u011flay\u0131c\u0131 uygulay\u0131n.<\/li>\n<\/ul>\n<\/li>\n<li><strong>Temizlik:<\/strong>\n<ul>\n<li>Hidrolik silindirin performans\u0131n\u0131 etkileyebilecek kir, toz ve yabanc\u0131 maddelerden ka\u00e7\u0131nmak i\u00e7in hidrolik silindiri ve \u00e7evresini temiz tutun.<\/li>\n<li>Silindire veya bile\u015fenlerine zarar vermemek i\u00e7in uygun temizleme y\u00f6ntemleri ve malzemeleri kullan\u0131n.<\/li>\n<\/ul>\n<\/li>\n<\/ol>\n<h2><strong>Hidrolik Silindir Nas\u0131l S\u00f6k\u00fcl\u00fcr?<\/strong><\/h2>\n<p>Bir hidrolik silindirin s\u00f6k\u00fclmesi, hasar\u0131 \u00f6nlemek ve g\u00fcvenli kullan\u0131m sa\u011flamak i\u00e7in dikkatli bir s\u00f6kme i\u015flemi gerektirir. \u0130zlenecek genel ad\u0131mlar \u015funlard\u0131r:<\/p>\n<ol>\n<li><strong>G\u00fcvenlik \u00d6nlemleri:<\/strong>\n<ul>\n<li>Hidrolik sistemin bas\u0131nc\u0131n\u0131n bo\u015falt\u0131ld\u0131\u011f\u0131ndan ve silindirin geri \u00e7ekildi\u011finden emin olun.<\/li>\n<li>Eldiven ve koruyucu g\u00f6zl\u00fck gibi uygun ki\u015fisel koruyucu ekipmanlar\u0131 kullan\u0131n.<\/li>\n<li>Yeterli ayd\u0131nlatma ve havaland\u0131rmaya sahip, temiz ve d\u00fczenli bir \u00e7al\u0131\u015fma alan\u0131 haz\u0131rlay\u0131n.<\/li>\n<\/ul>\n<\/li>\n<li><strong>Silindir Bile\u015fenlerini Tan\u0131mlay\u0131n:<\/strong>\n<ul>\n<li>Hidrolik silindirin silindir g\u00f6vdesi, piston, \u00e7ubuk, contalar ve u\u00e7 kapaklar\u0131 gibi farkl\u0131 par\u00e7alar\u0131n\u0131 tan\u0131y\u0131n.<\/li>\n<\/ul>\n<\/li>\n<li><strong>Harici Ba\u011flant\u0131lar\u0131 Kald\u0131r:<\/strong>\n<ul>\n<li>Silindire ba\u011fl\u0131 t\u00fcm hidrolik hortumlar\u0131, ba\u011flant\u0131 par\u00e7alar\u0131n\u0131 veya di\u011fer harici ba\u011flant\u0131lar\u0131 ay\u0131r\u0131n.<\/li>\n<li>Ba\u011flant\u0131lar\u0131 gev\u015fetmek ve \u00e7\u0131karmak i\u00e7in \u0130ngiliz anahtar\u0131 veya pense gibi uygun aletler kullan\u0131n ve dikkatlice s\u00f6k\u00fcn.<\/li>\n<\/ul>\n<\/li>\n<li><strong>Silindiri Sabitleyin:<\/strong>\n<ul>\n<li>Silindiri bir mengeneye veya benzeri bir tutma aparat\u0131na g\u00fcvenli bir \u015fekilde yerle\u015ftirin, sabit oldu\u011fundan ve s\u00f6kme i\u015flemi s\u0131ras\u0131nda hareket etmeyece\u011finden emin olun.<\/li>\n<\/ul>\n<\/li>\n<li><strong>\u00c7ubuk Ucu Kapa\u011f\u0131n\u0131 \u00c7\u0131kar\u0131n:<\/strong>\n<ul>\n<li>\u00c7ubuk u\u00e7 kapa\u011f\u0131n\u0131, genellikle pistonun kar\u015f\u0131s\u0131ndaki silindirin ucunda bulun.<\/li>\n<li>\u00c7ubuk u\u00e7 kapa\u011f\u0131n\u0131 sabitleyen c\u0131vatalar\u0131 gev\u015fetmek ve \u00e7\u0131karmak i\u00e7in uygun anahtar\u0131 veya soketi kullan\u0131n.<\/li>\n<li>Herhangi bir contay\u0131 veya yap\u0131\u015fkan ba\u011f\u0131 koparmak i\u00e7in u\u00e7 kapa\u011fa lastik tokmakla hafif\u00e7e vurun.<\/li>\n<\/ul>\n<\/li>\n<li><strong>\u00c7ubuk ve Piston Grubunu Ay\u0131r\u0131n:<\/strong>\n<ul>\n<li>\u00c7ubuk ucu kapa\u011f\u0131 \u00e7\u0131kar\u0131ld\u0131ktan sonra, \u00e7ubuk ve piston tertibat\u0131n\u0131 silindir g\u00f6vdesinden dikkatlice kayd\u0131r\u0131n.<\/li>\n<li>Montaj\u0131n a\u011f\u0131rl\u0131\u011f\u0131n\u0131 destekleyerek d\u00fc\u015fmesini veya hasar g\u00f6rmesini \u00f6nleyin.<\/li>\n<\/ul>\n<\/li>\n<li><strong>\u00c7ubuk ve Piston Grubunu S\u00f6k\u00fcn:<\/strong>\n<ul>\n<li>\u00c7ubuk ve piston tertibat\u0131nda tutma halkalar\u0131, segmanlar veya di\u011fer kontrol cihazlar\u0131 olup olmad\u0131\u011f\u0131n\u0131 inceleyin.<\/li>\n<li>Montaj\u0131n bile\u015fenlerine ayr\u0131labilmesi i\u00e7in, pense veya segman pensesi gibi uygun aletler kullanarak bu tutucu elemanlar\u0131 \u00e7\u0131kar\u0131n.<\/li>\n<li>Yeniden montaj i\u00e7in her bir bile\u015fenin s\u0131ras\u0131n\u0131 ve y\u00f6n\u00fcn\u00fc not edin.<\/li>\n<\/ul>\n<\/li>\n<li><strong>Denetleyin ve Temizleyin:<\/strong>\n<ul>\n<li>S\u00f6k\u00fclen t\u00fcm par\u00e7alar\u0131 a\u015f\u0131nma, hasar veya s\u0131z\u0131nt\u0131 belirtileri a\u00e7\u0131s\u0131ndan inceleyin.<\/li>\n<li>Kir, kal\u0131nt\u0131 ve hidrolik s\u0131v\u0131 kal\u0131nt\u0131lar\u0131n\u0131 gidermek i\u00e7in her bir bile\u015feni uygun bir \u00e7\u00f6z\u00fcc\u00fc veya temizlik maddesi kullanarak iyice temizleyin.<\/li>\n<li>Tekrar birle\u015ftirmeden \u00f6nce par\u00e7alar\u0131 tamamen kurulay\u0131n.<\/li>\n<\/ul>\n<\/li>\n<li><strong>Yeniden Montaj veya Par\u00e7a De\u011fi\u015fimi:<\/strong>\n<ul>\n<li>Hasarl\u0131 veya a\u015f\u0131nm\u0131\u015f par\u00e7alar\u0131, \u00fcreticinin talimatlar\u0131na uygun olarak yenileriyle de\u011fi\u015ftirin.<\/li>\n<li>Hidrolik silindiri s\u00f6kme i\u015fleminin tersini uygulayarak, bile\u015fenlerin do\u011fru hizalanmas\u0131n\u0131 ve y\u00f6nlendirilmesini sa\u011flayarak yeniden monte edin.<\/li>\n<li>C\u0131vatalar\u0131 veya ba\u011flant\u0131 elemanlar\u0131n\u0131 \u00fcreticinin \u00f6nerdi\u011fi tork de\u011ferlerine g\u00f6re s\u0131k\u0131n.<\/li>\n<\/ul>\n<\/li>\n<\/ol>\n<h2><strong>Fabrikan\u0131n Kapasitesi ve Kapasitesi:<\/strong><\/h2>\n<h3>(1) Meclis<\/h3>\n<p>Birinci s\u0131n\u0131f ba\u011f\u0131ms\u0131z bir ara\u015ft\u0131rma ve geli\u015ftirme montaj platformumuz bulunmaktad\u0131r. Hidrolik silindir \u00fcretim at\u00f6lyemizde, y\u0131ll\u0131k 1 milyon adet \u00fcretim kapasitesine sahip d\u00f6rt adet yar\u0131 otomatik kald\u0131rma silindiri montaj hatt\u0131 ve bir adet otomatik devirme silindiri montaj hatt\u0131 bulunmaktad\u0131r. \u00d6zel silindir at\u00f6lyemiz, y\u0131ll\u0131k 200.000 adet \u00fcretim kapasitesine sahip \u00e7e\u015fitli \u00f6zelliklerde yar\u0131 otomatik temizleme montaj sistemiyle donat\u0131lm\u0131\u015ft\u0131r. Ayr\u0131ca, \u00fcnl\u00fc CNC i\u015fleme ekipmanlar\u0131, bir i\u015fleme merkezi, y\u00fcksek hassasiyetli silindir i\u015fleme \u00f6zel ekipmanlar\u0131, bir robot kaynak makinesi, bir otomatik temizleme makinesi, otomatik silindir montaj makinesi ve otomatik boyama \u00fcretim hatt\u0131 ile donat\u0131lm\u0131\u015ft\u0131r. 300'den fazla setten olu\u015fan kritik ekipmanlar mevcuttur. Ekipman kaynaklar\u0131n\u0131n optimum da\u011f\u0131l\u0131m\u0131 ve verimli kullan\u0131m\u0131, \u00fcr\u00fcnlerin hassasiyet gereksinimlerini kar\u015f\u0131lar ve \u00fcr\u00fcnlerin y\u00fcksek kalite ihtiya\u00e7lar\u0131n\u0131 kar\u015f\u0131lar.<\/p>\n<p><img loading=\"lazy\" decoding=\"async\" class=\"alignnone wp-image-626\" src=\"https:\/\/hydraulic-cylinders.net\/wp-content\/uploads\/2023\/08\/hydraulic-cylinder-product-1-300x158.webp\" alt=\"\" width=\"495\" height=\"260\" srcset=\"https:\/\/hydraulic-cylinders.net\/wp-content\/uploads\/2023\/08\/hydraulic-cylinder-product-1-300x158.webp 495w, https:\/\/hydraulic-cylinders.net\/wp-content\/uploads\/2023\/08\/hydraulic-cylinder-product-1-480x252.webp 480w\" sizes=\"(min-width: 0px) and (max-width: 480px) 480px, (min-width: 481px) 495px, 100vw\" \/> <img loading=\"lazy\" decoding=\"async\" class=\"alignnone wp-image-627\" src=\"https:\/\/hydraulic-cylinders.net\/wp-content\/uploads\/2023\/08\/hydraulic-cylinder-product-2-300x189.webp\" alt=\"\" width=\"413\" height=\"260\" \/><\/p>\n<h3>(2) \u0130\u015fleme<\/h3>\n<p>\u0130\u015fleme at\u00f6lyesi, maksimum 400 mm i\u00e7 \u00e7apa ve maksimum 6 metre uzunlu\u011fa sahip silindir borular\u0131n\u0131n i\u015flenmesini ger\u00e7ekle\u015ftirebilen \u00f6zel e\u011fimli ray torna merkezi, i\u015fleme merkezi, y\u00fcksek h\u0131zl\u0131 honlama makinesi, kaynak robotu ve di\u011fer ilgili ekipmanlarla donat\u0131lm\u0131\u015ft\u0131r.<\/p>\n<p><img loading=\"lazy\" decoding=\"async\" class=\"alignnone wp-image-628 size-large\" src=\"https:\/\/hydraulic-cylinders.net\/wp-content\/uploads\/2023\/08\/hydraulic-cylinder-product-3-1024x391.webp\" alt=\"\" width=\"1024\" height=\"391\" srcset=\"https:\/\/hydraulic-cylinders.net\/wp-content\/uploads\/2023\/08\/hydraulic-cylinder-product-3-980x374.webp 980w, https:\/\/hydraulic-cylinders.net\/wp-content\/uploads\/2023\/08\/hydraulic-cylinder-product-3-480x183.webp 480w\" sizes=\"(min-width: 0px) and (max-width: 480px) 480px, (min-width: 481px) and (max-width: 980px) 980px, (min-width: 981px) 1024px, 100vw\" \/><\/p>\n<h3>(3) Kaynak<\/h3>\n<p><img loading=\"lazy\" decoding=\"async\" class=\"alignnone wp-image-629 size-large\" src=\"https:\/\/hydraulic-cylinders.net\/wp-content\/uploads\/2023\/08\/hydraulic-cylinder-product-4-1024x510.webp\" alt=\"\" width=\"1024\" height=\"510\" srcset=\"https:\/\/hydraulic-cylinders.net\/wp-content\/uploads\/2023\/08\/hydraulic-cylinder-product-4-980x488.webp 980w, https:\/\/hydraulic-cylinders.net\/wp-content\/uploads\/2023\/08\/hydraulic-cylinder-product-4-480x239.webp 480w\" sizes=\"(min-width: 0px) and (max-width: 480px) 480px, (min-width: 481px) and (max-width: 980px) 980px, (min-width: 981px) 1024px, 100vw\" \/><\/p>\n<h3>(4) Boyama ve kaplama<\/h3>\n<p>K\u00fc\u00e7\u00fck ve orta \u00f6l\u00e7ekli silindirli otomatik su bazl\u0131 boya kaplama hatlar\u0131nda, otomatik robot y\u00fckleme-bo\u015faltma ve otomatik p\u00fcsk\u00fcrtmeyi ger\u00e7ekle\u015ftirmek i\u00e7in, vardiya ba\u015f\u0131na 4000 adet tasar\u0131m kapasitesi;<br \/>\nAyr\u0131ca, vardiya ba\u015f\u0131na 60 kasa kapasiteli, g\u00fc\u00e7 zinciriyle \u00e7al\u0131\u015fan b\u00fcy\u00fck silindirler i\u00e7in yar\u0131 otomatik boya \u00fcretim hatt\u0131m\u0131z da bulunmaktad\u0131r.<\/p>\n<p><img loading=\"lazy\" decoding=\"async\" class=\"alignnone wp-image-630\" src=\"https:\/\/hydraulic-cylinders.net\/wp-content\/uploads\/2023\/08\/hydraulic-cylinder-product-5-300x213.webp\" alt=\"\" width=\"366\" height=\"260\" \/> <img loading=\"lazy\" decoding=\"async\" class=\"alignnone wp-image-631\" src=\"https:\/\/hydraulic-cylinders.net\/wp-content\/uploads\/2023\/08\/hydraulic-cylinder-product-6-300x225.webp\" alt=\"\" width=\"347\" height=\"260\" \/><\/p>\n<h3>(5) Test etme<\/h3>\n<p>Silindirin performans\u0131n\u0131n gereklilikleri kar\u015f\u0131lad\u0131\u011f\u0131ndan emin olmak i\u00e7in birinci s\u0131n\u0131f muayene tesislerimiz ve test yataklar\u0131m\u0131z bulunmaktad\u0131r.<\/p>\n<p><img loading=\"lazy\" decoding=\"async\" class=\"alignnone wp-image-632\" src=\"https:\/\/hydraulic-cylinders.net\/wp-content\/uploads\/2023\/08\/hydraulic-cylinder-product-8-300x200.webp\" alt=\"\" width=\"389\" height=\"260\" \/><\/p>\n<p>&nbsp;<\/p>\n<p>&nbsp;<\/p>\n<p>En iyi metalurjik hidrolik silindir \u00fcreticilerinden biriyiz. Kapsaml\u0131 metalurjik hidrolik silindir sto\u011fu sunabiliyoruz. Ayr\u0131ca, ilgili \u00fcr\u00fcnleri de sa\u011fl\u0131yoruz. <a href=\"https:\/\/hzpt.com\/agricultural-pto-gearbox\/\" target=\"_blank\" rel=\"noopener\">tar\u0131msal di\u015fli kutular\u0131<\/a>\u00dcr\u00fcnlerimizi d\u00fcnya \u00e7ap\u0131ndaki m\u00fc\u015fterilerimize ihra\u00e7 ettik ve \u00fcst\u00fcn \u00fcr\u00fcn kalitemiz ve sat\u0131\u015f sonras\u0131 hizmetlerimiz sayesinde iyi bir itibar kazand\u0131k. Yurt i\u00e7i ve yurt d\u0131\u015f\u0131ndaki m\u00fc\u015fterilerimizi i\u015f g\u00f6r\u00fc\u015fmeleri yapmak, bilgi al\u0131\u015fveri\u015finde bulunmak ve <a href=\"https:\/\/www.hydraulic-cylinders.net\/tr\/contact-us\/\">bizimle i\u015fbirli\u011fi yap\u0131n<\/a>!<\/p>\n<h2><\/h2>\n<h2><\/h2>\n<h2><\/h2>","protected":false},"excerpt":{"rendered":"<p>Axial Tripod Type Metallurgical Hydraulic Cylinder The axial tripod-type metallurgical hydraulic cylinder is a highly efficient and durable component explicitly designed for metallurgical applications. This product offers superior performance, precise control, and reliable operation in demanding industrial settings. Its unique axial tripod design ensures stability, accuracy, and enhanced safety. Y-HG1 series of metallurgical equipment hydraulic [&hellip;]<\/p>","protected":false},"featured_media":1158,"comment_status":"open","ping_status":"closed","template":"","meta":{"_et_pb_use_builder":"","_et_pb_old_content":"","_et_gb_content_width":""},"product_brand":[],"product_cat":[1376],"product_tag":[1380],"class_list":{"0":"post-1153","1":"product","2":"type-product","3":"status-publish","4":"has-post-thumbnail","6":"product_cat-hydraulic-cylinder","7":"product_tag-hydraulic-cylinder","9":"first","10":"instock","11":"shipping-taxable","12":"product-type-simple"},"amp_enabled":true,"_links":{"self":[{"href":"https:\/\/www.hydraulic-cylinders.net\/tr\/wp-json\/wp\/v2\/product\/1153","targetHints":{"allow":["GET"]}}],"collection":[{"href":"https:\/\/www.hydraulic-cylinders.net\/tr\/wp-json\/wp\/v2\/product"}],"about":[{"href":"https:\/\/www.hydraulic-cylinders.net\/tr\/wp-json\/wp\/v2\/types\/product"}],"replies":[{"embeddable":true,"href":"https:\/\/www.hydraulic-cylinders.net\/tr\/wp-json\/wp\/v2\/comments?post=1153"}],"wp:featuredmedia":[{"embeddable":true,"href":"https:\/\/www.hydraulic-cylinders.net\/tr\/wp-json\/wp\/v2\/media\/1158"}],"wp:attachment":[{"href":"https:\/\/www.hydraulic-cylinders.net\/tr\/wp-json\/wp\/v2\/media?parent=1153"}],"wp:term":[{"taxonomy":"product_brand","embeddable":true,"href":"https:\/\/www.hydraulic-cylinders.net\/tr\/wp-json\/wp\/v2\/product_brand?post=1153"},{"taxonomy":"product_cat","embeddable":true,"href":"https:\/\/www.hydraulic-cylinders.net\/tr\/wp-json\/wp\/v2\/product_cat?post=1153"},{"taxonomy":"product_tag","embeddable":true,"href":"https:\/\/www.hydraulic-cylinders.net\/tr\/wp-json\/wp\/v2\/product_tag?post=1153"}],"curies":[{"name":"wp","href":"https:\/\/api.w.org\/{rel}","templated":true}]}}