{"id":1177,"date":"2023-09-12T06:06:56","date_gmt":"2023-09-12T06:06:56","guid":{"rendered":"https:\/\/hydraulic-cylinders.net\/?post_type=product&#038;p=1177"},"modified":"2025-04-11T05:07:07","modified_gmt":"2025-04-11T05:07:07","slug":"rear-method-orchid-type-metallurgical-hydraulic-cylinder","status":"publish","type":"product","link":"https:\/\/www.hydraulic-cylinders.net\/tr\/urun\/rear-method-orchid-type-metallurgical-hydraulic-cylinder\/","title":{"rendered":"Arka Y\u00f6ntem Orkide Tipi Metalurjik Hidrolik Silindir"},"content":{"rendered":"<h1 style=\"text-align: center;\"><strong>Arka Y\u00f6ntem Orkide Tipi Metalurjik Hidrolik Silindir<\/strong><\/h1>\n<p>Arka y\u00f6ntem orkide tipi metalurjik hidrolik silindir, metalurji uygulamalar\u0131n\u0131n zorlu gereksinimlerini kar\u015f\u0131lamak \u00fczere tasarlanm\u0131\u015f geli\u015fmi\u015f bir hidrolik bile\u015fendir. Ola\u011fan\u00fcst\u00fc performans\u0131, sa\u011flam yap\u0131s\u0131 ve yenilik\u00e7i tasar\u0131m\u0131yla bu hidrolik silindir, zorlu end\u00fcstriyel ortamlarda hassas kontrol, dayan\u0131kl\u0131l\u0131k ve verimlilik sa\u011flar. \u00c7elik fabrikalar\u0131nda, d\u00f6k\u00fcmhanelerde veya di\u011fer metalurjik proseslerde kullan\u0131lmas\u0131 fark etmeksizin, arka y\u00f6ntem orkide tipi silindir optimum sonu\u00e7lar sa\u011flar.<\/p>\n<p>Y-HG1 serisi metalurji ekipmanlar\u0131 hidrolik silindir \u00e7ift etkili piston silindiri i\u00e7in, silindir \u00e7ap\u0131 genellikle 40 ~ 320 mm aral\u0131\u011f\u0131ndad\u0131r, \u00e7al\u0131\u015fma bas\u0131nc\u0131 &lt;= 16 MPA, hidrolik ya\u011f mekanik sistemi em\u00fclsiyon ve di\u011fer \u00e7al\u0131\u015fma ortamlar\u0131n\u0131 kaybetmek i\u00e7in kullan\u0131labilir, flan\u015f, k\u00fcpeler, pimler, tetikleyiciler (taban) ve farkl\u0131 tiplerin montaj\u0131.<\/p>\n<p>Y\u00fcksek hassasiyetli CNC honlama makinesi, otomatik kaynak makinesi, dikey, yatay i\u015fleme merkezi, portal i\u015fleme merkezi, CNC torna ve di\u011fer i\u015fleme ekipmanlar\u0131, \u00fcr\u00fcn kalitesi istikrarl\u0131 ve garantilidir.<\/p>\n<p><img loading=\"lazy\" decoding=\"async\" class=\"wp-image-1182 aligncenter\" src=\"https:\/\/hydraulic-cylinders.net\/wp-content\/uploads\/2023\/09\/rear-method-orchid-type-hydraulic-cylinder-2-300x300.webp\" alt=\"\" width=\"400\" height=\"400\" \/><\/p>\n<h2><strong>Arka Y\u00f6ntem Orkide Tipi Metalurjik Hidrolik Silindir Parametresi:<\/strong><\/h2>\n<p><img loading=\"lazy\" decoding=\"async\" class=\"alignnone wp-image-1183 size-large\" src=\"https:\/\/hydraulic-cylinders.net\/wp-content\/uploads\/2023\/09\/rear-method-orchid-type-hydraulic-cylinder-1-1024x610.jpg\" alt=\"\" width=\"1024\" height=\"610\" srcset=\"https:\/\/hydraulic-cylinders.net\/wp-content\/uploads\/2023\/09\/rear-method-orchid-type-hydraulic-cylinder-1-980x584.jpg 980w, https:\/\/hydraulic-cylinders.net\/wp-content\/uploads\/2023\/09\/rear-method-orchid-type-hydraulic-cylinder-1-480x286.jpg 480w\" sizes=\"(min-width: 0px) and (max-width: 480px) 480px, (min-width: 481px) and (max-width: 980px) 980px, (min-width: 981px) 1024px, 100vw\" \/><\/p>\n<h2><strong>Arka Y\u00f6ntem Orkide Tipi Metalurjik Hidrolik Silindir <\/strong><strong>Kullan\u0131m Y\u00f6ntemi<\/strong><strong>:<\/strong><\/h2>\n<ol>\n<li><strong>Montaj ve Kurulum:<\/strong>\n<ul>\n<li>Metalurjik ekipmanlar\u0131n \u00f6zel gereksinimlerine g\u00f6re, metalurjik hidrolik silindirin uygun montaj pozisyonunu belirleyin.<\/li>\n<li>Montaj y\u00fczeyinin temiz, d\u00fcz ve silindirin a\u011f\u0131rl\u0131\u011f\u0131n\u0131 ve y\u00fck\u00fcn\u00fc destekleyebilecek kapasitede oldu\u011fundan emin olun.<\/li>\n<\/ul>\n<\/li>\n<li><strong>Hidrolik Sisteme Ba\u011flant\u0131<\/strong>:\n<ul>\n<li>Metalurjik hidrolik silindiri, uyumlu hidrolik hortumlar veya borular kullanarak hidrolik sisteme ba\u011flay\u0131n.<\/li>\n<li>S\u0131z\u0131nt\u0131lar\u0131 \u00f6nlemek ve optimum performans\u0131 garantilemek i\u00e7in do\u011fru hizalamay\u0131 ve g\u00fcvenli ba\u011flant\u0131lar\u0131 sa\u011flay\u0131n.<\/li>\n<\/ul>\n<\/li>\n<li><strong>Sistem Entegrasyonu ve Kalibrasyonu:<\/strong>\n<ul>\n<li>\u00dcreticinin talimatlar\u0131na g\u00f6re metalurjik hidrolik silindirleri metalurjik ekipman veya sistemlere entegre edin.<\/li>\n<li>\u0130stenilen \u00e7al\u0131\u015fma parametrelerine ula\u015fmak ve sorunsuz bir \u015fekilde \u00e7al\u0131\u015fmas\u0131n\u0131 sa\u011flamak i\u00e7in sistemi kalibre edin.<\/li>\n<\/ul>\n<\/li>\n<li><strong>Silindirin \u00c7al\u0131\u015ft\u0131r\u0131lmas\u0131:<\/strong>\n<ul>\n<li>Hidrolik sistemi \u00e7al\u0131\u015ft\u0131r\u0131n. Hidrolik silindirin hareketini ba\u015flatmak i\u00e7in bas\u0131n\u00e7 uygulay\u0131n.<\/li>\n<li>Hidrolik kontrol sistemi, verimli metalurjik i\u015flemler i\u00e7in silindirin uzamas\u0131n\u0131, b\u00fcz\u00fclmesini ve konumland\u0131r\u0131lmas\u0131n\u0131 kontrol eder.<\/li>\n<\/ul>\n<\/li>\n<\/ol>\n<h2><strong>Arka Y\u00f6ntem Orkide Tipi Metalurjik Hidrolik Silindir <\/strong><strong>\u00d6zellikler<\/strong><strong>:<\/strong><\/h2>\n<ul>\n<li><strong>Arka Y\u00f6ntem Orkide Tasar\u0131m\u0131:<\/strong>\u00a0 Benzersiz arka flan\u015f tasar\u0131m\u0131, \u00e7al\u0131\u015fma s\u0131ras\u0131nda stabiliteyi, hassas hizalamay\u0131 ve y\u00fck da\u011f\u0131t\u0131m\u0131n\u0131 art\u0131rarak metalurjik proseslerde optimum performans sa\u011flar.<\/li>\n<li><strong>Metalurji Uygulama Odak Noktas\u0131:<\/strong>\u00a0 Silindirler, metalurji uygulamalar\u0131n\u0131n zorlu gereksinimlerini kar\u015f\u0131layacak \u015fekilde hassas bir \u015fekilde tasarlanm\u0131\u015ft\u0131r ve a\u015f\u0131r\u0131 ko\u015fullarda g\u00fcvenilirlik ve dayan\u0131kl\u0131l\u0131k sa\u011flar.<\/li>\n<li><strong>\u00dcst\u00fcn Performans:<\/strong>\u00a0 Metalurjik hidrolik silindirler, metalurjik proseslerde m\u00fckemmel performans sa\u011flayarak hassas konumland\u0131rma, d\u00fczg\u00fcn \u00e7al\u0131\u015fma ve artan \u00fcretkenlik sa\u011flar.<\/li>\n<li><strong>Sa\u011flam Yap\u0131:<\/strong>\u00a0 Y\u00fcksek kaliteli malzemelerden \u00fcretilen silindirler, a\u011f\u0131r y\u00fcklere ve zorlu \u00e7al\u0131\u015fma ko\u015fullar\u0131na dayanabilir, uzun vadeli dayan\u0131kl\u0131l\u0131k ve g\u00fcvenilir performans sa\u011flar.<\/li>\n<li><strong>G\u00fcvenlik \u00d6zellikleri:<\/strong>\u00a0 Tasar\u0131mda a\u015f\u0131r\u0131 y\u00fck korumas\u0131 ve acil durum kapatma mekanizmas\u0131 bir arada yer al\u0131yor ve metalurjik s\u00fcre\u00e7te operat\u00f6r g\u00fcvenli\u011fi \u00f6n planda tutuluyor.<\/li>\n<\/ul>\n<h2><strong>Hidrolik Silindir Nas\u0131l \u00c7al\u0131\u015f\u0131r?<\/strong><\/h2>\n<p>Hidrolik silindir, hidrolik enerjiyi do\u011frusal kuvvete ve harekete d\u00f6n\u00fc\u015ft\u00fcren mekanik bir akt\u00fcat\u00f6rd\u00fcr. A\u011f\u0131r kald\u0131rma, itme veya \u00e7ekme gerektiren \u00e7e\u015fitli end\u00fcstri ve uygulamalarda \u00f6nemli bir rol oynar. \u0130\u015fte bir hidrolik silindirin nas\u0131l \u00e7al\u0131\u015ft\u0131\u011f\u0131na dair basitle\u015ftirilmi\u015f bir a\u00e7\u0131klama:<\/p>\n<ol>\n<li><strong>Temel Bile\u015fenler:<\/strong>\n<ul>\n<li>Silindir Namlusu: Pistonu bar\u0131nd\u0131ran silindirik bir t\u00fcp, ak\u0131\u015fkan\u0131n hareket etmesini sa\u011flar.<\/li>\n<li>Piston: Silindiri iki b\u00f6lmeye ay\u0131ran ve ileri geri hareket edebilen, kat\u0131, silindirik bir bile\u015fendir.<\/li>\n<li>Piston \u00c7ubu\u011fu: Pistona ba\u011fl\u0131, silindirin bir ucundaki contadan ge\u00e7erek pistonun \u00fcretti\u011fi kuvveti ileten \u00e7ubuk.<\/li>\n<li>Contalar s\u0131v\u0131 s\u0131z\u0131nt\u0131s\u0131n\u0131 \u00f6nler ve iki b\u00f6lme aras\u0131ndaki mesafeyi korur.<\/li>\n<\/ul>\n<\/li>\n<li><strong>Hidrolik S\u0131v\u0131:<\/strong>\n<ul>\n<li>Hidrolik silindir, s\u0131k\u0131\u015ft\u0131r\u0131lamayan bir s\u0131v\u0131, tipik olarak hidrolik ya\u011f veya s\u0131v\u0131 kullanarak \u00e7al\u0131\u015f\u0131r.<\/li>\n<li>Ak\u0131\u015fkan bir hidrolik rezervuarda depolan\u0131r ve hidrolik hatlar veya hortumlar arac\u0131l\u0131\u011f\u0131yla silindire pompalan\u0131r.<\/li>\n<\/ul>\n<\/li>\n<li><strong>\u00c7ift Etkili Silindir \u00c7al\u0131\u015fmas\u0131:<\/strong>\n<ul>\n<li>\u00c7ift etkili bir hidrolik silindirde, pistonun her iki taraf\u0131na d\u00f6n\u00fc\u015f\u00fcml\u00fc olarak s\u0131v\u0131 verilerek hem uzatma hem de geri \u00e7ekme hareketleri \u00fcretilir.<\/li>\n<li>Uzatma: Bas\u0131n\u00e7l\u0131 ak\u0131\u015fkan pistonun arkas\u0131ndaki b\u00f6lmeye y\u00f6nlendirilir, piston ve piston \u00e7ubu\u011fu ileri do\u011fru itilerek silindir uzat\u0131l\u0131r.<\/li>\n<li>Geri \u00e7ekilme: S\u0131v\u0131, pistonun kar\u015f\u0131 taraf\u0131ndaki b\u00f6lmeye y\u00f6nlendirilir, bas\u0131n\u00e7 uygulan\u0131r ve pistonun ters y\u00f6nde hareket etmesine neden olarak silindiri geri \u00e7eker.<\/li>\n<\/ul>\n<\/li>\n<li><strong>Tek Etkili Silindir \u00c7al\u0131\u015fmas\u0131:<\/strong>\n<ul>\n<li>Tek etkili bir hidrolik silindirde, pistonun yaln\u0131zca bir taraf\u0131na ak\u0131\u015fkan verilirken, di\u011fer taraf geri d\u00f6n\u00fc\u015f strokunu kolayla\u015ft\u0131rmak i\u00e7in havaland\u0131r\u0131lm\u0131\u015ft\u0131r veya bir yay ile donat\u0131lm\u0131\u015ft\u0131r.<\/li>\n<li>Uzama: Bas\u0131n\u00e7l\u0131 ak\u0131\u015fkan pistonun arkas\u0131ndaki b\u00f6lmeye y\u00f6nlendirilir ve pistonun uzamas\u0131na neden olur.<\/li>\n<li>Geri \u00e7ekilme: S\u0131v\u0131 hazneden serbest b\u0131rak\u0131l\u0131r veya havaland\u0131r\u0131l\u0131r, bu da yay veya d\u0131\u015f kuvvetin pistonu orijinal konumuna geri itmesine olanak tan\u0131r.<\/li>\n<\/ul>\n<\/li>\n<li><strong>Kontrol ve Vanalar:<\/strong>\n<ul>\n<li>Y\u00f6n kontrol valfleri, ak\u0131\u015f kontrol valfleri ve bas\u0131n\u00e7 kontrol valfleri gibi \u00e7e\u015fitli valfler, hidrolik silindire giren ve \u00e7\u0131kan hidrolik s\u0131v\u0131n\u0131n ak\u0131\u015f\u0131n\u0131 kontrol eder.<\/li>\n<li>Bu valfler hidrolik silindirin h\u0131z\u0131, y\u00f6n\u00fc ve kuvveti \u00fczerinde hassas kontrol sa\u011flar.<\/li>\n<\/ul>\n<\/li>\n<li><strong>Kuvvet ve Hareket:<\/strong>\n<ul>\n<li>Hidrolik s\u0131v\u0131 silindirin bir taraf\u0131na girdi\u011finde pistona bas\u0131n\u00e7 uygulayarak kuvvet olu\u015fturur.<\/li>\n<li>Bu kuvvet piston kolu arac\u0131l\u0131\u011f\u0131yla y\u00fcke veya istenilen uygulamaya iletilir ve kald\u0131rma, itme veya \u00e7ekme gibi do\u011frusal hareket meydana gelir.<\/li>\n<\/ul>\n<\/li>\n<li><strong>Bak\u0131m ve G\u00fcvenlik:<\/strong>\n<ul>\n<li>Optimum performans\u0131 sa\u011flamak ve s\u0131z\u0131nt\u0131lar\u0131 \u00f6nlemek i\u00e7in muayene, ya\u011flama ve conta de\u011fi\u015fimi gibi d\u00fczenli bak\u0131m \u015fartt\u0131r.<\/li>\n<li>A\u015f\u0131r\u0131 y\u00fcklenmelere veya ani ar\u0131zalara kar\u015f\u0131 koruma sa\u011flamak amac\u0131yla bas\u0131n\u00e7 tahliye vanalar\u0131 ve emniyet mekanizmalar\u0131 gibi emniyet tedbirleri eklenmi\u015ftir.<\/li>\n<\/ul>\n<\/li>\n<\/ol>\n<h2><strong>Fabrikan\u0131n Kapasitesi ve Kapasitesi:<\/strong><\/h2>\n<h3>(1) Meclis<\/h3>\n<p>Birinci s\u0131n\u0131f ba\u011f\u0131ms\u0131z bir ara\u015ft\u0131rma ve geli\u015ftirme montaj platformumuz bulunmaktad\u0131r. Hidrolik silindir \u00fcretim at\u00f6lyemizde, y\u0131ll\u0131k 1 milyon adet \u00fcretim kapasitesine sahip d\u00f6rt adet yar\u0131 otomatik kald\u0131rma silindiri montaj hatt\u0131 ve bir adet otomatik devirme silindiri montaj hatt\u0131 bulunmaktad\u0131r. \u00d6zel silindir at\u00f6lyemiz, y\u0131ll\u0131k 200.000 adet \u00fcretim kapasitesine sahip \u00e7e\u015fitli \u00f6zelliklerde yar\u0131 otomatik temizleme montaj sistemiyle donat\u0131lm\u0131\u015ft\u0131r. Ayr\u0131ca, \u00fcnl\u00fc CNC i\u015fleme ekipmanlar\u0131, bir i\u015fleme merkezi, y\u00fcksek hassasiyetli silindir i\u015fleme \u00f6zel ekipmanlar\u0131, bir robot kaynak makinesi, bir otomatik temizleme makinesi, otomatik silindir montaj makinesi ve otomatik boyama \u00fcretim hatt\u0131 ile donat\u0131lm\u0131\u015ft\u0131r. 300'den fazla setten olu\u015fan kritik ekipmanlar mevcuttur. Ekipman kaynaklar\u0131n\u0131n optimum da\u011f\u0131l\u0131m\u0131 ve verimli kullan\u0131m\u0131, \u00fcr\u00fcnlerin hassasiyet gereksinimlerini kar\u015f\u0131lar ve \u00fcr\u00fcnlerin y\u00fcksek kalite ihtiya\u00e7lar\u0131n\u0131 kar\u015f\u0131lar.<\/p>\n<p><img loading=\"lazy\" decoding=\"async\" class=\"alignnone wp-image-626\" src=\"https:\/\/hydraulic-cylinders.net\/wp-content\/uploads\/2023\/08\/hydraulic-cylinder-product-1-300x158.webp\" alt=\"\" width=\"495\" height=\"260\" srcset=\"https:\/\/hydraulic-cylinders.net\/wp-content\/uploads\/2023\/08\/hydraulic-cylinder-product-1-300x158.webp 495w, https:\/\/hydraulic-cylinders.net\/wp-content\/uploads\/2023\/08\/hydraulic-cylinder-product-1-480x252.webp 480w\" sizes=\"(min-width: 0px) and (max-width: 480px) 480px, (min-width: 481px) 495px, 100vw\" \/> <img loading=\"lazy\" decoding=\"async\" class=\"alignnone wp-image-627\" src=\"https:\/\/hydraulic-cylinders.net\/wp-content\/uploads\/2023\/08\/hydraulic-cylinder-product-2-300x189.webp\" alt=\"\" width=\"413\" height=\"260\" \/><\/p>\n<h3>(2) \u0130\u015fleme<\/h3>\n<p>\u0130\u015fleme at\u00f6lyesi, maksimum 400 mm i\u00e7 \u00e7apa ve maksimum 6 metre uzunlu\u011fa sahip silindir borular\u0131n\u0131n i\u015flenmesini ger\u00e7ekle\u015ftirebilen \u00f6zel e\u011fimli ray torna merkezi, i\u015fleme merkezi, y\u00fcksek h\u0131zl\u0131 honlama makinesi, kaynak robotu ve di\u011fer ilgili ekipmanlarla donat\u0131lm\u0131\u015ft\u0131r.<\/p>\n<p><img loading=\"lazy\" decoding=\"async\" class=\"alignnone wp-image-628 size-large\" src=\"https:\/\/hydraulic-cylinders.net\/wp-content\/uploads\/2023\/08\/hydraulic-cylinder-product-3-1024x391.webp\" alt=\"\" width=\"1024\" height=\"391\" srcset=\"https:\/\/hydraulic-cylinders.net\/wp-content\/uploads\/2023\/08\/hydraulic-cylinder-product-3-980x374.webp 980w, https:\/\/hydraulic-cylinders.net\/wp-content\/uploads\/2023\/08\/hydraulic-cylinder-product-3-480x183.webp 480w\" sizes=\"(min-width: 0px) and (max-width: 480px) 480px, (min-width: 481px) and (max-width: 980px) 980px, (min-width: 981px) 1024px, 100vw\" \/><\/p>\n<h3>(3) Kaynak<\/h3>\n<p><img loading=\"lazy\" decoding=\"async\" class=\"alignnone wp-image-629 size-large\" src=\"https:\/\/hydraulic-cylinders.net\/wp-content\/uploads\/2023\/08\/hydraulic-cylinder-product-4-1024x510.webp\" alt=\"\" width=\"1024\" height=\"510\" srcset=\"https:\/\/hydraulic-cylinders.net\/wp-content\/uploads\/2023\/08\/hydraulic-cylinder-product-4-980x488.webp 980w, https:\/\/hydraulic-cylinders.net\/wp-content\/uploads\/2023\/08\/hydraulic-cylinder-product-4-480x239.webp 480w\" sizes=\"(min-width: 0px) and (max-width: 480px) 480px, (min-width: 481px) and (max-width: 980px) 980px, (min-width: 981px) 1024px, 100vw\" \/><\/p>\n<h3>(4) Boyama ve kaplama<\/h3>\n<p>K\u00fc\u00e7\u00fck ve orta \u00f6l\u00e7ekli silindirli otomatik su bazl\u0131 boya kaplama hatlar\u0131nda, otomatik robot y\u00fckleme-bo\u015faltma ve otomatik p\u00fcsk\u00fcrtmeyi ger\u00e7ekle\u015ftirmek i\u00e7in, vardiya ba\u015f\u0131na 4000 adet tasar\u0131m kapasitesi;<br \/>\nAyr\u0131ca, vardiya ba\u015f\u0131na 60 kasa kapasiteli, g\u00fc\u00e7 zinciriyle \u00e7al\u0131\u015fan b\u00fcy\u00fck silindirler i\u00e7in yar\u0131 otomatik boya \u00fcretim hatt\u0131m\u0131z da bulunmaktad\u0131r.<\/p>\n<p><img loading=\"lazy\" decoding=\"async\" class=\"alignnone wp-image-630\" src=\"https:\/\/hydraulic-cylinders.net\/wp-content\/uploads\/2023\/08\/hydraulic-cylinder-product-5-300x213.webp\" alt=\"\" width=\"366\" height=\"260\" \/> <img loading=\"lazy\" decoding=\"async\" class=\"alignnone wp-image-631\" src=\"https:\/\/hydraulic-cylinders.net\/wp-content\/uploads\/2023\/08\/hydraulic-cylinder-product-6-300x225.webp\" alt=\"\" width=\"347\" height=\"260\" \/><\/p>\n<h3>(5) Test etme<\/h3>\n<p>Silindirin performans\u0131n\u0131n gereklilikleri kar\u015f\u0131lad\u0131\u011f\u0131ndan emin olmak i\u00e7in birinci s\u0131n\u0131f muayene tesislerimiz ve test yataklar\u0131m\u0131z bulunmaktad\u0131r.<\/p>\n<p><img loading=\"lazy\" decoding=\"async\" class=\"alignnone wp-image-632\" src=\"https:\/\/hydraulic-cylinders.net\/wp-content\/uploads\/2023\/08\/hydraulic-cylinder-product-8-300x200.webp\" alt=\"\" width=\"389\" height=\"260\" \/><\/p>\n<p>&nbsp;<\/p>\n<p>&nbsp;<\/p>\n<p>En iyi metalurjik hidrolik silindir \u00fcreticilerinden biriyiz. Kapsaml\u0131 metalurjik hidrolik silindir sto\u011fu sunabiliyoruz. Ayr\u0131ca, ilgili \u00fcr\u00fcnleri de sa\u011fl\u0131yoruz. <a href=\"https:\/\/hzpt.com\/agricultural-pto-gearbox\/\" target=\"_blank\" rel=\"noopener\">tar\u0131msal di\u015fli kutular\u0131<\/a>\u00dcr\u00fcnlerimizi d\u00fcnya \u00e7ap\u0131ndaki m\u00fc\u015fterilerimize ihra\u00e7 ettik ve \u00fcst\u00fcn \u00fcr\u00fcn kalitemiz ve sat\u0131\u015f sonras\u0131 hizmetlerimiz sayesinde iyi bir itibar kazand\u0131k. Yurt i\u00e7i ve yurt d\u0131\u015f\u0131ndaki m\u00fc\u015fterilerimizi i\u015f g\u00f6r\u00fc\u015fmeleri yapmak, bilgi al\u0131\u015fveri\u015finde bulunmak ve <a href=\"https:\/\/www.hydraulic-cylinders.net\/tr\/contact-us\/\">bizimle i\u015fbirli\u011fi yap\u0131n<\/a>!<\/p>\n<h2><\/h2>\n<h2><\/h2>\n<h2><\/h2>","protected":false},"excerpt":{"rendered":"<p>Rear Method Orchid Type Metallurgical Hydraulic Cylinder The rear method orchid-type metallurgical hydraulic cylinder is an advanced hydraulic component designed to meet the demanding requirements of metallurgical applications. With its exceptional performance, sturdy construction, and innovative design, this hydraulic cylinder delivers precise control, durability, and efficiency in challenging industrial environments. Whether used in steel mills, [&hellip;]<\/p>","protected":false},"featured_media":1184,"comment_status":"open","ping_status":"closed","template":"","meta":{"_et_pb_use_builder":"","_et_pb_old_content":"","_et_gb_content_width":""},"product_brand":[],"product_cat":[1376,1550,1524],"product_tag":[1380],"class_list":{"0":"post-1177","1":"product","2":"type-product","3":"status-publish","4":"has-post-thumbnail","6":"product_cat-hydraulic-cylinder","7":"product_cat-double-acting-hydraulic-cylinder","8":"product_cat-steel-mill-hydraulic-cylinders","9":"product_tag-hydraulic-cylinder","11":"first","12":"instock","13":"shipping-taxable","14":"product-type-simple"},"amp_enabled":true,"_links":{"self":[{"href":"https:\/\/www.hydraulic-cylinders.net\/tr\/wp-json\/wp\/v2\/product\/1177","targetHints":{"allow":["GET"]}}],"collection":[{"href":"https:\/\/www.hydraulic-cylinders.net\/tr\/wp-json\/wp\/v2\/product"}],"about":[{"href":"https:\/\/www.hydraulic-cylinders.net\/tr\/wp-json\/wp\/v2\/types\/product"}],"replies":[{"embeddable":true,"href":"https:\/\/www.hydraulic-cylinders.net\/tr\/wp-json\/wp\/v2\/comments?post=1177"}],"wp:featuredmedia":[{"embeddable":true,"href":"https:\/\/www.hydraulic-cylinders.net\/tr\/wp-json\/wp\/v2\/media\/1184"}],"wp:attachment":[{"href":"https:\/\/www.hydraulic-cylinders.net\/tr\/wp-json\/wp\/v2\/media?parent=1177"}],"wp:term":[{"taxonomy":"product_brand","embeddable":true,"href":"https:\/\/www.hydraulic-cylinders.net\/tr\/wp-json\/wp\/v2\/product_brand?post=1177"},{"taxonomy":"product_cat","embeddable":true,"href":"https:\/\/www.hydraulic-cylinders.net\/tr\/wp-json\/wp\/v2\/product_cat?post=1177"},{"taxonomy":"product_tag","embeddable":true,"href":"https:\/\/www.hydraulic-cylinders.net\/tr\/wp-json\/wp\/v2\/product_tag?post=1177"}],"curies":[{"name":"wp","href":"https:\/\/api.w.org\/{rel}","templated":true}]}}