{"id":1181,"date":"2023-09-12T06:46:47","date_gmt":"2023-09-12T06:46:47","guid":{"rendered":"https:\/\/hydraulic-cylinders.net\/?post_type=product&#038;p=1181"},"modified":"2025-04-11T05:07:04","modified_gmt":"2025-04-11T05:07:04","slug":"middle-pin-type-metallurgical-hydraulic-cylinder","status":"publish","type":"product","link":"https:\/\/www.hydraulic-cylinders.net\/tr\/urun\/middle-pin-type-metallurgical-hydraulic-cylinder\/","title":{"rendered":"Orta Pim Tipi Metalurjik Hidrolik Silindir"},"content":{"rendered":"<h1 style=\"text-align: center;\"><strong>Orta Pim Tipi Metalurjik Hidrolik Silindir<\/strong><\/h1>\n<p>Orta pimli metalurjik hidrolik silindir, metalurjik uygulamalar\u0131n zorlu gereksinimlerini kar\u015f\u0131lamak \u00fczere tasarlanm\u0131\u015f, son teknoloji \u00fcr\u00fcn\u00fc bir hidrolik bile\u015fendir. \u00dcst\u00fcn performans\u0131, sa\u011flam yap\u0131s\u0131 ve yenilik\u00e7i tasar\u0131m\u0131yla bu hidrolik silindir, zorlu end\u00fcstriyel ortamlarda hassas kontrol, dayan\u0131kl\u0131l\u0131k ve verimlilik sa\u011flar. \u00c7elik fabrikalar\u0131nda, d\u00f6k\u00fcmhanelerde veya di\u011fer metalurjik proseslerde kullan\u0131lsa da, orta pimli silindirler ola\u011fan\u00fcst\u00fc sonu\u00e7lar sunar.<\/p>\n<p>Y-HG1 serisi metalurji ekipmanlar\u0131 hidrolik silindir \u00e7ift etkili piston silindiri i\u00e7in, silindir \u00e7ap\u0131 genellikle 40 ~ 320 mm aral\u0131\u011f\u0131ndad\u0131r, \u00e7al\u0131\u015fma bas\u0131nc\u0131 &lt;= 16 MPA, hidrolik ya\u011f mekanik sistemi em\u00fclsiyon ve di\u011fer \u00e7al\u0131\u015fma ortamlar\u0131n\u0131 kaybetmek i\u00e7in kullan\u0131labilir, flan\u015f, k\u00fcpeler, pimler, tetikleyiciler (taban) ve farkl\u0131 tiplerin montaj\u0131.<\/p>\n<p>Y\u00fcksek hassasiyetli CNC honlama makinesi, otomatik kaynak makinesi, dikey, yatay i\u015fleme merkezi, portal i\u015fleme merkezi, CNC torna ve di\u011fer i\u015fleme ekipmanlar\u0131, \u00fcr\u00fcn kalitesi istikrarl\u0131 ve garantilidir.<\/p>\n<p><img loading=\"lazy\" decoding=\"async\" class=\"wp-image-1178 aligncenter\" src=\"https:\/\/hydraulic-cylinders.net\/wp-content\/uploads\/2023\/09\/middle-pin-type-metallurgical-hydraulic-cylinder-2-300x300.webp\" alt=\"\" width=\"400\" height=\"400\" \/><\/p>\n<h2><strong>Orta Pim Tipi Metalurjik Hidrolik Silindir Parametresi:<\/strong><\/h2>\n<p><img loading=\"lazy\" decoding=\"async\" class=\"alignnone wp-image-1179 size-large\" src=\"https:\/\/hydraulic-cylinders.net\/wp-content\/uploads\/2023\/09\/middle-pin-type-metallurgical-hydraulic-cylinder-1-1024x694.webp\" alt=\"\" width=\"1024\" height=\"694\" srcset=\"https:\/\/hydraulic-cylinders.net\/wp-content\/uploads\/2023\/09\/middle-pin-type-metallurgical-hydraulic-cylinder-1-980x664.webp 980w, https:\/\/hydraulic-cylinders.net\/wp-content\/uploads\/2023\/09\/middle-pin-type-metallurgical-hydraulic-cylinder-1-480x325.webp 480w\" sizes=\"(min-width: 0px) and (max-width: 480px) 480px, (min-width: 481px) and (max-width: 980px) 980px, (min-width: 981px) 1024px, 100vw\" \/><\/p>\n<h2><strong>Orta Pim Tipi Metalurjik Hidrolik Silindir <\/strong><strong>Kullan\u0131m Y\u00f6ntemi<\/strong><strong>:<\/strong><\/h2>\n<ol>\n<li><strong>Montaj ve Kurulum:<\/strong>\n<ul>\n<li>Metalurji ekipmanlar\u0131n\u0131n \u00f6zel gereksinimlerine g\u00f6re hidrolik silindirin uygun montaj pozisyonunu belirleyin.<\/li>\n<li>Montaj y\u00fczeyinin temiz, d\u00fcz ve silindirin a\u011f\u0131rl\u0131\u011f\u0131n\u0131 ve y\u00fck\u00fcn\u00fc ta\u015f\u0131yabilecek nitelikte oldu\u011fundan emin olun.<\/li>\n<\/ul>\n<\/li>\n<li><strong>Hidrolik Sisteme Ba\u011flant\u0131:<\/strong>\n<ul>\n<li>Hidrolik silindiri, uyumlu bir hidrolik hortum veya boru kullanarak hidrolik sisteme ba\u011flay\u0131n.<\/li>\n<li>S\u0131z\u0131nt\u0131lar\u0131 \u00f6nlemek ve optimum performans\u0131 garantilemek i\u00e7in do\u011fru hizalamay\u0131 ve g\u00fcvenli ba\u011flant\u0131lar\u0131 sa\u011flay\u0131n.<\/li>\n<\/ul>\n<\/li>\n<li><strong>Sistem Entegrasyonu ve Kalibrasyonu:<\/strong>\n<ul>\n<li>Hidrolik silindirleri \u00fcreticinin y\u00f6nergeleri do\u011frultusunda metalurjik ekipman veya sistemlere entegre edin.<\/li>\n<li>\u0130stenilen \u00e7al\u0131\u015fma parametrelerine ula\u015fmak ve sorunsuz \u00e7al\u0131\u015fmas\u0131n\u0131 sa\u011flamak i\u00e7in sistemi kalibre edin.<\/li>\n<\/ul>\n<\/li>\n<li><strong>Silindirin \u00c7al\u0131\u015ft\u0131r\u0131lmas\u0131:<\/strong>\n<ul>\n<li>Hidrolik sistemi \u00e7al\u0131\u015ft\u0131r\u0131n. Hidrolik silindirin hareketini ba\u015flatmak i\u00e7in bas\u0131n\u00e7 uygulay\u0131n.<\/li>\n<li>Hidrolik kontrol sistemi, verimli metalurjik i\u015flemler i\u00e7in silindirin uzamas\u0131n\u0131, b\u00fcz\u00fclmesini ve konumland\u0131r\u0131lmas\u0131n\u0131 kontrol eder.<\/li>\n<\/ul>\n<\/li>\n<\/ol>\n<h2><strong>Orta Pim Tipi Metalurjik Hidrolik Silindir <\/strong><strong>\u00d6zellikler<\/strong><strong>:<\/strong><\/h2>\n<ul>\n<li><strong>Orta Pin Tasar\u0131m\u0131:<\/strong> Benzersiz merkez pimi tasar\u0131m\u0131, \u00e7al\u0131\u015fma s\u0131ras\u0131nda geli\u015fmi\u015f stabilite, hassas hizalama ve iyile\u015ftirilmi\u015f y\u00fck da\u011f\u0131l\u0131m\u0131 sa\u011flayarak metalurjik proseslerde optimum performans sa\u011flar.<\/li>\n<li><strong>Metalurji Uygulama Odak Noktas\u0131:<\/strong> Silindirler, metalurji uygulamalar\u0131n\u0131n zorlu gereksinimlerini kar\u015f\u0131lamak \u00fczere hassas bir \u015fekilde tasarlanm\u0131\u015ft\u0131r ve a\u015f\u0131r\u0131 ko\u015fullar alt\u0131nda g\u00fcvenilirlik ve dayan\u0131kl\u0131l\u0131k sa\u011flar.<\/li>\n<li><strong>\u00dcst\u00fcn Performans:<\/strong>\u00a0 Silindirler, metalurjik proseslerde hassas konumland\u0131rma, d\u00fczg\u00fcn \u00e7al\u0131\u015fma ve artan \u00fcretkenlik sa\u011flayarak m\u00fckemmel performans sa\u011flar.<\/li>\n<li><strong>Sa\u011flam Yap\u0131:<\/strong>\u00a0 Y\u00fcksek kaliteli malzemelerden \u00fcretilen silindirler, a\u011f\u0131r y\u00fcklere ve zorlu \u00e7al\u0131\u015fma ko\u015fullar\u0131na dayanabilir, uzun vadeli dayan\u0131kl\u0131l\u0131k ve g\u00fcvenilir performans sa\u011flar.<\/li>\n<li><strong>G\u00fcvenlik \u00d6zellikleri:<\/strong>\u00a0 Tasar\u0131mda a\u015f\u0131r\u0131 y\u00fck korumas\u0131 ve acil durum kapatma mekanizmas\u0131 bir arada yer al\u0131yor ve metalurjik s\u00fcre\u00e7te operat\u00f6r g\u00fcvenli\u011fi \u00f6n planda tutuluyor.<\/li>\n<\/ul>\n<h2><strong>Hidrolik Silindir Nas\u0131l \u00d6l\u00e7\u00fcl\u00fcr?<\/strong><\/h2>\n<p>Bir hidrolik silindiri \u00f6l\u00e7mek, birka\u00e7 temel alet gerektiren basit bir i\u015flemdir. \u0130\u015fte bir hidrolik silindiri do\u011fru bir \u015fekilde nas\u0131l \u00f6l\u00e7ece\u011finize dair ad\u0131m ad\u0131m bir k\u0131lavuz:<\/p>\n<ol>\n<li><strong>Gerekli Ara\u00e7lar\u0131 Toplay\u0131n:<\/strong>\n<ul>\n<li>\u00d6l\u00e7\u00fcm band\u0131 veya kumpas: Hassas \u00f6l\u00e7\u00fcmler elde etmek i\u00e7in g\u00fcvenilir bir \u00f6l\u00e7\u00fcm arac\u0131 kullan\u0131n.<\/li>\n<li>G\u00fcvenlik ekipman\u0131: Olas\u0131 tehlikelere kar\u015f\u0131 korunmak i\u00e7in eldiven ve g\u00fcvenlik g\u00f6zl\u00fc\u011f\u00fc gibi uygun ki\u015fisel koruyucu ekipman giyin.<\/li>\n<\/ul>\n<\/li>\n<li><strong>\u00d6l\u00e7\u00fcm Noktalar\u0131n\u0131 Belirleyin:<\/strong>\n<ul>\n<li>Do\u011fru \u00f6l\u00e7\u00fcm i\u00e7in gerekli bilgiyi sa\u011flayacak hidrolik silindir \u00fczerindeki temel \u00f6l\u00e7\u00fcm noktalar\u0131n\u0131 belirleyin.<\/li>\n<li>Ana \u00f6l\u00e7\u00fcm noktalar\u0131 genellikle silindirin strok uzunlu\u011fu, delik \u00e7ap\u0131 ve \u00e7ubuk \u00e7ap\u0131n\u0131 i\u00e7erir.<\/li>\n<\/ul>\n<\/li>\n<li><strong>Strok Uzunlu\u011funu \u00d6l\u00e7\u00fcn:<\/strong>\n<ul>\n<li>Hidrolik silindiri maksimum uzunlu\u011funa kadar uzat\u0131n.<\/li>\n<li>Mezuray\u0131 veya kumpas\u0131 silindirin bir ucuna yerle\u015ftirin ve referans noktas\u0131yla hizalay\u0131n.<\/li>\n<li>Referans noktas\u0131ndan silindirin kar\u015f\u0131 ucuna kadar \u00f6l\u00e7\u00fcm yap\u0131n.<\/li>\n<li>Boyutu strok uzunlu\u011fu olarak kaydedin.<\/li>\n<\/ul>\n<\/li>\n<li><strong>Delik \u00c7ap\u0131n\u0131 \u00d6l\u00e7\u00fcn:<\/strong>\n<ul>\n<li>Silindir t\u00fcp\u00fcn\u00fcn i\u00e7 \u00e7ap\u0131 olan silindir deli\u011fini bulun.<\/li>\n<li>\u00d6l\u00e7\u00fcm band\u0131n\u0131 veya kumpas\u0131 silindir eksenine dik olacak \u015fekilde deli\u011fin \u00fczerine yerle\u015ftirin.<\/li>\n<li>Deli\u011fin bir taraf\u0131n\u0131 i\u00e7 duvardan kar\u015f\u0131 i\u00e7 duvara kadar \u00f6l\u00e7\u00fcn.<\/li>\n<li>\u00d6l\u00e7\u00fcm\u00fc delik \u00e7ap\u0131 olarak kaydedin.<\/li>\n<\/ul>\n<\/li>\n<li><strong>\u00c7ubuk \u00c7ap\u0131n\u0131 \u00d6l\u00e7\u00fcn:<\/strong>\n<ul>\n<li>Hidrolik silindirden uzanan piston kolu olan \u00e7ubu\u011fu tan\u0131mlay\u0131n\u0131z.<\/li>\n<li>\u00d6l\u00e7\u00fcm band\u0131n\u0131 veya kumpas\u0131 \u00e7ubu\u011fun \u00e7ap\u0131na, eksenine dik olacak \u015fekilde yerle\u015ftirin.<\/li>\n<li>\u00c7ubu\u011fun bir taraf\u0131n\u0131, d\u0131\u015f y\u00fczeyinden kar\u015f\u0131 taraftaki d\u0131\u015f y\u00fczeye kadar \u00f6l\u00e7\u00fcn.<\/li>\n<li>\u00d6l\u00e7\u00fcm\u00fc \u00e7ubuk \u00e7ap\u0131 olarak kaydedin.<\/li>\n<\/ul>\n<\/li>\n<li><strong>Ek \u00d6l\u00e7\u00fcmler:<\/strong>\n<ul>\n<li>Belirli gereksinimlere veya uygulamalara ba\u011fl\u0131 olarak, silindirin toplam uzunlu\u011fu, montaj noktalar\u0131 aras\u0131ndaki mesafe veya \u00e7ubu\u011fun di\u015f boyutu gibi ek parametreleri \u00f6l\u00e7meniz gerekebilir.<\/li>\n<\/ul>\n<\/li>\n<li><strong>\u00d6l\u00e7\u00fcmleri Belgeleyin ve Do\u011frulay\u0131n:<\/strong>\n<ul>\n<li>Do\u011frulu\u011funu sa\u011flamak i\u00e7in kaydedilen t\u00fcm \u00f6l\u00e7\u00fcmleri iki kez kontrol edin.<\/li>\n<li>\u00d6l\u00e7\u00fcmleri a\u00e7\u0131k bir \u015fekilde belgelendirin ve gelecekte referans veya sipari\u015f amac\u0131yla d\u00fczenleyin.<\/li>\n<\/ul>\n<\/li>\n<\/ol>\n<h2><strong>Fabrikan\u0131n Kapasitesi ve Kapasitesi:<\/strong><\/h2>\n<h3>(1) Meclis<\/h3>\n<p>Birinci s\u0131n\u0131f ba\u011f\u0131ms\u0131z bir ara\u015ft\u0131rma ve geli\u015ftirme montaj platformumuz bulunmaktad\u0131r. Hidrolik silindir \u00fcretim at\u00f6lyemizde, y\u0131ll\u0131k 1 milyon adet \u00fcretim kapasitesine sahip d\u00f6rt adet yar\u0131 otomatik kald\u0131rma silindiri montaj hatt\u0131 ve bir adet otomatik devirme silindiri montaj hatt\u0131 bulunmaktad\u0131r. \u00d6zel silindir at\u00f6lyemiz, y\u0131ll\u0131k 200.000 adet \u00fcretim kapasitesine sahip \u00e7e\u015fitli \u00f6zelliklerde yar\u0131 otomatik temizleme montaj sistemiyle donat\u0131lm\u0131\u015ft\u0131r. Ayr\u0131ca, \u00fcnl\u00fc CNC i\u015fleme ekipmanlar\u0131, bir i\u015fleme merkezi, y\u00fcksek hassasiyetli silindir i\u015fleme \u00f6zel ekipmanlar\u0131, bir robot kaynak makinesi, bir otomatik temizleme makinesi, otomatik silindir montaj makinesi ve otomatik boyama \u00fcretim hatt\u0131 ile donat\u0131lm\u0131\u015ft\u0131r. 300'den fazla setten olu\u015fan kritik ekipmanlar mevcuttur. Ekipman kaynaklar\u0131n\u0131n optimum da\u011f\u0131l\u0131m\u0131 ve verimli kullan\u0131m\u0131, \u00fcr\u00fcnlerin hassasiyet gereksinimlerini kar\u015f\u0131lar ve \u00fcr\u00fcnlerin y\u00fcksek kalite ihtiya\u00e7lar\u0131n\u0131 kar\u015f\u0131lar.<\/p>\n<p><img loading=\"lazy\" decoding=\"async\" class=\"alignnone wp-image-626\" src=\"https:\/\/hydraulic-cylinders.net\/wp-content\/uploads\/2023\/08\/hydraulic-cylinder-product-1-300x158.webp\" alt=\"\" width=\"495\" height=\"260\" srcset=\"https:\/\/hydraulic-cylinders.net\/wp-content\/uploads\/2023\/08\/hydraulic-cylinder-product-1-300x158.webp 495w, https:\/\/hydraulic-cylinders.net\/wp-content\/uploads\/2023\/08\/hydraulic-cylinder-product-1-480x252.webp 480w\" sizes=\"(min-width: 0px) and (max-width: 480px) 480px, (min-width: 481px) 495px, 100vw\" \/> <img loading=\"lazy\" decoding=\"async\" class=\"alignnone wp-image-627\" src=\"https:\/\/hydraulic-cylinders.net\/wp-content\/uploads\/2023\/08\/hydraulic-cylinder-product-2-300x189.webp\" alt=\"\" width=\"413\" height=\"260\" \/><\/p>\n<h3>(2) \u0130\u015fleme<\/h3>\n<p>\u0130\u015fleme at\u00f6lyesi, maksimum 400 mm i\u00e7 \u00e7apa ve maksimum 6 metre uzunlu\u011fa sahip silindir borular\u0131n\u0131n i\u015flenmesini ger\u00e7ekle\u015ftirebilen \u00f6zel e\u011fimli ray torna merkezi, i\u015fleme merkezi, y\u00fcksek h\u0131zl\u0131 honlama makinesi, kaynak robotu ve di\u011fer ilgili ekipmanlarla donat\u0131lm\u0131\u015ft\u0131r.<\/p>\n<p><img loading=\"lazy\" decoding=\"async\" class=\"alignnone wp-image-628 size-large\" src=\"https:\/\/hydraulic-cylinders.net\/wp-content\/uploads\/2023\/08\/hydraulic-cylinder-product-3-1024x391.webp\" alt=\"\" width=\"1024\" height=\"391\" srcset=\"https:\/\/hydraulic-cylinders.net\/wp-content\/uploads\/2023\/08\/hydraulic-cylinder-product-3-980x374.webp 980w, https:\/\/hydraulic-cylinders.net\/wp-content\/uploads\/2023\/08\/hydraulic-cylinder-product-3-480x183.webp 480w\" sizes=\"(min-width: 0px) and (max-width: 480px) 480px, (min-width: 481px) and (max-width: 980px) 980px, (min-width: 981px) 1024px, 100vw\" \/><\/p>\n<h3>(3) Kaynak<\/h3>\n<p><img loading=\"lazy\" decoding=\"async\" class=\"alignnone wp-image-629 size-large\" src=\"https:\/\/hydraulic-cylinders.net\/wp-content\/uploads\/2023\/08\/hydraulic-cylinder-product-4-1024x510.webp\" alt=\"\" width=\"1024\" height=\"510\" srcset=\"https:\/\/hydraulic-cylinders.net\/wp-content\/uploads\/2023\/08\/hydraulic-cylinder-product-4-980x488.webp 980w, https:\/\/hydraulic-cylinders.net\/wp-content\/uploads\/2023\/08\/hydraulic-cylinder-product-4-480x239.webp 480w\" sizes=\"(min-width: 0px) and (max-width: 480px) 480px, (min-width: 481px) and (max-width: 980px) 980px, (min-width: 981px) 1024px, 100vw\" \/><\/p>\n<h3>(4) Boyama ve kaplama<\/h3>\n<p>K\u00fc\u00e7\u00fck ve orta \u00f6l\u00e7ekli silindirli otomatik su bazl\u0131 boya kaplama hatlar\u0131nda, otomatik robot y\u00fckleme-bo\u015faltma ve otomatik p\u00fcsk\u00fcrtmeyi ger\u00e7ekle\u015ftirmek i\u00e7in, vardiya ba\u015f\u0131na 4000 adet tasar\u0131m kapasitesi;<br \/>\nAyr\u0131ca, vardiya ba\u015f\u0131na 60 kasa kapasiteli, g\u00fc\u00e7 zinciriyle \u00e7al\u0131\u015fan b\u00fcy\u00fck silindirler i\u00e7in yar\u0131 otomatik boya \u00fcretim hatt\u0131m\u0131z da bulunmaktad\u0131r.<\/p>\n<p><img loading=\"lazy\" decoding=\"async\" class=\"alignnone wp-image-630\" src=\"https:\/\/hydraulic-cylinders.net\/wp-content\/uploads\/2023\/08\/hydraulic-cylinder-product-5-300x213.webp\" alt=\"\" width=\"366\" height=\"260\" \/> <img loading=\"lazy\" decoding=\"async\" class=\"alignnone wp-image-631\" src=\"https:\/\/hydraulic-cylinders.net\/wp-content\/uploads\/2023\/08\/hydraulic-cylinder-product-6-300x225.webp\" alt=\"\" width=\"347\" height=\"260\" \/><\/p>\n<h3>(5) Test etme<\/h3>\n<p>Silindirin performans\u0131n\u0131n gereklilikleri kar\u015f\u0131lad\u0131\u011f\u0131ndan emin olmak i\u00e7in birinci s\u0131n\u0131f muayene tesislerimiz ve test yataklar\u0131m\u0131z bulunmaktad\u0131r.<\/p>\n<p><img loading=\"lazy\" decoding=\"async\" class=\"alignnone wp-image-632\" src=\"https:\/\/hydraulic-cylinders.net\/wp-content\/uploads\/2023\/08\/hydraulic-cylinder-product-8-300x200.webp\" alt=\"\" width=\"389\" height=\"260\" \/><\/p>\n<p>&nbsp;<\/p>\n<p>&nbsp;<\/p>\n<p>En iyi metalurjik hidrolik silindir \u00fcreticilerinden biriyiz. Kapsaml\u0131 metalurjik hidrolik silindir sto\u011fu sunabiliyoruz. Ayr\u0131ca, ilgili \u00fcr\u00fcnleri de sa\u011fl\u0131yoruz. <a href=\"https:\/\/hzpt.com\/agricultural-pto-gearbox\/\" target=\"_blank\" rel=\"noopener\">tar\u0131msal di\u015fli kutular\u0131<\/a>\u00dcr\u00fcnlerimizi d\u00fcnya \u00e7ap\u0131ndaki m\u00fc\u015fterilerimize ihra\u00e7 ettik ve \u00fcst\u00fcn \u00fcr\u00fcn kalitemiz ve sat\u0131\u015f sonras\u0131 hizmetlerimiz sayesinde iyi bir itibar kazand\u0131k. Yurt i\u00e7i ve yurt d\u0131\u015f\u0131ndaki m\u00fc\u015fterilerimizi i\u015f g\u00f6r\u00fc\u015fmeleri yapmak, bilgi al\u0131\u015fveri\u015finde bulunmak ve <a href=\"https:\/\/www.hydraulic-cylinders.net\/tr\/contact-us\/\">bizimle i\u015fbirli\u011fi yap\u0131n<\/a>!<\/p>\n<h2><\/h2>\n<h2><\/h2>\n<h2><\/h2>","protected":false},"excerpt":{"rendered":"<p>Middle Pin Type Metallurgical Hydraulic Cylinder Medium pin type metallurgical hydraulic cylinder is a cutting-edge hydraulic component designed to meet the strict requirements of metallurgical applications. With superior performance, rugged construction, and innovative design, this hydraulic cylinder provides precise control, durability and efficiency in demanding industrial environments. Whether used in steel mills, foundries, or other [&hellip;]<\/p>","protected":false},"featured_media":1180,"comment_status":"open","ping_status":"closed","template":"","meta":{"_et_pb_use_builder":"","_et_pb_old_content":"","_et_gb_content_width":""},"product_brand":[],"product_cat":[1376,1550,1524],"product_tag":[1380],"class_list":{"0":"post-1181","1":"product","2":"type-product","3":"status-publish","4":"has-post-thumbnail","6":"product_cat-hydraulic-cylinder","7":"product_cat-double-acting-hydraulic-cylinder","8":"product_cat-steel-mill-hydraulic-cylinders","9":"product_tag-hydraulic-cylinder","11":"first","12":"instock","13":"shipping-taxable","14":"product-type-simple"},"amp_enabled":true,"_links":{"self":[{"href":"https:\/\/www.hydraulic-cylinders.net\/tr\/wp-json\/wp\/v2\/product\/1181","targetHints":{"allow":["GET"]}}],"collection":[{"href":"https:\/\/www.hydraulic-cylinders.net\/tr\/wp-json\/wp\/v2\/product"}],"about":[{"href":"https:\/\/www.hydraulic-cylinders.net\/tr\/wp-json\/wp\/v2\/types\/product"}],"replies":[{"embeddable":true,"href":"https:\/\/www.hydraulic-cylinders.net\/tr\/wp-json\/wp\/v2\/comments?post=1181"}],"wp:featuredmedia":[{"embeddable":true,"href":"https:\/\/www.hydraulic-cylinders.net\/tr\/wp-json\/wp\/v2\/media\/1180"}],"wp:attachment":[{"href":"https:\/\/www.hydraulic-cylinders.net\/tr\/wp-json\/wp\/v2\/media?parent=1181"}],"wp:term":[{"taxonomy":"product_brand","embeddable":true,"href":"https:\/\/www.hydraulic-cylinders.net\/tr\/wp-json\/wp\/v2\/product_brand?post=1181"},{"taxonomy":"product_cat","embeddable":true,"href":"https:\/\/www.hydraulic-cylinders.net\/tr\/wp-json\/wp\/v2\/product_cat?post=1181"},{"taxonomy":"product_tag","embeddable":true,"href":"https:\/\/www.hydraulic-cylinders.net\/tr\/wp-json\/wp\/v2\/product_tag?post=1181"}],"curies":[{"name":"wp","href":"https:\/\/api.w.org\/{rel}","templated":true}]}}