{"id":1190,"date":"2023-09-12T08:13:42","date_gmt":"2023-09-12T08:13:42","guid":{"rendered":"https:\/\/hydraulic-cylinders.net\/?post_type=product&#038;p=1190"},"modified":"2025-04-11T05:06:58","modified_gmt":"2025-04-11T05:06:58","slug":"rear-rectangular-flange-type-metallurgical-hydraulic-cylinder","status":"publish","type":"product","link":"https:\/\/www.hydraulic-cylinders.net\/tr\/urun\/rear-rectangular-flange-type-metallurgical-hydraulic-cylinder\/","title":{"rendered":"Arka Dikd\u00f6rtgen Flan\u015fl\u0131 Tip Metalurjik Hidrolik Silindir"},"content":{"rendered":"<h1 style=\"text-align: center;\"><strong>Arka Dikd\u00f6rtgen Flan\u015fl\u0131 Tip Metalurjik Hidrolik Silindir<\/strong><\/h1>\n<p>Arka dikd\u00f6rtgen flan\u015fl\u0131 metalurjik hidrolik silindir, metalurjik uygulamalar\u0131n zorlu gereksinimlerini kar\u015f\u0131lamak \u00fczere tasarlanm\u0131\u015f y\u00fcksek performansl\u0131 bir hidrolik bile\u015fendir. Sa\u011flam yap\u0131s\u0131, hassas kontrol\u00fc ve g\u00fcvenilir \u00e7al\u0131\u015fmas\u0131yla bu metalurjik hidrolik silindir tasar\u0131m\u0131, \u00e7elik fabrikalar\u0131, d\u00f6k\u00fcmhaneler ve di\u011fer metalurjik s\u00fcre\u00e7lerin zorlu ortam\u0131nda \u00f6ne \u00e7\u0131kmaktad\u0131r. Arka dikd\u00f6rtgen flan\u015fl\u0131 silindirler, \u00fcst\u00fcn performans, verimlilik ve dayan\u0131kl\u0131l\u0131k sunarak metalurji end\u00fcstrisi i\u00e7in idealdir.<\/p>\n<p>Y-HG1 serisi metalurji ekipmanlar\u0131 hidrolik silindir \u00e7ift etkili piston silindiri i\u00e7in, silindir \u00e7ap\u0131 genellikle 40 ~ 320 mm aral\u0131\u011f\u0131ndad\u0131r, \u00e7al\u0131\u015fma bas\u0131nc\u0131 &lt;= 16 MPA, hidrolik ya\u011f mekanik sistemi em\u00fclsiyon ve di\u011fer \u00e7al\u0131\u015fma ortamlar\u0131n\u0131 kaybetmek i\u00e7in kullan\u0131labilir, flan\u015f, k\u00fcpeler, pimler, tetikleyiciler (taban) ve farkl\u0131 tiplerin montaj\u0131.<\/p>\n<p>Y\u00fcksek hassasiyetli CNC honlama makinesi, otomatik kaynak makinesi, dikey, yatay i\u015fleme merkezi, portal i\u015fleme merkezi, CNC torna ve di\u011fer i\u015fleme ekipmanlar\u0131, \u00fcr\u00fcn kalitesi istikrarl\u0131 ve garantilidir.<\/p>\n<p><img loading=\"lazy\" decoding=\"async\" class=\"aligncenter wp-image-1191\" src=\"https:\/\/hydraulic-cylinders.net\/wp-content\/uploads\/2023\/09\/rear-rectangular-flange-type-metallurgical-hydraulic-cylinder-2-300x300.webp\" alt=\"\" width=\"400\" height=\"401\" \/><\/p>\n<h2><strong>Arka Dikd\u00f6rtgen Flan\u015fl\u0131 Metalurjik Hidrolik Silindir Parametreleri:<\/strong><\/h2>\n<p><img loading=\"lazy\" decoding=\"async\" class=\"alignnone wp-image-1192 size-large\" src=\"https:\/\/hydraulic-cylinders.net\/wp-content\/uploads\/2023\/09\/rear-rectangular-flange-type-metallurgical-hydraulic-cylinder-1-1024x637.webp\" alt=\"\" width=\"1024\" height=\"637\" srcset=\"https:\/\/hydraulic-cylinders.net\/wp-content\/uploads\/2023\/09\/rear-rectangular-flange-type-metallurgical-hydraulic-cylinder-1-980x610.webp 980w, https:\/\/hydraulic-cylinders.net\/wp-content\/uploads\/2023\/09\/rear-rectangular-flange-type-metallurgical-hydraulic-cylinder-1-480x299.webp 480w\" sizes=\"(min-width: 0px) and (max-width: 480px) 480px, (min-width: 481px) and (max-width: 980px) 980px, (min-width: 981px) 1024px, 100vw\" \/><\/p>\n<h2><strong>Arka Dikd\u00f6rtgen Flan\u015fl\u0131 Tip Metalurjik Hidrolik Silindir <\/strong><strong>Kullan\u0131m Y\u00f6ntemi<\/strong><strong>:<\/strong><\/h2>\n<ol>\n<li><strong>Montaj ve Kurulum:<\/strong>\n<ul>\n<li>Metalurji ekipmanlar\u0131n\u0131n \u00f6zel gereksinimlerine g\u00f6re hidrolik silindirin uygun montaj pozisyonunu belirleyin.<\/li>\n<li>Montaj y\u00fczeyinin temiz, d\u00fcz ve silindirin a\u011f\u0131rl\u0131\u011f\u0131n\u0131 ve y\u00fck\u00fcn\u00fc ta\u015f\u0131yabilecek kapasitede oldu\u011fundan emin olun.<\/li>\n<\/ul>\n<\/li>\n<li><strong>Hidrolik Sisteme Ba\u011flant\u0131:<\/strong>\n<ul>\n<li>Metalurjik hidrolik silindiri, uyumlu bir hidrolik hortum veya boru kullanarak hidrolik sisteme ba\u011flay\u0131n.<\/li>\n<li>S\u0131z\u0131nt\u0131lar\u0131 \u00f6nlemek ve optimum performans\u0131 garantilemek i\u00e7in do\u011fru hizalamay\u0131 ve g\u00fcvenli ba\u011flant\u0131lar\u0131 sa\u011flay\u0131n.<\/li>\n<\/ul>\n<\/li>\n<li><strong>Sistem Entegrasyonu ve Kalibrasyonu:<\/strong>\n<ul>\n<li>Hidrolik silindirleri \u00fcreticinin y\u00f6nergeleri do\u011frultusunda metalurjik ekipman veya sistemlere entegre edin.<\/li>\n<li>\u0130stenilen \u00e7al\u0131\u015fma parametrelerine ula\u015fmak ve sorunsuz \u00e7al\u0131\u015fmas\u0131n\u0131 sa\u011flamak i\u00e7in sistemi kalibre edin.<\/li>\n<\/ul>\n<\/li>\n<li><strong>Silindirin \u00c7al\u0131\u015ft\u0131r\u0131lmas\u0131:<\/strong>\n<ul>\n<li>Hidrolik sistemi \u00e7al\u0131\u015ft\u0131r\u0131n. Hidrolik silindirin hareketini ba\u015flatmak i\u00e7in bas\u0131n\u00e7 uygulay\u0131n.<\/li>\n<li>Hidrolik kontrol sistemi, verimli metalurjik i\u015flemler i\u00e7in silindirin uzamas\u0131n\u0131, daralmas\u0131n\u0131 ve konumland\u0131r\u0131lmas\u0131n\u0131 hassas bir \u015fekilde kontrol eder.<\/li>\n<\/ul>\n<\/li>\n<\/ol>\n<h2><strong>Arka Dikd\u00f6rtgen Flan\u015fl\u0131 Tip Metalurjik Hidrolik Silindir <\/strong><strong>\u00d6zellikler<\/strong><strong>:<\/strong><\/h2>\n<ul>\n<li><strong>Arka Dikd\u00f6rtgen Flan\u015f Tasar\u0131m\u0131:<\/strong> Arkadaki dikd\u00f6rtgen flan\u015f tasar\u0131m\u0131, g\u00fcvenli ve g\u00fcvenilir ba\u011flant\u0131 noktalar\u0131 sa\u011flayarak metalurjik i\u015flemler s\u0131ras\u0131nda stabilite ve hassas hizalama sa\u011flar.<\/li>\n<li><strong>Metalurji Uygulama Odak Noktas\u0131:<\/strong> Bu metalurjik hidrolik silindir, metalurjik uygulamalar\u0131n zorlu gereksinimlerini kar\u015f\u0131lamak \u00fczere hassas bir \u015fekilde tasarlanm\u0131\u015ft\u0131r ve a\u015f\u0131r\u0131 ko\u015fullarda dayan\u0131kl\u0131l\u0131k ve y\u00fcksek performans sunar.<\/li>\n<li><strong>Hassas Kontrol:<\/strong> Silindir, hassas kontrol ve konumland\u0131rmaya olanak tan\u0131yarak operat\u00f6rlerin do\u011fru ve verimli metalurjik i\u015flemler ger\u00e7ekle\u015ftirmesini sa\u011flar.<\/li>\n<li><strong>Sa\u011flam Yap\u0131:<\/strong> Y\u00fcksek kaliteli malzemelerden \u00fcretilen metalurjik hidrolik silindir, a\u011f\u0131r y\u00fcklere, a\u015f\u0131r\u0131 s\u0131cakl\u0131klara ve zorlu \u00e7al\u0131\u015fma ko\u015fullar\u0131na dayanacak \u015fekilde tasarlanm\u0131\u015ft\u0131r.<\/li>\n<li><strong>Verimli Enerji D\u00f6n\u00fc\u015f\u00fcm\u00fc:<\/strong> Bu silindir, hidrolik enerjiyi y\u00fcksek verimlilikle mekanik kuvvete d\u00f6n\u00fc\u015ft\u00fcrmek i\u00e7in geli\u015fmi\u015f hidrolik teknolojisini kullan\u0131r ve metalurjik s\u00fcre\u00e7lerde verimlili\u011fi optimize eder.<\/li>\n<\/ul>\n<h2><strong>Hidrolik Silindir Nas\u0131l Yeniden Paketlenir?<\/strong><\/h2>\n<p>Hidrolik silindirin yeniden paketlenmesi, do\u011fru s\u0131zd\u0131rmazl\u0131\u011f\u0131 sa\u011flamak ve s\u0131z\u0131nt\u0131y\u0131 \u00f6nlemek i\u00e7in contalar\u0131n ve di\u011fer bile\u015fenlerin de\u011fi\u015ftirilmesini i\u00e7erir. \u0130\u015fte hidrolik silindirin yeniden paketlenmesi i\u00e7in ad\u0131m ad\u0131m bir k\u0131lavuz:<\/p>\n<ol>\n<li><strong>G\u00fcvenlik \u00d6nlemleri:<\/strong>\n<ul>\n<li>Hidrolik sistemin bas\u0131nc\u0131n\u0131n bo\u015falt\u0131ld\u0131\u011f\u0131ndan ve silindirin g\u00fc\u00e7 kayna\u011f\u0131ndan izole edildi\u011finden emin olun.<\/li>\n<li>Olas\u0131 tehlikelerden korunmak i\u00e7in eldiven ve koruyucu g\u00f6zl\u00fck gibi uygun g\u00fcvenlik ekipmanlar\u0131 kullan\u0131n.<\/li>\n<\/ul>\n<\/li>\n<li><strong>Silindirin \u00c7\u0131kar\u0131lmas\u0131:<\/strong>\n<ul>\n<li>Hidrolik silindiri ekipmandan veya makineden \u00e7\u0131kar\u0131n.<\/li>\n<li>Do\u011fru ba\u011flant\u0131 kesme i\u015flemi i\u00e7in \u00fcreticinin y\u00f6nergelerini veya ekipmana \u00f6zel talimatlar\u0131 izleyin.<\/li>\n<\/ul>\n<\/li>\n<li><strong>S\u00f6kme:<\/strong>\n<ul>\n<li>Hidrolik silindiri, par\u00e7alar\u0131n s\u0131ras\u0131n\u0131 ve y\u00f6n\u00fcn\u00fc not ederek dikkatlice s\u00f6k\u00fcn.<\/li>\n<li>Contalar\u0131n, pistonlar\u0131n, kollar\u0131n ve di\u011fer i\u00e7 par\u00e7alar\u0131n konumunu ve d\u00fczenini takip edin.<\/li>\n<\/ul>\n<\/li>\n<li><strong>Muayene ve Temizlik:<\/strong>\n<ul>\n<li>Silindirin t\u00fcm par\u00e7alar\u0131n\u0131 a\u015f\u0131nma, hasar veya ar\u0131za belirtileri a\u00e7\u0131s\u0131ndan iyice inceleyin.<\/li>\n<li>T\u00fcm par\u00e7alar\u0131 uygun bir \u00e7\u00f6z\u00fcc\u00fc kullanarak temizleyin; b\u00f6ylece kir, kal\u0131nt\u0131 ve eski hidrolik s\u0131v\u0131s\u0131 temizlenmi\u015f olur.<\/li>\n<\/ul>\n<\/li>\n<li><strong>Conta De\u011fi\u015fimi:<\/strong>\n<ul>\n<li>Piston contalar\u0131, mil contalar\u0131 ve silecek contalar\u0131 dahil olmak \u00fczere a\u015f\u0131nm\u0131\u015f veya hasar g\u00f6rm\u00fc\u015f contalar\u0131 tespit edin ve de\u011fi\u015ftirin.<\/li>\n<li>Yeni contalar\u0131n hidrolik s\u0131v\u0131 ve \u00e7al\u0131\u015fma ko\u015fullar\u0131yla uyumlu oldu\u011fundan emin olun.<\/li>\n<\/ul>\n<\/li>\n<li><strong>Piston ve Biyel Kolu Bak\u0131m\u0131:<\/strong>\n<ul>\n<li>Pistonu ve piston kolunu a\u015f\u0131nma, \u00e7izik veya hasar a\u00e7\u0131s\u0131ndan inceleyin.<\/li>\n<li>Gerekirse, sorunsuz \u00e7al\u0131\u015fmay\u0131 sa\u011flamak i\u00e7in piston kolunu parlat\u0131n veya de\u011fi\u015ftirin.<\/li>\n<li>Pistonu ve mili uygun bir hidrolik s\u0131v\u0131 veya ya\u011flay\u0131c\u0131 ile ya\u011flay\u0131n.<\/li>\n<\/ul>\n<\/li>\n<li><strong>Silindir G\u00f6vdesi Muayenesi:<\/strong>\n<ul>\n<li>Silindir g\u00f6vdesinin i\u00e7 y\u00fczeyini \u00e7izik, korozyon veya di\u011fer hasarlar a\u00e7\u0131s\u0131ndan inceleyin.<\/li>\n<li>Silindir g\u00f6vdesinde \u00f6nemli hasar varsa, silindirin ta\u015flanmas\u0131 veya de\u011fi\u015ftirilmesi gerekebilir.<\/li>\n<\/ul>\n<\/li>\n<li><strong>Yeniden montaj:<\/strong>\n<ul>\n<li>Hidrolik silindiri yeniden monte ederken, bile\u015fenlerin do\u011fru hizaland\u0131\u011f\u0131ndan ve y\u00f6nlendirildi\u011finden emin olun.<\/li>\n<li>Kolay montaj ve daha iyi s\u0131zd\u0131rmazl\u0131k i\u00e7in contalara ve di\u011fer hareketli par\u00e7alara ince bir tabaka hidrolik s\u0131v\u0131 veya ya\u011flay\u0131c\u0131 uygulay\u0131n.<\/li>\n<\/ul>\n<\/li>\n<li><strong>Test ve Yeniden Kurulum:<\/strong>\n<ul>\n<li>Yeniden paketlenen silindirin d\u00fczg\u00fcn \u00e7al\u0131\u015ft\u0131\u011f\u0131ndan ve s\u0131z\u0131nt\u0131 yapmad\u0131\u011f\u0131ndan emin olmak i\u00e7in bir bas\u0131n\u00e7 testi ger\u00e7ekle\u015ftirin.<\/li>\n<li>Hidrolik silindiri, do\u011fru hizalama ve g\u00fcvenli ba\u011flant\u0131lar sa\u011flayarak ekipmana veya makineye yeniden tak\u0131n.<\/li>\n<\/ul>\n<\/li>\n<li><strong>S\u0131v\u0131 De\u011fi\u015fimi ve Sistem Hava Alma \u0130\u015flemi:<\/strong>\n<ul>\n<li>\u00dcreticinin tavsiyelerine uyarak hidrolik s\u0131v\u0131s\u0131n\u0131 yeni s\u0131v\u0131yla de\u011fi\u015ftirin.<\/li>\n<li>Hidrolik sistemde s\u0131k\u0131\u015fm\u0131\u015f havay\u0131 tahliye ederek sistemin havas\u0131n\u0131 al\u0131n ve b\u00f6ylece sistemin d\u00fczg\u00fcn \u00e7al\u0131\u015fmas\u0131 ve performans g\u00f6stermesini sa\u011flay\u0131n.<\/li>\n<\/ul>\n<\/li>\n<\/ol>\n<h2><strong>Fabrikan\u0131n Kapasitesi ve Kapasitesi:<\/strong><\/h2>\n<h3>(1) Meclis<\/h3>\n<p>Birinci s\u0131n\u0131f ba\u011f\u0131ms\u0131z bir ara\u015ft\u0131rma ve geli\u015ftirme montaj platformumuz bulunmaktad\u0131r. Hidrolik silindir \u00fcretim at\u00f6lyemizde, y\u0131ll\u0131k 1 milyon adet \u00fcretim kapasitesine sahip d\u00f6rt adet yar\u0131 otomatik kald\u0131rma silindiri montaj hatt\u0131 ve bir adet otomatik devirme silindiri montaj hatt\u0131 bulunmaktad\u0131r. \u00d6zel silindir at\u00f6lyemiz, y\u0131ll\u0131k 200.000 adet \u00fcretim kapasitesine sahip \u00e7e\u015fitli \u00f6zelliklerde yar\u0131 otomatik temizleme montaj sistemiyle donat\u0131lm\u0131\u015ft\u0131r. Ayr\u0131ca, \u00fcnl\u00fc CNC i\u015fleme ekipmanlar\u0131, bir i\u015fleme merkezi, y\u00fcksek hassasiyetli silindir i\u015fleme \u00f6zel ekipmanlar\u0131, bir robot kaynak makinesi, bir otomatik temizleme makinesi, otomatik silindir montaj makinesi ve otomatik boyama \u00fcretim hatt\u0131 ile donat\u0131lm\u0131\u015ft\u0131r. 300'den fazla setten olu\u015fan kritik ekipmanlar mevcuttur. Ekipman kaynaklar\u0131n\u0131n optimum da\u011f\u0131l\u0131m\u0131 ve verimli kullan\u0131m\u0131, \u00fcr\u00fcnlerin hassasiyet gereksinimlerini kar\u015f\u0131lar ve \u00fcr\u00fcnlerin y\u00fcksek kalite ihtiya\u00e7lar\u0131n\u0131 kar\u015f\u0131lar.<\/p>\n<p><img loading=\"lazy\" decoding=\"async\" class=\"alignnone wp-image-626\" src=\"https:\/\/hydraulic-cylinders.net\/wp-content\/uploads\/2023\/08\/hydraulic-cylinder-product-1-300x158.webp\" alt=\"\" width=\"495\" height=\"260\" srcset=\"https:\/\/hydraulic-cylinders.net\/wp-content\/uploads\/2023\/08\/hydraulic-cylinder-product-1-300x158.webp 495w, https:\/\/hydraulic-cylinders.net\/wp-content\/uploads\/2023\/08\/hydraulic-cylinder-product-1-480x252.webp 480w\" sizes=\"(min-width: 0px) and (max-width: 480px) 480px, (min-width: 481px) 495px, 100vw\" \/> <img loading=\"lazy\" decoding=\"async\" class=\"alignnone wp-image-627\" src=\"https:\/\/hydraulic-cylinders.net\/wp-content\/uploads\/2023\/08\/hydraulic-cylinder-product-2-300x189.webp\" alt=\"\" width=\"413\" height=\"260\" \/><\/p>\n<h3>(2) \u0130\u015fleme<\/h3>\n<p>\u0130\u015fleme at\u00f6lyesi, maksimum 400 mm i\u00e7 \u00e7apa ve maksimum 6 metre uzunlu\u011fa sahip silindir borular\u0131n\u0131n i\u015flenmesini ger\u00e7ekle\u015ftirebilen \u00f6zel e\u011fimli ray torna merkezi, i\u015fleme merkezi, y\u00fcksek h\u0131zl\u0131 honlama makinesi, kaynak robotu ve di\u011fer ilgili ekipmanlarla donat\u0131lm\u0131\u015ft\u0131r.<\/p>\n<p><img loading=\"lazy\" decoding=\"async\" class=\"alignnone wp-image-628 size-large\" src=\"https:\/\/hydraulic-cylinders.net\/wp-content\/uploads\/2023\/08\/hydraulic-cylinder-product-3-1024x391.webp\" alt=\"\" width=\"1024\" height=\"391\" srcset=\"https:\/\/hydraulic-cylinders.net\/wp-content\/uploads\/2023\/08\/hydraulic-cylinder-product-3-980x374.webp 980w, https:\/\/hydraulic-cylinders.net\/wp-content\/uploads\/2023\/08\/hydraulic-cylinder-product-3-480x183.webp 480w\" sizes=\"(min-width: 0px) and (max-width: 480px) 480px, (min-width: 481px) and (max-width: 980px) 980px, (min-width: 981px) 1024px, 100vw\" \/><\/p>\n<h3>(3) Kaynak<\/h3>\n<p><img loading=\"lazy\" decoding=\"async\" class=\"alignnone wp-image-629 size-large\" src=\"https:\/\/hydraulic-cylinders.net\/wp-content\/uploads\/2023\/08\/hydraulic-cylinder-product-4-1024x510.webp\" alt=\"\" width=\"1024\" height=\"510\" srcset=\"https:\/\/hydraulic-cylinders.net\/wp-content\/uploads\/2023\/08\/hydraulic-cylinder-product-4-980x488.webp 980w, https:\/\/hydraulic-cylinders.net\/wp-content\/uploads\/2023\/08\/hydraulic-cylinder-product-4-480x239.webp 480w\" sizes=\"(min-width: 0px) and (max-width: 480px) 480px, (min-width: 481px) and (max-width: 980px) 980px, (min-width: 981px) 1024px, 100vw\" \/><\/p>\n<h3>(4) Boyama ve kaplama<\/h3>\n<p>K\u00fc\u00e7\u00fck ve orta \u00f6l\u00e7ekli silindirli otomatik su bazl\u0131 boya kaplama hatlar\u0131nda, otomatik robot y\u00fckleme-bo\u015faltma ve otomatik p\u00fcsk\u00fcrtmeyi ger\u00e7ekle\u015ftirmek i\u00e7in, vardiya ba\u015f\u0131na 4000 adet tasar\u0131m kapasitesi;<br \/>\nAyr\u0131ca, vardiya ba\u015f\u0131na 60 kasa kapasiteli, g\u00fc\u00e7 zinciriyle \u00e7al\u0131\u015fan b\u00fcy\u00fck silindirler i\u00e7in yar\u0131 otomatik boya \u00fcretim hatt\u0131m\u0131z da bulunmaktad\u0131r.<\/p>\n<p><img loading=\"lazy\" decoding=\"async\" class=\"alignnone wp-image-630\" src=\"https:\/\/hydraulic-cylinders.net\/wp-content\/uploads\/2023\/08\/hydraulic-cylinder-product-5-300x213.webp\" alt=\"\" width=\"366\" height=\"260\" \/> <img loading=\"lazy\" decoding=\"async\" class=\"alignnone wp-image-631\" src=\"https:\/\/hydraulic-cylinders.net\/wp-content\/uploads\/2023\/08\/hydraulic-cylinder-product-6-300x225.webp\" alt=\"\" width=\"347\" height=\"260\" \/><\/p>\n<h3>(5) Test etme<\/h3>\n<p>Silindirin performans\u0131n\u0131n gereklilikleri kar\u015f\u0131lad\u0131\u011f\u0131ndan emin olmak i\u00e7in birinci s\u0131n\u0131f muayene tesislerimiz ve test yataklar\u0131m\u0131z bulunmaktad\u0131r.<\/p>\n<p><img loading=\"lazy\" decoding=\"async\" class=\"alignnone wp-image-632\" src=\"https:\/\/hydraulic-cylinders.net\/wp-content\/uploads\/2023\/08\/hydraulic-cylinder-product-8-300x200.webp\" alt=\"\" width=\"389\" height=\"260\" \/><\/p>\n<p>&nbsp;<\/p>\n<p>&nbsp;<\/p>\n<p>En iyi metalurjik hidrolik silindir \u00fcreticilerinden biriyiz. Kapsaml\u0131 metalurjik hidrolik silindir sto\u011fu sunabiliyoruz. Ayr\u0131ca, ilgili \u00fcr\u00fcnleri de sa\u011fl\u0131yoruz. <a href=\"https:\/\/hzpt.com\/agricultural-pto-gearbox\/\" target=\"_blank\" rel=\"noopener\">tar\u0131msal di\u015fli kutular\u0131<\/a>\u00dcr\u00fcnlerimizi d\u00fcnya \u00e7ap\u0131ndaki m\u00fc\u015fterilerimize ihra\u00e7 ettik ve \u00fcst\u00fcn \u00fcr\u00fcn kalitemiz ve sat\u0131\u015f sonras\u0131 hizmetlerimiz sayesinde iyi bir itibar kazand\u0131k. Yurt i\u00e7i ve yurt d\u0131\u015f\u0131ndaki m\u00fc\u015fterilerimizi i\u015f g\u00f6r\u00fc\u015fmeleri yapmak, bilgi al\u0131\u015fveri\u015finde bulunmak ve <a href=\"https:\/\/www.hydraulic-cylinders.net\/tr\/contact-us\/\">bizimle i\u015fbirli\u011fi yap\u0131n<\/a>!<\/p>\n<h2><\/h2>\n<h2><\/h2>","protected":false},"excerpt":{"rendered":"<p>Rear Rectangular Flange Type Metallurgical Hydraulic Cylinder The rear rectangular flange-type metallurgical hydraulic cylinder is a high-performance hydraulic component designed to meet the demanding requirements of metallurgical applications. With its robust construction, precise control, and reliable operation, this metallurgical hydraulic cylinder design stands out in the rigorous environment of steel mills, foundries, and other metallurgical [&hellip;]<\/p>","protected":false},"featured_media":1193,"comment_status":"open","ping_status":"closed","template":"","meta":{"_et_pb_use_builder":"","_et_pb_old_content":"","_et_gb_content_width":""},"product_brand":[],"product_cat":[1376,1550,1524],"product_tag":[1380],"class_list":{"0":"post-1190","1":"product","2":"type-product","3":"status-publish","4":"has-post-thumbnail","6":"product_cat-hydraulic-cylinder","7":"product_cat-double-acting-hydraulic-cylinder","8":"product_cat-steel-mill-hydraulic-cylinders","9":"product_tag-hydraulic-cylinder","11":"first","12":"instock","13":"shipping-taxable","14":"product-type-simple"},"amp_enabled":true,"_links":{"self":[{"href":"https:\/\/www.hydraulic-cylinders.net\/tr\/wp-json\/wp\/v2\/product\/1190","targetHints":{"allow":["GET"]}}],"collection":[{"href":"https:\/\/www.hydraulic-cylinders.net\/tr\/wp-json\/wp\/v2\/product"}],"about":[{"href":"https:\/\/www.hydraulic-cylinders.net\/tr\/wp-json\/wp\/v2\/types\/product"}],"replies":[{"embeddable":true,"href":"https:\/\/www.hydraulic-cylinders.net\/tr\/wp-json\/wp\/v2\/comments?post=1190"}],"wp:featuredmedia":[{"embeddable":true,"href":"https:\/\/www.hydraulic-cylinders.net\/tr\/wp-json\/wp\/v2\/media\/1193"}],"wp:attachment":[{"href":"https:\/\/www.hydraulic-cylinders.net\/tr\/wp-json\/wp\/v2\/media?parent=1190"}],"wp:term":[{"taxonomy":"product_brand","embeddable":true,"href":"https:\/\/www.hydraulic-cylinders.net\/tr\/wp-json\/wp\/v2\/product_brand?post=1190"},{"taxonomy":"product_cat","embeddable":true,"href":"https:\/\/www.hydraulic-cylinders.net\/tr\/wp-json\/wp\/v2\/product_cat?post=1190"},{"taxonomy":"product_tag","embeddable":true,"href":"https:\/\/www.hydraulic-cylinders.net\/tr\/wp-json\/wp\/v2\/product_tag?post=1190"}],"curies":[{"name":"wp","href":"https:\/\/api.w.org\/{rel}","templated":true}]}}