{"id":1213,"date":"2023-09-13T07:59:01","date_gmt":"2023-09-13T07:59:01","guid":{"rendered":"https:\/\/hydraulic-cylinders.net\/?post_type=product&#038;p=1213"},"modified":"2025-04-11T05:06:52","modified_gmt":"2025-04-11T05:06:52","slug":"y-hg1-noraml-metallurgical-hydraulic-cylinder","status":"publish","type":"product","link":"https:\/\/www.hydraulic-cylinders.net\/tr\/urun\/y-hg1-noraml-metallurgical-hydraulic-cylinder\/","title":{"rendered":"Y-HG1 Noraml Metalurjik Hidrolik Silindir"},"content":{"rendered":"<h1 style=\"text-align: center;\"><strong>Y-HG1 Noraml Metalurjik Hidrolik Silindir<\/strong><\/h1>\n<p>Y-HG1 metalurjik hidrolik silindir, metalurjik uygulamalar\u0131n zorlu gereksinimlerini kar\u015f\u0131lamak \u00fczere \u00f6zel olarak tasarlanm\u0131\u015f, son teknoloji \u00fcr\u00fcn\u00fc bir hidrolik bile\u015fendir. Geli\u015fmi\u015f \u00f6zellikleri, sa\u011flam yap\u0131s\u0131 ve ola\u011fan\u00fcst\u00fc performans\u0131yla Y-HG1 metalurjik hidrolik silindir, \u00e7elik fabrikalar\u0131, d\u00f6k\u00fcmhaneler ve di\u011fer metalurjik proseslerin zorlu ortamlar\u0131nda hassas kontrol, dayan\u0131kl\u0131l\u0131k ve g\u00fcvenilirlik sunar. A\u011f\u0131r hizmet tipi kald\u0131rma, presleme veya konumland\u0131rma gibi uygulamalarda, Y-HG1 silindir hidrolik teknolojisinde yeni standartlar belirleyerek metalurji end\u00fcstrisi i\u00e7in ideal bir se\u00e7imdir.<\/p>\n<p>Y-HG1 serisi metalurji ekipmanlar\u0131 hidrolik silindir \u00e7ift etkili piston silindiri i\u00e7in, silindir \u00e7ap\u0131 genellikle 40 ~ 320 mm aral\u0131\u011f\u0131ndad\u0131r, \u00e7al\u0131\u015fma bas\u0131nc\u0131 &lt;= 16 MPA, hidrolik ya\u011f mekanik sistemi em\u00fclsiyon ve di\u011fer \u00e7al\u0131\u015fma ortamlar\u0131n\u0131 kaybetmek i\u00e7in kullan\u0131labilir, flan\u015f, k\u00fcpeler, pimler, tetikleyiciler (taban) ve farkl\u0131 tiplerin montaj\u0131.<\/p>\n<p>Y\u00fcksek hassasiyetli CNC honlama makinesi, otomatik kaynak makinesi, dikey, yatay i\u015fleme merkezi, portal i\u015fleme merkezi, CNC torna ve di\u011fer i\u015fleme ekipmanlar\u0131, \u00fcr\u00fcn kalitesi istikrarl\u0131 ve garantilidir.<\/p>\n<p><img loading=\"lazy\" decoding=\"async\" class=\"aligncenter wp-image-1214\" src=\"https:\/\/hydraulic-cylinders.net\/wp-content\/uploads\/2023\/09\/y-hg-1-noraml-metallurgical-hydraulic-cylinder-3-300x300.webp\" alt=\"\" width=\"400\" height=\"400\" \/><\/p>\n<h2><strong>Y-HG1 Noraml Metalurjik Hidrolik Silindir Parametresi:<img loading=\"lazy\" decoding=\"async\" class=\"alignnone wp-image-1215 size-large\" src=\"https:\/\/hydraulic-cylinders.net\/wp-content\/uploads\/2023\/09\/y-hg-1-noraml-metallurgical-hydraulic-cylinder-1-1024x307.webp\" alt=\"\" width=\"1024\" height=\"307\" srcset=\"https:\/\/hydraulic-cylinders.net\/wp-content\/uploads\/2023\/09\/y-hg-1-noraml-metallurgical-hydraulic-cylinder-1-980x293.webp 980w, https:\/\/hydraulic-cylinders.net\/wp-content\/uploads\/2023\/09\/y-hg-1-noraml-metallurgical-hydraulic-cylinder-1-480x144.webp 480w\" sizes=\"(min-width: 0px) and (max-width: 480px) 480px, (min-width: 481px) and (max-width: 980px) 980px, (min-width: 981px) 1024px, 100vw\" \/> <img loading=\"lazy\" decoding=\"async\" class=\"alignnone wp-image-1216 size-large\" src=\"https:\/\/hydraulic-cylinders.net\/wp-content\/uploads\/2023\/09\/y-hg-1-noraml-metallurgical-hydraulic-cylinder-2-1024x553.webp\" alt=\"\" width=\"1024\" height=\"553\" srcset=\"https:\/\/hydraulic-cylinders.net\/wp-content\/uploads\/2023\/09\/y-hg-1-noraml-metallurgical-hydraulic-cylinder-2-980x530.webp 980w, https:\/\/hydraulic-cylinders.net\/wp-content\/uploads\/2023\/09\/y-hg-1-noraml-metallurgical-hydraulic-cylinder-2-480x259.webp 480w\" sizes=\"(min-width: 0px) and (max-width: 480px) 480px, (min-width: 481px) and (max-width: 980px) 980px, (min-width: 981px) 1024px, 100vw\" \/><\/strong><\/h2>\n<h2><strong>Y-HG1 Noraml Metalurjik Hidrolik Silindir <\/strong><strong>Kullan\u0131m Y\u00f6ntemi<\/strong><strong>:<\/strong><\/h2>\n<ol>\n<li><strong>Montaj ve Kurulum:<\/strong>\n<ul>\n<li>Metalurjik ekipman\u0131n\u0131z\u0131n \u00f6zel gereksinimlerine g\u00f6re Y-HG1 silindirlerinin montaj\u0131 i\u00e7in uygun yeri belirleyin.<\/li>\n<li>Montaj y\u00fczeyinin temiz, d\u00fcz ve silindirin a\u011f\u0131rl\u0131\u011f\u0131n\u0131 ve y\u00fck\u00fcn\u00fc ta\u015f\u0131yabilecek kapasitede oldu\u011fundan emin olun.<\/li>\n<\/ul>\n<\/li>\n<li><strong>Hidrolik Sisteme Ba\u011flant\u0131:<\/strong>\n<ul>\n<li>Y-HG1 metalurjik hidrolik silindirini uyumlu bir hidrolik hortum veya boru kullanarak hidrolik sisteme ba\u011flay\u0131n.<\/li>\n<li>S\u0131z\u0131nt\u0131lar\u0131 \u00f6nlemek ve optimum performans\u0131 garantilemek i\u00e7in do\u011fru hizalamay\u0131 ve g\u00fcvenli ba\u011flant\u0131lar\u0131 sa\u011flay\u0131n.<\/li>\n<\/ul>\n<\/li>\n<li><strong>Sistem Entegrasyonu ve Kalibrasyonu:<\/strong>\n<ul>\n<li>Y-HG1 metalurjik hidrolik silindirlerini \u00fcreticinin talimatlar\u0131na g\u00f6re metalurjik ekipman veya sistemlere entegre edin.<\/li>\n<li>Gerekli \u00e7al\u0131\u015fma parametrelerini elde etmek i\u00e7in sistemi kalibre edin ve silindir hareketinin hassas kontrol\u00fcn\u00fc sa\u011flay\u0131n.<\/li>\n<\/ul>\n<\/li>\n<li><strong>Silindirin \u00c7al\u0131\u015ft\u0131r\u0131lmas\u0131:<\/strong>\n<ul>\n<li>Hidrolik sistemi aktive ederek bas\u0131nc\u0131 uygulay\u0131n ve Y-HG1 silindirinin hareketini ba\u015flat\u0131n.<\/li>\n<li>Hidrolik kontrol sistemi, verimli metalurjik i\u015flemler i\u00e7in silindirin uzamas\u0131n\u0131, b\u00fcz\u00fclmesini ve konumland\u0131r\u0131lmas\u0131n\u0131 hassas bir \u015fekilde kontrol eder.<\/li>\n<\/ul>\n<\/li>\n<\/ol>\n<h2><strong>Y-HG1 Noraml Metalurjik Hidrolik Silindir <\/strong><strong>\u00d6zellikler<\/strong><strong>:<\/strong><\/h2>\n<ul>\n<li><strong>Sa\u011flam Yap\u0131:<\/strong> Y-HG1 silindir, zorlu metalurjik ortamda dayan\u0131kl\u0131l\u0131k ve uzun \u00f6m\u00fcr sa\u011flayan y\u00fcksek kaliteli malzemelerle \u00fcretilmi\u015ftir.<\/li>\n<li><strong>Hassas Kontrol:<\/strong>\u00a0 Metalurjik hidrolik silindir \u00fcst\u00fcn kontrol ve konumland\u0131rma do\u011frulu\u011fu sa\u011flayarak operat\u00f6rlerin optimum metalurjik prosesler i\u00e7in tam hareket elde etmelerine olanak tan\u0131r.<\/li>\n<li><strong>Y\u00fcksek Y\u00fck Kapasitesi:<\/strong>\u00a0 Y-HG1 metalurjik hidrolik silindirler, metalurjik uygulamalarda standart olan a\u011f\u0131r y\u00fckleri kald\u0131racak \u015fekilde tasarlanm\u0131\u015ft\u0131r ve g\u00fcvenilir kald\u0131rma ve presleme kabiliyetleri sa\u011flar.<\/li>\n<li><strong>Korozyon Direnci:<\/strong>\u00a0 Silindirin korozyona dayan\u0131kl\u0131 kaplamas\u0131, onu sert kimyasallardan ve metalurjik ortamlarda s\u0131kl\u0131kla g\u00f6r\u00fclen a\u015f\u0131r\u0131 s\u0131cakl\u0131klardan korur.<\/li>\n<li><strong>\u00c7ok Y\u00f6nl\u00fc Montaj Se\u00e7enekleri:<\/strong> Y-HG1 silindirleri \u00e7e\u015fitli montaj se\u00e7enekleriyle mevcuttur ve birden fazla metalurjik ekipman ve sisteme kolayca entegre edilebilir.<\/li>\n<\/ul>\n<h2><strong>Tek Y\u00f6nl\u00fc Hidrolik Silindir Nas\u0131l \u00c7al\u0131\u015f\u0131r?<\/strong><\/h2>\n<p>Tek y\u00f6nl\u00fc, tek etkili bir hidrolik silindir, tek y\u00f6nde do\u011frusal hareket \u00fcretmek i\u00e7in bir hidrolik sistem kullan\u0131r. Bir silindir g\u00f6vdesi, piston, piston kolu ve hidrolik s\u0131v\u0131dan olu\u015fur. \u00c7al\u0131\u015fma prensibi \u015f\u00f6yledir:<\/p>\n<ol>\n<li><strong>Hidrolik S\u0131v\u0131 Temini:<\/strong>\n<ul>\n<li>Hidrolik sistem, silindire hidrolik pompa veya g\u00fc\u00e7 kayna\u011f\u0131 arac\u0131l\u0131\u011f\u0131yla bas\u0131n\u00e7l\u0131 s\u0131v\u0131 (genellikle ya\u011f) sa\u011flar.<\/li>\n<\/ul>\n<\/li>\n<li><strong>Silindir Uzatmas\u0131:<\/strong>\n<ul>\n<li>Silindire hidrolik s\u0131v\u0131 verildi\u011finde, s\u0131v\u0131 bir giri\u015f portu arac\u0131l\u0131\u011f\u0131yla silindir g\u00f6vdesine girer.<\/li>\n<li>Bas\u0131n\u00e7l\u0131 ak\u0131\u015fkan pistona bask\u0131 yaparak pistonun istenilen y\u00f6nde hareket etmesini sa\u011flar (tipik olarak piston \u00e7ubu\u011funu uzat\u0131r).<\/li>\n<li>S\u0131v\u0131 bas\u0131nc\u0131 artt\u0131k\u00e7a piston \u00fczerindeki diren\u00e7 veya y\u00fck a\u015f\u0131l\u0131r ve piston kolunun uzamas\u0131 sa\u011flan\u0131r.<\/li>\n<\/ul>\n<\/li>\n<li><strong>S\u0131zd\u0131rmazl\u0131k Mekanizmas\u0131:<\/strong>\n<ul>\n<li>Silindir g\u00f6vdesi, s\u0131v\u0131 s\u0131z\u0131nt\u0131s\u0131n\u0131 \u00f6nlemek i\u00e7in contalanm\u0131\u015ft\u0131r. Genellikle piston ve piston \u00e7ubu\u011fu \u00e7evresinde O-ring veya dudak contalar\u0131 gibi contalar bulunur.<\/li>\n<li>Bu contalar, bas\u0131n\u00e7l\u0131 ak\u0131\u015fkan\u0131n pistonun yaln\u0131zca bir taraf\u0131na etki etmesini sa\u011flayarak, pistonu istenilen y\u00f6ne do\u011fru hareket ettiren bir bas\u0131n\u00e7 dengesizli\u011fi yarat\u0131r.<\/li>\n<\/ul>\n<\/li>\n<li><strong>D\u00f6n\u00fc\u015f Vuru\u015fu:<\/strong>\n<ul>\n<li>Uzatma stro\u011fundan sonra hidrolik s\u0131v\u0131 silindirden serbest b\u0131rak\u0131l\u0131r veya havaland\u0131r\u0131l\u0131r.<\/li>\n<li>Hidrolik sistem, pistonu ve piston \u00e7ubu\u011funu ba\u015flang\u0131\u00e7 \u200b\u200bkonumlar\u0131na geri \u00e7ekmek i\u00e7in yer \u00e7ekimini, bir yay\u0131 veya harici bir kuvveti kullanabilir.<\/li>\n<li>Geri d\u00f6n\u00fc\u015f stro\u011fu s\u0131ras\u0131nda hidrolik s\u0131v\u0131s\u0131, \u00e7\u0131k\u0131\u015f portundan silindirden d\u0131\u015far\u0131 akar.<\/li>\n<\/ul>\n<\/li>\n<li><strong>Y\u00fck Deste\u011fi:<\/strong>\n<ul>\n<li>Hidrolik silindirin piston kolu genellikle do\u011frusal hareket veya kuvvet gerektiren bir y\u00fcke veya mekanizmaya ba\u011fl\u0131d\u0131r.<\/li>\n<li>Piston uzad\u0131k\u00e7a veya geri \u00e7ekildik\u00e7e y\u00fck\u00fc hareket ettirmek veya desteklemek i\u00e7in gerekli kuvveti sa\u011flar.<\/li>\n<\/ul>\n<\/li>\n<li><strong>Kontrol ve Vanalar:<\/strong>\n<ul>\n<li>Tek y\u00f6nl\u00fc hidrolik silindirin uzama ve geri \u00e7ekilme hareketini kontrol etmek i\u00e7in hidrolik sisteme \u00e7ek valfler veya y\u00f6n kontrol valfleri gibi valfler entegre edilmi\u015ftir.<\/li>\n<li>Bu valfler hidrolik s\u0131v\u0131n\u0131n ak\u0131\u015f\u0131n\u0131 d\u00fczenleyerek, s\u0131v\u0131n\u0131n silindire istenilen y\u00f6nde girip \u00e7\u0131kmas\u0131n\u0131 sa\u011flarlar.<\/li>\n<\/ul>\n<\/li>\n<li><strong>Uygulama \u00d6zellikleri:<\/strong>\n<ul>\n<li>Tek y\u00f6nl\u00fc hidrolik silindirler, kald\u0131rma, itme veya s\u0131k\u0131\u015ft\u0131rma gibi yaln\u0131zca bir y\u00f6nde kuvvet veya hareketin gerekli oldu\u011fu uygulamalarda yayg\u0131n olarak kullan\u0131l\u0131r.<\/li>\n<li>Bunlara s\u0131kl\u0131kla hidrolik kriko, hidrolik pres, damperli kamyon ve \u00e7e\u015fitli end\u00fcstriyel ve mobil ekipmanlarda rastlan\u0131r.<\/li>\n<\/ul>\n<\/li>\n<\/ol>\n<h2><strong>Fabrikan\u0131n Kapasitesi ve Kapasitesi:<\/strong><\/h2>\n<h3>(1) Meclis<\/h3>\n<p>Birinci s\u0131n\u0131f ba\u011f\u0131ms\u0131z bir ara\u015ft\u0131rma ve geli\u015ftirme montaj platformumuz bulunmaktad\u0131r. Hidrolik silindir \u00fcretim at\u00f6lyemizde, y\u0131ll\u0131k 1 milyon adet \u00fcretim kapasitesine sahip d\u00f6rt adet yar\u0131 otomatik kald\u0131rma silindiri montaj hatt\u0131 ve bir adet otomatik devirme silindiri montaj hatt\u0131 bulunmaktad\u0131r. \u00d6zel silindir at\u00f6lyemiz, y\u0131ll\u0131k 200.000 adet \u00fcretim kapasitesine sahip \u00e7e\u015fitli \u00f6zelliklerde yar\u0131 otomatik temizleme montaj sistemiyle donat\u0131lm\u0131\u015ft\u0131r. Ayr\u0131ca, \u00fcnl\u00fc CNC i\u015fleme ekipmanlar\u0131, bir i\u015fleme merkezi, y\u00fcksek hassasiyetli silindir i\u015fleme \u00f6zel ekipmanlar\u0131, bir robot kaynak makinesi, bir otomatik temizleme makinesi, otomatik silindir montaj makinesi ve otomatik boyama \u00fcretim hatt\u0131 ile donat\u0131lm\u0131\u015ft\u0131r. 300'den fazla setten olu\u015fan kritik ekipmanlar mevcuttur. Ekipman kaynaklar\u0131n\u0131n optimum da\u011f\u0131l\u0131m\u0131 ve verimli kullan\u0131m\u0131, \u00fcr\u00fcnlerin hassasiyet gereksinimlerini kar\u015f\u0131lar ve \u00fcr\u00fcnlerin y\u00fcksek kalite ihtiya\u00e7lar\u0131n\u0131 kar\u015f\u0131lar.<\/p>\n<p><img loading=\"lazy\" decoding=\"async\" class=\"alignnone wp-image-626\" src=\"https:\/\/hydraulic-cylinders.net\/wp-content\/uploads\/2023\/08\/hydraulic-cylinder-product-1-300x158.webp\" alt=\"\" width=\"495\" height=\"260\" srcset=\"https:\/\/hydraulic-cylinders.net\/wp-content\/uploads\/2023\/08\/hydraulic-cylinder-product-1-300x158.webp 495w, https:\/\/hydraulic-cylinders.net\/wp-content\/uploads\/2023\/08\/hydraulic-cylinder-product-1-480x252.webp 480w\" sizes=\"(min-width: 0px) and (max-width: 480px) 480px, (min-width: 481px) 495px, 100vw\" \/> <img loading=\"lazy\" decoding=\"async\" class=\"alignnone wp-image-627\" src=\"https:\/\/hydraulic-cylinders.net\/wp-content\/uploads\/2023\/08\/hydraulic-cylinder-product-2-300x189.webp\" alt=\"\" width=\"413\" height=\"260\" \/><\/p>\n<h3>(2) \u0130\u015fleme<\/h3>\n<p>\u0130\u015fleme at\u00f6lyesi, maksimum 400 mm i\u00e7 \u00e7apa ve maksimum 6 metre uzunlu\u011fa sahip silindir borular\u0131n\u0131n i\u015flenmesini ger\u00e7ekle\u015ftirebilen \u00f6zel e\u011fimli ray torna merkezi, i\u015fleme merkezi, y\u00fcksek h\u0131zl\u0131 honlama makinesi, kaynak robotu ve di\u011fer ilgili ekipmanlarla donat\u0131lm\u0131\u015ft\u0131r.<\/p>\n<p><img loading=\"lazy\" decoding=\"async\" class=\"alignnone wp-image-628 size-large\" src=\"https:\/\/hydraulic-cylinders.net\/wp-content\/uploads\/2023\/08\/hydraulic-cylinder-product-3-1024x391.webp\" alt=\"\" width=\"1024\" height=\"391\" srcset=\"https:\/\/hydraulic-cylinders.net\/wp-content\/uploads\/2023\/08\/hydraulic-cylinder-product-3-980x374.webp 980w, https:\/\/hydraulic-cylinders.net\/wp-content\/uploads\/2023\/08\/hydraulic-cylinder-product-3-480x183.webp 480w\" sizes=\"(min-width: 0px) and (max-width: 480px) 480px, (min-width: 481px) and (max-width: 980px) 980px, (min-width: 981px) 1024px, 100vw\" \/><\/p>\n<h3>(3) Kaynak<\/h3>\n<p><img loading=\"lazy\" decoding=\"async\" class=\"alignnone wp-image-629 size-large\" src=\"https:\/\/hydraulic-cylinders.net\/wp-content\/uploads\/2023\/08\/hydraulic-cylinder-product-4-1024x510.webp\" alt=\"\" width=\"1024\" height=\"510\" srcset=\"https:\/\/hydraulic-cylinders.net\/wp-content\/uploads\/2023\/08\/hydraulic-cylinder-product-4-980x488.webp 980w, https:\/\/hydraulic-cylinders.net\/wp-content\/uploads\/2023\/08\/hydraulic-cylinder-product-4-480x239.webp 480w\" sizes=\"(min-width: 0px) and (max-width: 480px) 480px, (min-width: 481px) and (max-width: 980px) 980px, (min-width: 981px) 1024px, 100vw\" \/><\/p>\n<h3>(4) Boyama ve kaplama<\/h3>\n<p>K\u00fc\u00e7\u00fck ve orta \u00f6l\u00e7ekli silindirli otomatik su bazl\u0131 boya kaplama hatlar\u0131nda, otomatik robot y\u00fckleme-bo\u015faltma ve otomatik p\u00fcsk\u00fcrtmeyi ger\u00e7ekle\u015ftirmek i\u00e7in, vardiya ba\u015f\u0131na 4000 adet tasar\u0131m kapasitesi;<br \/>\nAyr\u0131ca, vardiya ba\u015f\u0131na 60 kasa kapasiteli, g\u00fc\u00e7 zinciriyle \u00e7al\u0131\u015fan b\u00fcy\u00fck silindirler i\u00e7in yar\u0131 otomatik boya \u00fcretim hatt\u0131m\u0131z da bulunmaktad\u0131r.<\/p>\n<p><img loading=\"lazy\" decoding=\"async\" class=\"alignnone wp-image-630\" src=\"https:\/\/hydraulic-cylinders.net\/wp-content\/uploads\/2023\/08\/hydraulic-cylinder-product-5-300x213.webp\" alt=\"\" width=\"366\" height=\"260\" \/> <img loading=\"lazy\" decoding=\"async\" class=\"alignnone wp-image-631\" src=\"https:\/\/hydraulic-cylinders.net\/wp-content\/uploads\/2023\/08\/hydraulic-cylinder-product-6-300x225.webp\" alt=\"\" width=\"347\" height=\"260\" \/><\/p>\n<h3>(5) Test etme<\/h3>\n<p>Silindirin performans\u0131n\u0131n gereklilikleri kar\u015f\u0131lad\u0131\u011f\u0131ndan emin olmak i\u00e7in birinci s\u0131n\u0131f muayene tesislerimiz ve test yataklar\u0131m\u0131z bulunmaktad\u0131r.<\/p>\n<p><img loading=\"lazy\" decoding=\"async\" class=\"alignnone wp-image-632\" src=\"https:\/\/hydraulic-cylinders.net\/wp-content\/uploads\/2023\/08\/hydraulic-cylinder-product-8-300x200.webp\" alt=\"\" width=\"389\" height=\"260\" \/><\/p>\n<p>&nbsp;<\/p>\n<p>&nbsp;<\/p>\n<p>En iyi metalurjik hidrolik silindir \u00fcreticilerinden biriyiz. Kapsaml\u0131 metalurjik hidrolik silindir sto\u011fu sunabiliyoruz. Ayr\u0131ca, ilgili \u00fcr\u00fcnleri de sa\u011fl\u0131yoruz. <a href=\"https:\/\/hzpt.com\/agricultural-pto-gearbox\/\" target=\"_blank\" rel=\"noopener\">tar\u0131msal di\u015fli kutular\u0131<\/a>\u00dcr\u00fcnlerimizi d\u00fcnya \u00e7ap\u0131ndaki m\u00fc\u015fterilerimize ihra\u00e7 ettik ve \u00fcst\u00fcn \u00fcr\u00fcn kalitemiz ve sat\u0131\u015f sonras\u0131 hizmetlerimiz sayesinde iyi bir itibar kazand\u0131k. Yurt i\u00e7i ve yurt d\u0131\u015f\u0131ndaki m\u00fc\u015fterilerimizi i\u015f g\u00f6r\u00fc\u015fmeleri yapmak, bilgi al\u0131\u015fveri\u015finde bulunmak ve <a href=\"https:\/\/www.hydraulic-cylinders.net\/tr\/contact-us\/\">bizimle i\u015fbirli\u011fi yap\u0131n<\/a>!<\/p>\n<h2><\/h2>\n<h2><\/h2>","protected":false},"excerpt":{"rendered":"<p>Y-HG1 Noraml Metallurgical Hydraulic Cylinder The Y-HG1 metallurgical hydraulic cylinder is a state-of-the-art hydraulic component specifically designed to meet the demanding requirements of metallurgical applications. With its advanced features, robust construction, and exceptional performance, the Y-HG1 metallurgical hydraulic cylinder offers precise control, durability, and reliability in the rigorous environments of steel mills, foundries, and other [&hellip;]<\/p>","protected":false},"featured_media":1217,"comment_status":"open","ping_status":"closed","template":"","meta":{"_et_pb_use_builder":"","_et_pb_old_content":"","_et_gb_content_width":""},"product_brand":[],"product_cat":[1376,1550,1524],"product_tag":[1380],"class_list":{"0":"post-1213","1":"product","2":"type-product","3":"status-publish","4":"has-post-thumbnail","6":"product_cat-hydraulic-cylinder","7":"product_cat-double-acting-hydraulic-cylinder","8":"product_cat-steel-mill-hydraulic-cylinders","9":"product_tag-hydraulic-cylinder","11":"first","12":"instock","13":"shipping-taxable","14":"product-type-simple"},"amp_enabled":true,"_links":{"self":[{"href":"https:\/\/www.hydraulic-cylinders.net\/tr\/wp-json\/wp\/v2\/product\/1213","targetHints":{"allow":["GET"]}}],"collection":[{"href":"https:\/\/www.hydraulic-cylinders.net\/tr\/wp-json\/wp\/v2\/product"}],"about":[{"href":"https:\/\/www.hydraulic-cylinders.net\/tr\/wp-json\/wp\/v2\/types\/product"}],"replies":[{"embeddable":true,"href":"https:\/\/www.hydraulic-cylinders.net\/tr\/wp-json\/wp\/v2\/comments?post=1213"}],"wp:featuredmedia":[{"embeddable":true,"href":"https:\/\/www.hydraulic-cylinders.net\/tr\/wp-json\/wp\/v2\/media\/1217"}],"wp:attachment":[{"href":"https:\/\/www.hydraulic-cylinders.net\/tr\/wp-json\/wp\/v2\/media?parent=1213"}],"wp:term":[{"taxonomy":"product_brand","embeddable":true,"href":"https:\/\/www.hydraulic-cylinders.net\/tr\/wp-json\/wp\/v2\/product_brand?post=1213"},{"taxonomy":"product_cat","embeddable":true,"href":"https:\/\/www.hydraulic-cylinders.net\/tr\/wp-json\/wp\/v2\/product_cat?post=1213"},{"taxonomy":"product_tag","embeddable":true,"href":"https:\/\/www.hydraulic-cylinders.net\/tr\/wp-json\/wp\/v2\/product_tag?post=1213"}],"curies":[{"name":"wp","href":"https:\/\/api.w.org\/{rel}","templated":true}]}}