{"id":1238,"date":"2023-09-14T08:14:17","date_gmt":"2023-09-14T08:14:17","guid":{"rendered":"https:\/\/hydraulic-cylinders.net\/?post_type=product&#038;p=1238"},"modified":"2025-04-11T05:26:15","modified_gmt":"2025-04-11T05:26:15","slug":"hrob-type-standard-b-type-circular-hydraulic-cylinder","status":"publish","type":"product","link":"https:\/\/www.hydraulic-cylinders.net\/tr\/urun\/hrob-type-standard-b-type-circular-hydraulic-cylinder\/","title":{"rendered":"HROB Tip Standart B Tipi Dairesel Hidrolik Silindir"},"content":{"rendered":"<h1 style=\"text-align: center;\"><strong>HROB Tip Standart B Tipi Dairesel Hidrolik Silindir<\/strong><\/h1>\n<p>HROB standart Tip B dairesel hidrolik silindir, \u00e7e\u015fitli end\u00fcstriyel uygulamalarda verimli g\u00fc\u00e7 ve hassas kontrol sa\u011flayan \u00e7ok y\u00f6nl\u00fc ve g\u00fcvenilir bir hidrolik elemand\u0131r. \u0130leri teknoloji ve y\u00fcksek kalite standartlar\u0131n\u0131 kullanan bu hidrolik silindir, \u00fcst\u00fcn performans ve dayan\u0131kl\u0131l\u0131k sunar. \u0130ster imalat, ister in\u015faat veya malzeme ta\u015f\u0131ma olsun, HROB standart B silindirleri sorunsuz ve verimli hidrolik \u00e7al\u0131\u015fma sa\u011flar.<\/p>\n<p>HRO serisi yuvarlak silindir g\u00fcvenli ve sa\u011flamd\u0131r, \u00e7\u0131k\u0131\u015f g\u00fcc\u00fc y\u00fcksektir, bak\u0131m\u0131 kolayd\u0131r, g\u00fczel g\u00f6r\u00fcn\u00fcr, y\u00fcksek kaliteye sahiptir, her t\u00fcrl\u00fc pres i\u00e7in uygundur.<\/p>\n<p><img loading=\"lazy\" decoding=\"async\" class=\"wp-image-1239 aligncenter\" src=\"https:\/\/hydraulic-cylinders.net\/wp-content\/uploads\/2023\/09\/hro-circular-hydraulic-cylinder-5-1-300x300.webp\" alt=\"\" width=\"400\" height=\"400\" \/><\/p>\n<h2><strong>HROA Tipi Dairesel Hidrolik Silindir Karakteristik Verileri:<\/strong><\/h2>\n<p><img loading=\"lazy\" decoding=\"async\" class=\"alignnone wp-image-1234 size-full\" src=\"https:\/\/hydraulic-cylinders.net\/wp-content\/uploads\/2023\/09\/hro-circular-hydraulic-cylinder-1-1-1.webp\" alt=\"\" width=\"1428\" height=\"436\" srcset=\"https:\/\/hydraulic-cylinders.net\/wp-content\/uploads\/2023\/09\/hro-circular-hydraulic-cylinder-1-1-1.webp 1428w, https:\/\/hydraulic-cylinders.net\/wp-content\/uploads\/2023\/09\/hro-circular-hydraulic-cylinder-1-1-1-1280x391.webp 1280w, https:\/\/hydraulic-cylinders.net\/wp-content\/uploads\/2023\/09\/hro-circular-hydraulic-cylinder-1-1-1-980x299.webp 980w, https:\/\/hydraulic-cylinders.net\/wp-content\/uploads\/2023\/09\/hro-circular-hydraulic-cylinder-1-1-1-480x147.webp 480w\" sizes=\"(min-width: 0px) and (max-width: 480px) 480px, (min-width: 481px) and (max-width: 980px) 980px, (min-width: 981px) and (max-width: 1280px) 1280px, (min-width: 1281px) 1428px, 100vw\" \/><\/p>\n<h2><strong>HROA Tipi Dairesel Hidrolik Silindir Yap\u0131 \u015eemas\u0131:<\/strong><\/h2>\n<p><img loading=\"lazy\" decoding=\"async\" class=\"alignnone wp-image-1235 size-full\" src=\"https:\/\/hydraulic-cylinders.net\/wp-content\/uploads\/2023\/09\/hro-circular-hydraulic-cylinder-2-1.webp\" alt=\"\" width=\"1404\" height=\"889\" srcset=\"https:\/\/hydraulic-cylinders.net\/wp-content\/uploads\/2023\/09\/hro-circular-hydraulic-cylinder-2-1.webp 1404w, https:\/\/hydraulic-cylinders.net\/wp-content\/uploads\/2023\/09\/hro-circular-hydraulic-cylinder-2-1-1280x810.webp 1280w, https:\/\/hydraulic-cylinders.net\/wp-content\/uploads\/2023\/09\/hro-circular-hydraulic-cylinder-2-1-980x621.webp 980w, https:\/\/hydraulic-cylinders.net\/wp-content\/uploads\/2023\/09\/hro-circular-hydraulic-cylinder-2-1-480x304.webp 480w\" sizes=\"(min-width: 0px) and (max-width: 480px) 480px, (min-width: 481px) and (max-width: 980px) 980px, (min-width: 981px) and (max-width: 1280px) 1280px, (min-width: 1281px) 1404px, 100vw\" \/><\/p>\n<h2><strong>HROB Tipi Standart B Tipi Dairesel Hidrolik Silindir Parametresi:<img loading=\"lazy\" decoding=\"async\" class=\"alignnone wp-image-1240 size-full\" src=\"https:\/\/hydraulic-cylinders.net\/wp-content\/uploads\/2023\/09\/hro-circular-hydraulic-cylinder-5.webp\" alt=\"\" width=\"1439\" height=\"1119\" srcset=\"https:\/\/hydraulic-cylinders.net\/wp-content\/uploads\/2023\/09\/hro-circular-hydraulic-cylinder-5.webp 1439w, https:\/\/hydraulic-cylinders.net\/wp-content\/uploads\/2023\/09\/hro-circular-hydraulic-cylinder-5-1280x995.webp 1280w, https:\/\/hydraulic-cylinders.net\/wp-content\/uploads\/2023\/09\/hro-circular-hydraulic-cylinder-5-980x762.webp 980w, https:\/\/hydraulic-cylinders.net\/wp-content\/uploads\/2023\/09\/hro-circular-hydraulic-cylinder-5-480x373.webp 480w\" sizes=\"(min-width: 0px) and (max-width: 480px) 480px, (min-width: 481px) and (max-width: 980px) 980px, (min-width: 981px) and (max-width: 1280px) 1280px, (min-width: 1281px) 1439px, 100vw\" \/> <\/strong><strong>HROB Tip Standart B Tipi Dairesel Hidrolik Silindir <\/strong><strong>D\u0131\u015f Di\u015f Tipi Teknik \u00d6zellikler Sayfas\u0131:<\/strong><\/h2>\n<h2><strong><img loading=\"lazy\" decoding=\"async\" class=\"alignnone wp-image-1241 size-full\" src=\"https:\/\/hydraulic-cylinders.net\/wp-content\/uploads\/2023\/09\/hro-circular-hydraulic-cylinder-6.webp\" alt=\"\" width=\"1426\" height=\"514\" srcset=\"https:\/\/hydraulic-cylinders.net\/wp-content\/uploads\/2023\/09\/hro-circular-hydraulic-cylinder-6.webp 1426w, https:\/\/hydraulic-cylinders.net\/wp-content\/uploads\/2023\/09\/hro-circular-hydraulic-cylinder-6-1280x461.webp 1280w, https:\/\/hydraulic-cylinders.net\/wp-content\/uploads\/2023\/09\/hro-circular-hydraulic-cylinder-6-980x353.webp 980w, https:\/\/hydraulic-cylinders.net\/wp-content\/uploads\/2023\/09\/hro-circular-hydraulic-cylinder-6-480x173.webp 480w\" sizes=\"(min-width: 0px) and (max-width: 480px) 480px, (min-width: 481px) and (max-width: 980px) 980px, (min-width: 981px) and (max-width: 1280px) 1280px, (min-width: 1281px) 1426px, 100vw\" \/><\/strong><\/h2>\n<h2><strong>HROB Tip Standart B Tipi Dairesel Hidrolik Silindir <\/strong><strong>Kullan\u0131m Y\u00f6ntemi<\/strong><strong>:<\/strong><\/h2>\n<ol>\n<li><strong>Montaj ve Kurulum:<\/strong>\n<ul>\n<li>Ekipman veya mekanik gereksinimlerinize g\u00f6re HROB tipi standart B silindir i\u00e7in uygun montaj yerini belirleyin.<\/li>\n<li>Montaj y\u00fczeyinin temiz, d\u00fcz ve silindirin a\u011f\u0131rl\u0131\u011f\u0131n\u0131 ve y\u00fck\u00fcn\u00fc ta\u015f\u0131yabilecek nitelikte oldu\u011fundan emin olun.<\/li>\n<\/ul>\n<\/li>\n<li><strong>Hidrolik Sisteme Ba\u011flant\u0131:<\/strong>\n<ul>\n<li>Hidrolik silindiri, uyumlu bir hidrolik hortum veya boru kullanarak hidrolik sisteme ba\u011flay\u0131n.<\/li>\n<li>S\u0131z\u0131nt\u0131lar\u0131 \u00f6nlemek ve performans\u0131 optimize etmek i\u00e7in do\u011fru hizalamay\u0131 ve g\u00fcvenli ba\u011flant\u0131lar\u0131 sa\u011flay\u0131n.<\/li>\n<\/ul>\n<\/li>\n<li><strong>Silindirin \u00c7al\u0131\u015ft\u0131r\u0131lmas\u0131:<\/strong>\n<ul>\n<li>Ba\u015flang\u0131\u00e7 \u200b\u200bhidrolik sistemi, HROB standart B silindirinin hareketini ba\u015flatmak i\u00e7in bas\u0131n\u00e7 uygular.<\/li>\n<li>Silindirin uzamas\u0131, geri \u00e7ekilmesi ve konumland\u0131r\u0131lmas\u0131 hassas bir \u015fekilde kontrol edilerek verimli bir \u00e7al\u0131\u015fma elde edilir.<\/li>\n<\/ul>\n<\/li>\n<\/ol>\n<h2><strong>HROB Tip Standart B Tipi Dairesel Hidrolik Silindir <\/strong><strong>\u00d6zellikler<\/strong><strong>:<\/strong><\/h2>\n<ul>\n<li><strong>Sa\u011flam Yap\u0131:<\/strong> HROB Tip standart B silindirleri, zorlu end\u00fcstriyel ortamlarda dayan\u0131kl\u0131l\u0131k ve uzun \u00f6m\u00fcr sa\u011flamak i\u00e7in y\u00fcksek kaliteli malzemelerle \u00fcretilmektedir.<\/li>\n<li><strong>Hassasiyet ve Kontrol:<\/strong> Bu hidrolik silindir hassas hareket ve konumland\u0131rma kontrol\u00fc sa\u011flayarak do\u011fru ve verimli \u00e7al\u0131\u015fmaya olanak tan\u0131r.<\/li>\n<li><strong>\u00c7ok Y\u00f6nl\u00fc Uygulamalar:<\/strong> HROB standart B tipi silindirler imalat, in\u015faat, malzeme ta\u015f\u0131ma ve di\u011fer end\u00fcstriler i\u00e7in uygundur.<\/li>\n<li><strong>Verimli G\u00fc\u00e7 Aktar\u0131m\u0131:<\/strong> Silindirler hidrolik enerjiyi verimli bir \u015fekilde mekanik g\u00fcce d\u00f6n\u00fc\u015ft\u00fcrerek g\u00fcvenilir ve tutarl\u0131 bir g\u00fc\u00e7 \u00e7\u0131k\u0131\u015f\u0131 sa\u011flar.<\/li>\n<li><strong>Sorunsuz \u00c7al\u0131\u015fma:<\/strong> HROB standart Tip B silindir, hidrolik hareket s\u0131ras\u0131nda p\u00fcr\u00fczs\u00fcz ve g\u00fcvenilir bir \u00e7al\u0131\u015fma sa\u011flar ve titre\u015fimi ve g\u00fcr\u00fclt\u00fcy\u00fc en aza indirir.<\/li>\n<\/ul>\n<h2><strong>Bir Hidrolik Silindiri Yeniden Yapmak Ne Kadar Zordur?<\/strong><\/h2>\n<p>Hidrolik silindir onar\u0131m\u0131, mekanik bilgi, deneyim ve do\u011fru aletler gerektiren karma\u015f\u0131k bir i\u015f olabilir. \u0130\u015flemin zorluk seviyesi, silindirin \u00f6zel tasar\u0131m\u0131na ve durumuna ba\u011fl\u0131 olarak de\u011fi\u015febilir. \u0130\u015fte dikkate al\u0131nmas\u0131 gereken baz\u0131 fakt\u00f6rler:<\/p>\n<ol>\n<li><strong>Uzmanl\u0131k ve Deneyim:<\/strong><br \/>\nBir hidrolik silindirin yenilenmesi, bile\u015fenleri, i\u015flevselli\u011fi ve montaj\u0131 hakk\u0131nda iyi bir anlay\u0131\u015f gerektirir. Hidrolik sistemlerle \u00e7al\u0131\u015fma deneyiminiz varsa veya daha \u00f6nce hidrolik silindirleri yenilediyseniz, s\u00fcre\u00e7 daha kolay y\u00f6netilebilir. Ancak, hidrolik sistemler konusunda yeniyseniz, profesyonel yard\u0131m veya rehberlik alman\u0131z \u00f6nerilir.<\/li>\n<li><strong>Silindir Tasar\u0131m\u0131:<\/strong><br \/>\nBir hidrolik silindirin yeniden in\u015fas\u0131n\u0131n karma\u015f\u0131kl\u0131\u011f\u0131, tasar\u0131m\u0131na ba\u011fl\u0131 olabilir. Baz\u0131 silindirler, daha az dahili bile\u015fene sahip daha basit bir yap\u0131ya sahiptir ve bu da onlar\u0131 yeniden in\u015fa etmeyi nispeten daha kolay hale getirir. Ancak, \u00e7ok a\u015famal\u0131 veya entegre \u00f6zelliklere sahip olanlar gibi daha geli\u015fmi\u015f tekniklerin, do\u011fru \u015fekilde s\u00f6k\u00fclmesi, yeniden kapat\u0131lmas\u0131 ve yeniden monte edilmesi daha karma\u015f\u0131k ve zor olabilir.<\/li>\n<li><strong>Silindirin Durumu:<\/strong><br \/>\nHidrolik silindirin genel durumu da onar\u0131m s\u00fcrecini etkiler. Silindirde ciddi hasar, a\u015f\u0131r\u0131 a\u015f\u0131nma veya korozyon varsa, ek onar\u0131mlar veya par\u00e7a de\u011fi\u015fimleri gerekebilir ve bu da onar\u0131m s\u00fcrecini karma\u015f\u0131kla\u015ft\u0131rabilir. Silindirin durumunu \u00f6nceden de\u011ferlendirmek, gereken i\u015f miktar\u0131n\u0131 belirlemeye yard\u0131mc\u0131 olacakt\u0131r.<\/li>\n<li><strong>Ara\u00e7lar ve Ekipmanlar:<\/strong><br \/>\nHidrolik silindirlerin onar\u0131m\u0131 genellikle \u00f6zel alet ve ekipmanlar gerektirir. Bunlar aras\u0131nda hidrolik presler, conta takma aletleri, segman penseleri ve tork anahtarlar\u0131 bulunur. Ba\u015far\u0131l\u0131 bir onar\u0131m i\u00e7in gerekli aletlere sahip olmak ve bunlar\u0131 do\u011fru \u015fekilde nas\u0131l kullanaca\u011f\u0131n\u0131z\u0131 bilmek \u00e7ok \u00f6nemlidir.<\/li>\n<li><strong>Conta De\u011fi\u015fimi ve Montaj\u0131:<\/strong><br \/>\nHidrolik silindir onar\u0131m\u0131nda kritik ad\u0131mlardan biri contalar\u0131n de\u011fi\u015ftirilmesidir. Contalar\u0131n do\u011fru se\u00e7ilmesi ve tak\u0131lmas\u0131, d\u00fczg\u00fcn \u00e7al\u0131\u015fmas\u0131 ve s\u0131z\u0131nt\u0131lar\u0131n \u00f6nlenmesi i\u00e7in kritik \u00f6neme sahiptir. Hassasiyet ve ayr\u0131nt\u0131lara dikkat gerektirir. Ayr\u0131ca, silindir bile\u015fenlerinin do\u011fru s\u0131rayla ve hizal\u0131 olarak yeniden monte edilmesi, optimum performans i\u00e7in hayati \u00f6nem ta\u015f\u0131r.<\/li>\n<li><strong>Test ve Do\u011frulama:<\/strong><br \/>\nHidrolik silindiri yeniden yap\u0131land\u0131rd\u0131ktan sonra, ama\u00e7land\u0131\u011f\u0131 gibi \u00e7al\u0131\u015ft\u0131\u011f\u0131ndan emin olmak i\u00e7in kapsaml\u0131 testler yapmak \u00e7ok \u00f6nemlidir. Bu testler, bas\u0131n\u00e7 testi, s\u0131z\u0131nt\u0131 kontrol\u00fc ve silindirin hareket a\u00e7\u0131kl\u0131\u011f\u0131 ile performans\u0131n\u0131n do\u011frulanmas\u0131n\u0131 i\u00e7erebilir. Do\u011fru testler, sorunlar\u0131n belirlenmesine yard\u0131mc\u0131 olur ve silindirin g\u00fcvenli ve g\u00fcvenilir olmas\u0131n\u0131 sa\u011flar.<\/li>\n<\/ol>\n<h2><strong>Fabrikan\u0131n Kapasitesi ve Kapasitesi:<\/strong><\/h2>\n<h3>(1) Meclis<\/h3>\n<p>Birinci s\u0131n\u0131f ba\u011f\u0131ms\u0131z bir ara\u015ft\u0131rma ve geli\u015ftirme montaj platformumuz bulunmaktad\u0131r. Hidrolik silindir \u00fcretim at\u00f6lyemizde, y\u0131ll\u0131k 1 milyon adet \u00fcretim kapasitesine sahip d\u00f6rt adet yar\u0131 otomatik kald\u0131rma silindiri montaj hatt\u0131 ve bir adet otomatik devirme silindiri montaj hatt\u0131 bulunmaktad\u0131r. \u00d6zel silindir at\u00f6lyemiz, y\u0131ll\u0131k 200.000 adet \u00fcretim kapasitesine sahip \u00e7e\u015fitli \u00f6zelliklerde yar\u0131 otomatik temizleme montaj sistemiyle donat\u0131lm\u0131\u015ft\u0131r. Ayr\u0131ca, \u00fcnl\u00fc CNC i\u015fleme ekipmanlar\u0131, bir i\u015fleme merkezi, y\u00fcksek hassasiyetli silindir i\u015fleme \u00f6zel ekipmanlar\u0131, bir robot kaynak makinesi, bir otomatik temizleme makinesi, otomatik silindir montaj makinesi ve otomatik boyama \u00fcretim hatt\u0131 ile donat\u0131lm\u0131\u015ft\u0131r. 300'den fazla setten olu\u015fan kritik ekipmanlar mevcuttur. Ekipman kaynaklar\u0131n\u0131n optimum da\u011f\u0131l\u0131m\u0131 ve verimli kullan\u0131m\u0131, \u00fcr\u00fcnlerin hassasiyet gereksinimlerini kar\u015f\u0131lar ve \u00fcr\u00fcnlerin y\u00fcksek kalite ihtiya\u00e7lar\u0131n\u0131 kar\u015f\u0131lar.<\/p>\n<p><img loading=\"lazy\" decoding=\"async\" class=\"alignnone wp-image-626\" src=\"https:\/\/hydraulic-cylinders.net\/wp-content\/uploads\/2023\/08\/hydraulic-cylinder-product-1-300x158.webp\" alt=\"\" width=\"495\" height=\"260\" srcset=\"https:\/\/hydraulic-cylinders.net\/wp-content\/uploads\/2023\/08\/hydraulic-cylinder-product-1-300x158.webp 495w, https:\/\/hydraulic-cylinders.net\/wp-content\/uploads\/2023\/08\/hydraulic-cylinder-product-1-480x252.webp 480w\" sizes=\"(min-width: 0px) and (max-width: 480px) 480px, (min-width: 481px) 495px, 100vw\" \/> <img loading=\"lazy\" decoding=\"async\" class=\"alignnone wp-image-627\" src=\"https:\/\/hydraulic-cylinders.net\/wp-content\/uploads\/2023\/08\/hydraulic-cylinder-product-2-300x189.webp\" alt=\"\" width=\"413\" height=\"260\" \/><\/p>\n<h3>(2) \u0130\u015fleme<\/h3>\n<p>\u0130\u015fleme at\u00f6lyesi, maksimum 400 mm i\u00e7 \u00e7apa ve maksimum 6 metre uzunlu\u011fa sahip silindir borular\u0131n\u0131n i\u015flenmesini ger\u00e7ekle\u015ftirebilen \u00f6zel e\u011fimli ray torna merkezi, i\u015fleme merkezi, y\u00fcksek h\u0131zl\u0131 honlama makinesi, kaynak robotu ve di\u011fer ilgili ekipmanlarla donat\u0131lm\u0131\u015ft\u0131r.<\/p>\n<p><img loading=\"lazy\" decoding=\"async\" class=\"alignnone wp-image-628 size-large\" src=\"https:\/\/hydraulic-cylinders.net\/wp-content\/uploads\/2023\/08\/hydraulic-cylinder-product-3-1024x391.webp\" alt=\"\" width=\"1024\" height=\"391\" srcset=\"https:\/\/hydraulic-cylinders.net\/wp-content\/uploads\/2023\/08\/hydraulic-cylinder-product-3-980x374.webp 980w, https:\/\/hydraulic-cylinders.net\/wp-content\/uploads\/2023\/08\/hydraulic-cylinder-product-3-480x183.webp 480w\" sizes=\"(min-width: 0px) and (max-width: 480px) 480px, (min-width: 481px) and (max-width: 980px) 980px, (min-width: 981px) 1024px, 100vw\" \/><\/p>\n<h3>(3) Kaynak<\/h3>\n<p><img loading=\"lazy\" decoding=\"async\" class=\"alignnone wp-image-629 size-large\" src=\"https:\/\/hydraulic-cylinders.net\/wp-content\/uploads\/2023\/08\/hydraulic-cylinder-product-4-1024x510.webp\" alt=\"\" width=\"1024\" height=\"510\" srcset=\"https:\/\/hydraulic-cylinders.net\/wp-content\/uploads\/2023\/08\/hydraulic-cylinder-product-4-980x488.webp 980w, https:\/\/hydraulic-cylinders.net\/wp-content\/uploads\/2023\/08\/hydraulic-cylinder-product-4-480x239.webp 480w\" sizes=\"(min-width: 0px) and (max-width: 480px) 480px, (min-width: 481px) and (max-width: 980px) 980px, (min-width: 981px) 1024px, 100vw\" \/><\/p>\n<h3>(4) Boyama ve kaplama<\/h3>\n<p>K\u00fc\u00e7\u00fck ve orta \u00f6l\u00e7ekli silindirli otomatik su bazl\u0131 boya kaplama hatlar\u0131nda, otomatik robot y\u00fckleme-bo\u015faltma ve otomatik p\u00fcsk\u00fcrtmeyi ger\u00e7ekle\u015ftirmek i\u00e7in, vardiya ba\u015f\u0131na 4000 adet tasar\u0131m kapasitesi;<br \/>\nAyr\u0131ca, vardiya ba\u015f\u0131na 60 kasa kapasiteli, g\u00fc\u00e7 zinciriyle \u00e7al\u0131\u015fan b\u00fcy\u00fck silindirler i\u00e7in yar\u0131 otomatik boya \u00fcretim hatt\u0131m\u0131z da bulunmaktad\u0131r.<\/p>\n<p><img loading=\"lazy\" decoding=\"async\" class=\"alignnone wp-image-630\" src=\"https:\/\/hydraulic-cylinders.net\/wp-content\/uploads\/2023\/08\/hydraulic-cylinder-product-5-300x213.webp\" alt=\"\" width=\"366\" height=\"260\" \/> <img loading=\"lazy\" decoding=\"async\" class=\"alignnone wp-image-631\" src=\"https:\/\/hydraulic-cylinders.net\/wp-content\/uploads\/2023\/08\/hydraulic-cylinder-product-6-300x225.webp\" alt=\"\" width=\"347\" height=\"260\" \/><\/p>\n<h3>(5) Test etme<\/h3>\n<p>Silindirin performans\u0131n\u0131n gereklilikleri kar\u015f\u0131lad\u0131\u011f\u0131ndan emin olmak i\u00e7in birinci s\u0131n\u0131f muayene tesislerimiz ve test yataklar\u0131m\u0131z bulunmaktad\u0131r.<\/p>\n<p><img loading=\"lazy\" decoding=\"async\" class=\"alignnone wp-image-632\" src=\"https:\/\/hydraulic-cylinders.net\/wp-content\/uploads\/2023\/08\/hydraulic-cylinder-product-8-300x200.webp\" alt=\"\" width=\"389\" height=\"260\" \/><\/p>\n<p>&nbsp;<\/p>\n<p>&nbsp;<\/p>\n<p>En iyi metalurjik hidrolik silindir \u00fcreticilerinden biriyiz. Kapsaml\u0131 metalurjik hidrolik silindir sto\u011fu sunabiliyoruz. Ayr\u0131ca, ilgili \u00fcr\u00fcnleri de sa\u011fl\u0131yoruz. <a href=\"https:\/\/hzpt.com\/agricultural-pto-gearbox\/\" target=\"_blank\" rel=\"noopener\">tar\u0131msal di\u015fli kutular\u0131<\/a>\u00dcr\u00fcnlerimizi d\u00fcnya \u00e7ap\u0131ndaki m\u00fc\u015fterilerimize ihra\u00e7 ettik ve \u00fcst\u00fcn \u00fcr\u00fcn kalitemiz ve sat\u0131\u015f sonras\u0131 hizmetlerimiz sayesinde iyi bir itibar kazand\u0131k. Yurt i\u00e7i ve yurt d\u0131\u015f\u0131ndaki m\u00fc\u015fterilerimizi i\u015f g\u00f6r\u00fc\u015fmeleri yapmak, bilgi al\u0131\u015fveri\u015finde bulunmak ve <a href=\"https:\/\/www.hydraulic-cylinders.net\/tr\/contact-us\/\">bizimle i\u015fbirli\u011fi yap\u0131n<\/a>!<\/p>\n<h2><\/h2>","protected":false},"excerpt":{"rendered":"<p>HROB Type Standard B Type Circular Hydraulic Cylinder The HROB standard Type B circular hydraulic cylinder is a versatile and reliable hydraulic element that provides efficient power and precise control in various industrial applications. Using advanced technology and high-quality standards, this hydraulic cylinder offers superior performance and durability. Whether in manufacturing, construction, or material handling, [&hellip;]<\/p>","protected":false},"featured_media":1259,"comment_status":"open","ping_status":"closed","template":"","meta":{"_et_pb_use_builder":"","_et_pb_old_content":"","_et_gb_content_width":""},"product_brand":[],"product_cat":[1526,1550,1376],"product_tag":[1380],"class_list":{"0":"post-1238","1":"product","2":"type-product","3":"status-publish","4":"has-post-thumbnail","6":"product_cat-assembly-line-hydraulic-cylinders","7":"product_cat-double-acting-hydraulic-cylinder","8":"product_cat-hydraulic-cylinder","9":"product_tag-hydraulic-cylinder","11":"first","12":"instock","13":"shipping-taxable","14":"product-type-simple"},"amp_enabled":true,"_links":{"self":[{"href":"https:\/\/www.hydraulic-cylinders.net\/tr\/wp-json\/wp\/v2\/product\/1238","targetHints":{"allow":["GET"]}}],"collection":[{"href":"https:\/\/www.hydraulic-cylinders.net\/tr\/wp-json\/wp\/v2\/product"}],"about":[{"href":"https:\/\/www.hydraulic-cylinders.net\/tr\/wp-json\/wp\/v2\/types\/product"}],"replies":[{"embeddable":true,"href":"https:\/\/www.hydraulic-cylinders.net\/tr\/wp-json\/wp\/v2\/comments?post=1238"}],"wp:featuredmedia":[{"embeddable":true,"href":"https:\/\/www.hydraulic-cylinders.net\/tr\/wp-json\/wp\/v2\/media\/1259"}],"wp:attachment":[{"href":"https:\/\/www.hydraulic-cylinders.net\/tr\/wp-json\/wp\/v2\/media?parent=1238"}],"wp:term":[{"taxonomy":"product_brand","embeddable":true,"href":"https:\/\/www.hydraulic-cylinders.net\/tr\/wp-json\/wp\/v2\/product_brand?post=1238"},{"taxonomy":"product_cat","embeddable":true,"href":"https:\/\/www.hydraulic-cylinders.net\/tr\/wp-json\/wp\/v2\/product_cat?post=1238"},{"taxonomy":"product_tag","embeddable":true,"href":"https:\/\/www.hydraulic-cylinders.net\/tr\/wp-json\/wp\/v2\/product_tag?post=1238"}],"curies":[{"name":"wp","href":"https:\/\/api.w.org\/{rel}","templated":true}]}}