{"id":1266,"date":"2023-09-15T07:54:55","date_gmt":"2023-09-15T07:54:55","guid":{"rendered":"https:\/\/hydraulic-cylinders.net\/?post_type=product&#038;p=1266"},"modified":"2025-04-11T05:25:56","modified_gmt":"2025-04-11T05:25:56","slug":"cx-series-homotaxial-compact-hydraulic-cylinder","status":"publish","type":"product","link":"https:\/\/www.hydraulic-cylinders.net\/tr\/urun\/cx-series-homotaxial-compact-hydraulic-cylinder\/","title":{"rendered":"CX Serisi Homotaksiyel Kompakt Hidrolik Silindir"},"content":{"rendered":"<h1 style=\"text-align: center;\"><strong>CX Serisi Homotaksiyel Kompakt Hidrolik Silindir<\/strong><\/h1>\n<p>CX serisi homotaksiyel kompakt hidrolik silindir, \u00e7ok \u00e7e\u015fitli end\u00fcstriyel uygulamalarda verimli ve g\u00fcvenilir g\u00fc\u00e7 aktar\u0131m\u0131 sa\u011flamak \u00fczere tasarlanm\u0131\u015f, son teknoloji \u00fcr\u00fcn\u00fc bir hidrolik bile\u015fendir. Kompakt tasar\u0131m\u0131, \u00fcst\u00fcn performans\u0131 ve dayan\u0131kl\u0131l\u0131\u011f\u0131yla bu hidrolik silindir, hassas kontrol ve \u00e7ok y\u00f6nl\u00fcl\u00fck sunar. \u0130ster imalat, ister malzeme ta\u015f\u0131ma veya in\u015faatta kullan\u0131ls\u0131n, CX serisi homotaksiyel kompakt hidrolik silindir, hidrolik i\u015flemleri optimize etmek ve \u00fcretkenli\u011fi art\u0131rmak \u00fczere tasarlanm\u0131\u015ft\u0131r.<\/p>\n<p>CX serisi kompakt silindirler, silindirleri s\u0131k\u0131\u015ft\u0131rmak i\u00e7in kullan\u0131l\u0131r. Kurulum alan\u0131 k\u00fc\u00e7\u00fckt\u00fcr. Fabrikam\u0131z, dikey yatay i\u015fleme merkezi ve orta ve b\u00fcy\u00fck hidrolik silindirler de dahil olmak \u00fczere geli\u015fmi\u015f hidrolik ekipmanlara sahiptir. \u0130nce silindir \u00fcretim teknolojisi m\u00fckemmeldir.<\/p>\n<p><img loading=\"lazy\" decoding=\"async\" class=\"size-full wp-image-1267 aligncenter\" src=\"https:\/\/hydraulic-cylinders.net\/wp-content\/uploads\/2023\/09\/cx-compact-hydraulic-cylinder-6.webp\" alt=\"\" width=\"245\" height=\"245\" srcset=\"https:\/\/www.hydraulic-cylinders.net\/wp-content\/uploads\/2023\/09\/cx-compact-hydraulic-cylinder-6.webp 245w, https:\/\/www.hydraulic-cylinders.net\/wp-content\/uploads\/2023\/09\/cx-compact-hydraulic-cylinder-6-100x100.webp 100w, https:\/\/www.hydraulic-cylinders.net\/wp-content\/uploads\/2023\/09\/cx-compact-hydraulic-cylinder-6-150x150.webp 150w, https:\/\/www.hydraulic-cylinders.net\/wp-content\/uploads\/2023\/09\/cx-compact-hydraulic-cylinder-6-12x12.webp 12w\" sizes=\"(max-width: 245px) 100vw, 245px\" \/><\/p>\n<h2><strong>CX Serisi Homotaksiyel Kompakt Hidrolik Silindir Model A\u00e7\u0131klamas\u0131:<img loading=\"lazy\" decoding=\"async\" class=\"alignnone wp-image-1269 size-full\" src=\"https:\/\/hydraulic-cylinders.net\/wp-content\/uploads\/2023\/09\/cx-compact-hydraulic-cylinder-2.webp\" alt=\"\" width=\"730\" height=\"119\" srcset=\"https:\/\/hydraulic-cylinders.net\/wp-content\/uploads\/2023\/09\/cx-compact-hydraulic-cylinder-2.webp 730w, https:\/\/hydraulic-cylinders.net\/wp-content\/uploads\/2023\/09\/cx-compact-hydraulic-cylinder-2-480x78.webp 480w\" sizes=\"(min-width: 0px) and (max-width: 480px) 480px, (min-width: 481px) 730px, 100vw\" \/>\u00a0<\/strong><\/h2>\n<h2><strong>CX Serisi Homotaksiyel Kompakt Hidrolik Silindir <\/strong><strong>\u00d6zellikler<\/strong>:<\/h2>\n<h2><strong><img loading=\"lazy\" decoding=\"async\" class=\"alignnone wp-image-1270 size-full\" src=\"https:\/\/hydraulic-cylinders.net\/wp-content\/uploads\/2023\/09\/cx-compact-hydraulic-cylinder-3.webp\" alt=\"\" width=\"730\" height=\"87\" srcset=\"https:\/\/hydraulic-cylinders.net\/wp-content\/uploads\/2023\/09\/cx-compact-hydraulic-cylinder-3.webp 730w, https:\/\/hydraulic-cylinders.net\/wp-content\/uploads\/2023\/09\/cx-compact-hydraulic-cylinder-3-480x57.webp 480w\" sizes=\"(min-width: 0px) and (max-width: 480px) 480px, (min-width: 481px) 730px, 100vw\" \/>\u00a0<\/strong><\/h2>\n<h2><strong>CX Serisi Homotaksiyel Kompakt Hidrolik Silindir Parametresi:<\/strong><\/h2>\n<h2><strong><img loading=\"lazy\" decoding=\"async\" class=\"alignnone wp-image-1271 size-full\" src=\"https:\/\/hydraulic-cylinders.net\/wp-content\/uploads\/2023\/09\/cx-compact-hydraulic-cylinder-4.webp\" alt=\"\" width=\"730\" height=\"878\" srcset=\"https:\/\/hydraulic-cylinders.net\/wp-content\/uploads\/2023\/09\/cx-compact-hydraulic-cylinder-4.webp 730w, https:\/\/hydraulic-cylinders.net\/wp-content\/uploads\/2023\/09\/cx-compact-hydraulic-cylinder-4-480x577.webp 480w\" sizes=\"(min-width: 0px) and (max-width: 480px) 480px, (min-width: 481px) 730px, 100vw\" \/><\/strong><\/h2>\n<h2><strong>CX Serisi Homotaksiyel Kompakt Hidrolik Silindir <\/strong><strong>Temel \u00d6zellikler ve Avantajlar<\/strong><strong>:<\/strong><\/h2>\n<ol>\n<li><strong>Kompakt Tasar\u0131m:<\/strong>\n<ul>\n<li>CX Serisi koaksiyel kompakt hidrolik silindirler, minimum yer kaplayacak \u015fekilde tasarlanm\u0131\u015ft\u0131r ve bu sayede montaj alanlar\u0131n\u0131n s\u0131n\u0131rl\u0131 oldu\u011fu uygulamalar i\u00e7in idealdir.<\/li>\n<li>Kompakt boyutu sayesinde \u00e7e\u015fitli ekipman ve mekanik ayarlara kusursuz entegrasyon sa\u011flar.<\/li>\n<\/ul>\n<\/li>\n<li><strong>Hassas Kontrol:<\/strong>\n<ul>\n<li>Bu hidrolik silindir \u00fcst\u00fcn hareket ve konumland\u0131rma kontrol\u00fc sa\u011flayarak hassas ve verimli \u00e7al\u0131\u015fmay\u0131 m\u00fcmk\u00fcn k\u0131lar.<\/li>\n<li>Hassas kontrol mekanizmas\u0131, d\u00fczg\u00fcn ve kontrol edilebilir hareket sa\u011flar ve genel \u00fcretim verimlili\u011fini art\u0131r\u0131r.<\/li>\n<\/ul>\n<\/li>\n<li><strong>Y\u00fcksek Performans:<\/strong>\n<ul>\n<li>CX serisi koaksiyel kompakt hidrolik silindir tasar\u0131m\u0131 y\u00fcksek performansl\u0131 g\u00fc\u00e7 aktar\u0131m kabiliyeti sa\u011flar.<\/li>\n<li>A\u011f\u0131r y\u00fckleri ve zorlu end\u00fcstriyel uygulamalar\u0131 kald\u0131rabilir, g\u00fcvenilir ve tutarl\u0131 performans sa\u011flar.<\/li>\n<\/ul>\n<\/li>\n<li><strong>\u00c7ok Y\u00f6nl\u00fc Uygulamalar:<\/strong>\n<ul>\n<li>CX serisi koaksiyel kompakt hidrolik silindirler, imalat, malzeme ta\u015f\u0131ma, in\u015faat ve di\u011fer end\u00fcstrilerdeki \u00e7ok ama\u00e7l\u0131 uygulamalar i\u00e7in tasarlanm\u0131\u015ft\u0131r.<\/li>\n<li>Pres, kompakt\u00f6r, y\u00fckleyici vb. gibi \u00e7e\u015fitli ekipmanlarda kullan\u0131labilir.<\/li>\n<\/ul>\n<\/li>\n<\/ol>\n<h2><strong>CX Serisi Homotaksiyel Kompakt Hidrolik Silindir <\/strong><strong>Kullan\u0131m Y\u00f6ntemi<\/strong><strong>:<\/strong><\/h2>\n<ol>\n<li><strong>Montaj ve Kurulum:<\/strong>\n<ul>\n<li>Ekipman\u0131n\u0131z\u0131n veya makinenizin \u00f6zel gereksinimlerine g\u00f6re CX Serisi koaksiyel kompakt hidrolik silindirler i\u00e7in uygun montaj yerini belirleyin.<\/li>\n<li>Montaj y\u00fczeyinin sa\u011flam ve d\u00fcz oldu\u011fundan ve silindirin a\u011f\u0131rl\u0131\u011f\u0131n\u0131 ve y\u00fck\u00fcn\u00fc g\u00fcvenli bir \u015fekilde destekleyebildi\u011finden emin olun.<\/li>\n<\/ul>\n<\/li>\n<li><strong>Hidrolik Sistem Ba\u011flant\u0131s\u0131:<\/strong>\n<ul>\n<li>Hidrolik silindiri, uyumlu bir hidrolik hortum veya boru kullanarak hidrolik sisteme ba\u011flay\u0131n.<\/li>\n<li>Do\u011fru hizalama ve s\u0131k\u0131 ba\u011flant\u0131lar s\u0131z\u0131nt\u0131lar\u0131 \u00f6nler ve optimum performans sa\u011flar.<\/li>\n<\/ul>\n<\/li>\n<li><strong>Silindirin \u00c7al\u0131\u015ft\u0131r\u0131lmas\u0131:<\/strong>\n<ul>\n<li>Hidrolik sistemi \u00e7al\u0131\u015ft\u0131r\u0131n ve CX serisi koaksiyel kompakt hidrolik silindirin hareketini ba\u015flat\u0131n.<\/li>\n<li>Silindirin uzamas\u0131, geri \u00e7ekilmesi ve konumland\u0131r\u0131lmas\u0131 hassas bir \u015fekilde kontrol edilerek verimli bir \u00e7al\u0131\u015fma elde edilir.<\/li>\n<\/ul>\n<\/li>\n<\/ol>\n<h2><strong>\u00d6n Y\u00fckleyiciden Hidrolik Silindir Nas\u0131l \u00c7\u0131kar\u0131l\u0131r?<\/strong><\/h2>\n<p>\u00d6n y\u00fckleyiciden hidrolik silindiri s\u00f6kmek, uygun haz\u0131rl\u0131k ve dikkat gerektirir. \u0130\u015fte i\u015flem boyunca size yard\u0131mc\u0131 olacak ad\u0131m ad\u0131m bir k\u0131lavuz:<\/p>\n<ol>\n<li><strong>G\u00fcvenli\u011fi Sa\u011flay\u0131n:<\/strong>\n<ul>\n<li>\u00c7al\u0131\u015fmaya ba\u015flamadan \u00f6nce \u00f6n y\u00fckleyiciyi d\u00fcz ve sabit bir zemine park edin.<\/li>\n<li>Kazara hareket etmeyi \u00f6nlemek i\u00e7in park frenini \u00e7ekin ve motoru kapat\u0131n.<\/li>\n<\/ul>\n<\/li>\n<li><strong>Silindiri tan\u0131mlay\u0131n:<\/strong>\n<ul>\n<li>\u00c7\u0131kar\u0131lmas\u0131 gereken hidrolik silindiri bulun. Y\u00fckleyicinin tasar\u0131m\u0131na ba\u011fl\u0131 olarak birden fazla silindir bulunabilir.<\/li>\n<\/ul>\n<\/li>\n<li><strong>Hidrolik Bas\u0131nc\u0131 Azalt\u0131n:<\/strong>\n<ul>\n<li>Ani bas\u0131n\u00e7 d\u00fc\u015f\u00fc\u015flerini \u00f6nlemek i\u00e7in sistemdeki hidrolik bas\u0131nc\u0131 tahliye edin. Bu ad\u0131m g\u00fcvenlik a\u00e7\u0131s\u0131ndan \u00e7ok \u00f6nemlidir.<\/li>\n<li>Y\u00fckleyicinin motorunu \u00e7al\u0131\u015ft\u0131r\u0131n ve hidrolik kontrolleri \u00e7al\u0131\u015ft\u0131rarak silindirin pistonunu tek y\u00f6nde tamamen hareket ettirin.<\/li>\n<li>Motoru kapat\u0131n ve kumandalar\u0131 tekrar \u00e7al\u0131\u015ft\u0131rarak kalan bas\u0131nc\u0131 bo\u015falt\u0131n.<\/li>\n<\/ul>\n<\/li>\n<li><strong>Hidrolik Hatlar\u0131n\u0131 Ay\u0131r\u0131n:<\/strong>\n<ul>\n<li>Silindire ba\u011fl\u0131 hidrolik hatlar\u0131 bulun. Genellikle bir besleme hatt\u0131 ve bir d\u00f6n\u00fc\u015f hatt\u0131 bulunur.<\/li>\n<li>Ba\u011flant\u0131y\u0131 keserken s\u0131zan hidrolik s\u0131v\u0131s\u0131n\u0131 toplamak i\u00e7in silindirin alt\u0131na bir tahliye kab\u0131 yerle\u015ftirin.<\/li>\n<li>Hidrolik hatlar\u0131 uygun anahtarlar veya ba\u011flant\u0131 par\u00e7alar\u0131 kullanarak silindirden dikkatlice ay\u0131r\u0131n. S\u0131v\u0131 d\u00f6k\u00fclmesine kar\u015f\u0131 haz\u0131rl\u0131kl\u0131 olun.<\/li>\n<\/ul>\n<\/li>\n<li><strong>Silindiri Destekleyin:<\/strong>\n<ul>\n<li>Hidrolik silindirler a\u011f\u0131r olabilece\u011finden, bunlar\u0131 \u00e7\u0131karmadan \u00f6nce destek sa\u011flamak \u00f6nemlidir.<\/li>\n<li>Silindirin a\u011f\u0131rl\u0131\u011f\u0131n\u0131 g\u00fcvenli bir \u015fekilde tutmak i\u00e7in kriko, blok veya ba\u015fka bir sabit destek yap\u0131s\u0131 kullan\u0131n.<\/li>\n<\/ul>\n<\/li>\n<li><strong>Montaj C\u0131vatalar\u0131n\u0131 \u00c7\u0131kar\u0131n:<\/strong>\n<ul>\n<li>Silindirin y\u00fckleyicinin \u015fasesine veya di\u011fer bile\u015fenlere ba\u011fland\u0131\u011f\u0131 montaj noktalar\u0131n\u0131 belirleyin.<\/li>\n<li>Anahtar veya soket gibi uygun aletleri kullanarak silindiri sabitleyen montaj c\u0131vatalar\u0131n\u0131 veya pimlerini \u00e7\u0131kar\u0131n.<\/li>\n<li>Yeniden kurulum i\u00e7in c\u0131vatalar\u0131 ve ilgili donan\u0131mlar\u0131 takip edin.<\/li>\n<\/ul>\n<\/li>\n<li><strong>Silindiri Dikkatlice \u00c7\u0131kar\u0131n:<\/strong>\n<ul>\n<li>Hidrolik hatlar ayr\u0131lm\u0131\u015f ve montaj c\u0131vatalar\u0131 \u00e7\u0131kar\u0131lm\u0131\u015f haldeyken, silindiri yava\u015f\u00e7a ve dikkatlice montaj pozisyonundan kayd\u0131r\u0131n veya kald\u0131r\u0131n.<\/li>\n<li>\u00c7\u0131karma s\u0131ras\u0131nda kaza veya yaralanmalar\u0131 \u00f6nlemek i\u00e7in silindirin a\u011f\u0131rl\u0131\u011f\u0131na ve boyutuna dikkat edin.<\/li>\n<\/ul>\n<\/li>\n<li><strong>Denetleyin ve Saklay\u0131n:<\/strong>\n<ul>\n<li>Silindir \u00e7\u0131kar\u0131ld\u0131ktan sonra, herhangi bir hasar, s\u0131z\u0131nt\u0131 veya a\u015f\u0131r\u0131 a\u015f\u0131nma belirtisi olup olmad\u0131\u011f\u0131n\u0131 kontrol edin. Bu de\u011ferlendirme, silindirin onar\u0131m m\u0131 yoksa de\u011fi\u015ftirme mi gerektirdi\u011fini belirlemeye yard\u0131mc\u0131 olacakt\u0131r.<\/li>\n<li>Silindiri temizleyin ve kirlenmeyi veya daha fazla hasar\u0131 \u00f6nlemek i\u00e7in temiz ve kuru bir yerde saklay\u0131n.<\/li>\n<\/ul>\n<\/li>\n<\/ol>\n<h2><strong>\u00c7in Hidrolik Silindir \u00dcreticileri:<\/strong><\/h2>\n<p>HZPT, kompakt hidrolik silindirlerin Ar-Ge ve \u00fcretiminde faaliyet g\u00f6steren bir \u015firkettir. \u00c7in'in hidrolik silindir pazar segmentinde lider konumunu korumaktad\u0131r. 2020 y\u0131l\u0131nda i\u00e7 pazar pay\u0131 yakla\u015f\u0131k 29% idi. End\u00fcstriyel ara\u00e7 kompakt hidrolik silindirleri, hava arac\u0131 kompakt hidrolik silindirleri, tar\u0131m makineleri hidrolik silindirleri ve sanitasyon makineleri hidrolik silindirleri \u00fcretiyoruz.<\/p>\n<p>Montaj i\u00e7in birinci s\u0131n\u0131f ba\u011f\u0131ms\u0131z bir Ar-Ge platformumuz var. Kompakt hidrolik silindir \u00fcretim at\u00f6lyemizde, y\u0131ll\u0131k 1 milyon adet \u00fcretim kapasitesine sahip d\u00f6rt adet yar\u0131 otomatik kald\u0131rma silindiri montaj hatt\u0131 ve bir adet tam otomatik devirme silindiri montaj hatt\u0131 bulunmaktad\u0131r; \u00f6zel silindir at\u00f6lyemiz ise y\u0131ll\u0131k 200.000 adet \u00fcretim kapasitesine sahip \u00e7e\u015fitli \u00f6zelliklerde yar\u0131 otomatik temizleme ve montaj sistemleriyle donat\u0131lm\u0131\u015ft\u0131r. \u00dcnl\u00fc CNC i\u015fleme ekipmanlar\u0131, i\u015fleme merkezleri, y\u00fcksek hassasiyetli silindir i\u015fleme i\u00e7in \u00f6zel ekipmanlar, robot kaynak makineleri, otomatik temizleme makineleri, otomatik silindir montaj makineleri ve otomatik boya \u00fcretim hatlar\u0131 mevcuttur. 300'den fazla kritik ekipman setimiz \u00e7al\u0131\u015f\u0131r durumdad\u0131r. Ekipman kaynaklar\u0131n\u0131n optimize edilmi\u015f tahsisi ve verimli kullan\u0131m\u0131, \u00fcr\u00fcnlerin hassasiyet gereksinimlerini kar\u015f\u0131lar ve \u00fcr\u00fcnlerin y\u00fcksek standart kalite gereksinimlerini kar\u015f\u0131lar.<\/p>\n<table>\n<tbody>\n<tr>\n<td><img loading=\"lazy\" decoding=\"async\" class=\"size-large wp-image-315926 aligncenter\" src=\"https:\/\/hzpt.com\/wp-content\/uploads\/2023\/08\/China-Hydraulic-Cylinder-Manufacturers-1-1024x768.webp\" sizes=\"(min-width: 0px) and (max-width: 480px) 480px, (min-width: 481px) and (max-width: 980px) 980px, (min-width: 981px) 1024px, 100vw\" srcset=\"https:\/\/hzpt.com\/wp-content\/uploads\/2023\/08\/China-Hydraulic-Cylinder-Manufacturers-1-1024x768.webp 1024w, https:\/\/hzpt.com\/wp-content\/uploads\/2023\/08\/China-Hydraulic-Cylinder-Manufacturers-1-980x735.webp 980w, https:\/\/hzpt.com\/wp-content\/uploads\/2023\/08\/China-Hydraulic-Cylinder-Manufacturers-1-480x360.webp 480w\" alt=\"\u00c7in Hidrolik Silindir \u00dcreticileri\" width=\"1024\" height=\"768\" \/><\/td>\n<td><img loading=\"lazy\" decoding=\"async\" class=\"size-large wp-image-315927 aligncenter\" src=\"https:\/\/hzpt.com\/wp-content\/uploads\/2023\/08\/China-Hydraulic-Cylinder-Manufacturers-2-1024x768.webp\" sizes=\"(min-width: 0px) and (max-width: 480px) 480px, (min-width: 481px) and (max-width: 980px) 980px, (min-width: 981px) 1024px, 100vw\" srcset=\"https:\/\/hzpt.com\/wp-content\/uploads\/2023\/08\/China-Hydraulic-Cylinder-Manufacturers-2-1024x768.webp 1024w, https:\/\/hzpt.com\/wp-content\/uploads\/2023\/08\/China-Hydraulic-Cylinder-Manufacturers-2-980x735.webp 980w, https:\/\/hzpt.com\/wp-content\/uploads\/2023\/08\/China-Hydraulic-Cylinder-Manufacturers-2-480x360.webp 480w\" alt=\"\u00c7in Hidrolik Silindir \u00dcreticileri\" width=\"1024\" height=\"768\" \/><\/td>\n<\/tr>\n<\/tbody>\n<\/table>\n<p>&nbsp;<\/p>\n<p>&nbsp;<\/p>","protected":false},"excerpt":{"rendered":"<p>CX Series Homotaxial Compact Hydraulic Cylinder The CX series homotaxial compact hydraulic cylinder is a cutting-edge hydraulic component designed to provide efficient and reliable power transmission in a wide range of industrial applications. With its compact design, superior performance, and durability, this hydraulic cylinder offers precise control and versatility. Whether used in manufacturing, material handling, [&hellip;]<\/p>","protected":false},"featured_media":1268,"comment_status":"open","ping_status":"closed","template":"","meta":{"_et_pb_use_builder":"","_et_pb_old_content":"","_et_gb_content_width":""},"product_brand":[],"product_cat":[1526,1550,1376],"product_tag":[1380],"class_list":{"0":"post-1266","1":"product","2":"type-product","3":"status-publish","4":"has-post-thumbnail","6":"product_cat-assembly-line-hydraulic-cylinders","7":"product_cat-double-acting-hydraulic-cylinder","8":"product_cat-hydraulic-cylinder","9":"product_tag-hydraulic-cylinder","11":"first","12":"instock","13":"shipping-taxable","14":"product-type-simple"},"amp_enabled":true,"_links":{"self":[{"href":"https:\/\/www.hydraulic-cylinders.net\/tr\/wp-json\/wp\/v2\/product\/1266","targetHints":{"allow":["GET"]}}],"collection":[{"href":"https:\/\/www.hydraulic-cylinders.net\/tr\/wp-json\/wp\/v2\/product"}],"about":[{"href":"https:\/\/www.hydraulic-cylinders.net\/tr\/wp-json\/wp\/v2\/types\/product"}],"replies":[{"embeddable":true,"href":"https:\/\/www.hydraulic-cylinders.net\/tr\/wp-json\/wp\/v2\/comments?post=1266"}],"wp:featuredmedia":[{"embeddable":true,"href":"https:\/\/www.hydraulic-cylinders.net\/tr\/wp-json\/wp\/v2\/media\/1268"}],"wp:attachment":[{"href":"https:\/\/www.hydraulic-cylinders.net\/tr\/wp-json\/wp\/v2\/media?parent=1266"}],"wp:term":[{"taxonomy":"product_brand","embeddable":true,"href":"https:\/\/www.hydraulic-cylinders.net\/tr\/wp-json\/wp\/v2\/product_brand?post=1266"},{"taxonomy":"product_cat","embeddable":true,"href":"https:\/\/www.hydraulic-cylinders.net\/tr\/wp-json\/wp\/v2\/product_cat?post=1266"},{"taxonomy":"product_tag","embeddable":true,"href":"https:\/\/www.hydraulic-cylinders.net\/tr\/wp-json\/wp\/v2\/product_tag?post=1266"}],"curies":[{"name":"wp","href":"https:\/\/api.w.org\/{rel}","templated":true}]}}