{"id":1277,"date":"2023-09-15T08:39:30","date_gmt":"2023-09-15T08:39:30","guid":{"rendered":"https:\/\/hydraulic-cylinders.net\/?post_type=product&#038;p=1277"},"modified":"2025-03-27T01:00:58","modified_gmt":"2025-03-27T01:00:58","slug":"foot-joint-two-stage-telescopic-hydraulic-cylinder","status":"publish","type":"product","link":"https:\/\/www.hydraulic-cylinders.net\/tr\/urun\/foot-joint-two-stage-telescopic-hydraulic-cylinder\/","title":{"rendered":"Ayak Eklemli \u0130ki Kademeli Teleskopik Hidrolik Silindir"},"content":{"rendered":"<h1 style=\"text-align: center;\"><strong>Ayak Eklemli \u0130ki Kademeli Teleskopik Hidrolik Silindir<\/strong><\/h1>\n<p>Ayak mafsall\u0131 iki kademeli teleskopik hidrolik silindir, \u00e7ok \u00e7e\u015fitli end\u00fcstriyel uygulamalarda verimli ve g\u00fcvenilir g\u00fc\u00e7 aktar\u0131m\u0131 sa\u011flayan geli\u015fmi\u015f bir hidrolik bile\u015fendir. Yenilik\u00e7i tasar\u0131m\u0131, \u00fcst\u00fcn performans\u0131 ve \u00e7ok y\u00f6nl\u00fcl\u00fc\u011f\u00fcyle bu hidrolik silindir, hassas kontrol ve art\u0131r\u0131lm\u0131\u015f \u00fcretkenlik sunar. \u0130ster in\u015faat, ister malzeme ta\u015f\u0131ma veya tar\u0131m makinelerinde kullan\u0131ls\u0131n, ayak mafsall\u0131 iki kademeli teleskopik hidrolik silindirler, hidrolik \u00e7al\u0131\u015fmay\u0131 optimize etmek ve \u00fcst\u00fcn sonu\u00e7lar sunmak \u00fczere tasarlanm\u0131\u015ft\u0131r.<\/p>\n<p>CX serisi kompakt silindirler, silindirleri s\u0131k\u0131\u015ft\u0131rmak i\u00e7in kullan\u0131l\u0131r. Kurulum alan\u0131 k\u00fc\u00e7\u00fckt\u00fcr. Fabrikam\u0131z, dikey ve yatay i\u015fleme merkezi ile orta ve b\u00fcy\u00fck boy hidrolik silindirler de dahil olmak \u00fczere geli\u015fmi\u015f hidrolik ekipmanlara sahiptir. \u0130nce silindir \u00fcretim teknolojisi m\u00fckemmeldir.<\/p>\n<p><img loading=\"lazy\" decoding=\"async\" class=\"wp-image-1278 aligncenter\" src=\"https:\/\/hydraulic-cylinders.net\/wp-content\/uploads\/2023\/09\/two-stage-telescopic-hydraulic-cylinder-2-300x300.webp\" alt=\"\" width=\"400\" height=\"400\" \/><\/p>\n<h2><strong>Ayak Eklemli \u0130ki Kademeli Teleskopik Hidrolik Silindir Parametresi:<\/strong><\/h2>\n<p><img loading=\"lazy\" decoding=\"async\" class=\"alignnone wp-image-1281 size-full\" src=\"https:\/\/hydraulic-cylinders.net\/wp-content\/uploads\/2023\/09\/two-stage-telescopic-hydraulic-cylinder-2-2.webp\" alt=\"\" width=\"1028\" height=\"827\" srcset=\"https:\/\/hydraulic-cylinders.net\/wp-content\/uploads\/2023\/09\/two-stage-telescopic-hydraulic-cylinder-2-2.webp 1028w, https:\/\/hydraulic-cylinders.net\/wp-content\/uploads\/2023\/09\/two-stage-telescopic-hydraulic-cylinder-2-2-980x788.webp 980w, https:\/\/hydraulic-cylinders.net\/wp-content\/uploads\/2023\/09\/two-stage-telescopic-hydraulic-cylinder-2-2-480x386.webp 480w\" sizes=\"(min-width: 0px) and (max-width: 480px) 480px, (min-width: 481px) and (max-width: 980px) 980px, (min-width: 981px) 1028px, 100vw\" \/><\/p>\n<h2><strong>Ayak Eklemli \u0130ki Kademeli Teleskopik Hidrolik Silindir <\/strong><strong>Temel \u00d6zellikler ve Avantajlar<\/strong><strong>:<\/strong><\/h2>\n<ol>\n<li><strong>\u0130ki Kademeli Teleskopik Tasar\u0131m:<\/strong>\n<ul>\n<li>Ayak eklemli iki kademeli teleskopik hidrolik silindir, kompakt b\u00fcz\u00fclme boyutunu korurken strok uzunlu\u011funu art\u0131ran iki kademeli teleskopik bir tasar\u0131ma sahiptir.<\/li>\n<li>Bu tasar\u0131m, alan k\u0131s\u0131tlamalar\u0131ndan \u00f6d\u00fcn vermeden geni\u015fletilmi\u015f eri\u015fime olanak tan\u0131r ve bu sayede eri\u015fimin ve kompaktl\u0131\u011f\u0131n her ikisinin de \u00f6nemli oldu\u011fu uygulamalar i\u00e7in idealdir.<\/li>\n<\/ul>\n<\/li>\n<li><strong>Ayak Eklem Yap\u0131s\u0131:<\/strong>\n<ul>\n<li>Silindir, genle\u015fme faz\u0131nda p\u00fcr\u00fczs\u00fcz senkron hareket elde etmek i\u00e7in ayak eklem yap\u0131s\u0131yla donat\u0131lm\u0131\u015ft\u0131r.<\/li>\n<li>Ayak eklem mekanizmas\u0131, \u00e7al\u0131\u015fma s\u0131ras\u0131nda stabilite, do\u011fru hizalama ve iyi y\u00fck ta\u015f\u0131ma kapasitesi sa\u011flar.<\/li>\n<\/ul>\n<\/li>\n<li><strong>Hassas Kontrol:<\/strong>\n<ul>\n<li>Ayak eklemli iki kademeli teleskopik hidrolik silindir, genle\u015fme ve b\u00fcz\u00fclmenin \u00fcst\u00fcn kontrol\u00fcn\u00fc sa\u011flayarak hassas konumland\u0131rma ve verimli \u00e7al\u0131\u015fmaya olanak tan\u0131r.<\/li>\n<li>Hassas kontrol mekanizmas\u0131, d\u00fczg\u00fcn ve kontroll\u00fc hareket sa\u011flayarak genel verimlili\u011fi ve do\u011frulu\u011fu art\u0131r\u0131r.<\/li>\n<\/ul>\n<\/li>\n<li><strong>Y\u00fcksek Y\u00fck Ta\u015f\u0131ma Kapasitesi:<\/strong>\n<ul>\n<li>A\u011f\u0131r y\u00fckleri ve zorlu end\u00fcstriyel uygulamalar\u0131 kald\u0131racak \u015fekilde tasarlanan ayak eklemli iki kademeli teleskopik hidrolik silindirler, ola\u011fan\u00fcst\u00fc y\u00fck ta\u015f\u0131ma kapasitesi sa\u011flar.<\/li>\n<li>A\u011f\u0131r cisimleri kald\u0131rma, itme veya \u00e7ekme yetene\u011fine sahip oldu\u011fundan, \u00e7ok fazla g\u00fc\u00e7 gerektiren g\u00f6revler i\u00e7in g\u00fcvenilir bir se\u00e7imdir.<\/li>\n<\/ul>\n<\/li>\n<\/ol>\n<h2><strong>Ayak Eklemli \u0130ki Kademeli Teleskopik Hidrolik Silindir <\/strong><strong>Kullan\u0131m Y\u00f6ntemi<\/strong><strong>:<\/strong><\/h2>\n<ol>\n<li><strong>Montaj ve Kurulum:<\/strong>\n<ul>\n<li>Ekipman veya mekanik gereksinimlerinize g\u00f6re ayak eklemli iki kademeli teleskopik hidrolik silindir i\u00e7in uygun montaj yerini belirleyin.<\/li>\n<li>Montaj y\u00fczeyinin sa\u011flam, d\u00fcz oldu\u011fundan ve silindirin a\u011f\u0131rl\u0131\u011f\u0131n\u0131 ve y\u00fck\u00fcn\u00fc g\u00fcvenli bir \u015fekilde destekleyebilece\u011finden emin olun.<\/li>\n<\/ul>\n<\/li>\n<li><strong>Hidrolik Sistem Ba\u011flant\u0131s\u0131:<\/strong>\n<ul>\n<li>Hidrolik silindiri, uyumlu bir hidrolik hortum veya boru kullanarak hidrolik sisteme ba\u011flay\u0131n.<\/li>\n<li>S\u0131z\u0131nt\u0131lar\u0131 \u00f6nlemek ve optimum performans sa\u011flamak i\u00e7in ba\u011flant\u0131lar\u0131 do\u011fru \u015fekilde hizalay\u0131n ve sabitleyin.<\/li>\n<\/ul>\n<\/li>\n<li><strong>Silindirin \u00c7al\u0131\u015ft\u0131r\u0131lmas\u0131:<\/strong>\n<ul>\n<li>Ayak Eklemli \u0130ki Kademeli Teleskopik Hidrolik Silindirin hareketini ba\u015flatmak i\u00e7in hidrolik sistemi etkinle\u015ftirin.<\/li>\n<li>Silindirin uzama ve b\u00fcz\u00fclmesini hassas bir \u015fekilde kontrol etmek i\u00e7in valfler veya kollar gibi hidrolik kontrol sistemleri kullan\u0131n ve b\u00f6ylece verimli bir \u00e7al\u0131\u015fma sa\u011flay\u0131n.<\/li>\n<\/ul>\n<\/li>\n<\/ol>\n<h2><strong>Hidrolik Silindir Boyutu Nas\u0131l Belirlenir?<\/strong><\/h2>\n<p>Bir sandalyeden hidrolik silindiri \u00e7\u0131karmak i\u00e7in \u015fu ad\u0131mlar\u0131 izleyin:<\/p>\n<ol>\n<li><strong>\u00c7al\u0131\u015fma Alan\u0131n\u0131 Haz\u0131rlay\u0131n:<\/strong>\n<ul>\n<li>G\u00fcvenli ve engelsiz bir \u00e7al\u0131\u015fma alan\u0131 yaratmak i\u00e7in sandalyenin etraf\u0131ndaki alan\u0131 temizleyin.<\/li>\n<li>Sandalyenin veya \u00e7evresindeki y\u00fczeylerin zarar g\u00f6rmesini \u00f6nlemek i\u00e7in yere koruyucu bir \u00f6rt\u00fc veya bez serin.<\/li>\n<\/ul>\n<\/li>\n<li><strong>Sandalyeyi \u0130ndirin:<\/strong>\n<ul>\n<li>Sandalyenin ayar kolunu veya kontrol mekanizmas\u0131n\u0131 kullanarak sandalyeyi en alt konuma indirin.<\/li>\n<li>Bu ad\u0131m, silindirin tamamen s\u0131k\u0131\u015ft\u0131r\u0131lmas\u0131n\u0131 sa\u011flayarak \u00e7\u0131kar\u0131lmas\u0131n\u0131 kolayla\u015ft\u0131r\u0131r.<\/li>\n<\/ul>\n<\/li>\n<li><strong>Silindiri Bulun:<\/strong>\n<ul>\n<li>Sandalyedeki hidrolik silindiri tan\u0131mlay\u0131n. Genellikle sandalyenin taban\u0131n\u0131n yak\u0131n\u0131nda bulunur ve koltu\u011fa veya sandalyenin mekanizmas\u0131na ba\u011flan\u0131r.<\/li>\n<\/ul>\n<\/li>\n<li><strong>Sandalye Otura\u011f\u0131n\u0131 \u00c7\u0131kar\u0131n:<\/strong>\n<ul>\n<li>Sandalye koltu\u011fu s\u00f6k\u00fclebilir ise, onu silindire veya sandalye taban\u0131na sabitleyen montaj vidalar\u0131n\u0131 veya c\u0131vatalar\u0131n\u0131 bulun.<\/li>\n<li>Vidalar\u0131 veya c\u0131vatalar\u0131 \u00e7\u0131karmak i\u00e7in tornavida veya anahtar gibi uygun bir alet kullan\u0131n.<\/li>\n<li>Koltu\u011fu sandalyeden kald\u0131r\u0131n ve hidrolik silindiri a\u00e7\u0131\u011fa \u00e7\u0131kar\u0131n.<\/li>\n<\/ul>\n<\/li>\n<li><strong>Ba\u015fkan\u0131 Destekleyin:<\/strong>\n<ul>\n<li>Sandalye oturma yeri olmadan dengesiz olaca\u011f\u0131ndan devrilmesini \u00f6nlemek i\u00e7in destek sa\u011flay\u0131n.<\/li>\n<li>Sandalyenin kalan k\u0131sm\u0131n\u0131 desteklemek i\u00e7in bir kutu veya tahta blok gibi sa\u011flam bir nesne kullan\u0131n.<\/li>\n<\/ul>\n<\/li>\n<li><strong>Silindiri ay\u0131r\u0131n:<\/strong>\n<ul>\n<li>Hidrolik silindir ile sandalye mekanizmas\u0131 veya taban\u0131 aras\u0131ndaki ba\u011flant\u0131 noktalar\u0131n\u0131 inceleyin.<\/li>\n<li>Sandalye tasar\u0131m\u0131na ba\u011fl\u0131 olarak silindiri sabitleyen montaj braketleri, klipsler veya vidalar bulabilirsiniz.<\/li>\n<li>Uygun aletleri kullanarak silindiri yerinde tutan t\u00fcm ba\u011flant\u0131 elemanlar\u0131n\u0131 \u00e7\u0131kar\u0131n.<\/li>\n<li>Ba\u011flant\u0131 elemanlar\u0131 \u00e7\u0131kar\u0131ld\u0131ktan sonra silindiri yava\u015f\u00e7a \u00e7ekerek veya oynatarak sandalyeden ay\u0131r\u0131n.<\/li>\n<\/ul>\n<\/li>\n<li><strong>Silindiri De\u011fi\u015ftirin veya At\u0131n:<\/strong>\n<ul>\n<li>Hidrolik silindiri de\u011fi\u015ftiriyorsan\u0131z, eski silindirin \u00f6zelliklerine uygun, uyumlu bir yedek par\u00e7aya sahip oldu\u011funuzdan emin olun.<\/li>\n<li>Gerekirse do\u011fru yedek silindiri elde etmek i\u00e7in sandalye \u00fcreticisine veya bir profesyonele dan\u0131\u015f\u0131n.<\/li>\n<li>Silindiri at\u0131yorsan\u0131z, uygun \u015fekilde atmak i\u00e7in yerel y\u00f6netmeliklere ve y\u00f6nergelere uyun.<\/li>\n<\/ul>\n<\/li>\n<li><strong>Sandalyeyi yeniden monte edin:<\/strong>\n<ul>\n<li>Sandalye koltu\u011funu \u00e7\u0131kard\u0131ysan\u0131z, vida deliklerini hizalayarak ve uygun vidalar veya c\u0131vatalarla sabitleyerek sandalye koltu\u011funu yeniden tak\u0131n.<\/li>\n<li>Sandalyeyi tekrar kullanmadan \u00f6nce koltu\u011fun s\u0131k\u0131ca sabitlendi\u011finden ve sabit oldu\u011fundan emin olun.<\/li>\n<\/ul>\n<\/li>\n<\/ol>\n<h2><strong>Fabrikan\u0131n Kapasitesi ve Kapasitesi:<\/strong><\/h2>\n<h3>(1) Meclis<\/h3>\n<p>Birinci s\u0131n\u0131f ba\u011f\u0131ms\u0131z bir ara\u015ft\u0131rma ve geli\u015ftirme montaj platformumuz bulunmaktad\u0131r. Hidrolik silindir \u00fcretim at\u00f6lyemizde, y\u0131ll\u0131k 1 milyon adet \u00fcretim kapasitesine sahip d\u00f6rt adet yar\u0131 otomatik kald\u0131rma silindiri montaj hatt\u0131 ve bir adet otomatik devirme silindiri montaj hatt\u0131 bulunmaktad\u0131r. \u00d6zel silindir at\u00f6lyemiz, y\u0131ll\u0131k 200.000 adet \u00fcretim kapasitesine sahip \u00e7e\u015fitli \u00f6zelliklerde yar\u0131 otomatik temizleme montaj sistemiyle donat\u0131lm\u0131\u015ft\u0131r. Ayr\u0131ca, \u00fcnl\u00fc CNC i\u015fleme ekipmanlar\u0131, bir i\u015fleme merkezi, y\u00fcksek hassasiyetli silindir i\u015fleme \u00f6zel ekipmanlar\u0131, bir robot kaynak makinesi, bir otomatik temizleme makinesi, otomatik silindir montaj makinesi ve otomatik boyama \u00fcretim hatt\u0131 ile donat\u0131lm\u0131\u015ft\u0131r. 300'den fazla setten olu\u015fan kritik ekipmanlar mevcuttur. Ekipman kaynaklar\u0131n\u0131n optimum da\u011f\u0131l\u0131m\u0131 ve verimli kullan\u0131m\u0131, \u00fcr\u00fcnlerin hassasiyet gereksinimlerini kar\u015f\u0131lar ve \u00fcr\u00fcnlerin y\u00fcksek kalite ihtiya\u00e7lar\u0131n\u0131 kar\u015f\u0131lar.<\/p>\n<p><img loading=\"lazy\" decoding=\"async\" class=\"alignnone wp-image-626\" src=\"https:\/\/hydraulic-cylinders.net\/wp-content\/uploads\/2023\/08\/hydraulic-cylinder-product-1-300x158.webp\" alt=\"\" width=\"495\" height=\"260\" srcset=\"https:\/\/hydraulic-cylinders.net\/wp-content\/uploads\/2023\/08\/hydraulic-cylinder-product-1-300x158.webp 495w, https:\/\/hydraulic-cylinders.net\/wp-content\/uploads\/2023\/08\/hydraulic-cylinder-product-1-480x252.webp 480w\" sizes=\"(min-width: 0px) and (max-width: 480px) 480px, (min-width: 481px) 495px, 100vw\" \/> <img loading=\"lazy\" decoding=\"async\" class=\"alignnone wp-image-627\" src=\"https:\/\/hydraulic-cylinders.net\/wp-content\/uploads\/2023\/08\/hydraulic-cylinder-product-2-300x189.webp\" alt=\"\" width=\"413\" height=\"260\" \/><\/p>\n<h3>(2) \u0130\u015fleme<\/h3>\n<p>\u0130\u015fleme at\u00f6lyesi, maksimum 400 mm i\u00e7 \u00e7apa ve maksimum 6 metre uzunlu\u011fa sahip silindir borular\u0131n\u0131n i\u015flenmesini ger\u00e7ekle\u015ftirebilen \u00f6zel e\u011fimli ray torna merkezi, i\u015fleme merkezi, y\u00fcksek h\u0131zl\u0131 honlama makinesi, kaynak robotu ve di\u011fer ilgili ekipmanlarla donat\u0131lm\u0131\u015ft\u0131r.<\/p>\n<p><img loading=\"lazy\" decoding=\"async\" class=\"alignnone wp-image-628 size-large\" src=\"https:\/\/hydraulic-cylinders.net\/wp-content\/uploads\/2023\/08\/hydraulic-cylinder-product-3-1024x391.webp\" alt=\"\" width=\"1024\" height=\"391\" srcset=\"https:\/\/hydraulic-cylinders.net\/wp-content\/uploads\/2023\/08\/hydraulic-cylinder-product-3-980x374.webp 980w, https:\/\/hydraulic-cylinders.net\/wp-content\/uploads\/2023\/08\/hydraulic-cylinder-product-3-480x183.webp 480w\" sizes=\"(min-width: 0px) and (max-width: 480px) 480px, (min-width: 481px) and (max-width: 980px) 980px, (min-width: 981px) 1024px, 100vw\" \/><\/p>\n<h3>(3) Kaynak<\/h3>\n<p><img loading=\"lazy\" decoding=\"async\" class=\"alignnone wp-image-629 size-large\" src=\"https:\/\/hydraulic-cylinders.net\/wp-content\/uploads\/2023\/08\/hydraulic-cylinder-product-4-1024x510.webp\" alt=\"\" width=\"1024\" height=\"510\" srcset=\"https:\/\/hydraulic-cylinders.net\/wp-content\/uploads\/2023\/08\/hydraulic-cylinder-product-4-980x488.webp 980w, https:\/\/hydraulic-cylinders.net\/wp-content\/uploads\/2023\/08\/hydraulic-cylinder-product-4-480x239.webp 480w\" sizes=\"(min-width: 0px) and (max-width: 480px) 480px, (min-width: 481px) and (max-width: 980px) 980px, (min-width: 981px) 1024px, 100vw\" \/><\/p>\n<h3>(4) Boyama ve kaplama<\/h3>\n<p>K\u00fc\u00e7\u00fck ve orta \u00f6l\u00e7ekli silindirli otomatik su bazl\u0131 boya kaplama hatlar\u0131nda, otomatik robot y\u00fckleme-bo\u015faltma ve otomatik p\u00fcsk\u00fcrtmeyi ger\u00e7ekle\u015ftirmek i\u00e7in, vardiya ba\u015f\u0131na 4000 adet tasar\u0131m kapasitesi;<br \/>\nAyr\u0131ca, vardiya ba\u015f\u0131na 60 kasa kapasiteli, g\u00fc\u00e7 zinciriyle \u00e7al\u0131\u015fan b\u00fcy\u00fck silindirler i\u00e7in yar\u0131 otomatik boya \u00fcretim hatt\u0131m\u0131z da bulunmaktad\u0131r.<\/p>\n<p><img loading=\"lazy\" decoding=\"async\" class=\"alignnone wp-image-630\" src=\"https:\/\/hydraulic-cylinders.net\/wp-content\/uploads\/2023\/08\/hydraulic-cylinder-product-5-300x213.webp\" alt=\"\" width=\"366\" height=\"260\" \/> <img loading=\"lazy\" decoding=\"async\" class=\"alignnone wp-image-631\" src=\"https:\/\/hydraulic-cylinders.net\/wp-content\/uploads\/2023\/08\/hydraulic-cylinder-product-6-300x225.webp\" alt=\"\" width=\"347\" height=\"260\" \/><\/p>\n<h3>(5) Test etme<\/h3>\n<p>Silindirin performans\u0131n\u0131n gereklilikleri kar\u015f\u0131lad\u0131\u011f\u0131ndan emin olmak i\u00e7in birinci s\u0131n\u0131f muayene tesislerimiz ve test yataklar\u0131m\u0131z bulunmaktad\u0131r.<\/p>\n<p><img loading=\"lazy\" decoding=\"async\" class=\"alignnone wp-image-632\" src=\"https:\/\/hydraulic-cylinders.net\/wp-content\/uploads\/2023\/08\/hydraulic-cylinder-product-8-300x200.webp\" alt=\"\" width=\"389\" height=\"260\" \/><\/p>\n<p>&nbsp;<\/p>\n<p>&nbsp;<\/p>\n<p>En iyi kompakt hidrolik silindir \u00fcreticilerinden biriyiz. Kapsaml\u0131 kompakt hidrolik silindir sto\u011fu sunabiliyoruz. Ayr\u0131ca, ilgili \u00fcr\u00fcnleri de sa\u011fl\u0131yoruz. <a href=\"https:\/\/hzpt.com\/agricultural-pto-gearbox\/\" target=\"_blank\" rel=\"noopener\">tar\u0131msal di\u015fli kutular\u0131<\/a>\u00dcr\u00fcnlerimizi d\u00fcnya \u00e7ap\u0131ndaki m\u00fc\u015fterilerimize ihra\u00e7 ettik ve \u00fcst\u00fcn \u00fcr\u00fcn kalitemiz ve sat\u0131\u015f sonras\u0131 hizmetlerimiz sayesinde iyi bir itibar kazand\u0131k. Yurt i\u00e7i ve yurt d\u0131\u015f\u0131ndaki m\u00fc\u015fterilerimizi i\u015f g\u00f6r\u00fc\u015fmeleri yapmak, bilgi al\u0131\u015fveri\u015finde bulunmak ve <a href=\"https:\/\/www.hydraulic-cylinders.net\/tr\/contact-us\/\">bizimle i\u015fbirli\u011fi yap\u0131n<\/a>!<\/p>\n<h2><\/h2>","protected":false},"excerpt":{"rendered":"<p>Foot Joint Two Stage Telescopic Hydraulic Cylinder The foot joint two-stage telescopic hydraulic cylinder is an advanced hydraulic component that provides efficient and reliable power transmission in a wide range of industrial applications. With its innovative design, superior performance and versatility, this hydraulic cylinder offers precise control and increased productivity. Whether used in construction, material [&hellip;]<\/p>","protected":false},"featured_media":1279,"comment_status":"open","ping_status":"closed","template":"","meta":{"_et_pb_use_builder":"","_et_pb_old_content":"","_et_gb_content_width":""},"product_brand":[],"product_cat":[1376,1393],"product_tag":[1380],"class_list":{"0":"post-1277","1":"product","2":"type-product","3":"status-publish","4":"has-post-thumbnail","6":"product_cat-hydraulic-cylinder","7":"product_cat-telescopic-hydraulic-cylinder","8":"product_tag-hydraulic-cylinder","10":"first","11":"instock","12":"shipping-taxable","13":"product-type-simple"},"amp_enabled":true,"_links":{"self":[{"href":"https:\/\/www.hydraulic-cylinders.net\/tr\/wp-json\/wp\/v2\/product\/1277","targetHints":{"allow":["GET"]}}],"collection":[{"href":"https:\/\/www.hydraulic-cylinders.net\/tr\/wp-json\/wp\/v2\/product"}],"about":[{"href":"https:\/\/www.hydraulic-cylinders.net\/tr\/wp-json\/wp\/v2\/types\/product"}],"replies":[{"embeddable":true,"href":"https:\/\/www.hydraulic-cylinders.net\/tr\/wp-json\/wp\/v2\/comments?post=1277"}],"wp:featuredmedia":[{"embeddable":true,"href":"https:\/\/www.hydraulic-cylinders.net\/tr\/wp-json\/wp\/v2\/media\/1279"}],"wp:attachment":[{"href":"https:\/\/www.hydraulic-cylinders.net\/tr\/wp-json\/wp\/v2\/media?parent=1277"}],"wp:term":[{"taxonomy":"product_brand","embeddable":true,"href":"https:\/\/www.hydraulic-cylinders.net\/tr\/wp-json\/wp\/v2\/product_brand?post=1277"},{"taxonomy":"product_cat","embeddable":true,"href":"https:\/\/www.hydraulic-cylinders.net\/tr\/wp-json\/wp\/v2\/product_cat?post=1277"},{"taxonomy":"product_tag","embeddable":true,"href":"https:\/\/www.hydraulic-cylinders.net\/tr\/wp-json\/wp\/v2\/product_tag?post=1277"}],"curies":[{"name":"wp","href":"https:\/\/api.w.org\/{rel}","templated":true}]}}