{"id":13631,"date":"2024-12-10T08:08:01","date_gmt":"2024-12-10T08:08:01","guid":{"rendered":"https:\/\/www.hydraulic-cylinders.net\/product\/replacement-of-ahc20506-steering-hydraulic-cylinder\/"},"modified":"2024-12-10T08:08:03","modified_gmt":"2024-12-10T08:08:03","slug":"replacement-of-ahc20506-steering-hydraulic-cylinder","status":"publish","type":"product","link":"https:\/\/www.hydraulic-cylinders.net\/tr\/urun\/replacement-of-ahc20506-steering-hydraulic-cylinder\/","title":{"rendered":"AHC20506 Direksiyon Hidrolik Silindirinin De\u011fi\u015ftirilmesi"},"content":{"rendered":"<h1>AHC20506 Direksiyon Hidrolik Silindirinin De\u011fi\u015ftirilmesi<\/h1>\n<p>AHC20506 Direksiyon Hidrolik Silindirinin De\u011fi\u015ftirilmesi, 260 P, 260E, 310 P ve 310E gibi \u00e7e\u015fitli a\u011f\u0131r makineler i\u00e7in hayati bir bile\u015fendir. Yakla\u015f\u0131k 112,66 lb a\u011f\u0131rl\u0131\u011f\u0131nda olup, y\u00fcksekli\u011fi 6 in\u00e7, geni\u015fli\u011fi 8,5 in\u00e7 ve uzunlu\u011fu 45 in\u00e7tir. Bu hidrolik silindir, a\u011f\u0131r makinelerin sorunsuz \u00e7al\u0131\u015fmas\u0131ndan sorumludur ve y\u00fcksek performans ve g\u00fcvenlik elde etmek i\u00e7in gereklidir.<\/p>\n<h2>\u00d6zellikler ve Modeller<\/h2>\n<p>AHC20506 Direksiyon Hidrolik Silindirinin De\u011fi\u015fimi, 260 P, 260E, 310 P ve 310E modelleriyle uyumlu olacak \u015fekilde tasarlanm\u0131\u015ft\u0131r. En y\u00fcksek kalite standartlar\u0131n\u0131 kar\u015f\u0131lamak \u00fczere \u00fcretilmi\u015f olup zorlu \u00e7al\u0131\u015fma ko\u015fullar\u0131nda uzun \u00f6m\u00fcrl\u00fcd\u00fcr. Bu hidrolik silindir hassas bir \u015fekilde \u00fcretilmi\u015ftir ve y\u00fcksek bas\u0131nca, s\u0131k kullan\u0131ma ve a\u011f\u0131r y\u00fcklere dayanma \u00f6zelli\u011fine sahiptir.<\/p>\n<h2>\u00d6zellikler<\/h2>\n<h3>Geli\u015fmi\u015f Ekipman Performans\u0131<\/h3>\n<p>Hasarl\u0131 veya a\u015f\u0131nm\u0131\u015f hidrolik silindirlerin de\u011fi\u015ftirilmesi, makinelerin normal \u00e7al\u0131\u015fmas\u0131n\u0131 geri kazand\u0131rabilir ve \u00e7e\u015fitli uygulamalarda performans\u0131n\u0131 g\u00fcvence alt\u0131na alabilir.<\/p>\n<h3>Geli\u015fmi\u015f G\u00fcvenlik<\/h3>\n<p>Hidrolik silindirlerin d\u00fczenli olarak de\u011fi\u015ftirilmesi, silindir ar\u0131zalar\u0131ndan kaynaklanan g\u00fcvenlik risklerini azaltarak ekipman\u0131 ve personeli korur.<\/p>\n<h3>A\u015f\u0131r\u0131 Y\u00fck Korumas\u0131<\/h3>\n<p>Yeni hidrolik silindir tasar\u0131mlar\u0131 genellikle daha iyi a\u015f\u0131r\u0131 y\u00fck koruma mekanizmalar\u0131 i\u00e7ermekte ve g\u00fcvenli\u011fi art\u0131rmaktad\u0131r.<\/p>\n<h3>H\u0131zl\u0131 Kurulum<\/h3>\n<p>Modern hidrolik silindirlerin tasar\u0131m\u0131nda genellikle kolay kurulum ve de\u011fi\u015ftirme g\u00f6z \u00f6n\u00fcnde bulundurularak ar\u0131za s\u00fcresi en aza indirilir.<\/p>\n<h3>Standartla\u015ft\u0131r\u0131lm\u0131\u015f Bile\u015fenler<\/h3>\n<p>Bir\u00e7ok hidrolik silindir standart \u00fcr\u00fcnler oldu\u011fundan piyasada yedek par\u00e7a bulmak kolayd\u0131r.<\/p>\n<p>Firmam\u0131z bu \u00fcr\u00fcn\u00fc \u00fcretebilir ve \u00fcr\u00fcn\u00fcm\u00fcz bu hidrolik silindirler i\u00e7in m\u00fckemmel bir alternatiftir.<\/p>\n<h2>Uygulamalar<\/h2>\n<p>AHC20506 Direksiyon Hidrolik Silindirinin De\u011fi\u015ftirilmesi, a\u015fa\u011f\u0131dakiler de dahil olmak \u00fczere geni\u015f bir uygulama yelpazesine sahiptir:<\/p>\n<h3>Ekskavat\u00f6r<\/h3>\n<p>Ekskavat\u00f6rlerde, hidrolik silindir uzun s\u00fcreli kullan\u0131m veya a\u015f\u0131r\u0131 y\u00fcklenme nedeniyle hasar g\u00f6rebilir ve normal \u00e7al\u0131\u015fmay\u0131 yeniden sa\u011flamak i\u00e7in de\u011fi\u015ftirilmesi gerekebilir.<\/p>\n<h3>Vin\u00e7<\/h3>\n<p>Vin\u00e7teki kald\u0131rma kolunun hidrolik silindiri, s\u0131k s\u0131k yap\u0131lan kald\u0131rma ve indirme i\u015flemleri s\u0131ras\u0131nda a\u015f\u0131nmaya e\u011filimlidir ve g\u00fcvenli\u011fi sa\u011flamak i\u00e7in d\u00fczenli olarak de\u011fi\u015ftirilmesi gerekir.<\/p>\n<h3>Trakt\u00f6r<\/h3>\n<p>Trakt\u00f6r\u00fcn \u00f6n y\u00fckleyici hidrolik silindiri, s\u00fcrekli kald\u0131rma ve devirme i\u015flemleri s\u0131ras\u0131nda s\u0131z\u0131nt\u0131 yapabilir veya performans\u0131 d\u00fc\u015febilir ve de\u011fi\u015ftirilmesi gerekebilir.<\/p>\n<h3>Bi\u00e7erd\u00f6ver<\/h3>\n<p>Bi\u00e7erd\u00f6verin hidrolik sistemi hasat i\u015flemi s\u0131ras\u0131nda y\u00fcksek bas\u0131nca maruz kal\u0131r ve silindir yorulma nedeniyle hasar g\u00f6rebilir; bu da i\u015f verimlili\u011fini korumak i\u00e7in zaman\u0131nda de\u011fi\u015ftirilmesini gerektirir.<\/p>\n<h3>Otomatik \u00dcretim Hatt\u0131<\/h3>\n<p>Hidrolik silindirler, robot kollar\u0131n\u0131 ve di\u011fer otomasyon ekipmanlar\u0131n\u0131 kontrol etmek i\u00e7in kullan\u0131l\u0131r. Silindirlerin ar\u0131zalanmas\u0131 \u00fcretim verimlili\u011fini etkileyebilir ve acil de\u011fi\u015ftirme gerektirir.<\/p>\n<h3>Pres D\u00f6k\u00fcm Makinesi<\/h3>\n<p>Pres d\u00f6k\u00fcm makinelerindeki hidrolik silindirler, y\u00fcksek bas\u0131n\u00e7 ve y\u00fcksek s\u0131cakl\u0131k ortamlar\u0131nda performans d\u00fc\u015f\u00fc\u015f\u00fc ya\u015fayabilir. D\u00fczenli de\u011fi\u015fim, \u00fcr\u00fcn kalitesini garanti eder.<\/p>\n<h3>Madencilik Ekipmanlar\u0131<\/h3>\n<p>Hidrolik silindirler, madencilik ekipmanlar\u0131nda a\u011f\u0131r y\u00fckleri kald\u0131rmak ve ta\u015f\u0131mak i\u00e7in kullan\u0131l\u0131r. Zorlu \u00e7al\u0131\u015fma ortam\u0131 nedeniyle, ekipman ar\u0131zas\u0131n\u0131 \u00f6nlemek i\u00e7in d\u00fczenli kontrol ve de\u011fi\u015ftirme gereklidir.<\/p>\n<h3>Buldozer<\/h3>\n<p>Buldozerin itme kolundaki hidrolik silindirin a\u015f\u0131nmas\u0131, itme kapasitesinde azalmaya yol a\u00e7abilir ve \u00e7al\u0131\u015fma verimlili\u011fini korumak i\u00e7in zaman\u0131nda de\u011fi\u015ftirilmesi gereklidir.<\/p>\n<h2>Bak\u0131m ve Onar\u0131m<\/h2>\n<p>AHC20506 Direksiyon Hidrolik Silindirinin uzun \u00f6m\u00fcrl\u00fc ve y\u00fcksek performansl\u0131 olmas\u0131 i\u00e7in d\u00fczenli bak\u0131m ve uygun ya\u011flama \u00e7ok \u00f6nemlidir. A\u015fa\u011f\u0131da yayg\u0131n bak\u0131m g\u00f6revleri yer almaktad\u0131r:<\/p>\n<h3>D\u00fczenli Muayene<\/h3>\n<p>Periyodik kontroller potansiyel sorunlar\u0131 tespit edebilir ve ekipman ar\u0131zalar\u0131n\u0131 \u00f6nleyebilir.<\/p>\n<h3>Uygun Ya\u011flama<\/h3>\n<p>Hidrolik silindirlerin a\u015f\u0131nmay\u0131 \u00f6nlemek ve kullan\u0131m \u00f6mr\u00fcn\u00fc uzatmak i\u00e7in d\u00fczenli olarak ya\u011flanmas\u0131 gerekir.<\/p>\n<h3>Conta De\u011fi\u015fimi<\/h3>\n<p>Contalar\u0131n de\u011fi\u015ftirilmesi s\u0131z\u0131nt\u0131lar\u0131 \u00f6nleyebilir ve d\u00fczg\u00fcn \u00e7al\u0131\u015fmay\u0131 sa\u011flayabilir.<\/p>\n<p>Silindirin kullan\u0131m \u00f6mr\u00fcn\u00fc uzatmak i\u00e7in montaj s\u0131ras\u0131nda do\u011fru hizalama i\u00e7in uygun k\u0131lavuzluk sa\u011flamak, silindiri sabitlemek i\u00e7in uygun montaj braketleri kullanmak ve \u00f6nerilen inceleme, onar\u0131m ve de\u011fi\u015ftirme prosed\u00fcrlerini takip etmek \u00f6nemlidir.<\/p>\n<h2>G\u00fcvenlik ve \u00c7evresel Hususlar<\/h2>\n<p>Hidrolik silindirler kullan\u0131l\u0131rken, kazalar\u0131 \u00f6nlemek i\u00e7in g\u00fcvenlik \u00f6nlemleri al\u0131nmal\u0131d\u0131r. Uygun ki\u015fisel koruyucu ekipman kullanmak ve do\u011fru g\u00fcvenlik y\u00f6nergelerine uymak \u00f6nemlidir. Hidrolik s\u0131v\u0131larla \u00e7al\u0131\u015f\u0131rken, \u00e7evre d\u00fczenlemelerine uymak ve uygun \u015fekilde bertaraf edilmesini sa\u011flamak \u00f6nemlidir.<\/p>\n<h2>Sorun Giderme ve Yayg\u0131n Sorunlar<\/h2>\n<p>Hidrolik silindirlerde s\u0131k kar\u015f\u0131la\u015f\u0131lan sorunlar aras\u0131nda s\u0131v\u0131 s\u0131z\u0131nt\u0131lar\u0131, ola\u011fand\u0131\u015f\u0131 sesler, silindir kaymas\u0131 ve yava\u015f silindir hareketi yer al\u0131r. Bu sorunlar\u0131 gidermek i\u00e7in, temel nedeni belirlemek ve \u00f6nerilen onar\u0131m prosed\u00fcrlerini izlemek \u00f6nemlidir.<\/p>\n<h2>Tasar\u0131m Hususlar\u0131 ve Se\u00e7im Kriterleri<\/h2>\n<p>AHC20506 Direksiyon Hidrolik Silindirinin Yedek Par\u00e7as\u0131n\u0131n tasar\u0131m\u0131, y\u00fck ta\u015f\u0131ma kapasitesi, s\u0131zd\u0131rmazl\u0131k, dayan\u0131kl\u0131l\u0131k, g\u00fcvenlik ve bak\u0131m gibi \u00e7e\u015fitli fakt\u00f6rleri dikkate almaktad\u0131r. Silindir, y\u00fcksek kaliteli malzemelerden \u00fcretilmi\u015ftir ve zorlu \u00e7al\u0131\u015fma ko\u015fullar\u0131na dayanacak \u015fekilde tasarlanm\u0131\u015ft\u0131r.<\/p>\n<h2>S\u0131zd\u0131rmazl\u0131k ve Ya\u011flama<\/h2>\n<p>Hidrolik silindir, poli\u00fcretan ve nitril kau\u00e7uk gibi a\u015f\u0131nmaya dayan\u0131kl\u0131 malzemelerden yap\u0131lm\u0131\u015f piston contalar\u0131 ve mil contalar\u0131 gibi \u00e7e\u015fitli s\u0131zd\u0131rmazl\u0131k bile\u015fenleri kullan\u0131r. Silindir g\u00f6vdesi ve di\u015fli u\u00e7 y\u00fczeyi, a\u015f\u0131nma direncini art\u0131rmak i\u00e7in ince bir \u015fekilde i\u015flenmi\u015ftir. D\u00fczg\u00fcn \u00e7al\u0131\u015fma sa\u011flamak ve silindirin \u00f6mr\u00fcn\u00fc uzatmak i\u00e7in uygun ya\u011flama \u015fartt\u0131r.<\/p>\n<h2>\u00d6nleyici Bak\u0131m<\/h2>\n<p>D\u00fczenli kontrol, uygun ya\u011flama ve zaman\u0131nda conta de\u011fi\u015fimi gibi \u00f6nleyici bak\u0131m i\u015flemleri, ekipman ar\u0131zas\u0131n\u0131 \u00f6nlemeye ve hidrolik silindirin \u00f6mr\u00fcn\u00fc uzatmaya yard\u0131mc\u0131 olabilir.<\/p>\n<p>Firmam\u0131z, yurt i\u00e7i ve yurt d\u0131\u015f\u0131 pazarlarda hidrolik silindirlerin \u00f6nde gelen \u00fcreticisi ve toptanc\u0131s\u0131d\u0131r. \u00d6zelle\u015ftirilmi\u015f hizmetler sunuyoruz, uluslararas\u0131 sertifikalara sahibiz, geli\u015fmi\u015f \u00fcretim ekipmanlar\u0131 kullan\u0131yoruz ve m\u00fckemmel sat\u0131\u015f sonras\u0131 hizmet sa\u011fl\u0131yoruz.<\/p>\n<p><img decoding=\"async\" src=\"https:\/\/images.hzpt.com\/2024\/11\/hydraulic-cylinder-factory.webp\" alt=\"Hidrolik Silindir Fabrikas\u0131\"><\/p>\n<p>Yazar: lyl<\/p>","protected":false},"excerpt":{"rendered":"<p>Replacement Of AHC20506 Steering Hydraulic Cylinder The Replacement Of AHC20506 Steering Hydraulic Cylinder is a crucial component for various heavy machinery such as the 260 P, 260E, 310 P, and 310E. It weighs approximately 112.66 lb and measures 6?? in height, 8.5?? in width, and 45?? in length. This hydraulic cylinder is responsible for the [&hellip;]<\/p>","protected":false},"featured_media":11725,"comment_status":"open","ping_status":"closed","template":"","meta":{"_et_pb_use_builder":"","_et_pb_old_content":"","_et_gb_content_width":""},"product_brand":[],"product_cat":[1489],"product_tag":[1380,1490,1491],"class_list":{"0":"post-13631","1":"product","2":"type-product","3":"status-publish","4":"has-post-thumbnail","6":"product_cat-replacement-of-john-deere-hydraulic-cylinder","7":"product_tag-hydraulic-cylinder","8":"product_tag-replacement-of-hydraulic-cylinder","9":"product_tag-replacemet-of-john-deere-hydraulic-cylinder","11":"first","12":"instock","13":"shipping-taxable","14":"product-type-simple"},"amp_enabled":true,"_links":{"self":[{"href":"https:\/\/www.hydraulic-cylinders.net\/tr\/wp-json\/wp\/v2\/product\/13631","targetHints":{"allow":["GET"]}}],"collection":[{"href":"https:\/\/www.hydraulic-cylinders.net\/tr\/wp-json\/wp\/v2\/product"}],"about":[{"href":"https:\/\/www.hydraulic-cylinders.net\/tr\/wp-json\/wp\/v2\/types\/product"}],"replies":[{"embeddable":true,"href":"https:\/\/www.hydraulic-cylinders.net\/tr\/wp-json\/wp\/v2\/comments?post=13631"}],"wp:featuredmedia":[{"embeddable":true,"href":"https:\/\/www.hydraulic-cylinders.net\/tr\/wp-json\/wp\/v2\/media\/11725"}],"wp:attachment":[{"href":"https:\/\/www.hydraulic-cylinders.net\/tr\/wp-json\/wp\/v2\/media?parent=13631"}],"wp:term":[{"taxonomy":"product_brand","embeddable":true,"href":"https:\/\/www.hydraulic-cylinders.net\/tr\/wp-json\/wp\/v2\/product_brand?post=13631"},{"taxonomy":"product_cat","embeddable":true,"href":"https:\/\/www.hydraulic-cylinders.net\/tr\/wp-json\/wp\/v2\/product_cat?post=13631"},{"taxonomy":"product_tag","embeddable":true,"href":"https:\/\/www.hydraulic-cylinders.net\/tr\/wp-json\/wp\/v2\/product_tag?post=13631"}],"curies":[{"name":"wp","href":"https:\/\/api.w.org\/{rel}","templated":true}]}}