{"id":14069,"date":"2024-12-11T08:50:18","date_gmt":"2024-12-11T08:50:18","guid":{"rendered":"https:\/\/www.hydraulic-cylinders.net\/product\/replacement-of-ahc12308-hitch-depth-control-hydraulic-cylinder\/"},"modified":"2024-12-11T08:50:20","modified_gmt":"2024-12-11T08:50:20","slug":"replacement-of-ahc12308-hitch-depth-control-hydraulic-cylinder","status":"publish","type":"product","link":"https:\/\/www.hydraulic-cylinders.net\/tr\/urun\/replacement-of-ahc12308-hitch-depth-control-hydraulic-cylinder\/","title":{"rendered":"AHC12308 Ba\u011flant\u0131 Derinlik Kontrol Hidrolik Silindirinin De\u011fi\u015ftirilmesi"},"content":{"rendered":"<h2>AHC12308 Ba\u011flant\u0131 Derinlik Kontrol Hidrolik Silindirinin De\u011fi\u015ftirilmesi<\/h2>\n<p>AHC12308 Ba\u011flant\u0131 Derinlik Kontrol Hidrolik Silindirinin De\u011fi\u015ftirilmesi, 1870 P540 modeli de dahil olmak \u00fczere \u00e7e\u015fitli tar\u0131m ekipmanlar\u0131 i\u00e7in \u00f6nemli bir bile\u015fendir. Bu hidrolik silindir, ba\u011flant\u0131 derinli\u011fini kontrol ederek optimum performans ve do\u011fruluk sa\u011flar.<\/p>\n<h2>\u00d6zellikler<\/h2>\n<ul>\n<li>A\u011f\u0131rl\u0131k: 60 lb<\/li>\n<li>Y\u00fckseklik: 5,25 in\u00e7<\/li>\n<li>Geni\u015flik: 6,5 in\u00e7<\/li>\n<li>Uzunluk: 26,75 in\u00e7<\/li>\n<\/ul>\n<h2>Model: 1870 P540<\/h2>\n<h2>\u00d6zellikler<\/h2>\n<ol>\n<li>Geli\u015fmi\u015f Ekipman Performans\u0131: Hasarl\u0131 veya a\u015f\u0131nm\u0131\u015f hidrolik silindirlerin de\u011fi\u015ftirilmesi, ekipman\u0131n normal \u00e7al\u0131\u015fmas\u0131n\u0131 geri kazand\u0131rarak \u00e7e\u015fitli uygulamalarda performans\u0131n\u0131 garanti alt\u0131na alabilir.<\/li>\n<li>Geli\u015fmi\u015f G\u00fcvenlik: Hidrolik silindirlerin d\u00fczenli olarak de\u011fi\u015ftirilmesi, silindir ar\u0131zalar\u0131ndan kaynaklanan g\u00fcvenlik tehlikelerini azaltarak operat\u00f6rlerin ve ekipman\u0131n g\u00fcvenli\u011fini sa\u011flar.<\/li>\n<li>A\u015f\u0131r\u0131 Y\u00fck Korumas\u0131: Yeni silindir tasar\u0131mlar\u0131 genellikle daha iyi a\u015f\u0131r\u0131 y\u00fck koruma mekanizmalar\u0131 i\u00e7erir ve bu da g\u00fcvenli\u011fi art\u0131r\u0131r.<\/li>\n<li>H\u0131zl\u0131 Kurulum: Modern hidrolik silindirler, kolay kurulum ve de\u011fi\u015ftirme i\u00e7in tasarlanm\u0131\u015ft\u0131r ve bu sayede duru\u015f s\u00fcresi en aza indirilir.<\/li>\n<li>Standartla\u015ft\u0131r\u0131lm\u0131\u015f Bile\u015fenler: Bir\u00e7ok hidrolik silindir standartla\u015ft\u0131r\u0131lm\u0131\u015f \u00fcr\u00fcnlerdir ve bu sayede piyasada yedek par\u00e7a bulmak daha kolayd\u0131r.<\/li>\n<\/ol>\n<p>Firmam\u0131z, yukar\u0131da belirtilenlerin yerini m\u00fckemmel \u015fekilde dolduran hidrolik silindirler \u00fcretme konusunda uzmanla\u015fm\u0131\u015ft\u0131r. Sekt\u00f6r standartlar\u0131n\u0131 kar\u015f\u0131layan, g\u00fcvenilir performans ve uzun \u00f6m\u00fcr sa\u011flayan y\u00fcksek kaliteli \u00fcr\u00fcnler sunuyoruz.<\/p>\n<h2>Uygulamalar<\/h2>\n<p>AHC12308 Ba\u011flant\u0131 Derinlik Kontrol Hidrolik Silindirinin De\u011fi\u015ftirilmesi i\u00e7in \u00fc\u00e7 yayg\u0131n uygulama \u015funlard\u0131r:<\/p>\n<ol>\n<li>Ekskavat\u00f6rler: Ekskavat\u00f6r\u00fcn kolunda veya kovas\u0131nda uzun s\u00fcreli kullan\u0131m veya a\u015f\u0131r\u0131 y\u00fcklenme nedeniyle hidrolik silindiri hasar g\u00f6rebilir. De\u011fi\u015ftirilmesi normal \u00e7al\u0131\u015fmay\u0131 geri kazand\u0131r\u0131r.<\/li>\n<li>Vin\u00e7ler: Vin\u00e7 bomunda bulunan hidrolik silindir, s\u0131k kald\u0131rma ve indirme i\u015flemleri s\u0131ras\u0131nda a\u015f\u0131nmaya maruz kal\u0131r. D\u00fczenli olarak de\u011fi\u015ftirilmesi g\u00fcvenli\u011fi sa\u011flar.<\/li>\n<li>Trakt\u00f6rler: Trakt\u00f6rlerdeki \u00f6n y\u00fckleyici hidrolik silindiri, s\u00fcrekli kald\u0131rma ve e\u011fme i\u015flemleri nedeniyle s\u0131z\u0131nt\u0131 yapabilir veya performans d\u00fc\u015f\u00fc\u015f\u00fc ya\u015fayabilir. De\u011fi\u015ftirilmesi gerekir.<\/li>\n<\/ol>\n<h2>Bak\u0131m G\u00f6revleri<\/h2>\n<p>Optimum performans ve uzun \u00f6m\u00fcr i\u00e7in d\u00fczenli bak\u0131m \u015fartt\u0131r. \u0130\u015fte \u00fc\u00e7 yayg\u0131n bak\u0131m g\u00f6revi:<\/p>\n<ol>\n<li>D\u00fczenli Kontrol: Hidrolik silindiri a\u015f\u0131nma, s\u0131z\u0131nt\u0131 veya hasar belirtileri a\u00e7\u0131s\u0131ndan d\u00fczenli olarak kontrol edin.<\/li>\n<li>Uygun Ya\u011flama: \u00d6nerilen miktarda hidrolik ya\u011f\u0131 d\u00fczenli aral\u0131klarla uygulayarak uygun ya\u011flamay\u0131 sa\u011flay\u0131n.<\/li>\n<li>Conta De\u011fi\u015fimi ve Kalibrasyon Kontrol\u00fc: Uygun s\u0131zd\u0131rmazl\u0131\u011f\u0131 sa\u011flamak i\u00e7in a\u015f\u0131nm\u0131\u015f contalar\u0131 de\u011fi\u015ftirin ve do\u011fru \u00e7al\u0131\u015fmay\u0131 sa\u011flamak i\u00e7in kalibrasyonu periyodik olarak kontrol edin.<\/li>\n<\/ol>\n<h2>G\u00fcvenlik Hususlar\u0131 ve \u00c7evresel Fakt\u00f6rler<\/h2>\n<p>Hidrolik silindirlerle \u00e7al\u0131\u015f\u0131rken, kazalar\u0131 \u00f6nlemek i\u00e7in g\u00fcvenlik \u00f6nlemlerine uymak \u00e7ok \u00f6nemlidir. Ki\u015fisel g\u00fcvenli\u011fi sa\u011flamak ve \u00e7evre \u00fczerindeki etkiyi en aza indirmek i\u00e7in uygun e\u011fitim, koruyucu ekipman kullan\u0131m\u0131 ve g\u00fcvenlik kurallar\u0131na uymak esast\u0131r.<\/p>\n<h2>Sorun Giderme ve Yayg\u0131n Sorunlar<\/h2>\n<p>AHC12308 Ba\u011flant\u0131 Derinlik Kontrol Hidrolik Silindirinin De\u011fi\u015ftirilmesine \u0130li\u015fkin Baz\u0131 Yayg\u0131n Sorunlar ve Sorun Giderme \u0130pu\u00e7lar\u0131:<\/p>\n<ul>\n<li>Sorun 1: Silindir d\u00fczg\u00fcn \u015fekilde uzam\u0131yor veya geri \u00e7ekilemiyor.<\/li>\n<li>\u00c7\u00f6z\u00fcm: Hidrolik s\u0131v\u0131 s\u0131z\u0131nt\u0131lar\u0131n\u0131 kontrol edin, uygun ya\u011flamay\u0131 sa\u011flay\u0131n ve kontrol valfinde herhangi bir ar\u0131za olup olmad\u0131\u011f\u0131n\u0131 inceleyin.<\/li>\n<li>Sorun 2: Silindir \u00e7al\u0131\u015f\u0131rken al\u0131\u015f\u0131lmad\u0131k sesler \u00e7\u0131kar\u0131yor.<\/li>\n<li>\u00c7\u00f6z\u00fcm: Gev\u015fek ba\u011flant\u0131 par\u00e7alar\u0131, hasarl\u0131 contalar veya a\u015f\u0131nm\u0131\u015f bile\u015fenler olup olmad\u0131\u011f\u0131n\u0131 kontrol edin. Gerekti\u011finde s\u0131k\u0131n veya de\u011fi\u015ftirin.<\/li>\n<li>Sorun 3: Silindir y\u00fck\u00fc d\u00fczg\u00fcn tutmuyor.<\/li>\n<li>\u00c7\u00f6z\u00fcm: Contalar\u0131 a\u015f\u0131nma veya hasar a\u00e7\u0131s\u0131ndan inceleyin, hidrolik bas\u0131nc\u0131n\u0131 kontrol edin ve uygun ya\u011flamay\u0131 sa\u011flay\u0131n.<\/li>\n<\/ul>\n<p>Bu sorun giderme ipu\u00e7lar\u0131n\u0131 takip ederek ve \u00f6nleyici tedbirler alarak, hidrolik silindirle ilgili sorunlar\u0131 etkili bir \u015fekilde te\u015fhis edebilir ve \u00e7\u00f6zebilir, ar\u0131za s\u00fcresini en aza indirebilir ve verimlili\u011fi en \u00fcst d\u00fczeye \u00e7\u0131karabilirsiniz.<\/p>\n<p><img decoding=\"async\" src=\"https:\/\/www.hydraulic-cylinders.net\/wp-content\/uploads\/2024\/12\/Replacement-Of-John-Deere-Hydraulic-Cylinder-5.webp\" alt=\"Hidrolik Silindir G\u00f6r\u00fcnt\u00fcs\u00fc\"><\/p>\n<h2>Tasar\u0131m Hususlar\u0131 ve Se\u00e7im Kriterleri<\/h2>\n<p>Hidrolik silindirlerin tasar\u0131m\u0131 ve se\u00e7imi s\u0131ras\u0131nda \u00e7e\u015fitli fakt\u00f6rlerin g\u00f6z \u00f6n\u00fcnde bulundurulmas\u0131 gerekir:<\/p>\n<ol>\n<li>Y\u00fck Ta\u015f\u0131ma Kapasitesi: Hidrolik silindir, beklenen y\u00fckleri kald\u0131rabilecek yeterli kapasiteye sahip olmal\u0131d\u0131r.<\/li>\n<li>S\u0131zd\u0131rmazl\u0131k Performans\u0131: Etkili s\u0131zd\u0131rmazl\u0131k sa\u011flamak ve s\u0131z\u0131nt\u0131lar\u0131 \u00f6nlemek i\u00e7in piston contalar\u0131 ve biyel contalar\u0131 gibi y\u00fcksek kaliteli contalar kullan\u0131lmal\u0131d\u0131r.<\/li>\n<li>Dayan\u0131kl\u0131l\u0131k: Silindir par\u00e7alar\u0131 zorlu \u00e7al\u0131\u015fma ko\u015fullar\u0131na dayanacak \u015fekilde dayan\u0131kl\u0131 malzemelerden yap\u0131lmal\u0131d\u0131r.<\/li>\n<li>G\u00fcvenlik: A\u015f\u0131r\u0131 bas\u0131n\u00e7 olu\u015fumunu ve olas\u0131 kazalar\u0131 \u00f6nlemek i\u00e7in bas\u0131n\u00e7 tahliye vanalar\u0131 gibi g\u00fcvenlik \u00f6zelliklerini kullan\u0131n.<\/li>\n<li>Bak\u0131m kolayl\u0131\u011f\u0131: Silindiri kolay bak\u0131m yap\u0131labilecek \u015fekilde, eri\u015filebilir bile\u015fenlerle ve s\u00f6kme ve yeniden takma i\u00e7in net talimatlarla tasarlay\u0131n.<\/li>\n<\/ol>\n<h2>S\u0131zd\u0131rmazl\u0131k ve Ya\u011flama<\/h2>\n<p>AHC12308 Ba\u011flant\u0131 Derinlik Kontrol Hidrolik Silindirinin De\u011fi\u015ftirilmesi, piston contalar\u0131 ve rot contalar\u0131 gibi \u00e7e\u015fitli s\u0131zd\u0131rmazl\u0131k bile\u015fenleri kullan\u0131r. Bu contalar, uzun \u00f6m\u00fcr sa\u011flamak ve s\u0131z\u0131nt\u0131y\u0131 \u00f6nlemek i\u00e7in poli\u00fcretan ve nitril kau\u00e7uk gibi a\u015f\u0131nmaya dayan\u0131kl\u0131 malzemelerden \u00fcretilmi\u015ftir. Silindir g\u00f6vdesi ve di\u015fli u\u00e7 y\u00fczeyleri, a\u015f\u0131nma direncini art\u0131rmak i\u00e7in hassas bir i\u015flemden ge\u00e7irilir. D\u00fczg\u00fcn \u00e7al\u0131\u015fma ve silindirin \u00f6mr\u00fcn\u00fc uzatmak i\u00e7in uygun miktarda hidrolik ya\u011f ile d\u00fczenli ya\u011flama gereklidir.<\/p>\n<h2>D\u00fczenli Muayene ve \u00d6nleyici Bak\u0131m<\/h2>\n<p>AHC12308 Hitch Derinlik Kontrol Hidrolik Silindirinin De\u011fi\u015ftirilmesinin optimum performans\u0131n\u0131 korumak i\u00e7in a\u015fa\u011f\u0131daki \u00f6nlemler al\u0131nmal\u0131d\u0131r:<\/p>\n<ol>\n<li>Do\u011fru Montaj: Montaj s\u0131ras\u0131nda do\u011fru hizalama k\u0131lavuzu sa\u011flay\u0131n ve silindiri sabitlemek i\u00e7in uygun montaj braketlerinin kullan\u0131lmas\u0131n\u0131 \u00f6nerin.<\/li>\n<li>\u00d6nerilen Muayene, Onar\u0131m ve De\u011fi\u015ftirme Prosed\u00fcrleri: Silindirin uzun \u00f6m\u00fcrl\u00fc olmas\u0131n\u0131 sa\u011flamak i\u00e7in muayene, onar\u0131m ve de\u011fi\u015ftirme i\u00e7in \u00f6nerilen prosed\u00fcrleri izleyin.<\/li>\n<li>Yedek Par\u00e7a ve Yenileme Hizmetleri: M\u00fc\u015fterilerimizin bak\u0131m ve onar\u0131m ihtiya\u00e7lar\u0131n\u0131 desteklemek i\u00e7in geni\u015f yelpazede yedek par\u00e7a ve yenileme hizmetleri sunuyoruz.<\/li>\n<li>Silindir \u00d6mr\u00fcn\u00fc Uzatmak \u0130\u00e7in \u0130pu\u00e7lar\u0131: Silindir \u00f6mr\u00fcn\u00fc en \u00fcst d\u00fczeye \u00e7\u0131karmak i\u00e7in uygun ya\u011flama, a\u015f\u0131r\u0131 y\u00fcklenme durumlar\u0131ndan ka\u00e7\u0131nma ve temiz bir \u00e7al\u0131\u015fma ortam\u0131 sa\u011flama gibi teknikleri uygulay\u0131n.<\/li>\n<\/ol>\n<p><img decoding=\"async\" src=\"https:\/\/www.hydraulic-cylinders.net\/wp-content\/uploads\/2024\/12\/Replacement-Of-John-Deere-Hydraulic-Cylinder-6.webp\" alt=\"Hidrolik Silindir G\u00f6r\u00fcnt\u00fcs\u00fc\"><\/p>\n<h2>\u015eirketimiz Hakk\u0131nda<\/h2>\n<p>Yedek hidrolik silindirlerin lider \u00fcreticisi ve toptan da\u011f\u0131t\u0131c\u0131s\u0131y\u0131z. \u015eirketimiz, hem yurt i\u00e7i hem de yurt d\u0131\u015f\u0131 pazarlara hitap eden kapsaml\u0131 bir hidrolik silindir yelpazesi sunmaktad\u0131r. M\u00fc\u015fterilerimizin ihtiya\u00e7lar\u0131n\u0131 kar\u015f\u0131lamak i\u00e7in y\u00fcksek kaliteli \u00fcr\u00fcnler, profesyonel hizmet ve \u00f6zelle\u015ftirilmi\u015f \u00e7\u00f6z\u00fcmler sunmaktan gurur duyuyoruz.<\/p>\n<p>\u015eirketimizin temel unsurlar\u0131 \u015funlard\u0131r:<\/p>\n<ul>\n<li>Profesyonellik: Ekibimiz hidrolik silindir \u00fcretimi konusunda geni\u015f bilgi ve deneyime sahip uzmanlardan olu\u015fmaktad\u0131r.<\/li>\n<li>Uluslararas\u0131 Sertifikalar: \u00dcr\u00fcnlerimiz uluslararas\u0131 kalite standartlar\u0131na uygundur ve ilgili sertifikalara sahiptir.<\/li>\n<li>\u00d6zelle\u015ftirme Hizmetleri: M\u00fc\u015fterilerimizin \u00f6zel gereksinimlerini kar\u015f\u0131lamak i\u00e7in \u00f6zelle\u015ftirilmi\u015f hidrolik silindir \u00e7\u00f6z\u00fcmleri sunuyoruz.<\/li>\n<li>Geli\u015fmi\u015f \u00dcretim Ekipmanlar\u0131: Son teknoloji \u00fcretim ekipmanlar\u0131m\u0131z, hidrolik silindirlerimizin hassasiyetini ve kalitesini garanti eder.<\/li>\n<li>Sat\u0131\u015f Sonras\u0131 Hizmet: Yedek par\u00e7a ve servis dahil olmak \u00fczere m\u00fckemmel sat\u0131\u015f sonras\u0131 destek sa\u011fl\u0131yoruz.<br \/>","protected":false},"excerpt":{"rendered":"<p>Replacement Of AHC12308 Hitch Depth Control Hydraulic Cylinder The Replacement Of AHC12308 Hitch Depth Control Hydraulic Cylinder is a crucial component for various agricultural equipment, including the 1870 P540 model. This hydraulic cylinder is responsible for controlling the depth of the hitch, ensuring optimal performance and accuracy. Specifications Weight: 60 lb Height: 5.25 in Width: [&hellip;]<\/p>","protected":false},"featured_media":11210,"comment_status":"open","ping_status":"closed","template":"","meta":{"_et_pb_use_builder":"","_et_pb_old_content":"","_et_gb_content_width":""},"product_brand":[],"product_cat":[1489],"product_tag":[1492],"class_list":{"0":"post-14069","1":"product","2":"type-product","3":"status-publish","4":"has-post-thumbnail","6":"product_cat-replacement-of-john-deere-hydraulic-cylinder","7":"product_tag-replacement-of-john-deere-hydraulic-cylinder","9":"first","10":"instock","11":"shipping-taxable","12":"product-type-simple"},"amp_enabled":true,"_links":{"self":[{"href":"https:\/\/www.hydraulic-cylinders.net\/tr\/wp-json\/wp\/v2\/product\/14069","targetHints":{"allow":["GET"]}}],"collection":[{"href":"https:\/\/www.hydraulic-cylinders.net\/tr\/wp-json\/wp\/v2\/product"}],"about":[{"href":"https:\/\/www.hydraulic-cylinders.net\/tr\/wp-json\/wp\/v2\/types\/product"}],"replies":[{"embeddable":true,"href":"https:\/\/www.hydraulic-cylinders.net\/tr\/wp-json\/wp\/v2\/comments?post=14069"}],"wp:featuredmedia":[{"embeddable":true,"href":"https:\/\/www.hydraulic-cylinders.net\/tr\/wp-json\/wp\/v2\/media\/11210"}],"wp:attachment":[{"href":"https:\/\/www.hydraulic-cylinders.net\/tr\/wp-json\/wp\/v2\/media?parent=14069"}],"wp:term":[{"taxonomy":"product_brand","embeddable":true,"href":"https:\/\/www.hydraulic-cylinders.net\/tr\/wp-json\/wp\/v2\/product_brand?post=14069"},{"taxonomy":"product_cat","embeddable":true,"href":"https:\/\/www.hydraulic-cylinders.net\/tr\/wp-json\/wp\/v2\/product_cat?post=14069"},{"taxonomy":"product_tag","embeddable":true,"href":"https:\/\/www.hydraulic-cylinders.net\/tr\/wp-json\/wp\/v2\/product_tag?post=14069"}],"curies":[{"name":"wp","href":"https:\/\/api.w.org\/{rel}","templated":true}]}}