{"id":1419,"date":"2023-09-18T08:45:51","date_gmt":"2023-09-18T08:45:51","guid":{"rendered":"https:\/\/hydraulic-cylinders.net\/?post_type=product&#038;p=1419"},"modified":"2025-04-11T02:57:05","modified_gmt":"2025-04-11T02:57:05","slug":"40-mdc-series-compact-mold-cylinder","status":"publish","type":"product","link":"https:\/\/www.hydraulic-cylinders.net\/tr\/urun\/40-mdc-series-compact-mold-cylinder\/","title":{"rendered":"40 MDC Serisi Kompakt Kal\u0131p Silindiri"},"content":{"rendered":"<h1 style=\"text-align: center;\"><strong>40 MDC Serisi Kompakt Kal\u0131p Silindiri<\/strong><\/h1>\n<p>The 40 MDC Series compact mold cylinder is an efficient and versatile hydraulic cylinder designed specifically for die applications. With its compact design, superior performance, and durable construction, this cylinder provides reliable and precise operation in a variety of industrial environments. Whether used in injection molding machines, die-casting equipment, or other die-related applications, the 40 MDC compact mold cylinder offers exceptional functionality and productivity.<\/p>\n<p>\u00b7 MDC, kal\u0131b\u0131n n\u00f6tron pozisyonunu hassas bir \u015fekilde kontrol etmek i\u00e7in elektrik kutusu ve ko\u00e7 \u00e7ubu\u011fu bulunan kompakt bir hidrolik silindirdir (cx).<br \/>\n\u00b7 Plastik kal\u0131p kullan\u0131m\u0131na uygun hidrolik silindir.<\/p>\n<p><img loading=\"lazy\" decoding=\"async\" class=\"aligncenter wp-image-323230\" src=\"https:\/\/hzpt.com\/wp-content\/uploads\/2023\/09\/mdc-compact-hydraulic-cylinder-7.webp\" alt=\"40-compact-mold-cylinder-parameter-1 \" width=\"400\" height=\"400\" \/><\/p>\n<h2><strong>Kompakt Kal\u0131p Silindiri Model A\u00e7\u0131klamas\u0131:<\/strong><\/h2>\n<p><img loading=\"lazy\" decoding=\"async\" class=\"alignnone size-full wp-image-323234\" src=\"https:\/\/hzpt.com\/wp-content\/uploads\/2023\/09\/mdc-compact-hydraulic-cylinder-2.webp\" alt=\"\" width=\"966\" height=\"882\" \/><\/p>\n<h2><strong>Kompakt Kal\u0131p Silindiri Karakteristik Verileri:<\/strong><\/h2>\n<p><img loading=\"lazy\" decoding=\"async\" class=\"alignnone size-full wp-image-323236\" src=\"https:\/\/hzpt.com\/wp-content\/uploads\/2023\/09\/mdc-compact-hydraulic-cylinder-3-1.webp\" alt=\"\" width=\"899\" height=\"262\" \/><\/p>\n<h2><strong>Kompakt Kal\u0131p Silindir Yap\u0131 \u015eemas\u0131:<\/strong><\/h2>\n<p><img loading=\"lazy\" decoding=\"async\" class=\"alignnone size-full wp-image-323250\" src=\"https:\/\/hzpt.com\/wp-content\/uploads\/2023\/09\/mdc-compact-hydraulic-cylinder-4-1.webp\" alt=\"\" width=\"737\" height=\"808\" \/><\/p>\n<h2><strong>Piston Kolu Ba\u011flant\u0131 \u00d6l\u00e7\u00fcs\u00fc Diyagram\u0131:<\/strong><\/h2>\n<p><img loading=\"lazy\" decoding=\"async\" class=\"alignnone size-large wp-image-323239\" src=\"https:\/\/hzpt.com\/wp-content\/uploads\/2023\/09\/mdc-compact-hydraulic-cylinder-5-787x1024.webp\" alt=\"\" width=\"787\" height=\"1024\" \/><\/p>\n<h2><strong>Elektrik Kutusu Tokas\u0131 Konumu, Ya\u011f Portu Konumu ve Da\u011f\u0131t\u0131m \u00c7\u0131k\u0131\u015f\u0131 Konumu:<\/strong><\/h2>\n<p><img loading=\"lazy\" decoding=\"async\" class=\"alignnone size-large wp-image-323241\" src=\"https:\/\/hzpt.com\/wp-content\/uploads\/2023\/09\/mdc-compact-hydraulic-cylinder-6-616x1024.webp\" alt=\"\" width=\"616\" height=\"1024\" \/><\/p>\n<h2><strong>40 MDC Series Compact Mold Cylinder Parameter:<\/strong><\/h2>\n<p><img loading=\"lazy\" decoding=\"async\" class=\"alignnone size-large wp-image-323251\" src=\"https:\/\/hzpt.com\/wp-content\/uploads\/2023\/09\/mdc-compact-hydraulic-cylinder-8-1-941x1024.webp\" alt=\"\" width=\"941\" height=\"1024\" \/><\/p>\n<h2><strong>40 MDC Serisi Kompakt Kal\u0131p Silindiri <\/strong><strong>Kullan\u0131m Y\u00f6ntemi<\/strong><strong>:<\/strong><\/h2>\n<ol>\n<li><strong>Montaj ve Kurulum:<\/strong>\n<ul>\n<li>Determine the appropriate mounting position for the 32 MDC Series compact mold cylinders according to the requirements of the mold application.<\/li>\n<li>Ensure the cylinder is firmly installed, stable, and firm to prevent vibration or dislocation during operation.<\/li>\n<\/ul>\n<\/li>\n<li><strong>Hidrolik Sisteme Ba\u011flant\u0131:<\/strong>\n<ul>\n<li>Hidrolik silindiri, uyumlu bir hidrolik hortum veya boru kullanarak hidrolik sisteme ba\u011flay\u0131n.<\/li>\n<li>Ensure proper alignment, tight connections, and suitable fittings to prevent leaks and ensure optimum performance.<\/li>\n<\/ul>\n<\/li>\n<li><strong>Mold Operation:<\/strong>\n<ul>\n<li>Activate the hydraulic system to initiate the movement of the 32 MDC Series compact cylinder.<\/li>\n<li>Use hydraulic control systems, such as valves or switches, to control the precise actions of the mold, including opening, closing, and clamping.<\/li>\n<\/ul>\n<\/li>\n<\/ol>\n<h2><strong>Damperli Kamyonda Hidrolik Silindir Nas\u0131l Havaland\u0131r\u0131l\u0131r?<\/strong><\/h2>\n<p>Hidrolik silindiri s\u00f6kmek i\u00e7in \u015fu genel ad\u0131mlar\u0131 izleyin:<\/p>\n<ol>\n<li><strong>G\u00fcvenlik \u00d6nlemleri:<\/strong>\n<ul>\n<li>Ba\u015flamadan \u00f6nce hidrolik sistemin bas\u0131nc\u0131n\u0131n al\u0131nd\u0131\u011f\u0131ndan ve g\u00fc\u00e7 kayna\u011f\u0131n\u0131n kesildi\u011finden emin olun.<\/li>\n<li>Kendinizi olas\u0131 tehlikelerden korumak i\u00e7in eldiven ve koruyucu g\u00f6zl\u00fck gibi uygun ki\u015fisel koruyucu ekipman kullan\u0131n.<\/li>\n<\/ul>\n<\/li>\n<li><strong>Konumland\u0131rma ve Destek:<\/strong>\n<ul>\n<li>Hidrolik silindiri, kazara hareket etmesini veya hasar g\u00f6rmesini \u00f6nlemek i\u00e7in yeterli destek sa\u011flad\u0131\u011f\u0131ndan emin olarak, sabit bir \u00e7al\u0131\u015fma y\u00fczeyine yerle\u015ftirin.<\/li>\n<\/ul>\n<\/li>\n<li><strong>Harici Bile\u015fenleri Kald\u0131r\u0131n:<\/strong>\n<ul>\n<li>Silindire ba\u011fl\u0131 hortumlar, ba\u011flant\u0131 par\u00e7alar\u0131 veya montaj braketleri gibi harici bile\u015fenleri ay\u0131r\u0131n.<\/li>\n<li>Bu bile\u015fenleri gev\u015fetmek ve dikkatlice \u00e7\u0131karmak i\u00e7in anahtar veya pense gibi uygun aletler kullan\u0131n.<\/li>\n<\/ul>\n<\/li>\n<li><strong>Hidrolik S\u0131v\u0131s\u0131n\u0131 Bo\u015falt\u0131n:<\/strong>\n<ul>\n<li>Silindir \u00fczerindeki tahliye tapas\u0131n\u0131 veya valfini bulun ve hidrolik s\u0131v\u0131n\u0131n uygun bir kaba bo\u015falt\u0131lmas\u0131n\u0131 sa\u011flamak i\u00e7in bunu \u00e7\u0131kar\u0131n.<\/li>\n<li>Silindiri tam drenaj\u0131 sa\u011flayacak \u015fekilde yerle\u015ftirin.<\/li>\n<\/ul>\n<\/li>\n<li><strong>U\u00e7 Kapaklar\u0131n\u0131 S\u00f6k\u00fcn:<\/strong>\n<ul>\n<li>Hidrolik silindirin u\u00e7 kapaklar\u0131n\u0131 belirleyin. Bunlar genellikle silindir g\u00f6vdesinin her iki ucunda bulunur.<\/li>\n<li>Uygun aletleri kullanarak u\u00e7 kapaklar\u0131 sabitleyerek c\u0131vatalar\u0131, vidalar\u0131 veya ba\u011flant\u0131 elemanlar\u0131n\u0131 \u00e7\u0131kar\u0131n.<\/li>\n<li>Gerekirse, contay\u0131 veya yap\u0131\u015fkan ba\u011f\u0131 koparmak i\u00e7in u\u00e7 kapaklar\u0131na lastik tokmakla hafif\u00e7e vurun.<\/li>\n<\/ul>\n<\/li>\n<li><strong>Ayr\u0131 Silindir Bile\u015fenleri:<\/strong>\n<ul>\n<li>U\u00e7 kapaklar\u0131 \u00e7\u0131kar\u0131ld\u0131ktan sonra piston ve piston \u00e7ubu\u011funu silindir g\u00f6vdesinden dikkatlice d\u0131\u015far\u0131 do\u011fru kayd\u0131r\u0131n.<\/li>\n<li>L\u00fctfen mevcut contalara, yataklara veya bur\u00e7lara dikkat edin ve gerekti\u011finde bunlar\u0131 \u00e7\u0131kar\u0131n.<\/li>\n<li>Daha kolay yeniden montaj i\u00e7in bile\u015fenlerin s\u0131ras\u0131na ve y\u00f6n\u00fcne dikkat edin.<\/li>\n<\/ul>\n<\/li>\n<li><strong>Bile\u015fenleri inceleyin ve temizleyin:<\/strong>\n<ul>\n<li>S\u00f6k\u00fclen her par\u00e7ay\u0131 a\u015f\u0131nma, hasar veya kirlenme belirtileri a\u00e7\u0131s\u0131ndan inceleyin.<\/li>\n<li>Kir, kal\u0131nt\u0131 veya eski ya\u011flay\u0131c\u0131y\u0131 gidermek i\u00e7in t\u00fcm bile\u015fenleri uygun bir \u00e7\u00f6z\u00fcc\u00fc veya temizleyici kullanarak temizleyin.<\/li>\n<li>Yumu\u015fak bir bez veya f\u0131r\u00e7a kullanarak y\u00fczeyleri herhangi bir hasara yol a\u00e7mayacak \u015fekilde nazik\u00e7e temizleyin.<\/li>\n<\/ul>\n<\/li>\n<li><strong>Bile\u015fenleri De\u011fi\u015ftirin veya Onar\u0131n:<\/strong>\n<ul>\n<li>Herhangi bir par\u00e7ada \u00f6nemli a\u015f\u0131nma veya hasar varsa, bunlar\u0131 yenileriyle de\u011fi\u015ftirmeyi d\u00fc\u015f\u00fcn\u00fcn.<\/li>\n<li>Contalar\u0131 de\u011fi\u015ftirmek veya piston \u00e7ubu\u011funu yenilemek gibi bile\u015fenleri onar\u0131n veya yeniden olu\u015fturun.<\/li>\n<\/ul>\n<\/li>\n<li><strong>Yeniden montaj:<\/strong>\n<ul>\n<li>Hidrolik silindiri yeniden monte etmek i\u00e7in s\u00f6kme i\u015fleminin tersini izleyin ve bile\u015fenlerin do\u011fru hizalanmas\u0131n\u0131 ve y\u00f6nlendirilmesini sa\u011flay\u0131n.<\/li>\n<li>Yeniden montaj s\u0131ras\u0131nda uygun par\u00e7alar\u0131 \u00f6nerilen hidrolik s\u0131v\u0131 veya ya\u011flay\u0131c\u0131 ile ya\u011flay\u0131n.<\/li>\n<li>Gerekirse tork anahtar\u0131 kullanarak t\u00fcm ba\u011flant\u0131 elemanlar\u0131n\u0131 \u00fcreticinin belirtti\u011fi \u00f6zelliklere g\u00f6re s\u0131k\u0131n.<\/li>\n<\/ul>\n<\/li>\n<li><strong>Test ve Muayene:<\/strong><\/li>\n<\/ol>\n<ul>\n<li>Yeniden monte edildikten sonra, t\u00fcm bile\u015fenlerin do\u011fru \u015fekilde hizaland\u0131\u011f\u0131ndan ve sabitlendi\u011finden emin olmak i\u00e7in kapsaml\u0131 bir inceleme yap\u0131n.<\/li>\n<li>Hidrolik silindirin i\u015flevselli\u011fini do\u011frulamak ve herhangi bir s\u0131z\u0131nt\u0131 veya anormal \u00e7al\u0131\u015fma olup olmad\u0131\u011f\u0131n\u0131 kontrol etmek i\u00e7in kontroll\u00fc bir \u015fekilde test edin.<\/li>\n<\/ul>\n<h2><strong>Fabrikan\u0131n Kapasitesi ve Kapasitesi:<\/strong><\/h2>\n<h3>(1) Meclis<\/h3>\n<p>Birinci s\u0131n\u0131f ba\u011f\u0131ms\u0131z bir ara\u015ft\u0131rma ve geli\u015ftirme montaj platformumuz bulunmaktad\u0131r. Hidrolik silindir \u00fcretim at\u00f6lyemizde, y\u0131ll\u0131k 1 milyon adet \u00fcretim kapasitesine sahip d\u00f6rt adet yar\u0131 otomatik kald\u0131rma silindiri montaj hatt\u0131 ve bir adet otomatik devirme silindiri montaj hatt\u0131 bulunmaktad\u0131r. \u00d6zel silindir at\u00f6lyemiz, y\u0131ll\u0131k 200.000 adet \u00fcretim kapasitesine sahip \u00e7e\u015fitli \u00f6zelliklerde yar\u0131 otomatik temizleme montaj sistemiyle donat\u0131lm\u0131\u015ft\u0131r. Ayr\u0131ca, \u00fcnl\u00fc CNC i\u015fleme ekipmanlar\u0131, bir i\u015fleme merkezi, y\u00fcksek hassasiyetli silindir i\u015fleme \u00f6zel ekipmanlar\u0131, bir robot kaynak makinesi, bir otomatik temizleme makinesi, otomatik silindir montaj makinesi ve otomatik boyama \u00fcretim hatt\u0131 ile donat\u0131lm\u0131\u015ft\u0131r. 300'den fazla setten olu\u015fan kritik ekipmanlar mevcuttur. Ekipman kaynaklar\u0131n\u0131n optimum da\u011f\u0131l\u0131m\u0131 ve verimli kullan\u0131m\u0131, \u00fcr\u00fcnlerin hassasiyet gereksinimlerini kar\u015f\u0131lar ve \u00fcr\u00fcnlerin y\u00fcksek kalite ihtiya\u00e7lar\u0131n\u0131 kar\u015f\u0131lar.<\/p>\n<p><img loading=\"lazy\" decoding=\"async\" class=\"alignnone wp-image-626\" src=\"https:\/\/hydraulic-cylinders.net\/wp-content\/uploads\/2023\/08\/hydraulic-cylinder-product-1-300x158.webp\" alt=\"\" width=\"495\" height=\"260\" srcset=\"https:\/\/hydraulic-cylinders.net\/wp-content\/uploads\/2023\/08\/hydraulic-cylinder-product-1-300x158.webp 495w, https:\/\/hydraulic-cylinders.net\/wp-content\/uploads\/2023\/08\/hydraulic-cylinder-product-1-480x252.webp 480w\" sizes=\"(min-width: 0px) and (max-width: 480px) 480px, (min-width: 481px) 495px, 100vw\" \/> <img loading=\"lazy\" decoding=\"async\" class=\"alignnone wp-image-627\" src=\"https:\/\/hydraulic-cylinders.net\/wp-content\/uploads\/2023\/08\/hydraulic-cylinder-product-2-300x189.webp\" alt=\"\" width=\"413\" height=\"260\" \/><\/p>\n<h3>(2) \u0130\u015fleme<\/h3>\n<p>\u0130\u015fleme at\u00f6lyesi, maksimum 400 mm i\u00e7 \u00e7apa ve maksimum 6 metre uzunlu\u011fa sahip silindir borular\u0131n\u0131n i\u015flenmesini ger\u00e7ekle\u015ftirebilen \u00f6zel e\u011fimli ray torna merkezi, i\u015fleme merkezi, y\u00fcksek h\u0131zl\u0131 honlama makinesi, kaynak robotu ve di\u011fer ilgili ekipmanlarla donat\u0131lm\u0131\u015ft\u0131r.<\/p>\n<p><img loading=\"lazy\" decoding=\"async\" class=\"alignnone wp-image-628 size-large\" src=\"https:\/\/hydraulic-cylinders.net\/wp-content\/uploads\/2023\/08\/hydraulic-cylinder-product-3-1024x391.webp\" alt=\"\" width=\"1024\" height=\"391\" srcset=\"https:\/\/hydraulic-cylinders.net\/wp-content\/uploads\/2023\/08\/hydraulic-cylinder-product-3-980x374.webp 980w, https:\/\/hydraulic-cylinders.net\/wp-content\/uploads\/2023\/08\/hydraulic-cylinder-product-3-480x183.webp 480w\" sizes=\"(min-width: 0px) and (max-width: 480px) 480px, (min-width: 481px) and (max-width: 980px) 980px, (min-width: 981px) 1024px, 100vw\" \/><\/p>\n<h3>(3) Kaynak<\/h3>\n<p><img loading=\"lazy\" decoding=\"async\" class=\"alignnone wp-image-629 size-large\" src=\"https:\/\/hydraulic-cylinders.net\/wp-content\/uploads\/2023\/08\/hydraulic-cylinder-product-4-1024x510.webp\" alt=\"\" width=\"1024\" height=\"510\" srcset=\"https:\/\/hydraulic-cylinders.net\/wp-content\/uploads\/2023\/08\/hydraulic-cylinder-product-4-980x488.webp 980w, https:\/\/hydraulic-cylinders.net\/wp-content\/uploads\/2023\/08\/hydraulic-cylinder-product-4-480x239.webp 480w\" sizes=\"(min-width: 0px) and (max-width: 480px) 480px, (min-width: 481px) and (max-width: 980px) 980px, (min-width: 981px) 1024px, 100vw\" \/><\/p>\n<h3>(4) Boyama ve kaplama<\/h3>\n<p>K\u00fc\u00e7\u00fck ve orta \u00f6l\u00e7ekli silindirli otomatik su bazl\u0131 boya kaplama hatlar\u0131nda, otomatik robot y\u00fckleme-bo\u015faltma ve otomatik p\u00fcsk\u00fcrtmeyi ger\u00e7ekle\u015ftirmek i\u00e7in, vardiya ba\u015f\u0131na 4000 adet tasar\u0131m kapasitesi;<br \/>\nAyr\u0131ca, vardiya ba\u015f\u0131na 60 kasa kapasiteli, g\u00fc\u00e7 zinciriyle \u00e7al\u0131\u015fan b\u00fcy\u00fck silindirler i\u00e7in yar\u0131 otomatik boya \u00fcretim hatt\u0131m\u0131z da bulunmaktad\u0131r.<\/p>\n<p><img loading=\"lazy\" decoding=\"async\" class=\"alignnone wp-image-630\" src=\"https:\/\/hydraulic-cylinders.net\/wp-content\/uploads\/2023\/08\/hydraulic-cylinder-product-5-300x213.webp\" alt=\"\" width=\"366\" height=\"260\" \/> <img loading=\"lazy\" decoding=\"async\" class=\"alignnone wp-image-631\" src=\"https:\/\/hydraulic-cylinders.net\/wp-content\/uploads\/2023\/08\/hydraulic-cylinder-product-6-300x225.webp\" alt=\"\" width=\"347\" height=\"260\" \/><\/p>\n<h3>(5) Test etme<\/h3>\n<p>Silindirin performans\u0131n\u0131n gereklilikleri kar\u015f\u0131lad\u0131\u011f\u0131ndan emin olmak i\u00e7in birinci s\u0131n\u0131f muayene tesislerimiz ve test yataklar\u0131m\u0131z bulunmaktad\u0131r.<\/p>\n<p><img loading=\"lazy\" decoding=\"async\" class=\"alignnone wp-image-632\" src=\"https:\/\/hydraulic-cylinders.net\/wp-content\/uploads\/2023\/08\/hydraulic-cylinder-product-8-300x200.webp\" alt=\"\" width=\"389\" height=\"260\" \/><\/p>\n<p>&nbsp;<\/p>\n<p>&nbsp;<\/p>\n<p>En iyi kompakt hidrolik silindir \u00fcreticilerinden biriyiz. Kapsaml\u0131 kompakt hidrolik silindir sto\u011fu sunabiliyoruz. Ayr\u0131ca, ilgili \u00fcr\u00fcnleri de sa\u011fl\u0131yoruz. <a href=\"https:\/\/hzpt.com\/agricultural-pto-gearbox\/\" target=\"_blank\" rel=\"noopener\">tar\u0131msal di\u015fli kutular\u0131<\/a>\u00dcr\u00fcnlerimizi d\u00fcnya \u00e7ap\u0131ndaki m\u00fc\u015fterilerimize ihra\u00e7 ettik ve \u00fcst\u00fcn \u00fcr\u00fcn kalitemiz ve sat\u0131\u015f sonras\u0131 hizmetlerimiz sayesinde iyi bir itibar kazand\u0131k. Yurt i\u00e7i ve yurt d\u0131\u015f\u0131ndaki m\u00fc\u015fterilerimizi i\u015f g\u00f6r\u00fc\u015fmeleri yapmak, bilgi al\u0131\u015fveri\u015finde bulunmak ve <a href=\"https:\/\/www.hydraulic-cylinders.net\/tr\/contact-us\/\">bizimle i\u015fbirli\u011fi yap\u0131n<\/a>!<\/p>\n<h2><\/h2>","protected":false},"excerpt":{"rendered":"<p>40 MDC Series Compact Mold Cylinder The 40 MDC Series compact mold cylinder is an efficient and versatile hydraulic cylinder designed specifically for die applications. With its compact design, superior performance, and durable construction, this cylinder provides reliable and precise operation in a variety of industrial environments. Whether used in injection molding machines, die-casting equipment, [&hellip;]<\/p>","protected":false},"featured_media":1422,"comment_status":"open","ping_status":"closed","template":"","meta":{"_et_pb_use_builder":"","_et_pb_old_content":"","_et_gb_content_width":""},"product_brand":[],"product_cat":[1523,1549,1376],"product_tag":[1380],"class_list":{"0":"post-1419","1":"product","2":"type-product","3":"status-publish","4":"has-post-thumbnail","6":"product_cat-injection-molding-hydraulic-cylinders","7":"product_cat-single-acting-hydraulic-cylinder","8":"product_cat-hydraulic-cylinder","9":"product_tag-hydraulic-cylinder","11":"first","12":"instock","13":"shipping-taxable","14":"product-type-simple"},"amp_enabled":true,"_links":{"self":[{"href":"https:\/\/www.hydraulic-cylinders.net\/tr\/wp-json\/wp\/v2\/product\/1419","targetHints":{"allow":["GET"]}}],"collection":[{"href":"https:\/\/www.hydraulic-cylinders.net\/tr\/wp-json\/wp\/v2\/product"}],"about":[{"href":"https:\/\/www.hydraulic-cylinders.net\/tr\/wp-json\/wp\/v2\/types\/product"}],"replies":[{"embeddable":true,"href":"https:\/\/www.hydraulic-cylinders.net\/tr\/wp-json\/wp\/v2\/comments?post=1419"}],"wp:featuredmedia":[{"embeddable":true,"href":"https:\/\/www.hydraulic-cylinders.net\/tr\/wp-json\/wp\/v2\/media\/1422"}],"wp:attachment":[{"href":"https:\/\/www.hydraulic-cylinders.net\/tr\/wp-json\/wp\/v2\/media?parent=1419"}],"wp:term":[{"taxonomy":"product_brand","embeddable":true,"href":"https:\/\/www.hydraulic-cylinders.net\/tr\/wp-json\/wp\/v2\/product_brand?post=1419"},{"taxonomy":"product_cat","embeddable":true,"href":"https:\/\/www.hydraulic-cylinders.net\/tr\/wp-json\/wp\/v2\/product_cat?post=1419"},{"taxonomy":"product_tag","embeddable":true,"href":"https:\/\/www.hydraulic-cylinders.net\/tr\/wp-json\/wp\/v2\/product_tag?post=1419"}],"curies":[{"name":"wp","href":"https:\/\/api.w.org\/{rel}","templated":true}]}}