{"id":1423,"date":"2023-09-18T08:52:05","date_gmt":"2023-09-18T08:52:05","guid":{"rendered":"https:\/\/hydraulic-cylinders.net\/?post_type=product&#038;p=1423"},"modified":"2025-04-11T03:49:48","modified_gmt":"2025-04-11T03:49:48","slug":"50-100-double-acting-double-axis-mdc-series-compact-mold-cylinder","status":"publish","type":"product","link":"https:\/\/www.hydraulic-cylinders.net\/tr\/urun\/50-100-double-acting-double-axis-mdc-series-compact-mold-cylinder\/","title":{"rendered":"50-100 \u00c7ift Etkili \u00c7ift Eksenli MDC Serisi Kompakt Kal\u0131p Silindiri"},"content":{"rendered":"<h1 style=\"text-align: center;\"><strong>50-100 \u00c7ift Etkili \u00c7ift Eksenli MDC Serisi Kompakt Kal\u0131p Silindiri<\/strong><\/h1>\n<p>\u00c7ift etkili, \u00e7ift eksenli MDC Serisi kompakt kal\u0131p silindiri, kal\u0131p uygulamalar\u0131 i\u00e7in \u00f6zel olarak tasarlanm\u0131\u015f yenilik\u00e7i bir hidrolik silindirdir. Geli\u015fmi\u015f \u00f6zellikleri, g\u00fcvenilir performans\u0131 ve kompakt tasar\u0131m\u0131yla bu silindir, \u00e7e\u015fitli end\u00fcstriyel ortamlarda \u00fcst\u00fcn i\u015flevsellik ve verimlilik sunar. \u0130ster enjeksiyon kal\u0131plama makinelerinde, ister kal\u0131p d\u00f6k\u00fcm ekipmanlar\u0131nda veya di\u011fer kal\u0131pla ilgili uygulamalarda kullan\u0131ls\u0131n, \u00e7ift etkili, iki eksenli MDC serisi kompakt kal\u0131p silindirleri hassas kontrol ve optimum verimlilik sa\u011flar.<\/p>\n<p>\u00b7 MDC, kal\u0131b\u0131n n\u00f6tron pozisyonunu hassas bir \u015fekilde kontrol etmek i\u00e7in elektrik kutusu ve ko\u00e7 \u00e7ubu\u011fu bulunan kompakt bir hidrolik silindirdir (cx).<br \/>\n\u00b7 Plastik kal\u0131p kullan\u0131m\u0131na uygun hidrolik silindir.<\/p>\n<p><img loading=\"lazy\" decoding=\"async\" class=\"aligncenter wp-image-323260\" src=\"https:\/\/hzpt.com\/wp-content\/uploads\/2023\/09\/mdc-compact-hydraulic-cylinder-9.webp\" alt=\"\u00e7ift \u200b\u200betkili tek eksenli kompakt kal\u0131p silindiri\" width=\"400\" height=\"400\" \/><\/p>\n<h2><strong>Kompakt Kal\u0131p Silindiri Model A\u00e7\u0131klamas\u0131:<\/strong><\/h2>\n<p><img loading=\"lazy\" decoding=\"async\" class=\"alignnone size-full wp-image-323234\" src=\"https:\/\/hzpt.com\/wp-content\/uploads\/2023\/09\/mdc-compact-hydraulic-cylinder-2.webp\" alt=\"\" width=\"966\" height=\"882\" \/><\/p>\n<h2><strong>Kompakt Kal\u0131p Silindiri Karakteristik Verileri:<\/strong><\/h2>\n<p><img loading=\"lazy\" decoding=\"async\" class=\"alignnone size-full wp-image-323236\" src=\"https:\/\/hzpt.com\/wp-content\/uploads\/2023\/09\/mdc-compact-hydraulic-cylinder-3-1.webp\" alt=\"\" width=\"899\" height=\"262\" \/><\/p>\n<h2><strong>Kompakt Kal\u0131p Silindir Yap\u0131 \u015eemas\u0131:<\/strong><\/h2>\n<p><img loading=\"lazy\" decoding=\"async\" class=\"alignnone size-full wp-image-323250\" src=\"https:\/\/hzpt.com\/wp-content\/uploads\/2023\/09\/mdc-compact-hydraulic-cylinder-4-1.webp\" alt=\"\" width=\"737\" height=\"808\" \/><\/p>\n<h2><strong>Piston Kolu Ba\u011flant\u0131 \u00d6l\u00e7\u00fcs\u00fc Diyagram\u0131:<\/strong><\/h2>\n<p><img loading=\"lazy\" decoding=\"async\" class=\"alignnone size-large wp-image-323239\" src=\"https:\/\/hzpt.com\/wp-content\/uploads\/2023\/09\/mdc-compact-hydraulic-cylinder-5-787x1024.webp\" alt=\"\" width=\"787\" height=\"1024\" \/><\/p>\n<h2><strong>Elektrik Kutusu Tokas\u0131 Konumu, Ya\u011f Portu Konumu ve Da\u011f\u0131t\u0131m \u00c7\u0131k\u0131\u015f\u0131 Konumu:<\/strong><\/h2>\n<p><img loading=\"lazy\" decoding=\"async\" class=\"alignnone size-large wp-image-323241\" src=\"https:\/\/hzpt.com\/wp-content\/uploads\/2023\/09\/mdc-compact-hydraulic-cylinder-6-616x1024.webp\" alt=\"\" width=\"616\" height=\"1024\" \/><\/p>\n<h2><strong>50-100 50-100 \u00c7ift Etkili \u00c7ift Eksenli MDC Serisi Kompakt Kal\u0131p Silindiri Parametresi:<\/strong><\/h2>\n<p><img loading=\"lazy\" decoding=\"async\" class=\"alignnone size-large wp-image-323272\" src=\"https:\/\/hzpt.com\/wp-content\/uploads\/2023\/09\/mdc-compact-hydraulic-cylinder-10-1-886x1024.webp\" alt=\"\" width=\"886\" height=\"1024\" \/><\/p>\n<h2><strong>50-100 \u00c7ift Etkili \u00c7ift Eksenli MDC Serisi Kompakt Kal\u0131p Silindiri <\/strong><strong>Kullan\u0131m Y\u00f6ntemi<\/strong><strong>:<\/strong><\/h2>\n<ol>\n<li><strong>\u00c7ift Etkili Tasar\u0131m:<\/strong>\n<ul>\n<li>\u00c7ift etkili, \u00e7ift eksenli MDC serisi kompakt silindirler her iki y\u00f6nde de \u00e7al\u0131\u015farak \u00e7ift y\u00f6nl\u00fc harekete olanak sa\u011flar.<\/li>\n<li>Bu tasar\u0131m, kal\u0131b\u0131n a\u00e7\u0131l\u0131p kapanma hareketini etkili ve do\u011fru bir \u015fekilde kontrol edebilir ve operasyonun esnekli\u011fini art\u0131rabilir.<\/li>\n<\/ul>\n<\/li>\n<li><strong>\u00c7ift Eksen Konfig\u00fcrasyonu:<\/strong>\n<ul>\n<li>Silindir, iki dikey y\u00f6nde d\u00fcz hareket sa\u011flayacak \u015fekilde \u00e7ift eksenli hareket i\u00e7in tasarlanm\u0131\u015ft\u0131r.<\/li>\n<li>\u00c7ift eksenli konfig\u00fcrasyon, par\u00e7a \u00e7\u0131karma veya \u00e7ekirdek hareketi gibi karma\u015f\u0131k kal\u0131p eylemlerine olanak tan\u0131yarak kal\u0131b\u0131n \u00e7ok y\u00f6nl\u00fcl\u00fc\u011f\u00fcn\u00fc art\u0131r\u0131r.<\/li>\n<\/ul>\n<\/li>\n<li><strong>Kompakt ve Yerden Tasarruf Sa\u011flar:<\/strong>\n<ul>\n<li>MDC Serisi kapal\u0131 kal\u0131p silindirlerinin kompakt tasar\u0131m\u0131, s\u0131n\u0131rl\u0131 bo\u015flukla kal\u0131p sisteminin alan kullan\u0131m\u0131n\u0131 optimize eder.<\/li>\n<li>Yer tasarrufu sa\u011flayan yap\u0131s\u0131 sayesinde dar alanlara kolayca entegre edilebilir, mevcut \u00e7al\u0131\u015fma alan\u0131n\u0131n verimli kullan\u0131lmas\u0131n\u0131 sa\u011flar.<\/li>\n<\/ul>\n<\/li>\n<li><strong>Y\u00fcksek Hassasiyet ve Kararl\u0131l\u0131k:<\/strong>\n<ul>\n<li>Silindir hassas ve istikrarl\u0131 hareket sa\u011flayarak, \u00fcretim s\u00fcrecinde kal\u0131p hareketinin do\u011fru bir \u015fekilde kontrol edilmesini sa\u011flar.<\/li>\n<li>Sonu\u00e7 olarak y\u00fcksek kaliteli \u00fcretime ve azalt\u0131lm\u0131\u015f at\u0131klara katk\u0131da bulunan tutarl\u0131 ve tekrarlanabilir sonu\u00e7lar sa\u011flar.<\/li>\n<\/ul>\n<\/li>\n<\/ol>\n<h2><strong>\u00d6n Y\u00fckleyiciden Hidrolik Silindir Nas\u0131l \u00c7\u0131kar\u0131l\u0131r?<\/strong><\/h2>\n<p>\u00d6n y\u00fckleyiciden hidrolik silindiri s\u00f6kmek dikkatli bir haz\u0131rl\u0131k ve uygulama gerektirir. \u0130\u015fte bu s\u00fcre\u00e7te size yard\u0131mc\u0131 olacak ad\u0131m ad\u0131m bir k\u0131lavuz:<\/p>\n<ol>\n<li><strong>\u00d6nce G\u00fcvenlik:<\/strong>\n<ul>\n<li>\u00c7al\u0131\u015fmaya ba\u015flamadan \u00f6nce \u00f6n y\u00fckleyicinin d\u00fcz bir zemine park edildi\u011finden ve motorunun kapal\u0131 oldu\u011fundan emin olun.<\/li>\n<li>Park frenini \u00e7ekin ve arka tekerleklerin arkas\u0131na takoz yerle\u015ftirerek kazara hareket etmesini \u00f6nleyin.<\/li>\n<li>Eldiven ve g\u00fcvenlik g\u00f6zl\u00fc\u011f\u00fc gibi uygun ki\u015fisel koruyucu ekipman (KKD) giyin.<\/li>\n<\/ul>\n<\/li>\n<li><strong>Silindiri tan\u0131mlay\u0131n:<\/strong>\n<ul>\n<li>\u00c7\u0131karmay\u0131 planlad\u0131\u011f\u0131n\u0131z hidrolik silindiri bulun. Silindir, y\u00fckleyicinin hidrolik sistemine ba\u011flanacak ve belirli montaj noktalar\u0131na tak\u0131lacakt\u0131r.<\/li>\n<\/ul>\n<\/li>\n<li><strong>Hidrolik Bas\u0131nc\u0131 Azalt\u0131n:<\/strong>\n<ul>\n<li>Ani hareketlerden veya olas\u0131 yaralanmalardan ka\u00e7\u0131nmak i\u00e7in silindiri s\u00f6kmeden \u00f6nce sistemdeki hidrolik bas\u0131nc\u0131 bo\u015falt\u0131n.<\/li>\n<li>Motoru \u00e7al\u0131\u015ft\u0131r\u0131n ve y\u00fckleyicinin hidrolik kontrollerini kullanarak kep\u00e7eyi veya ata\u015fman\u0131 tamamen uzat\u0131lm\u0131\u015f veya y\u00fckseltilmi\u015f konuma getirin.<\/li>\n<li>Motoru kapat\u0131n ve hidrolik kontrolleri birka\u00e7 kez \u00e7al\u0131\u015ft\u0131rarak kalan bas\u0131nc\u0131 bo\u015falt\u0131n.<\/li>\n<\/ul>\n<\/li>\n<li><strong>Hidrolik Ba\u011flant\u0131lar\u0131 Ay\u0131r\u0131n:<\/strong>\n<ul>\n<li>Silindire ba\u011fl\u0131 hidrolik hortumlar\u0131 veya hatlar\u0131 bulun. Bunlar genellikle ba\u011flant\u0131 par\u00e7alar\u0131, c\u0131vatalar veya h\u0131zl\u0131 ba\u011flant\u0131 elemanlar\u0131 ile sabitlenir.<\/li>\n<li>Gerekti\u011finde uygun aletleri kullanarak hidrolik ba\u011flant\u0131lar\u0131 dikkatlice gev\u015fetin ve ay\u0131r\u0131n.<\/li>\n<li>Bir miktar hidrolik s\u0131v\u0131n\u0131n s\u0131zmas\u0131na haz\u0131rl\u0131kl\u0131 olun, bu nedenle d\u00f6k\u00fclmeleri en aza indirmek i\u00e7in bir toplama kab\u0131 veya emici malzeme haz\u0131r bulundurun.<\/li>\n<\/ul>\n<\/li>\n<li><strong>Montaj Donan\u0131m\u0131n\u0131 \u00c7\u0131kar\u0131n:<\/strong>\n<ul>\n<li>Silindirin y\u00fckleyicinin g\u00f6vdesine ba\u011fland\u0131\u011f\u0131 montaj noktalar\u0131n\u0131 belirleyin. Bunlar pimler, c\u0131vatalar veya braketler olabilir.<\/li>\n<li>Silindiri y\u00fckleyiciye sabitleyen sabitleme pimlerini veya c\u0131vatalar\u0131n\u0131 uygun aletler kullanarak \u00e7\u0131kar\u0131n.<\/li>\n<li>Donan\u0131m\u0131 \u00e7\u0131kar\u0131rken, kaybolmad\u0131\u011f\u0131ndan veya yerinden oynamad\u0131\u011f\u0131ndan emin olun.<\/li>\n<\/ul>\n<\/li>\n<li><strong>Silindiri \u00c7\u0131kar\u0131n:<\/strong>\n<ul>\n<li>Hidrolik ba\u011flant\u0131lar ve montaj donan\u0131m\u0131 \u00e7\u0131kar\u0131ld\u0131ktan sonra silindir art\u0131k s\u00f6k\u00fclebilir hale gelmelidir.<\/li>\n<li>Silindiri montaj pozisyonundan dikkatlice kayd\u0131rarak veya manevra yaparak \u00e7\u0131kar\u0131n, \u00e7evredeki bile\u015fenlere veya hidrolik hatlara zarar vermeyin.<\/li>\n<li>Silindiri y\u00fckleyiciden g\u00fcvenli bir \u015fekilde \u00e7\u0131karmak ve kald\u0131rmak i\u00e7in kald\u0131rma ekipman\u0131 veya yard\u0131m kullan\u0131n.<\/li>\n<\/ul>\n<\/li>\n<li><strong>Uygun Depolama ve Bak\u0131m:<\/strong>\n<ul>\n<li>Silindir \u00e7\u0131kar\u0131ld\u0131ktan sonra, herhangi bir hasar veya a\u015f\u0131nma belirtisi olup olmad\u0131\u011f\u0131n\u0131 kontrol edin. Gerekirse, a\u015f\u0131nm\u0131\u015f contalar\u0131 veya bile\u015fenleri de\u011fi\u015ftirin.<\/li>\n<li>Hidrolik silindiri temiz ve kuru bir yerde, tozdan, nemden ve a\u015f\u0131r\u0131 s\u0131cakl\u0131klardan korunarak saklay\u0131n.<\/li>\n<li>Silindirin daha ileri bir bak\u0131ma ihtiyac\u0131 varsa, \u00fcreticinin talimatlar\u0131na ba\u015fvurun veya profesyonel yard\u0131m al\u0131n.<\/li>\n<\/ul>\n<\/li>\n<\/ol>\n<h2><strong>Fabrikan\u0131n Kapasitesi ve Kapasitesi:<\/strong><\/h2>\n<h3>(1) Meclis<\/h3>\n<p>Birinci s\u0131n\u0131f ba\u011f\u0131ms\u0131z bir ara\u015ft\u0131rma ve geli\u015ftirme montaj platformumuz bulunmaktad\u0131r. Hidrolik silindir \u00fcretim at\u00f6lyemizde, y\u0131ll\u0131k 1 milyon adet \u00fcretim kapasitesine sahip d\u00f6rt adet yar\u0131 otomatik kald\u0131rma silindiri montaj hatt\u0131 ve bir adet otomatik devirme silindiri montaj hatt\u0131 bulunmaktad\u0131r. \u00d6zel silindir at\u00f6lyemiz, y\u0131ll\u0131k 200.000 adet \u00fcretim kapasitesine sahip \u00e7e\u015fitli \u00f6zelliklerde yar\u0131 otomatik temizleme montaj sistemiyle donat\u0131lm\u0131\u015ft\u0131r. Ayr\u0131ca, \u00fcnl\u00fc CNC i\u015fleme ekipmanlar\u0131, bir i\u015fleme merkezi, y\u00fcksek hassasiyetli silindir i\u015fleme \u00f6zel ekipmanlar\u0131, bir robot kaynak makinesi, bir otomatik temizleme makinesi, otomatik silindir montaj makinesi ve otomatik boyama \u00fcretim hatt\u0131 ile donat\u0131lm\u0131\u015ft\u0131r. 300'den fazla setten olu\u015fan kritik ekipmanlar mevcuttur. Ekipman kaynaklar\u0131n\u0131n optimum da\u011f\u0131l\u0131m\u0131 ve verimli kullan\u0131m\u0131, \u00fcr\u00fcnlerin hassasiyet gereksinimlerini kar\u015f\u0131lar ve \u00fcr\u00fcnlerin y\u00fcksek kalite ihtiya\u00e7lar\u0131n\u0131 kar\u015f\u0131lar.<\/p>\n<p><img loading=\"lazy\" decoding=\"async\" class=\"alignnone wp-image-626\" src=\"https:\/\/hydraulic-cylinders.net\/wp-content\/uploads\/2023\/08\/hydraulic-cylinder-product-1-300x158.webp\" alt=\"\" width=\"495\" height=\"260\" srcset=\"https:\/\/hydraulic-cylinders.net\/wp-content\/uploads\/2023\/08\/hydraulic-cylinder-product-1-300x158.webp 495w, https:\/\/hydraulic-cylinders.net\/wp-content\/uploads\/2023\/08\/hydraulic-cylinder-product-1-480x252.webp 480w\" sizes=\"(min-width: 0px) and (max-width: 480px) 480px, (min-width: 481px) 495px, 100vw\" \/> <img loading=\"lazy\" decoding=\"async\" class=\"alignnone wp-image-627\" src=\"https:\/\/hydraulic-cylinders.net\/wp-content\/uploads\/2023\/08\/hydraulic-cylinder-product-2-300x189.webp\" alt=\"\" width=\"413\" height=\"260\" \/><\/p>\n<h3>(2) \u0130\u015fleme<\/h3>\n<p>\u0130\u015fleme at\u00f6lyesi, maksimum 400 mm i\u00e7 \u00e7apa ve maksimum 6 metre uzunlu\u011fa sahip silindir borular\u0131n\u0131n i\u015flenmesini ger\u00e7ekle\u015ftirebilen \u00f6zel e\u011fimli ray torna merkezi, i\u015fleme merkezi, y\u00fcksek h\u0131zl\u0131 honlama makinesi, kaynak robotu ve di\u011fer ilgili ekipmanlarla donat\u0131lm\u0131\u015ft\u0131r.<\/p>\n<p><img loading=\"lazy\" decoding=\"async\" class=\"alignnone wp-image-628 size-large\" src=\"https:\/\/hydraulic-cylinders.net\/wp-content\/uploads\/2023\/08\/hydraulic-cylinder-product-3-1024x391.webp\" alt=\"\" width=\"1024\" height=\"391\" srcset=\"https:\/\/hydraulic-cylinders.net\/wp-content\/uploads\/2023\/08\/hydraulic-cylinder-product-3-980x374.webp 980w, https:\/\/hydraulic-cylinders.net\/wp-content\/uploads\/2023\/08\/hydraulic-cylinder-product-3-480x183.webp 480w\" sizes=\"(min-width: 0px) and (max-width: 480px) 480px, (min-width: 481px) and (max-width: 980px) 980px, (min-width: 981px) 1024px, 100vw\" \/><\/p>\n<h3>(3) Kaynak<\/h3>\n<p><img loading=\"lazy\" decoding=\"async\" class=\"alignnone wp-image-629 size-large\" src=\"https:\/\/hydraulic-cylinders.net\/wp-content\/uploads\/2023\/08\/hydraulic-cylinder-product-4-1024x510.webp\" alt=\"\" width=\"1024\" height=\"510\" srcset=\"https:\/\/hydraulic-cylinders.net\/wp-content\/uploads\/2023\/08\/hydraulic-cylinder-product-4-980x488.webp 980w, https:\/\/hydraulic-cylinders.net\/wp-content\/uploads\/2023\/08\/hydraulic-cylinder-product-4-480x239.webp 480w\" sizes=\"(min-width: 0px) and (max-width: 480px) 480px, (min-width: 481px) and (max-width: 980px) 980px, (min-width: 981px) 1024px, 100vw\" \/><\/p>\n<h3>(4) Boyama ve kaplama<\/h3>\n<p>K\u00fc\u00e7\u00fck ve orta \u00f6l\u00e7ekli silindirli otomatik su bazl\u0131 boya kaplama hatlar\u0131nda, otomatik robot y\u00fckleme-bo\u015faltma ve otomatik p\u00fcsk\u00fcrtmeyi ger\u00e7ekle\u015ftirmek i\u00e7in, vardiya ba\u015f\u0131na 4000 adet tasar\u0131m kapasitesi;<br \/>\nAyr\u0131ca, vardiya ba\u015f\u0131na 60 kasa kapasiteli, g\u00fc\u00e7 zinciriyle \u00e7al\u0131\u015fan b\u00fcy\u00fck silindirler i\u00e7in yar\u0131 otomatik boya \u00fcretim hatt\u0131m\u0131z da bulunmaktad\u0131r.<\/p>\n<p><img loading=\"lazy\" decoding=\"async\" class=\"alignnone wp-image-630\" src=\"https:\/\/hydraulic-cylinders.net\/wp-content\/uploads\/2023\/08\/hydraulic-cylinder-product-5-300x213.webp\" alt=\"\" width=\"366\" height=\"260\" \/> <img loading=\"lazy\" decoding=\"async\" class=\"alignnone wp-image-631\" src=\"https:\/\/hydraulic-cylinders.net\/wp-content\/uploads\/2023\/08\/hydraulic-cylinder-product-6-300x225.webp\" alt=\"\" width=\"347\" height=\"260\" \/><\/p>\n<h3>(5) Test etme<\/h3>\n<p>Silindirin performans\u0131n\u0131n gereklilikleri kar\u015f\u0131lad\u0131\u011f\u0131ndan emin olmak i\u00e7in birinci s\u0131n\u0131f muayene tesislerimiz ve test yataklar\u0131m\u0131z bulunmaktad\u0131r.<\/p>\n<p><img loading=\"lazy\" decoding=\"async\" class=\"alignnone wp-image-632\" src=\"https:\/\/hydraulic-cylinders.net\/wp-content\/uploads\/2023\/08\/hydraulic-cylinder-product-8-300x200.webp\" alt=\"\" width=\"389\" height=\"260\" \/><\/p>\n<p>&nbsp;<\/p>\n<p>&nbsp;<\/p>\n<p>En iyi kompakt hidrolik silindir \u00fcreticilerinden biriyiz. Kapsaml\u0131 kompakt hidrolik silindir sto\u011fu sunabiliyoruz. Ayr\u0131ca, ilgili \u00fcr\u00fcnleri de sa\u011fl\u0131yoruz. <a href=\"https:\/\/hzpt.com\/agricultural-pto-gearbox\/\" target=\"_blank\" rel=\"noopener\">tar\u0131msal di\u015fli kutular\u0131<\/a>\u00dcr\u00fcnlerimizi d\u00fcnya \u00e7ap\u0131ndaki m\u00fc\u015fterilerimize ihra\u00e7 ettik ve \u00fcst\u00fcn \u00fcr\u00fcn kalitemiz ve sat\u0131\u015f sonras\u0131 hizmetlerimiz sayesinde iyi bir itibar kazand\u0131k. Yurt i\u00e7i ve yurt d\u0131\u015f\u0131ndaki m\u00fc\u015fterilerimizi i\u015f g\u00f6r\u00fc\u015fmeleri yapmak, bilgi al\u0131\u015fveri\u015finde bulunmak ve <a href=\"https:\/\/www.hydraulic-cylinders.net\/tr\/contact-us\/\">bizimle i\u015fbirli\u011fi yap\u0131n<\/a>!<\/p>\n<h2><\/h2>\n<h1 style=\"text-align: center;\"><\/h1>","protected":false},"excerpt":{"rendered":"<p>50-100 Double Acting Double Axis MDC Series Compact Mold Cylinder The double-acting, double-axis MDC Series compact mold cylinder is an innovative hydraulic cylinder explicitly designed for die applications. With its advanced features, reliable performance, and compact design, this cylinder offers superior functionality and efficiency in various industrial environments. Whether used in injection molding machines, die-casting [&hellip;]<\/p>","protected":false},"featured_media":1425,"comment_status":"open","ping_status":"closed","template":"","meta":{"_et_pb_use_builder":"","_et_pb_old_content":"","_et_gb_content_width":""},"product_brand":[],"product_cat":[1550,1523,1376],"product_tag":[1380],"class_list":{"0":"post-1423","1":"product","2":"type-product","3":"status-publish","4":"has-post-thumbnail","6":"product_cat-double-acting-hydraulic-cylinder","7":"product_cat-injection-molding-hydraulic-cylinders","8":"product_cat-hydraulic-cylinder","9":"product_tag-hydraulic-cylinder","11":"first","12":"instock","13":"shipping-taxable","14":"product-type-simple"},"amp_enabled":true,"_links":{"self":[{"href":"https:\/\/www.hydraulic-cylinders.net\/tr\/wp-json\/wp\/v2\/product\/1423","targetHints":{"allow":["GET"]}}],"collection":[{"href":"https:\/\/www.hydraulic-cylinders.net\/tr\/wp-json\/wp\/v2\/product"}],"about":[{"href":"https:\/\/www.hydraulic-cylinders.net\/tr\/wp-json\/wp\/v2\/types\/product"}],"replies":[{"embeddable":true,"href":"https:\/\/www.hydraulic-cylinders.net\/tr\/wp-json\/wp\/v2\/comments?post=1423"}],"wp:featuredmedia":[{"embeddable":true,"href":"https:\/\/www.hydraulic-cylinders.net\/tr\/wp-json\/wp\/v2\/media\/1425"}],"wp:attachment":[{"href":"https:\/\/www.hydraulic-cylinders.net\/tr\/wp-json\/wp\/v2\/media?parent=1423"}],"wp:term":[{"taxonomy":"product_brand","embeddable":true,"href":"https:\/\/www.hydraulic-cylinders.net\/tr\/wp-json\/wp\/v2\/product_brand?post=1423"},{"taxonomy":"product_cat","embeddable":true,"href":"https:\/\/www.hydraulic-cylinders.net\/tr\/wp-json\/wp\/v2\/product_cat?post=1423"},{"taxonomy":"product_tag","embeddable":true,"href":"https:\/\/www.hydraulic-cylinders.net\/tr\/wp-json\/wp\/v2\/product_tag?post=1423"}],"curies":[{"name":"wp","href":"https:\/\/api.w.org\/{rel}","templated":true}]}}