{"id":14477,"date":"2024-12-12T08:47:25","date_gmt":"2024-12-12T08:47:25","guid":{"rendered":"https:\/\/www.hydraulic-cylinders.net\/product\/replacement-of-f071074-cylinder\/"},"modified":"2024-12-12T08:47:27","modified_gmt":"2024-12-12T08:47:27","slug":"replacement-of-f071074-cylinder","status":"publish","type":"product","link":"https:\/\/www.hydraulic-cylinders.net\/tr\/urun\/replacement-of-f071074-cylinder\/","title":{"rendered":"F071074 Silindirinin De\u011fi\u015ftirilmesi"},"content":{"rendered":"<h2>\u00dcr\u00fcn Tan\u0131t\u0131m\u0131<\/h2>\n<p>F071074 Silindirinin De\u011fi\u015ftirilmesi, end\u00fcstride \u00e7e\u015fitli uygulamalarda kullan\u0131lan bir hidrolik silindirdir. Silindirin a\u011f\u0131rl\u0131\u011f\u0131 11 lb (4,7 kg) ve boyutlar\u0131 5,1 in\u00e7 (y\u00fckseklik), 5,3 in\u00e7 (geni\u015flik) ve 17,9 in\u00e7 (uzunluk)'tir. 810E, 910G, 1010E, 1010G, 1110E, 1110G, 1210E, 1210G, 1510E, 1510G, 1910E ve 1910G gibi \u00e7e\u015fitli makine modelleriyle uyumludur.<\/p>\n<h2>\u00d6zellikler ve Uyumluluk<\/h2>\n<p>F071074 Silindirinin De\u011fi\u015ftirilmesi, y\u00fcksek y\u00fck ta\u015f\u0131ma kapasitesine sahiptir ve y\u00fcksek bas\u0131n\u00e7l\u0131 ortamlara dayanacak \u015fekilde tasarlanm\u0131\u015ft\u0131r. Silindir, \u00e7e\u015fitli makine modelleriyle uyumludur ve bu da onu sekt\u00f6rde \u00e7ok y\u00f6nl\u00fc bir yedek par\u00e7a se\u00e7ene\u011fi haline getirir.<\/p>\n<h2>\u00dcr\u00fcn \u00d6zellikleri<\/h2>\n<ul>\n<li>F071074 Silindirinin De\u011fi\u015ftirilmesi, normal \u00e7al\u0131\u015fma yetene\u011fini geri kazand\u0131rarak ekipman performans\u0131n\u0131 art\u0131r\u0131r.<\/li>\n<li>Silindir ar\u0131zas\u0131ndan kaynaklanan kaza riskini azaltarak g\u00fcvenli\u011fi art\u0131r\u0131r.<\/li>\n<li>Silindirde g\u00fcvenli\u011fi art\u0131ran daha iyi a\u015f\u0131r\u0131 y\u00fck koruma mekanizmalar\u0131 bulunmaktad\u0131r.<\/li>\n<li>Kurulumu ve de\u011fi\u015fimi kolayd\u0131r, bu sayede ar\u0131za s\u00fcreleri azal\u0131r.<\/li>\n<li>Silindir standart bir \u00fcr\u00fcnd\u00fcr, bu sayede piyasada yedek par\u00e7a temini kolayd\u0131r.<\/li>\n<\/ul>\n<h2>Uygulamalar<\/h2>\n<p>F071074 Silindirinin De\u011fi\u015ftirilmesi \u00e7e\u015fitli uygulamalarda kullan\u0131l\u0131r, \u00f6rne\u011fin:<\/p>\n<ol>\n<li>Ekskavat\u00f6rler: Ekskavat\u00f6r\u00fcn kovas\u0131 veya kolunda kullan\u0131l\u0131r.<\/li>\n<li>Vin\u00e7ler: Vincin kald\u0131rma kolunda kullan\u0131l\u0131r.<\/li>\n<li>Trakt\u00f6rler: Trakt\u00f6r\u00fcn \u00f6n y\u00fckleyicisinde kullan\u0131l\u0131r.<\/li>\n<li>Hasat Makineleri: Hasat makinesinin hidrolik sisteminde kullan\u0131l\u0131r.<\/li>\n<li>Otomatik \u00fcretim hatlar\u0131: Robotik kollar\u0131 ve di\u011fer otomatik ekipmanlar\u0131 kontrol etmek i\u00e7in kullan\u0131l\u0131r.<\/li>\n<li>Pres d\u00f6k\u00fcm makineleri: Y\u00fcksek bas\u0131n\u00e7 ve y\u00fcksek s\u0131cakl\u0131k ortamlar\u0131nda kullan\u0131l\u0131r.<\/li>\n<li>Madencilik ekipmanlar\u0131: A\u011f\u0131r cisimleri kald\u0131rmak ve ta\u015f\u0131mak i\u00e7in kullan\u0131l\u0131r.<\/li>\n<li>Buldozerler: Buldozer b\u0131\u00e7a\u011f\u0131nda kullan\u0131l\u0131r.<\/li>\n<\/ol>\n<h2>Bak\u0131m<\/h2>\n<p>F071074 Silindirinin uzun \u00f6m\u00fcrl\u00fc ve verimli \u00e7al\u0131\u015fmas\u0131 i\u00e7in d\u00fczenli bak\u0131m \u015fartt\u0131r. A\u015fa\u011f\u0131daki bak\u0131m i\u015flemleri yap\u0131lmal\u0131d\u0131r:<\/p>\n<ol>\n<li>Herhangi bir kusur veya s\u0131z\u0131nt\u0131 olup olmad\u0131\u011f\u0131n\u0131 tespit etmek i\u00e7in d\u00fczenli kontroller yap\u0131l\u0131r.<\/li>\n<li>A\u015f\u0131nma ve y\u0131pranmay\u0131 azaltmak i\u00e7in uygun ya\u011flaman\u0131n uygulanmas\u0131.<\/li>\n<li>S\u0131z\u0131nt\u0131lar\u0131 \u00f6nlemek i\u00e7in contalar\u0131n de\u011fi\u015ftirilmesi.<\/li>\n<\/ol>\n<h2>G\u00fcvenlik ve \u00c7evresel Hususlar<\/h2>\n<p>F071074 Silindirinin De\u011fi\u015ftirilmesi s\u0131ras\u0131nda g\u00fcvenlik \u00f6nlemlerine uyulmas\u0131 \u00e7ok \u00f6nemlidir. Yanl\u0131\u015f montaj veya kullan\u0131m, kazalara ve yaralanmalara neden olabilir. Kirlili\u011fi \u00f6nlemek i\u00e7in hasarl\u0131 silindirlerin bertaraf\u0131 s\u0131ras\u0131nda \u00e7evresel hususlar da dikkate al\u0131nmal\u0131d\u0131r.<\/p>\n<h2>Sorun Giderme ve Yayg\u0131n Sorunlar<\/h2>\n<p>F071074 Silindir De\u011fi\u015fimi ile ilgili yayg\u0131n sorunlar aras\u0131nda s\u0131z\u0131nt\u0131lar, a\u015f\u0131r\u0131 titre\u015fim ve yetersiz bas\u0131n\u00e7 bulunur. Bu sorunlar\u0131n temel nedeni genellikle yetersiz bak\u0131md\u0131r. Sorunlar\u0131 te\u015fhis etmek ve gidermek i\u00e7in d\u00fczenli kontroller yap\u0131n ve ar\u0131zalar\u0131 derhal giderin.<\/p>\n<h2>\u00dcr\u00fcn Tasar\u0131m\u0131 ve Se\u00e7imi<\/h2>\n<p>F071074 Silindirinin De\u011fi\u015ftirilmesi, y\u00fcksek bas\u0131n\u00e7l\u0131 ortamlara dayanacak \u015fekilde tasarlanm\u0131\u015ft\u0131r ve y\u00fcksek y\u00fck ta\u015f\u0131ma kapasitesine sahiptir. Dayan\u0131kl\u0131 malzemelerden \u00fcretilmi\u015ftir ve ola\u011fan\u00fcst\u00fc s\u0131zd\u0131rmazl\u0131k \u00f6zelliklerine sahiptir. Bir silindir se\u00e7erken, makineyle uyumlulu\u011fu ve y\u00fck ta\u015f\u0131ma kapasitesi gibi fakt\u00f6rleri g\u00f6z \u00f6n\u00fcnde bulundurmak \u00f6nemlidir.<\/p>\n<h2>S\u0131zd\u0131rmazl\u0131k ve Ya\u011flama<\/h2>\n<p>F071074 Silindirinin De\u011fi\u015ftirilmesi, s\u0131z\u0131nt\u0131lar\u0131 \u00f6nlemek i\u00e7in piston contalar\u0131 ve piston kolu contalar\u0131 gibi y\u00fcksek kaliteli s\u0131zd\u0131rmazl\u0131k bile\u015fenleri kullan\u0131r. Ayr\u0131ca, a\u015f\u0131nma ve y\u0131pranmay\u0131 azaltmak i\u00e7in hidrolik ya\u011f ile ya\u011flanacak \u015fekilde tasarlanm\u0131\u015ft\u0131r. Silindirin verimlili\u011fini korumak i\u00e7in d\u00fczenli ya\u011flama ve conta de\u011fi\u015fimi \u015fartt\u0131r.<\/p>\n<h2>Kurulum ve Bak\u0131m<\/h2>\n<p>F071074 Silindirinin De\u011fi\u015ftirilmesi'nin verimli ve g\u00fcvenli bir \u015fekilde \u00e7al\u0131\u015fmas\u0131n\u0131 sa\u011flamak i\u00e7in do\u011fru montaj \u00e7ok \u00f6nemlidir. Ayr\u0131ca a\u015fa\u011f\u0131daki bak\u0131m i\u015flemleri de yap\u0131lmal\u0131d\u0131r:<\/p>\n<ol>\n<li>Montaj s\u0131ras\u0131nda silindirin do\u011fru \u015fekilde hizalanmas\u0131.<\/li>\n<li>Silindiri sabitlemek i\u00e7in uygun montaj braketlerini kullan\u0131n.<\/li>\n<li>Tavsiye edilen muayene, onar\u0131m ve de\u011fi\u015ftirme prosed\u00fcrlerini takip edin.<\/li>\n<\/ol>\n<h2>\u015eirket Tan\u0131t\u0131m\u0131<\/h2>\n<p>Yurt i\u00e7i ve yurt d\u0131\u015f\u0131 pazarlara geni\u015f bir yelpazede y\u00fcksek kaliteli \u00fcr\u00fcnler sunan lider bir hidrolik silindir \u00fcreticisi ve toptanc\u0131s\u0131y\u0131z. \u00dcr\u00fcnlerimiz g\u00fcvenilirli\u011fi, dayan\u0131kl\u0131l\u0131\u011f\u0131 ve ola\u011fan\u00fcst\u00fc performans\u0131yla \u00fcnl\u00fcd\u00fcr. \u00d6zel tasar\u0131m hizmetleri sunuyoruz ve \u00fcretim ekipmanlar\u0131m\u0131z en y\u00fcksek kalitededir. M\u00fc\u015fterilerimize m\u00fckemmel m\u00fc\u015fteri hizmeti ve teknik destek sunmaya kendimizi adad\u0131k.<\/p>\n<p><img decoding=\"async\" src=\"https:\/\/www.hydraulic-cylinders.net\/wp-content\/uploads\/2024\/12\/hydraulic-cylinder-factory.webp\" alt=\"Hidrolik Silindir Fabrikas\u0131\"><\/p>\n<p>Yazar: lyl<\/p>","protected":false},"excerpt":{"rendered":"<p>Product Introduction The Replacement Of F071074 Cylinder is a hydraulic cylinder used for various applications in the industry. The cylinder has a weight of 11 lb and dimensions of 5.1 in (height), 5.3 in (width), and 17.9 in (length). It is compatible with several machine models such as 810E, 910G, 1010E, 1010G, 1110E, 1110G, 1210E, [&hellip;]<\/p>","protected":false},"featured_media":12218,"comment_status":"open","ping_status":"closed","template":"","meta":{"_et_pb_use_builder":"","_et_pb_old_content":"","_et_gb_content_width":""},"product_brand":[],"product_cat":[1489],"product_tag":[1380,1490,1491],"class_list":{"0":"post-14477","1":"product","2":"type-product","3":"status-publish","4":"has-post-thumbnail","6":"product_cat-replacement-of-john-deere-hydraulic-cylinder","7":"product_tag-hydraulic-cylinder","8":"product_tag-replacement-of-hydraulic-cylinder","9":"product_tag-replacemet-of-john-deere-hydraulic-cylinder","11":"first","12":"instock","13":"shipping-taxable","14":"product-type-simple"},"amp_enabled":true,"_links":{"self":[{"href":"https:\/\/www.hydraulic-cylinders.net\/tr\/wp-json\/wp\/v2\/product\/14477","targetHints":{"allow":["GET"]}}],"collection":[{"href":"https:\/\/www.hydraulic-cylinders.net\/tr\/wp-json\/wp\/v2\/product"}],"about":[{"href":"https:\/\/www.hydraulic-cylinders.net\/tr\/wp-json\/wp\/v2\/types\/product"}],"replies":[{"embeddable":true,"href":"https:\/\/www.hydraulic-cylinders.net\/tr\/wp-json\/wp\/v2\/comments?post=14477"}],"wp:featuredmedia":[{"embeddable":true,"href":"https:\/\/www.hydraulic-cylinders.net\/tr\/wp-json\/wp\/v2\/media\/12218"}],"wp:attachment":[{"href":"https:\/\/www.hydraulic-cylinders.net\/tr\/wp-json\/wp\/v2\/media?parent=14477"}],"wp:term":[{"taxonomy":"product_brand","embeddable":true,"href":"https:\/\/www.hydraulic-cylinders.net\/tr\/wp-json\/wp\/v2\/product_brand?post=14477"},{"taxonomy":"product_cat","embeddable":true,"href":"https:\/\/www.hydraulic-cylinders.net\/tr\/wp-json\/wp\/v2\/product_cat?post=14477"},{"taxonomy":"product_tag","embeddable":true,"href":"https:\/\/www.hydraulic-cylinders.net\/tr\/wp-json\/wp\/v2\/product_tag?post=14477"}],"curies":[{"name":"wp","href":"https:\/\/api.w.org\/{rel}","templated":true}]}}