{"id":14739,"date":"2025-01-18T08:04:12","date_gmt":"2025-01-18T08:04:12","guid":{"rendered":"https:\/\/www.hydraulic-cylinders.net\/product\/replacement-of-ah212712-hydraulic-cylinder-2\/"},"modified":"2025-01-18T08:04:14","modified_gmt":"2025-01-18T08:04:14","slug":"replacement-of-ah212712-hydraulic-cylinder-2","status":"publish","type":"product","link":"https:\/\/www.hydraulic-cylinders.net\/tr\/urun\/replacement-of-ah212712-hydraulic-cylinder-2\/","title":{"rendered":"AH212712 Hidrolik Silindirinin De\u011fi\u015ftirilmesi"},"content":{"rendered":"<h1>AH212712 Hidrolik Silindirinin De\u011fi\u015ftirilmesi<\/h1>\n<p>AH212712 Hidrolik Silindirinin De\u011fi\u015ftirilmesi, \u00e7e\u015fitli uygulamalarda kullan\u0131lan bir hidrolik bile\u015fendir. 42,8 lb a\u011f\u0131rl\u0131\u011f\u0131nda, 5 in\u00e7 y\u00fcksekli\u011finde, 5 in\u00e7 geni\u015fli\u011finde ve 26,5 in\u00e7 uzunlu\u011fundad\u0131r. A\u015fa\u011f\u0131daki makine modelleriyle uyumludur: 637, 730LL, 2210LL, 2310, 2620, 2623, 2623VT, 2625, 2630, 2633, 2633VT ve 2635.<\/p>\n<h2>\u00dcr\u00fcn Tan\u0131m\u0131 ve \u0130\u015flevi<\/h2>\n<p>AH212712 Hidrolik Silindirinin De\u011fi\u015ftirilmesi, hidrolik sistemlerin hayati bir par\u00e7as\u0131d\u0131r. Hidrolik g\u00fcc\u00fc do\u011frusal mekanik kuvvete d\u00f6n\u00fc\u015ft\u00fcrmede \u00f6nemli bir rol oynar ve \u00e7e\u015fitli makine ve ekipmanlar\u0131n hareket etmesini ve \u00e7al\u0131\u015fmas\u0131n\u0131 sa\u011flar.<\/p>\n<h2>\u00d6zellikler ve Makine Modelleri<\/h2>\n<p>AH212712 Hidrolik Silindirinin De\u011fi\u015ftirilmesi a\u015fa\u011f\u0131daki \u00f6zelliklere sahiptir:<\/p>\n<ul>\n<li>A\u011f\u0131rl\u0131k: 42,8 lb<\/li>\n<li>Y\u00fckseklik: 5 in\u00e7<\/li>\n<li>Geni\u015flik: 5 in\u00e7<\/li>\n<li>Uzunluk: 26,5 in\u00e7<\/li>\n<\/ul>\n<p>A\u015fa\u011f\u0131daki makine modelleri ile uyumludur:<\/p>\n<ul>\n<li>637<\/li>\n<li>730LL<\/li>\n<li>2210LL<\/li>\n<li>2310<\/li>\n<li>2620<\/li>\n<li>2623<\/li>\n<li>2623VT<\/li>\n<li>2625<\/li>\n<li>2630<\/li>\n<li>2633<\/li>\n<li>2633VT<\/li>\n<li>2635<\/li>\n<\/ul>\n<h2>\u00dcr\u00fcn \u00d6zellikleri<\/h2>\n<p>AH212712 Hidrolik Silindirinin De\u011fi\u015ftirilmesi a\u015fa\u011f\u0131daki temel \u00f6zellikleri sunar:<\/p>\n<ol>\n<li>Dayan\u0131kl\u0131l\u0131k ve g\u00fcvenilirlik i\u00e7in y\u00fcksek kaliteli yap\u0131<\/li>\n<li>Optimum performans i\u00e7in hassas m\u00fchendislik<\/li>\n<li>Kolay kurulum ve \u00e7e\u015fitli makinelerle uyumluluk<\/li>\n<li>M\u00fckemmel y\u00fck ta\u015f\u0131ma kapasitesi<\/li>\n<li>S\u0131z\u0131nt\u0131lar\u0131 \u00f6nlemek i\u00e7in etkili s\u0131zd\u0131rmazl\u0131k<\/li>\n<\/ol>\n<h3>\u0130n\u015faat Uygulamalar\u0131<\/h3>\n<p>AH212712 Hidrolik Silindirinin De\u011fi\u015ftirilmesi, vin\u00e7ler, kald\u0131rma makineleri ve asans\u00f6rler gibi a\u011f\u0131r y\u00fckleri g\u00fcvenli bir \u015fekilde yerinde tutmak i\u00e7in gerekli olan in\u015faat ekipmanlar\u0131nda yayg\u0131n olarak kullan\u0131l\u0131r.<\/p>\n<h3>\u00dcretimde Uygulamalar<\/h3>\n<p>Hidrolik preslerde, y\u00fcksek bas\u0131n\u00e7 alt\u0131nda malzemeleri \u015fekillendirmek i\u00e7in gerekli kuvveti sa\u011flamak amac\u0131yla kullan\u0131l\u0131r. Hidrolik silindir, \u00fcretim s\u00fcrecinde stabilite ve hassasiyet sa\u011flar.<\/p>\n<h3>Ula\u015ft\u0131rmada Uygulamalar<\/h3>\n<p>Ta\u015f\u0131mac\u0131l\u0131k sekt\u00f6r\u00fcnde AH212712 Hidrolik Silindir De\u011fi\u015fimi, ara\u00e7larda kullan\u0131lan dengeleyicilerde ve krikolarda kullan\u0131larak bak\u0131m veya ta\u015f\u0131ma operasyonlar\u0131 s\u0131ras\u0131nda g\u00fcvenli\u011fi sa\u011flar.<\/p>\n<h3>Havac\u0131l\u0131kta Uygulamalar<\/h3>\n<p>Havac\u0131l\u0131kta, ini\u015f tak\u0131m\u0131 sisteminde hidrolik silindir hayati \u00f6nem ta\u015f\u0131r. Kalk\u0131\u015f ve ini\u015f s\u0131ras\u0131nda ini\u015f tak\u0131mlar\u0131n\u0131 uygun konumda g\u00fcvenli bir \u015fekilde kilitleyerek u\u00e7a\u011f\u0131n g\u00fcvenli\u011fini sa\u011flar.<\/p>\n<h2>Tasar\u0131m Hususlar\u0131 ve Se\u00e7im Kriterleri<\/h2>\n<h3>Y\u00fck Kapasitesi<\/h3>\n<p>AH212712 Hidrolik Silindirinin De\u011fi\u015ftirilmesi, a\u011f\u0131r y\u00fckleri etkili bir \u015fekilde ta\u015f\u0131mak \u00fczere tasarlanm\u0131\u015ft\u0131r. Sa\u011flam yap\u0131s\u0131 ve malzemeleri, y\u00fcksek bas\u0131n\u00e7 ko\u015fullar\u0131na dayanmas\u0131n\u0131 ve stabilitesini korumas\u0131n\u0131 sa\u011flar.<\/p>\n<h3>S\u0131zd\u0131rmazl\u0131k<\/h3>\n<p>Hidrolik silindir, poli\u00fcretan ve nitril kau\u00e7uk gibi a\u015f\u0131nmaya dayan\u0131kl\u0131 malzemelerden yap\u0131lm\u0131\u015f piston contalar\u0131 ve piston kolu contalar\u0131 gibi \u00e7e\u015fitli s\u0131zd\u0131rmazl\u0131k bile\u015fenlerini i\u00e7erir. Silindirin silindir g\u00f6vdesi ve di\u015fli u\u00e7lar\u0131, a\u015f\u0131nma direncini art\u0131rmak i\u00e7in hassas bir i\u015flemden ge\u00e7irilir. Sorunsuz \u00e7al\u0131\u015fma sa\u011flamak ve conta hasar\u0131n\u0131 \u00f6nlemek i\u00e7in uygun bir hidrolik ya\u011f ile d\u00fczenli ya\u011flama gereklidir.<\/p>\n<h3>Dayan\u0131kl\u0131l\u0131k<\/h3>\n<p>AH212712 Hidrolik Silindirinin Yedek Par\u00e7as\u0131, zorlu \u00e7al\u0131\u015fma ko\u015fullar\u0131na dayanacak \u015fekilde \u00fcretilmi\u015ftir. Y\u00fcksek kaliteli malzemeler kullan\u0131larak \u00fcretilmi\u015ftir ve uzun \u00f6m\u00fcrl\u00fc performans sa\u011flamak i\u00e7in titiz testlerden ge\u00e7irilmi\u015ftir.<\/p>\n<h3>Emniyet<\/h3>\n<p>G\u00fcvenlik, hidrolik silindir tasar\u0131m\u0131n\u0131n \u00f6nemli bir unsurudur. Kurulum, \u00e7al\u0131\u015ft\u0131rma ve bak\u0131m s\u0131ras\u0131nda kazalar\u0131 \u00f6nlemek ve operat\u00f6r g\u00fcvenli\u011fini sa\u011flamak i\u00e7in \u00f6nlemler al\u0131n\u0131r.<\/p>\n<h3>Bak\u0131m<\/h3>\n<p>AH212712 Hidrolik Silindir De\u011fi\u015fimi'nin optimum performans ve uzun \u00f6m\u00fcrl\u00fc olmas\u0131 i\u00e7in d\u00fczenli muayeneler ve \u00f6nleyici bak\u0131m \u015fartt\u0131r. Do\u011fru montaj, ya\u011flama ve ayar hayati \u00f6nem ta\u015f\u0131r. Montaj s\u0131ras\u0131nda silindirin do\u011fru \u015fekilde hizalanmas\u0131 ve g\u00fcvenli sabitleme i\u00e7in uygun montaj braketlerinin kullan\u0131lmas\u0131 \u00f6nerilir. Makalede, \u00f6nerilen muayene, onar\u0131m ve de\u011fi\u015ftirme prosed\u00fcrlerinin yan\u0131 s\u0131ra hidrolik silindirin \u00f6mr\u00fcn\u00fc uzatmak i\u00e7in ipu\u00e7lar\u0131 da verilmektedir.<\/p>\n<h2>\u00dcr\u00fcn G\u00fcvenli\u011fi Hususlar\u0131 ve \u00c7evresel Fakt\u00f6rler<\/h2>\n<p>AH212712 Hidrolik Silindir Yedek Par\u00e7as\u0131 kullan\u0131l\u0131rken, kazalar\u0131 \u00f6nlemek ve operat\u00f6rlerin ve \u00e7evredeki personelin sa\u011fl\u0131\u011f\u0131n\u0131 korumak i\u00e7in g\u00fcvenlik \u00f6nlemlerine uyulmas\u0131 hayati \u00f6nem ta\u015f\u0131r. Kullan\u0131m, kurulum, \u00e7al\u0131\u015ft\u0131rma ve bak\u0131m s\u0131ras\u0131nda g\u00fcvenlik \u00f6nlemlerine uyulmal\u0131d\u0131r.<\/p>\n<h2>Sorun Giderme ve Yayg\u0131n Sorunlar<\/h2>\n<p>G\u00fcvenilir olmalar\u0131na ra\u011fmen, hidrolik silindirler baz\u0131 sorunlarla kar\u015f\u0131la\u015fabilir. Yayg\u0131n sorunlar aras\u0131nda s\u0131z\u0131nt\u0131, yetersiz kuvvet ve anormal sesler bulunur. Do\u011fru te\u015fhis ve sorun giderme, bu sorunlar\u0131n etkili bir \u015fekilde ele al\u0131nmas\u0131nda hayati \u00f6nem ta\u015f\u0131r.<\/p>\n<h2>Bak\u0131m \u0130pu\u00e7lar\u0131 ve Sorun \u00c7\u00f6z\u00fcm\u00fc<\/h2>\n<p>Etkili te\u015fhis ve sorun \u00e7\u00f6zme i\u00e7in, makale AH212712 Hidrolik Silindir De\u011fi\u015fimi ile kar\u015f\u0131la\u015f\u0131lan yayg\u0131n sorunlar\u0131 ele almak i\u00e7in faydal\u0131 ipu\u00e7lar\u0131 ve \u00e7\u00f6z\u00fcmler sunmaktad\u0131r. Ayr\u0131ca, olas\u0131 sorunlar\u0131 en aza indirmek ve optimum performans sa\u011flamak i\u00e7in \u00f6nleyici tedbirler de \u00f6nermektedir.<\/p>\n<p><img decoding=\"async\" src=\"https:\/\/www.hydraulic-cylinders.net\/wp-content\/uploads\/2024\/12\/Replacement-Of-John-Deere-Hydraulic-Cylinder-7.webp\" alt=\"Hidrolik Silindir\" \/><\/p>\n<h2>Bak\u0131m G\u00f6revleri<\/h2>\n<p>AH212712 Hidrolik Silindirinin De\u011fi\u015ftirilmesi i\u00e7in d\u00fczenli bak\u0131m g\u00f6revleri \u015funlar\u0131 i\u00e7erir:<\/p>\n<ol>\n<li>Periyodik muayeneler<\/li>\n<li>Uygun ya\u011flama<\/li>\n<li>Conta de\u011fi\u015fimi<\/li>\n<li>Kalibrasyon kontrolleri<\/li>\n<\/ol>\n<p>Bu g\u00f6revler, hidrolik silindirin do\u011fru \u015fekilde tak\u0131lmas\u0131, ya\u011flanmas\u0131 ve ayarlanmas\u0131 i\u00e7in kritik \u00f6neme sahiptir. Kurulum s\u0131ras\u0131nda do\u011fru hizalama k\u0131lavuzu ve g\u00fcvenli sabitleme i\u00e7in uygun montaj braketlerinin kullan\u0131m\u0131 konusunda \u00f6neriler sunulmaktad\u0131r. Makalede ayr\u0131ca, \u00f6nerilen muayene, onar\u0131m ve de\u011fi\u015ftirme prosed\u00fcrlerinin yan\u0131 s\u0131ra hidrolik silindirin \u00f6mr\u00fcn\u00fc uzatmak i\u00e7in ipu\u00e7lar\u0131 da sunulmaktad\u0131r.<\/p>\n<p><img decoding=\"async\" src=\"https:\/\/www.hydraulic-cylinders.net\/wp-content\/uploads\/2024\/12\/Replacement-Of-John-Deere-Hydraulic-Cylinder-8.webp\" alt=\"Hidrolik Silindir\" \/><\/p>\n<h1>\u015eirketimiz Hakk\u0131nda<\/h1>\n<p>Yedek hidrolik silindirlerin lider \u00fcreticisi ve toptan da\u011f\u0131t\u0131c\u0131s\u0131y\u0131z. Geni\u015f \u00fcr\u00fcn yelpazemiz, bizi hem yurt i\u00e7i hem de yurt d\u0131\u015f\u0131 pazarlarda \u00f6nemli bir oyuncu haline getirmi\u015ftir.<\/p>\n<h2>Profesyonellik ve Uluslararas\u0131 Sertifikalar<\/h2>\n<p>Profesyonelli\u011fimizle gurur duyuyoruz ve t\u00fcm \u00fcr\u00fcnlerimiz uluslararas\u0131 kalite standartlar\u0131n\u0131 kar\u015f\u0131l\u0131yor. M\u00fckemmelli\u011fe olan ba\u011fl\u0131l\u0131\u011f\u0131m\u0131z, bize tan\u0131nm\u0131\u015f kurulu\u015flardan sertifikalar kazand\u0131rd\u0131.<\/p>\n<h2>\u00d6zelle\u015ftirme Hizmetleri<\/h2>\n<p>Standart \u00fcr\u00fcn yelpazemize ek olarak, \u00f6zel m\u00fc\u015fteri ihtiya\u00e7lar\u0131n\u0131 kar\u015f\u0131lamak i\u00e7in \u00f6zelle\u015ftirme hizmetleri de sunuyoruz. Uzman ekibimiz, \u00f6zel hidrolik silindir \u00e7\u00f6z\u00fcmleri sunmak i\u00e7in m\u00fc\u015fterilerimizle yak\u0131n bir \u015fekilde \u00e7al\u0131\u015fmaktad\u0131r.<\/p>\n<h2>Son Teknoloji \u00dcretim Tesisleri<\/h2>\n<p>\u0130leri \u00fcretim ekipmanlar\u0131 ve teknolojisiyle donat\u0131lm\u0131\u015f \u00fcretim tesislerimiz, y\u00fcksek kaliteli hidrolik silindirleri verimli ve istikrarl\u0131 bir \u015fekilde \u00fcretmemizi sa\u011fl\u0131yor.<\/p>\n<h2>Ola\u011fan\u00fcst\u00fc Sat\u0131\u015f Sonras\u0131 Hizmet<\/h2>\n<p>M\u00fc\u015fteri memnuniyetini \u00f6n planda tutuyor ve ola\u011fan\u00fcst\u00fc sat\u0131\u015f sonras\u0131 hizmet sunuyoruz. \u00d6zel destek ekibimiz, m\u00fc\u015fterilerimize her t\u00fcrl\u00fc soru, teknik destek veya \u00fcr\u00fcnle ilgili endi\u015felerinde yard\u0131mc\u0131 olmaya her zaman haz\u0131rd\u0131r.<\/p>\n<p><img decoding=\"async\" src=\"https:\/\/www.hydraulic-cylinders.net\/wp-content\/uploads\/2024\/12\/hydraulic-cylinder-factory.webp\" alt=\"Hidrolik Silindir Fabrikas\u0131\" \/><\/p>\n<p>Yazar: lyl<\/p>","protected":false},"excerpt":{"rendered":"<p>Replacement Of AH212712 Hydraulic Cylinder The Replacement Of AH212712 Hydraulic Cylinder is a hydraulic component used in various applications. It weighs 42.8 lb and has a height of 5 in, a width of 5 in, and a length of 26.5 in. It is compatible with the following machine models: 637, 730LL, 2210LL, 2310, 2620, 2623, [&hellip;]<\/p>","protected":false},"featured_media":14738,"comment_status":"open","ping_status":"closed","template":"","meta":{"_et_pb_use_builder":"","_et_pb_old_content":"","_et_gb_content_width":""},"product_brand":[],"product_cat":[1489],"product_tag":[1490,1492],"class_list":{"0":"post-14739","1":"product","2":"type-product","3":"status-publish","4":"has-post-thumbnail","6":"product_cat-replacement-of-john-deere-hydraulic-cylinder","7":"product_tag-replacement-of-hydraulic-cylinder","8":"product_tag-replacement-of-john-deere-hydraulic-cylinder","10":"first","11":"instock","12":"shipping-taxable","13":"product-type-simple"},"amp_enabled":true,"_links":{"self":[{"href":"https:\/\/www.hydraulic-cylinders.net\/tr\/wp-json\/wp\/v2\/product\/14739","targetHints":{"allow":["GET"]}}],"collection":[{"href":"https:\/\/www.hydraulic-cylinders.net\/tr\/wp-json\/wp\/v2\/product"}],"about":[{"href":"https:\/\/www.hydraulic-cylinders.net\/tr\/wp-json\/wp\/v2\/types\/product"}],"replies":[{"embeddable":true,"href":"https:\/\/www.hydraulic-cylinders.net\/tr\/wp-json\/wp\/v2\/comments?post=14739"}],"wp:featuredmedia":[{"embeddable":true,"href":"https:\/\/www.hydraulic-cylinders.net\/tr\/wp-json\/wp\/v2\/media\/14738"}],"wp:attachment":[{"href":"https:\/\/www.hydraulic-cylinders.net\/tr\/wp-json\/wp\/v2\/media?parent=14739"}],"wp:term":[{"taxonomy":"product_brand","embeddable":true,"href":"https:\/\/www.hydraulic-cylinders.net\/tr\/wp-json\/wp\/v2\/product_brand?post=14739"},{"taxonomy":"product_cat","embeddable":true,"href":"https:\/\/www.hydraulic-cylinders.net\/tr\/wp-json\/wp\/v2\/product_cat?post=14739"},{"taxonomy":"product_tag","embeddable":true,"href":"https:\/\/www.hydraulic-cylinders.net\/tr\/wp-json\/wp\/v2\/product_tag?post=14739"}],"curies":[{"name":"wp","href":"https:\/\/api.w.org\/{rel}","templated":true}]}}