{"id":1487,"date":"2023-09-26T06:55:27","date_gmt":"2023-09-26T06:55:27","guid":{"rendered":"https:\/\/hydraulic-cylinders.net\/?post_type=product&#038;p=1487"},"modified":"2025-04-11T03:41:29","modified_gmt":"2025-04-11T03:41:29","slug":"small-excavator-stick-cylinder","status":"publish","type":"product","link":"https:\/\/www.hydraulic-cylinders.net\/tr\/urun\/small-excavator-stick-cylinder\/","title":{"rendered":"K\u00fc\u00e7\u00fck Ekskavat\u00f6r \u00c7ubuk Silindiri"},"content":{"rendered":"<h1 style=\"text-align: center;\"><strong>K\u00fc\u00e7\u00fck Ekskavat\u00f6r \u00c7ubuk Silindiri<\/strong><\/h1>\n<p><img loading=\"lazy\" decoding=\"async\" class=\"aligncenter wp-image-1488\" src=\"https:\/\/hydraulic-cylinders.net\/wp-content\/uploads\/2023\/09\/stick-cylinder-1-300x300.webp\" alt=\"\" width=\"400\" height=\"400\" \/><\/p>\n<p>K\u00fc\u00e7\u00fck Ekskavat\u00f6r \u00c7ubuk Silindiri, k\u00fc\u00e7\u00fck ekskavat\u00f6rlerin performans\u0131n\u0131 ve verimlili\u011fini art\u0131rmak i\u00e7in tasarlanm\u0131\u015f, son derece g\u00fcvenilir ve sa\u011flam bir hidrolik bile\u015fendir. Bu silindir, kompakt in\u015faat makinelerinde ola\u011fan\u00fcst\u00fc g\u00fc\u00e7, hassasiyet ve dayan\u0131kl\u0131l\u0131k sa\u011flamak \u00fczere \u00f6zel olarak tasarlanm\u0131\u015ft\u0131r.<\/p>\n<p>K\u00fc\u00e7\u00fck Ekskavat\u00f6r \u00c7ubuk Silindiri, k\u00fc\u00e7\u00fck ekskavat\u00f6rlerin performans\u0131n\u0131 ve verimlili\u011fini \u00f6nemli \u00f6l\u00e7\u00fcde art\u0131ran hayati bir hidrolik bile\u015fendir. Kompakt tasar\u0131m\u0131, etkileyici eri\u015fim mesafesi ve kazma derinli\u011fi, geli\u015fmi\u015f kazma kuvveti ve hassas kontrol\u00fcyle bu silindir, operat\u00f6rlerin kaz\u0131 g\u00f6revlerini kolay ve hassas bir \u015fekilde ger\u00e7ekle\u015ftirmelerini sa\u011flar. \u00d6nerilen kullan\u0131m y\u00f6ntemlerini ve bak\u0131m uygulamalar\u0131n\u0131 takip eden operat\u00f6rler, K\u00fc\u00e7\u00fck Ekskavat\u00f6r \u00c7ubuk Silindirinin optimum performans\u0131n\u0131 ve uzun \u00f6m\u00fcrl\u00fcl\u00fc\u011f\u00fcn\u00fc sa\u011flayabilir, bu da artan \u00fcretkenlik ve in\u015faat ve kaz\u0131 projelerinin ba\u015far\u0131yla tamamlanmas\u0131yla sonu\u00e7lanabilir. K\u00fc\u00e7\u00fck ekskavat\u00f6r\u00fcn\u00fcz\u00fcn yeteneklerini art\u0131rmak ve kaz\u0131 operasyonlar\u0131n\u0131zda \u00fcst\u00fcn sonu\u00e7lar elde etmek i\u00e7in bu ola\u011fan\u00fcst\u00fc hidrolik silindire yat\u0131r\u0131m yap\u0131n.<\/p>\n<p>K\u00fc\u00e7\u00fck Ekskavat\u00f6r \u00c7ubuk Silindirinin Temel \u00d6zellikleri:<\/p>\n<ol>\n<li>Kompakt Tasar\u0131m ve Sa\u011flam Yap\u0131<\/li>\n<\/ol>\n<ul>\n<li>K\u00fc\u00e7\u00fck Ekskavat\u00f6r \u00c7ubuk Silindiri, k\u00fc\u00e7\u00fck ekskavat\u00f6rler i\u00e7in \u00f6zel olarak \u00fcretilmi\u015ftir ve m\u00fckemmel uyum ve optimum performans sa\u011flar.<\/li>\n<li>Kompakt tasar\u0131m\u0131 ve sa\u011flam yap\u0131s\u0131 sayesinde zorlu \u00e7al\u0131\u015fma ko\u015fullar\u0131na dayanabilir ve uzun \u00f6m\u00fcrl\u00fc dayan\u0131kl\u0131l\u0131k sa\u011flar.<\/li>\n<\/ul>\n<ol start=\"2\">\n<li>Etkileyici Eri\u015fim ve Kaz\u0131 Derinli\u011fi<\/li>\n<\/ol>\n<ul>\n<li>Silindir, k\u00fc\u00e7\u00fck boyutuna ra\u011fmen etkileyici eri\u015fim ve kazma derinli\u011fi kabiliyeti sunarak ekskavat\u00f6r\u00fcn \u00e7al\u0131\u015fma aral\u0131\u011f\u0131n\u0131 en \u00fcst d\u00fczeye \u00e7\u0131kar\u0131yor.<\/li>\n<li>Operat\u00f6rlerin dar alanlara kolayca ve hassas bir \u015fekilde eri\u015febilmelerini ve dar alanlarda etkili kaz\u0131 yapabilmelerini sa\u011flar.<\/li>\n<\/ul>\n<ol start=\"3\">\n<li>Geli\u015fmi\u015f Kazma G\u00fcc\u00fc ve Verimlili\u011fi<\/li>\n<\/ol>\n<ul>\n<li>Silindir, toprak, kaya ve moloz gibi \u00e7e\u015fitli malzemelerin verimli bir \u015fekilde kaz\u0131lmas\u0131n\u0131 sa\u011flayan geli\u015fmi\u015f kazma kuvveti sa\u011flar.<\/li>\n<li>Ekskavat\u00f6r\u00fcn kazma performans\u0131n\u0131 optimize ederek verimlili\u011fi art\u0131r\u0131r ve proje tamamlanma s\u00fcresini k\u0131salt\u0131r.<\/li>\n<\/ul>\n<ol start=\"4\">\n<li>Sorunsuz \u00c7al\u0131\u015fma ve Hassas Kontrol<\/li>\n<\/ol>\n<ul>\n<li>K\u00fc\u00e7\u00fck Ekskavat\u00f6r \u00c7ubuk Silindiri, sorunsuz \u00e7al\u0131\u015fma ve hassas kontrol i\u00e7in geli\u015fmi\u015f hidrolik teknolojilerini b\u00fcnyesinde bar\u0131nd\u0131r\u0131r.<\/li>\n<li>M\u00fckemmel tepki kabiliyeti sunarak operat\u00f6rlerin hassas operasyonlar\u0131 hassasiyet ve verimlilikle ger\u00e7ekle\u015ftirmesine olanak tan\u0131r.<\/li>\n<\/ul>\n<h2><strong>K\u00fc\u00e7\u00fck Ekskavat\u00f6r \u00c7ubuk Silindir Parametresi:<\/strong><\/h2>\n<table border=\"1\" cellspacing=\"0\" cellpadding=\"0\">\n<tbody>\n<tr>\n<td>\u00dcr\u00fcn Ad\u0131<\/td>\n<td>K\u00fc\u00e7\u00fck Ekskavat\u00f6r \u00c7ubuk Silindiri<\/td>\n<\/tr>\n<tr>\n<td>\u00d6zellikler:<\/td>\n<td>\u00d6n kolun hareketini kontrol edin<\/td>\n<\/tr>\n<tr>\n<td>Delik \u00e7ap\u0131:<\/td>\n<td>50 mm\uff5e115 mm<\/td>\n<\/tr>\n<tr>\n<td>\u00c7ubuk \u00e7ap\u0131:<\/td>\n<td>25mm\uff5e70mm<br \/>\nStrok\u22641000mm<\/td>\n<\/tr>\n<tr>\n<td>\u0130tme kuvveti:<\/td>\n<td>Maksimum 305KN<\/td>\n<\/tr>\n<tr>\n<td>Delik \u00e7ap\u0131:<\/td>\n<td>115mm\/bas\u0131n\u00e7 29.4MPa)<\/td>\n<\/tr>\n<\/tbody>\n<\/table>\n<h2><strong>K\u00fc\u00e7\u00fck Ekskavat\u00f6r \u00c7ubuk Silindir Tan\u0131mlama \u015eemas\u0131:<\/strong><\/h2>\n<p><img loading=\"lazy\" decoding=\"async\" class=\"alignnone wp-image-1490 size-full\" src=\"https:\/\/hydraulic-cylinders.net\/wp-content\/uploads\/2023\/09\/stick-cylinder-construction.webp\" alt=\"\" width=\"1481\" height=\"988\" srcset=\"https:\/\/hydraulic-cylinders.net\/wp-content\/uploads\/2023\/09\/stick-cylinder-construction.webp 1481w, https:\/\/hydraulic-cylinders.net\/wp-content\/uploads\/2023\/09\/stick-cylinder-construction-1280x854.webp 1280w, https:\/\/hydraulic-cylinders.net\/wp-content\/uploads\/2023\/09\/stick-cylinder-construction-980x654.webp 980w, https:\/\/hydraulic-cylinders.net\/wp-content\/uploads\/2023\/09\/stick-cylinder-construction-480x320.webp 480w\" sizes=\"(min-width: 0px) and (max-width: 480px) 480px, (min-width: 481px) and (max-width: 980px) 980px, (min-width: 981px) and (max-width: 1280px) 1280px, (min-width: 1281px) 1481px, 100vw\" \/><\/p>\n<h2><strong>K\u00fc\u00e7\u00fck Ekskavat\u00f6r \u00c7ubuk Silindirinin Kullan\u0131m Y\u00f6ntemi:<\/strong><\/h2>\n<ol>\n<li>Kurulum ve Entegrasyon<\/li>\n<\/ol>\n<ul>\n<li>K\u00fc\u00e7\u00fck Ekskavat\u00f6r \u00c7ubuk Silindirinin do\u011fru montaj\u0131 i\u00e7in \u00fcreticinin talimatlar\u0131na bak\u0131n.<\/li>\n<li>Uyumlulu\u011fu sa\u011flay\u0131n ve silindiri ekskavat\u00f6r\u00fcn \u00e7ubuk tertibat\u0131na g\u00fcvenli bir \u015fekilde tak\u0131n.<\/li>\n<li>\u00d6nerilen tork \u00f6zelliklerini izleyin ve uygun montaj donan\u0131m\u0131n\u0131 kullan\u0131n.<\/li>\n<\/ul>\n<ol start=\"2\">\n<li>Operasyonel Hususlar<\/li>\n<\/ol>\n<ul>\n<li>Ekskavat\u00f6r\u00fcn kontrolleri ve \u00e7al\u0131\u015fmas\u0131, \u00e7ubuk silindiri dahil, hakk\u0131nda bilgi edinin.<\/li>\n<li>Ger\u00e7ek \u00e7al\u0131\u015fmaya ba\u015flamadan \u00f6nce ekskavat\u00f6r ve \u00e7ubuk silindirini kontroll\u00fc bir ortamda \u00e7al\u0131\u015ft\u0131rma prati\u011fi yap\u0131n.<\/li>\n<li>Kazalar\u0131 ve ekipman hasar\u0131n\u0131 \u00f6nlemek i\u00e7in g\u00fcvenlik talimatlar\u0131na uyun ve ekskavat\u00f6r\u00fcn y\u00fck ve eri\u015fim s\u0131n\u0131rlar\u0131 dahilinde \u00e7al\u0131\u015f\u0131n.<\/li>\n<\/ul>\n<ol start=\"3\">\n<li>Kaz\u0131 Performans\u0131n\u0131 Optimize Etme<\/li>\n<\/ol>\n<ul>\n<li>Kazma performans\u0131n\u0131 optimize etmek i\u00e7in K\u00fc\u00e7\u00fck Ekskavat\u00f6r \u00c7ubuk Silindirinin hassas kontrol\u00fcnden yararlan\u0131n.<\/li>\n<li>Kazma s\u0131ras\u0131nda silindiri zorlayabilecek ani veya ani hareketlerden ka\u00e7\u0131narak sabit bir pozisyonda durun.<\/li>\n<li>Verimli kaz\u0131 i\u00e7in kep\u00e7enin do\u011fru konumland\u0131r\u0131lmas\u0131n\u0131 ve di\u015flerin birbirine ge\u00e7mesini sa\u011flay\u0131n.<\/li>\n<\/ul>\n<h2><strong>Ekskavat\u00f6r Ba\u015fparma\u011f\u0131 \u0130\u00e7in Hangi Boyutta Silindir?<\/strong><\/h2>\n<p>Bir ekskavat\u00f6r\u00fcn ba\u015fparma\u011f\u0131 i\u00e7in silindirin boyutu, ekskavat\u00f6r\u00fcn \u00f6zel gereksinimlerine ve ba\u015fparma\u011f\u0131n kullan\u0131m amac\u0131na ba\u011fl\u0131 olarak de\u011fi\u015febilir. Uygun silindir boyutu genellikle ekskavat\u00f6r\u00fcn \u00e7al\u0131\u015fma a\u011f\u0131rl\u0131\u011f\u0131, ba\u015fparma\u011f\u0131n istenen kald\u0131rma kapasitesi ve ekskavat\u00f6r\u00fcn hidrolik sistemiyle uyumlulu\u011fu gibi fakt\u00f6rler g\u00f6z \u00f6n\u00fcnde bulundurularak belirlenir.<\/p>\n<p>Bir ekskavat\u00f6r ba\u015fparma\u011f\u0131 i\u00e7in uygun silindir boyutunu belirlemek i\u00e7in, ba\u015fparma\u011f\u0131n \u00fcreticisine veya tedarik\u00e7isine dan\u0131\u015fman\u0131z \u00f6nerilir. Ekskavat\u00f6r\u00fcn teknik \u00f6zelliklerine ve ba\u015fparma\u011f\u0131n kullan\u0131m amac\u0131na g\u00f6re size rehberlik edebilirler.<\/p>\n<p>Ekskavat\u00f6r ba\u015fparmaklar\u0131n\u0131n, farkl\u0131 ekskavat\u00f6r model ve boyutlar\u0131na uyum sa\u011flayacak \u015fekilde \u00e7e\u015fitli boyut ve konfig\u00fcrasyonlarda mevcut oldu\u011funu belirtmekte fayda var. Ba\u015fparmak ata\u015fman\u0131 genellikle ekskavat\u00f6r\u00fcn bomuna monte edilen merkezi bir yap\u0131 veya \u00e7er\u00e7eve ile kavrama veya s\u0131k\u0131\u015ft\u0131rma hareketini sa\u011flayan bir hidrolik silindirden olu\u015fur. Silindir boyutu, ba\u015fparmak ata\u015fman\u0131 ile uyumlulu\u011fu sa\u011flayacak ve ama\u00e7lanan g\u00f6revler i\u00e7in gerekli kavrama kuvvetini sa\u011flayacak \u015fekilde se\u00e7ilmelidir.<\/p>\n<p>Bir ekskavat\u00f6r\u00fcn ba\u015fparma\u011f\u0131 i\u00e7in silindir boyutunu de\u011ferlendirirken, yeterli kald\u0131rma kapasitesine sahip olmas\u0131 ve ekskavat\u00f6r\u00fcn hidrolik sisteminin ba\u015fparma\u011f\u0131n \u00e7al\u0131\u015fmas\u0131n\u0131 yeterli \u015fekilde destekleyebilmesi aras\u0131nda bir denge kurmak \u00f6nemlidir. Silindirin boyutunun b\u00fcy\u00fck olmas\u0131, ekskavat\u00f6r\u00fcn hidrolik sistemini a\u015f\u0131r\u0131 zorlayabilirken, k\u00fc\u00e7\u00fck olmas\u0131 ise s\u0131n\u0131rl\u0131 kald\u0131rma kapasitesine ve d\u00fc\u015f\u00fck performansa neden olabilir.<\/p>\n<p>\u00d6zetle, bir ekskavat\u00f6r ba\u015fparma\u011f\u0131 silindirinin boyutu, ekskavat\u00f6r\u00fcn \u00e7al\u0131\u015fma a\u011f\u0131rl\u0131\u011f\u0131, istenen kald\u0131rma kapasitesi ve ba\u015fparma\u011f\u0131n ve hidrolik sistemin uyumlulu\u011fu gibi fakt\u00f6rlere g\u00f6re belirlenmelidir. Do\u011fru boyutland\u0131rma ve optimum performans sa\u011flamak i\u00e7in ba\u015fparma\u011f\u0131n \u00fcreticisine veya tedarik\u00e7isine dan\u0131\u015fman\u0131z \u00f6nerilir.<\/p>\n<h2><strong>Fabrikan\u0131n Kapasitesi ve Kapasitesi:<\/strong><\/h2>\n<h3>(1) Meclis<\/h3>\n<p>Birinci s\u0131n\u0131f ba\u011f\u0131ms\u0131z bir ara\u015ft\u0131rma ve geli\u015ftirme montaj platformumuz bulunmaktad\u0131r. Hidrolik silindir \u00fcretim at\u00f6lyemizde, y\u0131ll\u0131k 1 milyon adet \u00fcretim kapasitesine sahip d\u00f6rt adet yar\u0131 otomatik kald\u0131rma silindiri montaj hatt\u0131 ve bir adet otomatik devirme silindiri montaj hatt\u0131 bulunmaktad\u0131r. \u00d6zel silindir at\u00f6lyemiz, y\u0131ll\u0131k 200.000 adet \u00fcretim kapasitesine sahip \u00e7e\u015fitli \u00f6zelliklerde yar\u0131 otomatik temizleme montaj sistemiyle donat\u0131lm\u0131\u015ft\u0131r. Ayr\u0131ca, \u00fcnl\u00fc CNC i\u015fleme ekipmanlar\u0131, bir i\u015fleme merkezi, y\u00fcksek hassasiyetli silindir i\u015fleme \u00f6zel ekipmanlar\u0131, bir robot kaynak makinesi, bir otomatik temizleme makinesi, otomatik silindir montaj makinesi ve otomatik boyama \u00fcretim hatt\u0131 ile donat\u0131lm\u0131\u015ft\u0131r. 300'den fazla setten olu\u015fan kritik ekipmanlar mevcuttur. Ekipman kaynaklar\u0131n\u0131n optimum da\u011f\u0131l\u0131m\u0131 ve verimli kullan\u0131m\u0131, \u00fcr\u00fcnlerin hassasiyet gereksinimlerini kar\u015f\u0131lar ve \u00fcr\u00fcnlerin y\u00fcksek kalite ihtiya\u00e7lar\u0131n\u0131 kar\u015f\u0131lar.<\/p>\n<p><img loading=\"lazy\" decoding=\"async\" class=\"alignnone wp-image-626\" src=\"https:\/\/hydraulic-cylinders.net\/wp-content\/uploads\/2023\/08\/hydraulic-cylinder-product-1-300x158.webp\" alt=\"\" width=\"495\" height=\"260\" srcset=\"https:\/\/hydraulic-cylinders.net\/wp-content\/uploads\/2023\/08\/hydraulic-cylinder-product-1-300x158.webp 495w, https:\/\/hydraulic-cylinders.net\/wp-content\/uploads\/2023\/08\/hydraulic-cylinder-product-1-480x252.webp 480w\" sizes=\"(min-width: 0px) and (max-width: 480px) 480px, (min-width: 481px) 495px, 100vw\" \/> <img loading=\"lazy\" decoding=\"async\" class=\"alignnone wp-image-627\" src=\"https:\/\/hydraulic-cylinders.net\/wp-content\/uploads\/2023\/08\/hydraulic-cylinder-product-2-300x189.webp\" alt=\"\" width=\"413\" height=\"260\" \/><\/p>\n<h3>(2) \u0130\u015fleme<\/h3>\n<p>\u0130\u015fleme at\u00f6lyesi, maksimum 400 mm i\u00e7 \u00e7apa ve maksimum 6 metre uzunlu\u011fa sahip silindir borular\u0131n\u0131n i\u015flenmesini ger\u00e7ekle\u015ftirebilen \u00f6zel e\u011fimli ray torna merkezi, i\u015fleme merkezi, y\u00fcksek h\u0131zl\u0131 honlama makinesi, kaynak robotu ve di\u011fer ilgili ekipmanlarla donat\u0131lm\u0131\u015ft\u0131r.<\/p>\n<p><img loading=\"lazy\" decoding=\"async\" class=\"alignnone wp-image-628 size-large\" src=\"https:\/\/hydraulic-cylinders.net\/wp-content\/uploads\/2023\/08\/hydraulic-cylinder-product-3-1024x391.webp\" alt=\"\" width=\"1024\" height=\"391\" srcset=\"https:\/\/hydraulic-cylinders.net\/wp-content\/uploads\/2023\/08\/hydraulic-cylinder-product-3-980x374.webp 980w, https:\/\/hydraulic-cylinders.net\/wp-content\/uploads\/2023\/08\/hydraulic-cylinder-product-3-480x183.webp 480w\" sizes=\"(min-width: 0px) and (max-width: 480px) 480px, (min-width: 481px) and (max-width: 980px) 980px, (min-width: 981px) 1024px, 100vw\" \/><\/p>\n<h3>(3) Kaynak<\/h3>\n<p><img loading=\"lazy\" decoding=\"async\" class=\"alignnone wp-image-629 size-large\" src=\"https:\/\/hydraulic-cylinders.net\/wp-content\/uploads\/2023\/08\/hydraulic-cylinder-product-4-1024x510.webp\" alt=\"\" width=\"1024\" height=\"510\" srcset=\"https:\/\/hydraulic-cylinders.net\/wp-content\/uploads\/2023\/08\/hydraulic-cylinder-product-4-980x488.webp 980w, https:\/\/hydraulic-cylinders.net\/wp-content\/uploads\/2023\/08\/hydraulic-cylinder-product-4-480x239.webp 480w\" sizes=\"(min-width: 0px) and (max-width: 480px) 480px, (min-width: 481px) and (max-width: 980px) 980px, (min-width: 981px) 1024px, 100vw\" \/><\/p>\n<h3>(4) Boyama ve kaplama<\/h3>\n<p>K\u00fc\u00e7\u00fck ve orta \u00f6l\u00e7ekli silindirli otomatik su bazl\u0131 boya kaplama hatlar\u0131nda, otomatik robot y\u00fckleme-bo\u015faltma ve otomatik p\u00fcsk\u00fcrtmeyi ger\u00e7ekle\u015ftirmek i\u00e7in, vardiya ba\u015f\u0131na 4000 adet tasar\u0131m kapasitesi;<br \/>\nAyr\u0131ca, vardiya ba\u015f\u0131na 60 kasa kapasiteli, g\u00fc\u00e7 zinciriyle \u00e7al\u0131\u015fan b\u00fcy\u00fck silindirler i\u00e7in yar\u0131 otomatik boya \u00fcretim hatt\u0131m\u0131z da bulunmaktad\u0131r.<\/p>\n<p><img loading=\"lazy\" decoding=\"async\" class=\"alignnone wp-image-630\" src=\"https:\/\/hydraulic-cylinders.net\/wp-content\/uploads\/2023\/08\/hydraulic-cylinder-product-5-300x213.webp\" alt=\"\" width=\"366\" height=\"260\" \/> <img loading=\"lazy\" decoding=\"async\" class=\"alignnone wp-image-631\" src=\"https:\/\/hydraulic-cylinders.net\/wp-content\/uploads\/2023\/08\/hydraulic-cylinder-product-6-300x225.webp\" alt=\"\" width=\"347\" height=\"260\" \/><\/p>\n<h3>(5) Test etme<\/h3>\n<p>Silindirin performans\u0131n\u0131n gereklilikleri kar\u015f\u0131lad\u0131\u011f\u0131ndan emin olmak i\u00e7in birinci s\u0131n\u0131f muayene tesislerimiz ve test yataklar\u0131m\u0131z bulunmaktad\u0131r.<\/p>\n<p><img loading=\"lazy\" decoding=\"async\" class=\"alignnone wp-image-632\" src=\"https:\/\/hydraulic-cylinders.net\/wp-content\/uploads\/2023\/08\/hydraulic-cylinder-product-8-300x200.webp\" alt=\"\" width=\"389\" height=\"260\" \/><\/p>\n<p>&nbsp;<\/p>\n<p>&nbsp;<\/p>\n<p>En iyi hidrolik silindir \u00fcreticilerinden biriyiz. Kapsaml\u0131 hidrolik silindirler sunabiliyoruz. Ayr\u0131ca, ilgili hidrolik silindirleri de sa\u011fl\u0131yoruz. <a href=\"https:\/\/hzpt.com\/agricultural-pto-gearbox\/\" target=\"_blank\" rel=\"noopener\">tar\u0131msal di\u015fli kutular\u0131<\/a>\u00dcr\u00fcnlerimizi d\u00fcnya \u00e7ap\u0131ndaki m\u00fc\u015fterilerimize ihra\u00e7 ettik ve \u00fcst\u00fcn \u00fcr\u00fcn kalitemiz ve sat\u0131\u015f sonras\u0131 hizmetlerimiz sayesinde iyi bir itibar kazand\u0131k. Yurt i\u00e7i ve yurt d\u0131\u015f\u0131ndaki m\u00fc\u015fterilerimizi i\u015f g\u00f6r\u00fc\u015fmeleri yapmak, bilgi al\u0131\u015fveri\u015finde bulunmak ve <a href=\"https:\/\/www.hydraulic-cylinders.net\/tr\/contact-us\/\">bizimle i\u015fbirli\u011fi yap\u0131n<\/a>!<\/p>","protected":false},"excerpt":{"rendered":"<p>Small Excavator Stick Cylinder The Small Excavator Stick Cylinder is a highly reliable and robust hydraulic component designed to enhance the performance and efficiency of small excavators. This cylinder is specifically engineered to deliver exceptional power, precision, and durability in compact construction machinery. The Small Excavator Stick Cylinder is a vital hydraulic component that significantly [&hellip;]<\/p>","protected":false},"featured_media":1489,"comment_status":"open","ping_status":"closed","template":"","meta":{"_et_pb_use_builder":"","_et_pb_old_content":"","_et_gb_content_width":""},"product_brand":[],"product_cat":[1550,1503,1376],"product_tag":[1380],"class_list":{"0":"post-1487","1":"product","2":"type-product","3":"status-publish","4":"has-post-thumbnail","6":"product_cat-double-acting-hydraulic-cylinder","7":"product_cat-excavator-hydraulic-cylinders","8":"product_cat-hydraulic-cylinder","9":"product_tag-hydraulic-cylinder","11":"first","12":"instock","13":"shipping-taxable","14":"product-type-simple"},"amp_enabled":true,"_links":{"self":[{"href":"https:\/\/www.hydraulic-cylinders.net\/tr\/wp-json\/wp\/v2\/product\/1487","targetHints":{"allow":["GET"]}}],"collection":[{"href":"https:\/\/www.hydraulic-cylinders.net\/tr\/wp-json\/wp\/v2\/product"}],"about":[{"href":"https:\/\/www.hydraulic-cylinders.net\/tr\/wp-json\/wp\/v2\/types\/product"}],"replies":[{"embeddable":true,"href":"https:\/\/www.hydraulic-cylinders.net\/tr\/wp-json\/wp\/v2\/comments?post=1487"}],"wp:featuredmedia":[{"embeddable":true,"href":"https:\/\/www.hydraulic-cylinders.net\/tr\/wp-json\/wp\/v2\/media\/1489"}],"wp:attachment":[{"href":"https:\/\/www.hydraulic-cylinders.net\/tr\/wp-json\/wp\/v2\/media?parent=1487"}],"wp:term":[{"taxonomy":"product_brand","embeddable":true,"href":"https:\/\/www.hydraulic-cylinders.net\/tr\/wp-json\/wp\/v2\/product_brand?post=1487"},{"taxonomy":"product_cat","embeddable":true,"href":"https:\/\/www.hydraulic-cylinders.net\/tr\/wp-json\/wp\/v2\/product_cat?post=1487"},{"taxonomy":"product_tag","embeddable":true,"href":"https:\/\/www.hydraulic-cylinders.net\/tr\/wp-json\/wp\/v2\/product_tag?post=1487"}],"curies":[{"name":"wp","href":"https:\/\/api.w.org\/{rel}","templated":true}]}}