{"id":1498,"date":"2023-09-27T06:51:49","date_gmt":"2023-09-27T06:51:49","guid":{"rendered":"https:\/\/hydraulic-cylinders.net\/?post_type=product&#038;p=1498"},"modified":"2025-04-11T03:41:19","modified_gmt":"2025-04-11T03:41:19","slug":"large-excavator-bucket-cylinder","status":"publish","type":"product","link":"https:\/\/www.hydraulic-cylinders.net\/tr\/urun\/large-excavator-bucket-cylinder\/","title":{"rendered":"B\u00fcy\u00fck Ekskavat\u00f6r Kova Silindiri"},"content":{"rendered":"<h1 style=\"text-align: center;\"><strong>B\u00fcy\u00fck Ekskavat\u00f6r Kova Silindiri<\/strong><\/h1>\n<p><img loading=\"lazy\" decoding=\"async\" class=\"wp-image-1499 aligncenter\" src=\"https:\/\/hydraulic-cylinders.net\/wp-content\/uploads\/2023\/09\/bucket-cylinder-1-2-300x300.webp\" alt=\"\" width=\"400\" height=\"400\" \/><\/p>\n<p>B\u00fcy\u00fck ekskavat\u00f6r kep\u00e7e silindiri, b\u00fcy\u00fck ekskavat\u00f6rlerin toprak ta\u015f\u0131ma kapasitesini en \u00fcst d\u00fczeye \u00e7\u0131karmak i\u00e7in tasarlanm\u0131\u015f sa\u011flam bir hidrolik bile\u015fendir. Bu silindir, a\u011f\u0131r i\u015flerde ve kaz\u0131 \u00e7al\u0131\u015fmalar\u0131nda ola\u011fan\u00fcst\u00fc g\u00fc\u00e7, dayan\u0131kl\u0131l\u0131k ve hassasiyet sa\u011flamak \u00fczere hassas bir \u015fekilde tasarlanm\u0131\u015ft\u0131r.<\/p>\n<p>B\u00fcy\u00fck ekskavat\u00f6r kep\u00e7e silindiri, b\u00fcy\u00fck ekskavat\u00f6rlerin toprak ta\u015f\u0131ma kapasitesini art\u0131ran sa\u011flam ve g\u00fcvenilir bir hidrolik bile\u015fendir. Y\u00fcksek g\u00fcc\u00fc ve dayan\u0131kl\u0131l\u0131\u011f\u0131, hassas kontrol\u00fc ve manevra kabiliyeti, ayr\u0131ca dayan\u0131kl\u0131l\u0131\u011f\u0131 ve uyumlulu\u011fu ile bu silindir, operat\u00f6rlerin a\u011f\u0131r in\u015faat ve kaz\u0131 i\u015flerini kolayl\u0131kla halletmelerini sa\u011flar. \u00d6nerilen kullan\u0131m y\u00f6ntemleri ve bak\u0131m uygulamalar\u0131na uyarak, operat\u00f6rler B\u00fcy\u00fck Ekskavat\u00f6r Kep\u00e7e Silindirinin optimum performans\u0131n\u0131 ve uzun \u00f6mr\u00fcn\u00fc sa\u011flayabilir, bu da verimlili\u011fin artmas\u0131na ve b\u00fcy\u00fck \u00f6l\u00e7ekli toprak ta\u015f\u0131ma projelerinin ba\u015far\u0131l\u0131 bir \u015fekilde tamamlanmas\u0131na yol a\u00e7ar. B\u00fcy\u00fck ekskavat\u00f6r\u00fcn\u00fcz\u00fcn t\u00fcm potansiyelini ortaya \u00e7\u0131karmak ve toprak ta\u015f\u0131ma i\u015flemlerinizde \u00fcst\u00fcn sonu\u00e7lar elde etmek i\u00e7in bu ola\u011fan\u00fcst\u00fc hidrolik silindire yat\u0131r\u0131m yap\u0131n.<\/p>\n<p>B\u00fcy\u00fck Ekskavat\u00f6r Kep\u00e7e Silindirinin Ba\u015fl\u0131ca \u00d6zellikleri:<\/p>\n<ol>\n<li>Y\u00fcksek G\u00fc\u00e7 ve Kuvvet<\/li>\n<\/ol>\n<ul>\n<li>B\u00fcy\u00fck ekskavat\u00f6r kep\u00e7e silindiri, a\u011f\u0131r y\u00fckleri ta\u015f\u0131mak ve zorlu toprak ta\u015f\u0131ma i\u015flerine dayanmak \u00fczere tasarlanm\u0131\u015ft\u0131r.<\/li>\n<li>Y\u00fcksek g\u00fc\u00e7 kapasitesi, \u00f6nemli bir kuvvet sa\u011flayarak verimli kaz\u0131 ve malzeme ta\u015f\u0131ma i\u015flemlerine olanak tan\u0131r.<\/li>\n<\/ul>\n<ol start=\"2\">\n<li>Hassas Kontrol ve Manevra Kabiliyeti<\/li>\n<\/ol>\n<ul>\n<li>Bu silindir, ekskavat\u00f6r\u00fcn kep\u00e7esi \u00fczerinde hassas kontrol sa\u011flayarak operat\u00f6rlerin malzemeleri do\u011fru bir \u015fekilde konumland\u0131rmas\u0131na ve manip\u00fcle etmesine olanak tan\u0131r.<\/li>\n<li>\u0130\u015f sahas\u0131nda manevra kabiliyetini ve verimlili\u011fi art\u0131ran, sorunsuz ve h\u0131zl\u0131 hareket sa\u011flayan bir sistemdir.<\/li>\n<\/ul>\n<ol start=\"3\">\n<li>Dayan\u0131kl\u0131l\u0131k ve Uzun \u00d6m\u00fcr<\/li>\n<\/ol>\n<ul>\n<li>B\u00fcy\u00fck ekskavat\u00f6r kep\u00e7e silindiri, y\u00fcksek kaliteli malzemeler ve geli\u015fmi\u015f m\u00fchendislik kullan\u0131larak \u00fcretilmi\u015ftir ve uzun \u00f6m\u00fcrl\u00fc dayan\u0131kl\u0131l\u0131k sa\u011flar.<\/li>\n<li>Zorlu \u00e7al\u0131\u015fma ko\u015fullar\u0131na dayanacak \u015fekilde tasarlanm\u0131\u015ft\u0131r, b\u00f6ylece ar\u0131za s\u00fcreleri en aza indirilir ve bak\u0131m maliyetleri d\u00fc\u015f\u00fcr\u00fcl\u00fcr.<\/li>\n<\/ul>\n<ol start=\"4\">\n<li>Uyumluluk ve \u00c7ok Y\u00f6nl\u00fcl\u00fck<\/li>\n<\/ol>\n<ul>\n<li>Silindir, bir\u00e7ok b\u00fcy\u00fck ekskavat\u00f6r modeliyle uyumludur ve farkl\u0131 in\u015faat projelerinde \u00e7ok y\u00f6nl\u00fcl\u00fck sunar.<\/li>\n<li>Mevcut ekskavat\u00f6r sistemlerine kolayca entegre edilebildi\u011fi i\u00e7in, m\u00fcteahhitler ve operat\u00f6rler i\u00e7in pratik bir se\u00e7enektir.<\/li>\n<\/ul>\n<h2><strong>B\u00fcy\u00fck Ekskavat\u00f6r Kep\u00e7e Silindiri Parametreleri:<\/strong><\/h2>\n<table border=\"1\" cellspacing=\"0\" cellpadding=\"0\">\n<tbody>\n<tr>\n<td>\u00dcr\u00fcn Ad\u0131<\/td>\n<td>B\u00fcy\u00fck Ekskavat\u00f6r Kova Silindiri<\/td>\n<\/tr>\n<tr>\n<td>\u00d6zellikler:<\/td>\n<td>Kovan\u0131n hareketini kontrol edin.<\/td>\n<\/tr>\n<tr>\n<td>Delik \u00e7ap\u0131:<\/td>\n<td>200 mm\uff5e360 mm<\/td>\n<\/tr>\n<tr>\n<td>\u00c7ubuk \u00e7ap\u0131:<\/td>\n<td>140 mm\uff5e260 mm<br \/>\nStrok\u22642500 mm<\/td>\n<\/tr>\n<tr>\n<td>\u0130tme kuvveti:<\/td>\n<td>Maksimum 3560,8 KN<\/td>\n<\/tr>\n<tr>\n<td>Delik \u00e7ap\u0131:<\/td>\n<td>420 mm\/bas\u0131n\u00e7 35 MPa<\/td>\n<\/tr>\n<\/tbody>\n<\/table>\n<h2><strong>B\u00fcy\u00fck Ekskavat\u00f6r Kep\u00e7e Silindiri Tan\u0131mlama \u015eemas\u0131:<\/strong><\/h2>\n<p><img loading=\"lazy\" decoding=\"async\" class=\"alignnone wp-image-1500 size-full\" src=\"https:\/\/hydraulic-cylinders.net\/wp-content\/uploads\/2023\/09\/bucket-cylinder-2.webp\" alt=\"\" width=\"1418\" height=\"946\" srcset=\"https:\/\/hydraulic-cylinders.net\/wp-content\/uploads\/2023\/09\/bucket-cylinder-2.webp 1418w, https:\/\/hydraulic-cylinders.net\/wp-content\/uploads\/2023\/09\/bucket-cylinder-2-1280x854.webp 1280w, https:\/\/hydraulic-cylinders.net\/wp-content\/uploads\/2023\/09\/bucket-cylinder-2-980x654.webp 980w, https:\/\/hydraulic-cylinders.net\/wp-content\/uploads\/2023\/09\/bucket-cylinder-2-480x320.webp 480w\" sizes=\"(min-width: 0px) and (max-width: 480px) 480px, (min-width: 481px) and (max-width: 980px) 980px, (min-width: 981px) and (max-width: 1280px) 1280px, (min-width: 1281px) 1418px, 100vw\" \/><\/p>\n<h2><strong>B\u00fcy\u00fck Ekskavat\u00f6r Kep\u00e7e Silindirinin Kullan\u0131m Y\u00f6ntemi:<\/strong><\/h2>\n<ol>\n<li>Kurulum ve Yap\u0131land\u0131rma<\/li>\n<\/ol>\n<ul>\n<li>B\u00fcy\u00fck ekskavat\u00f6r kep\u00e7e silindirinin do\u011fru \u015fekilde tak\u0131lmas\u0131 i\u00e7in \u00fcreticinin talimatlar\u0131na bak\u0131n.<\/li>\n<li>Uyumlulu\u011fu sa\u011flay\u0131n ve silindiri ekskavat\u00f6r\u00fcn kep\u00e7e tertibat\u0131na g\u00fcvenli bir \u015fekilde tak\u0131n.<\/li>\n<li>G\u00fcvenli ve g\u00fcvenilir bir ba\u011flant\u0131 i\u00e7in \u00f6nerilen tork de\u011ferlerine uyun ve uygun montaj donan\u0131m\u0131n\u0131 kullan\u0131n.<\/li>\n<\/ul>\n<ol start=\"2\">\n<li>Operasyonel Hususlar<\/li>\n<\/ol>\n<ul>\n<li>Kep\u00e7e silindiri de dahil olmak \u00fczere b\u00fcy\u00fck ekskavat\u00f6r\u00fcn kumanda ve \u00e7al\u0131\u015fma prensiplerini iyice \u00f6\u011frenin.<\/li>\n<li>Ger\u00e7ek hafriyat i\u015flerine ba\u015flamadan \u00f6nce, kontroll\u00fc bir ortamda ekskavat\u00f6r ve silindirin kullan\u0131m\u0131n\u0131 pratik yap\u0131n.<\/li>\n<li>Kazalar\u0131 ve ekipman hasar\u0131n\u0131 \u00f6nlemek i\u00e7in g\u00fcvenlik y\u00f6nergelerine uyun ve ekskavat\u00f6r\u00fcn y\u00fck limitleri dahilinde \u00e7al\u0131\u015f\u0131n.<\/li>\n<\/ul>\n<ol start=\"3\">\n<li>Toprak \u0130\u015fleme Performans\u0131n\u0131n Optimize Edilmesi<\/li>\n<\/ol>\n<ul>\n<li>B\u00fcy\u00fck ekskavat\u00f6r kep\u00e7e silindirinin hassas kontrol\u00fcnden yararlanarak toprak ta\u015f\u0131ma performans\u0131n\u0131 optimize edin.<\/li>\n<li>Kaz\u0131 i\u015flemi s\u0131ras\u0131nda sabit ve kontroll\u00fc bir h\u0131zda ilerleyerek silindirin tutarl\u0131 bir kuvvet uygulamas\u0131n\u0131 sa\u011flay\u0131n.<\/li>\n<li>Kaz\u0131 gereksinimlerine g\u00f6re kep\u00e7e a\u00e7\u0131s\u0131n\u0131 ve y\u00fcksekli\u011fini ayarlayarak verimli malzeme ta\u015f\u0131may\u0131 sa\u011flay\u0131n.<\/li>\n<\/ul>\n<h2><strong>Ekskavat\u00f6rden hidrolik silindir nas\u0131l \u00e7\u0131kar\u0131l\u0131r?<\/strong><\/h2>\n<p>Ekskavat\u00f6rden hidrolik silindiri \u00e7\u0131karmak, g\u00fcvenli\u011fi sa\u011flamak ve ekipmana zarar gelmesini \u00f6nlemek i\u00e7in dikkatli bir \u015fekilde ve do\u011fru prosed\u00fcrlere uyulmas\u0131n\u0131 gerektirir. \u0130\u015fte bu s\u00fcre\u00e7te size rehberlik edecek genel ad\u0131mlar:<\/p>\n<ol>\n<li><strong>Haz\u0131rl\u0131k:<\/strong><\/li>\n<\/ol>\n<ul>\n<li>Ekskavat\u00f6r\u00fcn kapat\u0131ld\u0131\u011f\u0131ndan ve d\u00fcz bir y\u00fczeye park edildi\u011finden emin olun.<\/li>\n<li>Emniyet kilidini devreye sokun ve bom ile kolu sabit bir konumda sabitleyin.<\/li>\n<li>Eldiven ve koruyucu g\u00f6zl\u00fck gibi uygun ki\u015fisel koruyucu ekipmanlar\u0131 tak\u0131n.<\/li>\n<\/ul>\n<ol start=\"2\">\n<li><strong>Silindiri tan\u0131mlay\u0131n:<\/strong><\/li>\n<\/ol>\n<ul>\n<li>S\u00f6kmek istedi\u011finiz hidrolik silindiri bulun. Bu silindir, ekskavat\u00f6r\u00fcn bomuna, koluna veya di\u011fer bile\u015fenlerine ba\u011fl\u0131 olabilir.<\/li>\n<\/ul>\n<ol start=\"3\">\n<li><strong>Hidrolik Bas\u0131nc\u0131 Azalt\u0131n:<\/strong><\/li>\n<\/ol>\n<ul>\n<li>Herhangi bir hidrolik hatt\u0131 veya ba\u011flant\u0131 par\u00e7as\u0131n\u0131 s\u00f6kmeden \u00f6nce, ani hareketleri veya s\u0131v\u0131 s\u0131\u00e7ramas\u0131n\u0131 \u00f6nlemek i\u00e7in sistemdeki bas\u0131nc\u0131 bo\u015faltmak \u00e7ok \u00f6nemlidir.<\/li>\n<li>\u00d6ncelikle ekskavat\u00f6r modelinizin bas\u0131n\u00e7 tahliye vanas\u0131n\u0131 veya bas\u0131n\u00e7 bo\u015faltma prosed\u00fcr\u00fcn\u00fc bulun.<\/li>\n<li>Hidrolik sistemin bas\u0131nc\u0131n\u0131 do\u011fru \u015fekilde d\u00fc\u015f\u00fcrmek i\u00e7in \u00fcreticinin y\u00f6nergelerini izleyin.<\/li>\n<\/ul>\n<ol start=\"4\">\n<li><strong>Hidrolik Hatlar\u0131n\u0131 Ay\u0131r\u0131n:<\/strong><\/li>\n<\/ol>\n<ul>\n<li>Silindire ba\u011fl\u0131 hidrolik hatlar\u0131 belirleyin. Bu hatlar, hidrolik s\u0131v\u0131y\u0131 silindire ta\u015f\u0131r ve silindirden geri getirir.<\/li>\n<li>Hidrolik hatlar\u0131 silindirden gev\u015fetmek ve ay\u0131rmak i\u00e7in uygun anahtarlar veya ba\u011flant\u0131 par\u00e7alar\u0131 kullan\u0131n.<\/li>\n<li>Ba\u011flant\u0131s\u0131 kesilmi\u015f hatlar\u0131n alt\u0131na, kalan hidrolik s\u0131v\u0131y\u0131 toplamak i\u00e7in bir kap veya emici malzeme yerle\u015ftirin.<\/li>\n<\/ul>\n<ol start=\"5\">\n<li><strong>Montaj Donan\u0131m\u0131n\u0131 \u00c7\u0131kar\u0131n:<\/strong><\/li>\n<\/ol>\n<ul>\n<li>Silindirin montaj noktalar\u0131n\u0131 bulun. Bunlar, silindiri ekskavat\u00f6r\u00fcn yap\u0131s\u0131na sabitleyen c\u0131vatalar veya pimler olabilir.<\/li>\n<li>Modelin tasar\u0131m\u0131na ba\u011fl\u0131 olarak, montaj donan\u0131m\u0131n\u0131 \u00e7\u0131karmak i\u00e7in uygun aletleri kullan\u0131n.<\/li>\n<li>Silindirin \u00e7\u0131kar\u0131lmas\u0131 s\u0131ras\u0131nda d\u00fc\u015fmesini veya hasar g\u00f6rmesini \u00f6nlemek i\u00e7in uygun \u015fekilde desteklendi\u011finden emin olun.<\/li>\n<\/ul>\n<ol start=\"6\">\n<li><strong>Silindiri \u00c7\u0131kar\u0131n:<\/strong><\/li>\n<\/ol>\n<ul>\n<li>Silindiri montaj yerinden dikkatlice kayd\u0131rarak veya manevra yaparak \u00e7\u0131kar\u0131n. S\u0131k\u0131ca tak\u0131lm\u0131\u015fsa, kau\u00e7uk bir tokmakla hafif\u00e7e vurman\u0131z veya hidrolik silindir s\u00f6k\u00fcc\u00fc kullanman\u0131z gerekebilir.<\/li>\n<li>Silindirin \u00e7\u0131kar\u0131lmas\u0131n\u0131 engelleyecek ba\u015fka hi\u00e7bir par\u00e7a veya yap\u0131n\u0131n olmad\u0131\u011f\u0131ndan emin olun.<\/li>\n<\/ul>\n<ol start=\"7\">\n<li><strong>Muayene ve Bak\u0131m:<\/strong><\/li>\n<\/ol>\n<ul>\n<li>Silindir \u00e7\u0131kar\u0131ld\u0131ktan sonra, herhangi bir hasar, s\u0131z\u0131nt\u0131 veya a\u015f\u0131nma belirtisi olup olmad\u0131\u011f\u0131n\u0131 kontrol edin.<\/li>\n<li>Silindiri temizleyin ve piston kolunu, contalar\u0131 ve di\u011fer bile\u015fenleri korozyon, \u00e7izik veya a\u015f\u0131r\u0131 a\u015f\u0131nma belirtileri a\u00e7\u0131s\u0131ndan inceleyin.<\/li>\n<li>Silindiri yeniden takmadan \u00f6nce gerekli bak\u0131m veya onar\u0131mlar\u0131 ger\u00e7ekle\u015ftirin.<\/li>\n<\/ul>\n<ol start=\"8\">\n<li><strong>Yeniden Kurulum veya De\u011fi\u015ftirme:<\/strong><\/li>\n<\/ol>\n<ul>\n<li>Hidrolik silindiri yeniden takmak i\u00e7in, s\u00f6kme i\u015fleminin ters ad\u0131mlar\u0131n\u0131 izleyin ve do\u011fru hizalama ve tork de\u011ferlerine dikkat edin.<\/li>\n<li>Silindir de\u011fi\u015ftirilecekse, yeni silindiri \u00fcreticinin talimatlar\u0131na ve y\u00f6nergelerine g\u00f6re dikkatlice tak\u0131n.<\/li>\n<\/ul>\n<h2><strong>Fabrikan\u0131n Kapasitesi ve Kapasitesi:<\/strong><\/h2>\n<h3>(1) Meclis<\/h3>\n<p>Birinci s\u0131n\u0131f ba\u011f\u0131ms\u0131z bir ara\u015ft\u0131rma ve geli\u015ftirme montaj platformumuz bulunmaktad\u0131r. Hidrolik silindir \u00fcretim at\u00f6lyemizde, y\u0131ll\u0131k 1 milyon adet \u00fcretim kapasitesine sahip d\u00f6rt adet yar\u0131 otomatik kald\u0131rma silindiri montaj hatt\u0131 ve bir adet otomatik devirme silindiri montaj hatt\u0131 bulunmaktad\u0131r. \u00d6zel silindir at\u00f6lyemiz, y\u0131ll\u0131k 200.000 adet \u00fcretim kapasitesine sahip \u00e7e\u015fitli \u00f6zelliklerde yar\u0131 otomatik temizleme montaj sistemiyle donat\u0131lm\u0131\u015ft\u0131r. Ayr\u0131ca, \u00fcnl\u00fc CNC i\u015fleme ekipmanlar\u0131, bir i\u015fleme merkezi, y\u00fcksek hassasiyetli silindir i\u015fleme \u00f6zel ekipmanlar\u0131, bir robot kaynak makinesi, bir otomatik temizleme makinesi, otomatik silindir montaj makinesi ve otomatik boyama \u00fcretim hatt\u0131 ile donat\u0131lm\u0131\u015ft\u0131r. 300'den fazla setten olu\u015fan kritik ekipmanlar mevcuttur. Ekipman kaynaklar\u0131n\u0131n optimum da\u011f\u0131l\u0131m\u0131 ve verimli kullan\u0131m\u0131, \u00fcr\u00fcnlerin hassasiyet gereksinimlerini kar\u015f\u0131lar ve \u00fcr\u00fcnlerin y\u00fcksek kalite ihtiya\u00e7lar\u0131n\u0131 kar\u015f\u0131lar.<\/p>\n<p><img loading=\"lazy\" decoding=\"async\" class=\"alignnone wp-image-626\" src=\"https:\/\/hydraulic-cylinders.net\/wp-content\/uploads\/2023\/08\/hydraulic-cylinder-product-1-300x158.webp\" alt=\"\" width=\"495\" height=\"260\" srcset=\"https:\/\/hydraulic-cylinders.net\/wp-content\/uploads\/2023\/08\/hydraulic-cylinder-product-1-300x158.webp 495w, https:\/\/hydraulic-cylinders.net\/wp-content\/uploads\/2023\/08\/hydraulic-cylinder-product-1-480x252.webp 480w\" sizes=\"(min-width: 0px) and (max-width: 480px) 480px, (min-width: 481px) 495px, 100vw\" \/> <img loading=\"lazy\" decoding=\"async\" class=\"alignnone wp-image-627\" src=\"https:\/\/hydraulic-cylinders.net\/wp-content\/uploads\/2023\/08\/hydraulic-cylinder-product-2-300x189.webp\" alt=\"\" width=\"413\" height=\"260\" \/><\/p>\n<h3>(2) \u0130\u015fleme<\/h3>\n<p>\u0130\u015fleme at\u00f6lyesi, maksimum 400 mm i\u00e7 \u00e7apa ve maksimum 6 metre uzunlu\u011fa sahip silindir borular\u0131n\u0131n i\u015flenmesini ger\u00e7ekle\u015ftirebilen \u00f6zel e\u011fimli ray torna merkezi, i\u015fleme merkezi, y\u00fcksek h\u0131zl\u0131 honlama makinesi, kaynak robotu ve di\u011fer ilgili ekipmanlarla donat\u0131lm\u0131\u015ft\u0131r.<\/p>\n<p><img loading=\"lazy\" decoding=\"async\" class=\"alignnone wp-image-628 size-large\" src=\"https:\/\/hydraulic-cylinders.net\/wp-content\/uploads\/2023\/08\/hydraulic-cylinder-product-3-1024x391.webp\" alt=\"\" width=\"1024\" height=\"391\" srcset=\"https:\/\/hydraulic-cylinders.net\/wp-content\/uploads\/2023\/08\/hydraulic-cylinder-product-3-980x374.webp 980w, https:\/\/hydraulic-cylinders.net\/wp-content\/uploads\/2023\/08\/hydraulic-cylinder-product-3-480x183.webp 480w\" sizes=\"(min-width: 0px) and (max-width: 480px) 480px, (min-width: 481px) and (max-width: 980px) 980px, (min-width: 981px) 1024px, 100vw\" \/><\/p>\n<h3>(3) Kaynak<\/h3>\n<p><img loading=\"lazy\" decoding=\"async\" class=\"alignnone wp-image-629 size-large\" src=\"https:\/\/hydraulic-cylinders.net\/wp-content\/uploads\/2023\/08\/hydraulic-cylinder-product-4-1024x510.webp\" alt=\"\" width=\"1024\" height=\"510\" srcset=\"https:\/\/hydraulic-cylinders.net\/wp-content\/uploads\/2023\/08\/hydraulic-cylinder-product-4-980x488.webp 980w, https:\/\/hydraulic-cylinders.net\/wp-content\/uploads\/2023\/08\/hydraulic-cylinder-product-4-480x239.webp 480w\" sizes=\"(min-width: 0px) and (max-width: 480px) 480px, (min-width: 481px) and (max-width: 980px) 980px, (min-width: 981px) 1024px, 100vw\" \/><\/p>\n<h3>(4) Boyama ve kaplama<\/h3>\n<p>K\u00fc\u00e7\u00fck ve orta \u00f6l\u00e7ekli silindirli otomatik su bazl\u0131 boya kaplama hatlar\u0131nda, otomatik robot y\u00fckleme-bo\u015faltma ve otomatik p\u00fcsk\u00fcrtmeyi ger\u00e7ekle\u015ftirmek i\u00e7in, vardiya ba\u015f\u0131na 4000 adet tasar\u0131m kapasitesi;<br \/>\nAyr\u0131ca, vardiya ba\u015f\u0131na 60 kasa kapasiteli, g\u00fc\u00e7 zinciriyle \u00e7al\u0131\u015fan b\u00fcy\u00fck silindirler i\u00e7in yar\u0131 otomatik boya \u00fcretim hatt\u0131m\u0131z da bulunmaktad\u0131r.<\/p>\n<p><img loading=\"lazy\" decoding=\"async\" class=\"alignnone wp-image-630\" src=\"https:\/\/hydraulic-cylinders.net\/wp-content\/uploads\/2023\/08\/hydraulic-cylinder-product-5-300x213.webp\" alt=\"\" width=\"366\" height=\"260\" \/> <img loading=\"lazy\" decoding=\"async\" class=\"alignnone wp-image-631\" src=\"https:\/\/hydraulic-cylinders.net\/wp-content\/uploads\/2023\/08\/hydraulic-cylinder-product-6-300x225.webp\" alt=\"\" width=\"347\" height=\"260\" \/><\/p>\n<h3>(5) Test etme<\/h3>\n<p>Silindirin performans\u0131n\u0131n gereklilikleri kar\u015f\u0131lad\u0131\u011f\u0131ndan emin olmak i\u00e7in birinci s\u0131n\u0131f muayene tesislerimiz ve test yataklar\u0131m\u0131z bulunmaktad\u0131r.<\/p>\n<p><img loading=\"lazy\" decoding=\"async\" class=\"alignnone wp-image-632\" src=\"https:\/\/hydraulic-cylinders.net\/wp-content\/uploads\/2023\/08\/hydraulic-cylinder-product-8-300x200.webp\" alt=\"\" width=\"389\" height=\"260\" \/><\/p>\n<p>&nbsp;<\/p>\n<p>&nbsp;<\/p>\n<p>En iyi hidrolik silindir \u00fcreticilerinden biriyiz. Kapsaml\u0131 hidrolik silindirler sunabiliyoruz. Ayr\u0131ca, ilgili hidrolik silindirleri de sa\u011fl\u0131yoruz. <a href=\"https:\/\/hzpt.com\/agricultural-pto-gearbox\/\" target=\"_blank\" rel=\"noopener\">tar\u0131msal di\u015fli kutular\u0131<\/a>\u00dcr\u00fcnlerimizi d\u00fcnya \u00e7ap\u0131ndaki m\u00fc\u015fterilerimize ihra\u00e7 ettik ve \u00fcst\u00fcn \u00fcr\u00fcn kalitemiz ve sat\u0131\u015f sonras\u0131 hizmetlerimiz sayesinde iyi bir itibar kazand\u0131k. Yurt i\u00e7i ve yurt d\u0131\u015f\u0131ndaki m\u00fc\u015fterilerimizi i\u015f g\u00f6r\u00fc\u015fmeleri yapmak, bilgi al\u0131\u015fveri\u015finde bulunmak ve <a href=\"https:\/\/www.hydraulic-cylinders.net\/tr\/contact-us\/\">bizimle i\u015fbirli\u011fi yap\u0131n<\/a>!<\/p>","protected":false},"excerpt":{"rendered":"<p>Large Excavator Bucket Cylinder The large excavator bucket cylinder is a robust hydraulic component designed to maximize the earthmoving capabilities of large excavators. This cylinder is precisely engineered to deliver exceptional power, durability, and precision in heavy-duty construction and excavation tasks. The large excavator bucket cylinder is a robust and reliable hydraulic component that enhances [&hellip;]<\/p>","protected":false},"featured_media":1501,"comment_status":"open","ping_status":"closed","template":"","meta":{"_et_pb_use_builder":"","_et_pb_old_content":"","_et_gb_content_width":""},"product_brand":[],"product_cat":[1550,1503,1376],"product_tag":[1380],"class_list":{"0":"post-1498","1":"product","2":"type-product","3":"status-publish","4":"has-post-thumbnail","6":"product_cat-double-acting-hydraulic-cylinder","7":"product_cat-excavator-hydraulic-cylinders","8":"product_cat-hydraulic-cylinder","9":"product_tag-hydraulic-cylinder","11":"first","12":"instock","13":"shipping-taxable","14":"product-type-simple"},"amp_enabled":true,"_links":{"self":[{"href":"https:\/\/www.hydraulic-cylinders.net\/tr\/wp-json\/wp\/v2\/product\/1498","targetHints":{"allow":["GET"]}}],"collection":[{"href":"https:\/\/www.hydraulic-cylinders.net\/tr\/wp-json\/wp\/v2\/product"}],"about":[{"href":"https:\/\/www.hydraulic-cylinders.net\/tr\/wp-json\/wp\/v2\/types\/product"}],"replies":[{"embeddable":true,"href":"https:\/\/www.hydraulic-cylinders.net\/tr\/wp-json\/wp\/v2\/comments?post=1498"}],"wp:featuredmedia":[{"embeddable":true,"href":"https:\/\/www.hydraulic-cylinders.net\/tr\/wp-json\/wp\/v2\/media\/1501"}],"wp:attachment":[{"href":"https:\/\/www.hydraulic-cylinders.net\/tr\/wp-json\/wp\/v2\/media?parent=1498"}],"wp:term":[{"taxonomy":"product_brand","embeddable":true,"href":"https:\/\/www.hydraulic-cylinders.net\/tr\/wp-json\/wp\/v2\/product_brand?post=1498"},{"taxonomy":"product_cat","embeddable":true,"href":"https:\/\/www.hydraulic-cylinders.net\/tr\/wp-json\/wp\/v2\/product_cat?post=1498"},{"taxonomy":"product_tag","embeddable":true,"href":"https:\/\/www.hydraulic-cylinders.net\/tr\/wp-json\/wp\/v2\/product_tag?post=1498"}],"curies":[{"name":"wp","href":"https:\/\/api.w.org\/{rel}","templated":true}]}}