{"id":1510,"date":"2023-09-27T08:21:25","date_gmt":"2023-09-27T08:21:25","guid":{"rendered":"https:\/\/hydraulic-cylinders.net\/?post_type=product&#038;p=1510"},"modified":"2025-04-11T02:28:21","modified_gmt":"2025-04-11T02:28:21","slug":"large-excavator-tightening-cylinder","status":"publish","type":"product","link":"https:\/\/www.hydraulic-cylinders.net\/tr\/urun\/large-excavator-tightening-cylinder\/","title":{"rendered":"B\u00fcy\u00fck Ekskavat\u00f6r S\u0131kma Silindiri"},"content":{"rendered":"<h1 style=\"text-align: center;\"><strong>B\u00fcy\u00fck Ekskavat\u00f6r S\u0131kma Silindiri<\/strong><\/h1>\n<h1 style=\"text-align: center;\"><img loading=\"lazy\" decoding=\"async\" class=\"alignnone wp-image-1511\" src=\"https:\/\/hydraulic-cylinders.net\/wp-content\/uploads\/2023\/09\/tightening-cylinder-1-300x300.webp\" alt=\"\" width=\"400\" height=\"400\" \/><\/h1>\n<p>B\u00fcy\u00fck ekskavat\u00f6r s\u0131k\u0131\u015ft\u0131rma silindiri, a\u011f\u0131r in\u015faat ekipmanlar\u0131nda hassas ve kontroll\u00fc s\u0131k\u0131\u015ft\u0131rma kuvveti sa\u011flamak \u00fczere tasarlanm\u0131\u015f g\u00fc\u00e7l\u00fc bir hidrolik bile\u015fendir. Bu silindir, b\u00fcy\u00fck ekskavat\u00f6rlerdeki paletler, kollar ve bomlar gibi \u00e7e\u015fitli \u00f6zelliklerin stabilitesini ve g\u00fcvenli\u011fini sa\u011flamada \u00e7ok \u00f6nemlidir.<\/p>\n<p>B\u00fcy\u00fck ekskavat\u00f6r s\u0131k\u0131\u015ft\u0131rma silindiri, a\u011f\u0131r in\u015faat projelerinde verimlili\u011fi ve g\u00fcvenilirli\u011fi art\u0131ran vazge\u00e7ilmez bir hidrolik bile\u015fendir. Sa\u011flam yap\u0131s\u0131, hassas s\u0131k\u0131\u015ft\u0131rma kuvveti, h\u0131zl\u0131 \u00e7al\u0131\u015fmas\u0131 ve \u00e7e\u015fitli ekskavat\u00f6r modelleriyle uyumlulu\u011fu sayesinde bu silindir, operat\u00f6rlerin in\u015faat ekipmanlar\u0131nda optimum denge ve g\u00fcvenlik elde etmelerini sa\u011flar. \u00d6nerilen kullan\u0131m y\u00f6ntemleri ve bak\u0131m uygulamalar\u0131na uyarak, operat\u00f6rler b\u00fcy\u00fck ekskavat\u00f6r s\u0131k\u0131\u015ft\u0131rma silindirinin performans\u0131n\u0131 ve \u00f6mr\u00fcn\u00fc en \u00fcst d\u00fczeye \u00e7\u0131karabilir, bu da verimlili\u011fin artmas\u0131na ve in\u015faat i\u015flerinin ba\u015far\u0131l\u0131 bir \u015fekilde tamamlanmas\u0131na yol a\u00e7ar. B\u00fcy\u00fck ekskavat\u00f6r\u00fcn\u00fcz\u00fcn t\u00fcm potansiyelini ortaya \u00e7\u0131karmak ve in\u015faat yeteneklerinizi yeni zirvelere ta\u015f\u0131mak i\u00e7in bu ola\u011fan\u00fcst\u00fc hidrolik silindire yat\u0131r\u0131m yap\u0131n.<\/p>\n<p>B\u00fcy\u00fck Ekskavat\u00f6r S\u0131k\u0131\u015ft\u0131rma Silindirinin Ba\u015fl\u0131ca \u00d6zellikleri:<\/p>\n<ol>\n<li>Sa\u011flam Yap\u0131 ve Dayan\u0131kl\u0131l\u0131k:<\/li>\n<\/ol>\n<ul>\n<li>B\u00fcy\u00fck ekskavat\u00f6r s\u0131k\u0131\u015ft\u0131rma silindiri, a\u011f\u0131r in\u015faat i\u015flerinin zorluklar\u0131na dayanacak \u015fekilde y\u00fcksek kaliteli malzemelerden \u00fcretilmi\u015ftir.<\/li>\n<li>Sa\u011flam yap\u0131s\u0131 uzun \u00f6m\u00fcrl\u00fcl\u00fc\u011f\u00fc garanti eder, s\u0131k onar\u0131m ihtiyac\u0131n\u0131 azalt\u0131r ve ar\u0131za s\u00fcrelerini en aza indirir.<\/li>\n<\/ul>\n<ol start=\"2\">\n<li>Hassas S\u0131kma Kuvveti:<\/li>\n<\/ol>\n<ul>\n<li>Bu silindir, \u00e7e\u015fitli bile\u015fenlere uygulanan s\u0131kma kuvveti \u00fczerinde hassas kontrol sa\u011flayarak optimum stabilite ve g\u00fcvenlik sunar.<\/li>\n<li>Bu \u00f6zellik, operat\u00f6rlerin istenen tork seviyesine ula\u015fmas\u0131n\u0131 sa\u011flayarak kritik par\u00e7alar\u0131n a\u015f\u0131r\u0131 veya yetersiz s\u0131k\u0131lmas\u0131n\u0131 \u00f6nler.<\/li>\n<\/ul>\n<ol start=\"3\">\n<li>H\u0131zl\u0131 ve Etkin Operasyon:<\/li>\n<\/ol>\n<ul>\n<li>B\u00fcy\u00fck ekskavat\u00f6r s\u0131k\u0131\u015ft\u0131rma silindiri, bile\u015fenlerin h\u0131zl\u0131 ve verimli bir \u015fekilde s\u0131k\u0131\u015ft\u0131r\u0131lmas\u0131n\u0131 sa\u011flayarak genel in\u015faat s\u00fcresini k\u0131salt\u0131r.<\/li>\n<li>Manuel s\u0131kma i\u015flemlerine harcanan zaman\u0131 en aza indirerek verimlili\u011fi art\u0131r\u0131r.<\/li>\n<\/ul>\n<ol start=\"4\">\n<li>Uyumluluk ve Uyarlanabilirlik:<\/li>\n<\/ol>\n<ul>\n<li>Silindir, \u00e7ok \u00e7e\u015fitli b\u00fcy\u00fck ekskavat\u00f6r modelleriyle uyumlu olacak \u015fekilde tasarlanm\u0131\u015ft\u0131r ve \u00e7ok y\u00f6nl\u00fcl\u00fck ve entegrasyon kolayl\u0131\u011f\u0131 sunar.<\/li>\n<li>Farkl\u0131 s\u0131kma uygulamalar\u0131na kolayca uyarlanabilmesi, onu \u00e7e\u015fitli in\u015faat i\u015fleri i\u00e7in de\u011ferli bir hidrolik bile\u015fen haline getiriyor.<\/li>\n<\/ul>\n<h2><strong>B\u00fcy\u00fck Ekskavat\u00f6r S\u0131kma Silindiri Parametreleri:<\/strong><\/h2>\n<table border=\"1\" cellspacing=\"0\" cellpadding=\"0\">\n<tbody>\n<tr>\n<td>\u00dcr\u00fcn Ad\u0131<\/td>\n<td>B\u00fcy\u00fck Ekskavat\u00f6r S\u0131kma Silindiri<\/td>\n<\/tr>\n<tr>\n<td>\u00d6zellikler:<\/td>\n<td>Ray geriliminin etkisini kontrol edin.<\/td>\n<\/tr>\n<tr>\n<td>Delik \u00e7ap\u0131:<\/td>\n<td>280 mm\uff5e380 mm<\/td>\n<\/tr>\n<tr>\n<td>\u00c7ubuk \u00e7ap\u0131:<\/td>\n<td>170 mm\uff5e300 mm<br \/>\nStrok\u2264700mm<\/td>\n<\/tr>\n<tr>\n<td>\u0130tme kuvveti:<\/td>\n<td>Maksimum 3967,4 KN<\/td>\n<\/tr>\n<tr>\n<td>Delik \u00e7ap\u0131:<\/td>\n<td>380 mm\/bas\u0131n\u00e7 35 MPa<\/td>\n<\/tr>\n<\/tbody>\n<\/table>\n<h2><strong>B\u00fcy\u00fck Ekskavat\u00f6r Tan\u0131mlama \u015eemas\u0131:<\/strong><\/h2>\n<p><img loading=\"lazy\" decoding=\"async\" class=\"alignnone wp-image-1513 size-full\" src=\"https:\/\/hydraulic-cylinders.net\/wp-content\/uploads\/2023\/09\/large-excavator-cylinder-construction.webp\" alt=\"\" width=\"1418\" height=\"946\" srcset=\"https:\/\/hydraulic-cylinders.net\/wp-content\/uploads\/2023\/09\/large-excavator-cylinder-construction.webp 1418w, https:\/\/hydraulic-cylinders.net\/wp-content\/uploads\/2023\/09\/large-excavator-cylinder-construction-1280x854.webp 1280w, https:\/\/hydraulic-cylinders.net\/wp-content\/uploads\/2023\/09\/large-excavator-cylinder-construction-980x654.webp 980w, https:\/\/hydraulic-cylinders.net\/wp-content\/uploads\/2023\/09\/large-excavator-cylinder-construction-480x320.webp 480w\" sizes=\"(min-width: 0px) and (max-width: 480px) 480px, (min-width: 481px) and (max-width: 980px) 980px, (min-width: 981px) and (max-width: 1280px) 1280px, (min-width: 1281px) 1418px, 100vw\" \/><\/p>\n<h2><strong>B\u00fcy\u00fck Ekskavat\u00f6r S\u0131kma Silindirinin Kullan\u0131m Y\u00f6ntemi:<\/strong><\/h2>\n<ol>\n<li><strong>Kurulum ve Yap\u0131land\u0131rma:<\/strong><\/li>\n<\/ol>\n<ul>\n<li>B\u00fcy\u00fck ekskavat\u00f6r s\u0131k\u0131\u015ft\u0131rma silindirinin do\u011fru \u015fekilde tak\u0131lmas\u0131 i\u00e7in \u00fcreticinin talimatlar\u0131n\u0131 izleyin.<\/li>\n<li>Uyumlulu\u011fu sa\u011flay\u0131n ve silindiri ekskavat\u00f6r \u00fczerindeki belirlenmi\u015f montaj noktalar\u0131na g\u00fcvenli bir \u015fekilde tak\u0131n.<\/li>\n<li>G\u00fcvenilir bir ba\u011flant\u0131 olu\u015fturmak i\u00e7in \u00f6nerilen tork de\u011ferlerini ve uygun montaj donan\u0131m\u0131n\u0131 kullan\u0131n.<\/li>\n<\/ul>\n<ol start=\"2\">\n<li><strong>S\u0131k\u0131\u015ft\u0131rma \u0130\u015flemi:<\/strong><\/li>\n<\/ol>\n<ul>\n<li>Yap\u0131m gereksinimlerine ba\u011fl\u0131 olarak, paletler, kollar veya bomlar gibi s\u0131k\u0131lmas\u0131 gereken bile\u015fenleri belirleyin.<\/li>\n<li>S\u0131kma i\u015flemi s\u0131ras\u0131nda optimum temas ve bas\u0131n\u00e7 da\u011f\u0131l\u0131m\u0131 sa\u011flamak i\u00e7in silindirin konumunu ve hizalamas\u0131n\u0131 ayarlay\u0131n.<\/li>\n<li>Sa\u011flanan kontrol mekanizmalar\u0131n\u0131 kullanarak gerekli kuvveti kademeli olarak uygulay\u0131n ve tork seviyelerini dikkatlice izleyin.<\/li>\n<\/ul>\n<ol start=\"3\">\n<li><strong>G\u00fcvenlik Hususlar\u0131:<\/strong><\/li>\n<\/ol>\n<ul>\n<li>B\u00fcy\u00fck ekskavat\u00f6r s\u0131k\u0131\u015ft\u0131rma silindirini \u00e7al\u0131\u015ft\u0131r\u0131rken g\u00fcvenlik y\u00f6nergelerine ve en iyi uygulamalara uyun.<\/li>\n<li>Kazalar\u0131 veya yaralanmalar\u0131 \u00f6nlemek i\u00e7in s\u0131kma i\u015flemi s\u0131ras\u0131nda t\u00fcm personelin \u00e7al\u0131\u015fma alan\u0131ndan uzak durmas\u0131n\u0131 sa\u011flay\u0131n.<\/li>\n<li>Silindiri ve ilgili bile\u015fenleri d\u00fczenli olarak inceleyerek, performans\u0131 ve g\u00fcvenli\u011fi etkileyebilecek a\u015f\u0131nma veya hasar belirtilerini tespit edin.<\/li>\n<\/ul>\n<h2><strong>Ekskavat\u00f6r Ba\u015fparma\u011f\u0131 \u0130\u00e7in Hangi Boyutta Silindir?<\/strong><\/h2>\n<p>Ekskavat\u00f6r\u00fcn kep\u00e7e ata\u015fman\u0131n\u0131n silindir boyutu, ekskavat\u00f6r\u00fcn \u00f6zel gereksinimlerine ve kep\u00e7e ata\u015fman\u0131n\u0131n kullan\u0131m amac\u0131na ba\u011fl\u0131 olarak de\u011fi\u015febilir. Uygun silindir boyutu genellikle ekskavat\u00f6r\u00fcn \u00e7al\u0131\u015fma a\u011f\u0131rl\u0131\u011f\u0131, kep\u00e7e ata\u015fman\u0131n\u0131n istenen kald\u0131rma kapasitesi ve ekskavat\u00f6r\u00fcn hidrolik sistemiyle uyumlulu\u011fu gibi fakt\u00f6rler dikkate al\u0131narak belirlenir.<\/p>\n<p>Bir ekskavat\u00f6r ba\u015fparma\u011f\u0131 i\u00e7in uygun silindir boyutunu belirlemek i\u00e7in, ba\u015fparma\u011f\u0131n \u00fcreticisine veya tedarik\u00e7isine dan\u0131\u015fman\u0131z \u00f6nerilir. Ekskavat\u00f6r\u00fcn teknik \u00f6zelliklerine ve ba\u015fparma\u011f\u0131n kullan\u0131m amac\u0131na g\u00f6re size rehberlik edebilirler.<\/p>\n<p>Ekskavat\u00f6r ba\u015fparmaklar\u0131n\u0131n, farkl\u0131 ekskavat\u00f6r model ve boyutlar\u0131na uyum sa\u011flayacak \u015fekilde \u00e7e\u015fitli boyut ve konfig\u00fcrasyonlarda mevcut oldu\u011funu belirtmekte fayda var. Ba\u015fparmak ata\u015fman\u0131 genellikle ekskavat\u00f6r\u00fcn bomuna monte edilen merkezi bir yap\u0131 veya \u00e7er\u00e7eve ile kavrama veya s\u0131k\u0131\u015ft\u0131rma hareketini sa\u011flayan bir hidrolik silindirden olu\u015fur. Silindir boyutu, ba\u015fparmak ata\u015fman\u0131 ile uyumlulu\u011fu sa\u011flayacak ve ama\u00e7lanan g\u00f6revler i\u00e7in gerekli kavrama kuvvetini sa\u011flayacak \u015fekilde se\u00e7ilmelidir.<\/p>\n<p>Bir ekskavat\u00f6r\u00fcn ba\u015fparma\u011f\u0131 i\u00e7in silindir boyutunu de\u011ferlendirirken, yeterli kald\u0131rma kapasitesine sahip olmas\u0131 ve ekskavat\u00f6r\u00fcn hidrolik sisteminin ba\u015fparma\u011f\u0131n \u00e7al\u0131\u015fmas\u0131n\u0131 yeterli \u015fekilde destekleyebilmesi aras\u0131nda bir denge kurmak \u00f6nemlidir. Silindirin boyutunun b\u00fcy\u00fck olmas\u0131, ekskavat\u00f6r\u00fcn hidrolik sistemini a\u015f\u0131r\u0131 zorlayabilirken, k\u00fc\u00e7\u00fck olmas\u0131 ise s\u0131n\u0131rl\u0131 kald\u0131rma kapasitesine ve d\u00fc\u015f\u00fck performansa neden olabilir.<\/p>\n<p>\u00d6zetle, bir ekskavat\u00f6r ba\u015fparma\u011f\u0131 silindirinin boyutu, ekskavat\u00f6r\u00fcn \u00e7al\u0131\u015fma a\u011f\u0131rl\u0131\u011f\u0131, istenen kald\u0131rma kapasitesi ve ba\u015fparma\u011f\u0131n ve hidrolik sistemin uyumlulu\u011fu gibi fakt\u00f6rlere g\u00f6re belirlenmelidir. Do\u011fru boyutland\u0131rma ve optimum performans sa\u011flamak i\u00e7in ba\u015fparma\u011f\u0131n \u00fcreticisine veya tedarik\u00e7isine dan\u0131\u015fman\u0131z \u00f6nerilir.<\/p>\n<h2><strong>Fabrikan\u0131n Kapasitesi ve Kapasitesi:<\/strong><\/h2>\n<h3>(1) Meclis<\/h3>\n<p>Birinci s\u0131n\u0131f ba\u011f\u0131ms\u0131z bir ara\u015ft\u0131rma ve geli\u015ftirme montaj platformumuz bulunmaktad\u0131r. Hidrolik silindir \u00fcretim at\u00f6lyemizde, y\u0131ll\u0131k 1 milyon adet \u00fcretim kapasitesine sahip d\u00f6rt adet yar\u0131 otomatik kald\u0131rma silindiri montaj hatt\u0131 ve bir adet otomatik devirme silindiri montaj hatt\u0131 bulunmaktad\u0131r. \u00d6zel silindir at\u00f6lyemiz, y\u0131ll\u0131k 200.000 adet \u00fcretim kapasitesine sahip \u00e7e\u015fitli \u00f6zelliklerde yar\u0131 otomatik temizleme montaj sistemiyle donat\u0131lm\u0131\u015ft\u0131r. Ayr\u0131ca, \u00fcnl\u00fc CNC i\u015fleme ekipmanlar\u0131, bir i\u015fleme merkezi, y\u00fcksek hassasiyetli silindir i\u015fleme \u00f6zel ekipmanlar\u0131, bir robot kaynak makinesi, bir otomatik temizleme makinesi, otomatik silindir montaj makinesi ve otomatik boyama \u00fcretim hatt\u0131 ile donat\u0131lm\u0131\u015ft\u0131r. 300'den fazla setten olu\u015fan kritik ekipmanlar mevcuttur. Ekipman kaynaklar\u0131n\u0131n optimum da\u011f\u0131l\u0131m\u0131 ve verimli kullan\u0131m\u0131, \u00fcr\u00fcnlerin hassasiyet gereksinimlerini kar\u015f\u0131lar ve \u00fcr\u00fcnlerin y\u00fcksek kalite ihtiya\u00e7lar\u0131n\u0131 kar\u015f\u0131lar.<\/p>\n<p><img loading=\"lazy\" decoding=\"async\" class=\"alignnone wp-image-626\" src=\"https:\/\/hydraulic-cylinders.net\/wp-content\/uploads\/2023\/08\/hydraulic-cylinder-product-1-300x158.webp\" alt=\"\" width=\"495\" height=\"260\" srcset=\"https:\/\/hydraulic-cylinders.net\/wp-content\/uploads\/2023\/08\/hydraulic-cylinder-product-1-300x158.webp 495w, https:\/\/hydraulic-cylinders.net\/wp-content\/uploads\/2023\/08\/hydraulic-cylinder-product-1-480x252.webp 480w\" sizes=\"(min-width: 0px) and (max-width: 480px) 480px, (min-width: 481px) 495px, 100vw\" \/> <img loading=\"lazy\" decoding=\"async\" class=\"alignnone wp-image-627\" src=\"https:\/\/hydraulic-cylinders.net\/wp-content\/uploads\/2023\/08\/hydraulic-cylinder-product-2-300x189.webp\" alt=\"\" width=\"413\" height=\"260\" \/><\/p>\n<h3>(2) \u0130\u015fleme<\/h3>\n<p>\u0130\u015fleme at\u00f6lyesi, maksimum 400 mm i\u00e7 \u00e7apa ve maksimum 6 metre uzunlu\u011fa sahip silindir borular\u0131n\u0131n i\u015flenmesini ger\u00e7ekle\u015ftirebilen \u00f6zel e\u011fimli ray torna merkezi, i\u015fleme merkezi, y\u00fcksek h\u0131zl\u0131 honlama makinesi, kaynak robotu ve di\u011fer ilgili ekipmanlarla donat\u0131lm\u0131\u015ft\u0131r.<\/p>\n<p><img loading=\"lazy\" decoding=\"async\" class=\"alignnone wp-image-628 size-large\" src=\"https:\/\/hydraulic-cylinders.net\/wp-content\/uploads\/2023\/08\/hydraulic-cylinder-product-3-1024x391.webp\" alt=\"\" width=\"1024\" height=\"391\" srcset=\"https:\/\/hydraulic-cylinders.net\/wp-content\/uploads\/2023\/08\/hydraulic-cylinder-product-3-980x374.webp 980w, https:\/\/hydraulic-cylinders.net\/wp-content\/uploads\/2023\/08\/hydraulic-cylinder-product-3-480x183.webp 480w\" sizes=\"(min-width: 0px) and (max-width: 480px) 480px, (min-width: 481px) and (max-width: 980px) 980px, (min-width: 981px) 1024px, 100vw\" \/><\/p>\n<h3>(3) Kaynak<\/h3>\n<p><img loading=\"lazy\" decoding=\"async\" class=\"alignnone wp-image-629 size-large\" src=\"https:\/\/hydraulic-cylinders.net\/wp-content\/uploads\/2023\/08\/hydraulic-cylinder-product-4-1024x510.webp\" alt=\"\" width=\"1024\" height=\"510\" srcset=\"https:\/\/hydraulic-cylinders.net\/wp-content\/uploads\/2023\/08\/hydraulic-cylinder-product-4-980x488.webp 980w, https:\/\/hydraulic-cylinders.net\/wp-content\/uploads\/2023\/08\/hydraulic-cylinder-product-4-480x239.webp 480w\" sizes=\"(min-width: 0px) and (max-width: 480px) 480px, (min-width: 481px) and (max-width: 980px) 980px, (min-width: 981px) 1024px, 100vw\" \/><\/p>\n<h3>(4) Boyama ve kaplama<\/h3>\n<p>K\u00fc\u00e7\u00fck ve orta \u00f6l\u00e7ekli silindirli otomatik su bazl\u0131 boya kaplama hatlar\u0131nda, otomatik robot y\u00fckleme-bo\u015faltma ve otomatik p\u00fcsk\u00fcrtmeyi ger\u00e7ekle\u015ftirmek i\u00e7in, vardiya ba\u015f\u0131na 4000 adet tasar\u0131m kapasitesi;<br \/>\nAyr\u0131ca, vardiya ba\u015f\u0131na 60 kasa kapasiteli, g\u00fc\u00e7 zinciriyle \u00e7al\u0131\u015fan b\u00fcy\u00fck silindirler i\u00e7in yar\u0131 otomatik boya \u00fcretim hatt\u0131m\u0131z da bulunmaktad\u0131r.<\/p>\n<p><img loading=\"lazy\" decoding=\"async\" class=\"alignnone wp-image-630\" src=\"https:\/\/hydraulic-cylinders.net\/wp-content\/uploads\/2023\/08\/hydraulic-cylinder-product-5-300x213.webp\" alt=\"\" width=\"366\" height=\"260\" \/> <img loading=\"lazy\" decoding=\"async\" class=\"alignnone wp-image-631\" src=\"https:\/\/hydraulic-cylinders.net\/wp-content\/uploads\/2023\/08\/hydraulic-cylinder-product-6-300x225.webp\" alt=\"\" width=\"347\" height=\"260\" \/><\/p>\n<h3>(5) Test etme<\/h3>\n<p>Silindirin performans\u0131n\u0131n gereklilikleri kar\u015f\u0131lad\u0131\u011f\u0131ndan emin olmak i\u00e7in birinci s\u0131n\u0131f muayene tesislerimiz ve test yataklar\u0131m\u0131z bulunmaktad\u0131r.<\/p>\n<p><img loading=\"lazy\" decoding=\"async\" class=\"alignnone wp-image-632\" src=\"https:\/\/hydraulic-cylinders.net\/wp-content\/uploads\/2023\/08\/hydraulic-cylinder-product-8-300x200.webp\" alt=\"\" width=\"389\" height=\"260\" \/><\/p>\n<p>&nbsp;<\/p>\n<p>&nbsp;<\/p>\n<p>En iyi hidrolik silindir \u00fcreticilerinden biriyiz. Kapsaml\u0131 hidrolik silindirler sunabiliyoruz. Ayr\u0131ca, ilgili hidrolik silindirleri de sa\u011fl\u0131yoruz. <a href=\"https:\/\/hzpt.com\/agricultural-pto-gearbox\/\" target=\"_blank\" rel=\"noopener\">tar\u0131msal di\u015fli kutular\u0131<\/a>\u00dcr\u00fcnlerimizi d\u00fcnya \u00e7ap\u0131ndaki m\u00fc\u015fterilerimize ihra\u00e7 ettik ve \u00fcst\u00fcn \u00fcr\u00fcn kalitemiz ve sat\u0131\u015f sonras\u0131 hizmetlerimiz sayesinde iyi bir itibar kazand\u0131k. Yurt i\u00e7i ve yurt d\u0131\u015f\u0131ndaki m\u00fc\u015fterilerimizi i\u015f g\u00f6r\u00fc\u015fmeleri yapmak, bilgi al\u0131\u015fveri\u015finde bulunmak ve <a href=\"https:\/\/www.hydraulic-cylinders.net\/tr\/contact-us\/\">bizimle i\u015fbirli\u011fi yap\u0131n<\/a>!<\/p>","protected":false},"excerpt":{"rendered":"<p>Large Excavator Tightening Cylinder The large excavator tightening cylinder is a powerful hydraulic component designed to provide precise and controlled tightening force on heavy construction equipment. This cylinder is crucial in ensuring the stability and safety of various features, such as tracks, arms, and booms, on large excavators. The large excavator tightening cylinder is an [&hellip;]<\/p>","protected":false},"featured_media":1512,"comment_status":"open","ping_status":"closed","template":"","meta":{"_et_pb_use_builder":"","_et_pb_old_content":"","_et_gb_content_width":""},"product_brand":[],"product_cat":[1503,1549,1376],"product_tag":[1380],"class_list":{"0":"post-1510","1":"product","2":"type-product","3":"status-publish","4":"has-post-thumbnail","6":"product_cat-excavator-hydraulic-cylinders","7":"product_cat-single-acting-hydraulic-cylinder","8":"product_cat-hydraulic-cylinder","9":"product_tag-hydraulic-cylinder","11":"first","12":"instock","13":"shipping-taxable","14":"product-type-simple"},"amp_enabled":true,"_links":{"self":[{"href":"https:\/\/www.hydraulic-cylinders.net\/tr\/wp-json\/wp\/v2\/product\/1510","targetHints":{"allow":["GET"]}}],"collection":[{"href":"https:\/\/www.hydraulic-cylinders.net\/tr\/wp-json\/wp\/v2\/product"}],"about":[{"href":"https:\/\/www.hydraulic-cylinders.net\/tr\/wp-json\/wp\/v2\/types\/product"}],"replies":[{"embeddable":true,"href":"https:\/\/www.hydraulic-cylinders.net\/tr\/wp-json\/wp\/v2\/comments?post=1510"}],"wp:featuredmedia":[{"embeddable":true,"href":"https:\/\/www.hydraulic-cylinders.net\/tr\/wp-json\/wp\/v2\/media\/1512"}],"wp:attachment":[{"href":"https:\/\/www.hydraulic-cylinders.net\/tr\/wp-json\/wp\/v2\/media?parent=1510"}],"wp:term":[{"taxonomy":"product_brand","embeddable":true,"href":"https:\/\/www.hydraulic-cylinders.net\/tr\/wp-json\/wp\/v2\/product_brand?post=1510"},{"taxonomy":"product_cat","embeddable":true,"href":"https:\/\/www.hydraulic-cylinders.net\/tr\/wp-json\/wp\/v2\/product_cat?post=1510"},{"taxonomy":"product_tag","embeddable":true,"href":"https:\/\/www.hydraulic-cylinders.net\/tr\/wp-json\/wp\/v2\/product_tag?post=1510"}],"curies":[{"name":"wp","href":"https:\/\/api.w.org\/{rel}","templated":true}]}}