{"id":15118,"date":"2025-01-19T14:07:43","date_gmt":"2025-01-19T14:07:43","guid":{"rendered":"https:\/\/www.hydraulic-cylinders.net\/product\/bucket-cylinder-for-komatsu-small-excavator-pc40\/"},"modified":"2025-01-19T14:07:45","modified_gmt":"2025-01-19T14:07:45","slug":"bucket-cylinder-for-komatsu-small-excavator-pc40","status":"publish","type":"product","link":"https:\/\/www.hydraulic-cylinders.net\/tr\/urun\/bucket-cylinder-for-komatsu-small-excavator-pc40\/","title":{"rendered":"Komatsu K\u00fc\u00e7\u00fck Ekskavat\u00f6r PC40 \u0130\u00e7in Kova Silindiri"},"content":{"rendered":"<h2>girii\u015f<\/h2>\n<h3>Komatsu K\u00fc\u00e7\u00fck Ekskavat\u00f6r PC40 i\u00e7in Kova Silindiri Nedir?<\/h3>\n<p>Bucket Cylinder for Komatsu Small Excavator PC40 is a specially designed hydraulic cylinder used for controlling the movement of buckets in heavy machinery such as excavators, backhoe excavators, and front-end loaders. Its main function is to enable the bucket to lift, lower, and tilt, thus facilitating various material handling tasks. In the hydraulic system, the bucket cylinder achieves precise control of the bucket&#8217;s movement through changes in hydraulic oil pressure, enabling operators to efficiently handle heavy loads and adapt to complex working environments and diverse operational requirements.<\/p>\n<p><img decoding=\"async\" src=\"https:\/\/www.hydraulic-cylinders.net\/wp-content\/uploads\/2025\/01\/songte-company-2.webp\" alt=\"Komatsu K\u00fc\u00e7\u00fck Ekskavat\u00f6r PC40 i\u00e7in Kova Silindiri\"><\/p>\n<h2>\u00d6zellikler<\/h2>\n<ul>\n<li><strong>Y\u00fcksek Dayan\u0131kl\u0131l\u0131k ve Dayan\u0131kl\u0131l\u0131k:<\/strong> Genellikle y\u00fcksek mukavemetli \u00e7elik veya al\u00fcminyumdan \u00fcretilen bu \u00fcr\u00fcnler, y\u00fcksek bas\u0131n\u00e7 ve a\u011f\u0131r y\u00fcklere dayanabilir ve zorlu \u00e7al\u0131\u015fma ortamlar\u0131na uyum sa\u011flar. Tasar\u0131m\u0131nda a\u015f\u0131nma ve korozyon direnci g\u00f6z \u00f6n\u00fcnde bulundurularak kullan\u0131m \u00f6mr\u00fc uzat\u0131l\u0131r.<\/li>\n<li><strong>Verimli Hidrolik \u00c7al\u0131\u015fma:<\/strong> Hidrolik ya\u011f bas\u0131nc\u0131 kullan\u0131larak p\u00fcr\u00fczs\u00fcz teleskopik hareket sa\u011flan\u0131r, kontrol komutlar\u0131na h\u0131zl\u0131 tepki verilir, g\u00fc\u00e7l\u00fc itme-\u00e7ekme kuvveti sa\u011flan\u0131r ve a\u011f\u0131r y\u00fcklerin ve karma\u015f\u0131k operasyonel g\u00f6revlerin ta\u015f\u0131nmas\u0131 i\u00e7in uygundur.<\/li>\n<li><strong>\u00c7e\u015fitli Tipler:<\/strong> Operasyonel gereksinimlere g\u00f6re tek etkili (hidrolik tek y\u00f6nde kullan\u0131l\u0131r) veya \u00e7ift etkili (hidrolik her iki y\u00f6nde kullan\u0131l\u0131r) silindirler se\u00e7ilebilir. Baz\u0131 modeller teleskopiktir ve d\u0131\u015f boyutlar\u0131 art\u0131rmadan daha fazla geni\u015flemeye olanak tan\u0131r, s\u0131n\u0131rl\u0131 alana sahip uygulamalar i\u00e7in uygundur.<\/li>\n<li><strong>\u00d6zel \u00dcretim:<\/strong> Bu hidrolik silindirlerin yerine m\u00fckemmel bir \u015fekilde ge\u00e7ebilecek bu \u00fcr\u00fcn\u00fc \u00fcretebiliyoruz.<\/li>\n<\/ul>\n<p><img decoding=\"async\" src=\"https:\/\/www.hydraulic-cylinders.net\/wp-content\/uploads\/2025\/01\/songte-cylinder-head-with-all-kinds-excavator-models.webp\" alt=\"Komatsu K\u00fc\u00e7\u00fck Ekskavat\u00f6r PC40 i\u00e7in Kova Silindiri\"><\/p>\n<h2>Ba\u015fvuru<\/h2>\n<p>Komatsu K\u00fc\u00e7\u00fck Ekskavat\u00f6r PC40 i\u00e7in Kova Silindiri, in\u015faat ekipmanlar\u0131, tar\u0131m makineleri, ekskavat\u00f6rler ve y\u00fckleyiciler gibi \u00e7e\u015fitli end\u00fcstrilerde yayg\u0131n olarak kullan\u0131lmaktad\u0131r. <\/p>\n<h3>\u0130n\u015faat Ekipmanlar\u0131:<\/h3>\n<ul>\n<li>Ekskavat\u00f6rlerde kaz\u0131, y\u00fckleme ve toprak veya moloz ta\u015f\u0131ma i\u015flerinde olmazsa olmazd\u0131r.<\/li>\n<li> Beko ekskavat\u00f6rlerde kova silindiri hem kazma hem de kald\u0131rma i\u015flemine yard\u0131mc\u0131 olur.<\/li>\n<li> \u00d6n y\u00fckleyicilerde mallar\u0131n etkili bir \u015fekilde kald\u0131r\u0131lmas\u0131na ve e\u011filmesine yard\u0131mc\u0131 olur.<\/li>\n<\/ul>\n<h3>Tar\u0131m Makinalar\u0131:<\/h3>\n<p>\u00d6n y\u00fckleyicilerde, toprak, saman ve di\u011fer malzemelerin kep\u00e7elenmesi, kald\u0131r\u0131lmas\u0131 ve ta\u015f\u0131nmas\u0131nda kullan\u0131l\u0131r.<\/p>\n<h3>Ekskavat\u00f6rler:<\/h3>\n<p>Kova silindiri, kovan\u0131n topra\u011fa n\u00fcfuz etmesini sa\u011flayarak kaz\u0131 i\u015fleminin ger\u00e7ekle\u015fmesini sa\u011flar. <\/p>\n<p><img decoding=\"async\" src=\"https:\/\/www.hydraulic-cylinders.net\/wp-content\/uploads\/2025\/01\/songte-bushings-with-all-kinds-of-excavator-models.webp\" alt=\"Komatsu K\u00fc\u00e7\u00fck Ekskavat\u00f6r PC40 i\u00e7in Kova Silindiri\"><\/p>\n<h2>Tasar\u0131m Hususlar\u0131 ve Se\u00e7im Standartlar\u0131<\/h2>\n<ul>\n<li><strong>Ta\u015f\u0131ma Kapasitesi:<\/strong> Kova silindiri y\u00fcksek bas\u0131n\u00e7 y\u00fcklerine dayan\u0131kl\u0131 olmal\u0131d\u0131r.<\/li>\n<li><strong>S\u0131zd\u0131rmazl\u0131k:<\/strong> Piston contalar\u0131 ve biyel contalar\u0131 gibi \u00e7e\u015fitli contalar, s\u0131zd\u0131rmazl\u0131k performans\u0131n\u0131n sa\u011flanmas\u0131 i\u00e7in poli\u00fcretan ve nitril kau\u00e7uk gibi a\u015f\u0131nmaya dayan\u0131kl\u0131 malzemelerden yap\u0131lmal\u0131d\u0131r.<\/li>\n<li><strong>Dayan\u0131kl\u0131l\u0131k:<\/strong> The cylinder&#8217;s body and threaded end surface should be finely processed to improve wear resistance.<\/li>\n<li><strong>Emniyet:<\/strong> The design should take into account the safety of the cylinder&#8217;s operation.<\/li>\n<li><strong>Bak\u0131m:<\/strong> Silindirin onar\u0131m\u0131 ve bak\u0131m\u0131 kolay olmal\u0131d\u0131r.<\/li>\n<\/ul>\n<p><img decoding=\"async\" src=\"https:\/\/www.hydraulic-cylinders.net\/wp-content\/uploads\/2025\/01\/songte-oil-pipes-and-spare-parts.webp\" alt=\"Komatsu K\u00fc\u00e7\u00fck Ekskavat\u00f6r PC40 i\u00e7in Kova Silindiri\"><\/p>\n<h2>S\u0131zd\u0131rmazl\u0131k ve Ya\u011flama<\/h2>\n<p>Piston contalar\u0131 ve piston kolu contalar\u0131 gibi \u00e7e\u015fitli s\u0131zd\u0131rmazl\u0131k bile\u015fenleri, etkili s\u0131zd\u0131rmazl\u0131k sa\u011flamak i\u00e7in poli\u00fcretan ve nitril kau\u00e7uk gibi a\u015f\u0131nmaya dayan\u0131kl\u0131 malzemelerden yap\u0131lmal\u0131d\u0131r. Silindir g\u00f6vdesi ve di\u015fli u\u00e7 y\u00fczeyi, a\u015f\u0131nma direncini art\u0131rmak i\u00e7in hassas bir \u015fekilde i\u015flenmelidir. Ya\u011flama i\u00e7in uygun hidrolik ya\u011f\u0131n d\u00fczenli olarak eklenmesi gereklidir.<\/p>\n<p><img decoding=\"async\" src=\"https:\/\/www.hydraulic-cylinders.net\/wp-content\/uploads\/2025\/01\/songte-chushion-collar.webp\" alt=\"Komatsu K\u00fc\u00e7\u00fck Ekskavat\u00f6r PC40 i\u00e7in Kova Silindiri\"><\/p>\n<h2>Bak\u0131m ve Onar\u0131m<\/h2>\n<p>Regular inspection, appropriate lubrication, seal replacement, and calibration checks are common maintenance tasks. Proper installation, lubrication, and adjustment are vital, and proper alignment guidance should be provided during installation. Suitable installation brackets should be recommended to fix the cylinder, and check, repair, and replacement procedures should be provided to extend the cylinder&#8217;s service life.<\/p>\n<h2>G\u00fcvenlik Hususlar\u0131 ve \u00c7evresel Fakt\u00f6rler<\/h2>\n<p>Kova silindirlerini kullan\u0131rken olas\u0131 risklere kar\u015f\u0131 korunmak i\u00e7in g\u00fcvenlik \u00f6nlemlerine uyulmas\u0131 \u00f6nemlidir. Hidrolik ya\u011f ve di\u011fer malzemelerle \u00e7al\u0131\u015f\u0131rken \u00e7evre y\u00f6netmeliklerine uyulmal\u0131d\u0131r.<\/p>\n<h2>Ar\u0131za Te\u015fhisi ve Yayg\u0131n Sorunlar<\/h2>\n<p>Kova silindirlerinde s\u0131k kar\u015f\u0131la\u015f\u0131lan sorunlar aras\u0131nda s\u0131v\u0131 s\u0131z\u0131nt\u0131s\u0131, yetersiz bas\u0131n\u00e7 ve anormal g\u00fcr\u00fclt\u00fc bulunur. Ar\u0131za te\u015fhisi, silindirin ve \u00e7evresindeki bile\u015fenlerin kapsaml\u0131 bir incelemesine dayanmal\u0131d\u0131r. Bu t\u00fcr sorunlar\u0131n olu\u015fmas\u0131n\u0131 \u00f6nlemek i\u00e7in uygun bak\u0131m ve zaman\u0131nda onar\u0131m gereklidir.<\/p>\n<h2>\u015eirket Tan\u0131t\u0131m\u0131<\/h2>\n<p>Yedek hidrolik silindir \u00fcreticisi olarak, eksiksiz bir \u00fcr\u00fcn yelpazesi sunuyoruz. Yurt i\u00e7i ve yurt d\u0131\u015f\u0131 pazarlarda lider hidrolik silindir \u00fcreticilerinden ve toptan da\u011f\u0131t\u0131c\u0131lar\u0131ndan biriyiz. M\u00fckemmel kaliteyi hedefliyor ve titizlikle \u00fcretilen at\u00f6lyelerimizde end\u00fcstriyel \u00fcretim y\u00f6netimi stratejilerine g\u00fcveniyoruz. \u00dcretim platformumuzu s\u00fcrekli iyile\u015ftiriyor, \u00fcr\u00fcn kalitesi \u00fcretim hatt\u0131m\u0131z\u0131 m\u00fckemmelle\u015ftiriyor ve g\u00fc\u00e7l\u00fc bir \u00fcretim kapasitesine sahibiz. M\u00fc\u015fteri gereksinimlerini y\u00fcksek verimlilik, y\u00fcksek hassasiyet ve y\u00fcksek kalite prensipleriyle kar\u015f\u0131lamay\u0131 hedefliyoruz.<\/p>\n<p><img decoding=\"async\" src=\"https:\/\/hzpt.com\/wp-content\/uploads\/2024\/11\/songte-company-1.webp\" alt=\"Komatsu K\u00fc\u00e7\u00fck Ekskavat\u00f6r PC40 i\u00e7in Kova Silindiri\"><\/p>\n<h2>Profesyonellik ve Uluslararas\u0131 Sertifikasyon<\/h2>\n<p>\u015eirketimiz, t\u00fcm \u00e7al\u0131\u015fanlar\u0131n\u0131n m\u00fc\u015fterilerimize profesyonel hizmet sunmak i\u00e7in gerekli nitelik ve becerilere sahip olmas\u0131n\u0131 sa\u011flamay\u0131 taahh\u00fct eder. \u00dcr\u00fcnlerimizin uluslararas\u0131 kalite standartlar\u0131n\u0131 kar\u015f\u0131lad\u0131\u011f\u0131ndan emin olmak i\u00e7in ISO ve CE gibi ilgili uluslararas\u0131 sertifikalar\u0131 ald\u0131k.<\/p>\n<h2>\u00d6zelle\u015ftirilmi\u015f Hizmetler ve \u00dcretim Ekipmanlar\u0131<\/h2>\n<p>We offer customized services to provide tailored hydraulic cylinder solutions according to each customer&#8217;s unique needs. We have advanced production equipment such as CNC machines and professional testing systems to ensure that each product is qualified and reliable.<\/p>\n<h2>Sat\u0131\u015f Sonras\u0131 Hizmet<\/h2>\n<p>\u015eirketimiz, sundu\u011fumuz \u00fcr\u00fcnler i\u00e7in onar\u0131m, de\u011fi\u015fim ve yeniden \u00fcretim hizmetleri de dahil olmak \u00fczere eksiksiz bir sat\u0131\u015f sonras\u0131 hizmet yelpazesi sunmaktad\u0131r. M\u00fc\u015fterilerimize, yat\u0131r\u0131mlar\u0131n\u0131n kar\u015f\u0131l\u0131\u011f\u0131n\u0131 en iyi \u015fekilde alabilmeleri i\u00e7in y\u00fcksek kaliteli teknik \u00e7\u00f6z\u00fcmler ve hizmetler sunmaya kararl\u0131y\u0131z.<\/p>\n<p>Yazar: lyl<\/p>","protected":false},"excerpt":{"rendered":"<p>Introduction What is Bucket Cylinder for Komatsu Small Excavator PC40? Bucket Cylinder for Komatsu Small Excavator PC40 is a specially designed hydraulic cylinder used for controlling the movement of buckets in heavy machinery such as excavators, backhoe excavators, and front-end loaders. Its main function is to enable the bucket to lift, lower, and tilt, thus [&hellip;]<\/p>","protected":false},"featured_media":14788,"comment_status":"open","ping_status":"closed","template":"","meta":{"_et_pb_use_builder":"","_et_pb_old_content":"","_et_gb_content_width":""},"product_brand":[],"product_cat":[1494],"product_tag":[1495,1496],"class_list":{"0":"post-15118","1":"product","2":"type-product","3":"status-publish","4":"has-post-thumbnail","6":"product_cat-bucket-cylinders","7":"product_tag-bucket-cylinders","8":"product_tag-hydraulic-cylinders","10":"first","11":"instock","12":"shipping-taxable","13":"product-type-simple"},"amp_enabled":true,"_links":{"self":[{"href":"https:\/\/www.hydraulic-cylinders.net\/tr\/wp-json\/wp\/v2\/product\/15118","targetHints":{"allow":["GET"]}}],"collection":[{"href":"https:\/\/www.hydraulic-cylinders.net\/tr\/wp-json\/wp\/v2\/product"}],"about":[{"href":"https:\/\/www.hydraulic-cylinders.net\/tr\/wp-json\/wp\/v2\/types\/product"}],"replies":[{"embeddable":true,"href":"https:\/\/www.hydraulic-cylinders.net\/tr\/wp-json\/wp\/v2\/comments?post=15118"}],"wp:featuredmedia":[{"embeddable":true,"href":"https:\/\/www.hydraulic-cylinders.net\/tr\/wp-json\/wp\/v2\/media\/14788"}],"wp:attachment":[{"href":"https:\/\/www.hydraulic-cylinders.net\/tr\/wp-json\/wp\/v2\/media?parent=15118"}],"wp:term":[{"taxonomy":"product_brand","embeddable":true,"href":"https:\/\/www.hydraulic-cylinders.net\/tr\/wp-json\/wp\/v2\/product_brand?post=15118"},{"taxonomy":"product_cat","embeddable":true,"href":"https:\/\/www.hydraulic-cylinders.net\/tr\/wp-json\/wp\/v2\/product_cat?post=15118"},{"taxonomy":"product_tag","embeddable":true,"href":"https:\/\/www.hydraulic-cylinders.net\/tr\/wp-json\/wp\/v2\/product_tag?post=15118"}],"curies":[{"name":"wp","href":"https:\/\/api.w.org\/{rel}","templated":true}]}}