{"id":15119,"date":"2025-01-19T14:07:48","date_gmt":"2025-01-19T14:07:48","guid":{"rendered":"https:\/\/www.hydraulic-cylinders.net\/product\/bucket-cylinder-for-komatsu-small-excavator-pc156-7\/"},"modified":"2025-01-19T14:07:50","modified_gmt":"2025-01-19T14:07:50","slug":"bucket-cylinder-for-komatsu-small-excavator-pc156-7","status":"publish","type":"product","link":"https:\/\/www.hydraulic-cylinders.net\/tr\/urun\/bucket-cylinder-for-komatsu-small-excavator-pc156-7\/","title":{"rendered":"Komatsu K\u00fc\u00e7\u00fck Ekskavat\u00f6r PC156-7 \u0130\u00e7in Kova Silindiri"},"content":{"rendered":"<h2>girii\u015f<\/h2>\n<h3>Komatsu K\u00fc\u00e7\u00fck Ekskavat\u00f6r PC156-7 i\u00e7in Kova Silindiri<\/h3>\n<p>Komatsu K\u00fc\u00e7\u00fck Ekskavat\u00f6r PC156-7 Kova Silindiri, ekskavat\u00f6rler, beko-y\u00fckleyiciler ve \u00f6n y\u00fckleyiciler gibi a\u011f\u0131r i\u015f makinelerinde kovan\u0131n hareketini kontrol etmek i\u00e7in kullan\u0131lan \u00f6zel olarak tasarlanm\u0131\u015f bir hidrolik silindirdir. Ana i\u015flevi, kovan\u0131n kald\u0131rma, indirme ve yat\u0131rma i\u015flemlerini ger\u00e7ekle\u015ftirerek \u00e7e\u015fitli malzeme ta\u015f\u0131ma g\u00f6revlerini kolayla\u015ft\u0131rmakt\u0131r. Hidrolik sistemde, kova silindiri, hidrolik ya\u011f bas\u0131nc\u0131ndaki de\u011fi\u015fikliklerle kovan\u0131n hassas hareketini kontrol ederek operat\u00f6rlerin a\u011f\u0131r y\u00fckleri verimli bir \u015fekilde ta\u015f\u0131mas\u0131na ve karma\u015f\u0131k \u00e7al\u0131\u015fma ortamlar\u0131na ve \u00e7e\u015fitli i\u015f gereksinimlerine uyum sa\u011flamas\u0131na olanak tan\u0131r.<\/p>\n<p><img decoding=\"async\" src=\"https:\/\/www.hydraulic-cylinders.net\/wp-content\/uploads\/2025\/01\/songte-company-2.webp\" alt=\"Kova Silindiri G\u00f6r\u00fcnt\u00fcs\u00fc\"><\/p>\n<h2>\u00d6zellikler<\/h2>\n<ul>\n<li>Y\u00fcksek mukavemet ve dayan\u0131kl\u0131l\u0131k: Genellikle y\u00fcksek mukavemetli \u00e7elik veya al\u00fcminyumdan \u00fcretilen bu \u00fcr\u00fcnler, y\u00fcksek bas\u0131n\u00e7 ve a\u011f\u0131r y\u00fcklere dayanabilir ve zorlu \u00e7al\u0131\u015fma ortamlar\u0131na uyum sa\u011flayabilir. Tasar\u0131mda ayr\u0131ca a\u015f\u0131nma ve korozyon direnci de g\u00f6z \u00f6n\u00fcnde bulundurularak hizmet \u00f6mr\u00fc uzat\u0131l\u0131r.<\/li>\n<li>Verimli hidrolik \u00e7al\u0131\u015fma: Kontrol komutlar\u0131na h\u0131zl\u0131 bir \u015fekilde yan\u0131t verebilen, g\u00fc\u00e7l\u00fc itme-\u00e7ekme kuvveti sa\u011flayan hidrolik ya\u011f bas\u0131nc\u0131ndan yararlan\u0131larak d\u00fczg\u00fcn teleskopik hareket sa\u011flan\u0131r, a\u011f\u0131r y\u00fcklerin ve karma\u015f\u0131k i\u015f g\u00f6revlerinin ta\u015f\u0131nmas\u0131 i\u00e7in uygundur.<\/li>\n<li>\u00c7e\u015fitli tipler: Tek etkili (tek y\u00f6nde hidrolik kullan\u0131lan) veya \u00e7ift etkili (her iki y\u00f6nde hidrolik kullan\u0131lan) silindirler, farkl\u0131 \u00e7al\u0131\u015fma ihtiya\u00e7lar\u0131n\u0131 kar\u015f\u0131lamak \u00fczere ihtiyaca g\u00f6re se\u00e7ilebilir. Baz\u0131 modeller teleskopiktir ve d\u0131\u015f boyutlar\u0131 art\u0131rmadan daha fazla geni\u015flemeye olanak tan\u0131r, s\u0131n\u0131rl\u0131 alana sahip uygulamalar i\u00e7in uygundur.<\/li>\n<li>Y\u00fcksek kaliteli yedek par\u00e7a: \u00dcr\u00fcn\u00fcm\u00fcz bu hidrolik silindirlerin yerini m\u00fckemmel \u015fekilde alabilir.<\/li>\n<\/ul>\n<p><img decoding=\"async\" src=\"https:\/\/www.hydraulic-cylinders.net\/wp-content\/uploads\/2025\/01\/songte-cylinder-head-with-all-kinds-excavator-models.webp\" alt=\"Kova Silindiri De\u011fi\u015ftirme G\u00f6rseli\"><\/p>\n<h2>Uygulamalar<\/h2>\n<p>Kova silindiri \u00e7e\u015fitli makinelerde ve end\u00fcstrilerde kullan\u0131labilir, bunlar aras\u0131nda \u015funlar yer al\u0131r:<\/p>\n<ul>\n<li>\u0130n\u015faat Ekipmanlar\u0131: Ekskavat\u00f6rlerde, toprak veya moloz kazma, y\u00fckleme ve ta\u015f\u0131ma i\u015flerinde kritik \u00f6neme sahiptirler. Beko-Loderlerde ise kep\u00e7e silindiri, kaz\u0131 ve kald\u0131rma i\u015flerine yard\u0131mc\u0131 olur. <\/li>\n<li>Tar\u0131m Makinalar\u0131: \u00d6n y\u00fckleyicilerde toprak, saman ve di\u011fer malzemeleri kep\u00e7elemek, kald\u0131rmak ve ta\u015f\u0131mak i\u00e7in kullan\u0131l\u0131r. <\/li>\n<li>Ekskavat\u00f6rler: Kova silindiri, kep\u00e7enin topra\u011f\u0131 delerek kazma i\u015flemini ger\u00e7ekle\u015ftirmesini sa\u011flar. <\/li>\n<li>\u00d6n y\u00fckleyiciler: \u00d6n y\u00fckleyiciler, mallar\u0131n etkili bir \u015fekilde kald\u0131r\u0131lmas\u0131na ve bo\u015falt\u0131lmas\u0131na yard\u0131mc\u0131 olur.<\/li>\n<\/ul>\n<p>Her bir uygulama a\u015fa\u011f\u0131da a\u00e7\u0131klanm\u0131\u015ft\u0131r:<\/p>\n<ul>\n<li><strong>\u0130n\u015faat Ekipmanlar\u0131:<\/strong> Ekskavat\u00f6rlerde kova silindiri, topra\u011f\u0131 veya molozu kazarak veya kald\u0131rarak ta\u015f\u0131mak i\u00e7in kullan\u0131l\u0131r. Beko-loderlerde ise kova silindiri, kazma ve kald\u0131rma i\u015flemlerine yard\u0131mc\u0131 olur.<\/li>\n<li><strong>Tar\u0131m Makinalar\u0131:<\/strong> Kova silindiri, \u00f6n y\u00fckleyicilerde toprak, saman ve di\u011fer malzemeleri kep\u00e7elemek, kald\u0131rmak ve ta\u015f\u0131mak i\u00e7in kullan\u0131l\u0131r.<\/li>\n<li><strong>Ekskavat\u00f6rler:<\/strong> Kova silindiri, kovan\u0131n topra\u011f\u0131 delerek kazma i\u015flemini ger\u00e7ekle\u015ftirmesini sa\u011flar. Ekskavat\u00f6rlerin kazma g\u00f6revlerini h\u0131zl\u0131 ve verimli bir \u015fekilde ger\u00e7ekle\u015ftirmesine yard\u0131mc\u0131 olur.<\/li>\n<li><strong>\u00d6n y\u00fckleyiciler:<\/strong> \u00d6n y\u00fckleyicilerde kova silindiri, mallar\u0131n etkili bir \u015fekilde kald\u0131r\u0131lmas\u0131na ve bo\u015falt\u0131lmas\u0131na yard\u0131mc\u0131 olur.<\/li>\n<\/ul>\n<h2>Tasar\u0131m Hususlar\u0131 ve Se\u00e7im Kriterleri<\/h2>\n<p>Tasar\u0131m hususlar\u0131 a\u00e7\u0131s\u0131ndan, kova silindirinin ta\u015f\u0131ma kapasitesi, s\u0131zd\u0131rmazl\u0131\u011f\u0131, dayan\u0131kl\u0131l\u0131\u011f\u0131, g\u00fcvenli\u011fi ve bak\u0131m kolayl\u0131\u011f\u0131 a\u015fa\u011f\u0131da tart\u0131\u015f\u0131lmaktad\u0131r:<\/p>\n<ul>\n<li><strong>Ta\u015f\u0131ma Kapasitesi:<\/strong> Kova silindiri, stabilitesini koruyarak a\u011f\u0131r y\u00fcklere ve y\u00fcksek bas\u0131nca dayan\u0131kl\u0131 olmal\u0131d\u0131r.<\/li>\n<li><strong>S\u0131zd\u0131rmazl\u0131k:<\/strong> Kova silindiri, ya\u011f s\u0131z\u0131nt\u0131s\u0131n\u0131 \u00f6nlemek ve sorunsuz \u00e7al\u0131\u015fmas\u0131n\u0131 sa\u011flamak i\u00e7in uygun s\u0131zd\u0131rmazl\u0131k elemanlar\u0131na sahip olmal\u0131d\u0131r. S\u0131zd\u0131rmazl\u0131k elemanlar\u0131nda genellikle poli\u00fcretan, nitril kau\u00e7uk ve di\u011fer a\u015f\u0131nmaya dayan\u0131kl\u0131 malzemeler kullan\u0131l\u0131r.<\/li>\n<li><strong>Dayan\u0131kl\u0131l\u0131k:<\/strong> Zorlu \u00e7al\u0131\u015fma ortamlar\u0131nda kova silindirinin y\u00fcksek a\u015f\u0131nma ve korozyon direncine sahip olmas\u0131 gerekir.<\/li>\n<li><strong>Emniyet:<\/strong> Kova silindiri, kazalar\u0131 \u00f6nlemek ve operat\u00f6r g\u00fcvenli\u011fini sa\u011flamak i\u00e7in gerekli g\u00fcvenlik \u00f6zelliklerine sahip olmal\u0131d\u0131r.<\/li>\n<li><strong>Bak\u0131m kolayl\u0131\u011f\u0131:<\/strong> Kova silindiri, h\u0131zl\u0131 ve kolay bak\u0131m ve onar\u0131m i\u00e7in kolay eri\u015filebilir par\u00e7alara sahip olmal\u0131d\u0131r. <\/li>\n<\/ul>\n<p><img decoding=\"async\" src=\"https:\/\/www.hydraulic-cylinders.net\/wp-content\/uploads\/2025\/01\/songte-oil-pipes-and-spare-parts.webp\" alt=\"Kova Silindiri Par\u00e7alar\u0131 G\u00f6rseli\"><\/p>\n<h2>S\u0131zd\u0131rmazl\u0131k ve Ya\u011flama<\/h2>\n<p>Kova silindirinin s\u0131zd\u0131rmazl\u0131k ve ya\u011flamas\u0131 ciddiye al\u0131nmal\u0131d\u0131r. Silindirde, poli\u00fcretan ve nitril kau\u00e7uk gibi a\u015f\u0131nmaya dayan\u0131kl\u0131 malzemelerden yap\u0131lm\u0131\u015f piston contalar\u0131 ve piston kolu contalar\u0131 gibi \u00e7e\u015fitli s\u0131zd\u0131rmazl\u0131k elemanlar\u0131 kullan\u0131lmal\u0131d\u0131r. Silindirin g\u00f6vdesi ve di\u015fli u\u00e7 y\u00fczeyleri, a\u015f\u0131nma direncini art\u0131rmak i\u00e7in hassas bir \u015fekilde i\u015flenmelidir. D\u00fczg\u00fcn \u00e7al\u0131\u015fma i\u00e7in do\u011fru ya\u011flama \u015fartt\u0131r ve uygun bak\u0131m i\u00e7in d\u00fczenli ya\u011f de\u011fi\u015fimleri gereklidir.<\/p>\n<h2>Bak\u0131m ve Onar\u0131m<\/h2>\n<p>D\u00fczenli kontroller ve \u00f6nleyici bak\u0131m \u00f6nlemleri, olas\u0131 sorunlar\u0131 en aza indirmeye yard\u0131mc\u0131 olur. Do\u011fru montaj, ya\u011flama ve ayarlama, optimum performans sa\u011flamak i\u00e7in kritik \u00f6neme sahiptir. Yayg\u0131n bak\u0131m g\u00f6revlerinden baz\u0131lar\u0131 \u015funlard\u0131r:<\/p>\n<ul>\n<li>D\u00fczenli denetim<\/li>\n<li>Uygun ya\u011flama<\/li>\n<li>Conta de\u011fi\u015fimi<\/li>\n<li>Kalibrasyon kontrolleri<\/li>\n<\/ul>\n<p>Her g\u00f6rev a\u015fa\u011f\u0131da a\u00e7\u0131klanm\u0131\u015ft\u0131r:<\/p>\n<ul>\n<li><strong>D\u00fczenli Muayene:<\/strong> D\u00fczenli denetimler, sorunlar\u0131n erken tespit edilmesine ve olas\u0131 ar\u0131za s\u00fcrelerinin en aza indirilmesine yard\u0131mc\u0131 olur. A\u015f\u0131nma, y\u0131pranma, hasar ve s\u0131z\u0131nt\u0131 belirtilerine y\u00f6nelik denetimler d\u00fczenli olarak yap\u0131lmal\u0131d\u0131r.<\/li>\n<li><strong>Uygun Ya\u011flama:<\/strong> Silindirin sorunsuz \u00e7al\u0131\u015fmas\u0131 i\u00e7in ya\u011flama \u015fartt\u0131r. Silindirin sorunsuz \u00e7al\u0131\u015fmas\u0131n\u0131 sa\u011flamak i\u00e7in d\u00fczenli olarak ya\u011flanmas\u0131 gerekir.<\/li>\n<li><strong>Conta De\u011fi\u015fimi:<\/strong> Contalar, ya\u011f s\u0131z\u0131nt\u0131s\u0131n\u0131 \u00f6nlemede ve sorunsuz \u00e7al\u0131\u015fmay\u0131 sa\u011flamada kritik bir bile\u015fendir. Contalar\u0131n iyi durumda oldu\u011fundan emin olmak i\u00e7in d\u00fczenli bak\u0131m kontrolleri yap\u0131lmal\u0131d\u0131r. <\/li>\n<li><strong>Kalibrasyon Kontrolleri:<\/strong> Kalibrasyon kontrolleri, silindirin do\u011fru \u015fekilde \u00e7al\u0131\u015fmas\u0131n\u0131 sa\u011flar. Kalibrasyon sorunlar\u0131 tespit edilirse, bunlar derhal giderilmelidir.<\/li>\n<\/ul>\n<p><img decoding=\"async\" src=\"https:\/\/www.hydraulic-cylinders.net\/wp-content\/uploads\/2025\/01\/songte-chushion-collar.webp\" alt=\"Kova Silindiri Bak\u0131m G\u00f6rseli\"><\/p>\n<h2>G\u00fcvenlik Hususlar\u0131 ve \u00c7evresel Fakt\u00f6rler<\/h2>\n<p>Kova silindiri kullan\u0131l\u0131rken g\u00fcvenlik \u00f6nlemleri \u00e7ok \u00f6nemlidir. Operat\u00f6r g\u00fcvenli\u011fini sa\u011flamak i\u00e7in do\u011fru kurulum, bak\u0131m ve \u00e7al\u0131\u015ft\u0131rma kurallar\u0131na uyulmal\u0131d\u0131r. Ayr\u0131ca, kova silindiri kullan\u0131l\u0131rken s\u0131cakl\u0131k, nem ve toz gibi \u00e7evresel fakt\u00f6rler de g\u00f6z \u00f6n\u00fcnde bulundurulmal\u0131d\u0131r.<\/p>\n<h2>Sorun Giderme ve Yayg\u0131n Sorunlar<\/h2>\n<p>Kova silindiri kullan\u0131l\u0131rken ya\u011f s\u0131z\u0131nt\u0131s\u0131, yetersiz bas\u0131n\u00e7 ve hizalama hatas\u0131 gibi baz\u0131 yayg\u0131n sorunlar ortaya \u00e7\u0131kabilir. Olas\u0131 sorunlar\u0131 en aza indirmek i\u00e7in sorun giderme ipu\u00e7lar\u0131na, \u00e7\u00f6z\u00fcmlere ve \u00f6nleyici tedbirlere uyulmal\u0131d\u0131r. <\/p>\n<p><img decoding=\"async\" src=\"https:\/\/www.hydraulic-cylinders.net\/wp-content\/uploads\/2025\/01\/songte-bushings-with-all-kinds-of-excavator-models.webp\" alt=\"Kova Silindiri Sorun Giderme G\u00f6r\u00fcnt\u00fcs\u00fc\"><\/p>\n<h2>\u015eirketimiz Hakk\u0131nda<\/h2>\n<p>Yedek hidrolik silindir \u00fcreticisiyiz. \u015eirketimiz, geni\u015f bir \u00fcr\u00fcn yelpazesine sahip olup, yurt i\u00e7i ve yurt d\u0131\u015f\u0131 pazarlarda lider hidrolik silindir \u00fcreticilerinden ve toptanc\u0131lar\u0131ndan biridir. M\u00fckemmel kaliteye ba\u011fl\u0131 kalarak, kaliteli \u00fcretim at\u00f6lyelerinin end\u00fcstriyel \u00fcretim y\u00f6netimi stratejisine g\u00fcveniyoruz. \u015eirketimiz, at\u00f6lyenin \u00fcretim platformunu s\u00fcrekli olarak geli\u015ftirmekte, \u00fcr\u00fcn kalitesi \u00fcretim rotas\u0131n\u0131 m\u00fckemmelle\u015ftirmekte ve y\u00fcksek verimlilik, y\u00fcksek hassasiyet ve y\u00fcksek kalite ilkeleriyle m\u00fc\u015fterilerini memnun eden g\u00fc\u00e7l\u00fc bir yarat\u0131c\u0131 yetene\u011fe sahiptir.<\/p>\n<p><img decoding=\"async\" src=\"https:\/\/hzpt.com\/wp-content\/uploads\/2024\/11\/songte-company-1.webp\" alt=\"\u015eirket \u0130maj\u0131\"><\/p>\n<h3>Profesyonellik<\/h3>\n<p>M\u00fc\u015fteri ihtiya\u00e7lar\u0131na g\u00f6re y\u00fcksek kaliteli hidrolik silindirler tasarlay\u0131p \u00fcretebilen profesyonel m\u00fchendis ve teknisyenlerden olu\u015fan bir ekibimiz var.<\/p>\n<h3>Uluslararas\u0131 Sertifikasyon<\/h3>\n<p>Firmam\u0131z CE ve ISO ba\u015fta olmak \u00fczere \u00e7e\u015fitli uluslararas\u0131 sertifikalara sahiptir. M\u00fc\u015fterilerimiz, \u00fcr\u00fcnlerimizin uluslararas\u0131 kalite standartlar\u0131n\u0131 kar\u015f\u0131lad\u0131\u011f\u0131ndan emin olabilirler.<\/p>\n<h3>\u00d6zelle\u015ftirme Hizmetleri<\/h3>\n<p>M\u00fc\u015fterilerimizin \u00f6zel ihtiya\u00e7lar\u0131n\u0131 kar\u015f\u0131lamak i\u00e7in \u00f6zelle\u015ftirme hizmetleri sunuyoruz. Ekibimiz, m\u00fc\u015fteri gereksinimlerine g\u00f6re hidrolik silindirler tasarlay\u0131p \u00fcretebilmektedir.<\/p>\n<h3>\u00dcretim Ekipmanlar\u0131<\/h3>\n<p>Firmam\u0131z, \u00fcr\u00fcnlerimizin do\u011frulu\u011funu ve hassasiyetini sa\u011flamak i\u00e7in CNC torna tezgahlar\u0131 ve i\u015fleme merkezleri de dahil olmak \u00fczere geli\u015fmi\u015f \u00fcretim ekipmanlar\u0131 kullanmaktad\u0131r.<\/p>\n<h3>Sat\u0131\u015f Sonras\u0131 Hizmet<\/h3>\n<p>Teknik destek ve \u00fcr\u00fcn bak\u0131m\u0131 da dahil olmak \u00fczere m\u00fckemmel sat\u0131\u015f sonras\u0131 hizmeti sunuyoruz. Ekibimiz, m\u00fc\u015fterilerimizin t\u00fcm soru ve endi\u015felerini yan\u0131tlamak i\u00e7in haz\u0131rd\u0131r.<\/p>\n<h4>Yazar: lyl<\/h4>","protected":false},"excerpt":{"rendered":"<p>Introduction Bucket Cylinder for Komatsu Small Excavator PC156-7 The Bucket Cylinder for Komatsu Small Excavator PC156-7 is a specifically designed hydraulic cylinder used for controlling the movement of the bucket in heavy machinery such as excavators, backhoe loaders, and front-end loaders. Its main function is to enable the bucket to lift, lower, and tilt, making [&hellip;]<\/p>","protected":false},"featured_media":14787,"comment_status":"open","ping_status":"closed","template":"","meta":{"_et_pb_use_builder":"","_et_pb_old_content":"","_et_gb_content_width":""},"product_brand":[],"product_cat":[1494],"product_tag":[1495,1496],"class_list":{"0":"post-15119","1":"product","2":"type-product","3":"status-publish","4":"has-post-thumbnail","6":"product_cat-bucket-cylinders","7":"product_tag-bucket-cylinders","8":"product_tag-hydraulic-cylinders","10":"first","11":"instock","12":"shipping-taxable","13":"product-type-simple"},"amp_enabled":true,"_links":{"self":[{"href":"https:\/\/www.hydraulic-cylinders.net\/tr\/wp-json\/wp\/v2\/product\/15119","targetHints":{"allow":["GET"]}}],"collection":[{"href":"https:\/\/www.hydraulic-cylinders.net\/tr\/wp-json\/wp\/v2\/product"}],"about":[{"href":"https:\/\/www.hydraulic-cylinders.net\/tr\/wp-json\/wp\/v2\/types\/product"}],"replies":[{"embeddable":true,"href":"https:\/\/www.hydraulic-cylinders.net\/tr\/wp-json\/wp\/v2\/comments?post=15119"}],"wp:featuredmedia":[{"embeddable":true,"href":"https:\/\/www.hydraulic-cylinders.net\/tr\/wp-json\/wp\/v2\/media\/14787"}],"wp:attachment":[{"href":"https:\/\/www.hydraulic-cylinders.net\/tr\/wp-json\/wp\/v2\/media?parent=15119"}],"wp:term":[{"taxonomy":"product_brand","embeddable":true,"href":"https:\/\/www.hydraulic-cylinders.net\/tr\/wp-json\/wp\/v2\/product_brand?post=15119"},{"taxonomy":"product_cat","embeddable":true,"href":"https:\/\/www.hydraulic-cylinders.net\/tr\/wp-json\/wp\/v2\/product_cat?post=15119"},{"taxonomy":"product_tag","embeddable":true,"href":"https:\/\/www.hydraulic-cylinders.net\/tr\/wp-json\/wp\/v2\/product_tag?post=15119"}],"curies":[{"name":"wp","href":"https:\/\/api.w.org\/{rel}","templated":true}]}}