{"id":15120,"date":"2025-01-19T14:07:52","date_gmt":"2025-01-19T14:07:52","guid":{"rendered":"https:\/\/www.hydraulic-cylinders.net\/product\/bucket-cylinder-for-komatsu-small-excavator-pc75uu\/"},"modified":"2025-01-19T14:07:53","modified_gmt":"2025-01-19T14:07:53","slug":"bucket-cylinder-for-komatsu-small-excavator-pc75uu","status":"publish","type":"product","link":"https:\/\/www.hydraulic-cylinders.net\/tr\/urun\/bucket-cylinder-for-komatsu-small-excavator-pc75uu\/","title":{"rendered":"Komatsu K\u00fc\u00e7\u00fck Ekskavat\u00f6r PC75UU i\u00e7in Kova Silindiri"},"content":{"rendered":"<h1>Komatsu K\u00fc\u00e7\u00fck Ekskavat\u00f6r PC75UU i\u00e7in Kova Silindiri<\/h1>\n<h2>girii\u015f<\/h2>\n<p>Kova silindiri, ekskavat\u00f6rler, kep\u00e7eli ekskavat\u00f6rler ve \u00f6n y\u00fckleyiciler gibi a\u011f\u0131r makinelerdeki kovalar\u0131n hareketini kontrol etmek i\u00e7in kullan\u0131lan \u00f6zel olarak tasarlanm\u0131\u015f bir hidrolik silindirdir. Temel i\u015flevi, kovan\u0131n kald\u0131rma, indirme ve yat\u0131rma i\u015flemlerini ger\u00e7ekle\u015ftirerek \u00e7e\u015fitli malzeme ta\u015f\u0131ma g\u00f6revlerinin daha kolay yap\u0131lmas\u0131n\u0131 sa\u011flamakt\u0131r. Hidrolik sistemde, kova silindiri, hidrolik ya\u011f bas\u0131nc\u0131n\u0131 de\u011fi\u015ftirerek kovan\u0131n hassas kontrol\u00fcn\u00fc sa\u011flar ve operat\u00f6rlerin a\u011f\u0131r y\u00fckleri verimli bir \u015fekilde ta\u015f\u0131mas\u0131n\u0131, karma\u015f\u0131k \u00e7al\u0131\u015fma ortamlar\u0131na ve \u00e7e\u015fitli i\u015f gereksinimlerine uyum sa\u011flamas\u0131n\u0131 m\u00fcmk\u00fcn k\u0131lar.<\/p>\n<p><img decoding=\"async\" src=\"https:\/\/www.hydraulic-cylinders.net\/wp-content\/uploads\/2025\/01\/songte-company-2.webp\"><\/p>\n<h2>\u00d6zellikler<\/h2>\n<ul>\n<li>Y\u00fcksek mukavemet ve dayan\u0131kl\u0131l\u0131k: Genellikle y\u00fcksek mukavemetli \u00e7elik veya al\u00fcminyumdan yap\u0131l\u0131r, y\u00fcksek bas\u0131n\u00e7lara ve a\u011f\u0131r y\u00fcklere dayanabilir ve a\u015f\u0131nma ve korozyon direnci d\u00fc\u015f\u00fcn\u00fclerek tasarlan\u0131r, bu da \u00f6mr\u00fcn\u00fc uzat\u0131r.<\/li>\n<li>Verimli hidrolik \u00e7al\u0131\u015fma: P\u00fcr\u00fczs\u00fcz uzatma ve geri \u00e7ekme sa\u011flamak i\u00e7in hidrolik ya\u011f bas\u0131nc\u0131n\u0131 kullan\u0131r, kontrol komutlar\u0131na h\u0131zl\u0131 bir \u015fekilde yan\u0131t verebilir, g\u00fc\u00e7l\u00fc itme ve \u00e7ekme kuvveti sa\u011flar, a\u011f\u0131r y\u00fckleri ve karma\u015f\u0131k i\u015f g\u00f6revlerini ta\u015f\u0131maya uygundur.<\/li>\n<li>\u00c7e\u015fitli tipler: Tek etkili (sadece tek y\u00f6nde kullan\u0131lan hidrolik) veya \u00e7ift etkili (iki y\u00f6nde kullan\u0131lan hidrolik) silindirler, farkl\u0131 \u00e7al\u0131\u015fma ihtiya\u00e7lar\u0131n\u0131 kar\u015f\u0131lamak \u00fczere ihtiyaca g\u00f6re se\u00e7ilebilir. Baz\u0131 modeller teleskopiktir ve d\u0131\u015f boyutlar\u0131 art\u0131rmadan daha fazla geni\u015flemeye olanak tan\u0131r, s\u0131n\u0131rl\u0131 alana sahip uygulamalar i\u00e7in uygundur.<\/li>\n<li>\u00d6zelle\u015ftirilebilir: \u00dcr\u00fcn\u00fcm\u00fcz bu hidrolik silindirlerin yerini m\u00fckemmel \u015fekilde alabilir.<\/li>\n<\/ul>\n<p><img decoding=\"async\" src=\"https:\/\/www.hydraulic-cylinders.net\/wp-content\/uploads\/2025\/01\/songte-cylinder-head-with-all-kinds-excavator-models.webp\"><\/p>\n<h2>Uygulamalar<\/h2>\n<p>Kova silindirleri, in\u015faat ekipmanlar\u0131, tar\u0131m makineleri, ekskavat\u00f6rler ve \u00f6n y\u00fckleyicilerde olmazsa olmazd\u0131r. Ekskavat\u00f6rlerde toprak veya molozun kaz\u0131lmas\u0131na, y\u00fcklenmesine ve ta\u015f\u0131nmas\u0131na, kep\u00e7eli ekskavat\u00f6rlerde kazma ve kald\u0131rma i\u015flemlerine, \u00f6n y\u00fckleyicilerde kald\u0131rma ve bo\u015faltma i\u015flemlerine yard\u0131mc\u0131 olurlar ve tar\u0131m makinelerinde toprak, saman ve di\u011fer malzeme ta\u015f\u0131ma g\u00f6revleri i\u00e7in olmazsa olmazd\u0131rlar.<\/p>\n<h3>\u0130n\u015faat Ekipmanlar\u0131:<\/h3>\n<ul>\n<li>Ekskavat\u00f6rler: Kova silindirleri, kazma i\u015flemini ger\u00e7ekle\u015ftirmek i\u00e7in kovan\u0131n topra\u011f\u0131 delmesini sa\u011flar.<\/li>\n<li>Beko Ekskavat\u00f6rler: Kova silindiri sadece kazmada de\u011fil ayn\u0131 zamanda kald\u0131rmada da yard\u0131mc\u0131 olur.<\/li>\n<li>\u00d6n Y\u00fckleyiciler: Kova silindirleri, mallar\u0131n etkili bir \u015fekilde kald\u0131r\u0131lmas\u0131na ve bo\u015falt\u0131lmas\u0131na yard\u0131mc\u0131 olur.<\/li>\n<\/ul>\n<h3>Tar\u0131m Makinalar\u0131:<\/h3>\n<ul>\n<li>\u00d6n y\u00fckleyiciler: Toprak, saman ve di\u011fer malzeme ta\u015f\u0131ma g\u00f6revleri i\u00e7in.<\/li>\n<\/ul>\n<h3>Ekskavat\u00f6rler:<\/h3>\n<ul>\n<li>Kova silindirleri, kazma i\u015flemini ger\u00e7ekle\u015ftirmek i\u00e7in kovan\u0131n topra\u011fa n\u00fcfuz etmesini sa\u011flar.<\/li>\n<\/ul>\n<h2>Tasar\u0131m De\u011ferlendirmesi ve Se\u00e7im Standard\u0131<\/h2>\n<p>Kova silindirinin tasar\u0131m de\u011ferlendirmeleri; y\u00fck ta\u015f\u0131ma kapasitesi, s\u0131zd\u0131rmazl\u0131k performans\u0131, dayan\u0131kl\u0131l\u0131k, g\u00fcvenlik ve bak\u0131m\u0131 i\u00e7erir. Tasar\u0131m de\u011ferlendirmelerinin ve se\u00e7im standartlar\u0131n\u0131n temel unsurlar\u0131 \u015funlard\u0131r:<\/p>\n<ul>\n<li>Y\u00fck ta\u015f\u0131ma kapasitesi: Kova silindirleri genellikle y\u00fcksek bas\u0131n\u00e7lara ve a\u011f\u0131r y\u00fcklere dayanacak \u015fekilde y\u00fcksek mukavemetli malzemeler kullan\u0131r.<\/li>\n<li>S\u0131zd\u0131rmazl\u0131k performans\u0131: Silindir, s\u0131zd\u0131rmazl\u0131k performans\u0131n\u0131 art\u0131rmak, hizmet \u00f6mr\u00fcn\u00fc uzatmak ve ya\u011f s\u0131z\u0131nt\u0131lar\u0131n\u0131 azaltmak i\u00e7in poli\u00fcretan ve nitril kau\u00e7uk gibi a\u015f\u0131nmaya dayan\u0131kl\u0131 malzemelerden yap\u0131lm\u0131\u015f piston contalar\u0131, biyel contalar\u0131 vb. gibi \u00e7e\u015fitli contalar kullan\u0131r.<\/li>\n<li>Dayan\u0131kl\u0131l\u0131k: Silindir g\u00f6vdesi ve di\u015f y\u00fczeyi, a\u015f\u0131nma direncini art\u0131rmak ve hizmet \u00f6mr\u00fcn\u00fc uzatmak i\u00e7in hassas bir \u015fekilde i\u015flenmi\u015ftir.<\/li>\n<li>G\u00fcvenlik: Silindir tasar\u0131m\u0131nda kaza riskini azaltmak i\u00e7in bas\u0131n\u00e7 tahliye valfleri gibi g\u00fcvenlik \u00f6zellikleri dikkate al\u0131nmal\u0131d\u0131r.<\/li>\n<li>Bak\u0131m: Ya\u011f de\u011fi\u015fimi, conta de\u011fi\u015fimi ve kalibrasyon kontrol\u00fc gibi d\u00fczenli bak\u0131mlar silindirin \u00f6mr\u00fcn\u00fc uzatabilir ve performans\u0131n\u0131 koruyabilir.<\/li>\n<\/ul>\n<p><img decoding=\"async\" src=\"https:\/\/www.hydraulic-cylinders.net\/wp-content\/uploads\/2025\/01\/songte-oil-pipes-and-spare-parts.webp\"><\/p>\n<h2>S\u0131zd\u0131rmazl\u0131k ve Ya\u011flama<\/h2>\n<p>Kova silindiri, s\u0131zd\u0131rmazl\u0131k performans\u0131n\u0131 art\u0131rmak, hizmet \u00f6mr\u00fcn\u00fc uzatmak ve ya\u011f s\u0131z\u0131nt\u0131lar\u0131n\u0131 azaltmak i\u00e7in poli\u00fcretan ve nitril kau\u00e7uk gibi a\u015f\u0131nmaya dayan\u0131kl\u0131 malzemelerden yap\u0131lm\u0131\u015f piston contalar\u0131, piston kolu contalar\u0131 vb. gibi \u00e7e\u015fitli contalar kullan\u0131r. Silindirin performans\u0131n\u0131 korumak ve hizmet \u00f6mr\u00fcn\u00fc uzatmak i\u00e7in hidrolik ya\u011f ile d\u00fczenli ya\u011flama gereklidir.<\/p>\n<h2>Bak\u0131m ve Onar\u0131m<\/h2>\n<p>Kova silindirinin sorunsuz \u00e7al\u0131\u015fmas\u0131n\u0131 sa\u011flamak ve olas\u0131 sorunlar\u0131 \u00f6nlemek i\u00e7in d\u00fczenli bak\u0131m ve onar\u0131m \u015fartt\u0131r. Yayg\u0131n bak\u0131m g\u00f6revleri \u015funlard\u0131r:<\/p>\n<ul>\n<li>D\u00fczenli kontrol: Herhangi bir a\u015f\u0131nma, ya\u011f s\u0131z\u0131nt\u0131s\u0131 veya ba\u015fka bir hasar belirtisi olup olmad\u0131\u011f\u0131n\u0131 kontrol edin.<\/li>\n<li>Ya\u011flama: Hareketli par\u00e7alara ya\u011f uygulay\u0131n ve hidrolik ya\u011f seviyelerini d\u00fczenli olarak kontrol edin.<\/li>\n<li>Conta de\u011fi\u015fimi: Ya\u011f s\u0131z\u0131nt\u0131s\u0131n\u0131 \u00f6nlemek i\u00e7in a\u015f\u0131nm\u0131\u015f veya hasarl\u0131 contalar\u0131 de\u011fi\u015ftirin.<\/li>\n<li>Kalibrasyon kontrol\u00fc: Silindirin bas\u0131nc\u0131n\u0131 ve strokunu kontrol ederek gerekli \u00f6zelliklere uygun oldu\u011fundan emin olun.<\/li>\n<\/ul>\n<p><img decoding=\"async\" src=\"https:\/\/www.hydraulic-cylinders.net\/wp-content\/uploads\/2025\/01\/songte-chushion-collar.webp\"><\/p>\n<h2>G\u00fcvenlik Hususlar\u0131 ve \u00c7evresel Fakt\u00f6rler<\/h2>\n<p>Kova silindirini kullan\u0131rken, koruyucu ekipman giymek ve do\u011fru kurulum ve kullan\u0131m sa\u011flamak gibi g\u00fcvenlik \u00f6nlemlerine uymak \u00f6nemlidir. Ayr\u0131ca, ya\u011f s\u0131z\u0131nt\u0131lar\u0131 veya d\u00f6k\u00fclmeleri ve kullan\u0131lm\u0131\u015f hidrolik ya\u011f\u0131n uygun \u015fekilde bertaraf edilmesi gibi \u00e7evresel fakt\u00f6rleri de g\u00f6z \u00f6n\u00fcnde bulundurmak \u00f6nemlidir.<\/p>\n<h2>Sorun Giderme ve Yayg\u0131n Sorunlar<\/h2>\n<p>Kova silindiriyle ilgili yayg\u0131n sorunlar aras\u0131nda ya\u011f s\u0131z\u0131nt\u0131lar\u0131, conta hasar\u0131 ve a\u00e7\u0131l\u0131p kapanmama yer al\u0131r. Sorun giderme ad\u0131mlar\u0131 aras\u0131nda ya\u011f seviyelerinin kontrol edilmesi, contalar\u0131n incelenmesi ve herhangi bir hasar veya gev\u015fek ba\u011flant\u0131 olup olmad\u0131\u011f\u0131n\u0131n kontrol edilmesi yer alabilir. D\u00fczenli bak\u0131m \u00e7al\u0131\u015fmalar\u0131, olas\u0131 sorunlar\u0131n olu\u015fmas\u0131n\u0131 \u00f6nleyebilir.<\/p>\n<h2>\u015eirketimiz Hakk\u0131nda<\/h2>\n<p>Yedek hidrolik silindir \u00fcreticisi olarak, eksiksiz bir \u00fcr\u00fcn yelpazesi sunuyoruz. D\u00fcnya \u00e7ap\u0131nda \u00f6nde gelen hidrolik silindir \u00fcreticilerinden ve toptan da\u011f\u0131t\u0131c\u0131lar\u0131ndan biri haline geldik. M\u00fckemmel kalite ilkesini izliyor ve geli\u015fmi\u015f \u00fcretim at\u00f6lyelerine, teknik yeteneklere, dijital ve ileri teknoloji \u00fcretim ekipmanlar\u0131na ve profesyonel denetim sistemlerine dayanan end\u00fcstriyel \u00fcretim y\u00f6netimi stratejilerine g\u00fcveniyoruz. At\u00f6lye \u00fcretim platformunu s\u00fcrekli iyile\u015ftiriyor, \u00fcr\u00fcn kalitesi \u00fcretim hatt\u0131n\u0131 m\u00fckemmelle\u015ftiriyor ve m\u00fc\u015fterilerin \u00e7e\u015fitli ihtiya\u00e7lar\u0131n\u0131 kar\u015f\u0131lamak i\u00e7in g\u00fc\u00e7l\u00fc bir yarat\u0131c\u0131l\u0131\u011fa sahibiz. Profesyonel, uluslararas\u0131 sertifikasyon, \u00f6zel hizmetler, \u00fcretim ekipmanlar\u0131 ve sat\u0131\u015f sonras\u0131 hizmetler gibi bir\u00e7ok alanda hizmet veriyoruz.<\/p>\n<p><img decoding=\"async\" src=\"https:\/\/hzpt.com\/wp-content\/uploads\/2024\/11\/songte-company-1.webp\"><\/p>\n<p>Yazar: lyl<\/p>","protected":false},"excerpt":{"rendered":"<p>Bucket Cylinder For Komatsu Small Excavator PC75UU Introduction A bucket cylinder is a specially designed hydraulic cylinder used to control the movement of buckets in heavy machinery such as excavators, backhoe excavators, and front-end loaders. Its primary function is to allow the bucket to lift, lower, and tilt, making it easier to handle various material [&hellip;]<\/p>","protected":false},"featured_media":14785,"comment_status":"open","ping_status":"closed","template":"","meta":{"_et_pb_use_builder":"","_et_pb_old_content":"","_et_gb_content_width":""},"product_brand":[],"product_cat":[1494],"product_tag":[1495,1496],"class_list":{"0":"post-15120","1":"product","2":"type-product","3":"status-publish","4":"has-post-thumbnail","6":"product_cat-bucket-cylinders","7":"product_tag-bucket-cylinders","8":"product_tag-hydraulic-cylinders","10":"first","11":"instock","12":"shipping-taxable","13":"product-type-simple"},"amp_enabled":true,"_links":{"self":[{"href":"https:\/\/www.hydraulic-cylinders.net\/tr\/wp-json\/wp\/v2\/product\/15120","targetHints":{"allow":["GET"]}}],"collection":[{"href":"https:\/\/www.hydraulic-cylinders.net\/tr\/wp-json\/wp\/v2\/product"}],"about":[{"href":"https:\/\/www.hydraulic-cylinders.net\/tr\/wp-json\/wp\/v2\/types\/product"}],"replies":[{"embeddable":true,"href":"https:\/\/www.hydraulic-cylinders.net\/tr\/wp-json\/wp\/v2\/comments?post=15120"}],"wp:featuredmedia":[{"embeddable":true,"href":"https:\/\/www.hydraulic-cylinders.net\/tr\/wp-json\/wp\/v2\/media\/14785"}],"wp:attachment":[{"href":"https:\/\/www.hydraulic-cylinders.net\/tr\/wp-json\/wp\/v2\/media?parent=15120"}],"wp:term":[{"taxonomy":"product_brand","embeddable":true,"href":"https:\/\/www.hydraulic-cylinders.net\/tr\/wp-json\/wp\/v2\/product_brand?post=15120"},{"taxonomy":"product_cat","embeddable":true,"href":"https:\/\/www.hydraulic-cylinders.net\/tr\/wp-json\/wp\/v2\/product_cat?post=15120"},{"taxonomy":"product_tag","embeddable":true,"href":"https:\/\/www.hydraulic-cylinders.net\/tr\/wp-json\/wp\/v2\/product_tag?post=15120"}],"curies":[{"name":"wp","href":"https:\/\/api.w.org\/{rel}","templated":true}]}}