{"id":15126,"date":"2025-01-19T14:08:16","date_gmt":"2025-01-19T14:08:16","guid":{"rendered":"https:\/\/www.hydraulic-cylinders.net\/product\/bucket-cylinder-for-komatsu-small-excavator-pc128-130-7\/"},"modified":"2025-01-19T14:08:18","modified_gmt":"2025-01-19T14:08:18","slug":"bucket-cylinder-for-komatsu-small-excavator-pc128-130-7","status":"publish","type":"product","link":"https:\/\/www.hydraulic-cylinders.net\/tr\/urun\/bucket-cylinder-for-komatsu-small-excavator-pc128-130-7\/","title":{"rendered":"Komatsu K\u00fc\u00e7\u00fck Ekskavat\u00f6r PC128\/130-7 \u0130\u00e7in Kova Silindiri"},"content":{"rendered":"<h2>Komatsu K\u00fc\u00e7\u00fck Ekskavat\u00f6r PC128\/130-7 \u0130\u00e7in Kova Silindiri<\/h2>\n<h3>girii\u015f<\/h3>\n<p>Komatsu PC128\/130-7 k\u00fc\u00e7\u00fck ekskavat\u00f6r i\u00e7in \u00f6zel olarak tasarlanm\u0131\u015f kep\u00e7e silindiri, ekskavat\u00f6rler, kaz\u0131c\u0131lar ve \u00f6n y\u00fckleyiciler gibi a\u011f\u0131r makinelerde kep\u00e7elerin hareketini kontrol etmek i\u00e7in kullan\u0131l\u0131r. Ana i\u015flevi, kep\u00e7enin kald\u0131r\u0131lmas\u0131n\u0131, indirilmesini ve e\u011filmesini sa\u011flayarak \u00e7e\u015fitli malzeme ta\u015f\u0131ma g\u00f6revlerini kolayla\u015ft\u0131rmakt\u0131r. Hidrolik sistemde, kep\u00e7e silindiri hidrolik ya\u011f bas\u0131nc\u0131ndaki de\u011fi\u015fiklikler yoluyla kep\u00e7enin hassas kontrol\u00fcn\u00fc sa\u011flar ve operat\u00f6rlerin a\u011f\u0131r y\u00fckleri verimli bir \u015fekilde ta\u015f\u0131mas\u0131na ve karma\u015f\u0131k \u00e7al\u0131\u015fma ortamlar\u0131na ve \u00e7e\u015fitli operasyonel gereksinimlere uyum sa\u011flamas\u0131na olanak tan\u0131r.<\/p>\n<p><img decoding=\"async\" src=\"https:\/\/www.hydraulic-cylinders.net\/wp-content\/uploads\/2025\/01\/songte-company-2.webp\" alt=\"Komatsu PC128\/130-7 K\u00fc\u00e7\u00fck Ekskavat\u00f6r \u0130\u00e7in Kep\u00e7e Silindiri G\u00f6rseli\"><\/p>\n<h3>\u00d6zellikler<\/h3>\n<ul>\n<li>Y\u00fcksek mukavemet ve dayan\u0131kl\u0131l\u0131k: Genellikle y\u00fcksek mukavemetli \u00e7elik veya al\u00fcminyumdan \u00fcretilir, y\u00fcksek bas\u0131nca ve a\u011f\u0131r y\u00fcklere dayanabilir, zorlu \u00e7al\u0131\u015fma ortamlar\u0131 i\u00e7in uygundur, a\u015f\u0131nma ve korozyon direnci g\u00f6z \u00f6n\u00fcnde bulundurularak tasarlanm\u0131\u015ft\u0131r, b\u00f6ylece kullan\u0131m \u00f6mr\u00fc uzar.<\/li>\n<li>Verimli hidrolik \u00e7al\u0131\u015fma: Hidrolik ya\u011f bas\u0131nc\u0131n\u0131 kullanarak d\u00fczg\u00fcn uzatma ve geri \u00e7ekme hareketleri ger\u00e7ekle\u015ftirir, kontrol komutlar\u0131na h\u0131zl\u0131 yan\u0131t verebilir, g\u00fc\u00e7l\u00fc itme ve \u00e7ekme kuvvetleri sa\u011flayabilir, a\u011f\u0131r y\u00fcklerin ve karma\u015f\u0131k operasyonel g\u00f6revlerin \u00fcstesinden gelmek i\u00e7in uygundur.<\/li>\n<li>\u00c7e\u015fitli tipler: \u0130htiya\u00e7lara g\u00f6re silindir tipleri se\u00e7ilebilir; \u00f6rne\u011fin, farkl\u0131 \u00e7al\u0131\u015fma ihtiya\u00e7lar\u0131n\u0131 kar\u015f\u0131lamak i\u00e7in tek etkili (hidrolik sadece tek y\u00f6nde kullan\u0131l\u0131r) veya \u00e7ift etkili (hidrolik her iki y\u00f6nde kullan\u0131l\u0131r) silindirler mevcuttur. Baz\u0131 modeller teleskopiktir ve d\u0131\u015f boyutlar\u0131 art\u0131rmadan daha fazla uzatmaya olanak tan\u0131r, bu da s\u0131n\u0131rl\u0131 alana sahip uygulamalar i\u00e7in uygundur.<\/li>\n<li>\u00dcretimi kolay: \u00dcr\u00fcnlerimiz bu hidrolik silindirlerin yerini m\u00fckemmel \u015fekilde alabilir.<\/li>\n<\/ul>\n<p><img decoding=\"async\" src=\"https:\/\/www.hydraulic-cylinders.net\/wp-content\/uploads\/2025\/01\/songte-cylinder-head-with-all-kinds-excavator-models.webp\" alt=\"Komatsu PC128\/130-7 K\u00fc\u00e7\u00fck Ekskavat\u00f6r \u0130\u00e7in Kep\u00e7e Silindiri \u00dcretim G\u00f6rseli\"><\/p>\n<h3>Uygulamalar<\/h3>\n<p>Komatsu PC128\/130-7 k\u00fc\u00e7\u00fck ekskavat\u00f6r i\u00e7in kova silindiri, a\u015fa\u011f\u0131dakiler gibi \u00e7e\u015fitli a\u011f\u0131r makine uygulamalar\u0131nda yayg\u0131n olarak kullan\u0131lmaktad\u0131r:<\/p>\n<ul>\n<li>\u0130n\u015faat ekipmanlar\u0131: Ekskavat\u00f6rlerde, toprak veya moloz kazma, y\u00fckleme ve ta\u015f\u0131ma i\u015flemlerinde hayati \u00f6neme sahiptirler. Kaz\u0131c\u0131 ekskavat\u00f6rlerde ise kova silindirleri hem kazma hem de kald\u0131rma i\u015flemlerine yard\u0131mc\u0131 olur. <\/li>\n<li>Tar\u0131m makineleri: Toprak, saman ve di\u011fer malzemelerin kep\u00e7eyle al\u0131nmas\u0131, kald\u0131r\u0131lmas\u0131 ve ta\u015f\u0131nmas\u0131 i\u00e7in \u00f6n y\u00fckleyicilerde kullan\u0131l\u0131r.<\/li>\n<li>Ekskavat\u00f6rler: Kep\u00e7e silindirleri, kep\u00e7enin topra\u011fa n\u00fcfuz etmesini sa\u011flayarak kazma i\u015flemlerini m\u00fcmk\u00fcn k\u0131lar.<\/li>\n<li>Y\u00fckleyiciler: \u00d6n y\u00fckleyicilerde, mallar\u0131n etkili bir \u015fekilde kald\u0131r\u0131lmas\u0131na ve devrilmesine yard\u0131mc\u0131 olurlar.<\/li>\n<\/ul>\n<h3>Tasar\u0131m Hususlar\u0131 ve Se\u00e7im Kriterleri<\/h3>\n<p>Komatsu PC128\/130-7 k\u00fc\u00e7\u00fck ekskavat\u00f6r i\u00e7in kova silindirinin tasar\u0131m hususlar\u0131 ve se\u00e7im kriterleri \u015funlard\u0131r:<\/p>\n<ul>\n<li>Ta\u015f\u0131ma kapasitesi: Y\u00fcksek bas\u0131nca ve a\u011f\u0131r y\u00fcklere dayanabilme yetene\u011fi.<\/li>\n<li>S\u0131zd\u0131rmazl\u0131k: Hidrolik ya\u011f s\u0131z\u0131nt\u0131s\u0131n\u0131 \u00f6nleme ve uygun ya\u011flamay\u0131 sa\u011flama yetene\u011fi.<\/li>\n<li>Dayan\u0131kl\u0131l\u0131k: \u00d6zellikle zorlu \u00e7al\u0131\u015fma ortamlar\u0131nda a\u015f\u0131nmaya ve korozyona kar\u015f\u0131 diren\u00e7 g\u00f6sterme yetene\u011fi.<\/li>\n<li>G\u00fcvenlik: \u00c7al\u0131\u015fma s\u0131ras\u0131nda kazalar\u0131 ve yaralanmalar\u0131 \u00f6nleme yetene\u011fi.<\/li>\n<li>Bak\u0131m kolayl\u0131\u011f\u0131: Kolayca bak\u0131m\u0131 ve onar\u0131m\u0131 yap\u0131labilme \u00f6zelli\u011fi.<\/li>\n<\/ul>\n<p><img decoding=\"async\" src=\"https:\/\/www.hydraulic-cylinders.net\/wp-content\/uploads\/2025\/01\/songte-oil-pipes-and-spare-parts.webp\" alt=\"Komatsu PC128\/130-7 K\u00fc\u00e7\u00fck Ekskavat\u00f6r \u0130\u00e7in Kep\u00e7e Silindiri Yedek Par\u00e7a Resmi\"><\/p>\n<h3>S\u0131zd\u0131rmazl\u0131k ve Ya\u011flama<\/h3>\n<p>Komatsu PC128\/130-7 k\u00fc\u00e7\u00fck ekskavat\u00f6r\u00fcn\u00fcn kova silindirinin s\u0131zd\u0131rmazl\u0131k ve ya\u011flama hususlar\u0131 \u015funlard\u0131r:<\/p>\n<ul>\n<li>Poli\u00fcretan ve nitril kau\u00e7uk gibi a\u015f\u0131nmaya dayan\u0131kl\u0131 malzemelerden yap\u0131lm\u0131\u015f piston contalar\u0131 ve mil contalar\u0131 gibi \u00e7e\u015fitli contalar\u0131n kullan\u0131m\u0131.<\/li>\n<li>Silindir g\u00f6vdesi ve di\u015fli u\u00e7 y\u00fczeyi, a\u015f\u0131nma direncini art\u0131rmak i\u00e7in hassas bir \u015fekilde i\u015flenmi\u015ftir.<\/li>\n<li>Uygun ya\u011flamay\u0131 sa\u011flamak i\u00e7in hidrolik ya\u011f\u0131n d\u00fczenli olarak eklenmesi gerekir.<\/li>\n<\/ul>\n<h3>Bak\u0131m ve Onar\u0131m<\/h3>\n<p>Komatsu PC128\/130-7 k\u00fc\u00e7\u00fck ekskavat\u00f6r i\u00e7in kova silindirinin bak\u0131m ve onar\u0131m g\u00f6revleri \u015funlard\u0131r:<\/p>\n<ul>\n<li>Silindirin d\u00fczenli olarak incelenmesi, uygun ya\u011flama, conta de\u011fi\u015fimi ve kalibrasyon kontrolleri.<\/li>\n<li>Do\u011fru montaj, ya\u011flama ve ayarlaman\u0131n \u00f6nemi.<\/li>\n<li>Silindirin montaj\u0131 s\u0131ras\u0131nda do\u011fru hizalanmas\u0131 konusunda rehberlik sa\u011flamak.<\/li>\n<li>T\u00fcplerin do\u011fru \u015fekilde sabitlenmesi i\u00e7in uygun montaj braketlerinin kullan\u0131lmas\u0131na ili\u015fkin \u00f6neriler.<\/li>\n<li>\u00d6nerilen inceleme, onar\u0131m ve de\u011fi\u015ftirme prosed\u00fcrleri.<\/li>\n<li>Komatsu PC128\/130-7 k\u00fc\u00e7\u00fck ekskavat\u00f6r i\u00e7in kova silindirinin kullan\u0131m \u00f6mr\u00fcn\u00fc uzatmak amac\u0131yla yedek par\u00e7a ve onar\u0131m hizmetleri sunuyoruz.<\/li>\n<\/ul>\n<p><img decoding=\"async\" src=\"https:\/\/www.hydraulic-cylinders.net\/wp-content\/uploads\/2025\/01\/songte-chushion-collar.webp\" alt=\"Komatsu PC128\/130-7 K\u00fc\u00e7\u00fck Ekskavat\u00f6r \u0130\u00e7in Kep\u00e7e Silindiri Yaka Resmi\"><\/p>\n<h3>G\u00fcvenlik Hususlar\u0131 ve \u00c7evresel Fakt\u00f6rler<\/h3>\n<p>Komatsu PC128\/130-7 k\u00fc\u00e7\u00fck ekskavat\u00f6r i\u00e7in kova silindiri kullan\u0131rken g\u00fcvenlik \u00f6nlemleri \u00f6nemlidir. Riskleri en aza indirmek ve operat\u00f6rleri ve ekipman\u0131 korumak i\u00e7in t\u00fcm g\u00fcvenlik prosed\u00fcrlerine ve y\u00f6nergelerine uyulmas\u0131 \u00f6nerilir. S\u0131cakl\u0131k, nem ve kirlilik gibi \u00e7evresel fakt\u00f6rler de dikkate al\u0131nmal\u0131d\u0131r.<\/p>\n<h3>Sorun Giderme ve Yayg\u0131n Sorunlar<\/h3>\n<p>Komatsu PC128\/130-7 k\u00fc\u00e7\u00fck ekskavat\u00f6r\u00fcn\u00fcn kep\u00e7e silindirinde olas\u0131 sorunlar aras\u0131nda ya\u011f ka\u00e7a\u011f\u0131, conta hasar\u0131 ve yetersiz ya\u011flama yer almaktad\u0131r. Daha fazla hasar\u0131 \u00f6nlemek ve ekipman ar\u0131za s\u00fcresini engellemek i\u00e7in h\u0131zl\u0131 ar\u0131za tespiti ve \u00e7\u00f6z\u00fcmleme \u015fartt\u0131r.<\/p>\n<h3>\u015eirket Tan\u0131t\u0131m\u0131<\/h3>\n<p>Firmam\u0131z, orijinal hidrolik silindirlerin yerine ge\u00e7ebilen hidrolik silindirler \u00fcreten bir firmad\u0131r. Geni\u015f \u00fcr\u00fcn yelpazemizle, hem yurt i\u00e7i hem de yurt d\u0131\u015f\u0131 pazarlarda \u00f6nde gelen hidrolik silindir \u00fcreticilerinden ve toptanc\u0131lar\u0131ndan biri haline geldik. \u00dcst\u00fcn kalite ilkesine ba\u011fl\u0131 kalarak, \u00f6zenle \u00fcretilmi\u015f at\u00f6lyelerimizde end\u00fcstriyel \u00fcretim y\u00f6netim stratejilerine g\u00fcveniyoruz. \u015eirketimiz, at\u00f6lyenin \u00fcretim platformunu s\u00fcrekli geli\u015ftirerek, \u00fcr\u00fcnlerin \u00fcretim kalitesini art\u0131rmakta ve g\u00fc\u00e7l\u00fc bir yarat\u0131c\u0131l\u0131k yetene\u011fine sahiptir. \u00dcr\u00fcnlerimiz, y\u00fcksek verimlilik, y\u00fcksek hassasiyet ve y\u00fcksek kalite ile m\u00fc\u015fterilerin ihtiya\u00e7lar\u0131n\u0131 kar\u015f\u0131lamak i\u00e7in \u00e7ok boyutlu \u00e7\u00f6z\u00fcmler sunmaktad\u0131r.<\/p>\n<p><img decoding=\"async\" src=\"https:\/\/hzpt.com\/wp-content\/uploads\/2024\/11\/songte-company-1.webp\" alt=\"\u015eirket \u0130maj\u0131\"><\/p>\n<h3>\u015eirket Profili<\/h3>\n<ul>\n<li>Profesyonellik: Size birinci s\u0131n\u0131f hizmetler ve teknik destek sa\u011flamak i\u00e7in hidrolik silindir sekt\u00f6r\u00fcnde y\u0131llar\u0131n deneyimine sahip profesyonellerden olu\u015fan bir ekibimiz var.<\/li>\n<li>Uluslararas\u0131 sertifikasyon: \u00dcr\u00fcnlerimiz, kalite ve g\u00fcvenli\u011fi sa\u011flamak amac\u0131yla uluslararas\u0131 standartlara g\u00f6re sertifikaland\u0131r\u0131lm\u0131\u015ft\u0131r.<\/li>\n<li>Ki\u015fiselle\u015ftirme hizmetleri: Bireysel m\u00fc\u015fteri ihtiya\u00e7lar\u0131n\u0131 kar\u015f\u0131lamak \u00fczere ki\u015fiselle\u015ftirilmi\u015f hizmetler sunuyoruz.<\/li>\n<li>\u00dcretim ekipmanlar\u0131: \u015eirketimiz, \u00fcr\u00fcn kalitesini ve verimlili\u011fini sa\u011flamak i\u00e7in geli\u015fmi\u015f \u00fcretim ekipmanlar\u0131 kullanmaktad\u0131r.<\/li>\n<li>Sat\u0131\u015f sonras\u0131 servis: Bak\u0131m, onar\u0131m ve par\u00e7a de\u011fi\u015fimi de dahil olmak \u00fczere kapsaml\u0131 sat\u0131\u015f sonras\u0131 hizmetler sunuyoruz.<\/li>\n<\/ul>\n<p><img decoding=\"async\" src=\"https:\/\/www.hydraulic-cylinders.net\/wp-content\/uploads\/2025\/01\/songte-company-3.webp\" alt=\"\u015eirket Profili Resmi\"><\/p>\n<p>Yazar: lyl<\/p>","protected":false},"excerpt":{"rendered":"<p>Bucket Cylinder For Komatsu Small Excavator PC128\/130-7 Introduction The Bucket Cylinder For Komatsu Small Excavator PC128\/130-7 is a specially designed hydraulic cylinder primarily used for controlling the movement of buckets in heavy machinery such as excavators, backhoes, and front-end loaders. Its main function is to enable the bucket to lift, lower, and tilt, thereby facilitating [&hellip;]<\/p>","protected":false},"featured_media":14773,"comment_status":"open","ping_status":"closed","template":"","meta":{"_et_pb_use_builder":"","_et_pb_old_content":"","_et_gb_content_width":""},"product_brand":[],"product_cat":[1494],"product_tag":[1495,1496],"class_list":{"0":"post-15126","1":"product","2":"type-product","3":"status-publish","4":"has-post-thumbnail","6":"product_cat-bucket-cylinders","7":"product_tag-bucket-cylinders","8":"product_tag-hydraulic-cylinders","10":"first","11":"instock","12":"shipping-taxable","13":"product-type-simple"},"amp_enabled":true,"_links":{"self":[{"href":"https:\/\/www.hydraulic-cylinders.net\/tr\/wp-json\/wp\/v2\/product\/15126","targetHints":{"allow":["GET"]}}],"collection":[{"href":"https:\/\/www.hydraulic-cylinders.net\/tr\/wp-json\/wp\/v2\/product"}],"about":[{"href":"https:\/\/www.hydraulic-cylinders.net\/tr\/wp-json\/wp\/v2\/types\/product"}],"replies":[{"embeddable":true,"href":"https:\/\/www.hydraulic-cylinders.net\/tr\/wp-json\/wp\/v2\/comments?post=15126"}],"wp:featuredmedia":[{"embeddable":true,"href":"https:\/\/www.hydraulic-cylinders.net\/tr\/wp-json\/wp\/v2\/media\/14773"}],"wp:attachment":[{"href":"https:\/\/www.hydraulic-cylinders.net\/tr\/wp-json\/wp\/v2\/media?parent=15126"}],"wp:term":[{"taxonomy":"product_brand","embeddable":true,"href":"https:\/\/www.hydraulic-cylinders.net\/tr\/wp-json\/wp\/v2\/product_brand?post=15126"},{"taxonomy":"product_cat","embeddable":true,"href":"https:\/\/www.hydraulic-cylinders.net\/tr\/wp-json\/wp\/v2\/product_cat?post=15126"},{"taxonomy":"product_tag","embeddable":true,"href":"https:\/\/www.hydraulic-cylinders.net\/tr\/wp-json\/wp\/v2\/product_tag?post=15126"}],"curies":[{"name":"wp","href":"https:\/\/api.w.org\/{rel}","templated":true}]}}