{"id":15135,"date":"2025-01-19T14:08:59","date_gmt":"2025-01-19T14:08:59","guid":{"rendered":"https:\/\/www.hydraulic-cylinders.net\/product\/bucket-cylinder-for-komatsu-middle-excavator-pc240lc-8mo\/"},"modified":"2025-01-19T14:09:01","modified_gmt":"2025-01-19T14:09:01","slug":"bucket-cylinder-for-komatsu-middle-excavator-pc240lc-8mo","status":"publish","type":"product","link":"https:\/\/www.hydraulic-cylinders.net\/tr\/urun\/bucket-cylinder-for-komatsu-middle-excavator-pc240lc-8mo\/","title":{"rendered":"Komatsu Orta Ekskavat\u00f6r PC240LC-8MO i\u00e7in Kova Silindiri"},"content":{"rendered":"<h2>Komatsu Orta Ekskavat\u00f6r PC240LC-8MO i\u00e7in Kova Silindiri<\/h2>\n<p>Komatsu PC240LC-8MO orta boy ekskavat\u00f6r i\u00e7in kep\u00e7e silindiri, ekskavat\u00f6rler, beko y\u00fckleyiciler ve \u00f6n y\u00fckleyiciler gibi a\u011f\u0131r i\u015f makinelerinde kep\u00e7enin hareketini kontrol etmek i\u00e7in tasarlanm\u0131\u015f \u00f6zel bir hidrolik silindirdir. Ana i\u015flevi, kep\u00e7enin kald\u0131r\u0131lmas\u0131n\u0131, indirilmesini ve e\u011filmesini sa\u011flayarak \u00e7e\u015fitli malzeme ta\u015f\u0131ma g\u00f6revlerini kolayla\u015ft\u0131rmakt\u0131r. Hidrolik sistemde, kep\u00e7e silindiri hidrolik ya\u011fdaki bas\u0131n\u00e7 de\u011fi\u015fikliklerinden yararlanarak kep\u00e7enin hassas kontrol\u00fcn\u00fc sa\u011flar ve operat\u00f6rlerin a\u011f\u0131r y\u00fckleri verimli bir \u015fekilde ta\u015f\u0131mas\u0131na, karma\u015f\u0131k \u00e7al\u0131\u015fma ortamlar\u0131na ve \u00e7e\u015fitli i\u015f gereksinimlerine uyum sa\u011flamas\u0131na olanak tan\u0131r.<\/p>\n<p><img decoding=\"async\" src=\"https:\/\/www.hydraulic-cylinders.net\/wp-content\/uploads\/2025\/01\/songte-company-2.webp\" alt=\"Kova Silindiri G\u00f6r\u00fcnt\u00fcs\u00fc\"><\/p>\n<h2>Komatsu PC240LC-8MO Orta Ekskavat\u00f6r \u0130\u00e7in Kep\u00e7e Silindirinin \u00d6zellikleri<\/h2>\n<ul>\n<li>Y\u00fcksek Mukavemet ve Dayan\u0131kl\u0131l\u0131k: Genellikle y\u00fcksek mukavemetli \u00e7elik veya al\u00fcminyumdan \u00fcretilen bu \u00fcr\u00fcn, y\u00fcksek bas\u0131n\u00e7lara ve a\u011f\u0131r y\u00fcklere dayanabilir ve zorlu \u00e7al\u0131\u015fma ortamlar\u0131na uyum sa\u011flar. A\u015f\u0131nma ve korozyon direnci g\u00f6z \u00f6n\u00fcnde bulundurularak tasarlanan \u00fcr\u00fcn\u00fcn kullan\u0131m \u00f6mr\u00fc uzat\u0131lm\u0131\u015ft\u0131r.<\/li>\n<li>Verimli Hidrolik \u00c7al\u0131\u015fma: Hidrolik ya\u011f\u0131n bas\u0131nc\u0131n\u0131 kullanarak, d\u00fczg\u00fcn uzatma ve geri \u00e7ekme hareketleri ger\u00e7ekle\u015ftirir, kontrol komutlar\u0131na h\u0131zl\u0131 yan\u0131t verir, g\u00fc\u00e7l\u00fc itme ve \u00e7ekme kuvvetleri sa\u011flar ve a\u011f\u0131r y\u00fcklerin ve karma\u015f\u0131k i\u015f g\u00f6revlerinin \u00fcstesinden gelmek i\u00e7in uygundur.<\/li>\n<li>\u00c7e\u015fitli Tipler: Kova silindiri, gereksinimlere g\u00f6re tek etkili (hidrolik yaln\u0131zca tek y\u00f6nde kullan\u0131l\u0131r) veya \u00e7ift etkili (hidrolik her iki y\u00f6nde de kullan\u0131l\u0131r) silindir olarak se\u00e7ilebilir ve farkl\u0131 \u00e7al\u0131\u015fma ihtiya\u00e7lar\u0131n\u0131 kar\u015f\u0131lar. Baz\u0131 modeller teleskopiktir ve d\u0131\u015f boyutlar\u0131 art\u0131rmadan daha fazla uzatmaya olanak tan\u0131r, bu da s\u0131n\u0131rl\u0131 alana sahip uygulamalar i\u00e7in uygundur.<\/li>\n<li>M\u00fckemmel De\u011fi\u015ftirme: \u00dcr\u00fcnlerimiz bu hidrolik silindirlerin yerini m\u00fckemmel \u015fekilde alabilir.<\/li>\n<\/ul>\n<p><img decoding=\"async\" src=\"https:\/\/www.hydraulic-cylinders.net\/wp-content\/uploads\/2025\/01\/songte-cylinder-head-with-all-kinds-excavator-models.webp\" alt=\"Hidrolik Silindir De\u011fi\u015ftirme G\u00f6rseli\"><\/p>\n<h2>Komatsu PC240LC-8MO Orta Ekskavat\u00f6r \u0130\u00e7in Kep\u00e7e Silindirinin Uygulamalar\u0131<\/h2>\n<p>Kova silindiri \u00e7e\u015fitli a\u011f\u0131r makinelerde uygulama alan\u0131 bulmaktad\u0131r:<\/p>\n<ul>\n<li>\u0130n\u015faat Ekipmanlar\u0131: Ekskavat\u00f6rlerde, toprak veya molozun kaz\u0131lmas\u0131, y\u00fcklenmesi ve ta\u015f\u0131nmas\u0131 i\u00e7in hayati \u00f6neme sahiptirler. Kaz\u0131c\u0131 y\u00fckleyicilerde ise kova silindiri hem kazmaya hem de kald\u0131rmaya yard\u0131mc\u0131 olur.<\/li>\n<li>Tar\u0131m Makinalar\u0131: \u00d6n y\u00fckleyicilerde toprak, saman ve di\u011fer malzemeleri kep\u00e7elemek, kald\u0131rmak ve ta\u015f\u0131mak i\u00e7in kullan\u0131l\u0131r.<\/li>\n<li>Ekskavat\u00f6rler: Kova silindiri, kovan\u0131n topra\u011fa n\u00fcfuz etmesini sa\u011flayarak kazma i\u015flemini ger\u00e7ekle\u015ftirir.<\/li>\n<li>Y\u00fckleyiciler: \u00d6n y\u00fckleyicilerde, mallar\u0131n etkili bir \u015fekilde kald\u0131r\u0131lmas\u0131na ve e\u011filmesine yard\u0131mc\u0131 olurlar.<\/li>\n<\/ul>\n<h2>Tasar\u0131m Hususlar\u0131 ve Se\u00e7im Kriterleri<\/h2>\n<p>Kova silindirinin tasar\u0131m\u0131nda, ta\u015f\u0131ma kapasitesi, s\u0131zd\u0131rmazl\u0131k, dayan\u0131kl\u0131l\u0131k, g\u00fcvenlik ve bak\u0131m kolayl\u0131\u011f\u0131 gibi temel fakt\u00f6rler dikkate al\u0131n\u0131r:<\/p>\n<p><img decoding=\"async\" src=\"https:\/\/www.hydraulic-cylinders.net\/wp-content\/uploads\/2025\/01\/songte-oil-pipes-and-spare-parts.webp\" alt=\"Hidrolik Silindir Tasar\u0131m G\u00f6rseli\"><\/p>\n<h2>S\u0131zd\u0131rmazl\u0131k ve Ya\u011flama<\/h2>\n<p>Kova silindiri, poli\u00fcretan ve nitril kau\u00e7uk gibi a\u015f\u0131nmaya dayan\u0131kl\u0131 malzemelerden yap\u0131lm\u0131\u015f piston contalar\u0131 ve mil contalar\u0131 gibi \u00e7e\u015fitli s\u0131zd\u0131rmazl\u0131k bile\u015fenleri kullan\u0131r. Silindir g\u00f6vdesi ve di\u015fli u\u00e7 y\u00fczeyleri, a\u015f\u0131nma direncini art\u0131rmak i\u00e7in ince bir i\u015flemden ge\u00e7irilir. Sorunsuz \u00e7al\u0131\u015fma sa\u011flamak i\u00e7in uygun hidrolik ya\u011f ile d\u00fczenli ya\u011flama gereklidir.<\/p>\n<h2>D\u00fczenli Muayene ve \u00d6nleyici Bak\u0131m<\/h2>\n<p>Kep\u00e7e silindirinin optimum performans\u0131n\u0131 korumak i\u00e7in d\u00fczenli kontroller ve \u00f6nleyici bak\u0131m \u00f6nlemleri \u015fartt\u0131r:<\/p>\n<h2>Do\u011fru Kurulum K\u0131lavuzu<\/h2>\n<p>Kova silindirinin do\u011fru montaj\u0131, i\u015flevselli\u011fi ve uzun \u00f6mr\u00fc i\u00e7in \u00e7ok \u00f6nemlidir:<\/p>\n<p><img decoding=\"async\" src=\"https:\/\/www.hydraulic-cylinders.net\/wp-content\/uploads\/2025\/01\/songte-chushion-collar.webp\" alt=\"Kova Silindiri Kurulum G\u00f6r\u00fcnt\u00fcs\u00fc\"><\/p>\n<h2>Yayg\u0131n Bak\u0131m G\u00f6revleri<\/h2>\n<p>Kova silindiri i\u00e7in \u00fc\u00e7 yayg\u0131n bak\u0131m g\u00f6revi \u015funlard\u0131r:<\/p>\n<ul>\n<li>D\u00fczenli Muayene<\/li>\n<li>Uygun Ya\u011flama<\/li>\n<li>Conta De\u011fi\u015fimi ve Kalibrasyon Kontrol\u00fc<\/li>\n<\/ul>\n<p>Montaj s\u00fcrecinin tamam\u0131nda do\u011fru montaj, ya\u011flama ve ayarlaman\u0131n \u00f6nemi vurgulanmaktad\u0131r. Silindirin do\u011fru hizalanmas\u0131 konusunda rehberlik sa\u011flanmakta ve silindirin sabitlenmesi i\u00e7in uygun montaj braketlerinin kullan\u0131lmas\u0131 \u00f6nerilmektedir. Kep\u00e7e silindirinin kullan\u0131m \u00f6mr\u00fcn\u00fc uzatmak i\u00e7in ipu\u00e7lar\u0131yla birlikte, inceleme, onar\u0131m ve de\u011fi\u015ftirme i\u00e7in \u00f6nerilen prosed\u00fcrler sunulmaktad\u0131r.<\/p>\n<p><img decoding=\"async\" src=\"https:\/\/www.hydraulic-cylinders.net\/wp-content\/uploads\/2025\/01\/songte-bushings-with-all-kinds-of-excavator-models.webp\" alt=\"Kova Silindiri Bak\u0131m G\u00f6rseli\"><\/p>\n<h2>G\u00fcvenlik Hususlar\u0131 ve \u00c7evresel Fakt\u00f6rler<\/h2>\n<p>Kova silindirinin kullan\u0131m\u0131nda g\u00fcvenlik \u00f6nlemlerinin \u00f6nemi, anahtar kelimelerin kullan\u0131m\u0131 dikkate al\u0131narak vurgulanm\u0131\u015ft\u0131r.<\/p>\n<h2>Ar\u0131za Te\u015fhisi ve Yayg\u0131n Sorunlar<\/h2>\n<p>S\u0131k kar\u015f\u0131la\u015f\u0131lan ar\u0131zalar ve bunlar\u0131n giderilme y\u00f6ntemleri ele al\u0131narak, sorunlar\u0131n etkili bir \u015fekilde te\u015fhis edilmesi ve \u00e7\u00f6z\u00fclmesi i\u00e7in ipu\u00e7lar\u0131 ve \u00e7\u00f6z\u00fcmler sunulmaktad\u0131r. Potansiyel sorunlar\u0131 en aza indirmek i\u00e7in \u00f6nleyici tedbirler de \u00f6nerilmektedir.<\/p>\n<p><img decoding=\"async\" src=\"https:\/\/www.hydraulic-cylinders.net\/wp-content\/uploads\/2025\/01\/songte-company-1.webp\" alt=\"Kova Silindiri Ar\u0131za Te\u015fhis G\u00f6r\u00fcnt\u00fcs\u00fc\"><\/p>\n<h2>\u015eirketimiz Hakk\u0131nda<\/h2>\n<p>Yedek hidrolik silindir \u00fcreticisiyiz ve geni\u015f bir \u00fcr\u00fcn yelpazesi sunuyoruz. Hem yurt i\u00e7i hem de uluslararas\u0131 pazarlarda hidrolik silindirlerin \u00f6nde gelen \u00fcreticilerinden ve toptanc\u0131lar\u0131ndan biri haline geldik. \u015eirketimiz, geli\u015fmi\u015f \u00fcretim at\u00f6lyelerinin end\u00fcstriyel \u00fcretim y\u00f6netimine dayanarak m\u00fckemmel kalite stratejisini izlemektedir. Teknolojik yeteneklerin, dijital \u00fcst d\u00fczey \u00fcretim ekipmanlar\u0131n\u0131n ve profesyonel test sistemlerinin uygulanmas\u0131yla at\u00f6lyelerimizin \u00fcretim platformunu s\u00fcrekli olarak geli\u015ftiriyoruz. \u015eirketimiz g\u00fc\u00e7l\u00fc bir yarat\u0131c\u0131l\u0131k yetene\u011fine sahiptir ve y\u00fcksek verimlilik, y\u00fcksek hassasiyet ve y\u00fcksek kalite ilkeleriyle m\u00fc\u015fterilerin \u00e7e\u015fitli ihtiya\u00e7lar\u0131n\u0131 kar\u015f\u0131lamay\u0131 ama\u00e7lamaktad\u0131r.<\/p>\n<p><img decoding=\"async\" src=\"https:\/\/www.hydraulic-cylinders.net\/wp-content\/uploads\/2025\/01\/songte-company-3.webp\" alt=\"\u015eirket Genel Bak\u0131\u015f G\u00f6rseli\"><\/p>\n<p>Ayr\u0131ca, profesyonellik, uluslararas\u0131 sertifikalar, \u00f6zel hizmetler, \u00fcretim ekipmanlar\u0131 ve sat\u0131\u015f sonras\u0131 hizmetler gibi \u00e7e\u015fitli a\u00e7\u0131lardan \u015firketimiz hakk\u0131nda kapsaml\u0131 bir tan\u0131t\u0131m sunuyoruz.<\/p>\n<p>Yazar: lyl<\/p>","protected":false},"excerpt":{"rendered":"<p>Bucket Cylinder For Komatsu Middle Excavator PC240LC-8MO The Bucket Cylinder for Komatsu Middle Excavator PC240LC-8MO is a specialized hydraulic cylinder designed to control the movement of the bucket in heavy-duty machinery such as excavators, backhoe loaders, and front-end loaders. Its main function is to enable the lifting, lowering, and tilting of the bucket, making it [&hellip;]<\/p>","protected":false},"featured_media":14785,"comment_status":"open","ping_status":"closed","template":"","meta":{"_et_pb_use_builder":"","_et_pb_old_content":"","_et_gb_content_width":""},"product_brand":[],"product_cat":[1494],"product_tag":[1495,1496],"class_list":{"0":"post-15135","1":"product","2":"type-product","3":"status-publish","4":"has-post-thumbnail","6":"product_cat-bucket-cylinders","7":"product_tag-bucket-cylinders","8":"product_tag-hydraulic-cylinders","10":"first","11":"instock","12":"shipping-taxable","13":"product-type-simple"},"amp_enabled":true,"_links":{"self":[{"href":"https:\/\/www.hydraulic-cylinders.net\/tr\/wp-json\/wp\/v2\/product\/15135","targetHints":{"allow":["GET"]}}],"collection":[{"href":"https:\/\/www.hydraulic-cylinders.net\/tr\/wp-json\/wp\/v2\/product"}],"about":[{"href":"https:\/\/www.hydraulic-cylinders.net\/tr\/wp-json\/wp\/v2\/types\/product"}],"replies":[{"embeddable":true,"href":"https:\/\/www.hydraulic-cylinders.net\/tr\/wp-json\/wp\/v2\/comments?post=15135"}],"wp:featuredmedia":[{"embeddable":true,"href":"https:\/\/www.hydraulic-cylinders.net\/tr\/wp-json\/wp\/v2\/media\/14785"}],"wp:attachment":[{"href":"https:\/\/www.hydraulic-cylinders.net\/tr\/wp-json\/wp\/v2\/media?parent=15135"}],"wp:term":[{"taxonomy":"product_brand","embeddable":true,"href":"https:\/\/www.hydraulic-cylinders.net\/tr\/wp-json\/wp\/v2\/product_brand?post=15135"},{"taxonomy":"product_cat","embeddable":true,"href":"https:\/\/www.hydraulic-cylinders.net\/tr\/wp-json\/wp\/v2\/product_cat?post=15135"},{"taxonomy":"product_tag","embeddable":true,"href":"https:\/\/www.hydraulic-cylinders.net\/tr\/wp-json\/wp\/v2\/product_tag?post=15135"}],"curies":[{"name":"wp","href":"https:\/\/api.w.org\/{rel}","templated":true}]}}