{"id":15137,"date":"2025-01-19T14:09:07","date_gmt":"2025-01-19T14:09:07","guid":{"rendered":"https:\/\/www.hydraulic-cylinders.net\/product\/bucket-cylinder-for-komatsu-middle-excavator-pc210-6-6e-7-8\/"},"modified":"2025-01-19T14:09:10","modified_gmt":"2025-01-19T14:09:10","slug":"bucket-cylinder-for-komatsu-middle-excavator-pc210-6-6e-7-8","status":"publish","type":"product","link":"https:\/\/www.hydraulic-cylinders.net\/tr\/urun\/bucket-cylinder-for-komatsu-middle-excavator-pc210-6-6e-7-8\/","title":{"rendered":"Komatsu Orta Ekskavat\u00f6r PC210-6-6E-7-8 \u0130\u00e7in Kova Silindiri"},"content":{"rendered":"<h1>Komatsu Orta Ekskavat\u00f6r PC210-6-6E-7-8 \u0130\u00e7in Kova Silindiri<\/h1>\n<h2>girii\u015f<\/h2>\n<p>Komatsu orta ekskavat\u00f6r PC210-6-6E-7-8 i\u00e7in kova silindiri, ekskavat\u00f6rler, beko-y\u00fckleyiciler ve \u00f6n y\u00fckleyiciler gibi a\u011f\u0131r i\u015f makinelerinde kovan\u0131n hareketini kontrol etmek i\u00e7in kullan\u0131lan \u00f6zel olarak tasarlanm\u0131\u015f bir hidrolik silindirdir. Ana i\u015flevi kovan\u0131n kald\u0131r\u0131lmas\u0131n\u0131, indirilmesini ve e\u011filmesini sa\u011flamak oldu\u011fundan, \u00e7e\u015fitli malzeme ta\u015f\u0131ma g\u00f6revleri i\u00e7in idealdir. Hidrolik sistemde kova silindiri, hidrolik ya\u011f\u0131n bas\u0131n\u00e7 de\u011fi\u015fimlerinden yararlanarak kovan\u0131n hassas kontrol\u00fcn\u00fc sa\u011flar. Bu, operat\u00f6rlerin a\u011f\u0131r y\u00fckleri verimli bir \u015fekilde ta\u015f\u0131mas\u0131n\u0131 ve karma\u015f\u0131k \u00e7al\u0131\u015fma ortamlar\u0131na ve \u00e7e\u015fitli i\u015f gereksinimlerine uyum sa\u011flamas\u0131n\u0131 sa\u011flar.<\/p>\n<p><img decoding=\"async\" src=\"https:\/\/www.hydraulic-cylinders.net\/wp-content\/uploads\/2025\/01\/songte-company-2.webp\" alt=\"Kova Silindiri G\u00f6r\u00fcnt\u00fcs\u00fc\"><\/p>\n<h2>\u00d6zellikler<\/h2>\n<ul>\n<li>Y\u00fcksek Mukavemet ve Dayan\u0131kl\u0131l\u0131k: Genellikle y\u00fcksek mukavemetli \u00e7elik veya al\u00fcminyumdan \u00fcretilen bu \u00fcr\u00fcnler, y\u00fcksek bas\u0131n\u00e7 ve a\u011f\u0131r y\u00fcklere dayanabilir ve zorlu \u00e7al\u0131\u015fma ko\u015fullar\u0131na uyum sa\u011flayabilir. Tasar\u0131m\u0131nda a\u015f\u0131nma ve korozyon direnci g\u00f6z \u00f6n\u00fcnde bulundurularak kullan\u0131m \u00f6mr\u00fc uzat\u0131lm\u0131\u015ft\u0131r.<\/li>\n<li>Verimli Hidrolik \u00c7al\u0131\u015fma: D\u00fczg\u00fcn uzatma ve geri \u00e7ekme hareketleri elde etmek i\u00e7in hidrolik ya\u011f bas\u0131nc\u0131n\u0131 kullan\u0131r, kontrol komutlar\u0131na h\u0131zl\u0131 yan\u0131t vermeyi ve g\u00fc\u00e7l\u00fc itme ve \u00e7ekme kuvvetleri sa\u011flamay\u0131 m\u00fcmk\u00fcn k\u0131lar, bu da onu a\u011f\u0131r y\u00fckleri ve karma\u015f\u0131k i\u015f g\u00f6revlerini idare etmek i\u00e7in uygun hale getirir.<\/li>\n<li>\u00c7e\u015fitli Tipler: Farkl\u0131 operasyonel ihtiya\u00e7lar\u0131 kar\u015f\u0131lamak i\u00e7in tek etkili (sadece tek y\u00f6nde kullan\u0131lan hidrolik s\u0131v\u0131) veya \u00e7ift etkili (her iki y\u00f6nde kullan\u0131lan hidrolik s\u0131v\u0131) silindirler mevcuttur. Baz\u0131 modeller teleskopiktir ve d\u0131\u015f boyutlar\u0131 art\u0131rmadan daha fazla uzatma olana\u011f\u0131 sa\u011flayarak, s\u0131n\u0131rl\u0131 alana sahip uygulamalar i\u00e7in uygundur.<\/li>\n<\/ul>\n<p><img decoding=\"async\" src=\"https:\/\/www.hydraulic-cylinders.net\/wp-content\/uploads\/2025\/01\/songte-cylinder-head-with-all-kinds-excavator-models.webp\" alt=\"Kova Silindir Tipleri G\u00f6rseli\"><\/p>\n<h2>Uygulamalar<\/h2>\n<p>Komatsu orta ekskavat\u00f6r PC210-6-6E-7-8 i\u00e7in kova silindiri, a\u015fa\u011f\u0131dakiler gibi \u00e7e\u015fitli in\u015faat ekipmanlar\u0131nda uygulama alan\u0131 bulmaktad\u0131r:<\/p>\n<ul>\n<li>Ekskavat\u00f6rler: Kaz\u0131, y\u00fckleme ve toprak veya moloz ta\u015f\u0131ma i\u00e7in gereklidir. Kova silindiri, beko-y\u00fckleyicilerde kazma ve kald\u0131rma i\u015flemlerini kolayla\u015ft\u0131r\u0131r.<\/li>\n<li>Tar\u0131m Makinalar\u0131: \u00d6n y\u00fckleyicilerde toprak, saman ve di\u011fer malzemeleri kep\u00e7elemek, kald\u0131rmak ve ta\u015f\u0131mak i\u00e7in kullan\u0131l\u0131r.<\/li>\n<li>Y\u00fckleyiciler: \u00d6n y\u00fckleyicilerde, mallar\u0131n etkili bir \u015fekilde kald\u0131r\u0131lmas\u0131na ve bo\u015falt\u0131lmas\u0131na yard\u0131mc\u0131 olurlar.<\/li>\n<\/ul>\n<h2>Tasar\u0131m Hususlar\u0131 ve Se\u00e7im Kriterleri<\/h2>\n<ul>\n<li>Ta\u015f\u0131ma Kapasitesi: Silindirin kar\u015f\u0131la\u015faca\u011f\u0131 y\u00fcklere dayanma kabiliyetini tart\u0131\u015f\u0131n.<\/li>\n<li>S\u0131zd\u0131rmazl\u0131k: Poli\u00fcretan ve nitril kau\u00e7uk gibi a\u015f\u0131nmaya dayan\u0131kl\u0131 malzemelerden yap\u0131lm\u0131\u015f piston contalar\u0131 ve biyel contalar\u0131 gibi \u00e7e\u015fitli contalar\u0131n kullan\u0131lmas\u0131n\u0131n \u00f6nemini a\u00e7\u0131klay\u0131n.<\/li>\n<\/ul>\n<p><img decoding=\"async\" src=\"https:\/\/www.hydraulic-cylinders.net\/wp-content\/uploads\/2025\/01\/songte-oil-pipes-and-spare-parts.webp\" alt=\"Hidrolik Silindir Contalar\u0131 ve Yedek Par\u00e7a G\u00f6rseli\"><\/p>\n<h2>S\u0131zd\u0131rmazl\u0131k ve Ya\u011flama<\/h2>\n<p>Kova silindiri, poli\u00fcretan ve nitril kau\u00e7uk gibi a\u015f\u0131nmaya dayan\u0131kl\u0131 malzemelerden yap\u0131lm\u0131\u015f piston contalar\u0131 ve piston kolu contalar\u0131 gibi \u00e7e\u015fitli contalar kullan\u0131r. Silindir g\u00f6vdesi ve di\u015fli u\u00e7 y\u00fczeyi, a\u015f\u0131nma direncini art\u0131rmak i\u00e7in hassas bir i\u015flemden ge\u00e7irilir. Sorunsuz \u00e7al\u0131\u015fma sa\u011flamak i\u00e7in uygun miktarda hidrolik ya\u011f ile d\u00fczenli ya\u011flama gereklidir.<\/p>\n<h2>D\u00fczenli Muayene ve \u00d6nleyici Bak\u0131m<\/h2>\n<p>Kova silindirinin uzun \u00f6m\u00fcrl\u00fc ve optimum performansta olmas\u0131 i\u00e7in d\u00fczenli muayene ve \u00f6nleyici bak\u0131m \u00e7ok \u00f6nemlidir. \u0130\u015fte \u00f6nerilen baz\u0131 \u00f6nlemler:<\/p>\n<ul>\n<li>D\u00fczenli olarak kontrol edin ve ya\u011flay\u0131n.<\/li>\n<li>Gerekti\u011finde contalar\u0131 de\u011fi\u015ftirin.<\/li>\n<li>Gerekti\u011finde kontrol edin ve kalibre edin.<\/li>\n<\/ul>\n<p><img decoding=\"async\" src=\"https:\/\/www.hydraulic-cylinders.net\/wp-content\/uploads\/2025\/01\/songte-chushion-collar.webp\" alt=\"Hidrolik Silindir Bak\u0131m G\u00f6rseli\"><\/p>\n<h2>G\u00fcvenlik Hususlar\u0131 ve \u00c7evresel Fakt\u00f6rler<\/h2>\n<p>Kova silindirini kullan\u0131rken, kazalar\u0131 \u00f6nlemek ve g\u00fcvenli bir \u00e7al\u0131\u015fma ortam\u0131 sa\u011flamak i\u00e7in g\u00fcvenlik \u00f6nlemlerine \u00f6ncelik vermek \u00f6nemlidir. Do\u011fru kurulum, d\u00fczenli bak\u0131m ve g\u00fcvenlik y\u00f6nergelerine uyum gibi fakt\u00f6rleri g\u00f6z \u00f6n\u00fcnde bulundurun.<\/p>\n<h2>Sorun Giderme ve Yayg\u0131n Sorunlar<\/h2>\n<p>Kova silindirinde ortaya \u00e7\u0131kabilecek yayg\u0131n sorunlara ili\u015fkin baz\u0131 yayg\u0131n sorun giderme ipu\u00e7lar\u0131 ve \u00e7\u00f6z\u00fcmleri \u015funlard\u0131r:<\/p>\n<ul>\n<li>Yayg\u0131n sorunlar i\u00e7in sorun giderme ipu\u00e7lar\u0131 ve \u00e7\u00f6z\u00fcmler sa\u011flay\u0131n.<\/li>\n<li>Olas\u0131 sorunlar\u0131 en aza indirmek i\u00e7in \u00f6nleyici tedbirler \u00f6nerin.<\/li>\n<\/ul>\n<p><img decoding=\"async\" src=\"https:\/\/www.hydraulic-cylinders.net\/wp-content\/uploads\/2025\/01\/songte-bushings-with-all-kinds-of-excavator-models.webp\" alt=\"Kova Silindiri Sorun Giderme G\u00f6r\u00fcnt\u00fcs\u00fc\"><\/p>\n<p>Makaleyi mant\u0131kl\u0131 bir \u015fekilde d\u00fczenlemeyi, kolay gezinme i\u00e7in alt ba\u015fl\u0131klar kullanmay\u0131, anlay\u0131\u015f\u0131 geli\u015ftirmek i\u00e7in ilgili g\u00f6rseller veya grafikler eklemeyi ve i\u00e7eri\u011fin farkl\u0131 teknik bilgi seviyelerine sahip okuyucular i\u00e7in a\u00e7\u0131k, \u00f6z ve uygun olmas\u0131n\u0131 sa\u011flamay\u0131 unutmay\u0131n. Son olarak, \u015firketimizi vurgulay\u0131n:<\/p>\n<p><img decoding=\"async\" src=\"https:\/\/hzpt.com\/wp-content\/uploads\/2024\/11\/songte-company-1.webp\" alt=\"\u015eirket \u0130maj\u0131\"><\/p>\n<p>Yurt i\u00e7i ve yurt d\u0131\u015f\u0131 pazarlarda lider bir hidrolik silindir \u00fcreticisi ve toptan da\u011f\u0131t\u0131c\u0131s\u0131y\u0131z. Eksiksiz \u00fcr\u00fcn yelpazemizle, m\u00fckemmel kalite ilkelerine ba\u011fl\u0131 kal\u0131yor ve geli\u015fmi\u015f \u00fcretim at\u00f6lyemizde end\u00fcstriyel \u00fcretim y\u00f6netimi stratejilerine g\u00fcveniyoruz. \u015eirketimiz, teknolojik yetenekler, geli\u015fmi\u015f dijital \u00fcretim ekipmanlar\u0131 ve profesyonel test sistemleri a\u00e7\u0131s\u0131ndan \u00fcretim platformunu s\u00fcrekli olarak geli\u015ftirmektedir. Y\u00fcksek verimlilik, hassasiyet ve kaliteyle \u00e7e\u015fitli m\u00fc\u015fteri ihtiya\u00e7lar\u0131n\u0131 kar\u015f\u0131layacak g\u00fc\u00e7l\u00fc bir yarat\u0131c\u0131 yetene\u011fe sahibiz. <\/p>\n<h2>\u015eirketin \u00d6ne \u00c7\u0131kan \u00d6zellikleri<\/h2>\n<ul>\n<li>Profesyonellik<\/li>\n<li>Uluslararas\u0131 sertifikalar<\/li>\n<li>\u00d6zelle\u015ftirme hizmetleri<\/li>\n<li>\u00dcretim ekipmanlar\u0131<\/li>\n<li>Sat\u0131\u015f sonras\u0131 servis<\/li>\n<\/ul>\n<p><img decoding=\"async\" src=\"https:\/\/www.hydraulic-cylinders.net\/wp-content\/uploads\/2025\/01\/songte-company-3.webp\" alt=\"\u015eirket \u00d6ne \u00c7\u0131kanlar\u0131 G\u00f6rseli\"><\/p>\n<p>Yazar: lyl<\/p>","protected":false},"excerpt":{"rendered":"<p>Bucket Cylinder For Komatsu Middle Excavator PC210-6-6E-7-8 Introduction The bucket cylinder for Komatsu middle excavator PC210-6-6E-7-8 is a specially designed hydraulic cylinder that is primarily used for controlling the movement of the bucket in heavy machinery such as excavators, backhoe loaders, and front-end loaders. Its main function is to enable the lifting, lowering, and tilting [&hellip;]<\/p>","protected":false},"featured_media":14782,"comment_status":"open","ping_status":"closed","template":"","meta":{"_et_pb_use_builder":"","_et_pb_old_content":"","_et_gb_content_width":""},"product_brand":[],"product_cat":[1494],"product_tag":[1495,1496],"class_list":{"0":"post-15137","1":"product","2":"type-product","3":"status-publish","4":"has-post-thumbnail","6":"product_cat-bucket-cylinders","7":"product_tag-bucket-cylinders","8":"product_tag-hydraulic-cylinders","10":"first","11":"instock","12":"shipping-taxable","13":"product-type-simple"},"amp_enabled":true,"_links":{"self":[{"href":"https:\/\/www.hydraulic-cylinders.net\/tr\/wp-json\/wp\/v2\/product\/15137","targetHints":{"allow":["GET"]}}],"collection":[{"href":"https:\/\/www.hydraulic-cylinders.net\/tr\/wp-json\/wp\/v2\/product"}],"about":[{"href":"https:\/\/www.hydraulic-cylinders.net\/tr\/wp-json\/wp\/v2\/types\/product"}],"replies":[{"embeddable":true,"href":"https:\/\/www.hydraulic-cylinders.net\/tr\/wp-json\/wp\/v2\/comments?post=15137"}],"wp:featuredmedia":[{"embeddable":true,"href":"https:\/\/www.hydraulic-cylinders.net\/tr\/wp-json\/wp\/v2\/media\/14782"}],"wp:attachment":[{"href":"https:\/\/www.hydraulic-cylinders.net\/tr\/wp-json\/wp\/v2\/media?parent=15137"}],"wp:term":[{"taxonomy":"product_brand","embeddable":true,"href":"https:\/\/www.hydraulic-cylinders.net\/tr\/wp-json\/wp\/v2\/product_brand?post=15137"},{"taxonomy":"product_cat","embeddable":true,"href":"https:\/\/www.hydraulic-cylinders.net\/tr\/wp-json\/wp\/v2\/product_cat?post=15137"},{"taxonomy":"product_tag","embeddable":true,"href":"https:\/\/www.hydraulic-cylinders.net\/tr\/wp-json\/wp\/v2\/product_tag?post=15137"}],"curies":[{"name":"wp","href":"https:\/\/api.w.org\/{rel}","templated":true}]}}