{"id":1514,"date":"2023-09-27T09:17:18","date_gmt":"2023-09-27T09:17:18","guid":{"rendered":"https:\/\/hydraulic-cylinders.net\/?post_type=product&#038;p=1514"},"modified":"2025-04-11T01:49:35","modified_gmt":"2025-04-11T01:49:35","slug":"aerial-work-platform-electric-cylinder","status":"publish","type":"product","link":"https:\/\/www.hydraulic-cylinders.net\/tr\/urun\/aerial-work-platform-electric-cylinder\/","title":{"rendered":"Hava \u00c7al\u0131\u015fma Platformu Elektrikli Silindir"},"content":{"rendered":"<h1 style=\"text-align: center;\"><strong>Hava \u00c7al\u0131\u015fma Platformu Elektrikli Silindir<\/strong><\/h1>\n<p><img loading=\"lazy\" decoding=\"async\" class=\"wp-image-1515 aligncenter\" src=\"https:\/\/hydraulic-cylinders.net\/wp-content\/uploads\/2023\/09\/electric-cylinder-1-300x300.webp\" alt=\"\" width=\"400\" height=\"400\" \/><\/p>\n<p>Y\u00fcksekte \u00e7al\u0131\u015fma platformlar\u0131nda kullan\u0131lan elektrikli silindir, y\u00fcksekte \u00e7al\u0131\u015fma ortamlar\u0131nda verimlili\u011fi ve g\u00fcvenli\u011fi art\u0131rmak i\u00e7in tasarlanm\u0131\u015f, son teknoloji \u00fcr\u00fcn\u00fc bir hidrolik bile\u015fendir. Bu yenilik\u00e7i silindir, y\u00fcksekte \u00e7al\u0131\u015fma platformlar\u0131nda kritik bir \u00f6neme sahiptir ve i\u015f\u00e7iler, aletler ve ekipmanlar i\u00e7in hassas ve kontroll\u00fc dikey hareket sa\u011flar.<\/p>\n<p>Giderek s\u0131k\u0131la\u015fan \u00e7evre koruma yasalar\u0131 ve d\u00fczenlemeleriyle birlikte, insanlar\u0131n \u00e7evre bilinci de giderek artmakta ve in\u015faat makinelerine y\u00f6nelik gereksinimler de b\u00fcy\u00fcmektedir. D\u00fc\u015f\u00fck g\u00fcr\u00fclt\u00fc seviyesi ve di\u011fer avantajlar\u0131yla, s\u0131z\u0131nt\u0131 yapmayan, y\u00fcksek verimli ve d\u00fc\u015f\u00fck kirlilikli elektrikli silindirler bu ihtiyac\u0131 tam olarak kar\u015f\u0131lamaktad\u0131r. Elektrikli silindirleri mekanik ta\u015f\u0131y\u0131c\u0131 olarak kullanan her t\u00fcrl\u00fc in\u015faat makinesi veya manip\u00fclat\u00f6r, bir\u00e7ok sekt\u00f6rde giderek daha pop\u00fcler hale gelmi\u015ftir.<\/p>\n<p>Elektrikli akt\u00fcat\u00f6r t\u00fcrlerinden biri olan elektrikli silindir, d\u00fc\u015f\u00fck maliyet, kompakt yap\u0131, kolay kurulum, y\u00fcksek kontrol hassasiyeti ve esnek \u00e7al\u0131\u015fma \u00f6zelliklerine sahiptir. Mekanik hareket ta\u015f\u0131y\u0131c\u0131s\u0131 olarak elektrikli silindir, servo motorun d\u00f6n\u00fc\u015f\u00fcyle \u200b\u200bbilyal\u0131 vidan\u0131n hareketini sa\u011flar, b\u00f6ylece a\u00e7\u0131sal yer de\u011fi\u015ftirme do\u011frusal bir yer de\u011fi\u015ftirmeye d\u00f6n\u00fc\u015ft\u00fcr\u00fcl\u00fcr ve hassas h\u0131z kontrol\u00fc, konum kontrol\u00fc ve itme kontrol\u00fc elde edilir.<\/p>\n<p>Elektrikli silindir, y\u00fcksek verimlilik, geni\u015f ta\u015f\u0131ma kapasitesi, y\u00fcksek h\u0131z, hassas ve kontrol edilebilir hareket gibi avantajlara sahiptir. Havac\u0131l\u0131k ve uzay testleri, \u00e7ok serbestlik dereceli sim\u00fclasyon, \u00e7ok serbestlik dereceli dinamik e\u011flence, \u00e7ok serbestlik dereceli hassas i\u015fleme, robotik, otomobil \u00fcretimi ve di\u011fer alanlardaki ekipmanlarda, \u00e7elik ba\u011flant\u0131 d\u00f6k\u00fcm\u00fcnde, petrokimyada, malzeme ta\u015f\u0131mada, enjeksiyon kal\u0131plama makinelerinde, kal\u0131p kontrol\u00fcnde, valf kontrol\u00fcnde, hassas makinelerde, ila\u00e7 makinelerinde, g\u0131da i\u015flemede ve di\u011fer alanlarda yayg\u0131n olarak kullan\u0131lmaktad\u0131r.<\/p>\n<p>Havadan \u00c7al\u0131\u015fma Platformu Elektrikli Silindirinin Ba\u015fl\u0131ca \u00d6zellikleri:<\/p>\n<ol>\n<li>P\u00fcr\u00fczs\u00fcz ve Hassas Dikey Hareket:<\/li>\n<\/ol>\n<ul>\n<li>Elektrikli silindirli hava i\u015f platformu, d\u00fczg\u00fcn ve hassas dikey hareket sa\u011flayarak istenilen y\u00fcksekliklerde do\u011fru konumland\u0131rmay\u0131 garanti eder.<\/li>\n<li>Bu \u00f6zellik, operat\u00f6rlerin platform y\u00fcksekli\u011fini kolayca ayarlamas\u0131na olanak tan\u0131yarak verimli i\u015f y\u00fcr\u00fctmeyi ve \u00fcretkenli\u011fi art\u0131r\u0131r.<\/li>\n<\/ul>\n<ol start=\"2\">\n<li>Elektrikle \u00c7al\u0131\u015fan Performans:<\/li>\n<\/ol>\n<ul>\n<li>Bu silindir elektrik enerjisiyle \u00e7al\u0131\u015f\u0131r, bu nedenle manuel pompalama veya harici g\u00fc\u00e7 kaynaklar\u0131na ihtiya\u00e7 duyulmaz.<\/li>\n<li>Sessiz ve verimli \u00e7al\u0131\u015fma \u00f6zelli\u011fi sayesinde, g\u00fcr\u00fclt\u00fc ve emisyonlar\u0131n en aza indirilmesi gereken i\u00e7 mekan uygulamalar\u0131 i\u00e7in uygundur.<\/li>\n<\/ul>\n<ol start=\"3\">\n<li>Y\u00fcksek Y\u00fck Kapasitesi:<\/li>\n<\/ol>\n<ul>\n<li>Y\u00fcksek y\u00fck ta\u015f\u0131ma kapasitesine sahip olan bu elektrikli silindirli hava i\u015f platformu, i\u015f\u00e7ileri, aletleri ve a\u011f\u0131r ekipmanlar\u0131 kolayl\u0131kla ta\u015f\u0131yabilir.<\/li>\n<li>Bu \u00fcr\u00fcn, zorlu \u00e7al\u0131\u015fma ortamlar\u0131na dayanacak ve g\u00fcvenlik veya performanstan \u00f6d\u00fcn vermeden \u00f6nemli y\u00fckleri kald\u0131racak \u015fekilde tasarlanm\u0131\u015ft\u0131r.<\/li>\n<\/ul>\n<ol start=\"4\">\n<li>G\u00fcvenlik \u00d6zellikleri:<\/li>\n<\/ol>\n<ul>\n<li>Bu silindir, limit anahtarlar\u0131, acil durdurma butonlar\u0131 ve a\u015f\u0131r\u0131 y\u00fck korumas\u0131 gibi geli\u015fmi\u015f g\u00fcvenlik \u00f6zelliklerini b\u00fcnyesinde bar\u0131nd\u0131rmaktad\u0131r.<\/li>\n<li>Bu g\u00fcvenlik mekanizmalar\u0131, platformun a\u015f\u0131r\u0131 hareket etmesini, a\u015f\u0131r\u0131 y\u00fcklenmesini veya istenmeyen \u00e7al\u0131\u015fmas\u0131n\u0131 \u00f6nleyerek operat\u00f6r g\u00fcvenli\u011fini sa\u011flar.<\/li>\n<\/ul>\n<h2><strong>Havadan \u00c7al\u0131\u015fma Platformu Elektrikli Silindir Parametreleri:<\/strong><\/h2>\n<table border=\"1\" cellspacing=\"0\" cellpadding=\"0\">\n<tbody>\n<tr>\n<td>\u00dcr\u00fcn Ad\u0131<\/td>\n<td>Hava \u00c7al\u0131\u015fma Platformu Elektrikli Silindir<\/td>\n<\/tr>\n<tr>\n<td>\u00d6zellikler:<\/td>\n<td>Teleskopik i\u015flevi ger\u00e7ekle\u015ftirin<\/td>\n<\/tr>\n<tr>\n<td>\u0130tme kuvveti:<\/td>\n<td>1-1000KN<\/td>\n<\/tr>\n<tr>\n<td>Gerilim:<\/td>\n<td>24V, 48V, 220V, 380V\u2026<\/td>\n<\/tr>\n<tr>\n<td>Elektrikli Silindirin \u00d6zellikleri:<\/td>\n<td>Y\u00fcksek verimlilik, H\u0131zl\u0131 h\u0131z,<br \/>\nA\u011f\u0131r y\u00fck, Y\u00fcksek hassasiyet<\/td>\n<\/tr>\n<tr>\n<td>Elektrikli Silindir Uygulamalar\u0131:<\/td>\n<td>Makasl\u0131 \u00e7al\u0131\u015fma platformu, Direkli \u00e7al\u0131\u015fma platformu,<br \/>\n\u0130tfaiye arac\u0131, otomatik \u00fcretim hatt\u0131 vb.<\/td>\n<\/tr>\n<\/tbody>\n<\/table>\n<h2><strong>Havadan \u00c7al\u0131\u015fma Platformu Tan\u0131mlama \u015eemas\u0131:<\/strong><\/h2>\n<p><img loading=\"lazy\" decoding=\"async\" class=\"alignnone wp-image-1517 size-full\" src=\"https:\/\/hydraulic-cylinders.net\/wp-content\/uploads\/2023\/09\/aerial-work-platform-cylinder-construct.webp\" alt=\"\" width=\"600\" height=\"400\" srcset=\"https:\/\/hydraulic-cylinders.net\/wp-content\/uploads\/2023\/09\/aerial-work-platform-cylinder-construct.webp 600w, https:\/\/hydraulic-cylinders.net\/wp-content\/uploads\/2023\/09\/aerial-work-platform-cylinder-construct-480x320.webp 480w\" sizes=\"(min-width: 0px) and (max-width: 480px) 480px, (min-width: 481px) 600px, 100vw\" \/><img loading=\"lazy\" decoding=\"async\" class=\"alignnone wp-image-1518\" src=\"https:\/\/hydraulic-cylinders.net\/wp-content\/uploads\/2023\/09\/electric-cylinder-3.webp\" alt=\"\" width=\"600\" height=\"277\" srcset=\"https:\/\/hydraulic-cylinders.net\/wp-content\/uploads\/2023\/09\/electric-cylinder-3.webp 600w, https:\/\/hydraulic-cylinders.net\/wp-content\/uploads\/2023\/09\/electric-cylinder-3-480x222.webp 480w\" sizes=\"(min-width: 0px) and (max-width: 480px) 480px, (min-width: 481px) 600px, 100vw\" \/><\/p>\n<h2><strong>Havadan \u00c7al\u0131\u015fma Platformu Elektrikli Silindirinin Kullan\u0131m Y\u00f6ntemi:<\/strong><\/h2>\n<ol>\n<li><strong>Platform Kurulumu:<\/strong><\/li>\n<\/ol>\n<ul>\n<li>Hava i\u015f platformunun elektrikli silindirinin do\u011fru \u015fekilde tak\u0131lmas\u0131 i\u00e7in \u00fcreticinin talimatlar\u0131n\u0131 izleyin.<\/li>\n<li>Silindirin, sa\u011flam ve g\u00fcvenilir bir ba\u011flant\u0131 sa\u011flayacak \u015fekilde, \u00e7al\u0131\u015fma platformunun \u00e7er\u00e7evesine g\u00fcvenli bir \u015fekilde monte edildi\u011finden emin olun.<\/li>\n<\/ul>\n<ol start=\"2\">\n<li><strong>Elektrik Ba\u011flant\u0131s\u0131:<\/strong><\/li>\n<\/ol>\n<ul>\n<li>Verilen talimatlara g\u00f6re silindiri elektrik g\u00fc\u00e7 kayna\u011f\u0131na ba\u011flay\u0131n.<\/li>\n<li>Elektrik tehlikelerini \u00f6nlemek i\u00e7in t\u00fcm elektrik ba\u011flant\u0131lar\u0131n\u0131n g\u00fcvenli ve uygun \u015fekilde yal\u0131t\u0131lm\u0131\u015f oldu\u011fundan emin olun.<\/li>\n<\/ul>\n<ol start=\"3\">\n<li><strong>Platform Y\u00fcksekli\u011fi Ayar\u0131:<\/strong><\/li>\n<\/ol>\n<ul>\n<li>Platform y\u00fcksekli\u011fini ayarlamak i\u00e7in sa\u011flanan kontrol panelini veya aray\u00fcz\u00fc kullan\u0131n.<\/li>\n<li>Dikey hareketin sorunsuz ve kontroll\u00fc bir \u015fekilde ger\u00e7ekle\u015fmesi i\u00e7in \u00f6nerilen i\u015fletme prosed\u00fcrlerini ve g\u00fcvenlik y\u00f6nergelerini izleyin.<\/li>\n<\/ul>\n<ol start=\"4\">\n<li><strong>G\u00fcvenlik Hususlar\u0131:<\/strong><\/li>\n<\/ol>\n<ul>\n<li>Hava i\u015f platformunu \u00e7al\u0131\u015ft\u0131rmadan \u00f6nce, g\u00fcvenlik \u00f6zelliklerini ve acil durum prosed\u00fcrlerini iyice \u00f6\u011frenin.<\/li>\n<li>T\u00fcm operat\u00f6rlerin platformun ve havai \u00e7al\u0131\u015fma platformunun elektrikli silindirinin g\u00fcvenli kullan\u0131m\u0131 konusunda uygun e\u011fitim ald\u0131\u011f\u0131ndan emin olun.<\/li>\n<\/ul>\n<h2><strong>Elektrikli Silindirin Uygulama Alanlar\u0131:<\/strong><\/h2>\n<p><img loading=\"lazy\" decoding=\"async\" id=\"thepasted-1\" class=\"alignnone wp-image-1519 size-full\" src=\"https:\/\/hydraulic-cylinders.net\/wp-content\/uploads\/2023\/09\/electric-cylinder-4.webp\" alt=\"\" width=\"968\" height=\"831\" srcset=\"https:\/\/hydraulic-cylinders.net\/wp-content\/uploads\/2023\/09\/electric-cylinder-4.webp 968w, https:\/\/hydraulic-cylinders.net\/wp-content\/uploads\/2023\/09\/electric-cylinder-4-480x412.webp 480w\" sizes=\"(min-width: 0px) and (max-width: 480px) 480px, (min-width: 481px) 968px, 100vw\" \/><\/p>\n<h2><strong>Hidrolik Sistem Nas\u0131l \u00c7al\u0131\u015f\u0131r?<\/strong><\/h2>\n<p>Hidrolik sistem, s\u0131v\u0131n\u0131n kuvvetini kullanarak g\u00fc\u00e7 \u00fcreten ve ileten mekanik bir g\u00fc\u00e7 aktar\u0131m sistemidir. Kapal\u0131 bir s\u0131v\u0131ya bas\u0131n\u00e7 uyguland\u0131\u011f\u0131nda, bas\u0131nc\u0131n her y\u00f6ne e\u015fit olarak iletildi\u011fini belirten Pascal yasas\u0131na g\u00f6re \u00e7al\u0131\u015f\u0131r.<\/p>\n<p>\u0130\u015fte hidrolik sistemin nas\u0131l \u00e7al\u0131\u015ft\u0131\u011f\u0131na dair basitle\u015ftirilmi\u015f bir a\u00e7\u0131klama:<\/p>\n<ol>\n<li><strong>Hidrolik Sistemin Bile\u015fenleri:<\/strong>\n<ul>\n<li>Hidrolik S\u0131v\u0131: Genellikle ya\u011f bazl\u0131d\u0131r ve g\u00fcc\u00fcn iletilmesinde kullan\u0131lan ortamd\u0131r.<\/li>\n<li>Hidrolik pompa: Sistemde s\u0131v\u0131 ak\u0131\u015f\u0131 olu\u015fturur ve bas\u0131n\u00e7 yarat\u0131r.<\/li>\n<li>Hidrolik Silindir: S\u0131v\u0131 bas\u0131nc\u0131n\u0131 do\u011frusal harekete veya kuvvete d\u00f6n\u00fc\u015ft\u00fcr\u00fcr.<\/li>\n<li>Kontrol Vanalar\u0131: Hidrolik s\u0131v\u0131n\u0131n ak\u0131\u015f\u0131n\u0131 ve y\u00f6n\u00fcn\u00fc d\u00fczenler.<\/li>\n<li>Hidrolik Motor: S\u0131v\u0131 bas\u0131nc\u0131n\u0131 d\u00f6nme hareketine d\u00f6n\u00fc\u015ft\u00fcr\u00fcr.<\/li>\n<\/ul>\n<\/li>\n<li><strong>S\u0131v\u0131 Pompalama:<\/strong>\n<ul>\n<li>Hidrolik pompa, hidrolik s\u0131v\u0131y\u0131 bir depodan \u00e7eker ve bas\u0131n\u00e7 alt\u0131nda sistemin geri kalan\u0131na iletir.<\/li>\n<li>Pompa \u00e7al\u0131\u015f\u0131rken, giri\u015f portuna s\u0131v\u0131 \u00e7eken bir vakum olu\u015fturur.<\/li>\n<\/ul>\n<\/li>\n<li><strong>S\u0131v\u0131 Da\u011f\u0131l\u0131m\u0131:<\/strong>\n<ul>\n<li>Bas\u0131n\u00e7l\u0131 s\u0131v\u0131, sistemdeki \u00e7e\u015fitli bile\u015fenlere ula\u015fmak i\u00e7in hidrolik hatlar veya hortumlar arac\u0131l\u0131\u011f\u0131yla akar.<\/li>\n<li>Bu hatlar y\u00fcksek bas\u0131n\u00e7 ko\u015fullar\u0131na dayanacak ve s\u0131z\u0131nt\u0131 olmadan s\u0131v\u0131 iletecek \u015fekilde tasarlanm\u0131\u015ft\u0131r.<\/li>\n<\/ul>\n<\/li>\n<li><strong>Kontrol Vanalar\u0131:<\/strong>\n<ul>\n<li>Kontrol vanalar\u0131, hidrolik s\u0131v\u0131n\u0131n ak\u0131\u015f y\u00f6n\u00fcn\u00fc, h\u0131z\u0131n\u0131 ve bas\u0131nc\u0131n\u0131 belirler.<\/li>\n<li>Bunlar manuel veya elektronik olarak \u00e7al\u0131\u015ft\u0131r\u0131l\u0131r ve belirli hidrolik bile\u015fenleri etkinle\u015ftirmek veya devre d\u0131\u015f\u0131 b\u0131rakmaktan sorumludurlar.<\/li>\n<\/ul>\n<\/li>\n<li><strong>Hidrolik Silindir:<\/strong>\n<ul>\n<li>Hidrolik silindir, silindirik bir boru, bir piston ve bir \u00e7ubuktan olu\u015fur.<\/li>\n<li>Silindirin bir taraf\u0131ndan bas\u0131n\u00e7l\u0131 s\u0131v\u0131 girdi\u011finde, pistonu iter ve bu da \u00e7ubu\u011fu hareket ettirir.<\/li>\n<li>Bu do\u011frusal hareket, d\u0131\u015f y\u00fckleri kald\u0131rabilir, itebilir veya hareket ettirebilir.<\/li>\n<\/ul>\n<\/li>\n<li><strong>Hidrolik Motor:<\/strong>\n<ul>\n<li>Hidrolik motor, s\u0131v\u0131 bas\u0131nc\u0131n\u0131 d\u00f6nme hareketine d\u00f6n\u00fc\u015ft\u00fcr\u00fcr.<\/li>\n<li>Rotor ve stator olmak \u00fczere iki par\u00e7adan olu\u015fur ve bas\u0131n\u00e7l\u0131 s\u0131v\u0131 rotorun d\u00f6nmesine neden olur.<\/li>\n<li>D\u00f6nme hareketi, makineleri \u00e7al\u0131\u015ft\u0131rmak veya i\u015f yapmak i\u00e7in kullan\u0131labilir.<\/li>\n<\/ul>\n<\/li>\n<li><strong>Geri D\u00f6n\u00fc\u015f ve Filtrasyon:<\/strong>\n<ul>\n<li>Amac\u0131na uygun i\u015flevini yerine getirdikten sonra, hidrolik s\u0131v\u0131 yeniden kullan\u0131lmak \u00fczere depoya geri d\u00f6ner.<\/li>\n<li>Filtrasyon sistemleri, s\u0131v\u0131n\u0131n temiz ve kirleticilerden ar\u0131nd\u0131r\u0131lm\u0131\u015f olmas\u0131n\u0131 sa\u011flayarak hidrolik bile\u015fenlerin zarar g\u00f6rmesini \u00f6nler.<\/li>\n<\/ul>\n<\/li>\n<li><strong>Kontrol ve G\u00fcvenlik:<\/strong>\n<ul>\n<li>Hidrolik sistemler, a\u015f\u0131r\u0131 bas\u0131n\u00e7 birikmesini \u00f6nlemek ve sistem g\u00fcvenli\u011fini sa\u011flamak i\u00e7in bas\u0131n\u00e7 tahliye vanalar\u0131 gibi \u00e7e\u015fitli kontrol mekanizmalar\u0131n\u0131 i\u00e7erir.<\/li>\n<li>Sens\u00f6rler ve geri bildirim cihazlar\u0131, bas\u0131n\u00e7, s\u0131cakl\u0131k ve ak\u0131\u015f gibi sistem parametrelerini izleyebilir ve d\u00fczenleyebilir.<\/li>\n<\/ul>\n<\/li>\n<\/ol>\n<h2><strong>Fabrikan\u0131n Kapasitesi ve Kapasitesi:<\/strong><\/h2>\n<h3>(1) Meclis<\/h3>\n<p>Birinci s\u0131n\u0131f ba\u011f\u0131ms\u0131z bir ara\u015ft\u0131rma ve geli\u015ftirme montaj platformumuz bulunmaktad\u0131r. Hidrolik silindir \u00fcretim at\u00f6lyemizde, y\u0131ll\u0131k 1 milyon adet \u00fcretim kapasitesine sahip d\u00f6rt adet yar\u0131 otomatik kald\u0131rma silindiri montaj hatt\u0131 ve bir adet otomatik devirme silindiri montaj hatt\u0131 bulunmaktad\u0131r. \u00d6zel silindir at\u00f6lyemiz, y\u0131ll\u0131k 200.000 adet \u00fcretim kapasitesine sahip \u00e7e\u015fitli \u00f6zelliklerde yar\u0131 otomatik temizleme montaj sistemiyle donat\u0131lm\u0131\u015ft\u0131r. Ayr\u0131ca, \u00fcnl\u00fc CNC i\u015fleme ekipmanlar\u0131, bir i\u015fleme merkezi, y\u00fcksek hassasiyetli silindir i\u015fleme \u00f6zel ekipmanlar\u0131, bir robot kaynak makinesi, bir otomatik temizleme makinesi, otomatik silindir montaj makinesi ve otomatik boyama \u00fcretim hatt\u0131 ile donat\u0131lm\u0131\u015ft\u0131r. 300'den fazla setten olu\u015fan kritik ekipmanlar mevcuttur. Ekipman kaynaklar\u0131n\u0131n optimum da\u011f\u0131l\u0131m\u0131 ve verimli kullan\u0131m\u0131, \u00fcr\u00fcnlerin hassasiyet gereksinimlerini kar\u015f\u0131lar ve \u00fcr\u00fcnlerin y\u00fcksek kalite ihtiya\u00e7lar\u0131n\u0131 kar\u015f\u0131lar.<\/p>\n<p><img loading=\"lazy\" decoding=\"async\" class=\"alignnone wp-image-626\" src=\"https:\/\/hydraulic-cylinders.net\/wp-content\/uploads\/2023\/08\/hydraulic-cylinder-product-1-300x158.webp\" alt=\"\" width=\"495\" height=\"260\" srcset=\"https:\/\/hydraulic-cylinders.net\/wp-content\/uploads\/2023\/08\/hydraulic-cylinder-product-1-300x158.webp 495w, https:\/\/hydraulic-cylinders.net\/wp-content\/uploads\/2023\/08\/hydraulic-cylinder-product-1-480x252.webp 480w\" sizes=\"(min-width: 0px) and (max-width: 480px) 480px, (min-width: 481px) 495px, 100vw\" \/> <img loading=\"lazy\" decoding=\"async\" class=\"alignnone wp-image-627\" src=\"https:\/\/hydraulic-cylinders.net\/wp-content\/uploads\/2023\/08\/hydraulic-cylinder-product-2-300x189.webp\" alt=\"\" width=\"413\" height=\"260\" \/><\/p>\n<h3>(2) \u0130\u015fleme<\/h3>\n<p>\u0130\u015fleme at\u00f6lyesi, maksimum 400 mm i\u00e7 \u00e7apa ve maksimum 6 metre uzunlu\u011fa sahip silindir borular\u0131n\u0131n i\u015flenmesini ger\u00e7ekle\u015ftirebilen \u00f6zel e\u011fimli ray torna merkezi, i\u015fleme merkezi, y\u00fcksek h\u0131zl\u0131 honlama makinesi, kaynak robotu ve di\u011fer ilgili ekipmanlarla donat\u0131lm\u0131\u015ft\u0131r.<\/p>\n<p><img loading=\"lazy\" decoding=\"async\" class=\"alignnone wp-image-628 size-large\" src=\"https:\/\/hydraulic-cylinders.net\/wp-content\/uploads\/2023\/08\/hydraulic-cylinder-product-3-1024x391.webp\" alt=\"\" width=\"1024\" height=\"391\" srcset=\"https:\/\/hydraulic-cylinders.net\/wp-content\/uploads\/2023\/08\/hydraulic-cylinder-product-3-980x374.webp 980w, https:\/\/hydraulic-cylinders.net\/wp-content\/uploads\/2023\/08\/hydraulic-cylinder-product-3-480x183.webp 480w\" sizes=\"(min-width: 0px) and (max-width: 480px) 480px, (min-width: 481px) and (max-width: 980px) 980px, (min-width: 981px) 1024px, 100vw\" \/><\/p>\n<h3>(3) Kaynak<\/h3>\n<p><img loading=\"lazy\" decoding=\"async\" class=\"alignnone wp-image-629 size-large\" src=\"https:\/\/hydraulic-cylinders.net\/wp-content\/uploads\/2023\/08\/hydraulic-cylinder-product-4-1024x510.webp\" alt=\"\" width=\"1024\" height=\"510\" srcset=\"https:\/\/hydraulic-cylinders.net\/wp-content\/uploads\/2023\/08\/hydraulic-cylinder-product-4-980x488.webp 980w, https:\/\/hydraulic-cylinders.net\/wp-content\/uploads\/2023\/08\/hydraulic-cylinder-product-4-480x239.webp 480w\" sizes=\"(min-width: 0px) and (max-width: 480px) 480px, (min-width: 481px) and (max-width: 980px) 980px, (min-width: 981px) 1024px, 100vw\" \/><\/p>\n<h3>(4) Boyama ve kaplama<\/h3>\n<p>K\u00fc\u00e7\u00fck ve orta \u00f6l\u00e7ekli silindirli otomatik su bazl\u0131 boya kaplama hatlar\u0131nda, otomatik robot y\u00fckleme-bo\u015faltma ve otomatik p\u00fcsk\u00fcrtmeyi ger\u00e7ekle\u015ftirmek i\u00e7in, vardiya ba\u015f\u0131na 4000 adet tasar\u0131m kapasitesi;<br \/>\nAyr\u0131ca, vardiya ba\u015f\u0131na 60 kasa kapasiteli, g\u00fc\u00e7 zinciriyle \u00e7al\u0131\u015fan b\u00fcy\u00fck silindirler i\u00e7in yar\u0131 otomatik boya \u00fcretim hatt\u0131m\u0131z da bulunmaktad\u0131r.<\/p>\n<p><img loading=\"lazy\" decoding=\"async\" class=\"alignnone wp-image-630\" src=\"https:\/\/hydraulic-cylinders.net\/wp-content\/uploads\/2023\/08\/hydraulic-cylinder-product-5-300x213.webp\" alt=\"\" width=\"366\" height=\"260\" \/> <img loading=\"lazy\" decoding=\"async\" class=\"alignnone wp-image-631\" src=\"https:\/\/hydraulic-cylinders.net\/wp-content\/uploads\/2023\/08\/hydraulic-cylinder-product-6-300x225.webp\" alt=\"\" width=\"347\" height=\"260\" \/><\/p>\n<h3>(5) Test etme<\/h3>\n<p>Silindirin performans\u0131n\u0131n gereklilikleri kar\u015f\u0131lad\u0131\u011f\u0131ndan emin olmak i\u00e7in birinci s\u0131n\u0131f muayene tesislerimiz ve test yataklar\u0131m\u0131z bulunmaktad\u0131r.<\/p>\n<p><img loading=\"lazy\" decoding=\"async\" class=\"alignnone wp-image-632\" src=\"https:\/\/hydraulic-cylinders.net\/wp-content\/uploads\/2023\/08\/hydraulic-cylinder-product-8-300x200.webp\" alt=\"\" width=\"389\" height=\"260\" \/><\/p>\n<p>&nbsp;<\/p>\n<p>&nbsp;<\/p>\n<p>En iyi hidrolik silindir \u00fcreticilerinden biriyiz. Kapsaml\u0131 hidrolik silindirler sunabiliyoruz. Ayr\u0131ca, ilgili hidrolik silindirleri de sa\u011fl\u0131yoruz. <a href=\"https:\/\/hzpt.com\/agricultural-pto-gearbox\/\" target=\"_blank\" rel=\"noopener\">tar\u0131msal di\u015fli kutular\u0131<\/a>\u00dcr\u00fcnlerimizi d\u00fcnya \u00e7ap\u0131ndaki m\u00fc\u015fterilerimize ihra\u00e7 ettik ve \u00fcst\u00fcn \u00fcr\u00fcn kalitemiz ve sat\u0131\u015f sonras\u0131 hizmetlerimiz sayesinde iyi bir itibar kazand\u0131k. Yurt i\u00e7i ve yurt d\u0131\u015f\u0131ndaki m\u00fc\u015fterilerimizi i\u015f g\u00f6r\u00fc\u015fmeleri yapmak, bilgi al\u0131\u015fveri\u015finde bulunmak ve <a href=\"https:\/\/www.hydraulic-cylinders.net\/tr\/contact-us\/\">bizimle i\u015fbirli\u011fi yap\u0131n<\/a>!<\/p>","protected":false},"excerpt":{"rendered":"<p>Aerial Work Platform Electric Cylinder The aerial work platform electric cylinder is a cutting-edge hydraulic component designed to enhance efficiency and safety in elevated work environments. This innovative cylinder is critical in aerial work platforms, providing precise and controlled vertical movement for workers, tools, and equipment. With the increasingly strict environmental protection laws and regulations, [&hellip;]<\/p>","protected":false},"featured_media":1516,"comment_status":"open","ping_status":"closed","template":"","meta":{"_et_pb_use_builder":"","_et_pb_old_content":"","_et_gb_content_width":""},"product_brand":[],"product_cat":[1500,1549,1376],"product_tag":[1380],"class_list":{"0":"post-1514","1":"product","2":"type-product","3":"status-publish","4":"has-post-thumbnail","6":"product_cat-aerial-work-vehicle-hydraulic-cylinder","7":"product_cat-single-acting-hydraulic-cylinder","8":"product_cat-hydraulic-cylinder","9":"product_tag-hydraulic-cylinder","11":"first","12":"instock","13":"shipping-taxable","14":"product-type-simple"},"amp_enabled":true,"_links":{"self":[{"href":"https:\/\/www.hydraulic-cylinders.net\/tr\/wp-json\/wp\/v2\/product\/1514","targetHints":{"allow":["GET"]}}],"collection":[{"href":"https:\/\/www.hydraulic-cylinders.net\/tr\/wp-json\/wp\/v2\/product"}],"about":[{"href":"https:\/\/www.hydraulic-cylinders.net\/tr\/wp-json\/wp\/v2\/types\/product"}],"replies":[{"embeddable":true,"href":"https:\/\/www.hydraulic-cylinders.net\/tr\/wp-json\/wp\/v2\/comments?post=1514"}],"wp:featuredmedia":[{"embeddable":true,"href":"https:\/\/www.hydraulic-cylinders.net\/tr\/wp-json\/wp\/v2\/media\/1516"}],"wp:attachment":[{"href":"https:\/\/www.hydraulic-cylinders.net\/tr\/wp-json\/wp\/v2\/media?parent=1514"}],"wp:term":[{"taxonomy":"product_brand","embeddable":true,"href":"https:\/\/www.hydraulic-cylinders.net\/tr\/wp-json\/wp\/v2\/product_brand?post=1514"},{"taxonomy":"product_cat","embeddable":true,"href":"https:\/\/www.hydraulic-cylinders.net\/tr\/wp-json\/wp\/v2\/product_cat?post=1514"},{"taxonomy":"product_tag","embeddable":true,"href":"https:\/\/www.hydraulic-cylinders.net\/tr\/wp-json\/wp\/v2\/product_tag?post=1514"}],"curies":[{"name":"wp","href":"https:\/\/api.w.org\/{rel}","templated":true}]}}