{"id":15147,"date":"2025-01-19T14:09:54","date_gmt":"2025-01-19T14:09:54","guid":{"rendered":"https:\/\/www.hydraulic-cylinders.net\/product\/bucket-cylinder-for-komatsu-large-excavator-pc360-8mo\/"},"modified":"2025-01-19T14:09:56","modified_gmt":"2025-01-19T14:09:56","slug":"bucket-cylinder-for-komatsu-large-excavator-pc360-8mo","status":"publish","type":"product","link":"https:\/\/www.hydraulic-cylinders.net\/tr\/urun\/bucket-cylinder-for-komatsu-large-excavator-pc360-8mo\/","title":{"rendered":"Komatsu PC360-8MO B\u00fcy\u00fck Ekskavat\u00f6r \u0130\u00e7in Kep\u00e7e Silindiri"},"content":{"rendered":"<h1>Komatsu PC360-8MO B\u00fcy\u00fck Ekskavat\u00f6r i\u00e7in Kep\u00e7e Silindiri<\/h1>\n<h2>girii\u015f<\/h2>\n<h3>Kova Silindirinin Tan\u0131mlanmas\u0131<\/h3>\n<p>Kep\u00e7e silindiri, ekskavat\u00f6rler, kaz\u0131c\u0131 ekskavat\u00f6rler ve \u00f6n y\u00fckleyiciler gibi a\u011f\u0131r makinelerde kep\u00e7enin hareketini kontrol etmek i\u00e7in kullan\u0131lan \u00f6zel olarak tasarlanm\u0131\u015f bir hidrolik silindirdir. Ana i\u015flevi, kep\u00e7enin kald\u0131r\u0131lmas\u0131n\u0131, indirilmesini ve e\u011filmesini sa\u011flayarak \u00e7e\u015fitli malzeme ta\u015f\u0131ma g\u00f6revlerini kolayla\u015ft\u0131rmakt\u0131r. Hidrolik sistemde, kep\u00e7e silindiri hidrolik ya\u011f bas\u0131nc\u0131ndaki de\u011fi\u015fiklikler yoluyla kep\u00e7enin hassas kontrol\u00fcn\u00fc sa\u011flar; bu da operat\u00f6rlerin a\u011f\u0131r y\u00fckleri verimli bir \u015fekilde ta\u015f\u0131mas\u0131na, karma\u015f\u0131k \u00e7al\u0131\u015fma ortamlar\u0131na ve \u00e7e\u015fitli operasyonel gereksinimlere uyum sa\u011flamas\u0131na olanak tan\u0131r.<\/p>\n<p><img decoding=\"async\" src=\"https:\/\/www.hydraulic-cylinders.net\/wp-content\/uploads\/2025\/01\/songte-company-2.webp\" alt=\"Kova Silindiri G\u00f6r\u00fcnt\u00fcs\u00fc\"><\/p>\n<h3>Kova Silindirinin \u00d6zellikleri<\/h3>\n<ul>\n<li>Y\u00fcksek mukavemet ve dayan\u0131kl\u0131l\u0131k: Genellikle y\u00fcksek mukavemetli \u00e7elik veya al\u00fcminyumdan \u00fcretilen bu malzeme, y\u00fcksek bas\u0131nca ve a\u011f\u0131r y\u00fcklere dayanabilir, zorlu \u00e7al\u0131\u015fma ortamlar\u0131na uyum sa\u011flayabilir ve kullan\u0131m \u00f6mr\u00fcn\u00fc uzatmak i\u00e7in a\u015f\u0131nma direnci ve korozyon direnci g\u00f6z \u00f6n\u00fcnde bulundurularak tasarlanm\u0131\u015ft\u0131r.<\/li>\n<li>Verimli hidrolik \u00e7al\u0131\u015fma: Hidrolik ya\u011f bas\u0131nc\u0131ndan yararlan\u0131larak d\u00fczg\u00fcn uzama ve daralma sa\u011flan\u0131r, g\u00fc\u00e7l\u00fc itme ve \u00e7ekme kuvveti sunulur ve a\u011f\u0131r y\u00fcklerin ve karma\u015f\u0131k i\u015fletme g\u00f6revlerinin \u00fcstesinden gelmek i\u00e7in uygundur.<\/li>\n<li>\u00c7e\u015fitli tipler: Farkl\u0131 \u00e7al\u0131\u015fma gereksinimlerini kar\u015f\u0131lamak i\u00e7in ihtiya\u00e7lara g\u00f6re tek etkili (hidroli\u011fi yaln\u0131zca tek y\u00f6nde kullanan) veya \u00e7ift etkili (hidroli\u011fi her iki y\u00f6nde de kullanan) silindirler se\u00e7ilebilir. Baz\u0131 modeller teleskopiktir ve d\u0131\u015f boyutlar\u0131 art\u0131rmadan daha fazla uzatmaya olanak tan\u0131r, bu da s\u0131n\u0131rl\u0131 alana sahip uygulamalar i\u00e7in uygundur.<\/li>\n<li>Farkl\u0131 modellere uyumlu: \u00dcr\u00fcnlerimiz bu hidrolik silindirlerin yerine m\u00fckemmel \u015fekilde kullan\u0131labilir.<\/li>\n<\/ul>\n<p><img decoding=\"async\" src=\"https:\/\/www.hydraulic-cylinders.net\/wp-content\/uploads\/2025\/01\/songte-cylinder-head-with-all-kinds-excavator-models.webp\" alt=\"Kova Silindiri De\u011fi\u015ftirme G\u00f6rseli\"><\/p>\n<h3>Kova Silindirinin Uygulamas\u0131<\/h3>\n<p>Kova silindirleri, a\u015fa\u011f\u0131dakiler gibi \u00e7e\u015fitli makine t\u00fcrlerinde yayg\u0131n olarak kullan\u0131lmaktad\u0131r:<\/p>\n<ul>\n<li>\u0130n\u015faat ekipmanlar\u0131: Ekskavat\u00f6rlerde, toprak veya moloz kazma, y\u00fckleme ve ta\u015f\u0131ma i\u015flemlerinde kritik \u00f6neme sahiptirler. Kaz\u0131c\u0131 y\u00fckleyicilerde ise hem kazma hem de kald\u0131rma i\u015flemlerine yard\u0131mc\u0131 olurlar.<\/li>\n<li>Tar\u0131m makineleri: \u00d6n y\u00fckleyiciler, toprak, saman ve di\u011fer malzemelerin toplanmas\u0131, kald\u0131r\u0131lmas\u0131 ve ta\u015f\u0131nmas\u0131 i\u00e7in kullan\u0131l\u0131r.<\/li>\n<li>Ekskavat\u00f6rler: Kova silindiri, kovan\u0131n topra\u011fa n\u00fcfuz etmesini sa\u011flayarak kaz\u0131 yap\u0131lmas\u0131n\u0131 sa\u011flar.<\/li>\n<li>Y\u00fckleyiciler: \u00d6n y\u00fckleyicilerde, y\u00fck\u00fcn etkili bir \u015fekilde kald\u0131r\u0131lmas\u0131na ve devrilmesine yard\u0131mc\u0131 olurlar.<\/li>\n<\/ul>\n<h3>Kova Silindiri i\u00e7in Tasar\u0131m Hususlar\u0131<\/h3>\n<p>Kova silindiri tasarlan\u0131rken a\u015fa\u011f\u0131daki fakt\u00f6rler \u00f6nemlidir:<\/p>\n<h4>Y\u00fck kapasitesi<\/h4>\n<p>Silindir tasar\u0131m\u0131nda, silindirin deformasyona veya ar\u0131zaya yol a\u00e7madan ta\u015f\u0131yabilece\u011fi y\u00fck miktar\u0131 dikkate al\u0131nmal\u0131d\u0131r.<\/p>\n<h4>S\u0131zd\u0131rmazl\u0131k<\/h4>\n<p>Hidrolik ya\u011f\u0131n s\u0131zmas\u0131n\u0131 \u00f6nlemek ve silindirin etkili bir \u015fekilde \u00e7al\u0131\u015fmas\u0131n\u0131 sa\u011flamak i\u00e7in yeterli s\u0131zd\u0131rmazl\u0131k \u015fartt\u0131r.<\/p>\n<h4>Dayan\u0131kl\u0131l\u0131k<\/h4>\n<p>Silindir malzemesi, zorlu \u00e7al\u0131\u015fma ortam\u0131na dayanabilmeli ve a\u015f\u0131nmaya ve korozyona kar\u015f\u0131 diren\u00e7li olmal\u0131d\u0131r.<\/p>\n<h4>Emniyet<\/h4>\n<p>Kova silindirleri, t\u00fcm potansiyel tehlikeler dikkate al\u0131narak ve silindirin \u00e7al\u0131\u015fma s\u0131ras\u0131nda ar\u0131zalanmamas\u0131 sa\u011flanarak, g\u00fcvenlik g\u00f6z \u00f6n\u00fcnde bulundurularak tasarlanmal\u0131d\u0131r.<\/p>\n<h4>Bak\u0131m kolayl\u0131\u011f\u0131<\/h4>\n<p>Silindir, optimum performans ve uzun \u00f6m\u00fcr sa\u011flamak i\u00e7in kolay onar\u0131m ve bak\u0131ma olanak tan\u0131yacak \u015fekilde tasarlanmal\u0131d\u0131r.<\/p>\n<p><img decoding=\"async\" src=\"https:\/\/www.hydraulic-cylinders.net\/wp-content\/uploads\/2025\/01\/songte-oil-pipes-and-spare-parts.webp\" alt=\"Kova Silindir Tasar\u0131m G\u00f6rseli\"><\/p>\n<h3>Kova Silindirinin S\u0131zd\u0131rmazl\u0131\u011f\u0131 ve Ya\u011flanmas\u0131<\/h3>\n<p>Kova silindiri, etkili s\u0131zd\u0131rmazl\u0131k sa\u011flamak i\u00e7in poli\u00fcretan ve nitril kau\u00e7uk gibi a\u015f\u0131nmaya dayan\u0131kl\u0131 malzemelerden yap\u0131lm\u0131\u015f piston contalar\u0131 ve mil contalar\u0131 gibi \u00e7e\u015fitli s\u0131zd\u0131rmazl\u0131k bile\u015fenlerine ihtiya\u00e7 duyar. Silindir g\u00f6vdesi ve di\u015fli u\u00e7 y\u00fczeyi, a\u015f\u0131nma direncini art\u0131rmak i\u00e7in ince i\u015fleme tabi tutulur. Optimum performans ve uzun \u00f6m\u00fcr i\u00e7in hidrolik ya\u011f ile d\u00fczenli ya\u011flama gereklidir.<\/p>\n<h3>Kova Silindirinin \u00d6nleyici Bak\u0131m\u0131 ve Ar\u0131za Giderme<\/h3>\n<ul>\n<li>D\u00fczenli kontroller: Potansiyel sorunlar\u0131 ciddi hale gelmeden \u00f6nce tespit etmek ve gidermek i\u00e7in silindiri d\u00fczenli olarak kontrol edin.<\/li>\n<li>Uygun ya\u011flama: Silindirin verimli \u00e7al\u0131\u015fmas\u0131 ve a\u015f\u0131nman\u0131n azalmas\u0131 i\u00e7in yeterli ya\u011flama \u015fartt\u0131r.<\/li>\n<li>Conta de\u011fi\u015fimi: A\u015f\u0131nm\u0131\u015f contalar s\u0131z\u0131nt\u0131lara neden olabilir ve silindirin etkinli\u011fini azaltabilir; bunlar\u0131n de\u011fi\u015ftirilmesi optimum performans\u0131 korumaya yard\u0131mc\u0131 olabilir.<\/li>\n<\/ul>\n<p>Kova silindirinin do\u011fru \u015fekilde tak\u0131lmas\u0131 ve hassas bir \u015fekilde hizalanmas\u0131 \u00e7ok \u00f6nemlidir. Silindiri sabitlemek i\u00e7in uygun montaj braketlerinin kullan\u0131lmas\u0131 \u00f6nerilir. Kova silindirinin \u00f6mr\u00fcn\u00fc uzatmak i\u00e7in d\u00fczenli kontrol, onar\u0131m ve de\u011fi\u015ftirme i\u015flemleri \u015fartt\u0131r.<\/p>\n<p><img decoding=\"async\" src=\"https:\/\/www.hydraulic-cylinders.net\/wp-content\/uploads\/2025\/01\/songte-chushion-collar.webp\" alt=\"Kova Silindiri Bak\u0131m G\u00f6rseli\"><\/p>\n<h3>G\u00fcvenlik Hususlar\u0131 ve \u00c7evresel Fakt\u00f6rler<\/h3>\n<p>Kova silindirleri kullan\u0131l\u0131rken, silindirin etkili bir \u015fekilde \u00e7al\u0131\u015fmas\u0131n\u0131 sa\u011flamak ve herhangi bir kay\u0131p veya hasar\u0131 \u00f6nlemek i\u00e7in g\u00fcvenlik \u00f6nlemlerini dikkate almak \u00e7ok \u00f6nemlidir. \u00c7evre kirlili\u011fini \u00f6nlemek ve g\u00fcvenli\u011fi sa\u011flamak i\u00e7in kullan\u0131lm\u0131\u015f hidrolik silindirlerin uygun \u015fekilde imha edilmesi g\u00f6z \u00f6n\u00fcnde bulundurulmal\u0131d\u0131r.<\/p>\n<h3>Kova Silindirinin Te\u015fhis ve Ar\u0131za Giderme<\/h3>\n<p>Kova silindirlerinde en s\u0131k kar\u015f\u0131la\u015f\u0131lan sorun, contalar\u0131n hasar g\u00f6rmesidir; bu da s\u0131z\u0131nt\u0131lara ve silindirin verimlili\u011finin azalmas\u0131na neden olabilir. D\u00fczenli kontrol, uygun bir bak\u0131m program\u0131 ve hasarl\u0131 par\u00e7alar\u0131n derhal de\u011fi\u015ftirilmesi bu sorunu \u00f6nleyebilir.<\/p>\n<p><img decoding=\"async\" src=\"https:\/\/www.hydraulic-cylinders.net\/wp-content\/uploads\/2025\/01\/songte-bushings-with-all-kinds-of-excavator-models.webp\" alt=\"Kova Silindiri Sorun Giderme G\u00f6r\u00fcnt\u00fcs\u00fc\"><\/p>\n<h2>Hakk\u0131m\u0131zda<\/h2>\n<p>Komple \u00fcr\u00fcn yelpazesiyle yedek hidrolik silindir \u00fcreticisiyiz ve hem yurt i\u00e7i hem de uluslararas\u0131 pazarlarda \u00f6nde gelen hidrolik silindir \u00fcreticilerinden ve toptanc\u0131lar\u0131ndan biri haline geldik. M\u00fckemmel kaliteye dayal\u0131 end\u00fcstriyel \u00fcretim y\u00f6netimi stratejisini izliyor, teknik yeteneklerin, dijital y\u00fcksek teknoloji \u00fcretim ekipmanlar\u0131n\u0131n ve profesyonel test sistemlerinin uygulanmas\u0131na dayanarak at\u00f6lye \u00fcretim hatt\u0131n\u0131 s\u00fcrekli geli\u015ftiriyor, \u00fcr\u00fcn kalitesini art\u0131r\u0131yor ve y\u00fcksek verimlilik, y\u00fcksek hassasiyet ve y\u00fcksek kalite ilkeleriyle m\u00fc\u015fterilerin \u00e7e\u015fitli ihtiya\u00e7lar\u0131n\u0131 kar\u015f\u0131lamak i\u00e7in g\u00fc\u00e7l\u00fc bir yarat\u0131c\u0131l\u0131k yetene\u011fine sahibiz.<\/p>\n<p><img decoding=\"async\" src=\"https:\/\/hzpt.com\/wp-content\/uploads\/2024\/11\/songte-company-1.webp\" alt=\"Hakk\u0131m\u0131zda Resmi\"><\/p>\n<h3>Uzmanl\u0131k Alanlar\u0131m\u0131z<\/h3>\n<ul>\n<li>Profesyonellik: Hidrolik silindirler konusunda bilgili ve farkl\u0131 m\u00fc\u015fteriler i\u00e7in \u00f6zelle\u015ftirilmi\u015f \u00e7\u00f6z\u00fcmler sunabilen bir uzman ekibimiz var.<\/li>\n<li>Uluslararas\u0131 sertifikalar: \u00dcr\u00fcnlerimiz uluslararas\u0131 sertifikalara sahiptir ve bu da \u00fcr\u00fcnlerimizin sekt\u00f6r standartlar\u0131na ve d\u00fczenlemelerine uygunlu\u011funu garanti eder.<\/li>\n<li>\u00d6zelle\u015ftirme hizmetleri: M\u00fc\u015fterilerimizin ihtiya\u00e7lar\u0131na g\u00f6re \u00f6zelle\u015ftirilmi\u015f hidrolik silindirler sunuyoruz ve silindirin onlar\u0131n \u00f6zel gereksinimlerini kar\u015f\u0131lamas\u0131n\u0131 sa\u011fl\u0131yoruz.<\/li>\n<li>\u00dcretim ekipmanlar\u0131: \u00dcr\u00fcnlerin kalitesini ve verimlili\u011fini sa\u011flamak i\u00e7in geli\u015fmi\u015f \u00fcretim ekipmanlar\u0131na ve teknolojisine sahibiz.<\/li>\n<li>Sat\u0131\u015f sonras\u0131 hizmet: \u00dcr\u00fcnlerimizin uzun \u00f6m\u00fcrl\u00fc olmas\u0131n\u0131 sa\u011flamak i\u00e7in yedek par\u00e7a ve onar\u0131m hizmetleri de dahil olmak \u00fczere eksiksiz bir sat\u0131\u015f sonras\u0131 hizmet sunuyoruz.<\/li>\n<\/ul>\n<p><img decoding=\"async\" src=\"https:\/\/www.hydraulic-cylinders.net\/wp-content\/uploads\/2025\/01\/songte-company-3.webp\" alt=\"\u015eirketimizin G\u00f6rseli\"><\/p>\n<p><em>Yazar: lyl<\/em><\/p>","protected":false},"excerpt":{"rendered":"<p>Bucket Cylinder for Komatsu Large Excavator PC360-8MO Introduction Defining Bucket Cylinder A bucket cylinder is a specially designed hydraulic cylinder used to control the movement of the bucket in heavy machinery such as excavators, backhoe excavators, and front-end loaders. Its main function is to enable the bucket to lift, lower, and tilt, making it easier [&hellip;]<\/p>","protected":false},"featured_media":14789,"comment_status":"open","ping_status":"closed","template":"","meta":{"_et_pb_use_builder":"","_et_pb_old_content":"","_et_gb_content_width":""},"product_brand":[],"product_cat":[1494],"product_tag":[1495,1496],"class_list":{"0":"post-15147","1":"product","2":"type-product","3":"status-publish","4":"has-post-thumbnail","6":"product_cat-bucket-cylinders","7":"product_tag-bucket-cylinders","8":"product_tag-hydraulic-cylinders","10":"first","11":"instock","12":"shipping-taxable","13":"product-type-simple"},"amp_enabled":true,"_links":{"self":[{"href":"https:\/\/www.hydraulic-cylinders.net\/tr\/wp-json\/wp\/v2\/product\/15147","targetHints":{"allow":["GET"]}}],"collection":[{"href":"https:\/\/www.hydraulic-cylinders.net\/tr\/wp-json\/wp\/v2\/product"}],"about":[{"href":"https:\/\/www.hydraulic-cylinders.net\/tr\/wp-json\/wp\/v2\/types\/product"}],"replies":[{"embeddable":true,"href":"https:\/\/www.hydraulic-cylinders.net\/tr\/wp-json\/wp\/v2\/comments?post=15147"}],"wp:featuredmedia":[{"embeddable":true,"href":"https:\/\/www.hydraulic-cylinders.net\/tr\/wp-json\/wp\/v2\/media\/14789"}],"wp:attachment":[{"href":"https:\/\/www.hydraulic-cylinders.net\/tr\/wp-json\/wp\/v2\/media?parent=15147"}],"wp:term":[{"taxonomy":"product_brand","embeddable":true,"href":"https:\/\/www.hydraulic-cylinders.net\/tr\/wp-json\/wp\/v2\/product_brand?post=15147"},{"taxonomy":"product_cat","embeddable":true,"href":"https:\/\/www.hydraulic-cylinders.net\/tr\/wp-json\/wp\/v2\/product_cat?post=15147"},{"taxonomy":"product_tag","embeddable":true,"href":"https:\/\/www.hydraulic-cylinders.net\/tr\/wp-json\/wp\/v2\/product_tag?post=15147"}],"curies":[{"name":"wp","href":"https:\/\/api.w.org\/{rel}","templated":true}]}}