{"id":15148,"date":"2025-01-19T14:09:58","date_gmt":"2025-01-19T14:09:58","guid":{"rendered":"https:\/\/www.hydraulic-cylinders.net\/product\/bucket-cylinder-for-komatsu-large-excavator-pc650lc-8r-650lccse-8r\/"},"modified":"2025-01-19T14:10:00","modified_gmt":"2025-01-19T14:10:00","slug":"bucket-cylinder-for-komatsu-large-excavator-pc650lc-8r-650lccse-8r","status":"publish","type":"product","link":"https:\/\/www.hydraulic-cylinders.net\/tr\/urun\/bucket-cylinder-for-komatsu-large-excavator-pc650lc-8r-650lccse-8r\/","title":{"rendered":"Komatsu B\u00fcy\u00fck Ekskavat\u00f6r PC650LC-8R\/650LCCSE-8R \u0130\u00e7in Kova Silindiri"},"content":{"rendered":"<h1>Komatsu B\u00fcy\u00fck Ekskavat\u00f6r PC650LC-8R\/650LCCSE-8R \u0130\u00e7in Kova Silindiri<\/h1>\n<h2>girii\u015f<\/h2>\n<p>Kova silindiri, ekskavat\u00f6rler, beko-loderler ve \u00f6n y\u00fckleyiciler gibi a\u011f\u0131r i\u015f makinelerinde kovan\u0131n hareketini kontrol etmek i\u00e7in kullan\u0131lan \u00f6zel olarak tasarlanm\u0131\u015f bir hidrolik silindirdir. Ana i\u015flevi, kovan\u0131n kald\u0131r\u0131lmas\u0131n\u0131, indirilmesini ve e\u011filmesini sa\u011flayarak \u00e7e\u015fitli malzeme ta\u015f\u0131ma g\u00f6revleri i\u00e7in uygundur. Hidrolik sistemde, kova silindiri, hidrolik ya\u011f bas\u0131nc\u0131ndaki de\u011fi\u015fikliklerle kovan\u0131n hassas kontrol\u00fcn\u00fc sa\u011flayarak operat\u00f6rlerin a\u011f\u0131r y\u00fckleri verimli bir \u015fekilde ta\u015f\u0131mas\u0131n\u0131 ve karma\u015f\u0131k \u00e7al\u0131\u015fma ortamlar\u0131na ve \u00e7e\u015fitli operasyonel gereksinimlere uyum sa\u011flamas\u0131n\u0131 m\u00fcmk\u00fcn k\u0131lar.<\/p>\n<p><img decoding=\"async\" src=\"https:\/\/www.hydraulic-cylinders.net\/wp-content\/uploads\/2025\/01\/songte-company-2.webp\"><\/p>\n<h2>\u00d6zellikler<\/h2>\n<ul>\n<li>Y\u00fcksek mukavemet ve dayan\u0131kl\u0131l\u0131k: Genellikle y\u00fcksek mukavemetli \u00e7elik veya al\u00fcminyumdan yap\u0131l\u0131r, y\u00fcksek bas\u0131nca ve a\u011f\u0131r y\u00fcklere dayanabilir, zorlu \u00e7al\u0131\u015fma ortamlar\u0131na uygundur, a\u015f\u0131nma direnci ve korozyon direnci dikkate al\u0131narak tasarlanm\u0131\u015ft\u0131r, hizmet \u00f6mr\u00fcn\u00fc uzat\u0131r.<\/li>\n<li>Verimli hidrolik \u00e7al\u0131\u015fma: Hidrolik ya\u011f bas\u0131nc\u0131 sayesinde d\u00fczg\u00fcn uzatma ve b\u00fcz\u00fclme hareketi, kontrol komutlar\u0131na h\u0131zl\u0131 tepki verebilme, g\u00fc\u00e7l\u00fc itme ve \u00e7ekme kuvveti sa\u011flama, a\u011f\u0131r y\u00fckleri ve karma\u015f\u0131k operasyonel g\u00f6revleri ta\u015f\u0131maya uygun.<\/li>\n<li>\u00c7e\u015fitli tipler: Tek etkili (sadece tek y\u00f6nde hidrolik kullan\u0131lan) veya \u00e7ift etkili (her iki y\u00f6nde hidrolik kullan\u0131lan) silindirler, farkl\u0131 operasyonel ihtiya\u00e7lar\u0131 kar\u015f\u0131lamak \u00fczere ihtiyaca g\u00f6re se\u00e7ilebilir. Baz\u0131 modeller teleskopiktir ve d\u0131\u015f boyutlar\u0131 art\u0131rmadan daha fazla geni\u015flemeye olanak tan\u0131r, s\u0131n\u0131rl\u0131 alana sahip uygulamalar i\u00e7in uygundur.<\/li>\n<li>Kolayca de\u011fi\u015ftirilebilir: \u00dcr\u00fcnlerimiz bu hidrolik silindirlerin yerini m\u00fckemmel \u015fekilde alabilir.<\/li>\n<\/ul>\n<p><img decoding=\"async\" src=\"https:\/\/www.hydraulic-cylinders.net\/wp-content\/uploads\/2025\/01\/songte-cylinder-head-with-all-kinds-excavator-models.webp\"><\/p>\n<h2>Uygulamalar<\/h2>\n<p>Kova silindiri, ekskavat\u00f6r ve beko-loder gibi in\u015faat ekipmanlar\u0131nda toprak veya molozlar\u0131n kaz\u0131lmas\u0131, y\u00fcklenmesi ve ta\u015f\u0131nmas\u0131 i\u00e7in olmazsa olmazd\u0131r. \u00d6n y\u00fckleyicilerde, y\u00fcklerin etkili bir \u015fekilde kald\u0131r\u0131lmas\u0131na ve e\u011filmesine yard\u0131mc\u0131 olurlar. Ayr\u0131ca tar\u0131m makinelerinde toprak, saman ve di\u011fer malzemelerin y\u00fcklenmesi, kald\u0131r\u0131lmas\u0131 ve ta\u015f\u0131nmas\u0131 i\u00e7in de kullan\u0131l\u0131rlar. Kova silindirleri, ekskavat\u00f6rlerin kaz\u0131 \u00e7al\u0131\u015fmalar\u0131 i\u00e7in topra\u011f\u0131 delmesini sa\u011flar. A\u015fa\u011f\u0131da farkl\u0131 uygulama alanlar\u0131 verilmi\u015ftir:<\/p>\n<h3>\u0130n\u015faat ekipmanlar\u0131<\/h3>\n<p>Ekskavat\u00f6rlerde kep\u00e7e silindirleri, kazma, y\u00fckleme ve toprak veya moloz ta\u015f\u0131ma i\u00e7in olmazsa olmazd\u0131r. Beko-loderlerde kep\u00e7e silindirleri hem kaz\u0131 hem de kald\u0131rma i\u015flemlerinde yard\u0131mc\u0131 olur. Ayr\u0131ca, mallar\u0131n etkili bir \u015fekilde kald\u0131r\u0131lmas\u0131na ve e\u011filmesine yard\u0131mc\u0131 olduklar\u0131 \u00f6n y\u00fckleyicilerde de \u00f6nemlidirler.<\/p>\n<h3>Tar\u0131m makineleri<\/h3>\n<p>Kova silindirleri, \u00f6n y\u00fckleyicilerde toprak, saman ve di\u011fer malzemeleri y\u00fcklemek, kald\u0131rmak ve ta\u015f\u0131mak i\u00e7in kullan\u0131l\u0131r. Ayr\u0131ca \u00e7e\u015fitli tar\u0131m makinelerinde de kullan\u0131l\u0131rlar.<\/p>\n<h3>Ekskavat\u00f6rler<\/h3>\n<p>Kova silindirleri, ekskavat\u00f6rlerin \u00e7e\u015fitli in\u015faat ve kaz\u0131 projelerinde olmazsa olmaz olan kaz\u0131 eylemleri i\u00e7in topra\u011f\u0131 delmesini sa\u011flar.<\/p>\n<h3>\u00d6n y\u00fcklemeli makineler<\/h3>\n<p>\u00d6n y\u00fckleyicilerde kova silindirleri, \u00e7e\u015fitli y\u00fckleme ve bo\u015faltma g\u00f6revlerinde \u00f6nemli olan mallar\u0131n etkili bir \u015fekilde kald\u0131r\u0131lmas\u0131na ve e\u011filmesine yard\u0131mc\u0131 olur.<\/p>\n<h3>Beko y\u00fckleyiciler<\/h3>\n<p>Beko loderlerde kep\u00e7e silindirleri hem kaz\u0131 hem de kald\u0131rma i\u015flerinde yard\u0131mc\u0131 olur ve bu sayede \u00e7e\u015fitli in\u015faat ve kaz\u0131 projeleri i\u00e7in idealdir.<\/p>\n<p><img decoding=\"async\" src=\"https:\/\/www.hydraulic-cylinders.net\/wp-content\/uploads\/2025\/01\/songte-bushings-with-all-kinds-of-excavator-models.webp\"><\/p>\n<h2>Tasar\u0131m Hususlar\u0131 ve Se\u00e7im Standartlar\u0131<\/h2>\n<p>Kova silindirleri, i\u015flevselliklerini ve dayan\u0131kl\u0131l\u0131klar\u0131n\u0131 garanti alt\u0131na alan bir\u00e7ok tasar\u0131m hususuna ve se\u00e7im standard\u0131na sahiptir.<\/p>\n<h3>Ta\u015f\u0131ma kapasitesi<\/h3>\n<p>Kova silindirlerinin ta\u015f\u0131ma kapasitesi, tasar\u0131mlar\u0131n\u0131n \u00f6nemli bir unsurudur. Silindir, a\u011f\u0131r y\u00fcklere ve y\u00fcksek bas\u0131nca dayan\u0131kl\u0131 olmal\u0131d\u0131r; bu nedenle, silindirin yap\u0131m\u0131nda y\u00fcksek mukavemetli malzemeler kullan\u0131lmas\u0131 zorunludur.<\/p>\n<h3>S\u0131zd\u0131rmazl\u0131k \u00f6zellikleri<\/h3>\n<p>Kova silindiri, hidrolik ya\u011f s\u0131z\u0131nt\u0131s\u0131n\u0131 \u00f6nlemek i\u00e7in s\u0131k\u0131 bir s\u0131zd\u0131rmazl\u0131k sa\u011flamal\u0131d\u0131r. Silindirde, poli\u00fcretan veya nitril kau\u00e7uktan yap\u0131lm\u0131\u015f piston contalar\u0131 ve piston kolu contalar\u0131 gibi y\u00fcksek kaliteli s\u0131zd\u0131rmazl\u0131k malzemeleri kullan\u0131lmal\u0131d\u0131r. Silindir y\u00fczeyinin uygun \u015fekilde i\u015flenmesi ve silindir kapa\u011f\u0131 ile piston kolunun hassas i\u015flenmesi, s\u0131zd\u0131rmazl\u0131k \u00f6zelliklerini \u00f6nemli \u00f6l\u00e7\u00fcde art\u0131rabilir ve ya\u011f s\u0131z\u0131nt\u0131s\u0131n\u0131 \u00f6nleyebilir.<\/p>\n<h3>Dayan\u0131kl\u0131l\u0131k<\/h3>\n<p>Kova silindiri, zorlu \u00e7al\u0131\u015fma ko\u015fullar\u0131na dayanacak ve a\u015f\u0131nma ve y\u0131pranmaya kar\u015f\u0131 koyacak kadar dayan\u0131kl\u0131 olmal\u0131, silindirin \u00f6mr\u00fcn\u00fc uzatabilecek a\u015f\u0131nmaya dayan\u0131kl\u0131 malzemeler ve korozyona dayan\u0131kl\u0131 kaplamalarla tasarlanmal\u0131d\u0131r.<\/p>\n<h3>Emniyet<\/h3>\n<p>Kova silindirleri g\u00fcvenlik g\u00f6z \u00f6n\u00fcnde bulundurularak tasarlanmal\u0131d\u0131r. Y\u00fcksek bas\u0131nca ve a\u011f\u0131r y\u00fcklere dayan\u0131kl\u0131 olmal\u0131 ve kazalar\u0131 \u00f6nlemek i\u00e7in bas\u0131n\u00e7 tahliye valfleri gibi g\u00fcvenlik \u00f6zellikleriyle donat\u0131lm\u0131\u015f olmal\u0131d\u0131r.<\/p>\n<h3>Bak\u0131m kolayl\u0131\u011f\u0131<\/h3>\n<p>Kova silindirleri kolay bak\u0131m i\u00e7in tasarlanmal\u0131d\u0131r. S\u00f6k\u00fcl\u00fcp tak\u0131lmas\u0131 kolay olmal\u0131 ve kolayca bulunabilen de\u011fi\u015ftirilebilir par\u00e7alar kullan\u0131lmal\u0131d\u0131r. Silindir y\u00fczey kalitesi ve hassas i\u015fleme, conta ve yataklar\u0131n de\u011fi\u015ftirilmesi ve kalibrasyonu gibi bak\u0131m i\u015flemlerini de kolayla\u015ft\u0131rabilir.<\/p>\n<p><img decoding=\"async\" src=\"https:\/\/www.hydraulic-cylinders.net\/wp-content\/uploads\/2025\/01\/songte-oil-pipes-and-spare-parts.webp\"><\/p>\n<h2>S\u0131zd\u0131rmazl\u0131k ve Ya\u011flama<\/h2>\n<p>Kova silindirlerinin verimli \u00e7al\u0131\u015fmas\u0131 i\u00e7in uygun s\u0131zd\u0131rmazl\u0131k ve ya\u011flamaya ihtiya\u00e7 vard\u0131r. Silindirin piston ve piston kolu contalar\u0131, s\u0131k\u0131 s\u0131zd\u0131rmazl\u0131k sa\u011flamak ve ya\u011f s\u0131z\u0131nt\u0131s\u0131n\u0131 \u00f6nlemek i\u00e7in poli\u00fcretan veya nitril kau\u00e7uk gibi y\u00fcksek kaliteli malzemelerden yap\u0131lmal\u0131d\u0131r. Silindir kapa\u011f\u0131 ve piston kolunun y\u00fczey kalitesi ve hassas i\u015flenmesi, contan\u0131n i\u015flevini art\u0131rabilir ve ya\u011f s\u0131z\u0131nt\u0131s\u0131n\u0131 \u00f6nleyebilir. Silindirin d\u00fczg\u00fcn \u00e7al\u0131\u015fmas\u0131n\u0131 sa\u011flamak i\u00e7in uygun hidrolik ya\u011f ile ya\u011flanmas\u0131 gerekir. Silindirin performans\u0131n\u0131 korumak i\u00e7in hidrolik ya\u011f\u0131n d\u00fczenli olarak yenilenmesi gerekir.<\/p>\n<h2>Bak\u0131m ve Onar\u0131m<\/h2>\n<p>Kova silindirinin verimli bir \u015fekilde \u00e7al\u0131\u015fmas\u0131 i\u00e7in d\u00fczenli muayene, ya\u011flama, conta de\u011fi\u015fimi ve kalibrasyon kontrolleri \u015fartt\u0131r. Do\u011fru montaj, ya\u011flama ve ayarlama, silindirin \u00f6mr\u00fcn\u00fc uzatmak i\u00e7in kritik \u00f6neme sahiptir. A\u015fa\u011f\u0131da baz\u0131 yayg\u0131n bak\u0131m g\u00f6revleri verilmi\u015ftir:<\/p>\n<h3>Denetleme<\/h3>\n<p>D\u00fczenli kontroller, a\u015f\u0131nma ve y\u0131pranmay\u0131, s\u0131z\u0131nt\u0131lar\u0131 ve di\u011fer sorunlar\u0131 tespit ederek olas\u0131 sorunlar\u0131 \u00f6nleyebilir. Silindirin d\u0131\u015f\u0131n\u0131 hasar, s\u0131z\u0131nt\u0131 veya a\u015f\u0131nma belirtileri a\u00e7\u0131s\u0131ndan inceleyin. Silindirin montaj c\u0131vatalar\u0131n\u0131n s\u0131k\u0131 ve g\u00fcvenli oldu\u011fundan emin olmak i\u00e7in kontrol edin.<\/p>\n<h3>Ya\u011flama<\/h3>\n<p>Silindirin performans\u0131n\u0131n korunmas\u0131 i\u00e7in ya\u011flama \u00e7ok \u00f6nemlidir. Silindiri ya\u011flamak ve s\u00fcrt\u00fcnme ve \u0131s\u0131dan kaynaklanan hasar\u0131 \u00f6nlemek i\u00e7in uygun tip ve miktarda hidrolik ya\u011f kullan\u0131n.<\/p>\n<h3>Conta de\u011fi\u015fimi<\/h3>\n<p>Ya\u011f s\u0131z\u0131nt\u0131s\u0131n\u0131 \u00f6nlemek ve uygun s\u0131zd\u0131rmazl\u0131\u011f\u0131 sa\u011flamak i\u00e7in contalar\u0131 d\u00fczenli olarak de\u011fi\u015ftirin. Optimum performans ve s\u0131zd\u0131rmazl\u0131k \u00f6zellikleri i\u00e7in y\u00fcksek kaliteli poli\u00fcretan veya nitril kau\u00e7uk contalar kullan\u0131n.<\/p>\n<h3>Kalibrasyon kontrol\u00fc<\/h3>\n<p>Silindir performans\u0131n\u0131n kabul edilebilir s\u0131n\u0131rlar i\u00e7inde oldu\u011fundan emin olmak i\u00e7in kalibrasyon kontrolleri \u015fartt\u0131r. Optimum performans sa\u011flamak i\u00e7in silindirin uzama ve b\u00fcz\u00fclme mesafesini, bas\u0131n\u00e7 s\u0131n\u0131rlar\u0131n\u0131 ve di\u011fer kritik parametreleri kontrol edin.<\/p>\n<p><img decoding=\"async\" src=\"https:\/\/www.hydraulic-cylinders.net\/wp-content\/uploads\/2025\/01\/songte-chushion-collar.webp\"><\/p>\n<h2>G\u00fcvenlik Hususlar\u0131 ve \u00c7evresel Fakt\u00f6rler<\/h2>\n<p>Kova silindirleri y\u00fcksek bas\u0131n\u00e7 alt\u0131nda \u00e7al\u0131\u015f\u0131r ve uygunsuz kullan\u0131m durumunda ciddi g\u00fcvenlik tehlikeleri olu\u015fturabilir. Operat\u00f6rler, kova silindirlerini kullan\u0131rken uygun g\u00fcvenlik y\u00f6nergelerine ve prosed\u00fcrlerine uymal\u0131d\u0131r. G\u00fcvenlik y\u00f6nergelerine s\u0131k\u0131 s\u0131k\u0131ya ba\u011fl\u0131 kalmak ve d\u00fczenli bak\u0131m yapmak, kaza ve yaralanma riskini azaltabilir. S\u0131cakl\u0131k, nem ve a\u015f\u0131nd\u0131r\u0131c\u0131 malzemeler gibi \u00e7evresel fakt\u00f6rler de kova silindirlerinin performans\u0131n\u0131 ve kullan\u0131m \u00f6mr\u00fcn\u00fc etkileyebilir. Do\u011fru malzeme ve y\u00fczey se\u00e7imi, \u00e7evresel fakt\u00f6rlerin etkilerini azaltabilir.<\/p>\n<h2>Sorun Giderme ve Yayg\u0131n Sorunlar<\/h2>\n<p>Kova silindirleri, a\u015f\u0131nma ve y\u0131pranma, s\u0131z\u0131nt\u0131 veya di\u011fer sorunlar nedeniyle \u00e7e\u015fitli sorunlar ya\u015fayabilir. Yayg\u0131n sorunlar aras\u0131nda ya\u011f s\u0131z\u0131nt\u0131s\u0131, hasarl\u0131 contalar ve ar\u0131zal\u0131 hidrolik bile\u015fenler bulunur. Sorunun giderilmesi, temel nedeni belirlemeye ve gelecekteki sorunlar\u0131 \u00f6nlemeye yard\u0131mc\u0131 olabilir. Hasarl\u0131 par\u00e7alar\u0131n uygun \u015fekilde bak\u0131m\u0131, onar\u0131m\u0131 ve de\u011fi\u015ftirilmesi, silindirin i\u015flevselli\u011fini geri kazanmas\u0131na yard\u0131mc\u0131 olabilir. A\u015fa\u011f\u0131da baz\u0131 yayg\u0131n sorun giderme ad\u0131mlar\u0131 verilmi\u015ftir:<\/p>\n<h3>Sorun te\u015fhisi<\/h3>\n<p>Silindiri hasar, a\u015f\u0131nma, s\u0131z\u0131nt\u0131 veya di\u011fer sorunlar a\u00e7\u0131s\u0131ndan inceleyerek sorunun temel nedenini belirleyin. Hidrolik sistemde uygun bas\u0131n\u00e7 ve s\u0131v\u0131 seviyelerini kontrol edin. Silindir montaj c\u0131vatalar\u0131nda gev\u015feklik veya hasar belirtileri olup olmad\u0131\u011f\u0131n\u0131 kontrol edin.<\/p>\n<h3>Onar\u0131m ve de\u011fi\u015ftirme<\/h3>\n<p>Hasarl\u0131 par\u00e7alar\u0131 gerekti\u011fi gibi onar\u0131n veya de\u011fi\u015ftirin. A\u015f\u0131nm\u0131\u015f veya hasarl\u0131 contalar\u0131 y\u00fcksek kaliteli poli\u00fcretan veya nitril kau\u00e7uk contalarla de\u011fi\u015ftirin. Hidrolik sistemde s\u0131z\u0131nt\u0131 veya ar\u0131za olup olmad\u0131\u011f\u0131n\u0131 kontrol edin ve hasarl\u0131 bile\u015fenleri onar\u0131n veya de\u011fi\u015ftirin.<\/p>\n<h3>\u00d6nleyici tedbirler<\/h3>\n<p>Gelecekteki sorun riskini azaltmak i\u00e7in \u00f6nleyici tedbirler al\u0131n. D\u00fczenli bak\u0131m, muayene ve onar\u0131m, s\u0131z\u0131nt\u0131lar\u0131, a\u015f\u0131nmay\u0131 ve di\u011fer sorunlar\u0131 \u00f6nlemeye yard\u0131mc\u0131 olabilir. Do\u011fru montaj, kalibrasyon ve ya\u011flama da optimum performans\u0131n korunmas\u0131na ve silindirin \u00f6mr\u00fcn\u00fcn uzat\u0131lmas\u0131na yard\u0131mc\u0131 olabilir.<\/p>\n<h1>Hakk\u0131m\u0131zda<\/h1>\n<p>Yedek silindirler konusunda uzmanla\u015fm\u0131\u015f, lider bir hidrolik silindir \u00fcreticisi ve toptanc\u0131s\u0131y\u0131z. Geni\u015f \u00fcr\u00fcn yelpazemiz, bizi hem yurt i\u00e7i hem de yurt d\u0131\u015f\u0131 pazarlarda lider bir hidrolik silindir \u00fcreticisi ve toptanc\u0131s\u0131 haline getirmi\u015ftir. Kalitede m\u00fckemmelli\u011fi hedefliyor ve geli\u015fmi\u015f \u00fcretim at\u00f6lyelerimizde end\u00fcstriyel \u00fcretim y\u00f6netimi stratejilerine g\u00fcveniyoruz. \u00dcretim platformumuzu s\u00fcrekli geli\u015ftiriyor, \u00fcr\u00fcn kalitesi \u00fcretim hatlar\u0131m\u0131z\u0131 m\u00fckemmelle\u015ftiriyor ve g\u00fc\u00e7l\u00fc bir yarat\u0131c\u0131l\u0131k yetene\u011fine sahibiz. M\u00fc\u015fterilerimize geni\u015f bir ihtiya\u00e7 yelpazesini kar\u015f\u0131layan y\u00fcksek verimli, y\u00fcksek hassasiyetli ve y\u00fcksek kaliteli \u00fcr\u00fcnler sunmaya kararl\u0131y\u0131z.<\/p>\n<p><img decoding=\"async\" src=\"https:\/\/hzpt.com\/wp-content\/uploads\/2024\/11\/songte-company-1.webp\"><\/p>\n<h2>Profesyonellik<\/h2>\n<p>Ekibimiz, hidrolik silindir imalat\u0131nda uzmanla\u015fm\u0131\u015f deneyimli m\u00fchendis ve teknisyenlerden olu\u015fmaktad\u0131r. Y\u00fcksek kaliteli \u00fcretim ve hassas i\u015fleme sa\u011flamak i\u00e7in ileri teknoloji ve ekipman kullan\u0131yoruz.<\/p>\n<h2>Uluslararas\u0131 Sertifikasyon<\/h2>\n<p>\u00dcr\u00fcnlerimiz uluslararas\u0131 kalite standartlar\u0131na uygundur ve ISO 9001:2015 sertifikas\u0131na sahiptir. M\u00fc\u015fterilerimize uluslararas\u0131 standartlara uygun, y\u00fcksek kaliteli \u00fcr\u00fcnler sunmay\u0131 taahh\u00fct ediyoruz.<\/p>\n<h2>\u00d6zelle\u015ftirme Hizmeti<\/h2>\n<p>M\u00fc\u015fterilerimizin \u00f6zel ihtiya\u00e7lar\u0131n\u0131 kar\u015f\u0131lamak i\u00e7in \u00f6zelle\u015ftirilmi\u015f hidrolik silindir \u00e7\u00f6z\u00fcmleri sunuyoruz. Deneyimli m\u00fchendislerimiz, m\u00fc\u015fterilerimizle yak\u0131n bir \u015fekilde \u00e7al\u0131\u015farak, onlar\u0131n benzersiz gereksinimlerini kar\u015f\u0131layan \u00f6zelle\u015ftirilmi\u015f \u00e7\u00f6z\u00fcmler geli\u015ftiriyor.<\/p>\n<h2>\u00dcretim Tesisleri<\/h2>\n<p>\u00dcretim tesislerimiz, verimli ve y\u00fcksek kaliteli \u00fcretim s\u00fcre\u00e7lerini garanti alt\u0131na alan son teknoloji ekipman ve teknolojilerle donat\u0131lm\u0131\u015ft\u0131r. Y\u00fcksek kaliteli \u00fcr\u00fcnler \u00fcretmek i\u00e7in en son teknoloji ve ekipmanlar\u0131 kullanmaya kararl\u0131y\u0131z.<\/p>\n<h2>Sat\u0131\u015f Sonras\u0131 Hizmet<\/h2>\n<p>M\u00fc\u015fteri memnuniyetini sa\u011flamak i\u00e7in sat\u0131\u015f sonras\u0131 servis ve destek hizmeti sunuyoruz. Hidrolik silindirlerin onar\u0131m\u0131, de\u011fi\u015fimi ve bak\u0131m\u0131 da dahil olmak \u00fczere \u00e7e\u015fitli hizmetler sunuyoruz.<\/p>\n<p><img decoding=\"async\" src=\"https:\/\/www.hydraulic-cylinders.net\/wp-content\/uploads\/2025\/01\/songte-company-3.webp\"><\/p>\n<p>Yazar: lyl<\/p>","protected":false},"excerpt":{"rendered":"<p>Bucket Cylinder For Komatsu Large Excavator PC650LC-8R\/650LCCSE-8R Introduction The bucket cylinder is a specially designed hydraulic cylinder used to control the movement of the bucket in heavy machinery such as excavators, backhoe loaders, and front loaders. Its main function is to enable the bucket to be lifted, lowered, and tilted, making it suitable for various [&hellip;]<\/p>","protected":false},"featured_media":14788,"comment_status":"open","ping_status":"closed","template":"","meta":{"_et_pb_use_builder":"","_et_pb_old_content":"","_et_gb_content_width":""},"product_brand":[],"product_cat":[1494],"product_tag":[1495,1496],"class_list":{"0":"post-15148","1":"product","2":"type-product","3":"status-publish","4":"has-post-thumbnail","6":"product_cat-bucket-cylinders","7":"product_tag-bucket-cylinders","8":"product_tag-hydraulic-cylinders","10":"first","11":"instock","12":"shipping-taxable","13":"product-type-simple"},"amp_enabled":true,"_links":{"self":[{"href":"https:\/\/www.hydraulic-cylinders.net\/tr\/wp-json\/wp\/v2\/product\/15148","targetHints":{"allow":["GET"]}}],"collection":[{"href":"https:\/\/www.hydraulic-cylinders.net\/tr\/wp-json\/wp\/v2\/product"}],"about":[{"href":"https:\/\/www.hydraulic-cylinders.net\/tr\/wp-json\/wp\/v2\/types\/product"}],"replies":[{"embeddable":true,"href":"https:\/\/www.hydraulic-cylinders.net\/tr\/wp-json\/wp\/v2\/comments?post=15148"}],"wp:featuredmedia":[{"embeddable":true,"href":"https:\/\/www.hydraulic-cylinders.net\/tr\/wp-json\/wp\/v2\/media\/14788"}],"wp:attachment":[{"href":"https:\/\/www.hydraulic-cylinders.net\/tr\/wp-json\/wp\/v2\/media?parent=15148"}],"wp:term":[{"taxonomy":"product_brand","embeddable":true,"href":"https:\/\/www.hydraulic-cylinders.net\/tr\/wp-json\/wp\/v2\/product_brand?post=15148"},{"taxonomy":"product_cat","embeddable":true,"href":"https:\/\/www.hydraulic-cylinders.net\/tr\/wp-json\/wp\/v2\/product_cat?post=15148"},{"taxonomy":"product_tag","embeddable":true,"href":"https:\/\/www.hydraulic-cylinders.net\/tr\/wp-json\/wp\/v2\/product_tag?post=15148"}],"curies":[{"name":"wp","href":"https:\/\/api.w.org\/{rel}","templated":true}]}}