{"id":15150,"date":"2025-01-19T14:10:08","date_gmt":"2025-01-19T14:10:08","guid":{"rendered":"https:\/\/www.hydraulic-cylinders.net\/product\/bucket-cylinder-for-komatsu-large-excavator-pc350-5-6-7\/"},"modified":"2025-01-19T14:10:10","modified_gmt":"2025-01-19T14:10:10","slug":"bucket-cylinder-for-komatsu-large-excavator-pc350-5-6-7","status":"publish","type":"product","link":"https:\/\/www.hydraulic-cylinders.net\/tr\/urun\/bucket-cylinder-for-komatsu-large-excavator-pc350-5-6-7\/","title":{"rendered":"Komatsu PC350-5-6-7 B\u00fcy\u00fck Ekskavat\u00f6r \u0130\u00e7in Kep\u00e7e Silindiri"},"content":{"rendered":"<h2>Komatsu PC350-5-6-7 B\u00fcy\u00fck Ekskavat\u00f6r \u0130\u00e7in Kep\u00e7e Silindiri<\/h2>\n<h3>girii\u015f<\/h3>\n<p>Kep\u00e7e silindiri, ekskavat\u00f6rler, kaz\u0131c\u0131 ekskavat\u00f6rler ve \u00f6n y\u00fckleyiciler gibi a\u011f\u0131r makinelerde kep\u00e7enin hareketini kontrol etmek i\u00e7in kullan\u0131lan \u00f6zel olarak tasarlanm\u0131\u015f bir hidrolik silindirdir. Ana i\u015flevi, kep\u00e7enin kald\u0131r\u0131lmas\u0131n\u0131, indirilmesini ve e\u011filmesini sa\u011flayarak \u00e7e\u015fitli malzeme ta\u015f\u0131ma g\u00f6revlerini kolayla\u015ft\u0131rmakt\u0131r. Hidrolik sistemde, kep\u00e7e silindiri hidrolik ya\u011f bas\u0131nc\u0131n\u0131 de\u011fi\u015ftirerek kep\u00e7enin hassas kontrol\u00fcn\u00fc sa\u011flar ve operat\u00f6rlerin a\u011f\u0131r nesneleri verimli bir \u015fekilde ta\u015f\u0131mas\u0131na, karma\u015f\u0131k \u00e7al\u0131\u015fma ortamlar\u0131na ve \u00e7e\u015fitli operasyonel gereksinimlere uyum sa\u011flamas\u0131na olanak tan\u0131r. <\/p>\n<p><img decoding=\"async\" src=\"https:\/\/www.hydraulic-cylinders.net\/wp-content\/uploads\/2025\/01\/songte-company-2.webp\" \/><\/p>\n<h3>\u00d6zellikler<\/h3>\n<ul>\n<li>Y\u00fcksek mukavemet ve dayan\u0131kl\u0131l\u0131k: Genellikle y\u00fcksek mukavemetli \u00e7elik veya al\u00fcminyumdan \u00fcretilir, y\u00fcksek bas\u0131nca ve a\u011f\u0131r y\u00fcklere dayanabilir, zorlu \u00e7al\u0131\u015fma ortamlar\u0131na uyum sa\u011flayabilir ve kullan\u0131m \u00f6mr\u00fcn\u00fc uzatmak i\u00e7in a\u015f\u0131nma ve korozyon direnci ile tasarlanm\u0131\u015ft\u0131r.<\/li>\n<li>Verimli hidrolik \u00e7al\u0131\u015fma: Hidrolik ya\u011f\u0131n bas\u0131nc\u0131n\u0131 kullanarak d\u00fczg\u00fcn uzatma ve b\u00fcz\u00fclme hareketleri sa\u011flar, i\u015fletim komutlar\u0131na h\u0131zl\u0131 yan\u0131t verebilir, g\u00fc\u00e7l\u00fc itme ve \u00e7ekme kuvvetleri sa\u011flayabilir, a\u011f\u0131r nesnelerin ve karma\u015f\u0131k operasyonel g\u00f6revlerin ta\u015f\u0131nmas\u0131 i\u00e7in uygundur.<\/li>\n<li>\u0130\u015fletme ihtiya\u00e7lar\u0131na g\u00f6re tek etkili (hidroli\u011fi yaln\u0131zca tek y\u00f6nde kullanan) veya \u00e7ift etkili (hidroli\u011fi her iki y\u00f6nde de kullanan) silindirler se\u00e7ilebilir. Baz\u0131 modeller teleskopiktir ve d\u0131\u015f boyutlar\u0131 art\u0131rmadan daha fazla uzatmaya olanak tan\u0131r; bu da s\u0131n\u0131rl\u0131 alana sahip uygulamalar i\u00e7in uygundur.<\/li>\n<li>Di\u011fer hidrolik silindirlerin yerine kullan\u0131labilir: Silindirlerimiz, di\u011fer hidrolik silindirlerin yerine m\u00fckemmel \u015fekilde kullan\u0131labilir ve ekipman bak\u0131m ve onar\u0131mlar\u0131 i\u00e7in uygun maliyetli \u00e7\u00f6z\u00fcmler sunar.<\/li>\n<\/ul>\n<p><img decoding=\"async\" src=\"https:\/\/www.hydraulic-cylinders.net\/wp-content\/uploads\/2025\/01\/songte-cylinder-head-with-all-kinds-excavator-models.webp\" \/><\/p>\n<h3>Uygulamalar<\/h3>\n<p>Kova silindirleri, a\u015fa\u011f\u0131dakiler de dahil olmak \u00fczere \u00e7e\u015fitli a\u011f\u0131r makine uygulamalar\u0131nda kullan\u0131l\u0131r:<\/p>\n<ul>\n<li>\u0130n\u015faat ekipmanlar\u0131: Ekskavat\u00f6rlerde, toprak veya molozun kaz\u0131lmas\u0131, y\u00fcklenmesi ve ta\u015f\u0131nmas\u0131 i\u00e7in hayati \u00f6neme sahiptirler. Kaz\u0131c\u0131 ekskavat\u00f6rlerde, kova silindirleri hem kazma hem de kald\u0131rma i\u015flemlerine yard\u0131mc\u0131 olur. <\/li>\n<li>Tar\u0131m makineleri: Toprak, saman ve di\u011fer malzemelerin kep\u00e7eyle al\u0131nmas\u0131, kald\u0131r\u0131lmas\u0131 ve ta\u015f\u0131nmas\u0131 i\u00e7in \u00f6n y\u00fckleyicilerde kullan\u0131l\u0131r. <\/li>\n<li>Kaz\u0131c\u0131lar: Kep\u00e7e silindirleri, kep\u00e7enin topra\u011fa n\u00fcfuz etmesini sa\u011flayarak kaz\u0131 i\u015flemini m\u00fcmk\u00fcn k\u0131lar.<\/li>\n<li>Y\u00fckleyiciler: \u00d6n y\u00fckleyicilerde, y\u00fck\u00fcn etkili bir \u015fekilde kald\u0131r\u0131lmas\u0131na ve bo\u015falt\u0131lmas\u0131na yard\u0131mc\u0131 olurlar.<\/li>\n<\/ul>\n<h3>Tasar\u0131m Hususlar\u0131 ve Se\u00e7im Kriterleri<\/h3>\n<p>Tasar\u0131mda dikkate al\u0131nmas\u0131 gereken hususlar \u015funlard\u0131r:<\/p>\n<ul>\n<li>Ta\u015f\u0131ma kapasitesi: Kep\u00e7e silindirleri y\u00fcksek bas\u0131nca ve a\u011f\u0131r y\u00fcklere dayanacak \u015fekilde tasarlanm\u0131\u015ft\u0131r.<\/li>\n<li>S\u0131zd\u0131rmazl\u0131k: Piston contalar\u0131 ve mil contalar\u0131 gibi \u00e7e\u015fitli s\u0131zd\u0131rmazl\u0131k bile\u015fenleri, hidrolik s\u0131v\u0131n\u0131n silindirden s\u0131zmas\u0131n\u0131 \u00f6nlemek i\u00e7in kullan\u0131l\u0131r.<\/li>\n<li>Dayan\u0131kl\u0131l\u0131k: Kep\u00e7e silindirleri a\u015f\u0131nmaya dayan\u0131kl\u0131 olacak \u015fekilde tasarlanm\u0131\u015ft\u0131r ve baz\u0131 modellerde ek koruma i\u00e7in anotlanm\u0131\u015f sert kaplamalar bulunur.<\/li>\n<li>G\u00fcvenlik: Kova silindirleri, bas\u0131n\u00e7 tahliye vanalar\u0131 gibi \u00f6zellikler eklenerek kaza olas\u0131l\u0131\u011f\u0131n\u0131 en aza indirecek \u015fekilde tasarlanm\u0131\u015ft\u0131r.<\/li>\n<li>Bak\u0131m: Kova silindirleri, \u00e7\u0131kar\u0131labilir u\u00e7 kapaklar\u0131 ve i\u00e7 bile\u015fenlere kolay eri\u015fim gibi \u00f6zellikleriyle kolayca servis ve bak\u0131m yap\u0131labilecek \u015fekilde tasarlanm\u0131\u015ft\u0131r. <\/li>\n<\/ul>\n<p><img decoding=\"async\" src=\"https:\/\/www.hydraulic-cylinders.net\/wp-content\/uploads\/2025\/01\/songte-oil-pipes-and-spare-parts.webp\" \/><\/p>\n<p>S\u0131zd\u0131rmazl\u0131k ve ya\u011flama hususlar\u0131:<\/p>\n<ul>\n<li>Piston contalar\u0131, mil contalar\u0131 ve silecekler gibi \u00e7e\u015fitli s\u0131zd\u0131rmazl\u0131k elemanlar\u0131, hidrolik s\u0131v\u0131n\u0131n silindirden s\u0131zmas\u0131n\u0131 \u00f6nlemek i\u00e7in kullan\u0131l\u0131r.<\/li>\n<li>S\u0131zd\u0131rmazl\u0131k bile\u015fenleri genellikle poli\u00fcretan ve nitril kau\u00e7uk gibi a\u015f\u0131nmaya dayan\u0131kl\u0131 malzemelerden yap\u0131l\u0131r.<\/li>\n<li>Silindir g\u00f6vdesi ve di\u015fli u\u00e7 y\u00fczeyleri, a\u015f\u0131nma direncini art\u0131rmak i\u00e7in hassas bir \u015fekilde i\u015flenmi\u015ftir.<\/li>\n<li>Kep\u00e7e silindirinin uygun miktarda hidrolik ya\u011f ile d\u00fczenli olarak ya\u011flanmas\u0131 gerekir.<\/li>\n<\/ul>\n<p>D\u00fczenli bak\u0131m ve \u00f6nleyici tedbirler \u015funlar\u0131 i\u00e7erir:<\/p>\n<ul>\n<li>Silindir g\u00f6vdesi ve pistonun hasar veya a\u015f\u0131nma a\u00e7\u0131s\u0131ndan d\u00fczenli olarak kontrol edilmesi.<\/li>\n<li>Uygun hidrolik ya\u011f ile d\u00fczenli ya\u011flama.<\/li>\n<li>A\u015f\u0131nm\u0131\u015f veya hasar g\u00f6rm\u00fc\u015f s\u0131zd\u0131rmazl\u0131k par\u00e7alar\u0131n\u0131n d\u00fczenli olarak de\u011fi\u015ftirilmesi.<\/li>\n<li>Silindirin do\u011fru \u00e7al\u0131\u015ft\u0131\u011f\u0131ndan emin olmak i\u00e7in d\u00fczenli kalibrasyon kontrolleri yap\u0131l\u0131r.<\/li>\n<\/ul>\n<p><img decoding=\"async\" src=\"https:\/\/www.hydraulic-cylinders.net\/wp-content\/uploads\/2025\/01\/songte-chushion-collar.webp\" \/><\/p>\n<h3>G\u00fcvenlik Hususlar\u0131 ve \u00c7evresel Fakt\u00f6rler<\/h3>\n<p>Kova silindirleri kullan\u0131l\u0131rken a\u015fa\u011f\u0131daki gibi g\u00fcvenlik \u00f6nlemlerine uymak \u00e7ok \u00f6nemlidir:<\/p>\n<ul>\n<li>Silindirin do\u011fru ve g\u00fcvenli bir \u015fekilde tak\u0131ld\u0131\u011f\u0131ndan emin olun.<\/li>\n<li>Silindirin uygun \u015fekilde ya\u011fland\u0131\u011f\u0131ndan ve bak\u0131m\u0131n\u0131n yap\u0131ld\u0131\u011f\u0131ndan emin olun.<\/li>\n<li>Eldiven ve koruyucu g\u00f6zl\u00fck gibi uygun ki\u015fisel koruyucu ekipman kullan\u0131n.<\/li>\n<li>Y\u00fcksek bas\u0131n\u00e7 ve a\u011f\u0131r y\u00fckler gibi potansiyel tehlikelere dikkat edin.<\/li>\n<\/ul>\n<p>Kova silindirleri genellikle geri d\u00f6n\u00fc\u015ft\u00fcr\u00fclebilir ve \u00e7evre dostu malzemelerden \u00fcretilir. <\/p>\n<h3>Tan\u0131 ve Sorun Giderme<\/h3>\n<p>Kep\u00e7e silindirlerinde s\u0131k kar\u015f\u0131la\u015f\u0131lan sorunlar aras\u0131nda hidrolik s\u0131v\u0131 s\u0131z\u0131nt\u0131s\u0131, piston kollar\u0131nda veya contalarda hasar ve yanl\u0131\u015f veya yetersiz ya\u011flama yer alabilir. <\/p>\n<p>Kova silindirleriyle ilgili sorunlar\u0131 te\u015fhis etmek ve gidermek i\u00e7in:<\/p>\n<ul>\n<li>Hidrolik s\u0131v\u0131 s\u0131z\u0131nt\u0131s\u0131 belirtileri olup olmad\u0131\u011f\u0131n\u0131 kontrol edin.<\/li>\n<li>Pistonu ve contalar\u0131 hasar veya a\u015f\u0131nma a\u00e7\u0131s\u0131ndan kontrol edin.<\/li>\n<li>Silindirin uygun \u015fekilde ya\u011fland\u0131\u011f\u0131ndan emin olun.<\/li>\n<li>Hidrolik sistemde herhangi bir sorun olup olmad\u0131\u011f\u0131n\u0131 kontrol edin.<\/li>\n<\/ul>\n<p>\u00d6nleyici tedbirler aras\u0131nda d\u00fczenli bak\u0131m ve ya\u011flama, ayr\u0131ca silindirin uygun \u015fekilde tak\u0131lmas\u0131 ve kalibre edilmesi yer almaktad\u0131r.<\/p>\n<p><img decoding=\"async\" src=\"https:\/\/www.hydraulic-cylinders.net\/wp-content\/uploads\/2025\/01\/songte-bushings-with-all-kinds-of-excavator-models.webp\" \/><\/p>\n<h3>\u015eirketimiz Hakk\u0131nda<\/h3>\n<p>Hidrolik silindirlerin \u00f6nde gelen \u00fcreticisi ve toptan da\u011f\u0131t\u0131c\u0131s\u0131 olarak, ekipman bak\u0131m ve onar\u0131mlar\u0131 i\u00e7in uygun maliyetli \u00e7\u00f6z\u00fcmler sunuyoruz. Geni\u015f bir yelpazede hidrolik silindir \u00fcretimi konusunda uzmanla\u015fm\u0131\u015f olup, \u00fcretimimiz teknik yeteneklerden olu\u015fan bir ekip, son teknoloji ekipmanlar ve profesyonel test sistemleri ile desteklenmektedir. \u00dcretim platformumuz, verimlilik, hassasiyet ve kalite a\u00e7\u0131s\u0131ndan en y\u00fcksek standartlar\u0131 kar\u015f\u0131lamak i\u00e7in s\u00fcrekli olarak geli\u015ftirilmektedir. \u00d6zelle\u015ftirilmi\u015f hizmetler sunuyoruz ve \u00e7e\u015fitli uygulamalar i\u00e7in hidrolik silindir \u00fcretiminde geni\u015f bir deneyime sahibiz. M\u00fc\u015fteri memnuniyetine b\u00fcy\u00fck \u00f6nem veriyor ve \u00fcst\u00fcn hizmet ve destek sa\u011flamaya \u00e7al\u0131\u015f\u0131yoruz.<\/p>\n<ul>\n<li>Profesyonellik: Ekibimiz, hidrolik silindir tasar\u0131m\u0131 ve \u00fcretimi konusunda geni\u015f deneyime sahip teknik uzmanlardan olu\u015fmaktad\u0131r.<\/li>\n<li>Uluslararas\u0131 sertifikalar: \u00dcr\u00fcnlerimiz ISO gibi uluslararas\u0131 standart kurulu\u015flar\u0131 taraf\u0131ndan test edilmi\u015f ve sertifikaland\u0131r\u0131lm\u0131\u015ft\u0131r.<\/li>\n<li>\u00d6zelle\u015ftirilmi\u015f hizmetler: M\u00fc\u015fterilerimizin \u00f6zel ihtiya\u00e7lar\u0131n\u0131 kar\u015f\u0131lamak \u00fczere \u00f6zelle\u015ftirilmi\u015f hidrolik silindir \u00e7\u00f6z\u00fcmleri sunuyoruz.<\/li>\n<li>\u00dcretim ekipmanlar\u0131: \u00dcretim tesislerimiz, CNC makineleri ve robotik kaynak sistemleri de dahil olmak \u00fczere en modern ekipmanlarla donat\u0131lm\u0131\u015ft\u0131r.<\/li>\n<li>Sat\u0131\u015f sonras\u0131 hizmet: \u00dcr\u00fcnlerimizin uzun \u00f6m\u00fcrl\u00fcl\u00fc\u011f\u00fcn\u00fc ve g\u00fcvenilirli\u011fini sa\u011flamak i\u00e7in yedek par\u00e7a ve onar\u0131m hizmetleri de dahil olmak \u00fczere kapsaml\u0131 sat\u0131\u015f sonras\u0131 hizmet sunuyoruz.<\/li>\n<\/ul>\n<p><img decoding=\"async\" src=\"https:\/\/hzpt.com\/wp-content\/uploads\/2024\/11\/songte-company-1.webp\" \/><\/p>\n<p>Yazar: lyl<\/p>","protected":false},"excerpt":{"rendered":"<p>Bucket Cylinder For Komatsu Large Excavator PC350-5-6-7 Introduction A bucket cylinder is a specially designed hydraulic cylinder used to control the movement of the bucket in heavy machinery such as excavators, backhoe excavators, and front-end loaders. Its main function is to enable the bucket to lift, lower, and tilt, making it easier for various materials [&hellip;]<\/p>","protected":false},"featured_media":14785,"comment_status":"open","ping_status":"closed","template":"","meta":{"_et_pb_use_builder":"","_et_pb_old_content":"","_et_gb_content_width":""},"product_brand":[],"product_cat":[1494],"product_tag":[1495,1496],"class_list":{"0":"post-15150","1":"product","2":"type-product","3":"status-publish","4":"has-post-thumbnail","6":"product_cat-bucket-cylinders","7":"product_tag-bucket-cylinders","8":"product_tag-hydraulic-cylinders","10":"first","11":"instock","12":"shipping-taxable","13":"product-type-simple"},"amp_enabled":true,"_links":{"self":[{"href":"https:\/\/www.hydraulic-cylinders.net\/tr\/wp-json\/wp\/v2\/product\/15150","targetHints":{"allow":["GET"]}}],"collection":[{"href":"https:\/\/www.hydraulic-cylinders.net\/tr\/wp-json\/wp\/v2\/product"}],"about":[{"href":"https:\/\/www.hydraulic-cylinders.net\/tr\/wp-json\/wp\/v2\/types\/product"}],"replies":[{"embeddable":true,"href":"https:\/\/www.hydraulic-cylinders.net\/tr\/wp-json\/wp\/v2\/comments?post=15150"}],"wp:featuredmedia":[{"embeddable":true,"href":"https:\/\/www.hydraulic-cylinders.net\/tr\/wp-json\/wp\/v2\/media\/14785"}],"wp:attachment":[{"href":"https:\/\/www.hydraulic-cylinders.net\/tr\/wp-json\/wp\/v2\/media?parent=15150"}],"wp:term":[{"taxonomy":"product_brand","embeddable":true,"href":"https:\/\/www.hydraulic-cylinders.net\/tr\/wp-json\/wp\/v2\/product_brand?post=15150"},{"taxonomy":"product_cat","embeddable":true,"href":"https:\/\/www.hydraulic-cylinders.net\/tr\/wp-json\/wp\/v2\/product_cat?post=15150"},{"taxonomy":"product_tag","embeddable":true,"href":"https:\/\/www.hydraulic-cylinders.net\/tr\/wp-json\/wp\/v2\/product_tag?post=15150"}],"curies":[{"name":"wp","href":"https:\/\/api.w.org\/{rel}","templated":true}]}}