{"id":15151,"date":"2025-01-19T14:10:12","date_gmt":"2025-01-19T14:10:12","guid":{"rendered":"https:\/\/www.hydraulic-cylinders.net\/product\/bucket-cylinder-for-komatsu-large-excavator-pc400-3-5-6-7-8\/"},"modified":"2025-01-19T14:10:14","modified_gmt":"2025-01-19T14:10:14","slug":"bucket-cylinder-for-komatsu-large-excavator-pc400-3-5-6-7-8","status":"publish","type":"product","link":"https:\/\/www.hydraulic-cylinders.net\/tr\/urun\/bucket-cylinder-for-komatsu-large-excavator-pc400-3-5-6-7-8\/","title":{"rendered":"Komatsu B\u00fcy\u00fck Ekskavat\u00f6r PC400-3-5-6-7-8 \u0130\u00e7in Kova Silindiri"},"content":{"rendered":"<h1>Komatsu B\u00fcy\u00fck Ekskavat\u00f6r PC400-3-5-6-7-8 \u0130\u00e7in Kova Silindiri<\/h1>\n<h2>girii\u015f<\/h2>\n<p>Kova silindiri, ekskavat\u00f6rler, kep\u00e7eli ekskavat\u00f6rler ve \u00f6n y\u00fckleyiciler gibi a\u011f\u0131r i\u015f makinelerinde kovalar\u0131n hareketini kontrol etmek i\u00e7in kullan\u0131lan \u00f6zel olarak tasarlanm\u0131\u015f bir hidrolik silindirdir. Ana i\u015flevi, kovan\u0131n kald\u0131rma, indirme ve yat\u0131rma i\u015flemlerini ger\u00e7ekle\u015ftirerek \u00e7e\u015fitli malzeme ta\u015f\u0131ma g\u00f6revlerinin daha kolay yap\u0131lmas\u0131n\u0131 sa\u011flamakt\u0131r. Hidrolik sistemde kova silindiri, hidrolik ya\u011f\u0131n bas\u0131n\u00e7 de\u011fi\u015fimleri arac\u0131l\u0131\u011f\u0131yla kovan\u0131n hassas kontrol\u00fcn\u00fc sa\u011flayarak operat\u00f6rlerin a\u011f\u0131r nesneleri verimli bir \u015fekilde ta\u015f\u0131mas\u0131n\u0131 ve karma\u015f\u0131k \u00e7al\u0131\u015fma ortamlar\u0131na ve \u00e7e\u015fitli operasyonel ihtiya\u00e7lara uyum sa\u011flamas\u0131n\u0131 m\u00fcmk\u00fcn k\u0131lar.<\/p>\n<p><img decoding=\"async\" src=\"https:\/\/www.hydraulic-cylinders.net\/wp-content\/uploads\/2025\/01\/songte-company-2.webp\" alt=\"Kova Silindiri G\u00f6r\u00fcnt\u00fcs\u00fc\"><\/p>\n<h2>\u00d6zellikler<\/h2>\n<ul>\n<li>Y\u00fcksek Mukavemet ve Dayan\u0131kl\u0131l\u0131k: Genellikle y\u00fcksek mukavemetli \u00e7elik veya al\u00fcminyumdan yap\u0131l\u0131rlar, y\u00fcksek bas\u0131nca ve a\u011f\u0131r y\u00fcklere dayanabilir, zorlu \u00e7al\u0131\u015fma ortamlar\u0131na uyum sa\u011flayabilirler ve hizmet \u00f6mr\u00fcn\u00fc uzatmak i\u00e7in a\u015f\u0131nma direnci ve korozyon direnci dikkate al\u0131narak tasarlanm\u0131\u015ft\u0131r.<\/li>\n<li>Verimli Hidrolik \u00c7al\u0131\u015fma: Hidrolik ya\u011f\u0131n bas\u0131nc\u0131ndan yararlan\u0131larak d\u00fczg\u00fcn uzatma ve b\u00fcz\u00fclme hareketleri sa\u011flan\u0131r, kontrol komutlar\u0131na h\u0131zl\u0131 tepki verilir, g\u00fc\u00e7l\u00fc itme ve \u00e7ekme kuvvetleri sa\u011flan\u0131r ve a\u011f\u0131r nesnelerin ve karma\u015f\u0131k operasyonel g\u00f6revlerin ta\u015f\u0131nmas\u0131 i\u00e7in uygundur.<\/li>\n<li>\u00c7oklu Tipler: Operasyonel ihtiya\u00e7lara g\u00f6re tek etkili (sadece tek y\u00f6nde hidrolik kullan\u0131lan) veya \u00e7ift etkili (her iki y\u00f6nde hidrolik kullan\u0131lan) silindirler se\u00e7ilebilir. Baz\u0131 modeller teleskopiktir ve d\u0131\u015f boyutlar\u0131 art\u0131rmadan daha fazla geni\u015flemeye olanak tan\u0131r, s\u0131n\u0131rl\u0131 alana sahip uygulamalar i\u00e7in uygundur.<\/li>\n<li>Kolay De\u011fi\u015fim: \u00dcr\u00fcn\u00fcm\u00fcz bu hidrolik silindirlerin yerini m\u00fckemmel \u015fekilde alabilir.<\/li>\n<\/ul>\n<p><img decoding=\"async\" src=\"https:\/\/www.hydraulic-cylinders.net\/wp-content\/uploads\/2025\/01\/songte-cylinder-head-with-all-kinds-excavator-models.webp\" alt=\"Kova Silindiri G\u00f6r\u00fcnt\u00fcs\u00fc\"><\/p>\n<h2>Ba\u015fvuru<\/h2>\n<p>Kova silindirleri, in\u015faat ekipmanlar\u0131, tar\u0131m makineleri, ekskavat\u00f6rler ve y\u00fckleyiciler gibi \u00e7e\u015fitli end\u00fcstrilerde yayg\u0131n olarak kullan\u0131lmaktad\u0131r. Baz\u0131 uygulamalar\u0131 \u015funlard\u0131r:<\/p>\n<ul>\n<li>\u0130n\u015faat Ekipmanlar\u0131: Ekskavat\u00f6rlerde, toprak veya moloz kazma, y\u00fckleme ve ta\u015f\u0131ma i\u015flemlerinde kritik \u00f6neme sahiptirler. Beko ekskavat\u00f6rlerde, kova silindirleri hem kazma hem de kald\u0131rma i\u015flemlerinde yard\u0131mc\u0131 olur. \u00d6n y\u00fckleyicilerde ise, etkili malzeme ta\u015f\u0131ma i\u00e7in kald\u0131rma ve e\u011fme i\u015flemlerinde yard\u0131mc\u0131 olurlar.<\/li>\n<li>Tar\u0131m Makinalar\u0131: \u00d6n y\u00fckleyicilerde toprak, saman ve di\u011fer malzemeleri kep\u00e7elemek, kald\u0131rmak ve ta\u015f\u0131mak i\u00e7in kullan\u0131l\u0131r.<\/li>\n<li>Ekskavat\u00f6rler: Kova silindirleri, kovan\u0131n topra\u011fa n\u00fcfuz etmesini sa\u011flayarak kazma i\u015flemini m\u00fcmk\u00fcn k\u0131lar.<\/li>\n<li>Y\u00fckleyiciler: \u00d6n y\u00fckleyicilerde, y\u00fck\u00fcn etkili bir \u015fekilde kald\u0131r\u0131lmas\u0131na ve bo\u015falt\u0131lmas\u0131na yard\u0131mc\u0131 olurlar.<\/li>\n<\/ul>\n<h2>Tasar\u0131m Hususlar\u0131 ve Se\u00e7im Standartlar\u0131<\/h2>\n<p>Kova silindirleri tasarlan\u0131rken, baz\u0131 hususlar ve se\u00e7im standartlar\u0131 \u00f6nemlidir:<\/p>\n<ul>\n<li>Ta\u015f\u0131ma Kapasitesi: Ta\u015f\u0131mas\u0131 \u00f6ng\u00f6r\u00fclen maksimum y\u00fck\u00fc ta\u015f\u0131yabilmelidir.<\/li>\n<li>S\u0131zd\u0131rmazl\u0131k: Piston contalar\u0131, biyel contalar\u0131 vb. gibi \u00e7e\u015fitli s\u0131zd\u0131rmazl\u0131k elemanlar\u0131 kullan\u0131lmal\u0131d\u0131r. Poli\u00fcretan ve nitril kau\u00e7uk dayan\u0131kl\u0131 malzemelerdir.<\/li>\n<li>Dayan\u0131kl\u0131l\u0131k: Silindir g\u00f6vdesi ve di\u015fli u\u00e7 y\u00fczeyleri a\u015f\u0131nma direncini art\u0131rmak i\u00e7in hassas bir \u015fekilde i\u015flenmelidir.<\/li>\n<li>G\u00fcvenlik: Patlamaya dayan\u0131kl\u0131 tasar\u0131m gibi g\u00fcvenlik hususlar\u0131 dikkate al\u0131nmal\u0131d\u0131r.<\/li>\n<li>Bak\u0131m: Kolay bak\u0131m ve onar\u0131m, bile\u015fenlere kolay eri\u015fim, basit de\u011fi\u015ftirme vb.<\/li>\n<\/ul>\n<p><img decoding=\"async\" src=\"https:\/\/www.hydraulic-cylinders.net\/wp-content\/uploads\/2025\/01\/songte-oil-pipes-and-spare-parts.webp\" alt=\"Kova Silindiri G\u00f6r\u00fcnt\u00fcs\u00fc\"><\/p>\n<h2>S\u0131zd\u0131rmazl\u0131k ve Ya\u011flama<\/h2>\n<p>Kova silindirlerinde hava s\u0131zd\u0131rmazl\u0131\u011f\u0131n\u0131 sa\u011flamak ve dayan\u0131kl\u0131l\u0131\u011f\u0131 art\u0131rmak i\u00e7in \u00e7e\u015fitli s\u0131zd\u0131rmazl\u0131k bile\u015fenleri kullan\u0131lmal\u0131d\u0131r. Politetrafloroetilen (PTFE) ve poli\u00fcretan, s\u0131zd\u0131rmazl\u0131k halkalar\u0131 i\u00e7in kullan\u0131lan iki pop\u00fcler malzemedir. D\u00fczg\u00fcn \u00e7al\u0131\u015fmas\u0131n\u0131 sa\u011flamak i\u00e7in uygun hidrolik ya\u011f ile d\u00fczenli ya\u011flama da gereklidir.<\/p>\n<h2>Bak\u0131m ve Onar\u0131m<\/h2>\n<p>D\u00fczenli bak\u0131m ve \u00f6nleyici tedbirler, kova silindirlerinin kullan\u0131m \u00f6mr\u00fcn\u00fc uzatabilir. Baz\u0131 \u00f6nlemler \u015funlard\u0131r:<\/p>\n<ul>\n<li>D\u00fczenli denetim<\/li>\n<li>Yeterli ya\u011flama<\/li>\n<li>Conta de\u011fi\u015fimi<\/li>\n<li>Kalibrasyon kontrol\u00fc<\/li>\n<\/ul>\n<p>Montaj s\u0131ras\u0131nda silindiri do\u011fru \u015fekilde hizalamak ve sabitlemek i\u00e7in uygun montaj braketlerini kullanmak \u00f6nemlidir. Ayr\u0131ca, optimum performans sa\u011flamak i\u00e7in \u00f6nerilen muayene, onar\u0131m ve de\u011fi\u015ftirme prosed\u00fcrlerini takip etmek de \u00f6nemlidir.<\/p>\n<p><img decoding=\"async\" src=\"https:\/\/www.hydraulic-cylinders.net\/wp-content\/uploads\/2025\/01\/songte-chushion-collar.webp\" alt=\"Kova Silindiri G\u00f6r\u00fcnt\u00fcs\u00fc\"><\/p>\n<h2>G\u00fcvenlik Hususlar\u0131 ve \u00c7evresel Fakt\u00f6rler<\/h2>\n<p>Kova silindirleri dikkatli bir \u015fekilde ta\u015f\u0131nmal\u0131d\u0131r. Kazalar\u0131 \u00f6nlemek i\u00e7in g\u00fcvenlik kurallar\u0131na uyulmal\u0131d\u0131r. A\u015f\u0131r\u0131 s\u0131cakl\u0131klara, neme veya a\u015f\u0131nd\u0131r\u0131c\u0131 maddelere maruz kalma gibi \u00e7evresel fakt\u00f6rler de g\u00f6z \u00f6n\u00fcnde bulundurulmal\u0131d\u0131r.<\/p>\n<h2>Sorun Giderme ve Yayg\u0131n Sorunlar<\/h2>\n<p>Kova silindirlerinde kar\u015f\u0131la\u015f\u0131lan yayg\u0131n sorunlardan baz\u0131lar\u0131 \u015funlard\u0131r:<\/p>\n<ul>\n<li>Silindirden s\u0131z\u0131nt\u0131<\/li>\n<li>Yava\u015f \u00e7al\u0131\u015fma veya sars\u0131nt\u0131l\u0131 hareket<\/li>\n<li>Silindir kaymas\u0131<\/li>\n<li>Silindirin uzat\u0131lmas\u0131 veya geri \u00e7ekilmesinde ar\u0131za<\/li>\n<\/ul>\n<p>Bu sorunlar\u0131n do\u011fru te\u015fhisi ve giderilmesi, d\u00fczenli muayene, tespit edilen sorunlar\u0131n derhal ele al\u0131nmas\u0131 ve \u00f6nerilen bak\u0131m ve onar\u0131m prosed\u00fcrlerinin izlenmesiyle sa\u011flanabilir.<\/p>\n<p><img decoding=\"async\" src=\"https:\/\/www.hydraulic-cylinders.net\/wp-content\/uploads\/2025\/01\/songte-bushings-with-all-kinds-of-excavator-models.webp\" alt=\"Kova Silindiri G\u00f6r\u00fcnt\u00fcs\u00fc\"><\/p>\n<h2>\u015eirketimiz Hakk\u0131nda<\/h2>\n<p>Eksiksiz bir \u00fcr\u00fcn yelpazesine sahip yedek hidrolik silindir \u00fcreticisiyiz. Yurt i\u00e7i ve yurt d\u0131\u015f\u0131 pazarlarda lider hidrolik silindir \u00fcreticilerinden ve toptan da\u011f\u0131t\u0131c\u0131lar\u0131ndan biri haline geldik. M\u00fckemmel kalite ilkesine ba\u011fl\u0131 kalarak, kaliteli \u00fcretim at\u00f6lyelerinin end\u00fcstriyel \u00fcretim y\u00f6netimi stratejisine g\u00fcveniyoruz. At\u00f6lyelerimizin \u00fcretim platformunu s\u00fcrekli geli\u015ftiriyor, \u00fcr\u00fcn kalitesi \u00fcretim rotas\u0131n\u0131 m\u00fckemmelle\u015ftiriyor ve m\u00fc\u015fterilerin \u00e7e\u015fitli ihtiya\u00e7lar\u0131n\u0131 y\u00fcksek verimlilik, y\u00fcksek hassasiyet ve y\u00fcksek kaliteyle kar\u015f\u0131lamak i\u00e7in g\u00fc\u00e7l\u00fc bir yarat\u0131c\u0131l\u0131\u011fa sahibiz. <\/p>\n<p>\u00d6zelle\u015ftirilmi\u015f hizmetler, uluslararas\u0131 sertifikasyon ve kaliteli \u00fcretim ekipmanlar\u0131 sunuyoruz. Sat\u0131\u015f sonras\u0131 hizmetimiz kusursuzdur ve hidrolik silindirlerin \u00f6mr\u00fcn\u00fc uzatmak i\u00e7in par\u00e7a de\u011fi\u015fimi ve onar\u0131m hizmetleri sunar. <\/p>\n<p><img decoding=\"async\" src=\"https:\/\/hzpt.com\/wp-content\/uploads\/2024\/11\/songte-company-1.webp\" alt=\"Kova Silindiri G\u00f6r\u00fcnt\u00fcs\u00fc\"><\/p>\n<p>Yazar: lyl<\/p>","protected":false},"excerpt":{"rendered":"<p>Bucket Cylinder For Komatsu Large Excavator PC400-3-5-6-7-8 Introduction A bucket cylinder is a specially designed hydraulic cylinder used to control the movement of buckets in heavy machinery such as excavators, backhoe excavators, and front-end loaders. Its main function is to enable the bucket to lift, lower, and tilt, making it easier to handle various material [&hellip;]<\/p>","protected":false},"featured_media":14784,"comment_status":"open","ping_status":"closed","template":"","meta":{"_et_pb_use_builder":"","_et_pb_old_content":"","_et_gb_content_width":""},"product_brand":[],"product_cat":[1494],"product_tag":[1495,1496],"class_list":{"0":"post-15151","1":"product","2":"type-product","3":"status-publish","4":"has-post-thumbnail","6":"product_cat-bucket-cylinders","7":"product_tag-bucket-cylinders","8":"product_tag-hydraulic-cylinders","10":"first","11":"instock","12":"shipping-taxable","13":"product-type-simple"},"amp_enabled":true,"_links":{"self":[{"href":"https:\/\/www.hydraulic-cylinders.net\/tr\/wp-json\/wp\/v2\/product\/15151","targetHints":{"allow":["GET"]}}],"collection":[{"href":"https:\/\/www.hydraulic-cylinders.net\/tr\/wp-json\/wp\/v2\/product"}],"about":[{"href":"https:\/\/www.hydraulic-cylinders.net\/tr\/wp-json\/wp\/v2\/types\/product"}],"replies":[{"embeddable":true,"href":"https:\/\/www.hydraulic-cylinders.net\/tr\/wp-json\/wp\/v2\/comments?post=15151"}],"wp:featuredmedia":[{"embeddable":true,"href":"https:\/\/www.hydraulic-cylinders.net\/tr\/wp-json\/wp\/v2\/media\/14784"}],"wp:attachment":[{"href":"https:\/\/www.hydraulic-cylinders.net\/tr\/wp-json\/wp\/v2\/media?parent=15151"}],"wp:term":[{"taxonomy":"product_brand","embeddable":true,"href":"https:\/\/www.hydraulic-cylinders.net\/tr\/wp-json\/wp\/v2\/product_brand?post=15151"},{"taxonomy":"product_cat","embeddable":true,"href":"https:\/\/www.hydraulic-cylinders.net\/tr\/wp-json\/wp\/v2\/product_cat?post=15151"},{"taxonomy":"product_tag","embeddable":true,"href":"https:\/\/www.hydraulic-cylinders.net\/tr\/wp-json\/wp\/v2\/product_tag?post=15151"}],"curies":[{"name":"wp","href":"https:\/\/api.w.org\/{rel}","templated":true}]}}