{"id":15152,"date":"2025-01-19T14:10:16","date_gmt":"2025-01-19T14:10:16","guid":{"rendered":"https:\/\/www.hydraulic-cylinders.net\/product\/bucket-cylinder-for-komatsu-large-excavator-pc70lc-8\/"},"modified":"2025-01-19T14:10:18","modified_gmt":"2025-01-19T14:10:18","slug":"bucket-cylinder-for-komatsu-large-excavator-pc70lc-8","status":"publish","type":"product","link":"https:\/\/www.hydraulic-cylinders.net\/tr\/urun\/bucket-cylinder-for-komatsu-large-excavator-pc70lc-8\/","title":{"rendered":"Komatsu B\u00fcy\u00fck Ekskavat\u00f6r PC70LC-8 \u0130\u00e7in Kova Silindiri"},"content":{"rendered":"<h1>Komatsu B\u00fcy\u00fck Ekskavat\u00f6r PC70LC-8 \u0130\u00e7in Kova Silindiri<\/h1>\n<h2>girii\u015f<\/h2>\n<p>Komatsu b\u00fcy\u00fck ekskavat\u00f6r PC70LC-8 i\u00e7in kova silindiri, ekskavat\u00f6rler, bekolu y\u00fckleyiciler ve \u00f6n y\u00fckleyiciler gibi a\u011f\u0131r i\u015f makinelerinde kovan\u0131n hareketini kontrol etmek i\u00e7in kullan\u0131lan \u00f6zel olarak tasarlanm\u0131\u015f bir hidrolik silindirdir. Ana i\u015flevi, kovan\u0131n kald\u0131rma, indirme ve yat\u0131rma i\u015flemlerini ger\u00e7ekle\u015ftirerek \u00e7e\u015fitli malzeme ta\u015f\u0131ma g\u00f6revlerinin \u00fcstesinden gelmeyi kolayla\u015ft\u0131rmakt\u0131r. Hidrolik sistemde, kova silindiri, hidrolik ya\u011f bas\u0131nc\u0131ndaki de\u011fi\u015fikliklerle kovan\u0131n hassas kontrol\u00fcn\u00fc sa\u011flayarak operat\u00f6rlerin a\u011f\u0131r y\u00fckleri verimli bir \u015fekilde ta\u015f\u0131mas\u0131na ve karma\u015f\u0131k \u00e7al\u0131\u015fma ortamlar\u0131na ve \u00e7e\u015fitli operasyonel gereksinimlere uyum sa\u011flamas\u0131na olanak tan\u0131r.<\/p>\n<p><img decoding=\"async\" src=\"https:\/\/www.hydraulic-cylinders.net\/wp-content\/uploads\/2025\/01\/songte-company-2.webp\"><\/p>\n<h2>\u00d6zellikler<\/h2>\n<ul>\n<li>Y\u00fcksek mukavemet ve dayan\u0131kl\u0131l\u0131k: Genellikle y\u00fcksek mukavemetli \u00e7elik veya al\u00fcminyumdan \u00fcretilen bu \u00fcr\u00fcnler, y\u00fcksek bas\u0131nca ve a\u011f\u0131r y\u00fcklere dayanabilir, zorlu \u00e7al\u0131\u015fma ortamlar\u0131na uyum sa\u011flayabilir ve a\u015f\u0131nma ve korozyon direnci d\u00fc\u015f\u00fcn\u00fclerek tasarlanarak hizmet \u00f6mr\u00fc uzat\u0131l\u0131r.<\/li>\n<li>Verimli hidrolik \u00e7al\u0131\u015fma: Hidrolik ya\u011f\u0131n bas\u0131nc\u0131 kullan\u0131larak elde edilen p\u00fcr\u00fczs\u00fcz teleskopik hareket, operasyonel komutlara h\u0131zl\u0131 bir \u015fekilde yan\u0131t verebilme, g\u00fc\u00e7l\u00fc itme ve \u00e7ekme kuvveti sa\u011flama, a\u011f\u0131r y\u00fckleri ve karma\u015f\u0131k operasyonel g\u00f6revleri ta\u015f\u0131maya uygun.<\/li>\n<li>\u00c7e\u015fitli tipler: Farkl\u0131 operasyonel ihtiya\u00e7lar\u0131 kar\u015f\u0131lamak i\u00e7in tek etkili (sadece tek y\u00f6nde hidrolik) veya \u00e7ift etkili (her iki y\u00f6nde hidrolik) silindirler ihtiyaca g\u00f6re se\u00e7ilebilir. Baz\u0131 modeller teleskopiktir ve harici boyutu art\u0131rmadan daha fazla geni\u015flemeye olanak tan\u0131r, s\u0131n\u0131rl\u0131 alana sahip uygulamalar i\u00e7in uygundur.<\/li>\n<li>\u00dcretimi kolayd\u0131r: \u00dcr\u00fcn\u00fcm\u00fcz bu hidrolik silindirlerin yerine m\u00fckemmel bir \u015fekilde kullan\u0131labilir.<\/li>\n<\/ul>\n<p><img decoding=\"async\" src=\"https:\/\/www.hydraulic-cylinders.net\/wp-content\/uploads\/2025\/01\/songte-cylinder-head-with-all-kinds-excavator-models.webp\"><\/p>\n<h2>Uygulamalar<\/h2>\n<p>Komatsu b\u00fcy\u00fck ekskavat\u00f6r PC70LC-8 i\u00e7in kova silindiri a\u015fa\u011f\u0131dakiler de dahil olmak \u00fczere \u00e7e\u015fitli end\u00fcstrilerde kullan\u0131labilir:<\/p>\n<ul>\n<li>\u0130n\u015faat ekipmanlar\u0131: Ekskavat\u00f6rlerde, kazma, y\u00fckleme ve toprak veya moloz ta\u015f\u0131mada hayati \u00f6nem ta\u015f\u0131rlar. Beko ekskavat\u00f6rlerde ise kova silindiri hem kazma hem de kald\u0131rma i\u015flemlerinde yard\u0131mc\u0131 olur. <\/li>\n<li>Tar\u0131m makineleri: \u00d6n y\u00fckleyicilerde, toprak, saman ve di\u011fer malzemeleri kep\u00e7elemek, kald\u0131rmak ve ta\u015f\u0131mak i\u00e7in kullan\u0131l\u0131r. Ekskavat\u00f6rler: Kova silindirleri, kovan\u0131n topra\u011fa n\u00fcfuz etmesini sa\u011flayarak kazma i\u015flemini m\u00fcmk\u00fcn k\u0131lar.<\/li>\n<li>Y\u00fckleyiciler: \u00d6n y\u00fckleyicilerde, mallar\u0131n etkili bir \u015fekilde kald\u0131r\u0131lmas\u0131na ve e\u011filmesine yard\u0131mc\u0131 olurlar.<\/li>\n<\/ul>\n<h2>Tasar\u0131m Hususlar\u0131 ve Se\u00e7im Kriterleri<\/h2>\n<p>Kova silindirleri tasarlan\u0131rken ve se\u00e7ilirken y\u00fck ta\u015f\u0131ma kapasitesi, s\u0131zd\u0131rmazl\u0131k, dayan\u0131kl\u0131l\u0131k, g\u00fcvenlik ve bak\u0131m kolayl\u0131\u011f\u0131 gibi temel fakt\u00f6rler g\u00f6z \u00f6n\u00fcnde bulundurulmal\u0131d\u0131r:<\/p>\n<ul>\n<li>Y\u00fck ta\u015f\u0131ma kapasitesi: Silindir, y\u00fck\u00fcn a\u011f\u0131rl\u0131\u011f\u0131na ve hidrolik sistemin bas\u0131nc\u0131na dayanabilmelidir.<\/li>\n<li>S\u0131zd\u0131rmazl\u0131k: Piston contalar\u0131 ve biyel contalar\u0131 gibi \u00e7e\u015fitli s\u0131zd\u0131rmazl\u0131k elemanlar\u0131, uzun kullan\u0131m \u00f6mr\u00fc sa\u011flamak i\u00e7in poli\u00fcretan ve nitril kau\u00e7uk gibi a\u015f\u0131nmaya dayan\u0131kl\u0131 malzemelerden se\u00e7ilmelidir.<\/li>\n<li>Dayan\u0131kl\u0131l\u0131k: Silindir g\u00f6vdesinin y\u00fczeyi ve di\u015fli u\u00e7 y\u00fczeyi a\u015f\u0131nma direncini art\u0131rmak i\u00e7in hassas bir \u015fekilde i\u015flenmelidir.<\/li>\n<li>G\u00fcvenlik: Kova silindirleri tasarlan\u0131rken ve se\u00e7ilirken her zaman g\u00fcvenli kurulum, \u00e7al\u0131\u015ft\u0131rma ve bak\u0131m dikkate al\u0131nmal\u0131d\u0131r.<\/li>\n<li>Bak\u0131m Kolayl\u0131\u011f\u0131: Silindirin uzun \u00f6m\u00fcrl\u00fc olmas\u0131 i\u00e7in d\u00fczenli bak\u0131m yap\u0131lmas\u0131 gerekir.<\/li>\n<\/ul>\n<p><img decoding=\"async\" src=\"https:\/\/www.hydraulic-cylinders.net\/wp-content\/uploads\/2025\/01\/songte-oil-pipes-and-spare-parts.webp\"><\/p>\n<h2>S\u0131zd\u0131rmazl\u0131k ve Ya\u011flama<\/h2>\n<p>Silindirin s\u0131zd\u0131rmazl\u0131\u011f\u0131n\u0131 ve ya\u011flanmas\u0131n\u0131 sa\u011flamak i\u00e7in piston ke\u00e7eleri ve piston kolu ke\u00e7eleri gibi \u00e7e\u015fitli s\u0131zd\u0131rmazl\u0131k elemanlar\u0131 kullan\u0131l\u0131r. Poli\u00fcretan ve nitril kau\u00e7uk gibi a\u015f\u0131nmaya dayan\u0131kl\u0131 malzemelerden \u00fcretilirler. Silindir g\u00f6vdesi ve di\u015fli u\u00e7 y\u00fczeyi, a\u015f\u0131nma direncini art\u0131rmak i\u00e7in hassas bir \u015fekilde i\u015flenmi\u015ftir. Ya\u011flama i\u00e7in d\u00fczenli olarak uygun miktarda hidrolik ya\u011f eklenmesi gerekir.<\/p>\n<p><img decoding=\"async\" src=\"https:\/\/www.hydraulic-cylinders.net\/wp-content\/uploads\/2025\/01\/songte-chushion-collar.webp\"><\/p>\n<h2>Bak\u0131m ve Onar\u0131m<\/h2>\n<p>D\u00fczenli kontroller ve \u00f6nleyici bak\u0131m \u00f6nlemleri al\u0131nmal\u0131d\u0131r, bunlar \u015funlar\u0131 i\u00e7erir:<\/p>\n<ul>\n<li>D\u00fczenli muayeneler ve ya\u011flama<\/li>\n<li>Conta de\u011fi\u015fimi ve kalibrasyon kontrolleri<\/li>\n<li>Silindirin do\u011fru montaj\u0131 ve hizalanmas\u0131<\/li>\n<li>Silindiri sabitlemek i\u00e7in uygun montaj braketlerinin kullan\u0131lmas\u0131<\/li>\n<li>\u00d6nerilen muayene, onar\u0131m ve de\u011fi\u015ftirme prosed\u00fcrleri<\/li>\n<li>Par\u00e7a de\u011fi\u015fimi ve yeniden yap\u0131m hizmetleri<\/li>\n<\/ul>\n<h2>G\u00fcvenlik ve \u00c7evresel Hususlar<\/h2>\n<p>Kova silindirleri kullan\u0131l\u0131rken g\u00fcvenlik \u00f6nlemleri son derece \u00f6nemlidir. \u00c7evresel etki de g\u00f6z \u00f6n\u00fcnde bulundurulmal\u0131 ve olumsuz etkiyi en aza indirmek i\u00e7in uygun \u00f6nlemler al\u0131nmal\u0131d\u0131r.<\/p>\n<h2>Ar\u0131za Te\u015fhisi ve Yayg\u0131n Sorunlar<\/h2>\n<p>Kova silindirlerinde s\u0131k kar\u015f\u0131la\u015f\u0131lan sorunlar \u015funlard\u0131r:<\/p>\n<ul>\n<li>Yetersiz hidrolik bas\u0131n\u00e7<\/li>\n<li>S\u0131zd\u0131ran contalar<\/li>\n<li>B\u00fck\u00fclm\u00fc\u015f veya hasarl\u0131 piston \u00e7ubu\u011fu<\/li>\n<li>A\u015f\u0131nm\u0131\u015f silindir namlusu<\/li>\n<\/ul>\n<p>Bu sorunlar\u0131n \u00e7\u00f6z\u00fcm\u00fc i\u00e7in uygun ar\u0131za te\u015fhisi ve ar\u0131za giderme \u00f6nlemlerinin al\u0131nmas\u0131 gerekir.<\/p>\n<p><img decoding=\"async\" src=\"https:\/\/www.hydraulic-cylinders.net\/wp-content\/uploads\/2025\/01\/songte-bushings-with-all-kinds-of-excavator-models.webp\"><\/p>\n<h2>Hakk\u0131m\u0131zda<\/h2>\n<p>Eksiksiz bir \u00fcr\u00fcn yelpazesine sahip yedek hidrolik silindir \u00fcreticisiyiz. Yurt i\u00e7i ve yurt d\u0131\u015f\u0131 pazarlarda lider hidrolik silindir \u00fcreticilerinden ve toptan da\u011f\u0131t\u0131c\u0131lar\u0131ndan biriyiz. M\u00fckemmellik ilkesini izliyor ve hassas \u00fcretim at\u00f6lyelerimizde end\u00fcstriyel \u00fcretim y\u00f6netimi stratejilerine g\u00fcveniyoruz. Teknolojik yeteneklerimizi, dijitalle\u015ftirilmi\u015f \u00fcst d\u00fczey \u00fcretim ekipmanlar\u0131n\u0131 ve profesyonel test sistemlerini kullanarak at\u00f6lyemizin \u00fcretim platformunu s\u00fcrekli olarak geli\u015ftiriyor, \u00fcr\u00fcn kalitesi \u00fcretim hatt\u0131n\u0131 iyile\u015ftiriyor ve m\u00fc\u015fterilerimizin \u00e7e\u015fitli ihtiya\u00e7lar\u0131n\u0131 kar\u015f\u0131lamak i\u00e7in y\u00fcksek verimli, y\u00fcksek hassasiyetli ve y\u00fcksek kaliteli \u00fcr\u00fcnler \u00fcretme konusunda g\u00fc\u00e7l\u00fc bir yetene\u011fe sahibiz.<\/p>\n<p><img decoding=\"async\" src=\"https:\/\/hzpt.com\/wp-content\/uploads\/2024\/11\/songte-company-1.webp\"><\/p>\n<p>Uluslararas\u0131 sertifikasyon, \u00f6zelle\u015ftirilmi\u015f hizmetler, \u00fcretim ekipmanlar\u0131 ve sat\u0131\u015f sonras\u0131 hizmetler konusunda uzmanla\u015f\u0131yoruz. Amac\u0131m\u0131z, m\u00fc\u015fterilerimize en iyi \u00fcr\u00fcn ve hizmetleri sunmakt\u0131r.<\/p>\n<p>Yazar: lyl<\/p>","protected":false},"excerpt":{"rendered":"<p>Bucket Cylinder For Komatsu Large Excavator PC70LC-8 Introduction The bucket cylinder for Komatsu large excavator PC70LC-8 is a specifically designed hydraulic cylinder used to control the movement of the bucket in heavy machinery such as excavators, backhoes, and front loaders. Its main function is to enable the bucket to lift, lower and tilt, making it [&hellip;]<\/p>","protected":false},"featured_media":14782,"comment_status":"open","ping_status":"closed","template":"","meta":{"_et_pb_use_builder":"","_et_pb_old_content":"","_et_gb_content_width":""},"product_brand":[],"product_cat":[1494],"product_tag":[1495,1496],"class_list":{"0":"post-15152","1":"product","2":"type-product","3":"status-publish","4":"has-post-thumbnail","6":"product_cat-bucket-cylinders","7":"product_tag-bucket-cylinders","8":"product_tag-hydraulic-cylinders","10":"first","11":"instock","12":"shipping-taxable","13":"product-type-simple"},"amp_enabled":true,"_links":{"self":[{"href":"https:\/\/www.hydraulic-cylinders.net\/tr\/wp-json\/wp\/v2\/product\/15152","targetHints":{"allow":["GET"]}}],"collection":[{"href":"https:\/\/www.hydraulic-cylinders.net\/tr\/wp-json\/wp\/v2\/product"}],"about":[{"href":"https:\/\/www.hydraulic-cylinders.net\/tr\/wp-json\/wp\/v2\/types\/product"}],"replies":[{"embeddable":true,"href":"https:\/\/www.hydraulic-cylinders.net\/tr\/wp-json\/wp\/v2\/comments?post=15152"}],"wp:featuredmedia":[{"embeddable":true,"href":"https:\/\/www.hydraulic-cylinders.net\/tr\/wp-json\/wp\/v2\/media\/14782"}],"wp:attachment":[{"href":"https:\/\/www.hydraulic-cylinders.net\/tr\/wp-json\/wp\/v2\/media?parent=15152"}],"wp:term":[{"taxonomy":"product_brand","embeddable":true,"href":"https:\/\/www.hydraulic-cylinders.net\/tr\/wp-json\/wp\/v2\/product_brand?post=15152"},{"taxonomy":"product_cat","embeddable":true,"href":"https:\/\/www.hydraulic-cylinders.net\/tr\/wp-json\/wp\/v2\/product_cat?post=15152"},{"taxonomy":"product_tag","embeddable":true,"href":"https:\/\/www.hydraulic-cylinders.net\/tr\/wp-json\/wp\/v2\/product_tag?post=15152"}],"curies":[{"name":"wp","href":"https:\/\/api.w.org\/{rel}","templated":true}]}}