{"id":15153,"date":"2025-01-19T14:10:20","date_gmt":"2025-01-19T14:10:20","guid":{"rendered":"https:\/\/www.hydraulic-cylinders.net\/product\/bucket-cylinder-for-komatsu-large-excavator-pc1250-7\/"},"modified":"2025-01-19T14:10:22","modified_gmt":"2025-01-19T14:10:22","slug":"bucket-cylinder-for-komatsu-large-excavator-pc1250-7","status":"publish","type":"product","link":"https:\/\/www.hydraulic-cylinders.net\/tr\/urun\/bucket-cylinder-for-komatsu-large-excavator-pc1250-7\/","title":{"rendered":"Komatsu B\u00fcy\u00fck Ekskavat\u00f6r PC1250-7 \u0130\u00e7in Kova Silindiri"},"content":{"rendered":"<h2>Komatsu B\u00fcy\u00fck Ekskavat\u00f6r PC1250-7 \u0130\u00e7in Kova Silindiri<\/h2>\n<p>Komatsu B\u00fcy\u00fck Ekskavat\u00f6r Kova Silindiri PC1250-7, ekskavat\u00f6rler, beko-loderler ve \u00f6n y\u00fckleyiciler gibi a\u011f\u0131r i\u015f makinelerinde kovan\u0131n hareketini kontrol etmek i\u00e7in tasarlanm\u0131\u015f \u00f6zel bir hidrolik silindirdir. Ana i\u015flevi, kovan\u0131n kald\u0131r\u0131lmas\u0131n\u0131, indirilmesini ve e\u011filmesini sa\u011flayarak \u00e7e\u015fitli malzeme ta\u015f\u0131ma g\u00f6revlerinin ger\u00e7ekle\u015ftirilmesini kolayla\u015ft\u0131rmakt\u0131r. Hidrolik sistemde, kova silindiri, hidrolik ya\u011f\u0131n bas\u0131n\u00e7 de\u011fi\u015fimlerini kullanarak kovan\u0131n hassas kontrol\u00fcn\u00fc sa\u011flar ve operat\u00f6rlerin a\u011f\u0131r y\u00fckleri verimli bir \u015fekilde ta\u015f\u0131mas\u0131na, karma\u015f\u0131k \u00e7al\u0131\u015fma ortamlar\u0131na ve \u00e7e\u015fitli i\u015f gereksinimlerine uyum sa\u011flamas\u0131na olanak tan\u0131r.<\/p>\n<p><img decoding=\"async\" src=\"https:\/\/www.hydraulic-cylinders.net\/wp-content\/uploads\/2025\/01\/songte-company-2.webp\" alt=\"Kova Silindiri G\u00f6r\u00fcnt\u00fcs\u00fc\"><\/p>\n<h3>Komatsu B\u00fcy\u00fck Ekskavat\u00f6r PC1250-7 i\u00e7in Kova Silindirinin \u00d6zellikleri:<\/h3>\n<ol>\n<li>Y\u00fcksek Mukavemet ve Dayan\u0131kl\u0131l\u0131k: Y\u00fcksek mukavemetli \u00e7elik veya al\u00fcminyumdan \u00fcretilen bu \u00fcr\u00fcn, y\u00fcksek bas\u0131n\u00e7 ve a\u011f\u0131r y\u00fcklere dayanabilir ve zorlu \u00e7al\u0131\u015fma ortamlar\u0131na uyum sa\u011flayabilir. Tasar\u0131m\u0131nda, kullan\u0131m \u00f6mr\u00fcn\u00fc uzatmak i\u00e7in a\u015f\u0131nma ve korozyon direnci g\u00f6z \u00f6n\u00fcnde bulundurulmu\u015ftur.<\/li>\n<li>Verimli Hidrolik \u00c7al\u0131\u015fma: Hidrolik ya\u011f\u0131n bas\u0131nc\u0131n\u0131 kullanarak, g\u00fc\u00e7l\u00fc itme ve \u00e7ekme kuvvetleri sa\u011flayarak, a\u011f\u0131r y\u00fckleri ve karma\u015f\u0131k i\u015f g\u00f6revlerini ta\u015f\u0131maya uygun, d\u00fczg\u00fcn uzatma ve geri \u00e7ekme hareketleri ger\u00e7ekle\u015ftirir.<\/li>\n<li>\u00c7e\u015fitli Tipler: Farkl\u0131 operasyonel ihtiya\u00e7lar\u0131 kar\u015f\u0131lamak i\u00e7in tek etkili (sadece tek y\u00f6nde hidrolik kullan\u0131lan) veya \u00e7ift etkili (her iki y\u00f6nde hidrolik kullan\u0131lan) silindirler mevcuttur. Baz\u0131 modeller teleskopiktir ve d\u0131\u015f boyutlar\u0131 art\u0131rmadan daha fazla uzatma sa\u011flar; dar alan uygulamalar\u0131 i\u00e7in idealdir.<\/li>\n<li>M\u00fckemmel De\u011fi\u015ftirme: \u00dcr\u00fcn\u00fcm\u00fcz bu hidrolik silindirlerin yerini m\u00fckemmel bir \u015fekilde alabilir, uyumluluk ve performans sa\u011flar.<\/li>\n<\/ol>\n<p><img decoding=\"async\" src=\"https:\/\/www.hydraulic-cylinders.net\/wp-content\/uploads\/2025\/01\/songte-cylinder-head-with-all-kinds-excavator-models.webp\" alt=\"Yedek Silindir G\u00f6r\u00fcnt\u00fcs\u00fc\"><\/p>\n<h3>Komatsu B\u00fcy\u00fck Ekskavat\u00f6r PC1250-7 i\u00e7in Kova Silindirinin Uygulamalar\u0131:<\/h3>\n<p>1. \u0130n\u015faat Ekipmanlar\u0131:<\/p>\n<ul>\n<li>Ekskavat\u00f6rler: Kaz\u0131, y\u00fckleme ve toprak veya molozlar\u0131n ta\u015f\u0131nmas\u0131 i\u00e7in hayati \u00f6nem ta\u015f\u0131r.<\/li>\n<li>Beko Loderler: Hem kazma hem de kald\u0131rma i\u015flerinde yard\u0131mc\u0131 olurlar.<\/li>\n<\/ul>\n<p>2. Tar\u0131m Makinalar\u0131:<\/p>\n<ul>\n<li>\u00d6n Y\u00fckleyiciler: Toprak, saman ve di\u011fer malzemeleri kep\u00e7elemek, kald\u0131rmak ve ta\u015f\u0131mak i\u00e7in kullan\u0131l\u0131r.<\/li>\n<\/ul>\n<p>3. Ekskavat\u00f6rler:<\/p>\n<ul>\n<li>Kova Silindiri, kovan\u0131n topra\u011fa n\u00fcfuz etmesini sa\u011flayarak kazma i\u015fleminin yap\u0131lmas\u0131n\u0131 sa\u011flar.<\/li>\n<\/ul>\n<p>4. \u00d6n Y\u00fckleyiciler:<\/p>\n<ul>\n<li>\u00d6n y\u00fckleyicilerde, mallar\u0131n etkili bir \u015fekilde kald\u0131r\u0131lmas\u0131na ve bo\u015falt\u0131lmas\u0131na yard\u0131mc\u0131 olurlar.<\/li>\n<\/ul>\n<p><img decoding=\"async\" src=\"https:\/\/www.hydraulic-cylinders.net\/wp-content\/uploads\/2025\/01\/songte-oil-pipes-and-spare-parts.webp\" alt=\"Kullan\u0131mdaki Hidrolik Silindir\"><\/p>\n<h3>Tasar\u0131m Hususlar\u0131 ve Se\u00e7im Kriterleri:<\/h3>\n<ol>\n<li>Ta\u015f\u0131ma Kapasitesi: Silindir, ama\u00e7lanan y\u00fck kapasitesine dayanacak \u015fekilde tasarlanm\u0131\u015ft\u0131r.<\/li>\n<li>S\u0131zd\u0131rmazl\u0131k: Poli\u00fcretan ve nitril kau\u00e7uk gibi a\u015f\u0131nmaya dayan\u0131kl\u0131 malzemelerden yap\u0131lm\u0131\u015f piston contalar\u0131 ve piston kolu contalar\u0131 gibi \u00e7e\u015fitli contalar kullan\u0131lmaktad\u0131r. Silindir g\u00f6vdesi ve di\u015fli u\u00e7 y\u00fczeyi, a\u015f\u0131nma direncini art\u0131rmak i\u00e7in hassas bir \u015fekilde i\u015flenmi\u015ftir.<\/li>\n<li>Dayan\u0131kl\u0131l\u0131k: Yap\u0131, zorlu ortamlarda uzun s\u00fcreli performans sa\u011flar.<\/li>\n<li>G\u00fcvenlik: Silindir tasar\u0131m\u0131, \u00e7al\u0131\u015fma s\u0131ras\u0131nda kazalar\u0131 \u00f6nlemek i\u00e7in g\u00fcvenlik \u00f6zelliklerini b\u00fcnyesinde bar\u0131nd\u0131rmaktad\u0131r.<\/li>\n<li>Bak\u0131m kolayl\u0131\u011f\u0131: Tavsiye edilen muayene ve de\u011fi\u015ftirme prosed\u00fcrleri ile kolay bak\u0131m ve onar\u0131m.<\/li>\n<\/ol>\n<p><img decoding=\"async\" src=\"https:\/\/www.hydraulic-cylinders.net\/wp-content\/uploads\/2025\/01\/songte-chushion-collar.webp\" alt=\"Yast\u0131k Yaka G\u00f6rseli\"><\/p>\n<h3>Silindirin S\u0131zd\u0131rmazl\u0131\u011f\u0131 ve Ya\u011flanmas\u0131:<\/h3>\n<p>Silindir, a\u015f\u0131nma direnci i\u00e7in poli\u00fcretan ve nitril kau\u00e7uk gibi malzemelerden se\u00e7ilen piston contalar\u0131 ve piston kolu contalar\u0131 gibi \u00e7e\u015fitli contalar kullan\u0131r. Silindir g\u00f6vdesi ve di\u015fli u\u00e7 y\u00fczeyi, a\u015f\u0131nma direncini art\u0131rmak i\u00e7in hassas bir i\u015flemden ge\u00e7irilir. Uygun miktarda hidrolik ya\u011f ile d\u00fczenli ya\u011flama gereklidir.<\/p>\n<h3>D\u00fczenli Muayene ve \u00d6nleyici Bak\u0131m \u00d6nlemleri:<\/h3>\n<ol>\n<li>Silindiri d\u00fczenli olarak hasar veya s\u0131z\u0131nt\u0131 belirtileri a\u00e7\u0131s\u0131ndan inceleyin.<\/li>\n<li>Uygun ya\u011flamay\u0131 sa\u011flay\u0131n ve gerekti\u011finde contalar\u0131 de\u011fi\u015ftirin.<\/li>\n<li>Optimum performans\u0131 korumak i\u00e7in kalibrasyon kontrollerini ger\u00e7ekle\u015ftirin.<\/li>\n<\/ol>\n<h3>Uygun Kurulum K\u0131lavuzu:<\/h3>\n<p>1. Montaj i\u015flemi s\u0131ras\u0131nda silindiri do\u011fru \u015fekilde hizalay\u0131n.<\/p>\n<p>2. Silindiri sabitlemek i\u00e7in uygun montaj braketlerini kullan\u0131n.<\/p>\n<h3>Yayg\u0131n Bak\u0131m G\u00f6revleri:<\/h3>\n<p>1. D\u00fczenli Kontrol: Silindiri a\u015f\u0131nma veya hasar belirtileri a\u00e7\u0131s\u0131ndan d\u00fczenli olarak kontrol edin.<\/p>\n<p>2. Uygun Ya\u011flama: D\u00fczg\u00fcn \u00e7al\u0131\u015fmay\u0131 s\u00fcrd\u00fcrmek i\u00e7in yeterli ya\u011flamay\u0131 sa\u011flay\u0131n.<\/p>\n<p>3. Conta De\u011fi\u015fimi: Contalarda a\u015f\u0131nma veya s\u0131z\u0131nt\u0131 belirtileri g\u00f6r\u00fcld\u00fc\u011f\u00fcnde de\u011fi\u015ftirin.<\/p>\n<p>Kova Silindirinin do\u011fru \u015fekilde tak\u0131lmas\u0131, ya\u011flanmas\u0131 ve ayarlanmas\u0131 \u00f6nemlidir. Kurulum s\u0131ras\u0131nda silindirin hizalanmas\u0131 konusunda rehberlik sa\u011flamak, silindiri sabitlemek i\u00e7in uygun montaj braketlerinin kullan\u0131lmas\u0131n\u0131 \u00f6nermek ve silindirin \u00f6mr\u00fcn\u00fc uzatmak i\u00e7in uygun muayene, onar\u0131m ve de\u011fi\u015ftirme prosed\u00fcrlerini \u00f6nermek.<\/p>\n<p><img decoding=\"async\" src=\"https:\/\/www.hydraulic-cylinders.net\/wp-content\/uploads\/2025\/01\/songte-bushings-with-all-kinds-of-excavator-models.webp\" alt=\"Bur\u00e7lar G\u00f6r\u00fcnt\u00fcs\u00fc\"><\/p>\n<h3>G\u00fcvenlik Hususlar\u0131 ve \u00c7evresel Fakt\u00f6rler:<\/h3>\n<p>Kova Silindirini kullan\u0131rken kazalar\u0131 \u00f6nlemek ve \u00e7evresel etkiyi en aza indirmek i\u00e7in g\u00fcvenlik \u00f6nlemlerine uymak \u00f6nemlidir.<\/p>\n<h3>Ar\u0131za Te\u015fhisi ve Yayg\u0131n Sorunlar:<\/h3>\n<p>1. Ar\u0131za Te\u015fhisi: Yayg\u0131n sorunlar i\u00e7in sorun giderme ipu\u00e7lar\u0131 ve \u00e7\u00f6z\u00fcmler sa\u011flay\u0131n.<\/p>\n<p>2. \u00d6nleyici Tedbirler: Olas\u0131 sorunlar\u0131 en aza indirmek i\u00e7in \u00f6nleyici tedbirler \u00f6nerin.<\/p>\n<p><img decoding=\"async\" src=\"https:\/\/www.hydraulic-cylinders.net\/wp-content\/uploads\/2025\/01\/songte-company-1.webp\" alt=\"Songte \u015eirket G\u00f6rseli\"><\/p>\n<p>Makaleyi mant\u0131kl\u0131 bir \u015fekilde d\u00fczenlemeyi, kolay gezinme i\u00e7in alt ba\u015fl\u0131klar kullanmay\u0131, anlay\u0131\u015f\u0131 geli\u015ftirmek i\u00e7in ilgili g\u00f6rseller veya grafikler eklemeyi ve i\u00e7eri\u011fin farkl\u0131 teknik bilgi seviyelerine sahip okuyucular i\u00e7in a\u00e7\u0131k, \u00f6z ve uygun olmas\u0131n\u0131 sa\u011flamay\u0131 unutmay\u0131n.<\/p>\n<h2>\u015eirketimiz Hakk\u0131nda<\/h2>\n<p>Yedek hidrolik silindir \u00fcreticisi ve yurt i\u00e7i ve yurt d\u0131\u015f\u0131 pazarlarda lider hidrolik silindir \u00fcreticilerinden ve toptan da\u011f\u0131t\u0131c\u0131lar\u0131ndan biriyiz. Geli\u015fmi\u015f bir \u00fcretim at\u00f6lyesinin end\u00fcstriyel \u00fcretim y\u00f6netimi stratejisine dayanarak, m\u00fckemmel kalite ilkelerine ba\u011fl\u0131 kal\u0131yoruz. \u015eirketimiz, \u00fcretim platformunu s\u00fcrekli geli\u015ftiriyor, \u00fcr\u00fcn kalitesi \u00fcretim s\u00fcrecini m\u00fckemmelle\u015ftiriyor ve g\u00fc\u00e7l\u00fc yarat\u0131c\u0131 yeteneklere sahip. Y\u00fcksek verimlilik, y\u00fcksek hassasiyet ve y\u00fcksek kalite prensipleriyle farkl\u0131 m\u00fc\u015fteri ihtiya\u00e7lar\u0131n\u0131 kar\u015f\u0131lamay\u0131 hedefliyoruz.<\/p>\n<p><img decoding=\"async\" src=\"https:\/\/www.hydraulic-cylinders.net\/wp-content\/uploads\/2025\/01\/songte-company-3.webp\" alt=\"Songte \u015eirket G\u00f6rseli\"><\/p>\n<p>Profesyonellikten, uluslararas\u0131 sertifikasyonlara, \u00f6zelle\u015ftirilmi\u015f hizmetlerden, \u00fcretim ekipmanlar\u0131ndan, sat\u0131\u015f sonras\u0131 hizmete kadar firmam\u0131z\u0131n kapsaml\u0131 bir tan\u0131t\u0131m\u0131n\u0131 sa\u011fl\u0131yoruz.<\/p>\n<p>Yazar: lyl<\/p>","protected":false},"excerpt":{"rendered":"<p>Bucket Cylinder For Komatsu Large Excavator PC1250-7 Bucket Cylinder for Komatsu Large Excavator PC1250-7 is a specialized hydraulic cylinder designed to control the movement of the bucket in heavy machinery such as excavators, backhoe loaders, and front loaders. Its main function is to enable the lifting, lowering, and tilting of the bucket, making it easier [&hellip;]<\/p>","protected":false},"featured_media":14780,"comment_status":"open","ping_status":"closed","template":"","meta":{"_et_pb_use_builder":"","_et_pb_old_content":"","_et_gb_content_width":""},"product_brand":[],"product_cat":[1494],"product_tag":[1495,1496],"class_list":{"0":"post-15153","1":"product","2":"type-product","3":"status-publish","4":"has-post-thumbnail","6":"product_cat-bucket-cylinders","7":"product_tag-bucket-cylinders","8":"product_tag-hydraulic-cylinders","10":"first","11":"instock","12":"shipping-taxable","13":"product-type-simple"},"amp_enabled":true,"_links":{"self":[{"href":"https:\/\/www.hydraulic-cylinders.net\/tr\/wp-json\/wp\/v2\/product\/15153","targetHints":{"allow":["GET"]}}],"collection":[{"href":"https:\/\/www.hydraulic-cylinders.net\/tr\/wp-json\/wp\/v2\/product"}],"about":[{"href":"https:\/\/www.hydraulic-cylinders.net\/tr\/wp-json\/wp\/v2\/types\/product"}],"replies":[{"embeddable":true,"href":"https:\/\/www.hydraulic-cylinders.net\/tr\/wp-json\/wp\/v2\/comments?post=15153"}],"wp:featuredmedia":[{"embeddable":true,"href":"https:\/\/www.hydraulic-cylinders.net\/tr\/wp-json\/wp\/v2\/media\/14780"}],"wp:attachment":[{"href":"https:\/\/www.hydraulic-cylinders.net\/tr\/wp-json\/wp\/v2\/media?parent=15153"}],"wp:term":[{"taxonomy":"product_brand","embeddable":true,"href":"https:\/\/www.hydraulic-cylinders.net\/tr\/wp-json\/wp\/v2\/product_brand?post=15153"},{"taxonomy":"product_cat","embeddable":true,"href":"https:\/\/www.hydraulic-cylinders.net\/tr\/wp-json\/wp\/v2\/product_cat?post=15153"},{"taxonomy":"product_tag","embeddable":true,"href":"https:\/\/www.hydraulic-cylinders.net\/tr\/wp-json\/wp\/v2\/product_tag?post=15153"}],"curies":[{"name":"wp","href":"https:\/\/api.w.org\/{rel}","templated":true}]}}