{"id":15168,"date":"2025-01-19T14:11:26","date_gmt":"2025-01-19T14:11:26","guid":{"rendered":"https:\/\/www.hydraulic-cylinders.net\/product\/bucket-cylinder-for-sumitomo-small-excavator-sh100a1a2a3\/"},"modified":"2025-01-19T14:11:28","modified_gmt":"2025-01-19T14:11:28","slug":"bucket-cylinder-for-sumitomo-small-excavator-sh100a1a2a3","status":"publish","type":"product","link":"https:\/\/www.hydraulic-cylinders.net\/tr\/urun\/bucket-cylinder-for-sumitomo-small-excavator-sh100a1a2a3\/","title":{"rendered":"Sumitomo SH100A1A2A3 K\u00fc\u00e7\u00fck Ekskavat\u00f6r \u0130\u00e7in Kep\u00e7e Silindiri"},"content":{"rendered":"<h1>Sumitomo SH100A1A2A3 K\u00fc\u00e7\u00fck Ekskavat\u00f6r \u0130\u00e7in Kep\u00e7e Silindiri<\/h1>\n<h2>girii\u015f<\/h2>\n<p>Sumitomo SH100A1A2A3 k\u00fc\u00e7\u00fck ekskavat\u00f6r i\u00e7in kep\u00e7e silindiri, ekskavat\u00f6rler, kaz\u0131c\u0131 y\u00fckleyiciler ve \u00f6n y\u00fckleyiciler gibi a\u011f\u0131r makinelerde kep\u00e7enin hareketini kontrol etmek i\u00e7in tasarlanm\u0131\u015f \u00f6zel bir hidrolik silindirdir. Ana i\u015flevi, kep\u00e7enin kald\u0131r\u0131lmas\u0131n\u0131, indirilmesini ve e\u011filmesini sa\u011flayarak \u00e7e\u015fitli malzeme ta\u015f\u0131ma g\u00f6revlerini kolayla\u015ft\u0131rmakt\u0131r. Kep\u00e7e silindiri, hidrolik sistemdeki hidrolik ya\u011f bas\u0131nc\u0131ndaki de\u011fi\u015fiklikler yoluyla kep\u00e7enin hareketinin hassas kontrol\u00fcn\u00fc sa\u011flar ve operat\u00f6rlerin a\u011f\u0131r nesneleri verimli bir \u015fekilde ta\u015f\u0131mas\u0131na, karma\u015f\u0131k \u00e7al\u0131\u015fma ortamlar\u0131na ve \u00e7e\u015fitli i\u015f gereksinimlerine uyum sa\u011flamas\u0131na olanak tan\u0131r.<\/p>\n<p><img decoding=\"async\" src=\"https:\/\/www.hydraulic-cylinders.net\/wp-content\/uploads\/2025\/01\/songte-company-2.webp\"><\/p>\n<h2>\u00d6zellikler<\/h2>\n<ul>\n<li>Y\u00fcksek mukavemet ve dayan\u0131kl\u0131l\u0131k: Genellikle y\u00fcksek mukavemetli \u00e7elik veya al\u00fcminyumdan \u00fcretilen bu malzeme, y\u00fcksek bas\u0131nca ve a\u011f\u0131r y\u00fcklere dayanabilir, zorlu \u00e7al\u0131\u015fma ortamlar\u0131na uyum sa\u011flayabilir ve kullan\u0131m \u00f6mr\u00fcn\u00fc uzatmak i\u00e7in a\u015f\u0131nma ve korozyon direnci g\u00f6z \u00f6n\u00fcnde bulundurularak tasarlanm\u0131\u015ft\u0131r.<\/li>\n<li>Verimli hidrolik \u00e7al\u0131\u015fma: Hidrolik ya\u011f bas\u0131nc\u0131 kullan\u0131larak d\u00fczg\u00fcn uzama ve daralma sa\u011flan\u0131r. Kontrol komutlar\u0131na h\u0131zl\u0131 yan\u0131t verebilir, g\u00fc\u00e7l\u00fc itme ve \u00e7ekme kuvvetleri sa\u011flayabilir ve a\u011f\u0131r nesnelerin ve karma\u015f\u0131k i\u015flerin ta\u015f\u0131nmas\u0131 i\u00e7in uygundur.<\/li>\n<li>\u00c7e\u015fitli tipler: Farkl\u0131 \u00e7al\u0131\u015fma ihtiya\u00e7lar\u0131n\u0131 kar\u015f\u0131lamak i\u00e7in tek etkili (hidrolik sadece tek y\u00f6nde kullan\u0131l\u0131r) veya \u00e7ift etkili (hidrolik her iki y\u00f6nde kullan\u0131l\u0131r) silindirler se\u00e7ilebilir. Baz\u0131 modeller teleskopiktir, bu da d\u0131\u015f boyutlar\u0131 art\u0131rmadan daha fazla uzatmaya olanak tan\u0131r ve bu da onlar\u0131 s\u0131n\u0131rl\u0131 alan uygulamalar\u0131 i\u00e7in uygun hale getirir.<\/li>\n<li>Kolay kurulum: \u015eirketimiz bu \u00fcr\u00fcn\u00fc \u00fcretebilir ve \u00fcr\u00fcn\u00fcm\u00fcz bu hidrolik silindirlerin yerini m\u00fckemmel \u015fekilde alabilir.<\/li>\n<\/ul>\n<p><img decoding=\"async\" src=\"https:\/\/www.hydraulic-cylinders.net\/wp-content\/uploads\/2025\/01\/songte-cylinder-head-with-all-kinds-excavator-models.webp\"><\/p>\n<h2>Uygulamalar<\/h2>\n<p>Kova silindirinin \u00e7ok \u00e7e\u015fitli kullan\u0131m alanlar\u0131 vard\u0131r, \u00f6rne\u011fin:<\/p>\n<ul>\n<li>\u0130n\u015faat ekipmanlar\u0131: Ekskavat\u00f6rlerde, toprak veya molozun kaz\u0131lmas\u0131, y\u00fcklenmesi ve ta\u015f\u0131nmas\u0131 i\u00e7in kritik \u00f6neme sahiptirler. Kaz\u0131c\u0131 y\u00fckleyicilerde ise kep\u00e7e silindiri hem kazmaya hem de kald\u0131rmaya yard\u0131mc\u0131 olur. <\/li>\n<li>Tar\u0131m makineleri: \u00d6n y\u00fckleyicilerde toprak, saman ve di\u011fer malzemeleri kep\u00e7elemek, kald\u0131rmak ve ta\u015f\u0131mak i\u00e7in kullan\u0131l\u0131r. <\/li>\n<li>Ekskavat\u00f6rler: Kova silindiri, kovan\u0131n topra\u011fa n\u00fcfuz etmesini sa\u011flayarak kazma eylemini ger\u00e7ekle\u015ftirir.<\/li>\n<li>Y\u00fckleyiciler: \u00d6n y\u00fckleyicilerde, mallar\u0131n verimli bir \u015fekilde kald\u0131r\u0131lmas\u0131na ve devrilmesine yard\u0131mc\u0131 olurlar.<\/li>\n<\/ul>\n<p>Kova silindirinin farkl\u0131 uygulamalarda nas\u0131l kullan\u0131ld\u0131\u011f\u0131na dair baz\u0131 \u00f6rnekler \u015funlard\u0131r:<\/p>\n<h3>\u0130n\u015faat ekipmanlar\u0131<\/h3>\n<p>Ekskavat\u00f6rlerde, toprak veya moloz kazma, y\u00fckleme ve ta\u015f\u0131ma i\u015flemlerinde kritik \u00f6neme sahiptirler. Kaz\u0131c\u0131 y\u00fckleyicilerde ise kova silindiri hem kazma hem de kald\u0131rma i\u015flemlerine yard\u0131mc\u0131 olur.<\/p>\n<h3>Tar\u0131m makineleri<\/h3>\n<p>\u00d6n y\u00fckleyicilerde toprak, saman ve di\u011fer malzemeleri kep\u00e7elemek, kald\u0131rmak ve ta\u015f\u0131mak i\u00e7in kullan\u0131l\u0131r.<\/p>\n<h3>Ekskavat\u00f6rler<\/h3>\n<p>Kova silindiri, kovan\u0131n topra\u011fa n\u00fcfuz etmesini sa\u011flayarak kazma eylemini ger\u00e7ekle\u015ftirir.<\/p>\n<h3>Y\u00fckleyiciler<\/h3>\n<p>\u00d6n y\u00fckleyicilerde, mallar\u0131n verimli bir \u015fekilde kald\u0131r\u0131lmas\u0131na ve devrilmesine yard\u0131mc\u0131 olurlar.<\/p>\n<h2>Tasar\u0131m Hususlar\u0131 ve Se\u00e7im Kriterleri<\/h2>\n<h3>Y\u00fck ta\u015f\u0131ma kapasitesi<\/h3>\n<p>Kova silindiri, a\u011f\u0131r y\u00fckleri ve y\u00fcksek bas\u0131nc\u0131 destekleyecek \u015fekilde tasarlanm\u0131\u015ft\u0131r. Kullan\u0131lan malzemeler, \u00f6rne\u011fin y\u00fcksek mukavemetli \u00e7elik veya al\u00fcminyum, dayan\u0131kl\u0131l\u0131klar\u0131, a\u015f\u0131nmaya ve korozyona kar\u015f\u0131 diren\u00e7leri nedeniyle se\u00e7ilmi\u015ftir. <\/p>\n<h3>S\u0131zd\u0131rmazl\u0131k ve Dayan\u0131kl\u0131l\u0131k<\/h3>\n<p>Piston contalar\u0131 ve mil contalar\u0131 gibi \u00e7e\u015fitli s\u0131zd\u0131rmazl\u0131k elemanlar\u0131, hidrolik s\u0131v\u0131n\u0131n silindirden s\u0131zmas\u0131n\u0131 \u00f6nlemek i\u00e7in kullan\u0131l\u0131r. Bunlar, poli\u00fcretan ve nitril kau\u00e7uk gibi a\u015f\u0131nmaya dayan\u0131kl\u0131 malzemelerden yap\u0131lm\u0131\u015ft\u0131r. Silindir g\u00f6vdesinin i\u00e7 y\u00fczeyi ve di\u015fli ucu, a\u015f\u0131nma direncini art\u0131rmak i\u00e7in hassas bir \u015fekilde i\u015flenmi\u015ftir. Dayan\u0131kl\u0131l\u0131\u011f\u0131 korumak i\u00e7in d\u00fczenli olarak uygun miktarda hidrolik ya\u011f eklenmesi gereklidir.<\/p>\n<p><img decoding=\"async\" src=\"https:\/\/www.hydraulic-cylinders.net\/wp-content\/uploads\/2025\/01\/songte-oil-pipes-and-spare-parts.webp\"><\/p>\n<h2>Bak\u0131m ve Onar\u0131m<\/h2>\n<p>Kep\u00e7e silindirinin uzun s\u00fcreli \u00e7al\u0131\u015fmas\u0131n\u0131 sa\u011flamak i\u00e7in d\u00fczenli bak\u0131m ve \u00f6nleyici tedbirler gereklidir. \u0130\u015fte baz\u0131 \u00f6nemli g\u00f6revler:<\/p>\n<h3>Kurulum<\/h3>\n<p>Silindiri takarken, silindirin do\u011fru \u015fekilde hizalanmas\u0131 ve yerine sabitlemek i\u00e7in uygun montaj braketlerinin kullan\u0131lmas\u0131 \u00e7ok \u00f6nemlidir.<\/p>\n<h3>Bak\u0131m<\/h3>\n<p>D\u00fczenli bak\u0131m i\u015flemleri aras\u0131nda uygun ya\u011flama, contalar\u0131n a\u015f\u0131nma ve s\u0131z\u0131nt\u0131 a\u00e7\u0131s\u0131ndan kontrol edilmesi ve silindirin hasar veya ar\u0131za belirtileri a\u00e7\u0131s\u0131ndan incelenmesi yer al\u0131r.<\/p>\n<h3>Tamirat<\/h3>\n<p>Hasar veya ar\u0131za durumunda, silindirin baz\u0131 bile\u015fenlerinin de\u011fi\u015ftirilmesi veya tamamen yeniden yap\u0131lmas\u0131 gerekebilir. \u015eirketimiz, silindirin \u00f6mr\u00fcn\u00fc uzatmaya ve ar\u0131za s\u00fcresini azaltmaya yard\u0131mc\u0131 olmak i\u00e7in yedek par\u00e7a ve yeniden yap\u0131m hizmetleri sunmaktad\u0131r.<\/p>\n<p><img decoding=\"async\" src=\"https:\/\/www.hydraulic-cylinders.net\/wp-content\/uploads\/2025\/01\/songte-chushion-collar.webp\"><\/p>\n<h2>G\u00fcvenlik Hususlar\u0131 ve \u00c7evresel Fakt\u00f6rler<\/h2>\n<p>Kova silindiri kullan\u0131l\u0131rken g\u00fcvenlik \u00f6nlemleri son derece \u00f6nemlidir. Operat\u00f6rlerin silindiri g\u00fcvenli ve etkili bir \u015fekilde kullanabilmeleri i\u00e7in uygun e\u011fitim gereklidir. S\u0131cakl\u0131k ve nem gibi \u00e7evresel fakt\u00f6rler de silindirin performans\u0131n\u0131 ve \u00f6mr\u00fcn\u00fc etkileyebilir.<\/p>\n<h2>Yayg\u0131n Sorunlar ve Sorun Giderme<\/h2>\n<p>Kova silindiri kullan\u0131m s\u0131ras\u0131nda s\u0131z\u0131nt\u0131, g\u00fcr\u00fclt\u00fc veya yava\u015f \u00e7al\u0131\u015fma gibi \u00e7e\u015fitli sorunlarla kar\u015f\u0131la\u015fabilir. Ar\u0131za s\u00fcrelerini en aza indirmek i\u00e7in bu sorunlar\u0131n do\u011fru ve etkili bir \u015fekilde te\u015fhis edilmesi \u00e7ok \u00f6nemlidir. D\u00fczenli bak\u0131m ve do\u011fru kurulum da \u00f6nemli \u00f6nleyici tedbirlerdir.<\/p>\n<p><img decoding=\"async\" src=\"https:\/\/www.hydraulic-cylinders.net\/wp-content\/uploads\/2025\/01\/songte-bushings-with-all-kinds-of-excavator-models.webp\"><\/p>\n<h2>\u015eirketimiz Hakk\u0131nda<\/h2>\n<p>Firmam\u0131z, yurt i\u00e7i ve yurt d\u0131\u015f\u0131 pazarlarda hidrolik silindirlerin \u00f6nde gelen \u00fcreticisi ve toptanc\u0131s\u0131d\u0131r. M\u00fckemmel kalitede \u00fcr\u00fcnler sunmaya kendimizi adam\u0131\u015f olup, \u00fcretim platformlar\u0131m\u0131z\u0131 ve \u00fcr\u00fcn kalitemizi s\u00fcrekli olarak geli\u015ftirmek i\u00e7in geli\u015fmi\u015f teknoloji ve profesyonel test sistemleri kullan\u0131m\u0131 gibi end\u00fcstriyel \u00fcretim y\u00f6netim stratejilerimize g\u00fcveniyoruz. G\u00fc\u00e7l\u00fc inovasyon ve yarat\u0131c\u0131l\u0131k yeteneklerimiz, \u00e7e\u015fitli m\u00fc\u015fteri ihtiya\u00e7lar\u0131n\u0131 y\u00fcksek verimlilik, do\u011fruluk ve kaliteyle kar\u015f\u0131lamam\u0131z\u0131 sa\u011flamaktad\u0131r.<\/p>\n<h3>Profesyonellik<\/h3>\n<p>M\u00fc\u015fterilerimizin ihtiya\u00e7lar\u0131na en iyi \u00e7\u00f6z\u00fcmleri sunmaya kendini adam\u0131\u015f, deneyimli profesyonellerden olu\u015fan bir ekibimiz var.<\/p>\n<h3>Uluslararas\u0131 Sertifikasyon<\/h3>\n<p>\u015eirketimiz, \u00fcr\u00fcnlerimizin kalitesinin uluslararas\u0131 standartlara uygunlu\u011funu sa\u011flayan ISO9001, CE ve SGS gibi \u00e7e\u015fitli uluslararas\u0131 sertifikalar\u0131 alm\u0131\u015ft\u0131r.<\/p>\n<h3>\u00d6zelle\u015ftirme<\/h3>\n<p>M\u00fc\u015fterilerimizin \u00e7e\u015fitli ihtiya\u00e7lar\u0131n\u0131 kar\u015f\u0131lamak i\u00e7in \u00f6zelle\u015ftirilmi\u015f hizmetler sunuyoruz; bunlar aras\u0131nda \u00f6zelle\u015ftirilmi\u015f tasar\u0131m, \u00fcretim ve ambalajlaman\u0131n yan\u0131 s\u0131ra ki\u015fiye \u00f6zel sat\u0131\u015f sonras\u0131 hizmetler de yer almaktad\u0131r.<\/p>\n<h3>\u00dcretim Ekipmanlar\u0131<\/h3>\n<p>\u015eirketimiz, \u00fcretimde y\u00fcksek verimlilik ve hassasiyet sa\u011flamak i\u00e7in CNC makineleri ve otomatik montaj hatlar\u0131 gibi geli\u015fmi\u015f \u00fcretim ekipmanlar\u0131 kullanmaktad\u0131r.<\/p>\n<h3>Sat\u0131\u015f Sonras\u0131 Hizmet<\/h3>\n<p>M\u00fc\u015fterilerimizin \u00fcr\u00fcnlerimizi kullanma s\u00fcrecinde kar\u015f\u0131la\u015ft\u0131klar\u0131 sorunlar\u0131 \u00e7\u00f6zmelerine yard\u0131mc\u0131 olmak i\u00e7in profesyonel sat\u0131\u015f sonras\u0131 hizmet sunuyoruz. Ayr\u0131ca m\u00fc\u015fterilerimizin beceri ve bilgilerini geli\u015ftirmelerine yard\u0131mc\u0131 olmak i\u00e7in teknik destek ve e\u011fitim hizmetleri de sa\u011fl\u0131yoruz.<\/p>\n<p><img decoding=\"async\" src=\"https:\/\/www.hydraulic-cylinders.net\/wp-content\/uploads\/2025\/01\/songte-company-3.webp\"><\/p>\n<p>Yazar: lyl.<\/p>","protected":false},"excerpt":{"rendered":"<p>Bucket Cylinder For Sumitomo Small Excavator SH100A1A2A3 Introduction The bucket cylinder for Sumitomo small excavator SH100A1A2A3 is a specialized hydraulic cylinder designed to control the movement of the bucket in heavy machinery such as excavators, backhoe loaders, and front-end loaders. Its main function is to enable the bucket to lift, lower, and tilt, making it [&hellip;]<\/p>","protected":false},"featured_media":14780,"comment_status":"open","ping_status":"closed","template":"","meta":{"_et_pb_use_builder":"","_et_pb_old_content":"","_et_gb_content_width":""},"product_brand":[],"product_cat":[1494],"product_tag":[1495,1496],"class_list":{"0":"post-15168","1":"product","2":"type-product","3":"status-publish","4":"has-post-thumbnail","6":"product_cat-bucket-cylinders","7":"product_tag-bucket-cylinders","8":"product_tag-hydraulic-cylinders","10":"first","11":"instock","12":"shipping-taxable","13":"product-type-simple"},"amp_enabled":true,"_links":{"self":[{"href":"https:\/\/www.hydraulic-cylinders.net\/tr\/wp-json\/wp\/v2\/product\/15168","targetHints":{"allow":["GET"]}}],"collection":[{"href":"https:\/\/www.hydraulic-cylinders.net\/tr\/wp-json\/wp\/v2\/product"}],"about":[{"href":"https:\/\/www.hydraulic-cylinders.net\/tr\/wp-json\/wp\/v2\/types\/product"}],"replies":[{"embeddable":true,"href":"https:\/\/www.hydraulic-cylinders.net\/tr\/wp-json\/wp\/v2\/comments?post=15168"}],"wp:featuredmedia":[{"embeddable":true,"href":"https:\/\/www.hydraulic-cylinders.net\/tr\/wp-json\/wp\/v2\/media\/14780"}],"wp:attachment":[{"href":"https:\/\/www.hydraulic-cylinders.net\/tr\/wp-json\/wp\/v2\/media?parent=15168"}],"wp:term":[{"taxonomy":"product_brand","embeddable":true,"href":"https:\/\/www.hydraulic-cylinders.net\/tr\/wp-json\/wp\/v2\/product_brand?post=15168"},{"taxonomy":"product_cat","embeddable":true,"href":"https:\/\/www.hydraulic-cylinders.net\/tr\/wp-json\/wp\/v2\/product_cat?post=15168"},{"taxonomy":"product_tag","embeddable":true,"href":"https:\/\/www.hydraulic-cylinders.net\/tr\/wp-json\/wp\/v2\/product_tag?post=15168"}],"curies":[{"name":"wp","href":"https:\/\/api.w.org\/{rel}","templated":true}]}}