{"id":15175,"date":"2025-01-19T14:12:01","date_gmt":"2025-01-19T14:12:01","guid":{"rendered":"https:\/\/www.hydraulic-cylinders.net\/product\/bucket-cylinder-for-sumitomo-middle-excavator-sh210-5\/"},"modified":"2025-01-19T14:12:03","modified_gmt":"2025-01-19T14:12:03","slug":"bucket-cylinder-for-sumitomo-middle-excavator-sh210-5","status":"publish","type":"product","link":"https:\/\/www.hydraulic-cylinders.net\/tr\/urun\/bucket-cylinder-for-sumitomo-middle-excavator-sh210-5\/","title":{"rendered":"Sumitomo Orta Ekskavat\u00f6r SH210-5 i\u00e7in Kova Silindiri"},"content":{"rendered":"<h1>Sumitomo Orta Ekskavat\u00f6r SH210-5 i\u00e7in Kova Silindiri<\/h1>\n<h2>girii\u015f<\/h2>\n<p>Sumitomo SH210-5 orta ekskavat\u00f6r\u00fcn\u00fcn kova silindiri, ekskavat\u00f6rler, kep\u00e7eli ekskavat\u00f6rler ve \u00f6n y\u00fckleyiciler gibi a\u011f\u0131r i\u015f makinelerinde kovan\u0131n hareketini kontrol etmek i\u00e7in kullan\u0131lan \u00f6zel olarak tasarlanm\u0131\u015f bir hidrolik silindirdir. Ana i\u015flevi, kovan\u0131n kald\u0131r\u0131lmas\u0131n\u0131, indirilmesini ve e\u011filmesini sa\u011flayarak \u00e7e\u015fitli malzeme ta\u015f\u0131ma g\u00f6revleri i\u00e7in uygundur. Hidrolik sistemde, kova silindiri, hidrolik ya\u011f\u0131n bas\u0131n\u00e7 de\u011fi\u015fimini kullanarak kovan\u0131n hassas kontrol\u00fcn\u00fc sa\u011flar ve operat\u00f6rlerin a\u011f\u0131r y\u00fckleri verimli bir \u015fekilde ta\u015f\u0131mas\u0131n\u0131 ve karma\u015f\u0131k \u00e7al\u0131\u015fma ortamlar\u0131na ve \u00e7e\u015fitli i\u015f gereksinimlerine uyum sa\u011flamas\u0131n\u0131 m\u00fcmk\u00fcn k\u0131lar.<\/p>\n<p><img decoding=\"async\" src=\"https:\/\/www.hydraulic-cylinders.net\/wp-content\/uploads\/2025\/01\/songte-company-2.webp\" alt=\"Sumitomo Orta Ekskavat\u00f6r SH210-5 i\u00e7in Kova Silindiri\"><\/p>\n<h2>\u00d6zellikler<\/h2>\n<ul>\n<li>\n<h3>Y\u00fcksek mukavemet ve dayan\u0131kl\u0131l\u0131k<\/h3>\n<p>Kova silindiri genellikle y\u00fcksek mukavemetli \u00e7elik veya al\u00fcminyumdan \u00fcretilir, y\u00fcksek bas\u0131nca ve a\u011f\u0131r y\u00fcklere dayan\u0131kl\u0131d\u0131r ve zorlu \u00e7al\u0131\u015fma ortamlar\u0131na uyum sa\u011flar. Tasar\u0131m\u0131, a\u015f\u0131nma ve korozyon direncini g\u00f6z \u00f6n\u00fcnde bulundurarak hizmet \u00f6mr\u00fcn\u00fc uzat\u0131r.<\/p>\n<\/li>\n<li>\n<h3>Verimli hidrolik \u00e7al\u0131\u015fma<\/h3>\n<p>Hidrolik ya\u011f bas\u0131nc\u0131n\u0131 kullanarak d\u00fczg\u00fcn uzama ve b\u00fcz\u00fclme sa\u011flayan kova silindiri, \u00e7al\u0131\u015fma komutlar\u0131na h\u0131zl\u0131 bir \u015fekilde yan\u0131t verebilir, g\u00fc\u00e7l\u00fc itme ve \u00e7ekme kuvveti sa\u011flar, a\u011f\u0131r y\u00fckleri ve karma\u015f\u0131k i\u015fleri ta\u015f\u0131maya uygundur.<\/p>\n<\/li>\n<li>\n<h3>\u00c7e\u015fitli tipler<\/h3>\n<p>Kova silindiri, farkl\u0131 operasyonel gereksinimleri kar\u015f\u0131lamak \u00fczere ihtiyaca g\u00f6re tek etkili (sadece tek y\u00f6nde hidrolik kullanan) veya \u00e7ift etkili (her iki y\u00f6nde hidrolik kullanan) olarak se\u00e7ilebilir. Baz\u0131 modeller teleskopiktir ve d\u0131\u015f boyutlar\u0131 art\u0131rmadan daha fazla uzatma imkan\u0131 sunarak dar alan uygulamalar\u0131 i\u00e7in uygundur.<\/p>\n<\/li>\n<li>\n<h3>De\u011fi\u015ftirilebilir<\/h3>\n<p>\u00dcr\u00fcnlerimiz bu hidrolik silindirlerin yerini m\u00fckemmel bir \u015fekilde alabilecek kapasitede olup, bu \u00fcr\u00fcn\u00fc \u00fcretebiliyoruz.<\/p>\n<\/li>\n<\/ul>\n<p><img decoding=\"async\" src=\"https:\/\/www.hydraulic-cylinders.net\/wp-content\/uploads\/2025\/01\/songte-cylinder-head-with-all-kinds-excavator-models.webp\" alt=\"Sumitomo Orta Ekskavat\u00f6r SH210-5 i\u00e7in Kova Silindiri\"><\/p>\n<h2>Ba\u015fvuru<\/h2>\n<p>Kova silindiri \u00e7e\u015fitli a\u011f\u0131r makinelerde yayg\u0131n olarak kullan\u0131l\u0131r, baz\u0131 tipik uygulamalar \u015funlard\u0131r:<\/p>\n<ul>\n<li>\n<h3>\u0130n\u015faat ekipmanlar\u0131<\/h3>\n<p>Ekskavat\u00f6rlerde ve kep\u00e7eli ekskavat\u00f6rlerde toprak veya molozlar\u0131n kaz\u0131lmas\u0131, y\u00fcklenmesi ve ta\u015f\u0131nmas\u0131 i\u00e7in kritik \u00f6neme sahiptirler. Kep\u00e7eli ekskavat\u00f6rlerde, kep\u00e7e silindiri kazma ve kald\u0131rma i\u015flemlerine yard\u0131mc\u0131 olur.<\/p>\n<\/li>\n<li>\n<h3>Tar\u0131m makineleri<\/h3>\n<p>\u00d6n y\u00fckleyicilerde toprak, saman ve di\u011fer malzemeleri toplamak, kald\u0131rmak ve ta\u015f\u0131mak i\u00e7in kullan\u0131l\u0131r. Ekskavat\u00f6rlerde, kova silindiri, kovan\u0131n topra\u011fa n\u00fcfuz etmesini sa\u011flayarak kazma i\u015flemini m\u00fcmk\u00fcn k\u0131lar.<\/p>\n<\/li>\n<li>\n<h3>Y\u00fckleyici<\/h3>\n<p>\u00d6n y\u00fckleyicilerde y\u00fcklerin etkili bir \u015fekilde kald\u0131r\u0131lmas\u0131na ve e\u011filmesine yard\u0131mc\u0131 olurlar.<\/p>\n<\/li>\n<\/ul>\n<h2>Tasar\u0131m ve Se\u00e7im Standartlar\u0131<\/h2>\n<ul>\n<li>\n<h3>Y\u00fck Ta\u015f\u0131ma Kapasitesi<\/h3>\n<p>Kova silindirinin y\u00fck ta\u015f\u0131ma kapasitesi, tasar\u0131m a\u00e7\u0131s\u0131ndan \u00f6nemli bir husustur. A\u011f\u0131r y\u00fcklerin a\u011f\u0131rl\u0131\u011f\u0131n\u0131 desteklemeli ve \u00e7al\u0131\u015fma s\u0131ras\u0131nda i\u00e7 ve d\u0131\u015f kuvvetlere dayanmal\u0131d\u0131r.<\/p>\n<\/li>\n<li>\n<h3>S\u0131zd\u0131rmazl\u0131k<\/h3>\n<p>Silindir s\u0131zd\u0131rmazl\u0131\u011f\u0131, hidrolik sistemin ya\u011f s\u0131z\u0131nt\u0131s\u0131n\u0131 ve kirlenmesini \u00f6nlemek i\u00e7in hayati \u00f6nem ta\u015f\u0131r. Piston conta halkalar\u0131, biyel conta halkalar\u0131 ve poli\u00fcretan ve nitril kau\u00e7uk gibi a\u015f\u0131nmaya dayan\u0131kl\u0131 malzemelerden yap\u0131lm\u0131\u015f contalar gibi \u00e7e\u015fitli s\u0131zd\u0131rmazl\u0131k halkalar\u0131 kullan\u0131l\u0131r. Silindir g\u00f6vdesi ve di\u015fli ucu y\u00fczeyi, a\u015f\u0131nma direncini art\u0131rmak i\u00e7in hassas bir i\u015flemden ge\u00e7irilir. Silindirin ya\u011flanmas\u0131 i\u00e7in d\u00fczenli olarak uygun miktarda hidrolik ya\u011f doldurulmas\u0131 gerekir.<\/p>\n<\/li>\n<li>\n<h3>Dayan\u0131kl\u0131l\u0131k ve G\u00fcvenlik<\/h3>\n<p>Kova silindirinin zorlu \u00e7al\u0131\u015fma ko\u015fullar\u0131na ve a\u011f\u0131r y\u00fcklere dayanacak kadar dayan\u0131kl\u0131 olmas\u0131 gerekir. Ayr\u0131ca, \u00e7al\u0131\u015fma s\u0131ras\u0131nda g\u00fcvenlik standartlar\u0131n\u0131 kar\u015f\u0131lad\u0131\u011f\u0131ndan emin olmak i\u00e7in g\u00fcvenlik \u00f6nlemleri de al\u0131nmal\u0131d\u0131r. <\/p>\n<\/li>\n<li>\n<h3>Bak\u0131m<\/h3>\n<p>Silindirin optimum performans sa\u011flamas\u0131 i\u00e7in periyodik muayene, d\u00fczenli ya\u011flama ve contalar\u0131n de\u011fi\u015ftirilmesi gerekir. Ayr\u0131ca, silindiri sabitlemek i\u00e7in uygun montaj braketleri kullan\u0131larak hassas montaj hizalamas\u0131 da gereklidir.<\/p>\n<\/li>\n<\/ul>\n<p><img decoding=\"async\" src=\"https:\/\/www.hydraulic-cylinders.net\/wp-content\/uploads\/2025\/01\/songte-oil-pipes-and-spare-parts.webp\" alt=\"Sumitomo Orta Ekskavat\u00f6r SH210-5 i\u00e7in Kova Silindiri\"><\/p>\n<h2>Bak\u0131m K\u0131lavuzu<\/h2>\n<p>Kova silindirleri i\u00e7in yayg\u0131n bak\u0131m g\u00f6revleri \u015funlard\u0131r:<\/p>\n<ul>\n<li>\n<h3>D\u00fczenli denetim<\/h3>\n<p>Silindiri d\u00fczenli olarak kontrol ederek a\u015f\u0131nma, y\u0131pranma veya s\u0131z\u0131nt\u0131 olup olmad\u0131\u011f\u0131n\u0131 tespit edin.<\/p>\n<\/li>\n<li>\n<h3>Ya\u011flama<\/h3>\n<p>Silindirin d\u00fczg\u00fcn \u00e7al\u0131\u015fmas\u0131n\u0131 sa\u011flamak i\u00e7in d\u00fczenli olarak ya\u011flay\u0131n.<\/p>\n<\/li>\n<li>\n<h3>Conta de\u011fi\u015fimi ve kalibrasyon kontrol\u00fc<\/h3>\n<p>A\u015f\u0131nm\u0131\u015f contalar\u0131 de\u011fi\u015ftirin ve kalibrasyonunu d\u00fczenli olarak kontrol edin.<\/p>\n<\/li>\n<\/ul>\n<p>Optimum performans sa\u011flamak i\u00e7in, silindirin montaj s\u0131ras\u0131nda do\u011fru \u015fekilde tak\u0131lmas\u0131, ya\u011flanmas\u0131 ve ayarlanmas\u0131 \u00f6nemlidir. Montaj s\u0131ras\u0131nda uygun hizalama k\u0131lavuzu sa\u011flanmal\u0131 ve silindiri sabitlemek i\u00e7in uygun montaj braketleri kullan\u0131lmal\u0131d\u0131r. Kova silindirinin kullan\u0131m \u00f6mr\u00fcn\u00fc uzatmak i\u00e7in \u00f6nerilen muayene, onar\u0131m ve de\u011fi\u015ftirme prosed\u00fcrlerini \u00f6neriyoruz.<\/p>\n<p><img decoding=\"async\" src=\"https:\/\/www.hydraulic-cylinders.net\/wp-content\/uploads\/2025\/01\/songte-chushion-collar.webp\" alt=\"Sumitomo Orta Ekskavat\u00f6r SH210-5 i\u00e7in Kova Silindiri\"><\/p>\n<h2>G\u00fcvenlik ve \u00c7evresel Hususlar<\/h2>\n<p>Kova silindiri kullan\u0131l\u0131rken yaralanmalar\u0131 \u00f6nlemek i\u00e7in uygun g\u00fcvenlik \u00f6nlemleri al\u0131nmal\u0131d\u0131r. Silindir, yaln\u0131zca uygun g\u00fcvenlik ekipman\u0131na sahip e\u011fitimli personel taraf\u0131ndan ve g\u00fcvenlik y\u00f6netmeliklerine uygun olarak kullan\u0131lmal\u0131d\u0131r. \u00c7evresel hususlar aras\u0131nda, kullan\u0131lm\u0131\u015f hidrolik ya\u011f\u0131n uygun \u015fekilde bertaraf edilmesi ve \u00fcretim ve i\u015fletme s\u0131ras\u0131nda \u00e7evre y\u00f6netmeliklerine uyulmas\u0131 yer al\u0131r.<\/p>\n<p><img decoding=\"async\" src=\"https:\/\/hzpt.com\/wp-content\/uploads\/2024\/11\/songte-company-1.webp\" alt=\"Sumitomo Orta Ekskavat\u00f6r SH210-5 i\u00e7in Kova Silindiri\"><\/p>\n<h2>Ar\u0131za Te\u015fhisi ve Yayg\u0131n Sorunlar<\/h2>\n<p>Kova silindirinde ya\u011f s\u0131z\u0131nt\u0131s\u0131, d\u00fc\u015f\u00fck performans ve anormal g\u00fcr\u00fclt\u00fc gibi baz\u0131 yayg\u0131n sorunlar ya\u015fanabilir. Yetersiz ya\u011flama ve conta a\u015f\u0131nmas\u0131, bu sorunlar\u0131n yayg\u0131n nedenleridir. Sorunlar\u0131 te\u015fhis etmek ve \u00e7\u00f6zmek i\u00e7in, do\u011fru te\u015fhis ve etkili \u00e7\u00f6z\u00fcmler sa\u011flamak ad\u0131na profesyonel bir m\u00fchendisle g\u00f6r\u00fc\u015fmenizi \u00f6neririz. Olas\u0131 sorunlar\u0131 \u00f6nlemek i\u00e7in, periyodik muayene, do\u011fru ya\u011flama ve a\u015f\u0131nm\u0131\u015f contalar\u0131n de\u011fi\u015ftirilmesi gibi \u00f6nleyici tedbirler alman\u0131z\u0131 \u00f6neririz.<\/p>\n<p><img decoding=\"async\" src=\"https:\/\/www.hydraulic-cylinders.net\/wp-content\/uploads\/2025\/01\/songte-bushings-with-all-kinds-of-excavator-models.webp\" alt=\"Sumitomo Orta Ekskavat\u00f6r SH210-5 i\u00e7in Kova Silindiri\"><\/p>\n<h2>\u015eirketimiz Hakk\u0131nda<\/h2>\n<p>Eksiksiz bir \u00fcr\u00fcn yelpazesine sahip yedek hidrolik silindir \u00fcreticisiyiz ve yurt i\u00e7i ve yurt d\u0131\u015f\u0131 pazarlarda lider hidrolik silindir \u00fcreticilerinden ve toptan da\u011f\u0131t\u0131c\u0131lar\u0131ndan biri haline geldik. M\u00fckemmel kaliteye ba\u011fl\u0131 kal\u0131yor, geli\u015fmi\u015f \u00fcretim at\u00f6lyeleriyle desteklenen end\u00fcstriyel \u00fcretim y\u00f6netimi stratejilerine g\u00fcveniyor, at\u00f6lye \u00fcretim platformumuzu s\u00fcrekli geli\u015ftiriyor, \u00fcr\u00fcnlerimizin \u00fcretim kalitesini iyile\u015ftiriyor ve g\u00fc\u00e7l\u00fc bir yarat\u0131c\u0131l\u0131\u011fa sahibiz. Y\u00fcksek verimlilik, y\u00fcksek hassasiyet ve y\u00fcksek kalite prensiplerimizle farkl\u0131 m\u00fc\u015fteri ihtiya\u00e7lar\u0131n\u0131 kar\u015f\u0131lamay\u0131 hedefliyoruz.<\/p>\n<p>\u015eirketimiz, profesyonel hizmetler, \u00f6zelle\u015ftirilmi\u015f hizmetler ve uluslararas\u0131 sertifikalar sunma konusunda uzmanla\u015fm\u0131\u015ft\u0131r. \u00dcr\u00fcn kalitesini art\u0131rmak ve kapsaml\u0131 sat\u0131\u015f sonras\u0131 hizmetler sunmak i\u00e7in geli\u015fmi\u015f \u00fcretim ekipmanlar\u0131 ve profesyonel test sistemleri kullan\u0131yoruz. \u00dcretim kapasitemizi ve \u00fcr\u00fcn kalitemizi geli\u015ftirmeye devam ediyor ve m\u00fckemmel \u00fcr\u00fcn ve hizmetlerimizle m\u00fc\u015fterilerimizin g\u00fcvenini ve \u00f6vg\u00fcs\u00fcn\u00fc kazan\u0131yoruz.<\/p>\n<p><img decoding=\"async\" src=\"https:\/\/www.hydraulic-cylinders.net\/wp-content\/uploads\/2025\/01\/songte-company-3.webp\" alt=\"Sumitomo Orta Ekskavat\u00f6r SH210-5 i\u00e7in Kova Silindiri\"><\/p>\n<p>Yazar: lyl.<\/p>","protected":false},"excerpt":{"rendered":"<p>Bucket Cylinder For Sumitomo Middle Excavator SH210-5 Introduction The bucket cylinder for Sumitomo middle excavator SH210-5 is a specially designed hydraulic cylinder used to control the movement of the bucket in heavy machinery such as excavators, backhoe excavators, and front-end loaders. Its main function is to enable the bucket to lift, lower, and tilt, making [&hellip;]<\/p>","protected":false},"featured_media":14762,"comment_status":"open","ping_status":"closed","template":"","meta":{"_et_pb_use_builder":"","_et_pb_old_content":"","_et_gb_content_width":""},"product_brand":[],"product_cat":[1494],"product_tag":[1495,1496],"class_list":{"0":"post-15175","1":"product","2":"type-product","3":"status-publish","4":"has-post-thumbnail","6":"product_cat-bucket-cylinders","7":"product_tag-bucket-cylinders","8":"product_tag-hydraulic-cylinders","10":"first","11":"instock","12":"shipping-taxable","13":"product-type-simple"},"amp_enabled":true,"_links":{"self":[{"href":"https:\/\/www.hydraulic-cylinders.net\/tr\/wp-json\/wp\/v2\/product\/15175","targetHints":{"allow":["GET"]}}],"collection":[{"href":"https:\/\/www.hydraulic-cylinders.net\/tr\/wp-json\/wp\/v2\/product"}],"about":[{"href":"https:\/\/www.hydraulic-cylinders.net\/tr\/wp-json\/wp\/v2\/types\/product"}],"replies":[{"embeddable":true,"href":"https:\/\/www.hydraulic-cylinders.net\/tr\/wp-json\/wp\/v2\/comments?post=15175"}],"wp:featuredmedia":[{"embeddable":true,"href":"https:\/\/www.hydraulic-cylinders.net\/tr\/wp-json\/wp\/v2\/media\/14762"}],"wp:attachment":[{"href":"https:\/\/www.hydraulic-cylinders.net\/tr\/wp-json\/wp\/v2\/media?parent=15175"}],"wp:term":[{"taxonomy":"product_brand","embeddable":true,"href":"https:\/\/www.hydraulic-cylinders.net\/tr\/wp-json\/wp\/v2\/product_brand?post=15175"},{"taxonomy":"product_cat","embeddable":true,"href":"https:\/\/www.hydraulic-cylinders.net\/tr\/wp-json\/wp\/v2\/product_cat?post=15175"},{"taxonomy":"product_tag","embeddable":true,"href":"https:\/\/www.hydraulic-cylinders.net\/tr\/wp-json\/wp\/v2\/product_tag?post=15175"}],"curies":[{"name":"wp","href":"https:\/\/api.w.org\/{rel}","templated":true}]}}