{"id":15177,"date":"2025-01-19T14:12:08","date_gmt":"2025-01-19T14:12:08","guid":{"rendered":"https:\/\/www.hydraulic-cylinders.net\/product\/bucket-cylinder-for-sumitomo-middle-excavator-sh240-5lr\/"},"modified":"2025-01-19T14:12:10","modified_gmt":"2025-01-19T14:12:10","slug":"bucket-cylinder-for-sumitomo-middle-excavator-sh240-5lr","status":"publish","type":"product","link":"https:\/\/www.hydraulic-cylinders.net\/tr\/urun\/bucket-cylinder-for-sumitomo-middle-excavator-sh240-5lr\/","title":{"rendered":"Sumitomo SH240-5LR Orta Boy Ekskavat\u00f6r \u0130\u00e7in Kep\u00e7e Silindiri"},"content":{"rendered":"<h1>Sumitomo SH240-5LR Orta Boy Ekskavat\u00f6r \u0130\u00e7in Kep\u00e7e Silindiri<\/h1>\n<h2>girii\u015f<\/h2>\n<p>Kep\u00e7e silindiri, ekskavat\u00f6rler, kaz\u0131c\u0131 y\u00fckleyiciler ve \u00f6n y\u00fckleyiciler gibi a\u011f\u0131r makinelerde kep\u00e7enin hareketini kontrol etmek i\u00e7in kullan\u0131lan \u00f6zel olarak tasarlanm\u0131\u015f bir hidrolik silindirdir. Ana i\u015flevi, kep\u00e7enin kald\u0131r\u0131lmas\u0131n\u0131, indirilmesini ve e\u011filmesini sa\u011flayarak \u00e7e\u015fitli malzeme ta\u015f\u0131ma g\u00f6revlerini kolayla\u015ft\u0131rmakt\u0131r. Hidrolik sistemde, kep\u00e7e silindiri hidrolik ya\u011f bas\u0131nc\u0131n\u0131 de\u011fi\u015ftirerek kep\u00e7enin hassas kontrol\u00fcn\u00fc sa\u011flar ve operat\u00f6rlerin a\u011f\u0131r y\u00fckleri verimli bir \u015fekilde ta\u015f\u0131mas\u0131na, karma\u015f\u0131k \u00e7al\u0131\u015fma ortamlar\u0131na ve \u00e7e\u015fitli i\u015f gereksinimlerine uyum sa\u011flamas\u0131na olanak tan\u0131r.<\/p>\n<p><img decoding=\"async\" src=\"https:\/\/www.hydraulic-cylinders.net\/wp-content\/uploads\/2025\/01\/songte-company-2.webp\" alt=\"Kova Silindiri G\u00f6r\u00fcnt\u00fcs\u00fc\"><\/p>\n<h2>\u00d6zellikler<\/h2>\n<ul>\n<li>\n<h3>Y\u00fcksek G\u00fc\u00e7 ve Dayan\u0131kl\u0131l\u0131k<\/h3>\n<p>Kep\u00e7e silindirleri genellikle y\u00fcksek bas\u0131nca ve a\u011f\u0131r y\u00fcklere dayanabilen, zorlu \u00e7al\u0131\u015fma ortamlar\u0131na uyum sa\u011flayan y\u00fcksek mukavemetli \u00e7elik veya al\u00fcminyumdan yap\u0131l\u0131r. Tasar\u0131mda a\u015f\u0131nma direnci ve korozyon direnci dikkate al\u0131narak kullan\u0131m \u00f6mr\u00fc uzat\u0131l\u0131r.<\/p>\n<\/li>\n<li>\n<h3>Verimli Hidrolik \u00c7al\u0131\u015fma<\/h3>\n<p>Kova silindirleri, hidrolik ya\u011f\u0131n bas\u0131nc\u0131n\u0131 kullanarak d\u00fczg\u00fcn uzatma ve daralma hareketleri ger\u00e7ekle\u015ftirir, kontrol komutlar\u0131na h\u0131zl\u0131 yan\u0131t verir, g\u00fc\u00e7l\u00fc itme ve \u00e7ekme kuvvetleri sa\u011flar ve a\u011f\u0131r y\u00fcklerin ve karma\u015f\u0131k i\u015f g\u00f6revlerinin \u00fcstesinden gelmek i\u00e7in uygundur.<\/p>\n<\/li>\n<li>\n<h3>\u00c7e\u015fitli Tipler<\/h3>\n<p>Kova silindirleri, gereksinimlere ba\u011fl\u0131 olarak tek etkili (hidrolik tek y\u00f6nde kullan\u0131l\u0131r) veya \u00e7ift etkili (hidrolik her iki y\u00f6nde kullan\u0131l\u0131r) olabilir. Baz\u0131 modeller teleskopiktir ve d\u0131\u015f boyutlar\u0131 art\u0131rmadan daha fazla uzatmaya olanak tan\u0131r; bu da alan\u0131n s\u0131n\u0131rl\u0131 oldu\u011fu uygulamalar i\u00e7in uygundur.<\/p>\n<\/li>\n<li>\n<h3>M\u00fckemmel De\u011fi\u015ftirme<\/h3>\n<p>\u00dcr\u00fcnlerimiz bu hidrolik silindirlerin yerini m\u00fckemmel \u015fekilde alabilir. Bu \u00fcr\u00fcn\u00fc \u00fcretebiliriz.<\/p>\n<\/li>\n<\/ul>\n<p><img decoding=\"async\" src=\"https:\/\/www.hydraulic-cylinders.net\/wp-content\/uploads\/2025\/01\/songte-cylinder-head-with-all-kinds-excavator-models.webp\" alt=\"Kova Silindiri De\u011fi\u015ftirme G\u00f6rseli\"><\/p>\n<h2>Uygulamalar<\/h2>\n<p>Kova silindirleri a\u015fa\u011f\u0131dakiler de dahil olmak \u00fczere \u00e7e\u015fitli end\u00fcstrilerde kullan\u0131labilir:<\/p>\n<ul>\n<li>\n<h3>\u0130n\u015faat Ekipmanlar\u0131<\/h3>\n<p>Ekskavat\u00f6rlerde, kep\u00e7e silindirleri topra\u011f\u0131 veya molozu kazmak, y\u00fcklemek ve ta\u015f\u0131mak i\u00e7in hayati \u00f6neme sahiptir. Kaz\u0131c\u0131 y\u00fckleyicilerde ise kep\u00e7e silindirleri hem kazmaya hem de kald\u0131rmaya yard\u0131mc\u0131 olur. <\/p>\n<\/li>\n<li>\n<h3>Tar\u0131m Makinalar\u0131<\/h3>\n<p>Kep\u00e7e silindirleri, \u00f6n y\u00fckleyicilerde toprak, saman ve di\u011fer malzemelerin al\u0131nmas\u0131, kald\u0131r\u0131lmas\u0131 ve ta\u015f\u0131nmas\u0131nda kullan\u0131l\u0131r. <\/p>\n<\/li>\n<li>\n<h3>Ekskavat\u00f6rler<\/h3>\n<p>Kova silindiri, kovalar\u0131n topra\u011fa n\u00fcfuz etmesini ve kaz\u0131 hareketini ger\u00e7ekle\u015ftirmesini sa\u011flar. <\/p>\n<\/li>\n<li>\n<h3>Y\u00fckleyici<\/h3>\n<p>\u00d6n y\u00fckleyicilerdeki kova silindirleri, mallar\u0131n etkili bir \u015fekilde kald\u0131r\u0131lmas\u0131na ve bo\u015falt\u0131lmas\u0131na yard\u0131mc\u0131 olur. <\/p>\n<\/li>\n<\/ul>\n<h2>Tasar\u0131m Hususlar\u0131 ve Se\u00e7im Standartlar\u0131<\/h2>\n<p>Kep\u00e7e silindirlerinin tasar\u0131m\u0131 ve se\u00e7imi yap\u0131l\u0131rken m\u00fchendisler a\u015fa\u011f\u0131daki hususlar\u0131 dikkate almal\u0131d\u0131r:<\/p>\n<ul>\n<li>\n<h3>Ta\u015f\u0131ma Kapasitesi<\/h3>\n<p>Silindirin, y\u00fck\u00fcn a\u011f\u0131rl\u0131\u011f\u0131na dayanabilecek yeterli ta\u015f\u0131ma kapasitesine sahip olmas\u0131 gerekir.<\/p>\n<\/li>\n<li>\n<h3>S\u0131zd\u0131rmazl\u0131k Performans\u0131<\/h3>\n<p>Piston contalar\u0131 ve mil contalar\u0131 gibi \u00e7e\u015fitli s\u0131zd\u0131rmazl\u0131k bile\u015fenleri, iyi bir s\u0131zd\u0131rmazl\u0131k performans\u0131 sa\u011flamak ve ya\u011f s\u0131z\u0131nt\u0131s\u0131n\u0131 \u00f6nlemek i\u00e7in poli\u00fcretan ve nitril kau\u00e7uk gibi a\u015f\u0131nmaya dayan\u0131kl\u0131 malzemelerden yap\u0131lmal\u0131d\u0131r.<\/p>\n<\/li>\n<li>\n<h3>Dayan\u0131kl\u0131l\u0131k<\/h3>\n<p>Silindir, uzun bir s\u00fcre boyunca a\u015f\u0131nmaya, korozyona ve di\u011fer hasar t\u00fcrlerine dayanacak \u015fekilde tasarlanmal\u0131d\u0131r.<\/p>\n<\/li>\n<li>\n<h3>Emniyet<\/h3>\n<p>Silindirin g\u00fcvenli bir \u015fekilde \u00e7al\u0131\u015ft\u0131r\u0131labilmesi i\u00e7in uygun g\u00fcvenlik \u00f6nlemleri ve uyar\u0131 sistemleri bulunmal\u0131d\u0131r. <\/p>\n<\/li>\n<li>\n<h3>Bak\u0131m kolayl\u0131\u011f\u0131<\/h3>\n<p>Silindirin bak\u0131m\u0131 kolay olmal\u0131, yedek par\u00e7alar\u0131, onar\u0131m\u0131 ve yeniden yap\u0131m hizmetleri kolayca bulunabilmelidir.<\/p>\n<\/li>\n<\/ul>\n<p><img decoding=\"async\" src=\"https:\/\/www.hydraulic-cylinders.net\/wp-content\/uploads\/2025\/01\/songte-oil-pipes-and-spare-parts.webp\" alt=\"Kova Silindiri Yedek Par\u00e7a G\u00f6rseli\"><\/p>\n<h2>S\u0131zd\u0131rmazl\u0131k ve Ya\u011flama<\/h2>\n<p>Kova silindirleri, iyi s\u0131zd\u0131rmazl\u0131k performans\u0131 sa\u011flayan ve ya\u011f s\u0131z\u0131nt\u0131s\u0131n\u0131 \u00f6nleyen poli\u00fcretan ve nitril kau\u00e7uk gibi a\u015f\u0131nmaya dayan\u0131kl\u0131 malzemelerden yap\u0131lm\u0131\u015f piston contalar\u0131 ve mil contalar\u0131 gibi \u00e7e\u015fitli contalara ihtiya\u00e7 duyar. Silindir g\u00f6vdesi, mil ve di\u015fli u\u00e7 y\u00fczeyleri, a\u015f\u0131nma direncini art\u0131rmak i\u00e7in hassas bir \u015fekilde i\u015flenmi\u015ftir. Ya\u011flama i\u00e7in d\u00fczenli olarak uygun miktarda hidrolik ya\u011f eklenmesi gereklidir.<\/p>\n<h2>Bak\u0131m ve Onar\u0131m<\/h2>\n<p>Kep\u00e7e silindirlerinin optimum performans ve uzun \u00f6m\u00fcrl\u00fcl\u00fc\u011f\u00fcn\u00fc sa\u011flamak i\u00e7in d\u00fczenli kontrol ve \u00f6nleyici bak\u0131m \u015fartt\u0131r. Yayg\u0131n bak\u0131m g\u00f6revleri aras\u0131nda uygun ya\u011flama, d\u00fczenli conta de\u011fi\u015fimi ve kalibrasyon kontrolleri yer al\u0131r. Kep\u00e7e silindirlerinin uzun \u00f6m\u00fcrl\u00fcl\u00fc\u011f\u00fc ve dayan\u0131kl\u0131l\u0131\u011f\u0131 i\u00e7in do\u011fru montaj, ya\u011flama ve ayarlama \u00e7ok \u00f6nemlidir. A\u015fa\u011f\u0131daki ipu\u00e7lar\u0131, sorunlar\u0131 etkili bir \u015fekilde te\u015fhis etmenize ve \u00e7\u00f6zmenize yard\u0131mc\u0131 olabilir:<\/p>\n<ul>\n<li>\n<h3>D\u00fczenli Muayene<\/h3>\n<p>D\u00fczenli denetimler, potansiyel sorunlar\u0131n b\u00fcy\u00fcmeden \u00f6nce tespit edilmesine yard\u0131mc\u0131 olabilir.<\/p>\n<\/li>\n<li>\n<h3>Uygun Ya\u011flama<\/h3>\n<p>Uygun ya\u011flama, a\u015f\u0131nmay\u0131 \u00f6nlemeye ve silindirin \u00f6mr\u00fcn\u00fc uzatmaya yard\u0131mc\u0131 olabilir.<\/p>\n<\/li>\n<li>\n<h3>Conta De\u011fi\u015fimi<\/h3>\n<p>En iyi s\u0131zd\u0131rmazl\u0131k performans\u0131n\u0131 sa\u011flamak i\u00e7in contalar\u0131n s\u0131k s\u0131k de\u011fi\u015ftirilmesi gereklidir. <\/p>\n<\/li>\n<li>\n<h3>Do\u011fru Kurulum ve Ayarlama<\/h3>\n<p>Silindirin do\u011fru montaj\u0131 ve ayarlanmas\u0131, uzun \u00f6m\u00fcrl\u00fcl\u00fc\u011f\u00fc ve dayan\u0131kl\u0131l\u0131\u011f\u0131 i\u00e7in \u00e7ok \u00f6nemlidir. <\/p>\n<\/li>\n<\/ul>\n<p><img decoding=\"async\" src=\"https:\/\/www.hydraulic-cylinders.net\/wp-content\/uploads\/2025\/01\/songte-chushion-collar.webp\" alt=\"Kova Silindiri Kurulum G\u00f6r\u00fcnt\u00fcs\u00fc\"><\/p>\n<h2>G\u00fcvenlik Hususlar\u0131 ve \u00c7evresel Fakt\u00f6rler<\/h2>\n<p>Kova silindirleri kullan\u0131l\u0131rken, yaralanmalar\u0131 ve ekipman hasar\u0131n\u0131 \u00f6nlemek i\u00e7in g\u00fcvenlik \u00f6nlemlerine uyulmal\u0131d\u0131r. S\u0131cakl\u0131k, nem ve toz gibi \u00e7evresel fakt\u00f6rler de dikkate al\u0131nmal\u0131 ve optimum performans ve uzun \u00f6m\u00fcrl\u00fcl\u00fc\u011f\u00fc sa\u011flamak i\u00e7in ele al\u0131nmal\u0131d\u0131r. <\/p>\n<h2>Ar\u0131za Te\u015fhisi ve Sorun Giderme<\/h2>\n<p>Kova silindirlerinde s\u0131k kar\u015f\u0131la\u015f\u0131lan sorunlar aras\u0131nda ya\u011f ka\u00e7a\u011f\u0131, yetersiz bas\u0131n\u00e7 ve zay\u0131f s\u0131zd\u0131rmazl\u0131k performans\u0131 yer al\u0131r. Do\u011fru te\u015fhis ve sorun giderme, sorunlar\u0131n verimli ve etkili bir \u015fekilde \u00e7\u00f6z\u00fclmesine yard\u0131mc\u0131 olabilir. D\u00fczenli bak\u0131m ve kontrol, bu t\u00fcr sorunlar\u0131n olu\u015fmas\u0131n\u0131 \u00f6nlemeye yard\u0131mc\u0131 olabilir.<\/p>\n<p><img decoding=\"async\" src=\"https:\/\/www.hydraulic-cylinders.net\/wp-content\/uploads\/2025\/01\/songte-bushings-with-all-kinds-of-excavator-models.webp\" alt=\"Kova Silindiri Sorunlar\u0131 G\u00f6rseli\"><\/p>\n<h2>\u015eirketimiz Hakk\u0131nda<\/h2>\n<p>Orijinal silindirlerin yerine ge\u00e7ebilen hidrolik silindirler \u00fcreten bir firmay\u0131z. \u015eirketimiz, eksiksiz bir \u00fcr\u00fcn yelpazesine sahip olup, hem yurt i\u00e7i hem de uluslararas\u0131 pazarlarda \u00f6nde gelen hidrolik silindir \u00fcreticilerinden ve toptanc\u0131lar\u0131ndan biridir. Kalitede m\u00fckemmelli\u011fe \u00f6nem veriyor, ince i\u015f\u00e7ilik gerektiren \u00fcretim at\u00f6lyelerinin end\u00fcstriyel \u00fcretim y\u00f6netim stratejilerine g\u00fcveniyor ve teknik yetenekler, dijital y\u00fcksek teknoloji \u00fcretim ekipmanlar\u0131 ve profesyonel test sistemleri kullanarak at\u00f6lyenin \u00fcretim platformunu ve \u00fcretim kalitesini s\u00fcrekli olarak geli\u015ftiriyoruz. G\u00fc\u00e7l\u00fc \u00fcretim yetene\u011fimizle, verimlilik, hassasiyet ve y\u00fcksek kalite ilkeleriyle m\u00fc\u015fterilerimizin \u00e7e\u015fitli taleplerini kar\u015f\u0131l\u0131yoruz. <\/p>\n<p><img decoding=\"async\" src=\"https:\/\/hzpt.com\/wp-content\/uploads\/2024\/11\/songte-company-1.webp\" alt=\"\u015eirket \u0130maj\u0131\"><\/p>\n<h3>Uzmanl\u0131k<\/h3>\n<p>Orijinal silindirlerin yerine ge\u00e7ebilecek hidrolik silindirlerin \u00fcretiminde uzmanla\u015fm\u0131\u015f durumday\u0131z.<\/p>\n<h3>Uluslararas\u0131 Sertifikasyon<\/h3>\n<p>\u00dcr\u00fcnlerimiz ISO9001, CE ve di\u011fer uluslararas\u0131 sertifikalar\u0131 alarak kalite ve g\u00fcvenilirliklerini g\u00fcvence alt\u0131na alm\u0131\u015ft\u0131r. <\/p>\n<h3>\u00d6zelle\u015ftirme Hizmeti<\/h3>\n<p>\u015eirketimiz, m\u00fc\u015fterilerin \u00f6zel ihtiya\u00e7lar\u0131n\u0131 kar\u015f\u0131lamak \u00fczere \u00f6zelle\u015ftirilmi\u015f hizmetler sunmaktad\u0131r.<\/p>\n<h3>\u00dcretim Ekipmanlar\u0131<\/h3>\n<p>At\u00f6lyemiz, \u00fcr\u00fcnlerimizin kalitesini ve do\u011frulu\u011funu sa\u011flamak i\u00e7in geli\u015fmi\u015f bilgisayar kontroll\u00fc torna tezgahlar\u0131, CNC i\u015fleme merkezleri ve di\u011fer y\u00fcksek hassasiyetli ekipmanlarla donat\u0131lm\u0131\u015ft\u0131r. <\/p>\n<h3>Sat\u0131\u015f Sonras\u0131 Hizmet<\/h3>\n<p>M\u00fc\u015fterilerimize \u00fcr\u00fcn bak\u0131m\u0131, onar\u0131m\u0131 ve yedek par\u00e7a hizmetleri de dahil olmak \u00fczere m\u00fckemmel sat\u0131\u015f sonras\u0131 hizmet sunuyoruz.<\/p>\n<h4>Yazar: lyl<\/h4>","protected":false},"excerpt":{"rendered":"<p>Bucket Cylinder For Sumitomo Middle Excavator SH240-5LR Introduction A bucket cylinder is a specially designed hydraulic cylinder used to control the movement of the bucket in heavy machinery such as excavators, backhoe loaders, and front-end loaders. Its main function is to enable lifting, lowering and tilting of the bucket, thus facilitating various material handling tasks. [&hellip;]<\/p>","protected":false},"featured_media":14789,"comment_status":"open","ping_status":"closed","template":"","meta":{"_et_pb_use_builder":"","_et_pb_old_content":"","_et_gb_content_width":""},"product_brand":[],"product_cat":[1494],"product_tag":[1495,1496],"class_list":{"0":"post-15177","1":"product","2":"type-product","3":"status-publish","4":"has-post-thumbnail","6":"product_cat-bucket-cylinders","7":"product_tag-bucket-cylinders","8":"product_tag-hydraulic-cylinders","10":"first","11":"instock","12":"shipping-taxable","13":"product-type-simple"},"amp_enabled":true,"_links":{"self":[{"href":"https:\/\/www.hydraulic-cylinders.net\/tr\/wp-json\/wp\/v2\/product\/15177","targetHints":{"allow":["GET"]}}],"collection":[{"href":"https:\/\/www.hydraulic-cylinders.net\/tr\/wp-json\/wp\/v2\/product"}],"about":[{"href":"https:\/\/www.hydraulic-cylinders.net\/tr\/wp-json\/wp\/v2\/types\/product"}],"replies":[{"embeddable":true,"href":"https:\/\/www.hydraulic-cylinders.net\/tr\/wp-json\/wp\/v2\/comments?post=15177"}],"wp:featuredmedia":[{"embeddable":true,"href":"https:\/\/www.hydraulic-cylinders.net\/tr\/wp-json\/wp\/v2\/media\/14789"}],"wp:attachment":[{"href":"https:\/\/www.hydraulic-cylinders.net\/tr\/wp-json\/wp\/v2\/media?parent=15177"}],"wp:term":[{"taxonomy":"product_brand","embeddable":true,"href":"https:\/\/www.hydraulic-cylinders.net\/tr\/wp-json\/wp\/v2\/product_brand?post=15177"},{"taxonomy":"product_cat","embeddable":true,"href":"https:\/\/www.hydraulic-cylinders.net\/tr\/wp-json\/wp\/v2\/product_cat?post=15177"},{"taxonomy":"product_tag","embeddable":true,"href":"https:\/\/www.hydraulic-cylinders.net\/tr\/wp-json\/wp\/v2\/product_tag?post=15177"}],"curies":[{"name":"wp","href":"https:\/\/api.w.org\/{rel}","templated":true}]}}