{"id":15183,"date":"2025-01-19T14:12:32","date_gmt":"2025-01-19T14:12:32","guid":{"rendered":"https:\/\/www.hydraulic-cylinders.net\/product\/bucket-cylinder-for-sumitomo-large-excavator-sh300a1a2a3\/"},"modified":"2025-01-19T14:12:34","modified_gmt":"2025-01-19T14:12:34","slug":"bucket-cylinder-for-sumitomo-large-excavator-sh300a1a2a3","status":"publish","type":"product","link":"https:\/\/www.hydraulic-cylinders.net\/tr\/urun\/bucket-cylinder-for-sumitomo-large-excavator-sh300a1a2a3\/","title":{"rendered":"Sumitomo B\u00fcy\u00fck Ekskavat\u00f6r SH300A1A2A3 i\u00e7in Kep\u00e7e Silindiri"},"content":{"rendered":"<h1>Sumitomo B\u00fcy\u00fck Ekskavat\u00f6r SH300A1A2A3 i\u00e7in Kep\u00e7e Silindiri<\/h1>\n<h2>girii\u015f<\/h2>\n<p>Kep\u00e7e silindiri, di\u011fer ad\u0131yla hidrolik silindir, ekskavat\u00f6rler, kaz\u0131c\u0131lar ve \u00f6n y\u00fckleyiciler gibi a\u011f\u0131r makinelerde kep\u00e7enin hareketini kontrol etmek i\u00e7in kullan\u0131lan \u00f6zel olarak tasarlanm\u0131\u015f bir silindirdir. Ana i\u015flevi, kep\u00e7enin kald\u0131r\u0131lmas\u0131n\u0131, indirilmesini ve e\u011filmesini sa\u011flayarak \u00e7e\u015fitli malzeme ta\u015f\u0131ma g\u00f6revlerini kolayla\u015ft\u0131rmakt\u0131r. Hidrolik sistem i\u00e7inde, kep\u00e7e silindiri hidrolik ya\u011f bas\u0131nc\u0131ndaki de\u011fi\u015fikliklerle kep\u00e7enin hassas hareketini kontrol ederek operat\u00f6rlerin a\u011f\u0131r y\u00fckleri verimli bir \u015fekilde ta\u015f\u0131mas\u0131na ve karma\u015f\u0131k \u00e7al\u0131\u015fma ortamlar\u0131na ve \u00e7e\u015fitli i\u015f gereksinimlerine uyum sa\u011flamas\u0131na olanak tan\u0131r.<\/p>\n<p><img decoding=\"async\" src=\"https:\/\/www.hydraulic-cylinders.net\/wp-content\/uploads\/2025\/01\/songte-company-2.webp\" alt=\"Kova Silindiri G\u00f6r\u00fcnt\u00fcs\u00fc\"><\/p>\n<h2>\u00d6zellikler<\/h2>\n<ul>\n<li>Y\u00fcksek mukavemet ve dayan\u0131kl\u0131l\u0131k: Genellikle y\u00fcksek mukavemetli \u00e7elik veya al\u00fcminyumdan \u00fcretilen bu malzeme, y\u00fcksek bas\u0131nca ve a\u011f\u0131r y\u00fcklere dayanabilir, zorlu \u00e7al\u0131\u015fma ortamlar\u0131na uyum sa\u011flayabilir ve kullan\u0131m \u00f6mr\u00fcn\u00fc uzatmak i\u00e7in a\u015f\u0131nma ve korozyon direnci g\u00f6z \u00f6n\u00fcnde bulundurularak tasarlanm\u0131\u015ft\u0131r.<\/li>\n<li>Verimli hidrolik \u00e7al\u0131\u015fma: Hidrolik ya\u011f bas\u0131nc\u0131n\u0131 kullanarak d\u00fczg\u00fcn uzatma ve geri \u00e7ekme hareketleri sa\u011flar, kontrol komutlar\u0131na h\u0131zl\u0131 yan\u0131t verir, g\u00fc\u00e7l\u00fc itme ve \u00e7ekme kuvveti sunar ve a\u011f\u0131r y\u00fcklerin ve karma\u015f\u0131k i\u015fletme g\u00f6revlerinin \u00fcstesinden gelmek i\u00e7in uygundur.<\/li>\n<li>\u00c7e\u015fitli tipler: Farkl\u0131 \u00e7al\u0131\u015fma gereksinimlerini kar\u015f\u0131lamak i\u00e7in tek etkili (hidrolik tek y\u00f6nde kullan\u0131l\u0131r) veya \u00e7ift etkili (hidrolik her iki y\u00f6nde kullan\u0131l\u0131r) silindirler se\u00e7ilebilir. Baz\u0131 modeller teleskopiktir ve d\u0131\u015f boyutlar\u0131 art\u0131rmadan daha fazla uzama sa\u011flayarak s\u0131n\u0131rl\u0131 alana sahip uygulamalar i\u00e7in uygun hale gelir.<\/li>\n<li>De\u011fi\u015ftirmesi kolay: \u00dcr\u00fcn\u00fcm\u00fcz bu hidrolik silindirler i\u00e7in m\u00fckemmel bir yedek par\u00e7ad\u0131r. <\/li>\n<\/ul>\n<p><img decoding=\"async\" src=\"https:\/\/www.hydraulic-cylinders.net\/wp-content\/uploads\/2025\/01\/songte-cylinder-head-with-all-kinds-excavator-models.webp\" alt=\"Kova Silindir Modelleri\"><\/p>\n<h2>Uygulamalar<\/h2>\n<p>Kep\u00e7e silindiri, \u00e7e\u015fitli uygulamalarda kullan\u0131lan a\u011f\u0131r makinelerin \u00f6nemli bir bile\u015fenidir; \u00f6rne\u011fin:<\/p>\n<ul>\n<li>\u0130n\u015faat ekipmanlar\u0131: Ekskavat\u00f6rlerde, toprak veya molozun kaz\u0131lmas\u0131, y\u00fcklenmesi ve ta\u015f\u0131nmas\u0131 i\u00e7in kritik \u00f6neme sahiptirler. Kaz\u0131c\u0131 makinelerde ise kova silindiri hem kazmaya hem de kald\u0131rmaya yard\u0131mc\u0131 olur. <\/li>\n<li>Tar\u0131m makineleri: \u00d6n y\u00fckleyicilerde toprak, saman ve di\u011fer malzemeleri toplamak, kald\u0131rmak ve ta\u015f\u0131mak i\u00e7in kullan\u0131l\u0131r. <\/li>\n<li>Ekskavat\u00f6rler: Kova silindiri, kovan\u0131n topra\u011fa n\u00fcfuz etmesini sa\u011flayarak kazma i\u015flemini ger\u00e7ekle\u015ftirir. <\/li>\n<li>Y\u00fckleyiciler: \u00d6n y\u00fckleyicilerde, mallar\u0131n verimli bir \u015fekilde kald\u0131r\u0131lmas\u0131na ve devrilmesine yard\u0131mc\u0131 olurlar. <\/li>\n<\/ul>\n<p>Her bir uygulama a\u015fa\u011f\u0131da daha ayr\u0131nt\u0131l\u0131 olarak ele al\u0131nm\u0131\u015ft\u0131r:<\/p>\n<h3>\u0130n\u015faat Ekipmanlar\u0131<\/h3>\n<p>Ekskavat\u00f6rlerde, kep\u00e7e silindiri kaz\u0131, y\u00fckleme ve toprak veya moloz ta\u015f\u0131ma i\u015flemlerinde hayati \u00f6neme sahiptir. Ayr\u0131ca, silindirin hem kaz\u0131 hem de kald\u0131rma i\u015flemlerine yard\u0131mc\u0131 oldu\u011fu beko kep\u00e7elerde de kullan\u0131l\u0131r. Kep\u00e7e silindirinin kep\u00e7enin hareketini kontrol etme yetene\u011fi, bu uygulamalarda kritik \u00f6neme sahiptir ve operat\u00f6r\u00fcn makineyi verimli bir \u015fekilde kullanmas\u0131n\u0131 sa\u011flar. <\/p>\n<p><img decoding=\"async\" src=\"https:\/\/hzpt.com\/wp-content\/uploads\/2024\/11\/songte-company-1.webp\" alt=\"\u0130n\u015faat Ekipmanlar\u0131 Resmi\"><\/p>\n<h3>Tar\u0131m Makinalar\u0131<\/h3>\n<p>Kep\u00e7e silindirleri, \u00f6n y\u00fckleyicilerde toprak, saman ve di\u011fer malzemeleri kep\u00e7eyle almak, kald\u0131rmak ve ta\u015f\u0131mak i\u00e7in kullan\u0131l\u0131r. Kep\u00e7e silindirinin sorunsuz \u00e7al\u0131\u015fmas\u0131 ve g\u00fc\u00e7l\u00fc itme kuvveti, a\u011f\u0131r y\u00fcklerin ta\u015f\u0131nmas\u0131 i\u00e7in idealdir. <\/p>\n<h3>Ekskavat\u00f6rler<\/h3>\n<p>Kep\u00e7e silindiri, ekskavat\u00f6rlerde hayati bir rol oynar; kep\u00e7enin topra\u011fa n\u00fcfuz etmesini ve kazma i\u015flemini m\u00fcmk\u00fcn k\u0131lar. Operat\u00f6r, kep\u00e7enin hareketini hassas bir \u015fekilde kontrol edebilir, bu da verimli kaz\u0131 yapmay\u0131 kolayla\u015ft\u0131r\u0131r.<\/p>\n<h3>Y\u00fckleyiciler<\/h3>\n<p>\u00d6n y\u00fckleyicilerde, kova silindirleri mallar\u0131n verimli bir \u015fekilde kald\u0131r\u0131lmas\u0131na ve devrilmesine yard\u0131mc\u0131 olur. Silindirin kovan\u0131n hareketini kontrol etmesi, mallar\u0131n hassas bir \u015fekilde konumland\u0131r\u0131lmas\u0131na olanak tan\u0131yarak operat\u00f6rlerin g\u00fcvenli ve verimli bir \u015fekilde \u00e7al\u0131\u015fmas\u0131n\u0131 sa\u011flar.<\/p>\n<h2>Tasar\u0131m Hususlar\u0131 ve Se\u00e7im Kriterleri<\/h2>\n<p>Kova silindirinin tasar\u0131m\u0131, etkinli\u011fini ve uzun \u00f6m\u00fcrl\u00fcl\u00fc\u011f\u00fcn\u00fc sa\u011flamada \u00e7ok \u00f6nemlidir. A\u015fa\u011f\u0131daki tasar\u0131m hususlar\u0131 dikkate al\u0131nmal\u0131d\u0131r:<\/p>\n<ul>\n<li>Ta\u015f\u0131ma kapasitesi<\/li>\n<li>S\u0131zd\u0131rmazl\u0131k \u00f6zelli\u011fi<\/li>\n<li>Dayan\u0131kl\u0131l\u0131k<\/li>\n<li>Emniyet<\/li>\n<li>Bak\u0131m kolayl\u0131\u011f\u0131<\/li>\n<\/ul>\n<p><img decoding=\"async\" src=\"https:\/\/www.hydraulic-cylinders.net\/wp-content\/uploads\/2025\/01\/songte-oil-pipes-and-spare-parts.webp\" alt=\"Petrol Borular\u0131 ve Yedek Par\u00e7alar\u0131\"><\/p>\n<h3>Ta\u015f\u0131ma Kapasitesi<\/h3>\n<p>Kova silindiri, y\u00fcksek bas\u0131nca ve a\u011f\u0131r y\u00fcklere dayanacak \u015fekilde tasarlanmal\u0131d\u0131r. Dayan\u0131kl\u0131l\u0131\u011f\u0131n\u0131 sa\u011flamak i\u00e7in genellikle y\u00fcksek mukavemetli \u00e7elik veya al\u00fcminyum kullan\u0131l\u0131r ve kullan\u0131m \u00f6mr\u00fcn\u00fc uzatmak i\u00e7in a\u015f\u0131nma direnci ve korozyon direnci de dikkate al\u0131nmal\u0131d\u0131r.<\/p>\n<h3>S\u0131zd\u0131rmazl\u0131k Yetene\u011fi<\/h3>\n<p>Silindirin s\u0131zd\u0131rmazl\u0131k \u00f6zelli\u011fi, hidrolik bas\u0131nc\u0131n\u0131 korumak ve ya\u011f s\u0131z\u0131nt\u0131s\u0131n\u0131 \u00f6nlemek a\u00e7\u0131s\u0131ndan kritik \u00f6neme sahiptir. Silindirin \u00e7al\u0131\u015fma verimlili\u011fini korumak i\u00e7in piston contalar\u0131 ve mil contalar\u0131 gibi y\u00fcksek kaliteli s\u0131zd\u0131rmazl\u0131k bile\u015fenleri kullan\u0131lmal\u0131d\u0131r.<\/p>\n<h3>Dayan\u0131kl\u0131l\u0131k<\/h3>\n<p>Silindirin dayan\u0131kl\u0131l\u0131\u011f\u0131, zorlu \u00e7al\u0131\u015fma ortamlar\u0131na uyum sa\u011flamas\u0131 ve uzun \u00f6m\u00fcrl\u00fc olmas\u0131n\u0131 sa\u011flamas\u0131 a\u00e7\u0131s\u0131ndan kritik \u00f6neme sahiptir. Silindirin tasar\u0131m\u0131, kullan\u0131m \u00f6mr\u00fcn\u00fc uzatmak i\u00e7in a\u015f\u0131nma direnci, korozyon direnci ve di\u011fer fakt\u00f6rleri dikkate almal\u0131d\u0131r.<\/p>\n<h3>Emniyet<\/h3>\n<p>Kova silindiri, g\u00fcvenlik g\u00f6z \u00f6n\u00fcnde bulundurularak tasarlanmal\u0131d\u0131r. Operat\u00f6rler i\u00e7in g\u00fcvenlik riski olu\u015fturmadan y\u00fcksek bas\u0131nca dayanabilmelidir. G\u00fcvenli \u00e7al\u0131\u015fma sa\u011flamak i\u00e7in do\u011fru montaj ve kurulum prosed\u00fcrleri izlenmelidir.<\/p>\n<h3>Bak\u0131m kolayl\u0131\u011f\u0131<\/h3>\n<p>Kova silindiri, kolay bak\u0131m i\u00e7in tasarlanmal\u0131d\u0131r. Muayene, ya\u011flama ve conta de\u011fi\u015fimi de dahil olmak \u00fczere d\u00fczenli bak\u0131m, kullan\u0131m \u00f6mr\u00fcn\u00fc uzatmak i\u00e7in \u00e7ok \u00f6nemlidir.<\/p>\n<p><img decoding=\"async\" src=\"https:\/\/www.hydraulic-cylinders.net\/wp-content\/uploads\/2025\/01\/songte-chushion-collar.webp\" alt=\"Yast\u0131k Yaka\"><\/p>\n<h2>S\u0131zd\u0131rmazl\u0131k ve Ya\u011flama<\/h2>\n<p>Kova silindirinin d\u00fczg\u00fcn \u00e7al\u0131\u015fmas\u0131n\u0131 sa\u011flamak i\u00e7in s\u0131zd\u0131rmazl\u0131\u011f\u0131 ve ya\u011flanmas\u0131 d\u00fczenli olarak kontrol edilmelidir. A\u015fa\u011f\u0131daki ad\u0131mlar dikkate al\u0131nmal\u0131d\u0131r:<\/p>\n<ul>\n<li>Etkin bir s\u0131zd\u0131rmazl\u0131k i\u00e7in piston contalar\u0131 ve mil contalar\u0131 gibi \u00e7e\u015fitli s\u0131zd\u0131rmazl\u0131k bile\u015fenleri kullan\u0131lmal\u0131d\u0131r. <\/li>\n<li>Dayan\u0131kl\u0131l\u0131klar\u0131n\u0131 sa\u011flamak i\u00e7in poli\u00fcretan ve nitril kau\u00e7uk gibi a\u015f\u0131nmaya dayan\u0131kl\u0131 malzemelerden yap\u0131lm\u0131\u015f s\u0131zd\u0131rmazl\u0131k bile\u015fenleri kullan\u0131lmal\u0131d\u0131r.<\/li>\n<li>Silindirin g\u00f6vdesi ve di\u015fli y\u00fczeyi, a\u015f\u0131nma direncini art\u0131rmak i\u00e7in dikkatlice i\u015flenmelidir.<\/li>\n<li>Silindirin sorunsuz \u00e7al\u0131\u015fmas\u0131n\u0131 sa\u011flamak i\u00e7in d\u00fczenli olarak uygun hidrolik ya\u011f ile ya\u011flanmas\u0131 gerekir.<\/li>\n<\/ul>\n<h2>Bak\u0131m ve Onar\u0131m<\/h2>\n<p>Kova silindirinin uzun \u00f6m\u00fcrl\u00fc olmas\u0131 i\u00e7in d\u00fczenli bak\u0131m ve onar\u0131m gereklidir. A\u015fa\u011f\u0131daki i\u015flemler yap\u0131lmal\u0131d\u0131r:<\/p>\n<ul>\n<li>Ya\u011f ka\u00e7a\u011f\u0131 veya anormal sesler gibi a\u015f\u0131nma veya hasar belirtilerini tespit etmek i\u00e7in d\u00fczenli kontroller yap\u0131l\u0131r.<\/li>\n<li>Sorunsuz \u00e7al\u0131\u015fma i\u00e7in d\u00fczenli ya\u011flama yap\u0131lmal\u0131d\u0131r.<\/li>\n<li>Uygun s\u0131zd\u0131rmazl\u0131\u011f\u0131 sa\u011flamak i\u00e7in gerekti\u011finde contalar\u0131 de\u011fi\u015ftirin.<\/li>\n<li>Do\u011fru \u00e7al\u0131\u015fmay\u0131 sa\u011flamak i\u00e7in kalibrasyon kontrolleri.<\/li>\n<\/ul>\n<p><img decoding=\"async\" src=\"https:\/\/www.hydraulic-cylinders.net\/wp-content\/uploads\/2025\/01\/songte-bushings-with-all-kinds-of-excavator-models.webp\" alt=\"Ekskavat\u00f6r Modellerinde Bur\u00e7lar\"><\/p>\n<h2>G\u00fcvenlik Hususlar\u0131 ve \u00c7evresel Fakt\u00f6rler<\/h2>\n<p>Kep\u00e7e silindirini \u00e7al\u0131\u015ft\u0131r\u0131rken g\u00fcvenlik prosed\u00fcrlerine uyman\u0131z \u00f6nemlidir. Hidrolik silindirler y\u00fcksek bas\u0131n\u00e7 alt\u0131ndad\u0131r ve uygun \u015fekilde kullan\u0131lmad\u0131\u011f\u0131 takdirde tehlikeli olabilir. Kazalar\u0131 \u00f6nlemek i\u00e7in \u00fcreticinin talimatlar\u0131na ve y\u00f6nergelerine uygun olarak kurulmal\u0131 ve \u00e7al\u0131\u015ft\u0131r\u0131lmal\u0131d\u0131r.<\/p>\n<h2>Ar\u0131za Te\u015fhisi ve Sorun Giderme<\/h2>\n<p>Koval\u0131 silindirlerin kullan\u0131m\u0131nda a\u015fa\u011f\u0131daki yayg\u0131n sorunlar ortaya \u00e7\u0131kabilir:<\/p>\n<ul>\n<li>Ya\u011f ka\u00e7a\u011f\u0131<\/li>\n<li>\u00c7al\u0131\u015fma s\u0131ras\u0131nda anormal sesler<\/li>\n<li>Silindirin d\u00fczg\u00fcn \u00e7al\u0131\u015fmamas\u0131 veya g\u00f6revlerin tamamlanamamas\u0131<\/li>\n<\/ul>\n<p>Bu sorunlar\u0131 te\u015fhis etmek ve gidermek i\u00e7in:<\/p>\n<ul>\n<li>L\u00fctfen \u00fcreticinin kullan\u0131m k\u0131lavuzuna bak\u0131n.<\/li>\n<li>D\u00fczenli kontroller ve bak\u0131m i\u015flemleri ger\u00e7ekle\u015ftirin.<\/li>\n<li>Gerekti\u011finde ar\u0131zal\u0131 par\u00e7alar\u0131 de\u011fi\u015ftirin.<\/li>\n<\/ul>\n<h2>\u015eirket Tan\u0131t\u0131m\u0131<\/h2>\n<p>Hidrolik silindir \u00fcreticisiyiz ve eksiksiz bir \u00fcr\u00fcn yelpazesi sunuyoruz. Yurti\u00e7i ve yurtd\u0131\u015f\u0131 pazarlarda \u00f6nde gelen hidrolik silindir \u00fcreticilerinden ve toptanc\u0131lar\u0131ndan biriyiz. M\u00fckemmel kalite ilkesini benimsiyor ve ince i\u015f\u00e7ilikle \u00fcretilmi\u015f at\u00f6lyemizde end\u00fcstriyel \u00fcretim y\u00f6netim stratejilerine g\u00fcveniyoruz. At\u00f6lyenin \u00fcretim platformunu s\u00fcrekli geli\u015ftiriyor, \u00fcr\u00fcn \u00fcretim yollar\u0131n\u0131n kalitesini art\u0131r\u0131yor ve g\u00fc\u00e7l\u00fc bir yarat\u0131c\u0131l\u0131k yetene\u011fine sahip olarak, y\u00fcksek verimlilik, y\u00fcksek hassasiyet ve y\u00fcksek kalite ilkesiyle m\u00fc\u015fterilerin \u00e7e\u015fitli ihtiya\u00e7lar\u0131n\u0131 kar\u015f\u0131l\u0131yoruz. <\/p>\n<p><img decoding=\"async\" src=\"https:\/\/www.hydraulic-cylinders.net\/wp-content\/uploads\/2025\/01\/songte-company-3.webp\" alt=\"\u015eirket \u0130maj\u0131\"><\/p>\n<h3>Profesyonellik<\/h3>\n<p>Hidrolik silindir tasar\u0131m\u0131 ve imalat\u0131 konusunda bilgili profesyonellerden olu\u015fan bir ekibimiz var. \u00dcr\u00fcnlerimizin en y\u00fcksek kalitede olmas\u0131n\u0131 sa\u011flamak i\u00e7in geli\u015fmi\u015f teknoloji ve \u00fcretim ekipmanlar\u0131 kullan\u0131yoruz.<\/p>\n<h3>Uluslararas\u0131 Sertifikasyon<\/h3>\n<p>ISO9001, CE ve SGS gibi uluslararas\u0131 sertifikalara sahibiz. Bu sertifikalar, kaliteye ve m\u00fc\u015fteri memnuniyetine olan ba\u011fl\u0131l\u0131\u011f\u0131m\u0131z\u0131 g\u00f6stermektedir.<\/p>\n<h3>\u00d6zelle\u015ftirme Hizmetleri<\/h3>\n<p>M\u00fc\u015fterilerimizin \u00f6zel ihtiya\u00e7lar\u0131n\u0131 kar\u015f\u0131lamak i\u00e7in \u00f6zelle\u015ftirme hizmetleri sunuyoruz. Ekibimiz, m\u00fc\u015fterilerimizin benzersiz gereksinimlerini kar\u015f\u0131layan \u00f6zelle\u015ftirilmi\u015f \u00e7\u00f6z\u00fcmler olu\u015fturmak i\u00e7in onlarla yak\u0131n i\u015fbirli\u011fi i\u00e7inde \u00e7al\u0131\u015fmaktad\u0131r.<\/p>\n<h3>\u00dcretim Ekipmanlar\u0131<\/h3>\n<p>Hidrolik silindirlerimizin kalitesini ve tutarl\u0131l\u0131\u011f\u0131n\u0131 sa\u011flamak i\u00e7in geli\u015fmi\u015f \u00fcretim ekipmanlar\u0131 ve teknolojisi kullan\u0131yoruz. Ekipmanlar\u0131m\u0131z aras\u0131nda CNC torna tezgahlar\u0131, CNC i\u015fleme merkezleri ve otomatik hidrolik silindir \u00fcretim hatlar\u0131 bulunmaktad\u0131r.<\/p>\n<h3>Sat\u0131\u015f Sonras\u0131 Hizmet<\/h3>\n<p>M\u00fc\u015fterilerimize teknik destek ve yard\u0131m sa\u011flayan \u00f6zel bir sat\u0131\u015f sonras\u0131 servis ekibimiz bulunmaktad\u0131r. Ekibimiz, her t\u00fcrl\u00fc soruyu yan\u0131tlamak ve ortaya \u00e7\u0131kabilecek her t\u00fcrl\u00fc soruna \u00e7\u00f6z\u00fcm sunmak i\u00e7in haz\u0131rd\u0131r.<\/p>\n<p>????: lyl.<\/p>","protected":false},"excerpt":{"rendered":"<p>Bucket Cylinder For Sumitomo Large Excavator SH300A1A2A3 Introduction The bucket cylinder, also known as a hydraulic cylinder, is a specially designed cylinder used to control the movement of the bucket in heavy machinery such as excavators, backhoes, and front-end loaders. Its main function is to enable the bucket to be lifted, lowered, and tilted, making [&hellip;]<\/p>","protected":false},"featured_media":14780,"comment_status":"open","ping_status":"closed","template":"","meta":{"_et_pb_use_builder":"","_et_pb_old_content":"","_et_gb_content_width":""},"product_brand":[],"product_cat":[1494],"product_tag":[1495,1496],"class_list":{"0":"post-15183","1":"product","2":"type-product","3":"status-publish","4":"has-post-thumbnail","6":"product_cat-bucket-cylinders","7":"product_tag-bucket-cylinders","8":"product_tag-hydraulic-cylinders","10":"first","11":"instock","12":"shipping-taxable","13":"product-type-simple"},"amp_enabled":true,"_links":{"self":[{"href":"https:\/\/www.hydraulic-cylinders.net\/tr\/wp-json\/wp\/v2\/product\/15183","targetHints":{"allow":["GET"]}}],"collection":[{"href":"https:\/\/www.hydraulic-cylinders.net\/tr\/wp-json\/wp\/v2\/product"}],"about":[{"href":"https:\/\/www.hydraulic-cylinders.net\/tr\/wp-json\/wp\/v2\/types\/product"}],"replies":[{"embeddable":true,"href":"https:\/\/www.hydraulic-cylinders.net\/tr\/wp-json\/wp\/v2\/comments?post=15183"}],"wp:featuredmedia":[{"embeddable":true,"href":"https:\/\/www.hydraulic-cylinders.net\/tr\/wp-json\/wp\/v2\/media\/14780"}],"wp:attachment":[{"href":"https:\/\/www.hydraulic-cylinders.net\/tr\/wp-json\/wp\/v2\/media?parent=15183"}],"wp:term":[{"taxonomy":"product_brand","embeddable":true,"href":"https:\/\/www.hydraulic-cylinders.net\/tr\/wp-json\/wp\/v2\/product_brand?post=15183"},{"taxonomy":"product_cat","embeddable":true,"href":"https:\/\/www.hydraulic-cylinders.net\/tr\/wp-json\/wp\/v2\/product_cat?post=15183"},{"taxonomy":"product_tag","embeddable":true,"href":"https:\/\/www.hydraulic-cylinders.net\/tr\/wp-json\/wp\/v2\/product_tag?post=15183"}],"curies":[{"name":"wp","href":"https:\/\/api.w.org\/{rel}","templated":true}]}}