{"id":15187,"date":"2025-01-19T14:12:54","date_gmt":"2025-01-19T14:12:54","guid":{"rendered":"https:\/\/www.hydraulic-cylinders.net\/product\/bucket-cylinder-for-sumitomo-large-excavator-sh450a2\/"},"modified":"2025-01-19T14:12:56","modified_gmt":"2025-01-19T14:12:56","slug":"bucket-cylinder-for-sumitomo-large-excavator-sh450a2","status":"publish","type":"product","link":"https:\/\/www.hydraulic-cylinders.net\/tr\/urun\/bucket-cylinder-for-sumitomo-large-excavator-sh450a2\/","title":{"rendered":"Sumitomo B\u00fcy\u00fck Ekskavat\u00f6r SH450A2 \u0130\u00e7in Kova Silindiri"},"content":{"rendered":"<h1>Sumitomo B\u00fcy\u00fck Ekskavat\u00f6r SH450A2 \u0130\u00e7in Kova Silindiri<\/h1>\n<h2>girii\u015f<\/h2>\n<p>Sumitomo SH450A2 b\u00fcy\u00fck ekskavat\u00f6r\u00fcn\u00fcn kova silindiri, ekskavat\u00f6rler, beko-loderler ve \u00f6n y\u00fckleyiciler gibi a\u011f\u0131r i\u015f makinelerinde kovan\u0131n hareketini kontrol etmek i\u00e7in kullan\u0131lan \u00f6zel olarak tasarlanm\u0131\u015f bir hidrolik silindirdir. Ana i\u015flevi, kovan\u0131n kald\u0131rma, indirme ve e\u011fme hareketlerini ger\u00e7ekle\u015ftirerek \u00e7e\u015fitli malzeme ta\u015f\u0131ma g\u00f6revlerini kolayla\u015ft\u0131rmakt\u0131r. Hidrolik sistemde, kova silindiri, hidrolik ya\u011f bas\u0131nc\u0131ndaki de\u011fi\u015fikliklerle kovan\u0131n hassas kontrol\u00fcn\u00fc sa\u011flayarak operat\u00f6rlerin a\u011f\u0131r y\u00fckleri verimli bir \u015fekilde ta\u015f\u0131mas\u0131na ve karma\u015f\u0131k \u00e7al\u0131\u015fma ortamlar\u0131na ve \u00e7e\u015fitli i\u015f gereksinimlerine uyum sa\u011flamas\u0131na olanak tan\u0131r.<\/p>\n<p><img decoding=\"async\" src=\"https:\/\/www.hydraulic-cylinders.net\/wp-content\/uploads\/2025\/01\/songte-company-2.webp\" alt=\"Kova Silindiri G\u00f6r\u00fcnt\u00fcs\u00fc\"><\/p>\n<h2>\u00d6zellikler<\/h2>\n<ul>\n<li>Y\u00fcksek Mukavemet ve Dayan\u0131kl\u0131l\u0131k: Genellikle y\u00fcksek mukavemetli \u00e7elik veya al\u00fcminyumdan \u00fcretilen kova silindiri, y\u00fcksek bas\u0131nca ve a\u011f\u0131r y\u00fcklere dayanabilir ve zorlu \u00e7al\u0131\u015fma ortamlar\u0131na uyum sa\u011flar. Tasar\u0131m\u0131nda, kullan\u0131m \u00f6mr\u00fcn\u00fc uzatmak i\u00e7in a\u015f\u0131nma ve korozyon direnci g\u00f6z \u00f6n\u00fcnde bulundurulmu\u015ftur.<\/li>\n<li>Verimli Hidrolik \u00c7al\u0131\u015fma: Hidrolik ya\u011f bas\u0131nc\u0131n\u0131 kullanan kova silindiri, d\u00fczg\u00fcn uzatma ve geri \u00e7ekme hareketlerine olanak tan\u0131r, kontrol komutlar\u0131na h\u0131zl\u0131 tepki verir ve g\u00fc\u00e7l\u00fc itme ve \u00e7ekme kuvvetleri sa\u011flar, bu da onu a\u011f\u0131r y\u00fckleri ve karma\u015f\u0131k i\u015f g\u00f6revlerini ta\u015f\u0131maya uygun hale getirir.<\/li>\n<li>\u00c7e\u015fitli Tipler: Kova silindirleri, operasyonel gereksinimlere g\u00f6re tek etkili (sadece tek y\u00f6nde hidrolik kullan\u0131lan) veya \u00e7ift etkili (her iki y\u00f6nde hidrolik kullan\u0131lan) silindirler olarak se\u00e7ilebilir. Baz\u0131 modeller teleskopiktir ve d\u0131\u015f boyutlar\u0131 art\u0131rmadan daha fazla uzatma imkan\u0131 sunarak, alan k\u0131s\u0131tlamas\u0131 olan uygulamalar i\u00e7in uygundur.<\/li>\n<\/ul>\n<p><img decoding=\"async\" src=\"https:\/\/www.hydraulic-cylinders.net\/wp-content\/uploads\/2025\/01\/songte-cylinder-head-with-all-kinds-excavator-models.webp\" alt=\"Kova Silindiri Uygulama G\u00f6rseli\"><\/p>\n<h2>Uygulamalar<\/h2>\n<p>Kova silindiri \u00e7e\u015fitli ekipmanlarda uygulama alan\u0131 bulur:<\/p>\n<ul>\n<li>\u0130n\u015faat Ekipmanlar\u0131: Ekskavat\u00f6rlerde, toprak veya moloz kazma, y\u00fckleme ve ta\u015f\u0131mada hayati \u00f6nem ta\u015f\u0131rlar. Beko-Loderlerde ise kova silindiri hem kazma hem de kald\u0131rma i\u015flemlerinde yard\u0131mc\u0131 olur.<\/li>\n<li>Tar\u0131m Makinalar\u0131: \u00d6n y\u00fckleyicilerde toprak, saman ve di\u011fer malzemeleri kep\u00e7elemek, kald\u0131rmak ve ta\u015f\u0131mak i\u00e7in kullan\u0131l\u0131r.<\/li>\n<li>Ekskavat\u00f6rler: Kova silindiri, kovan\u0131n topra\u011fa n\u00fcfuz etmesini sa\u011flayarak kazma i\u015flemini ger\u00e7ekle\u015ftirir.<\/li>\n<li>Y\u00fckleyiciler: \u00d6n y\u00fckleyicilerde, mallar\u0131n etkili bir \u015fekilde kald\u0131r\u0131lmas\u0131na ve bo\u015falt\u0131lmas\u0131na yard\u0131mc\u0131 olurlar.<\/li>\n<\/ul>\n<h2>Tasar\u0131m Hususlar\u0131 ve Se\u00e7im Kriterleri<\/h2>\n<ul>\n<li>Ta\u015f\u0131ma Kapasitesi: Kova silindiri, \u00e7al\u0131\u015fma s\u0131ras\u0131nda beklenen y\u00fckleri ve kar\u015f\u0131la\u015f\u0131lacak kuvvetleri kar\u015f\u0131layacak \u015fekilde tasarlanm\u0131\u015ft\u0131r.<\/li>\n<li>S\u0131zd\u0131rmazl\u0131k: Piston contalar\u0131 ve biyel contalar\u0131 gibi \u00e7e\u015fitli s\u0131zd\u0131rmazl\u0131k bile\u015fenleri kullan\u0131l\u0131r, bunlar genellikle poli\u00fcretan ve nitril kau\u00e7uk gibi a\u015f\u0131nmaya dayan\u0131kl\u0131 malzemelerden yap\u0131l\u0131r ve etkili s\u0131zd\u0131rmazl\u0131k performans\u0131 sa\u011flar.<\/li>\n<li>Dayan\u0131kl\u0131l\u0131k: Silindirin g\u00f6vdesi ve di\u015fli u\u00e7lar\u0131 a\u015f\u0131nma direncini art\u0131rmak i\u00e7in hassas bir i\u015flemden ge\u00e7irilmi\u015ftir.<\/li>\n<li>G\u00fcvenlik: Tasar\u0131m hususlar\u0131 aras\u0131nda potansiyel tehlikelerin \u00f6nlenmesi ve g\u00fcvenlik \u00f6zelliklerinin uygulanmas\u0131 yer al\u0131r.<\/li>\n<li>Bak\u0131m kolayl\u0131\u011f\u0131: Kova silindiri, kolay bak\u0131m ve onar\u0131m\u0131 kolayla\u015ft\u0131rmak i\u00e7in tasarlanm\u0131\u015ft\u0131r, par\u00e7alar\u0131n verimli bir \u015fekilde de\u011fi\u015ftirilmesine ve \u00f6mr\u00fcn\u00fc uzatmak i\u00e7in yeniden yap\u0131m hizmetlerine olanak tan\u0131r.<\/li>\n<\/ul>\n<p><img decoding=\"async\" src=\"https:\/\/www.hydraulic-cylinders.net\/wp-content\/uploads\/2025\/01\/songte-oil-pipes-and-spare-parts.webp\" alt=\"Kova Silindir Tasar\u0131m G\u00f6rseli\"><\/p>\n<h2>S\u0131zd\u0131rmazl\u0131k ve Ya\u011flama<\/h2>\n<p>Kova silindiri, poli\u00fcretan ve nitril kau\u00e7uk gibi a\u015f\u0131nmaya dayan\u0131kl\u0131 malzemelerden yap\u0131lm\u0131\u015f piston contalar\u0131 ve piston kolu contalar\u0131 gibi \u00e7e\u015fitli s\u0131zd\u0131rmazl\u0131k bile\u015fenleri kullan\u0131r. Silindir g\u00f6vdesi ve di\u015fli u\u00e7lar\u0131, a\u015f\u0131nma direncini art\u0131rmak i\u00e7in hassas bir i\u015flemden ge\u00e7irilir. Sorunsuz \u00e7al\u0131\u015fma ve optimum performans\u0131n korunmas\u0131 i\u00e7in uygun hidrolik ya\u011f ile d\u00fczenli ya\u011flama gereklidir.<\/p>\n<h2>D\u00fczenli Muayene ve \u00d6nleyici Bak\u0131m<\/h2>\n<ul>\n<li>Kova silindirini d\u00fczenli olarak a\u015f\u0131nma, hasar veya s\u0131z\u0131nt\u0131 belirtileri a\u00e7\u0131s\u0131ndan inceleyin.<\/li>\n<li>T\u00fcm hareketli par\u00e7alar\u0131n uygun \u015fekilde ya\u011fland\u0131\u011f\u0131ndan emin olun.<\/li>\n<li>Etkili s\u0131zd\u0131rmazl\u0131k performans\u0131n\u0131 korumak i\u00e7in contalar\u0131 periyodik olarak de\u011fi\u015ftirin.<\/li>\n<li>Do\u011fru \u00e7al\u0131\u015fmay\u0131 sa\u011flamak i\u00e7in kalibrasyon kontrollerini ger\u00e7ekle\u015ftirin.<\/li>\n<\/ul>\n<p><img decoding=\"async\" src=\"https:\/\/www.hydraulic-cylinders.net\/wp-content\/uploads\/2025\/01\/songte-chushion-collar.webp\" alt=\"Kova Silindiri Bak\u0131m G\u00f6rseli\"><\/p>\n<h2>G\u00fcvenlik Hususlar\u0131 ve \u00c7evresel Fakt\u00f6rler<\/h2>\n<p>Kova silindiriyle \u00e7al\u0131\u015f\u0131rken, kazalar\u0131 \u00f6nlemek ve operat\u00f6rlerin ve \u00e7evredeki personelin sa\u011fl\u0131\u011f\u0131n\u0131 korumak i\u00e7in uygun g\u00fcvenlik \u00f6nlemlerine uymak \u00e7ok \u00f6nemlidir. \u00c7evresel fakt\u00f6rleri dikkate almak, \u00e7evre \u00fczerindeki etkiyi en aza indirmeye yard\u0131mc\u0131 olur ve s\u00fcrd\u00fcr\u00fclebilir uygulamalar\u0131 te\u015fvik eder.<\/p>\n<h2>Ar\u0131za Te\u015fhisi ve Sorun Giderme<\/h2>\n<p>Ar\u0131za durumunda, sorunun do\u011fru bir \u015fekilde te\u015fhis edilmesi \u00f6nemlidir. Kova silindiriyle ilgili yayg\u0131n sorunlar aras\u0131nda s\u0131z\u0131nt\u0131, yetersiz kuvvet veya d\u00fczensiz hareket say\u0131labilir. Okuyucular\u0131n sorunlar\u0131 etkili bir \u015fekilde te\u015fhis edip \u00e7\u00f6zmelerine yard\u0131mc\u0131 olmak i\u00e7in sorun giderme ipu\u00e7lar\u0131 ve \u00e7\u00f6z\u00fcmleri sa\u011flanmal\u0131d\u0131r. Ayr\u0131ca, olas\u0131 sorunlar\u0131 en aza indirmek i\u00e7in \u00f6nleyici tedbirler de \u00f6nerilmelidir.<\/p>\n<p><img decoding=\"async\" src=\"https:\/\/www.hydraulic-cylinders.net\/wp-content\/uploads\/2025\/01\/songte-bushings-with-all-kinds-of-excavator-models.webp\" alt=\"Kova Silindiri Sorun Giderme G\u00f6r\u00fcnt\u00fcs\u00fc\"><\/p>\n<p>Makaleyi mant\u0131kl\u0131 bir \u015fekilde d\u00fczenlemeyi, kolay gezinme i\u00e7in alt ba\u015fl\u0131klar kullanmay\u0131, daha iyi anla\u015f\u0131lmas\u0131 i\u00e7in ilgili g\u00f6rseller veya grafikler eklemeyi ve i\u00e7eri\u011fin farkl\u0131 teknik bilgi seviyelerine sahip okuyucular i\u00e7in a\u00e7\u0131k, \u00f6z ve uygun olmas\u0131n\u0131 sa\u011flamay\u0131 unutmay\u0131n.<\/p>\n<h2>\u015eirketimiz Hakk\u0131nda<\/h2>\n<p>Yedek hidrolik silindir \u00fcreticisi ve yurt i\u00e7i ve yurt d\u0131\u015f\u0131 pazarlarda lider hidrolik silindir \u00fcreticilerinden ve toptan da\u011f\u0131t\u0131c\u0131lar\u0131ndan biriyiz. M\u00fckemmel kalite ilkelerine ba\u011fl\u0131 kal\u0131yor ve geli\u015fmi\u015f \u00fcretim at\u00f6lyemizde end\u00fcstriyel \u00fcretim y\u00f6netimi stratejilerine g\u00fcveniyoruz. Teknik yeteneklerimiz, geli\u015fmi\u015f dijital \u00fcretim ekipmanlar\u0131m\u0131z ve profesyonel test sistemlerimizle \u00fcretim platformumuzu s\u00fcrekli geli\u015ftiriyor, \u00fcretim s\u00fcrecini optimize ediyor ve g\u00fc\u00e7l\u00fc \u00fcretim kapasitelerine sahibiz. Y\u00fcksek verimlilik, hassasiyet ve kaliteyle farkl\u0131 m\u00fc\u015fteri ihtiya\u00e7lar\u0131n\u0131 kar\u015f\u0131lamay\u0131 hedefliyoruz.<\/p>\n<p><img decoding=\"async\" src=\"https:\/\/www.hydraulic-cylinders.net\/wp-content\/uploads\/2025\/01\/songte-company-3.webp\" alt=\"\u015eirket \u0130maj\u0131\"><\/p>\n<h3>\u015eirketimizin \u00d6ne \u00c7\u0131kan \u00d6zellikleri:<\/h3>\n<ul>\n<li>Uzmanl\u0131k: Geni\u015f deneyim ve bilgi birikimimizle y\u00fcksek kaliteli hidrolik silindirler sa\u011fl\u0131yoruz.<\/li>\n<li>Uluslararas\u0131 Sertifikalar: \u00dcr\u00fcnlerimiz uluslararas\u0131 standartlara ve sertifikalara uygundur, g\u00fcvenilirli\u011fini ve performans\u0131n\u0131 garanti alt\u0131na al\u0131r.<\/li>\n<li>\u00d6zelle\u015ftirme Hizmetleri: Belirli gereksinimleri kar\u015f\u0131lamak i\u00e7in \u00f6zel hidrolik silindir \u00e7\u00f6z\u00fcmleri sunuyoruz.<\/li>\n<li>\u00dcretim Ekipmanlar\u0131: Firmam\u0131z hassas \u00fcretim i\u00e7in ileri \u00fcretim ekipmanlar\u0131 kullanmaktad\u0131r.<\/li>\n<li>Sat\u0131\u015f Sonras\u0131 Hizmet: Hidrolik silindirlerimizin \u00f6mr\u00fcn\u00fc uzatmak i\u00e7in par\u00e7a de\u011fi\u015fimi ve yeniden yap\u0131m\u0131 da dahil olmak \u00fczere m\u00fckemmel sat\u0131\u015f sonras\u0131 hizmet sa\u011fl\u0131yoruz.<\/li>\n<\/ul>\n<p>Yazar: lyl<\/p>","protected":false},"excerpt":{"rendered":"<p>Bucket Cylinder For Sumitomo Large Excavator SH450A2 Introduction The bucket cylinder for Sumitomo large excavator SH450A2 is a specially designed hydraulic cylinder used to control the movement of the bucket in heavy machinery such as excavators, backhoe loaders, and front loaders. Its main function is to enable the bucket to perform lifting, lowering, and tilting [&hellip;]<\/p>","protected":false},"featured_media":14771,"comment_status":"open","ping_status":"closed","template":"","meta":{"_et_pb_use_builder":"","_et_pb_old_content":"","_et_gb_content_width":""},"product_brand":[],"product_cat":[1494],"product_tag":[1495,1496],"class_list":{"0":"post-15187","1":"product","2":"type-product","3":"status-publish","4":"has-post-thumbnail","6":"product_cat-bucket-cylinders","7":"product_tag-bucket-cylinders","8":"product_tag-hydraulic-cylinders","10":"first","11":"instock","12":"shipping-taxable","13":"product-type-simple"},"amp_enabled":true,"_links":{"self":[{"href":"https:\/\/www.hydraulic-cylinders.net\/tr\/wp-json\/wp\/v2\/product\/15187","targetHints":{"allow":["GET"]}}],"collection":[{"href":"https:\/\/www.hydraulic-cylinders.net\/tr\/wp-json\/wp\/v2\/product"}],"about":[{"href":"https:\/\/www.hydraulic-cylinders.net\/tr\/wp-json\/wp\/v2\/types\/product"}],"replies":[{"embeddable":true,"href":"https:\/\/www.hydraulic-cylinders.net\/tr\/wp-json\/wp\/v2\/comments?post=15187"}],"wp:featuredmedia":[{"embeddable":true,"href":"https:\/\/www.hydraulic-cylinders.net\/tr\/wp-json\/wp\/v2\/media\/14771"}],"wp:attachment":[{"href":"https:\/\/www.hydraulic-cylinders.net\/tr\/wp-json\/wp\/v2\/media?parent=15187"}],"wp:term":[{"taxonomy":"product_brand","embeddable":true,"href":"https:\/\/www.hydraulic-cylinders.net\/tr\/wp-json\/wp\/v2\/product_brand?post=15187"},{"taxonomy":"product_cat","embeddable":true,"href":"https:\/\/www.hydraulic-cylinders.net\/tr\/wp-json\/wp\/v2\/product_cat?post=15187"},{"taxonomy":"product_tag","embeddable":true,"href":"https:\/\/www.hydraulic-cylinders.net\/tr\/wp-json\/wp\/v2\/product_tag?post=15187"}],"curies":[{"name":"wp","href":"https:\/\/api.w.org\/{rel}","templated":true}]}}