{"id":15192,"date":"2025-01-19T14:13:15","date_gmt":"2025-01-19T14:13:15","guid":{"rendered":"https:\/\/www.hydraulic-cylinders.net\/product\/bucket-cylinder-for-sumitomo-large-excavator-sh460hd-5\/"},"modified":"2025-01-19T14:13:17","modified_gmt":"2025-01-19T14:13:17","slug":"bucket-cylinder-for-sumitomo-large-excavator-sh460hd-5","status":"publish","type":"product","link":"https:\/\/www.hydraulic-cylinders.net\/tr\/urun\/bucket-cylinder-for-sumitomo-large-excavator-sh460hd-5\/","title":{"rendered":"Sumitomo B\u00fcy\u00fck Ekskavat\u00f6r SH460HD-5 \u0130\u00e7in Kova Silindiri"},"content":{"rendered":"<p><!DOCTYPE html><br \/>\n<html><\/p>\n<p><head><br \/>\n    <title>Sumitomo B\u00fcy\u00fck Ekskavat\u00f6r SH460HD-5 \u0130\u00e7in Kova Silindiri<\/title><br \/>\n<\/head><\/p>\n<p><body><\/p>\n<h1>Sumitomo B\u00fcy\u00fck Ekskavat\u00f6r SH460HD-5 \u0130\u00e7in Kova Silindiri<\/h1>\n<h2>Tan\u0131m<\/h2>\n<p>A bucket cylinder is a specially designed hydraulic cylinder used to control the movement of the bucket in heavy machinery such as excavators, backhoe loaders, and front loaders. Its main function is to allow the bucket to be raised, lowered, and tilted for various material handling tasks. In a hydraulic system, the bucket cylinder precisely controls the bucket&#8217;s movements through changes in hydraulic oil pressure, enabling operators to efficiently handle heavy loads and adapt to complex work environments and diverse operational requirements.<\/p>\n<p>    <img decoding=\"async\" src=\"https:\/\/www.hydraulic-cylinders.net\/wp-content\/uploads\/2025\/01\/songte-company-2.webp\"><\/p>\n<h2>\u00d6zellikler<\/h2>\n<ul>\n<li>Y\u00fcksek Mukavemet ve Dayan\u0131kl\u0131l\u0131k: Genellikle y\u00fcksek mukavemetli \u00e7elik veya al\u00fcminyumdan \u00fcretilir, y\u00fcksek bas\u0131n\u00e7lara ve a\u011f\u0131r y\u00fcklere dayanabilir, zorlu \u00e7al\u0131\u015fma ko\u015fullar\u0131na uyum sa\u011flayabilir, kullan\u0131m \u00f6mr\u00fcn\u00fc uzatmak i\u00e7in a\u015f\u0131nma ve korozyon direnci g\u00f6z \u00f6n\u00fcnde bulundurularak tasarlanm\u0131\u015ft\u0131r.<\/li>\n<li>Verimli Hidrolik \u00c7al\u0131\u015fma: Hidrolik ya\u011f bas\u0131nc\u0131n\u0131 kullanarak d\u00fczg\u00fcn uzatma ve geri \u00e7ekme hareketleri ger\u00e7ekle\u015ftirir, kontrol komutlar\u0131na h\u0131zl\u0131 yan\u0131t verebilir, g\u00fc\u00e7l\u00fc itme ve \u00e7ekme kuvvetleri sa\u011flayabilir, a\u011f\u0131r y\u00fcklerin ve karma\u015f\u0131k operasyonel g\u00f6revlerin \u00fcstesinden gelmek i\u00e7in uygundur.<\/li>\n<li>\u00c7e\u015fitli Tipler: Farkl\u0131 \u00e7al\u0131\u015fma gereksinimlerini kar\u015f\u0131lamak \u00fczere tek etkili (hidrolik bas\u0131n\u00e7 yaln\u0131zca tek y\u00f6nde kullan\u0131l\u0131r) veya \u00e7ift etkili (hidrolik bas\u0131n\u00e7 her iki y\u00f6nde de kullan\u0131l\u0131r) silindirler halinde mevcuttur; baz\u0131 modeller teleskopiktir, bu da d\u0131\u015f boyutlar\u0131 art\u0131rmadan daha fazla uzamaya olanak tan\u0131r ve s\u0131n\u0131rl\u0131 alana sahip uygulamalar i\u00e7in uygundur.<\/li>\n<\/ul>\n<p>    <img decoding=\"async\" src=\"https:\/\/www.hydraulic-cylinders.net\/wp-content\/uploads\/2025\/01\/songte-cylinder-head-with-all-kinds-excavator-models.webp\"><\/p>\n<h2>Uygulamalar<\/h2>\n<ul>\n<li>\u0130n\u015faat Ekipmanlar\u0131: Ekskavat\u00f6rlerde bulunan bu ekipmanlar, toprak veya moloz kazma, y\u00fckleme ve ta\u015f\u0131ma i\u015flerinde hayati \u00f6nem ta\u015f\u0131r. Beko-Loderlerde ise kova silindiri hem kazma hem de kald\u0131rma i\u015flerinde yard\u0131mc\u0131 olur.<\/li>\n<li>Tar\u0131m Makinalar\u0131: \u00d6n y\u00fckleyicilerde toprak, saman ve di\u011fer malzemeleri kep\u00e7elemek, kald\u0131rmak ve ta\u015f\u0131mak i\u00e7in kullan\u0131l\u0131r.<\/li>\n<li>Ekskavat\u00f6rler: Kova silindiri, kovan\u0131n topra\u011fa n\u00fcfuz etmesini sa\u011flayarak kazma i\u015flemini ger\u00e7ekle\u015ftirir.<\/li>\n<li>\u00d6nden Y\u00fcklemeli Ara\u00e7lar: \u00d6nden y\u00fcklemeli ara\u00e7larda, y\u00fcklerin etkili bir \u015fekilde kald\u0131r\u0131lmas\u0131na ve devrilmesine yard\u0131mc\u0131 olurlar.<\/li>\n<\/ul>\n<h2>Tasar\u0131m Hususlar\u0131 ve Se\u00e7im Kriterleri<\/h2>\n<ul>\n<li>Bearing Capacity: Discuss the cylinder&#8217;s load-bearing capacity and how it influences design considerations.<\/li>\n<li>S\u0131zd\u0131rmazl\u0131k: S\u0131z\u0131nt\u0131lar\u0131 \u00f6nlemek ve verimli \u00e7al\u0131\u015fmay\u0131 sa\u011flamak i\u00e7in do\u011fru s\u0131zd\u0131rmazl\u0131\u011f\u0131n \u00f6nemini a\u00e7\u0131klay\u0131n.<\/li>\n<li>Dayan\u0131kl\u0131l\u0131k: Silindirin zorlu ko\u015fullara dayanmas\u0131 ve a\u015f\u0131nmaya kar\u015f\u0131 diren\u00e7 g\u00f6stermesi gereklili\u011fini tart\u0131\u015f\u0131n.<\/li>\n<li>G\u00fcvenlik: Tasar\u0131mda g\u00fcvenlik \u00f6zelliklerinin ve dikkate al\u0131nmas\u0131 gereken hususlar\u0131n \u00f6nemini vurgulay\u0131n.<\/li>\n<li>Bak\u0131m kolayl\u0131\u011f\u0131: Silindirin bak\u0131m ve onar\u0131m kolayl\u0131\u011f\u0131n\u0131 tart\u0131\u015f\u0131n.<\/li>\n<\/ul>\n<p>    <img decoding=\"async\" src=\"https:\/\/www.hydraulic-cylinders.net\/wp-content\/uploads\/2025\/01\/songte-oil-pipes-and-spare-parts.webp\"><\/p>\n<h2>S\u0131zd\u0131rmazl\u0131k ve Ya\u011flama<\/h2>\n<p>The bucket cylinder utilizes various seals, such as piston seals and rod seals, made of wear-resistant materials like polyurethane and nitrile rubber. The cylinder body and threaded ends undergo fine processing to enhance wear resistance. Regular lubrication with appropriate hydraulic oil is necessary to ensure smooth operation and extend the cylinder&#8217;s lifespan.<\/p>\n<h2>D\u00fczenli Muayene ve \u00d6nleyici Bak\u0131m<\/h2>\n<ul>\n<li>Silindiri d\u00fczenli olarak hasar veya a\u015f\u0131nma belirtileri a\u00e7\u0131s\u0131ndan kontrol edin.<\/li>\n<li>Uygun ya\u011flama, \u00f6nerilen aral\u0131klarla yap\u0131lmal\u0131d\u0131r.<\/li>\n<li>Contalar y\u0131pranma belirtileri g\u00f6steriyorsa de\u011fi\u015ftirilmelidir.<\/li>\n<li>Do\u011fru \u00e7al\u0131\u015fmay\u0131 garantilemek i\u00e7in kalibrasyon kontrolleri yap\u0131lmal\u0131d\u0131r.<\/li>\n<\/ul>\n<h2>Kurulum K\u0131lavuzu<\/h2>\n<p>Proper installation is crucial for the bucket cylinder&#8217;s performance. Aligning the cylinder correctly during installation is essential. It is recommended to use appropriate mounting brackets to secure the cylinder in place. The guide should provide step-by-step instructions for installation, including alignment and mounting procedures.<\/p>\n<h2>Bak\u0131m G\u00f6revleri<\/h2>\n<ul>\n<li>D\u00fczenli denetimler<\/li>\n<li>Uygun ya\u011flama<\/li>\n<li>Conta de\u011fi\u015fimi<\/li>\n<li>Kalibrasyon kontrolleri<\/li>\n<\/ul>\n<p>    <img decoding=\"async\" src=\"https:\/\/www.hydraulic-cylinders.net\/wp-content\/uploads\/2025\/01\/songte-chushion-collar.webp\"><\/p>\n<h2>G\u00fcvenlik Hususlar\u0131 ve \u00c7evresel Fakt\u00f6rler<\/h2>\n<p>Kova silindiri kullan\u0131l\u0131rken, kazalar\u0131 ve yaralanmalar\u0131 \u00f6nlemek i\u00e7in g\u00fcvenlik \u00f6nlemlerine uyulmas\u0131 son derece \u00f6nemlidir. \u00c7evreye zarar verebilecek ya\u011f s\u0131z\u0131nt\u0131lar\u0131ndan ka\u00e7\u0131nmak gibi \u00e7evresel fakt\u00f6rler de dikkate al\u0131nmal\u0131d\u0131r.<\/p>\n<h2>Ar\u0131za Te\u015fhisi ve Yayg\u0131n Sorunlar<\/h2>\n<p>Kep\u00e7e silindirinde meydana gelebilecek yayg\u0131n ar\u0131zalar\u0131 tart\u0131\u015f\u0131n ve sorunlar\u0131 etkili bir \u015fekilde te\u015fhis edip \u00e7\u00f6zmek i\u00e7in sorun giderme ipu\u00e7lar\u0131 ve \u00e7\u00f6z\u00fcmleri sunun. Potansiyel sorunlar\u0131 en aza indirmek i\u00e7in \u00f6nleyici tedbirler \u00f6nerin.<\/p>\n<p>    <img decoding=\"async\" src=\"https:\/\/www.hydraulic-cylinders.net\/wp-content\/uploads\/2025\/01\/songte-bushings-with-all-kinds-of-excavator-models.webp\"><\/p>\n<p>Makaleyi mant\u0131kl\u0131 bir \u015fekilde d\u00fczenlemeyi, kolay gezinme i\u00e7in alt ba\u015fl\u0131klar kullanmay\u0131, daha iyi anla\u015f\u0131lmas\u0131 i\u00e7in ilgili g\u00f6rseller veya grafikler eklemeyi ve i\u00e7eri\u011fin a\u00e7\u0131k, \u00f6zl\u00fc ve farkl\u0131 teknik bilgi seviyelerine sahip okuyucular i\u00e7in uygun olmas\u0131n\u0131 sa\u011flamay\u0131 unutmay\u0131n.<\/p>\n<h2>\u015eirketimiz<\/h2>\n<p>Yedek hidrolik silindir \u00fcreticisi olarak, kapsaml\u0131 bir \u00fcr\u00fcn yelpazesi sunuyoruz. Hem yurt i\u00e7i hem de uluslararas\u0131 pazarlarda \u00f6nde gelen hidrolik silindir \u00fcreticilerinden ve toptanc\u0131lar\u0131ndan biri haline geldik. M\u00fckemmellik ilkelerine ba\u011fl\u0131 kalarak, ince i\u015f\u00e7ilikle \u00fcretilmi\u015f at\u00f6lyemizde end\u00fcstriyel \u00fcretim y\u00f6netimine g\u00fcveniyoruz. Teknolojik yeteneklere, \u00fcst d\u00fczey dijital \u00fcretim ekipmanlar\u0131na ve profesyonel test sistemlerine odaklanarak, \u00fcretim platformumuzu s\u00fcrekli geli\u015ftiriyor, \u00fcr\u00fcn kalitesi i\u00e7in \u00fcretim yolunu m\u00fckemmelle\u015ftiriyor ve g\u00fc\u00e7l\u00fc yarat\u0131c\u0131 yeteneklere sahibiz. Y\u00fcksek verimlilik, hassasiyet ve kalite ile m\u00fc\u015fterilerimizin \u00e7e\u015fitli ihtiya\u00e7lar\u0131n\u0131 kar\u015f\u0131lamay\u0131 hedefliyoruz.<\/p>\n<p>    <img decoding=\"async\" src=\"https:\/\/www.hydraulic-cylinders.net\/wp-content\/uploads\/2025\/01\/songte-company-3.webp\"><\/p>\n<p>Ayr\u0131ca, profesyonelli\u011fimiz, uluslararas\u0131 sertifikalar\u0131m\u0131z, \u00f6zelle\u015ftirilmi\u015f hizmetlerimiz, \u00fcretim ekipmanlar\u0131m\u0131z ve sat\u0131\u015f sonras\u0131 hizmetlerimiz a\u00e7\u0131s\u0131ndan \u015firketimiz hakk\u0131nda kapsaml\u0131 bir tan\u0131t\u0131m sunuyoruz.<\/p>\n<p>Yazar: lyl<\/p>\n<p><\/body><\/p>\n<p><\/html><\/p>","protected":false},"excerpt":{"rendered":"<p>Bucket Cylinder For Sumitomo Large Excavator SH460HD-5 Bucket Cylinder For Sumitomo Large Excavator SH460HD-5 Definition A bucket cylinder is a specially designed hydraulic cylinder used to control the movement of the bucket in heavy machinery such as excavators, backhoe loaders, and front loaders. Its main function is to allow the bucket to be raised, lowered, [&hellip;]<\/p>","protected":false},"featured_media":14789,"comment_status":"open","ping_status":"closed","template":"","meta":{"_et_pb_use_builder":"","_et_pb_old_content":"","_et_gb_content_width":""},"product_brand":[],"product_cat":[1494],"product_tag":[1495,1496],"class_list":{"0":"post-15192","1":"product","2":"type-product","3":"status-publish","4":"has-post-thumbnail","6":"product_cat-bucket-cylinders","7":"product_tag-bucket-cylinders","8":"product_tag-hydraulic-cylinders","10":"first","11":"instock","12":"shipping-taxable","13":"product-type-simple"},"amp_enabled":true,"_links":{"self":[{"href":"https:\/\/www.hydraulic-cylinders.net\/tr\/wp-json\/wp\/v2\/product\/15192","targetHints":{"allow":["GET"]}}],"collection":[{"href":"https:\/\/www.hydraulic-cylinders.net\/tr\/wp-json\/wp\/v2\/product"}],"about":[{"href":"https:\/\/www.hydraulic-cylinders.net\/tr\/wp-json\/wp\/v2\/types\/product"}],"replies":[{"embeddable":true,"href":"https:\/\/www.hydraulic-cylinders.net\/tr\/wp-json\/wp\/v2\/comments?post=15192"}],"wp:featuredmedia":[{"embeddable":true,"href":"https:\/\/www.hydraulic-cylinders.net\/tr\/wp-json\/wp\/v2\/media\/14789"}],"wp:attachment":[{"href":"https:\/\/www.hydraulic-cylinders.net\/tr\/wp-json\/wp\/v2\/media?parent=15192"}],"wp:term":[{"taxonomy":"product_brand","embeddable":true,"href":"https:\/\/www.hydraulic-cylinders.net\/tr\/wp-json\/wp\/v2\/product_brand?post=15192"},{"taxonomy":"product_cat","embeddable":true,"href":"https:\/\/www.hydraulic-cylinders.net\/tr\/wp-json\/wp\/v2\/product_cat?post=15192"},{"taxonomy":"product_tag","embeddable":true,"href":"https:\/\/www.hydraulic-cylinders.net\/tr\/wp-json\/wp\/v2\/product_tag?post=15192"}],"curies":[{"name":"wp","href":"https:\/\/api.w.org\/{rel}","templated":true}]}}