{"id":15193,"date":"2025-01-19T14:13:19","date_gmt":"2025-01-19T14:13:19","guid":{"rendered":"https:\/\/www.hydraulic-cylinders.net\/product\/bucket-cylinder-for-sumitomo-large-excavator-sh480hd-5\/"},"modified":"2025-01-19T14:13:21","modified_gmt":"2025-01-19T14:13:21","slug":"bucket-cylinder-for-sumitomo-large-excavator-sh480hd-5","status":"publish","type":"product","link":"https:\/\/www.hydraulic-cylinders.net\/tr\/urun\/bucket-cylinder-for-sumitomo-large-excavator-sh480hd-5\/","title":{"rendered":"Sumitomo B\u00fcy\u00fck Ekskavat\u00f6r SH480HD-5 \u0130\u00e7in Kova Silindiri"},"content":{"rendered":"<h1>Sumitomo B\u00fcy\u00fck Ekskavat\u00f6r SH480HD-5 \u0130\u00e7in Kova Silindiri<\/h1>\n<h2>girii\u015f<\/h2>\n<p>Kova silindiri, ekskavat\u00f6rler, bekolu y\u00fckleyiciler ve \u00f6n y\u00fckleyiciler gibi a\u011f\u0131r i\u015f makinelerinde kovalar\u0131n hareketini kontrol etmek i\u00e7in kullan\u0131lan \u00f6zel olarak tasarlanm\u0131\u015f bir hidrolik silindirdir. Ana i\u015flevi, kovan\u0131n kald\u0131rma, indirme ve yat\u0131rma i\u015flemlerini ger\u00e7ekle\u015ftirmektir ve bu da onu \u00e7e\u015fitli malzeme ta\u015f\u0131ma g\u00f6revleri i\u00e7in ideal hale getirir. Hidrolik sistemde, kova silindirleri, hidrolik ya\u011f bas\u0131nc\u0131ndaki de\u011fi\u015fiklikleri kullanarak kovan\u0131n hassas hareketini kontrol ederek operat\u00f6rlerin a\u011f\u0131r y\u00fckleri verimli bir \u015fekilde ta\u015f\u0131mas\u0131na ve karma\u015f\u0131k \u00e7al\u0131\u015fma ortamlar\u0131na ve \u00e7e\u015fitli i\u015f gereksinimlerine uyum sa\u011flamas\u0131na olanak tan\u0131r.<\/p>\n<p><img decoding=\"async\" src=\"https:\/\/www.hydraulic-cylinders.net\/wp-content\/uploads\/2025\/01\/songte-company-2.webp\" alt=\"Sumitomo B\u00fcy\u00fck Ekskavat\u00f6r SH480HD-5 \u0130\u00e7in Kova Silindiri\"><\/p>\n<h2>\u00d6zellikler<\/h2>\n<ul>\n<li>\n<h3>Y\u00fcksek G\u00fc\u00e7 ve Dayan\u0131kl\u0131l\u0131k<\/h3>\n<p>Kova silindirleri genellikle y\u00fcksek bas\u0131n\u00e7 ve a\u011f\u0131r y\u00fcklere dayan\u0131kl\u0131, zorlu \u00e7al\u0131\u015fma ortamlar\u0131na uyum sa\u011flayan, dayan\u0131kl\u0131l\u0131k ve korozyon direnci d\u00fc\u015f\u00fcn\u00fclerek tasarlanan, hizmet \u00f6m\u00fcrlerini uzatan y\u00fcksek mukavemetli \u00e7elik veya al\u00fcminyumdan yap\u0131l\u0131r.<\/p>\n<\/li>\n<li>\n<h3>Verimli Hidrolik \u0130\u015flemler<\/h3>\n<p>Kova silindirleri, yumu\u015fak uzatma ve b\u00fcz\u00fclme hareketleri elde etmek i\u00e7in hidrolik ya\u011f bas\u0131nc\u0131n\u0131 kullan\u0131r, kontrol komutlar\u0131na h\u0131zl\u0131 yan\u0131t verir, g\u00fc\u00e7l\u00fc itme ve \u00e7ekme kuvvetleri sa\u011flar ve a\u011f\u0131r y\u00fckleri ve karma\u015f\u0131k i\u015f g\u00f6revlerini idare etmek i\u00e7in uygundur.<\/p>\n<\/li>\n<li>\n<h3>\u00c7e\u015fitli T\u00fcrler<\/h3>\n<p>Kova silindirleri, operasyonel gereksinimlere ba\u011fl\u0131 olarak tek veya \u00e7ift etkili silindirler (bir veya iki y\u00f6nde hidrolik bas\u0131n\u00e7 kullanan) olabilir. Baz\u0131 modeller teleskopiktir ve d\u0131\u015f boyutlar\u0131 art\u0131rmadan daha fazla uzatma sa\u011flar, dar alan uygulamalar\u0131 i\u00e7in uygundur.<\/p>\n<\/li>\n<li>\n<h3>De\u011fi\u015ftirilebilir<\/h3>\n<p>\u00dcr\u00fcn\u00fcm\u00fcz bu hidrolik silindirlerin yerine m\u00fckemmel bir \u015fekilde ge\u00e7ebilmektedir.<\/p>\n<\/li>\n<\/ul>\n<p><img decoding=\"async\" src=\"https:\/\/www.hydraulic-cylinders.net\/wp-content\/uploads\/2025\/01\/songte-cylinder-head-with-all-kinds-excavator-models.webp\" alt=\"Sumitomo B\u00fcy\u00fck Ekskavat\u00f6r SH480HD-5 \u0130\u00e7in Kova Silindiri\"><\/p>\n<h2>Uygulamalar<\/h2>\n<p>Kova silindirleri, in\u015faat ekipmanlar\u0131, tar\u0131m makineleri, ekskavat\u00f6rler ve y\u00fckleyiciler dahil olmak \u00fczere \u00e7e\u015fitli end\u00fcstrilerde yayg\u0131n olarak kullan\u0131lmaktad\u0131r. En yayg\u0131n uygulamalardan baz\u0131lar\u0131 a\u015fa\u011f\u0131da listelenmi\u015ftir:<\/p>\n<ul>\n<li>\n<h3>\u0130n\u015faat Ekipmanlar\u0131<\/h3>\n<p>Ekskavat\u00f6rlerde, toprak veya moloz kazma, y\u00fckleme ve ta\u015f\u0131ma i\u00e7in olmazsa olmazd\u0131rlar. Beko-Loderlerde, kova silindirleri hem kaz\u0131 hem de kald\u0131rma i\u015flemlerine yard\u0131mc\u0131 olur. \u00d6n y\u00fckleyicilerde ise, y\u00fck\u00fcn verimli bir \u015fekilde kald\u0131r\u0131lmas\u0131na ve devrilmesine yard\u0131mc\u0131 olurlar.<\/p>\n<\/li>\n<li>\n<h3>Tar\u0131m Makinalar\u0131<\/h3>\n<p>\u00d6n y\u00fckleyicilerde toprak, saman ve di\u011fer malzemelerin kep\u00e7elenmesi, kald\u0131r\u0131lmas\u0131 ve ta\u015f\u0131nmas\u0131 i\u00e7in kullan\u0131l\u0131rlar.<\/p>\n<\/li>\n<li>\n<h3>Ekskavat\u00f6rler<\/h3>\n<p>Kova silindirleri, ekskavat\u00f6r kovas\u0131n\u0131n topra\u011fa n\u00fcfuz etmesini sa\u011flayarak kazma i\u015flemini ger\u00e7ekle\u015ftirir.<\/p>\n<\/li>\n<li>\n<h3>Y\u00fckleyiciler<\/h3>\n<p>\u00d6n y\u00fckleyicilerde y\u00fck\u00fcn etkili bir \u015fekilde kald\u0131r\u0131lmas\u0131na ve bo\u015falt\u0131lmas\u0131na yard\u0131mc\u0131 olurlar.<\/p>\n<\/li>\n<\/ul>\n<h2>Tasar\u0131m Hususlar\u0131 ve Se\u00e7im Kriterleri<\/h2>\n<p>Kova silindirleri se\u00e7ilirken, a\u015fa\u011f\u0131dakiler de dahil olmak \u00fczere \u00e7e\u015fitli tasar\u0131m hususlar\u0131 dikkate al\u0131nmal\u0131d\u0131r:<\/p>\n<ul>\n<li>\n<h3>Ta\u015f\u0131ma Kapasitesi<\/h3>\n<p>Silindirin ta\u015f\u0131ma kapasitesi y\u00fck\u00fc kald\u0131rabilecek yeterlilikte olmal\u0131 ve d\u00fczg\u00fcn \u00e7al\u0131\u015fmas\u0131n\u0131 sa\u011flamal\u0131d\u0131r.<\/p>\n<\/li>\n<li>\n<h3>S\u0131zd\u0131rmazl\u0131k<\/h3>\n<p>S\u0131z\u0131nt\u0131lar\u0131 \u00f6nlemek ve silindirin d\u00fczg\u00fcn \u00e7al\u0131\u015fmas\u0131n\u0131 sa\u011flamak i\u00e7in piston contalar\u0131 ve biyel contalar\u0131 gibi \u00e7e\u015fitli s\u0131zd\u0131rmazl\u0131k elemanlar\u0131 kullan\u0131lmal\u0131d\u0131r.<\/p>\n<\/li>\n<li>\n<h3>Dayan\u0131kl\u0131l\u0131k<\/h3>\n<p>Silindirin zorlu \u00e7evre ko\u015fullar\u0131na dayan\u0131kl\u0131, korozyon ve a\u015f\u0131nmaya diren\u00e7li olacak \u015fekilde tasarlanmas\u0131 gerekir.<\/p>\n<\/li>\n<li>\n<h3>Emniyet<\/h3>\n<p>Kova silindirleri a\u015f\u0131r\u0131 y\u00fcklenmeyi \u00f6nlemek ve g\u00fcvenli \u00e7al\u0131\u015fmay\u0131 sa\u011flamak i\u00e7in bas\u0131n\u00e7 tahliye valfleri gibi g\u00fcvenlik \u00f6zellikleriyle tasarlanmal\u0131d\u0131r.<\/p>\n<\/li>\n<li>\n<h3>Bak\u0131m kolayl\u0131\u011f\u0131<\/h3>\n<p>Silindir, basit s\u00f6kme ve takma, bile\u015fenlere kolay eri\u015fim ve par\u00e7alar\u0131n h\u0131zl\u0131 bir \u015fekilde de\u011fi\u015ftirilebilmesi gibi kolay bak\u0131m i\u00e7in tasarlanmal\u0131d\u0131r.<\/p>\n<\/li>\n<\/ul>\n<p><img decoding=\"async\" src=\"https:\/\/www.hydraulic-cylinders.net\/wp-content\/uploads\/2025\/01\/songte-oil-pipes-and-spare-parts.webp\" alt=\"Sumitomo B\u00fcy\u00fck Ekskavat\u00f6r SH480HD-5 \u0130\u00e7in Kova Silindiri\"><\/p>\n<h2>S\u0131zd\u0131rmazl\u0131k ve Ya\u011flama<\/h2>\n<p>S\u0131z\u0131nt\u0131lar\u0131 \u00f6nlemek ve silindirin d\u00fczg\u00fcn \u00e7al\u0131\u015fmas\u0131n\u0131 sa\u011flamak i\u00e7in piston contalar\u0131 ve piston kolu contalar\u0131 gibi \u00e7e\u015fitli s\u0131zd\u0131rmazl\u0131k bile\u015fenleri kullan\u0131lmal\u0131d\u0131r. Silindir g\u00f6vdesi ve di\u015fli u\u00e7 y\u00fczeyleri, a\u015f\u0131nma direncini art\u0131rmak i\u00e7in hassas bir \u015fekilde i\u015flenmi\u015ftir. Silindiri ya\u011flamak i\u00e7in d\u00fczenli olarak uygun hidrolik ya\u011f\u0131 ekleyin.<\/p>\n<h2>Bak\u0131m ve Sorun Giderme<\/h2>\n<p>D\u00fczenli muayene, uygun ya\u011flama, conta de\u011fi\u015fimi ve kalibrasyon kontrol\u00fc yayg\u0131n bak\u0131m g\u00f6revleridir. Kova silindirinin uzun \u00f6m\u00fcrl\u00fc olmas\u0131 i\u00e7in do\u011fru montaj, ya\u011flama ve ayar \u00e7ok \u00f6nemlidir. Montaj s\u0131ras\u0131nda, do\u011fru hizalama k\u0131lavuzu sa\u011flanmal\u0131 ve silindiri sabitlemek i\u00e7in uygun montaj braketleri kullan\u0131lmal\u0131d\u0131r.<\/p>\n<p><img decoding=\"async\" src=\"https:\/\/www.hydraulic-cylinders.net\/wp-content\/uploads\/2025\/01\/songte-chushion-collar.webp\" alt=\"Sumitomo B\u00fcy\u00fck Ekskavat\u00f6r SH480HD-5 \u0130\u00e7in Kova Silindiri\"><\/p>\n<h2>G\u00fcvenlik Hususlar\u0131 ve \u00c7evresel Fakt\u00f6rler<\/h2>\n<p>Kova silindirleri kullan\u0131l\u0131rken g\u00fcvenlik \u00f6nlemleri \u00e7ok \u00f6nemlidir. A\u015f\u0131r\u0131 y\u00fcklemeyi \u00f6nlemek ve g\u00fcvenli \u00e7al\u0131\u015fmay\u0131 sa\u011flamak i\u00e7in bas\u0131n\u00e7 tahliye valfleri gibi g\u00fcvenlik \u00f6zellikleri tak\u0131lmal\u0131d\u0131r. Ya\u011f s\u0131z\u0131nt\u0131s\u0131n\u0131 ve \u00e7evreye verilen zarar\u0131 \u00f6nlemek i\u00e7in uygun \u00e7evre koruma \u00f6nlemleri al\u0131nmal\u0131d\u0131r.<\/p>\n<h2>\u015eirket Tan\u0131t\u0131m\u0131<\/h2>\n<p>Yurt i\u00e7i ve yurt d\u0131\u015f\u0131 pazarlarda lider bir hidrolik silindir \u00fcreticisi ve distrib\u00fct\u00f6r\u00fc olarak, yedek hidrolik silindirler konusunda uzmanla\u015f\u0131yoruz. Geli\u015fmi\u015f \u00fcretim at\u00f6lyelerinin end\u00fcstriyel \u00fcretim y\u00f6netimi stratejisine dayanarak, m\u00fckemmel kalite ilkelerine ba\u011fl\u0131 kal\u0131yoruz. Teknik yeteneklerimizi, ileri teknoloji dijital \u00fcretim ekipmanlar\u0131n\u0131 ve profesyonel test sistemlerini kullanarak at\u00f6lyemizin \u00fcretim platformunu s\u00fcrekli geli\u015ftiriyor, \u00fcr\u00fcn kalitesi \u00fcretim hatt\u0131m\u0131z\u0131 m\u00fckemmelle\u015ftiriyor ve m\u00fc\u015fterilerin \u00e7e\u015fitli ihtiya\u00e7lar\u0131n\u0131 y\u00fcksek verimlilik, y\u00fcksek hassasiyet ve y\u00fcksek kaliteyle kar\u015f\u0131layacak g\u00fc\u00e7l\u00fc \u00fcretim kapasitelerine sahibiz.<\/p>\n<p><img decoding=\"async\" src=\"https:\/\/hzpt.com\/wp-content\/uploads\/2024\/11\/songte-company-1.webp\" alt=\"Sumitomo B\u00fcy\u00fck Ekskavat\u00f6r SH480HD-5 \u0130\u00e7in Kova Silindiri\"><\/p>\n<h3>Profesyonellik<\/h3>\n<p>M\u00fc\u015fterilerimizin \u00f6zel ihtiya\u00e7lar\u0131na uygun do\u011fru silindiri se\u00e7melerine yard\u0131mc\u0131 olmak i\u00e7in hidrolik silindir uzmanlar\u0131ndan olu\u015fan bir ekibimiz var.<\/p>\n<h3>Uluslararas\u0131 Sertifikasyon<\/h3>\n<p>\u00dcr\u00fcnlerimiz ISO9001:2008 ve CE sertifikalar\u0131na sahiptir.<\/p>\n<h3>\u00d6zelle\u015ftirme Hizmetleri<\/h3>\n<p>M\u00fc\u015fterilerimizin farkl\u0131 ihtiya\u00e7lar\u0131n\u0131 kar\u015f\u0131lamak i\u00e7in \u00f6zelle\u015ftirilmi\u015f hizmetler sa\u011fl\u0131yor ve ki\u015fiye \u00f6zel \u00e7\u00f6z\u00fcmler sunuyoruz.<\/p>\n<h3>\u00dcretim Ekipmanlar\u0131<\/h3>\n<p>M\u00fc\u015fterilerimizin \u00e7e\u015fitli ihtiya\u00e7lar\u0131n\u0131 kar\u015f\u0131layabilecek CNC makineleri, otomatik kaynak makineleri ve kaplama makineleri gibi ileri d\u00fczey ekipmanlarla donat\u0131lm\u0131\u015f durumday\u0131z.<\/p>\n<h3>Sat\u0131\u015f Sonras\u0131 Hizmet<\/h3>\n<p>M\u00fc\u015fterilerimizin ekipmanlar\u0131n\u0131n sorunsuz \u00e7al\u0131\u015fmas\u0131n\u0131 sa\u011flamak i\u00e7in onar\u0131m ve bak\u0131m dahil sat\u0131\u015f sonras\u0131 servis hizmeti sa\u011fl\u0131yoruz.<\/p>\n<p>Yazar: lyl<\/p>","protected":false},"excerpt":{"rendered":"<p>Bucket Cylinder For Sumitomo Large Excavator SH480HD-5 Introduction A bucket cylinder is a specially designed hydraulic cylinder used primarily to control the movement of buckets in heavy machinery such as excavators, backhoes, and front-end loaders. Its main function is to enable the bucket to lift, lower, and tilt, making it ideal for various material handling [&hellip;]<\/p>","protected":false},"featured_media":14788,"comment_status":"open","ping_status":"closed","template":"","meta":{"_et_pb_use_builder":"","_et_pb_old_content":"","_et_gb_content_width":""},"product_brand":[],"product_cat":[1494],"product_tag":[1495,1496],"class_list":{"0":"post-15193","1":"product","2":"type-product","3":"status-publish","4":"has-post-thumbnail","6":"product_cat-bucket-cylinders","7":"product_tag-bucket-cylinders","8":"product_tag-hydraulic-cylinders","10":"first","11":"instock","12":"shipping-taxable","13":"product-type-simple"},"amp_enabled":true,"_links":{"self":[{"href":"https:\/\/www.hydraulic-cylinders.net\/tr\/wp-json\/wp\/v2\/product\/15193","targetHints":{"allow":["GET"]}}],"collection":[{"href":"https:\/\/www.hydraulic-cylinders.net\/tr\/wp-json\/wp\/v2\/product"}],"about":[{"href":"https:\/\/www.hydraulic-cylinders.net\/tr\/wp-json\/wp\/v2\/types\/product"}],"replies":[{"embeddable":true,"href":"https:\/\/www.hydraulic-cylinders.net\/tr\/wp-json\/wp\/v2\/comments?post=15193"}],"wp:featuredmedia":[{"embeddable":true,"href":"https:\/\/www.hydraulic-cylinders.net\/tr\/wp-json\/wp\/v2\/media\/14788"}],"wp:attachment":[{"href":"https:\/\/www.hydraulic-cylinders.net\/tr\/wp-json\/wp\/v2\/media?parent=15193"}],"wp:term":[{"taxonomy":"product_brand","embeddable":true,"href":"https:\/\/www.hydraulic-cylinders.net\/tr\/wp-json\/wp\/v2\/product_brand?post=15193"},{"taxonomy":"product_cat","embeddable":true,"href":"https:\/\/www.hydraulic-cylinders.net\/tr\/wp-json\/wp\/v2\/product_cat?post=15193"},{"taxonomy":"product_tag","embeddable":true,"href":"https:\/\/www.hydraulic-cylinders.net\/tr\/wp-json\/wp\/v2\/product_tag?post=15193"}],"curies":[{"name":"wp","href":"https:\/\/api.w.org\/{rel}","templated":true}]}}