{"id":1520,"date":"2023-09-27T09:31:49","date_gmt":"2023-09-27T09:31:49","guid":{"rendered":"https:\/\/hydraulic-cylinders.net\/?post_type=product&#038;p=1520"},"modified":"2025-04-11T03:26:00","modified_gmt":"2025-04-11T03:26:00","slug":"aerial-work-platform-rotary-actuator","status":"publish","type":"product","link":"https:\/\/www.hydraulic-cylinders.net\/tr\/urun\/aerial-work-platform-rotary-actuator\/","title":{"rendered":"Hava \u00c7al\u0131\u015fma Platformu D\u00f6ner Akt\u00fcat\u00f6r\u00fc"},"content":{"rendered":"<h1 style=\"text-align: center;\"><strong>Hava \u00c7al\u0131\u015fma Platformu D\u00f6ner Akt\u00fcat\u00f6r\u00fc<\/strong><\/h1>\n<p><img loading=\"lazy\" decoding=\"async\" class=\"size-medium wp-image-1521 aligncenter\" src=\"https:\/\/hydraulic-cylinders.net\/wp-content\/uploads\/2023\/09\/rotary-actuator-1-2-300x300.webp\" alt=\"\" width=\"300\" height=\"300\" \/><\/p>\n<p>HBM serisi d\u00f6ner akt\u00fcat\u00f6r, mafsall\u0131 hava i\u015f platformlar\u0131n\u0131n kol kontrol\u00fc i\u00e7in ba\u011f\u0131ms\u0131z olarak tasarlanm\u0131\u015f ve geli\u015ftirilmi\u015f bir d\u00f6ner akt\u00fcat\u00f6rd\u00fcr. M\u00fc\u015fterinin kurulum ve performans gereksinimlerine g\u00f6re, uyarlanabilirlik ve \u00e7al\u0131\u015fma esnekli\u011fini sa\u011flamak i\u00e7in ilgili \u00f6zelle\u015ftirilmi\u015f tasar\u0131m ger\u00e7ekle\u015ftirilebilir.<\/p>\n<p>Metrik birim tasar\u0131m\u0131na dayal\u0131 benzersiz s\u0131zd\u0131rmazl\u0131k ve yap\u0131, d\u00fc\u015f\u00fck s\u00fcrt\u00fcnme katsay\u0131s\u0131 ve y\u00fcksek \u00e7\u0131k\u0131\u015f torku sa\u011flar. Ayr\u0131ca, sonlu eleman analizi ve dayan\u0131kl\u0131l\u0131k testleri, \u00fcr\u00fcn\u00fcn kararl\u0131l\u0131\u011f\u0131na ve g\u00fcvenilirli\u011fine katk\u0131da bulunur. Piyasadaki benzer \u00fcr\u00fcnlerle kar\u015f\u0131la\u015ft\u0131r\u0131ld\u0131\u011f\u0131nda, ayn\u0131 \u00fcr\u00fcn boyutundaki HBM serisi d\u00f6ner akt\u00fcat\u00f6rde, \u00e7\u0131k\u0131\u015f torku 10% ~ 20% art\u0131r\u0131lm\u0131\u015f, \u00e7atlama bas\u0131nc\u0131 50% azalt\u0131lm\u0131\u015f, \u00e7al\u0131\u015fma kararl\u0131l\u0131\u011f\u0131 art\u0131r\u0131lm\u0131\u015f, verimlilik y\u00fckseltilmi\u015f, \u00e7atlama bas\u0131nc\u0131 iyile\u015ftirilmi\u015f ve sonu\u00e7 olarak y\u00fcksek irtifa \u00e7al\u0131\u015fma platformunun g\u00fcvenli, g\u00fcvenilir ve verimli \u00e7al\u0131\u015fmas\u0131 sa\u011flanm\u0131\u015ft\u0131r.<\/p>\n<p>Havadan \u00c7al\u0131\u015fma Platformu D\u00f6ner Akt\u00fcat\u00f6r\u00fcn\u00fcn Ba\u015fl\u0131ca \u00d6zellikleri:<\/p>\n<ol>\n<li><strong>D\u00fc\u015f\u00fck S\u00fcrt\u00fcnme Katsay\u0131s\u0131:<\/strong><\/li>\n<\/ol>\n<ul>\n<li>The critical component of the HBM series rotary actuator &#8211; the spiral spline for rotation and torque transmission,<br \/>\nM\u00fckemmel hassasiyet, dengeli gerilim da\u011f\u0131l\u0131m\u0131 ve istikrarl\u0131 iletim \u00f6zelliklerine sahiptir. D\u00fc\u015f\u00fck s\u00fcrt\u00fcnmeli eksenel yataklar ve benzersiz bir s\u0131zd\u0131rmazl\u0131k sistemi tasar\u0131m\u0131yla, HBM serisi d\u00f6ner akt\u00fcat\u00f6r iletim s\u0131ras\u0131nda d\u00fc\u015f\u00fck s\u00fcrt\u00fcnme katsay\u0131s\u0131na sahiptir.<\/li>\n<\/ul>\n<ol start=\"2\">\n<li><strong>Y\u00fcksek \u00c7\u0131k\u0131\u015f Torku:<\/strong><\/li>\n<\/ol>\n<ul>\n<li>S\u00fcrekli yenilik\u00e7i ara\u015ft\u0131rma ve do\u011frulama \u00e7al\u0131\u015fmalar\u0131 sayesinde, HBM serisi d\u00f6ner akt\u00fcat\u00f6r, s\u0131n\u0131rl\u0131 i\u00e7 alan\u0131 tam olarak kullanmak ve s\u0131v\u0131 bas\u0131nc\u0131 yoluyla y\u00fcksek \u00e7\u0131k\u0131\u015f torku iletmek \u00fczere kompakt bir \u015fekilde tasarlanm\u0131\u015ft\u0131r. Benzer \u00fcr\u00fcnlerle kar\u015f\u0131la\u015ft\u0131r\u0131ld\u0131\u011f\u0131nda, HBM serisi d\u00f6ner akt\u00fcat\u00f6r, ayn\u0131 \u00fcr\u00fcn boyutunda 10% ila 20% daha y\u00fcksek \u00e7\u0131k\u0131\u015f torku sa\u011flar.<\/li>\n<\/ul>\n<ol start=\"3\">\n<li><strong>Uzun Hizmet \u00d6mr\u00fc:<\/strong><\/li>\n<\/ol>\n<ul>\n<li>Tasar\u0131m s\u00fcrecinde, HBM d\u00f6ner akt\u00fcat\u00f6r\u00fcn her bir boyutu i\u00e7in kapsaml\u0131 analiz ve hesaplamalar, sonlu elemanlar analizi (FEA) yaz\u0131l\u0131m\u0131 yard\u0131m\u0131yla ger\u00e7ekle\u015ftirilir. Ayr\u0131ca, her \u00fcr\u00fcn boyutunun uzun hizmet \u00f6mr\u00fc gereksinimlerini kar\u015f\u0131layabilmesi i\u00e7in s\u00fcrekli olarak \u00fcr\u00fcn optimizasyonu yap\u0131l\u0131r.<\/li>\n<li>Fabrikada yap\u0131lan standart testlerin yan\u0131 s\u0131ra, m\u00fc\u015fteri ve uygulama gereksinimlerine g\u00f6re testler yap\u0131labilmesi i\u00e7in iki adet \u00f6zel d\u00f6ner akt\u00fcat\u00f6r dayan\u0131kl\u0131l\u0131k test tezgah\u0131 mevcuttur; bu da m\u00fckemmel dayan\u0131kl\u0131l\u0131k ve uzun hizmet \u00f6mr\u00fc sa\u011flar.<\/li>\n<\/ul>\n<h2><strong>Havadan \u00c7al\u0131\u015fma Platformu D\u00f6ner Akt\u00fcat\u00f6r Parametreleri:<\/strong><\/h2>\n<table border=\"1\" cellspacing=\"0\" cellpadding=\"0\">\n<tbody>\n<tr>\n<td>\u00dcr\u00fcn Ad\u0131<\/td>\n<td>Hava \u00c7al\u0131\u015fma Platformu D\u00f6ner Akt\u00fcat\u00f6r\u00fc<\/td>\n<\/tr>\n<tr>\n<td>\u00d6zellikler:<\/td>\n<td>Platform ve krank kolunun sal\u0131n\u0131m\u0131n\u0131 ger\u00e7ekle\u015ftirin.<\/td>\n<\/tr>\n<tr>\n<td>Tork:<\/td>\n<td>500\uff5e5000 N.m<\/td>\n<\/tr>\n<tr>\n<td>Sal\u0131n\u0131m a\u00e7\u0131s\u0131:<\/td>\n<td>0\uff5e360\u00b0<\/td>\n<\/tr>\n<tr>\n<td>Bas\u0131n\u00e7:<\/td>\n<td>21 MPa (standart \u00e7al\u0131\u015fma bas\u0131nc\u0131)<\/td>\n<\/tr>\n<tr>\n<td>D\u00f6ner Akt\u00fcat\u00f6r Uygulamalar\u0131:<\/td>\n<td>Havadan \u00c7al\u0131\u015fma Platformu<\/td>\n<\/tr>\n<\/tbody>\n<\/table>\n<h2><strong>Havadan \u00c7al\u0131\u015fma Platformu Tan\u0131mlama \u015eemas\u0131:<\/strong><\/h2>\n<p><img loading=\"lazy\" decoding=\"async\" class=\"alignnone wp-image-1517 size-full\" src=\"https:\/\/hydraulic-cylinders.net\/wp-content\/uploads\/2023\/09\/aerial-work-platform-cylinder-construct.webp\" alt=\"\" width=\"600\" height=\"400\" srcset=\"https:\/\/hydraulic-cylinders.net\/wp-content\/uploads\/2023\/09\/aerial-work-platform-cylinder-construct.webp 600w, https:\/\/hydraulic-cylinders.net\/wp-content\/uploads\/2023\/09\/aerial-work-platform-cylinder-construct-480x320.webp 480w\" sizes=\"(min-width: 0px) and (max-width: 480px) 480px, (min-width: 481px) 600px, 100vw\" \/><\/p>\n<h2><strong>Havadan \u00c7al\u0131\u015fma Platformu D\u00f6ner Akt\u00fcat\u00f6r\u00fcn\u00fcn Boyutlar\u0131 ve \u00d6zellikleri:<\/strong><\/h2>\n<p><img loading=\"lazy\" decoding=\"async\" class=\"alignnone wp-image-1522 size-full\" src=\"https:\/\/hydraulic-cylinders.net\/wp-content\/uploads\/2023\/09\/rotary-actuator-2.webp\" alt=\"\" width=\"729\" height=\"992\" srcset=\"https:\/\/hydraulic-cylinders.net\/wp-content\/uploads\/2023\/09\/rotary-actuator-2.webp 729w, https:\/\/hydraulic-cylinders.net\/wp-content\/uploads\/2023\/09\/rotary-actuator-2-480x653.webp 480w\" sizes=\"(min-width: 0px) and (max-width: 480px) 480px, (min-width: 481px) 729px, 100vw\" \/><\/p>\n<h2><strong>Havadan \u00c7al\u0131\u015fma Platformu D\u00f6ner Akt\u00fcat\u00f6r\u00fcn\u00fcn Kullan\u0131m Y\u00f6ntemi:<\/strong><\/h2>\n<ol>\n<li><strong>Akt\u00fcat\u00f6r Montaj\u0131:<\/strong><\/li>\n<\/ol>\n<ul>\n<li>Follow the manufacturer&#8217;s instructions for proper installation of the aerial work platform rotary actuator.<\/li>\n<li>Ensure the actuator is securely mounted to the aerial work platform&#8217;s structure, providing a stable and reliable connection.<\/li>\n<\/ul>\n<ol start=\"2\">\n<li><strong>Elektrik ve Hidrolik Ba\u011flant\u0131:<\/strong><\/li>\n<\/ol>\n<ul>\n<li>Verilen y\u00f6nergelere g\u00f6re akt\u00fcat\u00f6r\u00fc \u00e7al\u0131\u015fma platformunun elektrik ve hidrolik sistemlerine ba\u011flay\u0131n.<\/li>\n<li>S\u0131z\u0131nt\u0131lar\u0131 veya elektriksel ar\u0131zalar\u0131 \u00f6nlemek i\u00e7in t\u00fcm ba\u011flant\u0131lar\u0131n g\u00fcvenli ve d\u00fczg\u00fcn bir \u015fekilde kapat\u0131ld\u0131\u011f\u0131ndan emin olun.<\/li>\n<\/ul>\n<ol start=\"3\">\n<li><strong>D\u00f6nme Kontrol\u00fc:<\/strong><\/li>\n<\/ol>\n<ul>\n<li>Sa\u011flanan kontrol panelini veya aray\u00fcz\u00fc kullanarak hava \u00e7al\u0131\u015fma platformunun d\u00f6nme hareketini kontrol edin.<\/li>\n<li>Sorunsuz ve hassas bir d\u00f6n\u00fc\u015f i\u00e7in \u00f6nerilen i\u015fletme prosed\u00fcrlerine ve g\u00fcvenlik y\u00f6nergelerine uyun.<\/li>\n<\/ul>\n<ol start=\"4\">\n<li><strong>G\u00fcvenlik Hususlar\u0131:<\/strong><\/li>\n<\/ol>\n<ul>\n<li>Hava i\u015f platformunu \u00e7al\u0131\u015ft\u0131rmadan \u00f6nce, g\u00fcvenlik \u00f6zelliklerini ve acil durum prosed\u00fcrlerini iyice \u00f6\u011frenin.<\/li>\n<li>T\u00fcm operat\u00f6rlerin platformun ve hava \u00e7al\u0131\u015fma platformunun d\u00f6ner akt\u00fcat\u00f6r\u00fcn\u00fcn g\u00fcvenli kullan\u0131m\u0131 konusunda uygun e\u011fitimi ald\u0131\u011f\u0131ndan emin olun.<\/li>\n<\/ul>\n<h2><strong>Hidrolik Sistemden Hava Nas\u0131l Tahliye Edilir?<\/strong><\/h2>\n<p>Bleeding air from a hydraulic system is a crucial maintenance procedure to ensure optimal performance and prevent spongy or inconsistent hydraulic operation. Here&#8217;s a step-by-step guide on how to bleed air from a hydraulic system:<\/p>\n<ol>\n<li><strong>Kanama Noktalar\u0131n\u0131 Belirleyin:<\/strong><\/li>\n<\/ol>\n<ul>\n<li>Hidrolik sistemdeki tahliye noktalar\u0131n\u0131 bulun. Bunlar genellikle hidrolik silindirlerin, kontrol vanalar\u0131n\u0131n veya pompa depolar\u0131n\u0131n \u00fcst\u00fc gibi y\u00fcksek enerjili noktalarda bulunur.<\/li>\n<li>Consult the hydraulic system&#8217;s manual or manufacturer&#8217;s guidelines to identify the specific bleed points for your system.<\/li>\n<\/ul>\n<ol start=\"2\">\n<li><strong>Sistemi Haz\u0131rlay\u0131n:<\/strong><\/li>\n<\/ol>\n<ul>\n<li>Hidrolik sisteme giden elektri\u011fi kesin ve hidrolik silindirleri indirerek veya geri \u00e7ekerek ya da bas\u0131n\u00e7 vanas\u0131n\u0131 a\u00e7arak bas\u0131nc\u0131 d\u00fc\u015f\u00fcr\u00fcn.<\/li>\n<li>Kan alma i\u015flemini ger\u00e7ekle\u015ftirmek i\u00e7in gerekli alet ve g\u00fcvenlik ekipmanlar\u0131na, \u00f6zellikle koruyucu g\u00f6zl\u00fck ve eldivenlere sahip oldu\u011funuzdan emin olun.<\/li>\n<\/ul>\n<ol start=\"3\">\n<li><strong>Toplama kab\u0131n\u0131 yerle\u015ftirin:<\/strong><\/li>\n<\/ol>\n<ul>\n<li>Hava alma i\u015flemi s\u0131ras\u0131nda a\u00e7\u0131\u011fa \u00e7\u0131kabilecek hidrolik s\u0131v\u0131y\u0131 toplamak i\u00e7in hava alma noktas\u0131n\u0131n alt\u0131na uygun bir kap veya tahliye tavas\u0131 yerle\u015ftirin.<\/li>\n<li>Bu, d\u00f6k\u00fclmeleri \u00f6nlemeye ve \u00e7al\u0131\u015fma alan\u0131n\u0131z\u0131 temiz tutmaya yard\u0131mc\u0131 olacakt\u0131r.<\/li>\n<\/ul>\n<ol start=\"4\">\n<li><strong>Tahliye vanas\u0131n\u0131 a\u00e7\u0131n:<\/strong><\/li>\n<\/ol>\n<ul>\n<li>Uygun bir anahtar veya alet kullanarak, belirlenen tahliye noktas\u0131ndaki tahliye vanas\u0131n\u0131 yava\u015f\u00e7a ve k\u0131smen a\u00e7\u0131n.<\/li>\n<li>Bu a\u015famada vanay\u0131 tamamen \u00e7\u0131karmamaya dikkat edin; bunun yerine, hava ve s\u0131v\u0131n\u0131n d\u0131\u015far\u0131 \u00e7\u0131kmas\u0131n\u0131 sa\u011flamak i\u00e7in k\u00fc\u00e7\u00fck bir a\u00e7\u0131kl\u0131k olu\u015fturun.<\/li>\n<\/ul>\n<ol start=\"5\">\n<li><strong>Kanama Ba\u015fl\u0131yor:<\/strong><\/li>\n<\/ol>\n<ul>\n<li>Tahliye vanas\u0131 k\u0131smen a\u00e7\u0131kken, sistemi a\u00e7arak veya ilgili kumanda d\u00fc\u011fmelerini kullanarak hidrolik sistemi devreye al\u0131n.<\/li>\n<li>Hidrolik s\u0131v\u0131n\u0131n sistemden akmas\u0131na izin verin ve s\u0131k\u0131\u015fm\u0131\u015f hava kabarc\u0131klar\u0131n\u0131 d\u0131\u015far\u0131 itin. K\u0131smen a\u00e7\u0131k olan tahliye vanas\u0131ndan hava ve s\u0131v\u0131n\u0131n ka\u00e7t\u0131\u011f\u0131n\u0131 fark edeceksiniz.<\/li>\n<\/ul>\n<ol start=\"6\">\n<li><strong>\u0130zleyin ve Tekrarlay\u0131n:<\/strong><\/li>\n<\/ol>\n<ul>\n<li>S\u0131v\u0131 ak\u0131\u015f\u0131n\u0131 izleyin ve tahliye vanas\u0131ndan \u00e7\u0131kan hava kabarc\u0131klar\u0131n\u0131 g\u00f6zlemleyin.<\/li>\n<li>S\u0131v\u0131 ak\u0131\u015f\u0131 d\u00fczenli hale geldi\u011finde ve hava kabarc\u0131klar\u0131ndan ar\u0131nd\u0131\u011f\u0131nda, sisteme daha fazla hava girmesini \u00f6nlemek i\u00e7in tahliye vanas\u0131n\u0131 s\u0131k\u0131ca kapat\u0131n.<\/li>\n<li>Hava kabarc\u0131klar\u0131 devam ederse, tahliye vanas\u0131n\u0131 tekrar k\u0131smen a\u00e7arak ve hava tamamen yok olana kadar daha fazla s\u0131v\u0131n\u0131n akmas\u0131na izin vererek tahliye i\u015flemini tekrarlay\u0131n.<\/li>\n<\/ul>\n<ol start=\"7\">\n<li><strong>S\u0131v\u0131 Seviyelerini Kontrol Edin:<\/strong><\/li>\n<\/ol>\n<ul>\n<li>After bleeding the air, check the hydraulic fluid level in the system&#8217;s reservoir or tank.<\/li>\n<li>\u00d6nerilen s\u0131v\u0131 seviyesini korumak i\u00e7in gerekirse ilave s\u0131v\u0131 ekleyin.<\/li>\n<\/ul>\n<ol start=\"8\">\n<li><strong>Test Edin ve Do\u011frulay\u0131n:<\/strong><\/li>\n<\/ol>\n<ul>\n<li>With the bleeding process completed and the hydraulic system reassembled, test the system&#8217;s operation to ensure smooth and consistent hydraulic performance.<\/li>\n<li>Ola\u011fand\u0131\u015f\u0131 ses veya titre\u015fimlerin olmad\u0131\u011f\u0131ndan ve sistemin kontrol giri\u015flerine do\u011fru \u015fekilde yan\u0131t verdi\u011finden emin olun.<\/li>\n<\/ul>\n<h2><strong>Fabrikan\u0131n Kapasitesi ve Kapasitesi:<\/strong><\/h2>\n<h3>(1) Meclis<\/h3>\n<p>Birinci s\u0131n\u0131f ba\u011f\u0131ms\u0131z bir ara\u015ft\u0131rma ve geli\u015ftirme montaj platformumuz bulunmaktad\u0131r. Hidrolik silindir \u00fcretim at\u00f6lyemizde, y\u0131ll\u0131k 1 milyon adet \u00fcretim kapasitesine sahip d\u00f6rt adet yar\u0131 otomatik kald\u0131rma silindiri montaj hatt\u0131 ve bir adet otomatik devirme silindiri montaj hatt\u0131 bulunmaktad\u0131r. \u00d6zel silindir at\u00f6lyemiz, y\u0131ll\u0131k 200.000 adet \u00fcretim kapasitesine sahip \u00e7e\u015fitli \u00f6zelliklerde yar\u0131 otomatik temizleme montaj sistemiyle donat\u0131lm\u0131\u015ft\u0131r. Ayr\u0131ca, \u00fcnl\u00fc CNC i\u015fleme ekipmanlar\u0131, bir i\u015fleme merkezi, y\u00fcksek hassasiyetli silindir i\u015fleme \u00f6zel ekipmanlar\u0131, bir robot kaynak makinesi, bir otomatik temizleme makinesi, otomatik silindir montaj makinesi ve otomatik boyama \u00fcretim hatt\u0131 ile donat\u0131lm\u0131\u015ft\u0131r. 300'den fazla setten olu\u015fan kritik ekipmanlar mevcuttur. Ekipman kaynaklar\u0131n\u0131n optimum da\u011f\u0131l\u0131m\u0131 ve verimli kullan\u0131m\u0131, \u00fcr\u00fcnlerin hassasiyet gereksinimlerini kar\u015f\u0131lar ve \u00fcr\u00fcnlerin y\u00fcksek kalite ihtiya\u00e7lar\u0131n\u0131 kar\u015f\u0131lar.<\/p>\n<p><img loading=\"lazy\" decoding=\"async\" class=\"alignnone wp-image-626\" src=\"https:\/\/hydraulic-cylinders.net\/wp-content\/uploads\/2023\/08\/hydraulic-cylinder-product-1-300x158.webp\" alt=\"\" width=\"495\" height=\"260\" srcset=\"https:\/\/hydraulic-cylinders.net\/wp-content\/uploads\/2023\/08\/hydraulic-cylinder-product-1-300x158.webp 495w, https:\/\/hydraulic-cylinders.net\/wp-content\/uploads\/2023\/08\/hydraulic-cylinder-product-1-480x252.webp 480w\" sizes=\"(min-width: 0px) and (max-width: 480px) 480px, (min-width: 481px) 495px, 100vw\" \/> <img loading=\"lazy\" decoding=\"async\" class=\"alignnone wp-image-627\" src=\"https:\/\/hydraulic-cylinders.net\/wp-content\/uploads\/2023\/08\/hydraulic-cylinder-product-2-300x189.webp\" alt=\"\" width=\"413\" height=\"260\" \/><\/p>\n<h3>(2) \u0130\u015fleme<\/h3>\n<p>\u0130\u015fleme at\u00f6lyesi, maksimum 400 mm i\u00e7 \u00e7apa ve maksimum 6 metre uzunlu\u011fa sahip silindir borular\u0131n\u0131n i\u015flenmesini ger\u00e7ekle\u015ftirebilen \u00f6zel e\u011fimli ray torna merkezi, i\u015fleme merkezi, y\u00fcksek h\u0131zl\u0131 honlama makinesi, kaynak robotu ve di\u011fer ilgili ekipmanlarla donat\u0131lm\u0131\u015ft\u0131r.<\/p>\n<p><img loading=\"lazy\" decoding=\"async\" class=\"alignnone wp-image-628 size-large\" src=\"https:\/\/hydraulic-cylinders.net\/wp-content\/uploads\/2023\/08\/hydraulic-cylinder-product-3-1024x391.webp\" alt=\"\" width=\"1024\" height=\"391\" srcset=\"https:\/\/hydraulic-cylinders.net\/wp-content\/uploads\/2023\/08\/hydraulic-cylinder-product-3-980x374.webp 980w, https:\/\/hydraulic-cylinders.net\/wp-content\/uploads\/2023\/08\/hydraulic-cylinder-product-3-480x183.webp 480w\" sizes=\"(min-width: 0px) and (max-width: 480px) 480px, (min-width: 481px) and (max-width: 980px) 980px, (min-width: 981px) 1024px, 100vw\" \/><\/p>\n<h3>(3) Kaynak<\/h3>\n<p><img loading=\"lazy\" decoding=\"async\" class=\"alignnone wp-image-629 size-large\" src=\"https:\/\/hydraulic-cylinders.net\/wp-content\/uploads\/2023\/08\/hydraulic-cylinder-product-4-1024x510.webp\" alt=\"\" width=\"1024\" height=\"510\" srcset=\"https:\/\/hydraulic-cylinders.net\/wp-content\/uploads\/2023\/08\/hydraulic-cylinder-product-4-980x488.webp 980w, https:\/\/hydraulic-cylinders.net\/wp-content\/uploads\/2023\/08\/hydraulic-cylinder-product-4-480x239.webp 480w\" sizes=\"(min-width: 0px) and (max-width: 480px) 480px, (min-width: 481px) and (max-width: 980px) 980px, (min-width: 981px) 1024px, 100vw\" \/><\/p>\n<h3>(4) Boyama ve kaplama<\/h3>\n<p>K\u00fc\u00e7\u00fck ve orta \u00f6l\u00e7ekli silindirli otomatik su bazl\u0131 boya kaplama hatlar\u0131nda, otomatik robot y\u00fckleme-bo\u015faltma ve otomatik p\u00fcsk\u00fcrtmeyi ger\u00e7ekle\u015ftirmek i\u00e7in, vardiya ba\u015f\u0131na 4000 adet tasar\u0131m kapasitesi;<br \/>\nAyr\u0131ca, vardiya ba\u015f\u0131na 60 kasa kapasiteli, g\u00fc\u00e7 zinciriyle \u00e7al\u0131\u015fan b\u00fcy\u00fck silindirler i\u00e7in yar\u0131 otomatik boya \u00fcretim hatt\u0131m\u0131z da bulunmaktad\u0131r.<\/p>\n<p><img loading=\"lazy\" decoding=\"async\" class=\"alignnone wp-image-630\" src=\"https:\/\/hydraulic-cylinders.net\/wp-content\/uploads\/2023\/08\/hydraulic-cylinder-product-5-300x213.webp\" alt=\"\" width=\"366\" height=\"260\" \/> <img loading=\"lazy\" decoding=\"async\" class=\"alignnone wp-image-631\" src=\"https:\/\/hydraulic-cylinders.net\/wp-content\/uploads\/2023\/08\/hydraulic-cylinder-product-6-300x225.webp\" alt=\"\" width=\"347\" height=\"260\" \/><\/p>\n<h3>(5) Test etme<\/h3>\n<p>Silindirin performans\u0131n\u0131n gereklilikleri kar\u015f\u0131lad\u0131\u011f\u0131ndan emin olmak i\u00e7in birinci s\u0131n\u0131f muayene tesislerimiz ve test yataklar\u0131m\u0131z bulunmaktad\u0131r.<\/p>\n<p><img loading=\"lazy\" decoding=\"async\" class=\"alignnone wp-image-632\" src=\"https:\/\/hydraulic-cylinders.net\/wp-content\/uploads\/2023\/08\/hydraulic-cylinder-product-8-300x200.webp\" alt=\"\" width=\"389\" height=\"260\" \/><\/p>\n<p>&nbsp;<\/p>\n<p>&nbsp;<\/p>\n<p>En iyi hidrolik silindir \u00fcreticilerinden biriyiz. Kapsaml\u0131 hidrolik silindirler sunabiliyoruz. Ayr\u0131ca, ilgili hidrolik silindirleri de sa\u011fl\u0131yoruz. <a href=\"https:\/\/hzpt.com\/agricultural-pto-gearbox\/\" target=\"_blank\" rel=\"noopener\">tar\u0131msal di\u015fli kutular\u0131<\/a>\u00dcr\u00fcnlerimizi d\u00fcnya \u00e7ap\u0131ndaki m\u00fc\u015fterilerimize ihra\u00e7 ettik ve \u00fcst\u00fcn \u00fcr\u00fcn kalitemiz ve sat\u0131\u015f sonras\u0131 hizmetlerimiz sayesinde iyi bir itibar kazand\u0131k. Yurt i\u00e7i ve yurt d\u0131\u015f\u0131ndaki m\u00fc\u015fterilerimizi i\u015f g\u00f6r\u00fc\u015fmeleri yapmak, bilgi al\u0131\u015fveri\u015finde bulunmak ve <a href=\"https:\/\/www.hydraulic-cylinders.net\/tr\/contact-us\/\">bizimle i\u015fbirli\u011fi yap\u0131n<\/a>!<\/p>","protected":false},"excerpt":{"rendered":"<p>Aerial Work Platform Rotary Actuator HBM series rotary actuator is a rotary actuator independently designed and developed for the arms control of articulated aerial work platforms. According to customer installation and performance requirements, the corresponding customized design can be realized to ensure the adaptability and flexibility of operation. Based on the metric unit design, the [&hellip;]<\/p>","protected":false},"featured_media":1523,"comment_status":"open","ping_status":"closed","template":"","meta":{"_et_pb_use_builder":"","_et_pb_old_content":"","_et_gb_content_width":""},"product_brand":[],"product_cat":[1500,1550,1376],"product_tag":[1380],"class_list":{"0":"post-1520","1":"product","2":"type-product","3":"status-publish","4":"has-post-thumbnail","6":"product_cat-aerial-work-vehicle-hydraulic-cylinder","7":"product_cat-double-acting-hydraulic-cylinder","8":"product_cat-hydraulic-cylinder","9":"product_tag-hydraulic-cylinder","11":"first","12":"instock","13":"shipping-taxable","14":"product-type-simple"},"amp_enabled":true,"_links":{"self":[{"href":"https:\/\/www.hydraulic-cylinders.net\/tr\/wp-json\/wp\/v2\/product\/1520","targetHints":{"allow":["GET"]}}],"collection":[{"href":"https:\/\/www.hydraulic-cylinders.net\/tr\/wp-json\/wp\/v2\/product"}],"about":[{"href":"https:\/\/www.hydraulic-cylinders.net\/tr\/wp-json\/wp\/v2\/types\/product"}],"replies":[{"embeddable":true,"href":"https:\/\/www.hydraulic-cylinders.net\/tr\/wp-json\/wp\/v2\/comments?post=1520"}],"wp:featuredmedia":[{"embeddable":true,"href":"https:\/\/www.hydraulic-cylinders.net\/tr\/wp-json\/wp\/v2\/media\/1523"}],"wp:attachment":[{"href":"https:\/\/www.hydraulic-cylinders.net\/tr\/wp-json\/wp\/v2\/media?parent=1520"}],"wp:term":[{"taxonomy":"product_brand","embeddable":true,"href":"https:\/\/www.hydraulic-cylinders.net\/tr\/wp-json\/wp\/v2\/product_brand?post=1520"},{"taxonomy":"product_cat","embeddable":true,"href":"https:\/\/www.hydraulic-cylinders.net\/tr\/wp-json\/wp\/v2\/product_cat?post=1520"},{"taxonomy":"product_tag","embeddable":true,"href":"https:\/\/www.hydraulic-cylinders.net\/tr\/wp-json\/wp\/v2\/product_tag?post=1520"}],"curies":[{"name":"wp","href":"https:\/\/api.w.org\/{rel}","templated":true}]}}