{"id":15200,"date":"2025-01-19T14:13:46","date_gmt":"2025-01-19T14:13:46","guid":{"rendered":"https:\/\/www.hydraulic-cylinders.net\/product\/bucket-cylinder-for-caterpillar-small-excavator-e70-70b\/"},"modified":"2025-01-19T14:13:54","modified_gmt":"2025-01-19T14:13:54","slug":"bucket-cylinder-for-caterpillar-small-excavator-e70-70b","status":"publish","type":"product","link":"https:\/\/www.hydraulic-cylinders.net\/tr\/urun\/bucket-cylinder-for-caterpillar-small-excavator-e70-70b\/","title":{"rendered":"Caterpillar E70\/70B K\u00fc\u00e7\u00fck Ekskavat\u00f6r \u0130\u00e7in Kep\u00e7e Silindiri"},"content":{"rendered":"<h1>Caterpillar E70\/70B K\u00fc\u00e7\u00fck Ekskavat\u00f6r \u0130\u00e7in Kep\u00e7e Silindiri<\/h1>\n<h2>girii\u015f<\/h2>\n<p>Kep\u00e7e silindiri, ekskavat\u00f6rler, kaz\u0131c\u0131lar ve \u00f6n y\u00fckleyiciler gibi a\u011f\u0131r makinelerde kep\u00e7enin hareketini kontrol etmek i\u00e7in \u00f6zel olarak tasarlanm\u0131\u015f bir hidrolik silindirdir. Ana i\u015flevi, kep\u00e7enin kald\u0131rma, indirme ve e\u011fme i\u015flemlerini ger\u00e7ekle\u015ftirmesini sa\u011flayarak \u00e7e\u015fitli malzeme ta\u015f\u0131ma g\u00f6revleri i\u00e7in uygun hale getirmektir. Hidrolik sistemde, kep\u00e7e silindiri hidrolik ya\u011f bas\u0131nc\u0131ndaki de\u011fi\u015fiklikler yoluyla kep\u00e7enin hassas kontrol\u00fcn\u00fc sa\u011flar; bu da operat\u00f6rlerin a\u011f\u0131r y\u00fckleri verimli bir \u015fekilde ta\u015f\u0131mas\u0131na ve karma\u015f\u0131k \u00e7al\u0131\u015fma ortamlar\u0131na ve \u00e7e\u015fitli operasyonel gereksinimlere uyum sa\u011flamas\u0131na olanak tan\u0131r.<\/p>\n<p><img decoding=\"async\" src=\"https:\/\/www.hydraulic-cylinders.net\/wp-content\/uploads\/2025\/01\/songte-company-2.webp\" alt=\"Kova Silindiri\"><\/p>\n<h2>\u00d6zellikler<\/h2>\n<ul>\n<li>Y\u00fcksek mukavemet ve dayan\u0131kl\u0131l\u0131k: Genellikle y\u00fcksek mukavemetli \u00e7elik veya al\u00fcminyumdan \u00fcretilir, y\u00fcksek bas\u0131nca ve a\u011f\u0131r y\u00fcklere dayanabilir, zorlu \u00e7al\u0131\u015fma ortamlar\u0131 i\u00e7in uygundur, a\u015f\u0131nma ve korozyon direnci g\u00f6z \u00f6n\u00fcnde bulundurularak tasarlanm\u0131\u015ft\u0131r, b\u00f6ylece kullan\u0131m \u00f6mr\u00fc uzat\u0131l\u0131r.<\/li>\n<li>Verimli hidrolik \u00e7al\u0131\u015fma: Hidrolik ya\u011f bas\u0131nc\u0131ndan yararlan\u0131larak d\u00fczg\u00fcn uzatma ve geri \u00e7ekme hareketleri sa\u011flan\u0131r; bu da kontrol komutlar\u0131na h\u0131zl\u0131 yan\u0131t verilmesini, g\u00fc\u00e7l\u00fc itme ve \u00e7ekme kuvvetleri sa\u011flanmas\u0131n\u0131 ve a\u011f\u0131r y\u00fcklerin ve karma\u015f\u0131k operasyonel g\u00f6revlerin yerine getirilmesi i\u00e7in uygun olmas\u0131n\u0131 sa\u011flar.<\/li>\n<li>\u00c7e\u015fitli tipler: Farkl\u0131 \u00e7al\u0131\u015fma gereksinimlerini kar\u015f\u0131lamak i\u00e7in ihtiya\u00e7lara g\u00f6re tek etkili (hidrolik sadece tek y\u00f6nde kullan\u0131l\u0131r) veya \u00e7ift etkili (hidrolik her iki y\u00f6nde kullan\u0131l\u0131r) silindirler se\u00e7ilebilir. Baz\u0131 modeller teleskopiktir ve d\u0131\u015f boyutlar\u0131 art\u0131rmadan daha fazla uzatmaya olanak tan\u0131r, bu da s\u0131n\u0131rl\u0131 alana sahip uygulamalar i\u00e7in uygundur.<\/li>\n<li>Kolay kurulum: Orijinal silindirin yerine kolayca tak\u0131labilir, zamandan ve i\u015f\u00e7ilik maliyetlerinden tasarruf sa\u011flar. M\u00fc\u015fteri gereksinimlerine g\u00f6re \u00f6zelle\u015ftirilebilir.<\/li>\n<li>Evrensel uyumluluk: \u00c7e\u015fitli hidrolik silindirlerin yerine kullan\u0131labilir, ekipman bak\u0131m ve onar\u0131m\u0131 i\u00e7in uygun maliyetli bir \u00e7\u00f6z\u00fcm sunar.<\/li>\n<\/ul>\n<p><img decoding=\"async\" src=\"https:\/\/www.hydraulic-cylinders.net\/wp-content\/uploads\/2025\/01\/songte-cylinder-head-with-all-kinds-excavator-models.webp\" alt=\"Silindir Kapa\u011f\u0131\"><\/p>\n<h2>Uygulamalar<\/h2>\n<p>Kova silindiri, a\u015fa\u011f\u0131dakiler de dahil olmak \u00fczere \u00e7e\u015fitli a\u011f\u0131r makinelerde yayg\u0131n olarak kullan\u0131l\u0131r:<\/p>\n<ul>\n<li>\u0130n\u015faat Ekipmanlar\u0131: Ekskavat\u00f6rlerde, toprak veya moloz kazma, y\u00fckleme ve ta\u015f\u0131ma i\u015flemlerinde hayati \u00f6neme sahiptirler. Kaz\u0131c\u0131 makinelerde ise kova silindirleri kazma ve kald\u0131rma i\u015flemlerine yard\u0131mc\u0131 olur. <\/li>\n<li>Tar\u0131m Makinalar\u0131: \u00d6n y\u00fckleyicilerde toprak, saman ve di\u011fer malzemeleri kep\u00e7elemek, kald\u0131rmak ve ta\u015f\u0131mak i\u00e7in kullan\u0131l\u0131r. <\/li>\n<li>Malzeme Ta\u015f\u0131ma Ekipmanlar\u0131: Forkliftlerde ve di\u011fer end\u00fcstriyel ara\u00e7larda mallar\u0131 kald\u0131rmak, ta\u015f\u0131mak ve istiflemek i\u00e7in kullan\u0131l\u0131r.<\/li>\n<\/ul>\n<h2>Tasar\u0131m Hususlar\u0131 ve Se\u00e7im Kriterleri<\/h2>\n<p>Kep\u00e7e silindirinin tasar\u0131m\u0131, performans\u0131 ve dayan\u0131kl\u0131l\u0131\u011f\u0131 a\u00e7\u0131s\u0131ndan \u00e7ok \u00f6nemlidir. Dikkate al\u0131nmas\u0131 gereken ba\u015fl\u0131ca hususlar \u015funlard\u0131r:<\/p>\n<ul>\n<li>Ta\u015f\u0131ma kapasitesi: Silindir, beklenen y\u00fck\u00fc ar\u0131za veya hasar olmadan ta\u015f\u0131yabilmelidir.<\/li>\n<li>S\u0131zd\u0131rmazl\u0131k: S\u0131z\u0131nt\u0131lar\u0131 ve kirlenmeyi \u00f6nlemek i\u00e7in silindirin s\u0131zd\u0131rmazl\u0131\u011f\u0131 sa\u011flanmal\u0131d\u0131r.<\/li>\n<li>Dayan\u0131kl\u0131l\u0131k: Silindir, zorlu ortamlarda kullan\u0131mdan kaynaklanan beklenen a\u015f\u0131nma ve y\u0131pranmaya dayanabilmelidir.<\/li>\n<li>G\u00fcvenlik: Kaza ve yaralanmalar\u0131 \u00f6nlemek i\u00e7in silindirin g\u00fcvenlik \u00f6zellikleriyle tasarlanmas\u0131 gerekir.<\/li>\n<li>Bak\u0131m kolayl\u0131\u011f\u0131: Silindir, kolay bak\u0131m ve onar\u0131m i\u00e7in tasarlanmal\u0131d\u0131r.<\/li>\n<\/ul>\n<p><img decoding=\"async\" src=\"https:\/\/www.hydraulic-cylinders.net\/wp-content\/uploads\/2025\/01\/songte-oil-pipes-and-spare-parts.webp\" alt=\"Petrol Borular\u0131 ve Yedek Par\u00e7alar\u0131\"><\/p>\n<h2>S\u0131zd\u0131rmazl\u0131k ve Ya\u011flama<\/h2>\n<p>Kova silindiri, poli\u00fcretan ve nitril kau\u00e7uk gibi a\u015f\u0131nmaya dayan\u0131kl\u0131 malzemelerden yap\u0131lm\u0131\u015f piston s\u0131zd\u0131rmazl\u0131k halkalar\u0131 ve mil s\u0131zd\u0131rmazl\u0131k halkalar\u0131 gibi \u00e7e\u015fitli s\u0131zd\u0131rmazl\u0131k bile\u015fenleri kullan\u0131r. Silindir g\u00f6vdesi ve di\u015fli u\u00e7 y\u00fczeyleri, a\u015f\u0131nma direncini art\u0131rmak i\u00e7in ince bir \u015fekilde i\u015flenmi\u015ftir. Silindirin sorunsuz \u00e7al\u0131\u015fmas\u0131n\u0131 sa\u011flamak ve kullan\u0131m \u00f6mr\u00fcn\u00fc uzatmak i\u00e7in uygun hidrolik ya\u011f ile d\u00fczenli ya\u011flama gereklidir.<\/p>\n<h2>Bak\u0131m ve Onar\u0131m<\/h2>\n<p>Kova silindirinin performans\u0131n\u0131 korumak ve kullan\u0131m \u00f6mr\u00fcn\u00fc uzatmak i\u00e7in d\u00fczenli kontrol, ya\u011flama ve conta de\u011fi\u015fimi \u015fartt\u0131r. Silindirin verimli \u00e7al\u0131\u015fmas\u0131n\u0131 sa\u011flamak ve hasar veya ar\u0131zay\u0131 \u00f6nlemek i\u00e7in do\u011fru montaj, ya\u011flama ve ayarlama \u00e7ok \u00f6nemlidir. Silindiri yerine sabitlemek i\u00e7in uygun montaj braketlerinin kullan\u0131lmas\u0131 ve do\u011fru i\u015flev ve g\u00fcvenli\u011fi sa\u011flamak i\u00e7in \u00f6nerilen kontrol, onar\u0131m ve de\u011fi\u015ftirme prosed\u00fcrlerinin izlenmesi tavsiye edilir.<\/p>\n<p><img decoding=\"async\" src=\"https:\/\/www.hydraulic-cylinders.net\/wp-content\/uploads\/2025\/01\/songte-chushion-collar.webp\" alt=\"Chushion Yaka\"><\/p>\n<h2>G\u00fcvenlik ve \u00c7evresel Hususlar<\/h2>\n<p>Kova silindirini kullan\u0131rken, kazalar\u0131 ve yaralanmalar\u0131 \u00f6nlemek i\u00e7in uygun g\u00fcvenlik prosed\u00fcrlerine uymak \u00e7ok \u00f6nemlidir. D\u00fczenli bak\u0131m ve kontrol, s\u0131v\u0131 s\u0131z\u0131nt\u0131lar\u0131ndan veya silindire gelebilecek di\u011fer hasarlardan kaynaklanan \u00e7evresel kirlenmeyi \u00f6nlemeye de yard\u0131mc\u0131 olabilir.<\/p>\n<h2>Sorun Giderme ve Yayg\u0131n Sorunlar<\/h2>\n<p>Kep\u00e7e silindirinde s\u0131k kar\u015f\u0131la\u015f\u0131lan sorunlar aras\u0131nda s\u0131z\u0131nt\u0131, performans d\u00fc\u015f\u00fc\u015f\u00fc ve hatal\u0131 \u00e7al\u0131\u015fma yer al\u0131r. Bu sorunlar\u0131n do\u011fru te\u015fhis ve onar\u0131m\u0131 deneyim ve uzmanl\u0131k gerektirir ve yaln\u0131zca e\u011fitimli profesyoneller taraf\u0131ndan yap\u0131lmal\u0131d\u0131r. D\u00fczenli bak\u0131m ve kontrol, bu sorunlar\u0131n olu\u015fmas\u0131n\u0131 \u00f6nlemeye yard\u0131mc\u0131 olabilir.<\/p>\n<p><img decoding=\"async\" src=\"https:\/\/www.hydraulic-cylinders.net\/wp-content\/uploads\/2025\/01\/songte-bushings-with-all-kinds-of-excavator-models.webp\" alt=\"Bur\u00e7lar\"><\/p>\n<h2>\u015eirketimiz Hakk\u0131nda<\/h2>\n<p>Biz, yedek hidrolik silindir \u00fcreticisi ve hem yurti\u00e7i hem de uluslararas\u0131 pazarlarda \u00f6nde gelen hidrolik silindir \u00fcreticisi ve toptanc\u0131s\u0131y\u0131z. Kalitede m\u00fckemmellik ilkesini benimsiyor ve ince i\u015f\u00e7ilik gerektiren at\u00f6lyelerimizde end\u00fcstriyel \u00fcretim y\u00f6netim stratejilerine g\u00fcveniyoruz. \u015eirketimiz, teknik yeteneklerin, dijital y\u00fcksek teknoloji \u00fcretim ekipmanlar\u0131n\u0131n ve profesyonel test sistemlerinin uygulanmas\u0131yla at\u00f6lyenin \u00fcretim platformunu s\u00fcrekli olarak geli\u015ftirerek \u00fcr\u00fcn\u00fcn kalite \u00fcretim yolunu iyile\u015ftirmektedir. G\u00fc\u00e7l\u00fc bir yarat\u0131c\u0131l\u0131k yetene\u011fine sahip olan \u015firketimiz, y\u00fcksek verimlilik, y\u00fcksek do\u011fruluk ve y\u00fcksek kalite ilkelerine dayanarak m\u00fc\u015fterilerin \u00e7e\u015fitli ihtiya\u00e7lar\u0131n\u0131 kar\u015f\u0131lamaktad\u0131r.<\/p>\n<ul>\n<li>Profesyonellik: Uzmanlardan olu\u015fan ekibimiz, \u00e7e\u015fitli sekt\u00f6rlerden m\u00fc\u015fterilere profesyonel hizmetler ve teknik destek sa\u011flamaktad\u0131r.<\/li>\n<li>Uluslararas\u0131 Sertifikasyon: \u00dcr\u00fcnlerimiz ISO ve CE gibi \u00e7e\u015fitli uluslararas\u0131 sertifikasyonlardan ge\u00e7mi\u015ftir.<\/li>\n<li>\u00d6zelle\u015ftirme hizmetleri: M\u00fc\u015fteri gereksinimlerine ve \u00f6zelliklerine g\u00f6re \u00f6zelle\u015ftirilmi\u015f hidrolik silindirler sa\u011fl\u0131yoruz.<\/li>\n<li>\u00dcretim Ekipmanlar\u0131: \u00dcr\u00fcn kalitesini ve hassasiyetini sa\u011flamak i\u00e7in geli\u015fmi\u015f \u00fcretim ekipmanlar\u0131 kullan\u0131yoruz.<\/li>\n<li>Sat\u0131\u015f Sonras\u0131 Hizmet: M\u00fc\u015fteri memnuniyetini sa\u011flamak i\u00e7in zaman\u0131nda ve etkili sat\u0131\u015f sonras\u0131 hizmet sunuyoruz.<\/li>\n<\/ul>\n<p><img decoding=\"async\" src=\"https:\/\/www.hydraulic-cylinders.net\/wp-content\/uploads\/2025\/01\/songte-company-3.webp\" alt=\"\u015eirket\"><\/p>\n<p>Yazar: lyl<\/p>","protected":false},"excerpt":{"rendered":"<p>Bucket Cylinder For Caterpillar Small Excavator E70\/70B Introduction A bucket cylinder is a specially designed hydraulic cylinder primarily used to control the movement of the bucket in heavy machinery such as excavators, backhoes, and front-end loaders. Its main function is to enable the bucket to perform lifting, lowering, and tilting operations, making it convenient for [&hellip;]<\/p>","protected":false},"featured_media":14776,"comment_status":"open","ping_status":"closed","template":"","meta":{"_et_pb_use_builder":"","_et_pb_old_content":"","_et_gb_content_width":""},"product_brand":[],"product_cat":[1494],"product_tag":[1495,1496],"class_list":{"0":"post-15200","1":"product","2":"type-product","3":"status-publish","4":"has-post-thumbnail","6":"product_cat-bucket-cylinders","7":"product_tag-bucket-cylinders","8":"product_tag-hydraulic-cylinders","10":"first","11":"instock","12":"shipping-taxable","13":"product-type-simple"},"amp_enabled":true,"_links":{"self":[{"href":"https:\/\/www.hydraulic-cylinders.net\/tr\/wp-json\/wp\/v2\/product\/15200","targetHints":{"allow":["GET"]}}],"collection":[{"href":"https:\/\/www.hydraulic-cylinders.net\/tr\/wp-json\/wp\/v2\/product"}],"about":[{"href":"https:\/\/www.hydraulic-cylinders.net\/tr\/wp-json\/wp\/v2\/types\/product"}],"replies":[{"embeddable":true,"href":"https:\/\/www.hydraulic-cylinders.net\/tr\/wp-json\/wp\/v2\/comments?post=15200"}],"wp:featuredmedia":[{"embeddable":true,"href":"https:\/\/www.hydraulic-cylinders.net\/tr\/wp-json\/wp\/v2\/media\/14776"}],"wp:attachment":[{"href":"https:\/\/www.hydraulic-cylinders.net\/tr\/wp-json\/wp\/v2\/media?parent=15200"}],"wp:term":[{"taxonomy":"product_brand","embeddable":true,"href":"https:\/\/www.hydraulic-cylinders.net\/tr\/wp-json\/wp\/v2\/product_brand?post=15200"},{"taxonomy":"product_cat","embeddable":true,"href":"https:\/\/www.hydraulic-cylinders.net\/tr\/wp-json\/wp\/v2\/product_cat?post=15200"},{"taxonomy":"product_tag","embeddable":true,"href":"https:\/\/www.hydraulic-cylinders.net\/tr\/wp-json\/wp\/v2\/product_tag?post=15200"}],"curies":[{"name":"wp","href":"https:\/\/api.w.org\/{rel}","templated":true}]}}