{"id":15201,"date":"2025-01-19T14:13:56","date_gmt":"2025-01-19T14:13:56","guid":{"rendered":"https:\/\/www.hydraulic-cylinders.net\/product\/bucket-cylinder-for-caterpillar-small-excavator-e302-4d\/"},"modified":"2025-01-19T14:13:58","modified_gmt":"2025-01-19T14:13:58","slug":"bucket-cylinder-for-caterpillar-small-excavator-e302-4d","status":"publish","type":"product","link":"https:\/\/www.hydraulic-cylinders.net\/tr\/urun\/bucket-cylinder-for-caterpillar-small-excavator-e302-4d\/","title":{"rendered":"Caterpillar E302.4D K\u00fc\u00e7\u00fck Ekskavat\u00f6r \u0130\u00e7in Kep\u00e7e Silindiri"},"content":{"rendered":"<h1>Caterpillar E302.4D K\u00fc\u00e7\u00fck Ekskavat\u00f6r \u0130\u00e7in Kep\u00e7e Silindiri<\/h1>\n<h2>girii\u015f<\/h2>\n<p>Kep\u00e7e silindiri, ekskavat\u00f6rler, kaz\u0131c\u0131 y\u00fckleyiciler ve \u00f6n y\u00fckleyiciler gibi a\u011f\u0131r makinelerde kep\u00e7enin hareketini kontrol etmek i\u00e7in \u00f6zel olarak tasarlanm\u0131\u015f bir hidrolik silindirdir. Ana i\u015flevi, \u00e7e\u015fitli malzeme ta\u015f\u0131ma g\u00f6revlerini kolayla\u015ft\u0131rmak i\u00e7in kep\u00e7enin kald\u0131r\u0131lmas\u0131n\u0131, indirilmesini ve e\u011filmesini sa\u011flamakt\u0131r. Hidrolik sistemde, kep\u00e7e silindiri hidrolik ya\u011f bas\u0131nc\u0131n\u0131 de\u011fi\u015ftirerek kep\u00e7e hareketinin hassas kontrol\u00fcn\u00fc sa\u011flar ve operat\u00f6rlerin a\u011f\u0131r y\u00fckleri verimli bir \u015fekilde ta\u015f\u0131mas\u0131na, karma\u015f\u0131k \u00e7al\u0131\u015fma ortamlar\u0131na ve \u00e7e\u015fitli operasyonel ihtiya\u00e7lara uyum sa\u011flamas\u0131na olanak tan\u0131r.<\/p>\n<p><img decoding=\"async\" src=\"https:\/\/www.hydraulic-cylinders.net\/wp-content\/uploads\/2025\/01\/songte-company-2.webp\" alt=\"Kova Silindiri G\u00f6r\u00fcnt\u00fcs\u00fc\"><\/p>\n<h2>\u00d6zellikler<\/h2>\n<ul>\n<li>\n<h3>Y\u00fcksek G\u00fc\u00e7 ve Dayan\u0131kl\u0131l\u0131k<\/h3>\n<p>Kova silindirleri genellikle y\u00fcksek bas\u0131nca ve a\u011f\u0131r y\u00fcklere dayanabilen, bu nedenle zorlu \u00e7al\u0131\u015fma ortamlar\u0131 i\u00e7in uygun olan y\u00fcksek mukavemetli \u00e7elik veya al\u00fcminyumdan yap\u0131l\u0131r. Tasar\u0131m ayr\u0131ca a\u015f\u0131nma direnci ve korozyon direncini de dikkate alarak kullan\u0131m \u00f6mr\u00fcn\u00fc uzat\u0131r.<\/p>\n<\/li>\n<li>\n<h3>Verimli Hidrolik \u00c7al\u0131\u015fma<\/h3>\n<p>Kova silindirleri, hidrolik ya\u011f\u0131n bas\u0131nc\u0131n\u0131 kullanarak d\u00fczg\u00fcn uzama ve geri \u00e7ekilme sa\u011flar, kontrol komutlar\u0131na h\u0131zl\u0131 yan\u0131t vermeyi m\u00fcmk\u00fcn k\u0131lar ve g\u00fc\u00e7l\u00fc itme ve \u00e7ekme kuvveti sa\u011flayarak a\u011f\u0131r y\u00fcklerin ve karma\u015f\u0131k operasyonel g\u00f6revlerin ta\u015f\u0131nmas\u0131 i\u00e7in uygun hale gelir.<\/p>\n<\/li>\n<li>\n<h3>\u00c7e\u015fitli Tipler<\/h3>\n<p>Kova silindirleri, gereksinimlere g\u00f6re tek etkili (hidroli\u011fin yaln\u0131zca tek y\u00f6nde kullan\u0131ld\u0131\u011f\u0131) veya \u00e7ift etkili (hidroli\u011fin iki y\u00f6nde kullan\u0131ld\u0131\u011f\u0131) silindirler olarak se\u00e7ilebilir ve baz\u0131 modeller teleskopiktir; bu da d\u0131\u015f boyutlar\u0131 art\u0131rmadan daha fazla uzamaya olanak tan\u0131yarak s\u0131n\u0131rl\u0131 alana sahip uygulamalar i\u00e7in uygun hale getirir.<\/p>\n<\/li>\n<li>\n<h3>\u00dcr\u00fcn Bulunabilirli\u011fi<\/h3>\n<p>Kova silindirlerimiz bu hidrolik silindirlerin yerini m\u00fckemmel bir \u015fekilde alabilir; m\u00fc\u015fterilerimizin se\u00e7im yapabilece\u011fi \u00e7e\u015fitli model ve tiplerde kova silindirleri sunabiliyoruz.<\/p>\n<\/li>\n<\/ul>\n<p><img decoding=\"async\" src=\"https:\/\/www.hydraulic-cylinders.net\/wp-content\/uploads\/2025\/01\/songte-cylinder-head-with-all-kinds-excavator-models.webp\" alt=\"Kova Silindiri De\u011fi\u015ftirme G\u00f6rseli\"><\/p>\n<h2>Uygulamalar<\/h2>\n<p>Kep\u00e7e silindirleri, a\u015fa\u011f\u0131dakiler gibi \u00e7e\u015fitli a\u011f\u0131r makinelerde \u00e7ok \u00f6nemli bir rol oynar:<\/p>\n<ul>\n<li>\n<h3>\u0130n\u015faat Ekipmanlar\u0131<\/h3>\n<p>Kaz\u0131c\u0131 makinelerde, toprak veya moloz kazmak, y\u00fcklemek ve ta\u015f\u0131mak i\u00e7in kova silindiri hayati \u00f6neme sahiptir. Kaz\u0131c\u0131 y\u00fckleyicilerde ise kova silindiri hem kazmaya hem de kald\u0131rmaya yard\u0131mc\u0131 olur. <\/p>\n<\/li>\n<li>\n<h3>Tar\u0131m Makinalar\u0131<\/h3>\n<p>\u00d6n y\u00fckleyicilerde toprak, saman ve di\u011fer malzemeleri kep\u00e7eyle almak, kald\u0131rmak ve ta\u015f\u0131mak i\u00e7in kullan\u0131l\u0131rlar. Ekskavat\u00f6rlerde, kep\u00e7e silindiri, kep\u00e7enin topra\u011fa n\u00fcfuz etmesini sa\u011flayarak kazma i\u015flemini m\u00fcmk\u00fcn k\u0131lar. \u00d6n y\u00fckleyicilerde ise, mallar\u0131n verimli bir \u015fekilde kald\u0131r\u0131lmas\u0131na ve bo\u015falt\u0131lmas\u0131na yard\u0131mc\u0131 olurlar.<\/p>\n<\/li>\n<\/ul>\n<h2>Tasar\u0131m Hususlar\u0131 ve Se\u00e7im Standartlar\u0131<\/h2>\n<p>Kova silindirleri, a\u015fa\u011f\u0131dakiler gibi \u00e7e\u015fitli \u00f6nemli fakt\u00f6rler g\u00f6z \u00f6n\u00fcnde bulundurularak tasarlanmaktad\u0131r:<\/p>\n<ul>\n<li>\n<h3>Ta\u015f\u0131ma Kapasitesi<\/h3>\n<p>Kova silindirleri y\u00fcksek mukavemetli malzemelerden \u00fcretilmi\u015ftir ve a\u011f\u0131r y\u00fcklere ve y\u00fcksek bas\u0131nca dayanacak \u015fekilde tasarlanm\u0131\u015ft\u0131r.<\/p>\n<\/li>\n<li>\n<h3>S\u0131zd\u0131rmazl\u0131k<\/h3>\n<p>Piston contalar\u0131 ve mil contalar\u0131 gibi \u00e7e\u015fitli s\u0131zd\u0131rmazl\u0131k bile\u015fenleri, uzun hizmet \u00f6mr\u00fc sa\u011flamak i\u00e7in a\u015f\u0131nmaya dayan\u0131kl\u0131 malzemelerden \u00fcretilmi\u015ftir. Silindir g\u00f6vdeleri ve di\u015fli u\u00e7 y\u00fczeyleri, a\u015f\u0131nma direncini art\u0131rmak i\u00e7in ince bir \u015fekilde i\u015flenmi\u015ftir.<\/p>\n<\/li>\n<li>\n<h3>Dayan\u0131kl\u0131l\u0131k ve G\u00fcvenlik<\/h3>\n<p>Kova silindirleri, end\u00fcstri standartlar\u0131n\u0131 kar\u015f\u0131lad\u0131\u011f\u0131ndan ve g\u00fcvenli bir \u015fekilde \u00e7al\u0131\u015ft\u0131r\u0131labildi\u011finden emin olmak i\u00e7in titiz bir kalite kontrol\u00fcnden ge\u00e7irilmektedir. Uzun hizmet \u00f6mr\u00fc sa\u011flamak i\u00e7in bak\u0131m\u0131 ve onar\u0131m\u0131 kolay olacak \u015fekilde tasarlanm\u0131\u015ft\u0131r.<\/p>\n<\/li>\n<\/ul>\n<p><img decoding=\"async\" src=\"https:\/\/www.hydraulic-cylinders.net\/wp-content\/uploads\/2025\/01\/songte-oil-pipes-and-spare-parts.webp\" alt=\"Kova Silindiri Par\u00e7alar\u0131 G\u00f6rseli\"><\/p>\n<h2>S\u0131zd\u0131rmazl\u0131k ve Ya\u011flama<\/h2>\n<p>Kova silindirlerinde, poli\u00fcretan ve nitril kau\u00e7uk gibi a\u015f\u0131nmaya dayan\u0131kl\u0131 malzemelerden yap\u0131lm\u0131\u015f piston contalar\u0131 ve mil contalar\u0131 gibi \u00e7e\u015fitli conta t\u00fcrleri kullan\u0131l\u0131r. Silindir g\u00f6vdeleri ve di\u015fli u\u00e7 y\u00fczeyleri, a\u015f\u0131nma direncini art\u0131rmak i\u00e7in ince bir \u015fekilde i\u015flenir. Silindirin ya\u011flanmas\u0131n\u0131 sa\u011flamak i\u00e7in d\u00fczenli olarak uygun hidrolik ya\u011f eklemek \u00f6nemlidir.<\/p>\n<h2>Periyodik Bak\u0131m ve \u00d6nleyici Tedbirler<\/h2>\n<p>Kep\u00e7e silindirlerinin uzun \u00f6m\u00fcrl\u00fc ve optimum performans g\u00f6stermesi i\u00e7in do\u011fru bak\u0131m hayati \u00f6nem ta\u015f\u0131r. Yayg\u0131n bak\u0131m g\u00f6revleri \u015funlard\u0131r:<\/p>\n<ul>\n<li>\n<h3>D\u00fczenli Muayene<\/h3>\n<p>D\u00fczenli denetimler, potansiyel sorunlar\u0131 belirlemeye ve b\u00fcy\u00fck hasarlar\u0131n olu\u015fmas\u0131n\u0131 \u00f6nlemeye yard\u0131mc\u0131 olur.<\/p>\n<\/li>\n<li>\n<h3>Ya\u011flama<\/h3>\n<p>Silindirin sorunsuz \u00e7al\u0131\u015fmaya devam etmesi i\u00e7in d\u00fczenli ya\u011flama gereklidir.<\/p>\n<\/li>\n<li>\n<h3>Conta De\u011fi\u015fimi ve Kalibrasyon Kontrol\u00fc<\/h3>\n<p>A\u015f\u0131nm\u0131\u015f contalar\u0131n d\u00fczenli olarak de\u011fi\u015ftirilmesi ve kalibrasyon kontrolleri, optimum performans\u0131n korunmas\u0131na yard\u0131mc\u0131 olur.<\/p>\n<\/li>\n<\/ul>\n<p><img decoding=\"async\" src=\"https:\/\/www.hydraulic-cylinders.net\/wp-content\/uploads\/2025\/01\/songte-chushion-collar.webp\" alt=\"Kova Silindiri Bak\u0131m G\u00f6rseli\"><\/p>\n<h2>G\u00fcvenlik Hususlar\u0131 ve \u00c7evresel Fakt\u00f6rler<\/h2>\n<p>Kep\u00e7e silindirleri g\u00fcvenli \u00e7al\u0131\u015fma i\u00e7in tasarlanm\u0131\u015ft\u0131r ve a\u011f\u0131r makinelerin \u00e7al\u0131\u015ft\u0131r\u0131lmas\u0131 s\u0131ras\u0131nda uygun g\u00fcvenlik \u00f6nlemleri al\u0131nmal\u0131d\u0131r. S\u0131cakl\u0131k ve nem gibi \u00e7evresel fakt\u00f6rler kep\u00e7e silindirlerinin performans\u0131n\u0131 etkileyebilir ve \u00e7e\u015fitli \u00e7evresel ko\u015fullar alt\u0131nda optimum performanslar\u0131n\u0131 sa\u011flamak i\u00e7in uygun \u00f6nlemler al\u0131nmal\u0131d\u0131r.<\/p>\n<h2>Ar\u0131za Te\u015fhisi ve Yayg\u0131n Sorunlar<\/h2>\n<p>Kova silindirlerinde s\u0131k kar\u015f\u0131la\u015f\u0131lan sorunlar aras\u0131nda s\u0131z\u0131nt\u0131, conta hasar\u0131 ve hatal\u0131 \u00e7al\u0131\u015fma yer al\u0131r. D\u00fczenli kontrol ve bak\u0131m, bu sorunlar\u0131n olu\u015fmas\u0131n\u0131 \u00f6nlemeye yard\u0131mc\u0131 olabilir. Bir sorun ortaya \u00e7\u0131karsa, do\u011fru te\u015fhis \u00e7ok \u00f6nemlidir ve yayg\u0131n \u00e7\u00f6z\u00fcmler aras\u0131nda hasarl\u0131 par\u00e7alar\u0131n onar\u0131lmas\u0131 veya de\u011fi\u015ftirilmesi yer al\u0131r.<\/p>\n<p><img decoding=\"async\" src=\"https:\/\/www.hydraulic-cylinders.net\/wp-content\/uploads\/2025\/01\/songte-bushings-with-all-kinds-of-excavator-models.webp\" alt=\"Kova Silindiri Sorunu G\u00f6r\u00fcnt\u00fcs\u00fc\"><\/p>\n<h2>\u015eirketimiz Hakk\u0131nda<\/h2>\n<p>Biz, yerli ve uluslararas\u0131 pazarlara eksiksiz bir \u00fcr\u00fcn yelpazesi sunan, \u00f6nde gelen bir hidrolik silindir \u00fcreticisi ve toptan da\u011f\u0131t\u0131c\u0131s\u0131y\u0131z. \u015eirketimiz, m\u00fckemmel kaliteye dayal\u0131 end\u00fcstriyel \u00fcretim y\u00f6netimi stratejisine ba\u011fl\u0131 kalarak, geli\u015fmi\u015f bir \u00fcretim at\u00f6lyesi, teknik yetenek, dijital \u00fcst d\u00fczey \u00fcretim ekipmanlar\u0131 ve profesyonel test sistemlerine dayanarak \u00fcretim platformumuzu s\u00fcrekli olarak geli\u015ftiriyor, \u00fcr\u00fcn kalitesi \u00fcretim s\u00fcrecimizi m\u00fckemmelle\u015ftiriyor ve g\u00fc\u00e7l\u00fc bir inovasyon yetene\u011fine sahibiz. M\u00fc\u015fterilerimizin \u00e7e\u015fitli ihtiya\u00e7lar\u0131n\u0131 y\u00fcksek verimlilik, hassasiyet ve kaliteyle kar\u015f\u0131lamaya kararl\u0131y\u0131z.<\/p>\n<p><img decoding=\"async\" src=\"https:\/\/hzpt.com\/wp-content\/uploads\/2024\/11\/songte-company-1.webp\" alt=\"\u015eirket \u0130maj\u0131\"><\/p>\n<h3>Profesyonellik<\/h3>\n<p>M\u00fc\u015fterilerimize profesyonel tavsiyeler ve \u00e7\u00f6z\u00fcmler sunmaya, ihtiya\u00e7lar\u0131na en uygun \u00fcr\u00fcn\u00fc almalar\u0131n\u0131 sa\u011flamaya kararl\u0131y\u0131z.<\/p>\n<h3>Uluslararas\u0131 Sertifikasyon<\/h3>\n<p>\u00dcr\u00fcnlerimiz uluslararas\u0131 standartlara uygun olarak sertifikaland\u0131r\u0131lm\u0131\u015ft\u0131r ve bu sayede k\u00fcresel pazar\u0131n ihtiya\u00e7lar\u0131n\u0131 kar\u015f\u0131lamaktad\u0131r.<\/p>\n<h3>\u00d6zelle\u015ftirme Hizmeti<\/h3>\n<p>M\u00fc\u015fterilerimizin bireysel ihtiya\u00e7lar\u0131n\u0131 kar\u015f\u0131lamak i\u00e7in \u00f6zelle\u015ftirilmi\u015f hizmetler sunuyoruz ve b\u00f6ylece onlar\u0131n benzersiz gereksinimlerini kar\u015f\u0131layan bir \u00fcr\u00fcn elde etmelerini sa\u011fl\u0131yoruz.<\/p>\n<h3>\u00dcretim Ekipmanlar\u0131<\/h3>\n<p>\u00dcretim at\u00f6lyelerimiz, hidrolik silindirlerimizin y\u00fcksek kaliteli \u00fcretimini sa\u011flamak i\u00e7in en son teknolojiye sahip makinelerle donat\u0131lm\u0131\u015ft\u0131r.<\/p>\n<h3>Sat\u0131\u015f Sonras\u0131 Hizmet<\/h3>\n<p>M\u00fc\u015fterilerimizin hidrolik silindirlerinin kullan\u0131m \u00f6mr\u00fc boyunca ihtiya\u00e7 duyduklar\u0131 deste\u011fi almalar\u0131n\u0131 sa\u011flamak i\u00e7in kapsaml\u0131 bir sat\u0131\u015f sonras\u0131 hizmet sunuyoruz.<\/p>\n<h4>Yazar: lyl<\/h4>","protected":false},"excerpt":{"rendered":"<p>Bucket Cylinder For Caterpillar Small Excavator E302.4D Introduction A bucket cylinder is a specially designed hydraulic cylinder mainly used to control the movement of the bucket in heavy machinery such as excavators, backhoe loaders, and front loaders. Its main function is to enable the bucket to lift, lower and tilt to facilitate various material handling [&hellip;]<\/p>","protected":false},"featured_media":14773,"comment_status":"open","ping_status":"closed","template":"","meta":{"_et_pb_use_builder":"","_et_pb_old_content":"","_et_gb_content_width":""},"product_brand":[],"product_cat":[1494],"product_tag":[1495,1496],"class_list":{"0":"post-15201","1":"product","2":"type-product","3":"status-publish","4":"has-post-thumbnail","6":"product_cat-bucket-cylinders","7":"product_tag-bucket-cylinders","8":"product_tag-hydraulic-cylinders","10":"first","11":"instock","12":"shipping-taxable","13":"product-type-simple"},"amp_enabled":true,"_links":{"self":[{"href":"https:\/\/www.hydraulic-cylinders.net\/tr\/wp-json\/wp\/v2\/product\/15201","targetHints":{"allow":["GET"]}}],"collection":[{"href":"https:\/\/www.hydraulic-cylinders.net\/tr\/wp-json\/wp\/v2\/product"}],"about":[{"href":"https:\/\/www.hydraulic-cylinders.net\/tr\/wp-json\/wp\/v2\/types\/product"}],"replies":[{"embeddable":true,"href":"https:\/\/www.hydraulic-cylinders.net\/tr\/wp-json\/wp\/v2\/comments?post=15201"}],"wp:featuredmedia":[{"embeddable":true,"href":"https:\/\/www.hydraulic-cylinders.net\/tr\/wp-json\/wp\/v2\/media\/14773"}],"wp:attachment":[{"href":"https:\/\/www.hydraulic-cylinders.net\/tr\/wp-json\/wp\/v2\/media?parent=15201"}],"wp:term":[{"taxonomy":"product_brand","embeddable":true,"href":"https:\/\/www.hydraulic-cylinders.net\/tr\/wp-json\/wp\/v2\/product_brand?post=15201"},{"taxonomy":"product_cat","embeddable":true,"href":"https:\/\/www.hydraulic-cylinders.net\/tr\/wp-json\/wp\/v2\/product_cat?post=15201"},{"taxonomy":"product_tag","embeddable":true,"href":"https:\/\/www.hydraulic-cylinders.net\/tr\/wp-json\/wp\/v2\/product_tag?post=15201"}],"curies":[{"name":"wp","href":"https:\/\/api.w.org\/{rel}","templated":true}]}}