{"id":15202,"date":"2025-01-19T14:14:00","date_gmt":"2025-01-19T14:14:00","guid":{"rendered":"https:\/\/www.hydraulic-cylinders.net\/product\/bucket-cylinder-for-caterpillar-small-excavator-e305ecr\/"},"modified":"2025-01-19T14:14:02","modified_gmt":"2025-01-19T14:14:02","slug":"bucket-cylinder-for-caterpillar-small-excavator-e305ecr","status":"publish","type":"product","link":"https:\/\/www.hydraulic-cylinders.net\/tr\/urun\/bucket-cylinder-for-caterpillar-small-excavator-e305ecr\/","title":{"rendered":"Caterpillar E305ECR K\u00fc\u00e7\u00fck Ekskavat\u00f6r \u0130\u00e7in Kep\u00e7e Silindiri"},"content":{"rendered":"<h1>Caterpillar E305ECR K\u00fc\u00e7\u00fck Ekskavat\u00f6r \u0130\u00e7in Kep\u00e7e Silindiri<\/h1>\n<h2>girii\u015f<\/h2>\n<p>Caterpillar E305ECR k\u00fc\u00e7\u00fck ekskavat\u00f6r i\u00e7in kova silindiri, ekskavat\u00f6rler, kaz\u0131c\u0131 ekskavat\u00f6rler ve \u00f6n y\u00fckleyiciler gibi a\u011f\u0131r makinelerde kovalar\u0131n hareketlerini kontrol etmek i\u00e7in \u00f6zel olarak tasarlanm\u0131\u015f bir hidrolik silindirdir. Ana i\u015flevi, kovan\u0131n kald\u0131r\u0131lmas\u0131n\u0131, indirilmesini ve e\u011filmesini sa\u011flayarak \u00e7e\u015fitli malzeme ta\u015f\u0131ma g\u00f6revleri i\u00e7in uygun hale getirmektir. Hidrolik sistemlerde, kova silindirleri hidrolik ya\u011f\u0131n bas\u0131n\u00e7 de\u011fi\u015fiklikleri yoluyla kovan\u0131n hareketinin hassas kontrol\u00fcn\u00fc sa\u011flar ve operat\u00f6rlerin a\u011f\u0131r y\u00fckleri verimli bir \u015fekilde ta\u015f\u0131mas\u0131na ve karma\u015f\u0131k \u00e7al\u0131\u015fma ortamlar\u0131na ve \u00e7e\u015fitli operasyonel ihtiya\u00e7lara uyum sa\u011flamas\u0131na olanak tan\u0131r.<\/p>\n<p><img decoding=\"async\" src=\"https:\/\/www.hydraulic-cylinders.net\/wp-content\/uploads\/2025\/01\/songte-company-2.webp\" alt=\"Caterpillar E305ECR K\u00fc\u00e7\u00fck Ekskavat\u00f6r \u0130\u00e7in Kep\u00e7e Silindiri\"><\/p>\n<h2>\u00dcr\u00fcn \u00d6zellikleri<\/h2>\n<ul>\n<li>Y\u00fcksek mukavemet ve dayan\u0131kl\u0131l\u0131k: Y\u00fcksek mukavemetli \u00e7elik veya al\u00fcminyumdan \u00fcretilen bu \u00fcr\u00fcn, y\u00fcksek bas\u0131nca ve a\u011f\u0131r y\u00fcklere dayanabilir, zorlu \u00e7al\u0131\u015fma ortamlar\u0131na uyum sa\u011flayabilir ve kullan\u0131m \u00f6mr\u00fcn\u00fc uzatmak i\u00e7in a\u015f\u0131nma ve korozyon direncine sahip olacak \u015fekilde tasarlanm\u0131\u015ft\u0131r.<\/li>\n<li>Verimli hidrolik \u00e7al\u0131\u015fma: Hidrolik ya\u011f\u0131n bas\u0131nc\u0131n\u0131 kullanarak sorunsuz teleskopik hareket sa\u011flar, kontrol komutlar\u0131na h\u0131zl\u0131 yan\u0131t verir, g\u00fc\u00e7l\u00fc itme ve \u00e7ekme kuvveti sunar ve a\u011f\u0131r y\u00fcklerin ve karma\u015f\u0131k i\u015fletme g\u00f6revlerinin \u00fcstesinden gelmek i\u00e7in uygundur.<\/li>\n<li>\u00c7e\u015fitli tipler: \u00c7al\u0131\u015fma ihtiya\u00e7lar\u0131na g\u00f6re tek etkili (hidrolik sadece tek y\u00f6nde kullan\u0131l\u0131r) veya \u00e7ift etkili (hidrolik iki y\u00f6nde kullan\u0131l\u0131r) silindirler se\u00e7ilebilir. Baz\u0131 modeller teleskopiktir ve d\u0131\u015f boyutlar\u0131 art\u0131rmadan daha fazla uzatmaya olanak tan\u0131r, bu da s\u0131n\u0131rl\u0131 alan uygulamalar\u0131 i\u00e7in uygundur.<\/li>\n<li>De\u011fi\u015ftirilebilir: \u00dcr\u00fcn\u00fcm\u00fcz bu hidrolik silindirlerin yerini m\u00fckemmel \u015fekilde alabilir.<\/li>\n<\/ul>\n<p><img decoding=\"async\" src=\"https:\/\/www.hydraulic-cylinders.net\/wp-content\/uploads\/2025\/01\/songte-cylinder-head-with-all-kinds-excavator-models.webp\" alt=\"Caterpillar E305ECR K\u00fc\u00e7\u00fck Ekskavat\u00f6r \u0130\u00e7in Kep\u00e7e Silindiri\"><\/p>\n<h2>Uygulama Senaryolar\u0131<\/h2>\n<h3>\u0130n\u015faat Ekipmanlar\u0131<\/h3>\n<p>Ekskavat\u00f6rlerde, toprak veya moloz kazma, y\u00fckleme ve ta\u015f\u0131ma i\u015flemlerinde hayati \u00f6neme sahiptirler. Kaz\u0131c\u0131 ekskavat\u00f6rlerde, kep\u00e7e silindirleri hem kazma hem de kald\u0131rma i\u015flemlerine yard\u0131mc\u0131 olur. \u00d6n y\u00fckleyicilerde ise toprak, saman ve di\u011fer malzemeleri kep\u00e7elemek, kald\u0131rmak ve ta\u015f\u0131mak i\u00e7in kullan\u0131l\u0131rlar.<\/p>\n<h3>Tar\u0131m Makinalar\u0131<\/h3>\n<p>\u00d6n y\u00fckleyicilerde toprak, saman ve di\u011fer malzemeleri kep\u00e7eyle almak, kald\u0131rmak ve ta\u015f\u0131mak i\u00e7in kullan\u0131l\u0131r.<\/p>\n<h3>Ekskavat\u00f6rler<\/h3>\n<p>Kova silindirleri, kovan\u0131n topra\u011fa n\u00fcfuz etmesini sa\u011flayarak kazma eylemini ger\u00e7ekle\u015ftirir.<\/p>\n<h3>Y\u00fckleyiciler<\/h3>\n<p>\u00d6n y\u00fckleyicilerde, y\u00fck\u00fcn etkili bir \u015fekilde kald\u0131r\u0131lmas\u0131na ve bo\u015falt\u0131lmas\u0131na yard\u0131mc\u0131 olurlar.<\/p>\n<h2>Tasar\u0131m Hususlar\u0131 ve Se\u00e7im Kriterleri<\/h2>\n<p>Kova silindirleri a\u011f\u0131r y\u00fckleri ta\u015f\u0131yacak \u015fekilde tasarlanmal\u0131, s\u0131z\u0131nt\u0131y\u0131 \u00f6nlemek i\u00e7in s\u0131zd\u0131rmaz olmal\u0131 ve zorlu \u00e7al\u0131\u015fma ko\u015fullar\u0131na dayanacak kadar sa\u011flam olmal\u0131d\u0131r. Ayr\u0131ca g\u00fcvenli ve bak\u0131m\u0131 kolay olmal\u0131d\u0131r.<\/p>\n<h3>Ta\u015f\u0131ma Kapasitesi<\/h3>\n<p>Kep\u00e7e silindirleri, y\u00fcksek bas\u0131nca ve a\u011f\u0131r y\u00fcklere dayanacak \u015fekilde y\u00fcksek mukavemetli malzemelerden \u00fcretilir. Piston kolu da y\u00fcksek mukavemetli \u00e7elikten yap\u0131lmal\u0131d\u0131r.<\/p>\n<h3>S\u0131zd\u0131rmazl\u0131k<\/h3>\n<p>Hidrolik s\u0131v\u0131 s\u0131z\u0131nt\u0131lar\u0131n\u0131 \u00f6nlemek i\u00e7in piston contalar\u0131 ve mil contalar\u0131 gibi \u00e7e\u015fitli contalar kullan\u0131l\u0131r. A\u015f\u0131nmaya dayan\u0131kl\u0131l\u0131klar\u0131 nedeniyle contalarda genellikle poli\u00fcretan ve nitril kau\u00e7uk kullan\u0131l\u0131r. Silindir g\u00f6vdesi ve di\u015fli u\u00e7 y\u00fczeyi, a\u015f\u0131nma direncini art\u0131rmak i\u00e7in ince bir \u015fekilde i\u015flenir. A\u015f\u0131nmay\u0131 \u00f6nlemek ve sorunsuz \u00e7al\u0131\u015fmay\u0131 sa\u011flamak i\u00e7in d\u00fczenli ya\u011flama gereklidir.<\/p>\n<h3>Dayan\u0131kl\u0131l\u0131k<\/h3>\n<p>Kova silindirleri, zorlu \u00e7al\u0131\u015fma ko\u015fullar\u0131na dayanacak ve korozyona kar\u015f\u0131 diren\u00e7li olacak \u015fekilde tasarlanmal\u0131d\u0131r. Uzun hizmet \u00f6mr\u00fc sa\u011flamak i\u00e7in y\u00fcksek kaliteli malzemeler ve kaplamalar kullan\u0131lmal\u0131d\u0131r.<\/p>\n<h3>Emniyet<\/h3>\n<p>Kova silindirleri, operat\u00f6r g\u00fcvenli\u011fini sa\u011flayacak \u015fekilde tasarlanmal\u0131d\u0131r. A\u015f\u0131r\u0131 bas\u0131n\u00e7 ve a\u015f\u0131r\u0131 y\u00fcklenmeyi \u00f6nlemek i\u00e7in emniyet valfleri tak\u0131lmal\u0131d\u0131r.<\/p>\n<h3>Bak\u0131m<\/h3>\n<p>Kep\u00e7e silindirlerinin g\u00fcvenli ve verimli \u00e7al\u0131\u015fmas\u0131n\u0131 sa\u011flamak i\u00e7in d\u00fczenli denetim ve bak\u0131m gereklidir. Bu, s\u0131z\u0131nt\u0131lar\u0131n kontrol edilmesini, uygun ya\u011flaman\u0131n sa\u011flanmas\u0131n\u0131, a\u015f\u0131nm\u0131\u015f contalar\u0131n de\u011fi\u015ftirilmesini ve kalibrasyon kontrollerini i\u00e7erir.<\/p>\n<p><img decoding=\"async\" src=\"https:\/\/www.hydraulic-cylinders.net\/wp-content\/uploads\/2025\/01\/songte-oil-pipes-and-spare-parts.webp\" alt=\"Caterpillar E305ECR K\u00fc\u00e7\u00fck Ekskavat\u00f6r \u0130\u00e7in Kep\u00e7e Silindiri\"><\/p>\n<h2>Kurulum K\u0131lavuzu<\/h2>\n<p>Kova silindirinin montaj\u0131 i\u00e7in do\u011fru hizalama \u015fartt\u0131r. Silindiri yerine sabitlemek i\u00e7in uygun montaj braketlerinin kullan\u0131lmas\u0131 \u00f6nerilir. A\u015fa\u011f\u0131daki bak\u0131m i\u015flemleri \u00f6nerilir:<\/p>\n<ul>\n<li>D\u00fczenli denetim<\/li>\n<li>Uygun ya\u011flama<\/li>\n<li>Conta de\u011fi\u015fimi<\/li>\n<li>Kalibrasyon kontrolleri<\/li>\n<\/ul>\n<p><img decoding=\"async\" src=\"https:\/\/www.hydraulic-cylinders.net\/wp-content\/uploads\/2025\/01\/songte-chushion-collar.webp\" alt=\"Caterpillar E305ECR K\u00fc\u00e7\u00fck Ekskavat\u00f6r \u0130\u00e7in Kep\u00e7e Silindiri\"><\/p>\n<h2>G\u00fcvenlik ve \u00c7evresel Hususlar<\/h2>\n<p>Kova silindirleri kullan\u0131l\u0131rken, kazalar\u0131 ve yaralanmalar\u0131 \u00f6nlemek i\u00e7in g\u00fcvenlik \u00f6nlemlerine uymak \u015fartt\u0131r. Silindirin do\u011fru kullan\u0131m\u0131 ve bak\u0131m\u0131, \u00e7evresel hasar\u0131 \u00f6nleyebilir ve silindirin \u00f6mr\u00fcn\u00fc uzatabilir.<\/p>\n<h2>Sorun Giderme ve Yayg\u0131n Sorunlar<\/h2>\n<p>Kova silindirlerinde sorun ya\u015fanmas\u0131 gecikmelere ve g\u00fcvenlik endi\u015felerine yol a\u00e7abilir. En yayg\u0131n sorunlar aras\u0131nda s\u0131z\u0131nt\u0131lar, silindir kaymas\u0131 ve d\u00fc\u015f\u00fck performans yer al\u0131r. D\u00fczenli inceleme ve bak\u0131m bu sorunlar\u0131n \u00f6nlenmesine yard\u0131mc\u0131 olabilir.<\/p>\n<h2>\u015eirketimiz Hakk\u0131nda<\/h2>\n<p>Yurti\u00e7i ve yurtd\u0131\u015f\u0131 pazarlarda hidrolik silindirlerin \u00f6nde gelen \u00fcreticisi ve toptan da\u011f\u0131t\u0131c\u0131s\u0131y\u0131z. \u00dcretim m\u00fckemmelli\u011fi stratejisini benimseyerek, ince ayarlanm\u0131\u015f end\u00fcstriyel \u00fcretim y\u00f6netim stratejilerine, teknolojik yetene\u011fe, dijital \u00fcst d\u00fczey \u00fcretim ekipmanlar\u0131na ve profesyonel test sistemlerine dayanarak \u00fcretim platformumuzu s\u00fcrekli geli\u015ftiriyoruz. M\u00fc\u015fterilerimizin \u00e7e\u015fitli ihtiya\u00e7lar\u0131n\u0131 kar\u015f\u0131layan ve operasyonel verimliliklerini art\u0131ran y\u00fcksek kaliteli \u00fcr\u00fcnler sunuyoruz. \u00d6zel ihtiya\u00e7lar\u0131n\u0131 kar\u015f\u0131lamak i\u00e7in profesyonel hizmetler ve \u00f6zelle\u015ftirilmi\u015f \u00e7\u00f6z\u00fcmler sunuyoruz.<\/p>\n<ul>\n<li>Profesyonellik<\/li>\n<li>Uluslararas\u0131 Sertifikasyon<\/li>\n<li>\u00d6zelle\u015ftirilmi\u015f Hizmetler<\/li>\n<li>\u00dcretim Ekipmanlar\u0131<\/li>\n<li>Sat\u0131\u015f Sonras\u0131 Hizmetler<\/li>\n<\/ul>\n<p><img decoding=\"async\" src=\"https:\/\/hzpt.com\/wp-content\/uploads\/2024\/11\/songte-company-1.webp\" alt=\"Caterpillar E305ECR K\u00fc\u00e7\u00fck Ekskavat\u00f6r \u0130\u00e7in Kep\u00e7e Silindiri\"><\/p>\n<p>Yazar: lyl.<\/p>","protected":false},"excerpt":{"rendered":"<p>Bucket Cylinder For Caterpillar Small Excavator E305ECR Introduction A bucket cylinder for Caterpillar small excavator E305ECR is a specially designed hydraulic cylinder used to control the movements of buckets in heavy machinery such as excavators, backhoe excavators, and front-end loaders. Its main function is to enable the bucket to lift, lower, and tilt, making it [&hellip;]<\/p>","protected":false},"featured_media":14771,"comment_status":"open","ping_status":"closed","template":"","meta":{"_et_pb_use_builder":"","_et_pb_old_content":"","_et_gb_content_width":""},"product_brand":[],"product_cat":[1494],"product_tag":[1495,1496],"class_list":{"0":"post-15202","1":"product","2":"type-product","3":"status-publish","4":"has-post-thumbnail","6":"product_cat-bucket-cylinders","7":"product_tag-bucket-cylinders","8":"product_tag-hydraulic-cylinders","10":"first","11":"instock","12":"shipping-taxable","13":"product-type-simple"},"amp_enabled":true,"_links":{"self":[{"href":"https:\/\/www.hydraulic-cylinders.net\/tr\/wp-json\/wp\/v2\/product\/15202","targetHints":{"allow":["GET"]}}],"collection":[{"href":"https:\/\/www.hydraulic-cylinders.net\/tr\/wp-json\/wp\/v2\/product"}],"about":[{"href":"https:\/\/www.hydraulic-cylinders.net\/tr\/wp-json\/wp\/v2\/types\/product"}],"replies":[{"embeddable":true,"href":"https:\/\/www.hydraulic-cylinders.net\/tr\/wp-json\/wp\/v2\/comments?post=15202"}],"wp:featuredmedia":[{"embeddable":true,"href":"https:\/\/www.hydraulic-cylinders.net\/tr\/wp-json\/wp\/v2\/media\/14771"}],"wp:attachment":[{"href":"https:\/\/www.hydraulic-cylinders.net\/tr\/wp-json\/wp\/v2\/media?parent=15202"}],"wp:term":[{"taxonomy":"product_brand","embeddable":true,"href":"https:\/\/www.hydraulic-cylinders.net\/tr\/wp-json\/wp\/v2\/product_brand?post=15202"},{"taxonomy":"product_cat","embeddable":true,"href":"https:\/\/www.hydraulic-cylinders.net\/tr\/wp-json\/wp\/v2\/product_cat?post=15202"},{"taxonomy":"product_tag","embeddable":true,"href":"https:\/\/www.hydraulic-cylinders.net\/tr\/wp-json\/wp\/v2\/product_tag?post=15202"}],"curies":[{"name":"wp","href":"https:\/\/api.w.org\/{rel}","templated":true}]}}