{"id":15210,"date":"2025-01-19T14:14:32","date_gmt":"2025-01-19T14:14:32","guid":{"rendered":"https:\/\/www.hydraulic-cylinders.net\/product\/bucket-cylinder-for-caterpillar-small-excavator-e312d2gc\/"},"modified":"2025-01-19T14:14:34","modified_gmt":"2025-01-19T14:14:34","slug":"bucket-cylinder-for-caterpillar-small-excavator-e312d2gc","status":"publish","type":"product","link":"https:\/\/www.hydraulic-cylinders.net\/tr\/urun\/bucket-cylinder-for-caterpillar-small-excavator-e312d2gc\/","title":{"rendered":"Caterpillar K\u00fc\u00e7\u00fck Ekskavat\u00f6r E312D2GC i\u00e7in Kova Silindiri"},"content":{"rendered":"<h1>Caterpillar K\u00fc\u00e7\u00fck Ekskavat\u00f6r E312D2GC i\u00e7in Kova Silindiri<\/h1>\n<h2>girii\u015f<\/h2>\n<p>Kep\u00e7e silindiri, di\u011fer ad\u0131yla hidrolik silindir, ekskavat\u00f6rler, kaz\u0131c\u0131lar ve y\u00fckleyiciler gibi a\u011f\u0131r makinelerde kep\u00e7enin hareketini kontrol etmek i\u00e7in kullan\u0131lan \u00f6zel bir hidrolik pistondur. Ba\u015fl\u0131ca i\u015flevi, kep\u00e7enin kald\u0131r\u0131lmas\u0131n\u0131, indirilmesini ve e\u011filmesini sa\u011flayarak \u00e7e\u015fitli malzemelerin ta\u015f\u0131nmas\u0131n\u0131 kolayla\u015ft\u0131rmakt\u0131r. Hidrolik sistemde, kep\u00e7e silindiri hidrolik ya\u011f bas\u0131nc\u0131n\u0131 de\u011fi\u015ftirerek kep\u00e7enin hareketini hassas bir \u015fekilde kontrol eder ve operat\u00f6rlerin a\u011f\u0131r nesneleri verimli bir \u015fekilde ta\u015f\u0131mas\u0131na, karma\u015f\u0131k \u00e7al\u0131\u015fma ortamlar\u0131na ve \u00e7e\u015fitli operasyonel ihtiya\u00e7lara uyum sa\u011flamas\u0131na olanak tan\u0131r.<\/p>\n<p><img decoding=\"async\" src=\"https:\/\/www.hydraulic-cylinders.net\/wp-content\/uploads\/2025\/01\/songte-company-2.webp\" alt=\"Kova Silindiri G\u00f6r\u00fcnt\u00fcs\u00fc\"><\/p>\n<h2>\u00d6zellikler<\/h2>\n<ul>\n<li>\n<h3>Y\u00fcksek G\u00fc\u00e7 ve Dayan\u0131kl\u0131l\u0131k<\/h3>\n<p>Kova silindirleri genellikle y\u00fcksek bas\u0131nca ve a\u011f\u0131r y\u00fcklere dayanabilen, bu nedenle zorlu \u00e7al\u0131\u015fma ortamlar\u0131 i\u00e7in uygun olan y\u00fcksek mukavemetli \u00e7elik veya al\u00fcminyumdan yap\u0131l\u0131r. Tasar\u0131mda ayr\u0131ca a\u015f\u0131nma direnci ve korozyon direnci de dikkate al\u0131narak kullan\u0131m \u00f6mr\u00fc uzat\u0131l\u0131r.<\/p>\n<\/li>\n<li>\n<h3>Verimli Hidrolik \u00c7al\u0131\u015fma<\/h3>\n<p>Kova silindiri, hidrolik ya\u011f\u0131n bas\u0131nc\u0131n\u0131 kullanarak d\u00fczg\u00fcn genle\u015fme ve b\u00fcz\u00fclme hareketleri ger\u00e7ekle\u015ftirir, kontrol komutlar\u0131na h\u0131zl\u0131 yan\u0131t verir ve g\u00fc\u00e7l\u00fc itme ve \u00e7ekme kuvvetleri sa\u011flar; bu da onu a\u011f\u0131r nesnelerin ve karma\u015f\u0131k i\u015f g\u00f6revlerinin ta\u015f\u0131nmas\u0131 i\u00e7in uygun hale getirir.<\/p>\n<\/li>\n<li>\n<h3>\u00c7e\u015fitli Tipler<\/h3>\n<p>Kova silindirleri, farkl\u0131 \u00e7al\u0131\u015fma gereksinimlerini kar\u015f\u0131lamak \u00fczere, tek etkili (hidrolik yaln\u0131zca tek y\u00f6nde kullan\u0131l\u0131r) veya \u00e7ift etkili (hidrolik her iki y\u00f6nde de kullan\u0131l\u0131r) silindirler dahil olmak \u00fczere, ihtiya\u00e7lara g\u00f6re se\u00e7ilebilir. Baz\u0131 modeller teleskopiktir ve d\u0131\u015f boyutlar\u0131 art\u0131rmadan daha fazla uzatmaya olanak tan\u0131yarak, s\u0131n\u0131rl\u0131 alan uygulamalar\u0131 i\u00e7in uygun hale gelirler.<\/p>\n<\/li>\n<li>\n<h3>\u00dcr\u00fcn De\u011fi\u015fimi<\/h3>\n<p>\u00dcr\u00fcnlerimiz, \u00e7e\u015fitli marka, model ve boyutlardaki hidrolik silindirlerin yerini m\u00fckemmel \u015fekilde alabilir.<\/p>\n<\/li>\n<li>\n<h3>Uygulamalar<\/h3>\n<p>Kova silindirleri, a\u015fa\u011f\u0131dakiler de dahil olmak \u00fczere \u00e7e\u015fitli a\u011f\u0131r makinelerde yayg\u0131n olarak kullan\u0131l\u0131r:<\/p>\n<ul>\n<li>\u0130n\u015faat Ekipmanlar\u0131: Ekskavat\u00f6rlerde, toprak veya moloz kazma, y\u00fckleme ve ta\u015f\u0131ma i\u015flemlerinde hayati \u00f6neme sahiptirler. Kaz\u0131c\u0131 makinelerde ise kova silindiri kazma ve kald\u0131rma i\u015flemlerine yard\u0131mc\u0131 olur. <\/li>\n<li>Tar\u0131m Makinalar\u0131: \u00d6n y\u00fckleyicilerde toprak, saman ve di\u011fer malzemeleri kep\u00e7elemek, kald\u0131rmak ve ta\u015f\u0131mak i\u00e7in kullan\u0131l\u0131r. <\/li>\n<li>Ekskavat\u00f6rler: Kep\u00e7e silindiri, kep\u00e7enin topra\u011fa n\u00fcfuz etmesini sa\u011flar. <\/li>\n<li>\u00d6n y\u00fckleyiciler: Y\u00fcklerin etkili bir \u015fekilde kald\u0131r\u0131lmas\u0131na ve devrilmesine yard\u0131mc\u0131 olurlar.<\/li>\n<\/ul>\n<\/li>\n<\/ul>\n<h2>Tasar\u0131m Hususlar\u0131 ve Se\u00e7im Kriterleri<\/h2>\n<p>Kova silindirinin tasar\u0131m\u0131 ve se\u00e7imi \u00e7e\u015fitli fakt\u00f6rleri dikkate al\u0131r; bunlar aras\u0131nda \u015funlar yer al\u0131r:<\/p>\n<ul>\n<li>\n<h3>Y\u00fck Ta\u015f\u0131ma Kapasitesi<\/h3>\n<p>Silindirin a\u011f\u0131r y\u00fckleri ve y\u00fcksek bas\u0131nc\u0131 kald\u0131rabilecek yeterli mukavemete sahip olmas\u0131 gerekir. <\/p>\n<\/li>\n<li>\n<h3>S\u0131zd\u0131rmazl\u0131k ve Dayan\u0131kl\u0131l\u0131k<\/h3>\n<p>Silindirin kullan\u0131m \u00f6mr\u00fcn\u00fc uzatmak i\u00e7in y\u00fcksek kaliteli contalara ve a\u015f\u0131nmaya ve korozyona dayan\u0131kl\u0131 malzemelere sahip olmas\u0131 gerekir. <\/p>\n<\/li>\n<li>\n<h3>G\u00fcvenlik ve Bak\u0131m<\/h3>\n<p>Silindir, g\u00fcvenlik \u00f6zellikleri ve kolay bak\u0131m g\u00f6z \u00f6n\u00fcnde bulundurularak tasarlanmal\u0131, operat\u00f6rlerin par\u00e7alar\u0131 kolayca ve g\u00fcvenli bir \u015fekilde kontrol etmesine, onarmas\u0131na ve de\u011fi\u015ftirmesine olanak sa\u011flamal\u0131d\u0131r. <\/p>\n<\/li>\n<\/ul>\n<p><img decoding=\"async\" src=\"https:\/\/www.hydraulic-cylinders.net\/wp-content\/uploads\/2025\/01\/songte-oil-pipes-and-spare-parts.webp\" alt=\"Hidrolik Silindir Par\u00e7alar\u0131 G\u00f6rseli\"><\/p>\n<h2>S\u0131zd\u0131rmazl\u0131k ve Ya\u011flama<\/h2>\n<p>Kova silindiri, poli\u00fcretan ve nitril kau\u00e7uk gibi a\u015f\u0131nmaya dayan\u0131kl\u0131 malzemelerden yap\u0131lm\u0131\u015f piston contalar\u0131, mil contalar\u0131 ve silecek contalar\u0131 dahil olmak \u00fczere \u00e7e\u015fitli contalar kullan\u0131r. Silindir g\u00f6vdesi ve di\u015fleri, a\u015f\u0131nma direncini art\u0131rmak i\u00e7in ince i\u015fleme tabi tutulur. Ya\u011flama i\u00e7in d\u00fczenli olarak hidrolik ya\u011f eklenmesi gereklidir.<\/p>\n<p><img decoding=\"async\" src=\"https:\/\/www.hydraulic-cylinders.net\/wp-content\/uploads\/2025\/01\/songte-chushion-collar.webp\" alt=\"Hidrolik Silindir Par\u00e7alar\u0131 G\u00f6rseli\"><\/p>\n<h2>Bak\u0131m ve Onar\u0131m<\/h2>\n<p>Kep\u00e7e silindirinin \u00f6mr\u00fcn\u00fc uzatmak ve g\u00fcvenli \u00e7al\u0131\u015fmas\u0131n\u0131 sa\u011flamak i\u00e7in d\u00fczenli bak\u0131m ve onar\u0131m \u015fartt\u0131r. Yayg\u0131n bak\u0131m g\u00f6revleri \u015funlard\u0131r:<\/p>\n<ul>\n<li>D\u00fczenli denetim<\/li>\n<li>Uygun ya\u011flama<\/li>\n<li>Conta de\u011fi\u015fimi<\/li>\n<li>Kalibrasyon kontrol\u00fc<\/li>\n<\/ul>\n<p>G\u00fcvenli ve verimli \u00e7al\u0131\u015fma i\u00e7in do\u011fru montaj, ya\u011flama ve ayarlama \u00e7ok \u00f6nemlidir. Silindirin do\u011fru \u015fekilde hizalanmas\u0131n\u0131, silindiri sabitlemek i\u00e7in uygun montaj braketlerinin kullan\u0131lmas\u0131n\u0131 ve \u00f6nerilen inceleme, onar\u0131m ve de\u011fi\u015ftirme prosed\u00fcrlerinin izlenmesini tavsiye ederiz.<\/p>\n<p><img decoding=\"async\" src=\"https:\/\/www.hydraulic-cylinders.net\/wp-content\/uploads\/2025\/01\/songte-bushings-with-all-kinds-of-excavator-models.webp\" alt=\"Hidrolik Silindir Par\u00e7alar\u0131 G\u00f6rseli\"><\/p>\n<h2>G\u00fcvenlik Hususlar\u0131 ve \u00c7evresel Fakt\u00f6rler<\/h2>\n<p>Kova silindirini \u00e7al\u0131\u015ft\u0131r\u0131rken g\u00fcvenlik \u00f6nlemleri kritik bir rol oynar. Operat\u00f6rler g\u00fcvenli \u00e7al\u0131\u015fma prosed\u00fcrlerini takip etmeli, uygun g\u00fcvenlik y\u00f6nergelerine uymal\u0131 ve uygun ki\u015fisel koruyucu ekipman giymelidir. Ayr\u0131ca \u00e7evresel fakt\u00f6rleri de g\u00f6z \u00f6n\u00fcnde bulunduruyor ve \u00fcretim s\u00fcre\u00e7lerimizde at\u0131k, kirlilik ve enerji t\u00fcketimini azaltmaya \u00e7al\u0131\u015f\u0131yoruz.<\/p>\n<h2>Ar\u0131za Te\u015fhisi ve Yayg\u0131n Sorunlar<\/h2>\n<p>Kep\u00e7e silindirinde, s\u0131zd\u0131rmazl\u0131k ka\u00e7a\u011f\u0131, yetersiz ya\u011f bas\u0131nc\u0131 ve azalm\u0131\u015f ta\u015f\u0131ma kapasitesi gibi \u00e7e\u015fitli ar\u0131zalar meydana gelebilir. Yayg\u0131n sorunlar aras\u0131nda a\u015f\u0131nma, korozyon ve i\u00e7 bile\u015fenlerde hasar bulunur. Daha fazla hasar\u0131 \u00f6nlemek ve g\u00fcvenli \u00e7al\u0131\u015fmay\u0131 sa\u011flamak i\u00e7in do\u011fru te\u015fhis ve h\u0131zl\u0131 onar\u0131m gereklidir.<\/p>\n<p><img decoding=\"async\" src=\"https:\/\/hzpt.com\/wp-content\/uploads\/2024\/11\/songte-company-1.webp\" alt=\"Hidrolik Silindir Par\u00e7alar\u0131 G\u00f6rseli\"><\/p>\n<h2>Hakk\u0131m\u0131zda<\/h2>\n<p>\u00d6nde gelen bir hidrolik silindir \u00fcreticisi ve toptan da\u011f\u0131t\u0131mc\u0131s\u0131 olarak, yerel ve uluslararas\u0131 pazarlara \u00e7e\u015fitli \u00fcr\u00fcnler sunuyoruz. M\u00fckemmel kaliteyi hedefliyor ve hassas \u00fcretim at\u00f6lyelerimizde end\u00fcstriyel \u00fcretim y\u00f6netim stratejilerine g\u00fcveniyoruz. \u00dcr\u00fcnlerimiz, en son teknoloji, \u00fcst d\u00fczey \u00fcretim ekipmanlar\u0131 ve profesyonel denetim sistemleri kullan\u0131larak \u00fcretilmekte olup, bu sayede \u00e7e\u015fitli m\u00fc\u015fteri ihtiya\u00e7lar\u0131n\u0131 verimli ve do\u011fru bir \u015fekilde kar\u015f\u0131layabiliyoruz.<\/p>\n<p>\u00d6zelle\u015ftirilmi\u015f hizmetler, geli\u015fmi\u015f \u00fcretim ekipmanlar\u0131 ve g\u00fcvenilir sat\u0131\u015f sonras\u0131 hizmetler sunuyoruz. \u015eirketimiz uluslararas\u0131 sertifikalara sahiptir ve d\u00fcnya \u00e7ap\u0131nda \u00f6nde gelen hidrolik silindir \u00fcreticisi olarak tan\u0131nm\u0131\u015ft\u0131r. <\/p>\n<p><img decoding=\"async\" src=\"https:\/\/www.hydraulic-cylinders.net\/wp-content\/uploads\/2025\/01\/songte-company-3.webp\" alt=\"\u015eirket \u0130maj\u0131\"><\/p>\n<p>Yazar: lyl<\/p>","protected":false},"excerpt":{"rendered":"<p>Bucket Cylinder For Caterpillar Small Excavator E312D2GC Introduction The bucket cylinder, also known as the hydraulic cylinder, is a specialized hydraulic ram used to control the movement of the bucket in heavy machinery such as excavators, backhoes, and loaders. Its primary function is to enable the bucket to lift, lower, and tilt, making it easier [&hellip;]<\/p>","protected":false},"featured_media":14785,"comment_status":"open","ping_status":"closed","template":"","meta":{"_et_pb_use_builder":"","_et_pb_old_content":"","_et_gb_content_width":""},"product_brand":[],"product_cat":[1494],"product_tag":[1495,1496],"class_list":{"0":"post-15210","1":"product","2":"type-product","3":"status-publish","4":"has-post-thumbnail","6":"product_cat-bucket-cylinders","7":"product_tag-bucket-cylinders","8":"product_tag-hydraulic-cylinders","10":"first","11":"instock","12":"shipping-taxable","13":"product-type-simple"},"amp_enabled":true,"_links":{"self":[{"href":"https:\/\/www.hydraulic-cylinders.net\/tr\/wp-json\/wp\/v2\/product\/15210","targetHints":{"allow":["GET"]}}],"collection":[{"href":"https:\/\/www.hydraulic-cylinders.net\/tr\/wp-json\/wp\/v2\/product"}],"about":[{"href":"https:\/\/www.hydraulic-cylinders.net\/tr\/wp-json\/wp\/v2\/types\/product"}],"replies":[{"embeddable":true,"href":"https:\/\/www.hydraulic-cylinders.net\/tr\/wp-json\/wp\/v2\/comments?post=15210"}],"wp:featuredmedia":[{"embeddable":true,"href":"https:\/\/www.hydraulic-cylinders.net\/tr\/wp-json\/wp\/v2\/media\/14785"}],"wp:attachment":[{"href":"https:\/\/www.hydraulic-cylinders.net\/tr\/wp-json\/wp\/v2\/media?parent=15210"}],"wp:term":[{"taxonomy":"product_brand","embeddable":true,"href":"https:\/\/www.hydraulic-cylinders.net\/tr\/wp-json\/wp\/v2\/product_brand?post=15210"},{"taxonomy":"product_cat","embeddable":true,"href":"https:\/\/www.hydraulic-cylinders.net\/tr\/wp-json\/wp\/v2\/product_cat?post=15210"},{"taxonomy":"product_tag","embeddable":true,"href":"https:\/\/www.hydraulic-cylinders.net\/tr\/wp-json\/wp\/v2\/product_tag?post=15210"}],"curies":[{"name":"wp","href":"https:\/\/api.w.org\/{rel}","templated":true}]}}